{"id":1551,"date":"2024-08-27T05:39:01","date_gmt":"2024-08-26T22:39:01","guid":{"rendered":"https:\/\/omanivietnam.com\/?post_type=product&#038;p=1551"},"modified":"2024-08-27T05:39:01","modified_gmt":"2024-08-26T22:39:01","slug":"guangling-mve-700-3","status":"publish","type":"product","link":"https:\/\/omanivietnam.com\/index.php\/san-pham\/guangling-mve-700-3\/","title":{"rendered":"GUANGLING MVE 700\/3"},"content":{"rendered":"<p>GUANGLING MVE 700\/3<\/p>\n<p>Motor Rung &#8211; Model: MVE 700\/3<\/p>\n<p>&#8211; V\u00f2ng Tua: 2P &#8211; 3000 rpm<\/p>\n<p>&#8211; C\u00f4ng su\u1ea5t: 660W<\/p>\n<p>&#8211; L\u1ef1c Rung Ly T\u00e2m: 758\u00a0Kg<\/p>\n<p>&#8211; \u0110i\u1ec7n \u00c1p: 220V\/380V &#8211; 3 Phase<\/p>\n<p>Thi\u1ebft b\u1ecb rung \u0111i\u1ec7n d\u00e0nh cho c\u00e1c \u1ee9ng d\u1ee5ng chung trong c\u00e1c l\u0129nh v\u1ef1c c\u00f4ng nghi\u1ec7p kh\u00e1c nhau tr\u00ean m\u00e1y v\u00e0 b\u00e0n rung.<\/p>\n<p>C\u00f3 d\u00f2ng 2, 4, 6 v\u00e0 8 c\u1ef1c, c\u0169ng nh\u01b0 d\u00f2ng \u0111i\u1ec7n m\u1ed9t chi\u1ec1u v\u1edbi c\u00e1c \u0111i\u1ec7n \u00e1p kh\u00e1c nhau, n\u00ean s\u1ea3n ph\u1ea9m n\u00e0y ph\u00f9 h\u1ee3p \u0111\u1ec3 s\u1eed d\u1ee5ng v\u1edbi bi\u1ebfn t\u1ea7n (b\u1ed9 bi\u1ebfn t\u1ea7n) v\u00e0 c\u00f3 l\u1ef1c ly t\u00e2m t\u1eeb 20 \u0111\u1ebfn 30.000 kg, c\u00f3 th\u1ec3 \u0111i\u1ec1u ch\u1ec9nh \u0111\u1ed1i v\u1edbi t\u1eebng m\u1eabu m\u00e1y.<\/p>\n<p>C\u00e1c \u1ee9ng d\u1ee5ng<\/p>\n<p>M\u00e1y rung th\u00f4ng th\u01b0\u1eddng. S\u00e0ng rung, b\u0103ng t\u1ea3i v\u00e0 b\u1ed9 chi\u1ebft rung, b\u00e0n n\u00e9n, m\u00e1y \u0111\u00e0o \u0111\u00fac, t\u1ea7ng s\u00f4i, thang m\u00e1y xo\u1eafn \u1ed1c<\/p>\n<p><strong><em><u>\u0110\u1eb7c \u0111i\u1ec3m<\/u><\/em><\/strong><\/p>\n<ul>\n<li>L\u1ef1c ly t\u00e2m: 20 ~ 26.000 kg<\/li>\n<li>\u0110i\u1ec7n \u00e1p 12 v\u00e0 24 VDC, t\u1eeb 220 \u0111\u1ebfn 690VAC<\/li>\n<li>Cu\u1ed9n d\u00e2y \u0111\u01b0\u1ee3c tr\u00e1ng trong ch\u00e2n kh\u00f4ng b\u1eb1ng v\u1eadt li\u1ec7u c\u00e1ch \u0111i\u1ec7n lo\u1ea1i F<\/li>\n<li>Thi\u1ebft k\u1ebf v\u00e0 c\u00e1c th\u00e0nh ph\u1ea7n \u0111\u01b0\u1ee3c t\u1ed1i \u01b0u h\u00f3a cho c\u00e1c \u1ee9ng d\u1ee5ng \u0111\u00f2i h\u1ecfi kh\u1eaft khe.<\/li>\n<\/ul>\n<p><strong><em><u>\u01afu \u0111i\u1ec3m<\/u><\/em><\/strong><\/p>\n<ul>\n<li>M\u1ee1 b\u00f4i tr\u01a1n k\u00e9o d\u00e0i tu\u1ed5i th\u1ecd = Kh\u00f4ng c\u1ea7n b\u1ea3o tr\u00ec *<\/li>\n<li>Nhi\u1ec1u lo\u1ea1i l\u1ef1c ly t\u00e2m d\u00e0nh cho t\u1ea5t c\u1ea3 c\u00e1c \u1ee9ng d\u1ee5ng<\/li>\n<li>\u0110i\u1ec7n \u00e1p kh\u00e1c nhau c\u00f3 th\u1ec3 s\u1eed d\u1ee5ng cho c\u00e1c \u1ee9ng d\u1ee5ng to\u00e0n c\u1ea7u<\/li>\n<li>\u0110\u1ed1i v\u1edbi c\u00e1c \u1ee9ng d\u1ee5ng \u0111\u1eb7c bi\u1ec7t, h\u00e3y li\u00ean h\u1ec7 v\u1edbi d\u1ecbch v\u1ee5 k\u1ef9 thu\u1eadt c\u1ee7a ch\u00fang t\u00f4i<\/li>\n<\/ul>\n<p><strong><em><u>S\u1ed1 C\u1ef1c (Poles) t\u00f9y ch\u1ecdn<\/u><\/em><\/strong><\/p>\n<ul>\n<li>2, 4, 6, 8 c\u1ef1c, ba pha<\/li>\n<li>2 c\u1ef1c m\u1ed9t pha<\/li>\n<li>D\u00f2ng \u0111i\u1ec7n m\u1ed9t chi\u1ec1u<\/li>\n<\/ul>\n<p>\u0110i\u1ec1u ki\u1ec7n s\u1eed d\u1ee5ng \u0111\u1ed9ng c\u01a1 rung MVE<\/p>\n<p>\u0110i\u1ec7n \u00e1p \u0111\u1ecbnh m\u1ee9c: 380V (ba pha) 220V (m\u1ed9t pha) (c\u00f3 s\u1eb5n 230\/400V, 230\/460V)<\/p>\n<p><strong><em><u>Th\u00f4ng S\u1ed1 K\u1ef9 Thu\u1eadt<\/u><\/em><\/strong><\/p>\n<ul>\n<li>\u0110i\u1ec7n \u00e1p m\u1ed9t chi\u1ec1u: 12V &#8211; 24V &#8211; 220V<\/li>\n<li>T\u1ea7n s\u1ed1 \u0111\u1ecbnh m\u1ee9c: 50HZ (c\u0169ng c\u00f3 s\u1eb5n 60HZ)<\/li>\n<li>C\u1ea5p c\u00e1ch \u0111i\u1ec7n: C\u1ea5p ch\u00ednh H, khoang \u0111\u1ea5u d\u00e2y c\u1ea5p F<\/li>\n<li>C\u1ea5p \u0111\u1ed9 b\u1ea3o v\u1ec7: IP66<\/li>\n<li>Gi\u1edd l\u00e0m vi\u1ec7c: Li\u00ean t\u1ee5c (S1)<\/li>\n<li>Ph\u1ea1m vi \u0111i\u1ec1u ch\u1ec9nh l\u1ef1c k\u00edch th\u00edch: 0\u2014t\u1ed1i \u0111a<\/li>\n<li>L\u1ef1c k\u00edch th\u00edch: m\u1ed9t pha 0-800kg<\/li>\n<li>Ba Phase\u00a00&#8212;13000kg<\/li>\n<\/ul>\n<p><strong><em><u>Ph\u1ee5 t\u00f9ng<\/u><\/em><\/strong><\/p>\n<p>PTC ti\u00eau chu\u1ea9n t\u1eeb k\u00edch th\u01b0\u1edbc 60 (c\u00f3 th\u1ec3 cung c\u1ea5p theo y\u00eau c\u1ea7u \u0111\u1ed1i v\u1edbi k\u00edch th\u01b0\u1edbc nh\u1ecf h\u01a1n)<\/p>\n<p>N\u1eafp chia \u0111\u00f4i \u0111\u1ec3 \u0111i\u1ec1u ch\u1ec9nh kh\u1ed1i l\u01b0\u1ee3ng nhanh \u2013 theo y\u00eau c\u1ea7u t\u1eeb c\u1ee1 60<\/p>\n<p>V\u1ecf inox theo y\u00eau c\u1ea7u t\u1eeb size 23<\/p>\n<p>S\u01a1n ch\u1ed1ng \u0103n m\u00f2n d\u00e0nh cho c\u00e1c \u1ee9ng d\u1ee5ng \u201cth\u1ef1c ph\u1ea9m\u201d<\/p>\n<p>Tr\u1ee5c \u0111\u1ed9ng c\u01a1 k\u00e9o d\u00e0i \u0111\u1ec3 \u0111\u1ea5u n\u1ed1i nhi\u1ec1u thi\u1ebft b\u1ecb b\u1eb1ng kh\u1edbp n\u1ed1i c\u01a1 kh\u00ed<\/p>\n<p>&nbsp;<\/p>\n<p><strong><em><u>H\u01b0\u1edbng d\u1eabn \u0111\u1eb7t h\u00e0ng \u0111\u1ed9ng c\u01a1 rung<\/u><\/em><\/strong><\/p>\n<p>(1) N\u00eau r\u00f5 th\u00f4ng s\u1ed1 k\u1ef9 thu\u1eadt, c\u00f4ng su\u1ea5t, l\u1ef1c k\u00edch th\u00edch, s\u1ed1 c\u1ef1c v\u00e0 s\u1ed1 l\u01b0\u1ee3ng s\u1ea3n ph\u1ea9m y\u00eau c\u1ea7u.<\/p>\n<p>(2) S\u01a1n b\u1ec1 m\u1eb7t c\u00f3 y\u00eau c\u1ea7u \u0111\u1eb7c bi\u1ec7t n\u00e0o kh\u00f4ng?<\/p>\n<p>(3) C\u00f3 y\u00eau c\u1ea7u \u0111\u1eb7c bi\u1ec7t n\u00e0o \u0111\u1ed1i v\u1edbi d\u00e2y d\u1eabn \u0111\u1ed9ng c\u01a1 kh\u00f4ng?<\/p>\n<p>(4) \u0110\u1ed9ng c\u01a1 rung c\u00f3 c\u00e1c th\u00f4ng s\u1ed1 \u0111\u1eb7c bi\u1ec7t c\u00f3 th\u1ec3 \u0111\u01b0\u1ee3c t\u00f9y ch\u1ec9nh, ch\u1eb3ng h\u1ea1n nh\u01b0 \u0111i\u1ec7n \u00e1p \u0111\u1eb7c bi\u1ec7t, k\u00edch th\u01b0\u1edbc l\u1eafp \u0111\u1eb7t \u0111\u1eb7c bi\u1ec7t, v.v.<\/p>\n<p><img decoding=\"async\" src=\"https:\/\/motorrung.com\/upload\/images\/GuangLing\/Catalog-2Poles-3Fa\/Catalog-RungOli-MVE700-3.png\" \/><\/p>\n","protected":false},"excerpt":{"rendered":"<p>GUANGLING MVE 700\/3 Motor Rung &#8211; Model: MVE 700\/3 &#8211; V\u00f2ng Tua: 2P &#8211; 3000 rpm &#8211; C\u00f4ng su\u1ea5t: 660W &#8211; L\u1ef1c Rung Ly T\u00e2m: 758\u00a0Kg &#8211; \u0110i\u1ec7n \u00c1p: 220V\/380V &#8211; 3 Phase Thi\u1ebft b\u1ecb rung \u0111i\u1ec7n d\u00e0nh cho c\u00e1c \u1ee9ng d\u1ee5ng chung trong c\u00e1c l\u0129nh v\u1ef1c c\u00f4ng nghi\u1ec7p kh\u00e1c&hellip; <\/p>\n","protected":false},"featured_media":1552,"comment_status":"open","ping_status":"closed","template":"","meta":[],"product_cat":[400,319],"product_tag":[402,403,401],"class_list":{"0":"post-1551","1":"product","2":"type-product","3":"status-publish","4":"has-post-thumbnail","6":"product_cat-guangling","7":"product_cat-other-brands","8":"product_tag-dai-ly-guangling-viet-nam","9":"product_tag-dong-co-rung","10":"product_tag-guangling-viet-nam","12":"first","13":"instock","14":"shipping-taxable","15":"product-type-simple"},"yoast_head":"<!-- This site is optimized with the Yoast SEO plugin v22.8 - https:\/\/yoast.com\/wordpress\/plugins\/seo\/ -->\n<title>GUANGLING MVE 700\/3 - OMANI VI\u1ec6T NAM<\/title>\n<meta name=\"robots\" content=\"index, follow, max-snippet:-1, max-image-preview:large, max-video-preview:-1\" \/>\n<link rel=\"canonical\" href=\"https:\/\/omanivietnam.com\/index.php\/san-pham\/guangling-mve-700-3\/\" \/>\n<meta property=\"og:locale\" content=\"vi_VN\" \/>\n<meta property=\"og:type\" content=\"article\" \/>\n<meta property=\"og:title\" content=\"GUANGLING MVE 700\/3 - OMANI VI\u1ec6T NAM\" \/>\n<meta property=\"og:description\" content=\"GUANGLING MVE 700\/3 Motor Rung &#8211; Model: MVE 700\/3 &#8211; V\u00f2ng Tua: 2P &#8211; 3000 rpm &#8211; C\u00f4ng su\u1ea5t: 660W &#8211; L\u1ef1c Rung Ly T\u00e2m: 758\u00a0Kg &#8211; \u0110i\u1ec7n \u00c1p: 220V\/380V &#8211; 3 Phase Thi\u1ebft b\u1ecb rung \u0111i\u1ec7n d\u00e0nh cho c\u00e1c \u1ee9ng d\u1ee5ng chung trong c\u00e1c l\u0129nh v\u1ef1c c\u00f4ng nghi\u1ec7p kh\u00e1c&hellip;\" \/>\n<meta property=\"og:url\" content=\"https:\/\/omanivietnam.com\/index.php\/san-pham\/guangling-mve-700-3\/\" \/>\n<meta property=\"og:site_name\" content=\"OMANI VI\u1ec6T NAM\" \/>\n<meta property=\"og:image\" content=\"https:\/\/omanivietnam.com\/wp-content\/uploads\/2024\/08\/MVE-700-3.png\" \/>\n\t<meta property=\"og:image:width\" content=\"790\" \/>\n\t<meta property=\"og:image:height\" content=\"538\" \/>\n\t<meta property=\"og:image:type\" content=\"image\/png\" \/>\n<meta name=\"twitter:card\" content=\"summary_large_image\" \/>\n<meta name=\"twitter:label1\" content=\"\u01af\u1edbc t\u00ednh th\u1eddi gian \u0111\u1ecdc\" \/>\n\t<meta name=\"twitter:data1\" content=\"4 ph\u00fat\" \/>\n<script type=\"application\/ld+json\" class=\"yoast-schema-graph\">{\"@context\":\"https:\/\/schema.org\",\"@graph\":[{\"@type\":\"WebPage\",\"@id\":\"https:\/\/omanivietnam.com\/index.php\/san-pham\/guangling-mve-700-3\/\",\"url\":\"https:\/\/omanivietnam.com\/index.php\/san-pham\/guangling-mve-700-3\/\",\"name\":\"GUANGLING MVE 700\/3 - OMANI VI\u1ec6T NAM\",\"isPartOf\":{\"@id\":\"https:\/\/omanivietnam.com\/#website\"},\"primaryImageOfPage\":{\"@id\":\"https:\/\/omanivietnam.com\/index.php\/san-pham\/guangling-mve-700-3\/#primaryimage\"},\"image\":{\"@id\":\"https:\/\/omanivietnam.com\/index.php\/san-pham\/guangling-mve-700-3\/#primaryimage\"},\"thumbnailUrl\":\"https:\/\/omanivietnam.com\/wp-content\/uploads\/2024\/08\/MVE-700-3.png\",\"datePublished\":\"2024-08-26T22:39:01+00:00\",\"dateModified\":\"2024-08-26T22:39:01+00:00\",\"breadcrumb\":{\"@id\":\"https:\/\/omanivietnam.com\/index.php\/san-pham\/guangling-mve-700-3\/#breadcrumb\"},\"inLanguage\":\"vi\",\"potentialAction\":[{\"@type\":\"ReadAction\",\"target\":[\"https:\/\/omanivietnam.com\/index.php\/san-pham\/guangling-mve-700-3\/\"]}]},{\"@type\":\"ImageObject\",\"inLanguage\":\"vi\",\"@id\":\"https:\/\/omanivietnam.com\/index.php\/san-pham\/guangling-mve-700-3\/#primaryimage\",\"url\":\"https:\/\/omanivietnam.com\/wp-content\/uploads\/2024\/08\/MVE-700-3.png\",\"contentUrl\":\"https:\/\/omanivietnam.com\/wp-content\/uploads\/2024\/08\/MVE-700-3.png\",\"width\":790,\"height\":538},{\"@type\":\"BreadcrumbList\",\"@id\":\"https:\/\/omanivietnam.com\/index.php\/san-pham\/guangling-mve-700-3\/#breadcrumb\",\"itemListElement\":[{\"@type\":\"ListItem\",\"position\":1,\"name\":\"Home\",\"item\":\"https:\/\/omanivietnam.com\/\"},{\"@type\":\"ListItem\",\"position\":2,\"name\":\"S\u1ea2N PH\u1ea8M\",\"item\":\"https:\/\/omanivietnam.com\/index.php\/cua-hang\/\"},{\"@type\":\"ListItem\",\"position\":3,\"name\":\"GUANGLING MVE 700\/3\"}]},{\"@type\":\"WebSite\",\"@id\":\"https:\/\/omanivietnam.com\/#website\",\"url\":\"https:\/\/omanivietnam.com\/\",\"name\":\"OMANI VI\u1ec6T NAM\",\"description\":\"Nh\u00e0 ph\u00e2n ph\u1ed1i thi\u1ebft b\u1ecb kh\u00ed n\u00e9n v\u00e0 thi\u1ebft b\u1ecb t\u1ef1 \u0111\u1ed9ng h\u00f3a trong c\u00f4ng nghi\u1ec7p\",\"publisher\":{\"@id\":\"https:\/\/omanivietnam.com\/#\/schema\/person\/0ad398a980dc3fd696111c2c5c8fa897\"},\"potentialAction\":[{\"@type\":\"SearchAction\",\"target\":{\"@type\":\"EntryPoint\",\"urlTemplate\":\"https:\/\/omanivietnam.com\/?s={search_term_string}\"},\"query-input\":\"required name=search_term_string\"}],\"inLanguage\":\"vi\"},{\"@type\":[\"Person\",\"Organization\"],\"@id\":\"https:\/\/omanivietnam.com\/#\/schema\/person\/0ad398a980dc3fd696111c2c5c8fa897\",\"name\":\"Nguy\u1ec5n V\u0103n Kh\u00e1nh\",\"image\":{\"@type\":\"ImageObject\",\"inLanguage\":\"vi\",\"@id\":\"https:\/\/omanivietnam.com\/#\/schema\/person\/image\/\",\"url\":\"https:\/\/omanivietnam.com\/wp-content\/uploads\/2024\/06\/logo-1024x1024.png\",\"contentUrl\":\"https:\/\/omanivietnam.com\/wp-content\/uploads\/2024\/06\/logo-1024x1024.png\",\"width\":1024,\"height\":1024,\"caption\":\"Nguy\u1ec5n V\u0103n Kh\u00e1nh\"},\"logo\":{\"@id\":\"https:\/\/omanivietnam.com\/#\/schema\/person\/image\/\"},\"sameAs\":[\"https:\/\/omanivietnam.com\"]}]}<\/script>\n<!-- \/ Yoast SEO plugin. -->","yoast_head_json":{"title":"GUANGLING MVE 700\/3 - OMANI VI\u1ec6T NAM","robots":{"index":"index","follow":"follow","max-snippet":"max-snippet:-1","max-image-preview":"max-image-preview:large","max-video-preview":"max-video-preview:-1"},"canonical":"https:\/\/omanivietnam.com\/index.php\/san-pham\/guangling-mve-700-3\/","og_locale":"vi_VN","og_type":"article","og_title":"GUANGLING MVE 700\/3 - OMANI VI\u1ec6T NAM","og_description":"GUANGLING MVE 700\/3 Motor Rung &#8211; Model: MVE 700\/3 &#8211; V\u00f2ng Tua: 2P &#8211; 3000 rpm &#8211; C\u00f4ng su\u1ea5t: 660W &#8211; L\u1ef1c Rung Ly T\u00e2m: 758\u00a0Kg &#8211; \u0110i\u1ec7n \u00c1p: 220V\/380V &#8211; 3 Phase Thi\u1ebft b\u1ecb rung \u0111i\u1ec7n d\u00e0nh cho c\u00e1c \u1ee9ng d\u1ee5ng chung trong c\u00e1c l\u0129nh v\u1ef1c c\u00f4ng nghi\u1ec7p kh\u00e1c&hellip;","og_url":"https:\/\/omanivietnam.com\/index.php\/san-pham\/guangling-mve-700-3\/","og_site_name":"OMANI VI\u1ec6T NAM","og_image":[{"width":790,"height":538,"url":"https:\/\/omanivietnam.com\/wp-content\/uploads\/2024\/08\/MVE-700-3.png","type":"image\/png"}],"twitter_card":"summary_large_image","twitter_misc":{"\u01af\u1edbc t\u00ednh th\u1eddi gian \u0111\u1ecdc":"4 ph\u00fat"},"schema":{"@context":"https:\/\/schema.org","@graph":[{"@type":"WebPage","@id":"https:\/\/omanivietnam.com\/index.php\/san-pham\/guangling-mve-700-3\/","url":"https:\/\/omanivietnam.com\/index.php\/san-pham\/guangling-mve-700-3\/","name":"GUANGLING MVE 700\/3 - OMANI VI\u1ec6T NAM","isPartOf":{"@id":"https:\/\/omanivietnam.com\/#website"},"primaryImageOfPage":{"@id":"https:\/\/omanivietnam.com\/index.php\/san-pham\/guangling-mve-700-3\/#primaryimage"},"image":{"@id":"https:\/\/omanivietnam.com\/index.php\/san-pham\/guangling-mve-700-3\/#primaryimage"},"thumbnailUrl":"https:\/\/omanivietnam.com\/wp-content\/uploads\/2024\/08\/MVE-700-3.png","datePublished":"2024-08-26T22:39:01+00:00","dateModified":"2024-08-26T22:39:01+00:00","breadcrumb":{"@id":"https:\/\/omanivietnam.com\/index.php\/san-pham\/guangling-mve-700-3\/#breadcrumb"},"inLanguage":"vi","potentialAction":[{"@type":"ReadAction","target":["https:\/\/omanivietnam.com\/index.php\/san-pham\/guangling-mve-700-3\/"]}]},{"@type":"ImageObject","inLanguage":"vi","@id":"https:\/\/omanivietnam.com\/index.php\/san-pham\/guangling-mve-700-3\/#primaryimage","url":"https:\/\/omanivietnam.com\/wp-content\/uploads\/2024\/08\/MVE-700-3.png","contentUrl":"https:\/\/omanivietnam.com\/wp-content\/uploads\/2024\/08\/MVE-700-3.png","width":790,"height":538},{"@type":"BreadcrumbList","@id":"https:\/\/omanivietnam.com\/index.php\/san-pham\/guangling-mve-700-3\/#breadcrumb","itemListElement":[{"@type":"ListItem","position":1,"name":"Home","item":"https:\/\/omanivietnam.com\/"},{"@type":"ListItem","position":2,"name":"S\u1ea2N PH\u1ea8M","item":"https:\/\/omanivietnam.com\/index.php\/cua-hang\/"},{"@type":"ListItem","position":3,"name":"GUANGLING MVE 700\/3"}]},{"@type":"WebSite","@id":"https:\/\/omanivietnam.com\/#website","url":"https:\/\/omanivietnam.com\/","name":"OMANI VI\u1ec6T NAM","description":"Nh\u00e0 ph\u00e2n ph\u1ed1i thi\u1ebft b\u1ecb kh\u00ed n\u00e9n v\u00e0 thi\u1ebft b\u1ecb t\u1ef1 \u0111\u1ed9ng h\u00f3a trong c\u00f4ng nghi\u1ec7p","publisher":{"@id":"https:\/\/omanivietnam.com\/#\/schema\/person\/0ad398a980dc3fd696111c2c5c8fa897"},"potentialAction":[{"@type":"SearchAction","target":{"@type":"EntryPoint","urlTemplate":"https:\/\/omanivietnam.com\/?s={search_term_string}"},"query-input":"required name=search_term_string"}],"inLanguage":"vi"},{"@type":["Person","Organization"],"@id":"https:\/\/omanivietnam.com\/#\/schema\/person\/0ad398a980dc3fd696111c2c5c8fa897","name":"Nguy\u1ec5n V\u0103n Kh\u00e1nh","image":{"@type":"ImageObject","inLanguage":"vi","@id":"https:\/\/omanivietnam.com\/#\/schema\/person\/image\/","url":"https:\/\/omanivietnam.com\/wp-content\/uploads\/2024\/06\/logo-1024x1024.png","contentUrl":"https:\/\/omanivietnam.com\/wp-content\/uploads\/2024\/06\/logo-1024x1024.png","width":1024,"height":1024,"caption":"Nguy\u1ec5n V\u0103n Kh\u00e1nh"},"logo":{"@id":"https:\/\/omanivietnam.com\/#\/schema\/person\/image\/"},"sameAs":["https:\/\/omanivietnam.com"]}]}},"_links":{"self":[{"href":"https:\/\/omanivietnam.com\/index.php\/wp-json\/wp\/v2\/product\/1551","targetHints":{"allow":["GET"]}}],"collection":[{"href":"https:\/\/omanivietnam.com\/index.php\/wp-json\/wp\/v2\/product"}],"about":[{"href":"https:\/\/omanivietnam.com\/index.php\/wp-json\/wp\/v2\/types\/product"}],"replies":[{"embeddable":true,"href":"https:\/\/omanivietnam.com\/index.php\/wp-json\/wp\/v2\/comments?post=1551"}],"wp:featuredmedia":[{"embeddable":true,"href":"https:\/\/omanivietnam.com\/index.php\/wp-json\/wp\/v2\/media\/1552"}],"wp:attachment":[{"href":"https:\/\/omanivietnam.com\/index.php\/wp-json\/wp\/v2\/media?parent=1551"}],"wp:term":[{"taxonomy":"product_cat","embeddable":true,"href":"https:\/\/omanivietnam.com\/index.php\/wp-json\/wp\/v2\/product_cat?post=1551"},{"taxonomy":"product_tag","embeddable":true,"href":"https:\/\/omanivietnam.com\/index.php\/wp-json\/wp\/v2\/product_tag?post=1551"}],"curies":[{"name":"wp","href":"https:\/\/api.w.org\/{rel}","templated":true}]}}