{"id":1581,"date":"2024-08-28T08:51:50","date_gmt":"2024-08-28T01:51:50","guid":{"rendered":"https:\/\/omanivietnam.com\/?post_type=product&#038;p=1581"},"modified":"2024-08-28T08:52:37","modified_gmt":"2024-08-28T01:52:37","slug":"chino-c015-11-1ycc150","status":"publish","type":"product","link":"https:\/\/omanivietnam.com\/index.php\/san-pham\/chino-c015-11-1ycc150\/","title":{"rendered":"CHINO C015-11-1YCC150"},"content":{"rendered":"<p>CHINO C015-11-1YCC150<\/p>\n<p><strong>C\u1ea3m bi\u1ebfn nhi\u1ec7t \u0111\u1ed9 Chino C015-11<\/strong>\u00a0l\u00e0 m\u1ed9t s\u1ea3n ph\u1ea9m c\u1ee7a th\u01b0\u01a1ng hi\u1ec7u\u00a0<strong>CHINO<\/strong>\u00a0\u0111\u01b0\u1ee3c s\u1ea3n xu\u1ea5t t\u1ea1i nh\u00e0 m\u00e1y Nh\u1eadt B\u1ea3n theo c\u00f4ng ngh\u1ec7 hi\u1ec7n \u0111\u1ea1i.\u00a0<strong>Chino C015-11<\/strong>\u00a0l\u00e0 m\u1ed9t lo\u1ea1i\u00a0<strong>c\u1ea3m bi\u1ebfn nhi\u1ec7t \u0111\u1ed9 kh\u00f4ng ti\u1ebfp x\u00fac<\/strong>\u00a0c\u00f3 kho\u1ea3ng \u0111o nhi\u1ec7t \u0111\u1ed9\u00a0250\u00b0C ho\u1eb7c 500\u00b0C \u0111\u01b0\u1ee3c \u1ee9ng d\u1ee5ng r\u1ed9ng r\u00e3i trong c\u00e1c ngh\u00e0nh c\u00f4ng nghi\u1ec7p s\u1ea3n xu\u1ea5t.<\/p>\n<h3>T\u00ednh n\u0103ng\u00a0C\u1ea3m bi\u1ebfn nhi\u1ec7t \u0111\u1ed9 Chino C015-11<\/h3>\n<p><strong>C\u1ea3m bi\u1ebfn nhi\u1ec7t \u0111\u1ed9 Chino C015-11<\/strong>\u00a0lo\u1ea1i b\u00f9 \u0111\u01a1n gi\u1ea3n d\u00f2ng\u00a0<strong>C015<\/strong>\u00a0(<strong>C\u1eb7p nhi\u1ec7t \u0111i\u1ec7n<\/strong>). C\u1ea3m bi\u1ebfn n\u00e0y l\u00e0 lo\u1ea1i\u00a0<strong>c\u1eb7p nhi\u1ec7t \u0111i\u1ec7n kh\u00f4ng ti\u1ebfp x\u00fac<\/strong>\u00a0\u0111\u1ec3 \u0111o nhi\u1ec7t \u0111\u1ed9 b\u1ec1 m\u1eb7t, c\u00f3 m\u1ed9t m\u1ea1ch t\u00edch h\u1ee3p \u0111\u1ec3 t\u1ef1 \u0111\u1ed9ng b\u00f9 ch\u00eanh l\u1ec7ch gi\u1eefa nhi\u1ec7t \u0111\u1ed9 kh\u00f4ng kh\u00ed xung quanh v\u00e0 nhi\u1ec7t \u0111\u1ed9 th\u1ef1c t\u1ebf c\u1ee7a v\u1eadt th\u1ec3.\u00a0<em><strong>C\u1ea3m bi\u1ebfn nhi\u1ec7t \u0111\u1ed9 Chino C015-11<\/strong><\/em>\u00a0c\u00f3 kh\u1ea3 n\u0103ng \u0111o nhi\u1ec7t \u0111\u1ed9 b\u1ec1 m\u1eb7t c\u1ee7a con l\u0103n quay, b\u0103ng t\u1ea3i di chuy\u1ec3n v\u00e0 t\u1ea5m nh\u1ef1a, v.v.<\/p>\n<div><strong>C\u1ea3m bi\u1ebfn nhi\u1ec7t \u0111\u1ed9 kh\u00f4ng ti\u1ebfp x\u00fac Chino C015-11 \u0111<\/strong>o d\u1ea3i nhi\u1ec7t \u0111\u1ed9 t\u1eeb nhi\u1ec7t \u0111\u1ed9 m\u00f4i tr\u01b0\u1eddng ti\u00eau chu\u1ea9n \u0111\u1ebfn 250 \u00b0 C ho\u1eb7c 500 \u00b0 C b\u1eb1ng kho\u1ea3ng c\u00e1ch \u0111o c\u1ed1 \u0111\u1ecbnh (1 \u0111\u1ebfn 2mm) m\u00e0 kh\u00f4ng c\u1ea7n ti\u1ebfp x\u00fac.<\/div>\n<div>\u0110\u1ed1i v\u1edbi s\u1ef1 thay \u0111\u1ed5i nhi\u1ec7t \u0111\u1ed9 c\u1ee7a nhi\u1ec7t \u0111\u1ed9 b\u1ec1 m\u1eb7t c\u1ea7n \u0111o v\u00e0 \u0111o xung quanh, ph\u00e9p \u0111o \u0111\u01b0\u1ee3c th\u1ef1c hi\u1ec7n b\u1eb1ng c\u00e1ch t\u1ef1 \u0111\u1ed9ng b\u00f9 nhi\u1ec7t \u0111\u1ed9 \u0111o.<\/div>\n<div>Ph\u00e9p \u0111o \u1ed5n \u0111\u1ecbnh c\u00f3 th\u1ec3 th\u1ef1c hi\u1ec7n \u0111\u01b0\u1ee3c b\u1eb1ng c\u00e1ch s\u1eed d\u1ee5ng b\u1ed9 l\u1ecdc \u1ed5n \u0111\u1ecbnh cung c\u1ea5p kh\u1ea3 n\u0103ng ch\u1ed1ng nhi\u1ec5u.<\/div>\n<div>Hi\u1ec7u ch\u1ec9nh \u0111\u1ed9 sai l\u1ec7ch, v.v &#8230; theo nhi\u1ec7t \u0111\u1ed9 v\u00e0 t\u00ecnh tr\u1ea1ng b\u1ec1 m\u1eb7t c\u1ea7n \u0111o l\u00e0 kh\u00f4ng c\u1ea7n thi\u1ebft.<\/div>\n<div>Ph\u1ea7n t\u1eed ph\u00e1t hi\u1ec7n l\u00e0\u00a0<strong>c\u1eb7p nhi\u1ec7t \u0111i\u1ec7n K<\/strong>, do \u0111\u00f3 kh\u00f4ng c\u1ea7n thay \u0111\u1ed5i b\u1ed9 ph\u1eadn nh\u1eadn th\u00e0nh b\u1ed9 ph\u1eadn chuy\u00ean d\u1ee5ng.<\/div>\n<div><\/div>\n<div><img decoding=\"async\" src=\"https:\/\/maycongnghiep.net.vn\/hinh-anh\/images\/HEXAGON\/C015-11.PNG\" alt=\"cam-bien-nhiet-do-chino-c015-11\" \/><\/div>\n<div><\/div>\n<div>\n<h3><img decoding=\"async\" src=\"https:\/\/maycongnghiep.net.vn\/hinh-anh\/images\/HEXAGON\/C015-11-1.PNG\" alt=\"cam-bien-nhiet-do-chino-c015-11\" \/><\/h3>\n<h3><\/h3>\n<p>M\u1ed9t s\u1ed1 model c\u1eb7p nhi\u1ec7t \u0111i\u1ec7n Chino th\u00f4ng d\u1ee5ng :<\/p>\n<p><strong>C015-11, C015-21, C015-31, C015-41, C015-12, C015-22, C015-32, C015-42, C015-13<\/strong><\/p>\n<\/div>\n<p>\u0110\u1ea1i l\u00fd CHINO vietnam, CHINO viet nam, CHINO vietnam distributor, Ph\u00e2n ph\u1ed1i CHINO t\u1ea1i vi\u1ec7t nam<\/p>\n<p>\u0110\u1ea1i l\u00fd CHINO vietnam, CHINO viet nam, CHINO vietnam distributor, Ph\u00e2n ph\u1ed1i CHINO t\u1ea1i vi\u1ec7t nam<\/p>\n<p>\u0110\u1ea1i l\u00fd CHINO vietnam, CHINO viet nam, CHINO vietnam distributor, Ph\u00e2n ph\u1ed1i CHINO t\u1ea1i vi\u1ec7t nam<\/p>\n<p>\u0110\u1ea1i l\u00fd CHINO vietnam, CHINO viet nam, CHINO vietnam distributor, Ph\u00e2n ph\u1ed1i CHINO t\u1ea1i vi\u1ec7t nam<\/p>\n<p>\u0110\u1ea1i l\u00fd CHINO vietnam, CHINO viet nam, CHINO vietnam distributor, Ph\u00e2n ph\u1ed1i CHINO t\u1ea1i vi\u1ec7t nam<\/p>\n","protected":false},"excerpt":{"rendered":"<p>CHINO C015-11-1YCC150 C\u1ea3m bi\u1ebfn nhi\u1ec7t \u0111\u1ed9 Chino C015-11\u00a0l\u00e0 m\u1ed9t s\u1ea3n ph\u1ea9m c\u1ee7a th\u01b0\u01a1ng hi\u1ec7u\u00a0CHINO\u00a0\u0111\u01b0\u1ee3c s\u1ea3n xu\u1ea5t t\u1ea1i nh\u00e0 m\u00e1y Nh\u1eadt B\u1ea3n theo c\u00f4ng ngh\u1ec7 hi\u1ec7n \u0111\u1ea1i.\u00a0Chino C015-11\u00a0l\u00e0 m\u1ed9t lo\u1ea1i\u00a0c\u1ea3m bi\u1ebfn nhi\u1ec7t \u0111\u1ed9 kh\u00f4ng ti\u1ebfp x\u00fac\u00a0c\u00f3 kho\u1ea3ng \u0111o nhi\u1ec7t \u0111\u1ed9\u00a0250\u00b0C ho\u1eb7c 500\u00b0C \u0111\u01b0\u1ee3c \u1ee9ng d\u1ee5ng r\u1ed9ng r\u00e3i trong c\u00e1c ngh\u00e0nh c\u00f4ng&hellip; <\/p>\n","protected":false},"featured_media":1582,"comment_status":"open","ping_status":"closed","template":"","meta":[],"product_cat":[404],"product_tag":[88,405,406],"class_list":{"0":"post-1581","1":"product","2":"type-product","3":"status-publish","4":"has-post-thumbnail","6":"product_cat-chino","7":"product_tag-cam-bien","8":"product_tag-chino-viet-nam","9":"product_tag-dai-ly-chino-viet-nam","11":"first","12":"instock","13":"shipping-taxable","14":"product-type-simple"},"yoast_head":"<!-- This site is optimized with the Yoast SEO plugin v22.8 - https:\/\/yoast.com\/wordpress\/plugins\/seo\/ -->\n<title>CHINO C015-11-1YCC150 - OMANI VI\u1ec6T NAM<\/title>\n<meta name=\"robots\" content=\"index, follow, max-snippet:-1, max-image-preview:large, max-video-preview:-1\" \/>\n<link rel=\"canonical\" href=\"https:\/\/omanivietnam.com\/index.php\/san-pham\/chino-c015-11-1ycc150\/\" \/>\n<meta property=\"og:locale\" content=\"vi_VN\" \/>\n<meta property=\"og:type\" content=\"article\" \/>\n<meta property=\"og:title\" content=\"CHINO C015-11-1YCC150 - OMANI VI\u1ec6T NAM\" \/>\n<meta property=\"og:description\" content=\"CHINO C015-11-1YCC150 C\u1ea3m bi\u1ebfn nhi\u1ec7t \u0111\u1ed9 Chino C015-11\u00a0l\u00e0 m\u1ed9t s\u1ea3n ph\u1ea9m c\u1ee7a th\u01b0\u01a1ng hi\u1ec7u\u00a0CHINO\u00a0\u0111\u01b0\u1ee3c s\u1ea3n xu\u1ea5t t\u1ea1i nh\u00e0 m\u00e1y Nh\u1eadt B\u1ea3n theo c\u00f4ng ngh\u1ec7 hi\u1ec7n \u0111\u1ea1i.\u00a0Chino C015-11\u00a0l\u00e0 m\u1ed9t lo\u1ea1i\u00a0c\u1ea3m bi\u1ebfn nhi\u1ec7t \u0111\u1ed9 kh\u00f4ng ti\u1ebfp x\u00fac\u00a0c\u00f3 kho\u1ea3ng \u0111o nhi\u1ec7t \u0111\u1ed9\u00a0250\u00b0C ho\u1eb7c 500\u00b0C \u0111\u01b0\u1ee3c \u1ee9ng d\u1ee5ng r\u1ed9ng r\u00e3i trong c\u00e1c ngh\u00e0nh c\u00f4ng&hellip;\" \/>\n<meta property=\"og:url\" content=\"https:\/\/omanivietnam.com\/index.php\/san-pham\/chino-c015-11-1ycc150\/\" \/>\n<meta property=\"og:site_name\" content=\"OMANI VI\u1ec6T NAM\" \/>\n<meta property=\"article:modified_time\" content=\"2024-08-28T01:52:37+00:00\" \/>\n<meta property=\"og:image\" content=\"https:\/\/omanivietnam.com\/wp-content\/uploads\/2024\/08\/C015-11-1YCC150.png\" \/>\n\t<meta property=\"og:image:width\" content=\"548\" \/>\n\t<meta property=\"og:image:height\" content=\"462\" \/>\n\t<meta property=\"og:image:type\" content=\"image\/png\" \/>\n<meta name=\"twitter:card\" content=\"summary_large_image\" \/>\n<meta name=\"twitter:label1\" content=\"\u01af\u1edbc t\u00ednh th\u1eddi gian \u0111\u1ecdc\" \/>\n\t<meta name=\"twitter:data1\" content=\"3 ph\u00fat\" \/>\n<script type=\"application\/ld+json\" class=\"yoast-schema-graph\">{\"@context\":\"https:\/\/schema.org\",\"@graph\":[{\"@type\":\"WebPage\",\"@id\":\"https:\/\/omanivietnam.com\/index.php\/san-pham\/chino-c015-11-1ycc150\/\",\"url\":\"https:\/\/omanivietnam.com\/index.php\/san-pham\/chino-c015-11-1ycc150\/\",\"name\":\"CHINO C015-11-1YCC150 - OMANI VI\u1ec6T NAM\",\"isPartOf\":{\"@id\":\"https:\/\/omanivietnam.com\/#website\"},\"primaryImageOfPage\":{\"@id\":\"https:\/\/omanivietnam.com\/index.php\/san-pham\/chino-c015-11-1ycc150\/#primaryimage\"},\"image\":{\"@id\":\"https:\/\/omanivietnam.com\/index.php\/san-pham\/chino-c015-11-1ycc150\/#primaryimage\"},\"thumbnailUrl\":\"https:\/\/omanivietnam.com\/wp-content\/uploads\/2024\/08\/C015-11-1YCC150.png\",\"datePublished\":\"2024-08-28T01:51:50+00:00\",\"dateModified\":\"2024-08-28T01:52:37+00:00\",\"breadcrumb\":{\"@id\":\"https:\/\/omanivietnam.com\/index.php\/san-pham\/chino-c015-11-1ycc150\/#breadcrumb\"},\"inLanguage\":\"vi\",\"potentialAction\":[{\"@type\":\"ReadAction\",\"target\":[\"https:\/\/omanivietnam.com\/index.php\/san-pham\/chino-c015-11-1ycc150\/\"]}]},{\"@type\":\"ImageObject\",\"inLanguage\":\"vi\",\"@id\":\"https:\/\/omanivietnam.com\/index.php\/san-pham\/chino-c015-11-1ycc150\/#primaryimage\",\"url\":\"https:\/\/omanivietnam.com\/wp-content\/uploads\/2024\/08\/C015-11-1YCC150.png\",\"contentUrl\":\"https:\/\/omanivietnam.com\/wp-content\/uploads\/2024\/08\/C015-11-1YCC150.png\",\"width\":548,\"height\":462},{\"@type\":\"BreadcrumbList\",\"@id\":\"https:\/\/omanivietnam.com\/index.php\/san-pham\/chino-c015-11-1ycc150\/#breadcrumb\",\"itemListElement\":[{\"@type\":\"ListItem\",\"position\":1,\"name\":\"Home\",\"item\":\"https:\/\/omanivietnam.com\/\"},{\"@type\":\"ListItem\",\"position\":2,\"name\":\"S\u1ea2N PH\u1ea8M\",\"item\":\"https:\/\/omanivietnam.com\/index.php\/cua-hang\/\"},{\"@type\":\"ListItem\",\"position\":3,\"name\":\"CHINO C015-11-1YCC150\"}]},{\"@type\":\"WebSite\",\"@id\":\"https:\/\/omanivietnam.com\/#website\",\"url\":\"https:\/\/omanivietnam.com\/\",\"name\":\"OMANI VI\u1ec6T NAM\",\"description\":\"Nh\u00e0 ph\u00e2n ph\u1ed1i thi\u1ebft b\u1ecb kh\u00ed n\u00e9n v\u00e0 thi\u1ebft b\u1ecb t\u1ef1 \u0111\u1ed9ng h\u00f3a trong c\u00f4ng nghi\u1ec7p\",\"publisher\":{\"@id\":\"https:\/\/omanivietnam.com\/#\/schema\/person\/0ad398a980dc3fd696111c2c5c8fa897\"},\"potentialAction\":[{\"@type\":\"SearchAction\",\"target\":{\"@type\":\"EntryPoint\",\"urlTemplate\":\"https:\/\/omanivietnam.com\/?s={search_term_string}\"},\"query-input\":\"required name=search_term_string\"}],\"inLanguage\":\"vi\"},{\"@type\":[\"Person\",\"Organization\"],\"@id\":\"https:\/\/omanivietnam.com\/#\/schema\/person\/0ad398a980dc3fd696111c2c5c8fa897\",\"name\":\"Nguy\u1ec5n V\u0103n Kh\u00e1nh\",\"image\":{\"@type\":\"ImageObject\",\"inLanguage\":\"vi\",\"@id\":\"https:\/\/omanivietnam.com\/#\/schema\/person\/image\/\",\"url\":\"https:\/\/omanivietnam.com\/wp-content\/uploads\/2024\/06\/logo-1024x1024.png\",\"contentUrl\":\"https:\/\/omanivietnam.com\/wp-content\/uploads\/2024\/06\/logo-1024x1024.png\",\"width\":1024,\"height\":1024,\"caption\":\"Nguy\u1ec5n V\u0103n Kh\u00e1nh\"},\"logo\":{\"@id\":\"https:\/\/omanivietnam.com\/#\/schema\/person\/image\/\"},\"sameAs\":[\"https:\/\/omanivietnam.com\"]}]}<\/script>\n<!-- \/ Yoast SEO plugin. -->","yoast_head_json":{"title":"CHINO C015-11-1YCC150 - OMANI VI\u1ec6T NAM","robots":{"index":"index","follow":"follow","max-snippet":"max-snippet:-1","max-image-preview":"max-image-preview:large","max-video-preview":"max-video-preview:-1"},"canonical":"https:\/\/omanivietnam.com\/index.php\/san-pham\/chino-c015-11-1ycc150\/","og_locale":"vi_VN","og_type":"article","og_title":"CHINO C015-11-1YCC150 - OMANI VI\u1ec6T NAM","og_description":"CHINO C015-11-1YCC150 C\u1ea3m bi\u1ebfn nhi\u1ec7t \u0111\u1ed9 Chino C015-11\u00a0l\u00e0 m\u1ed9t s\u1ea3n ph\u1ea9m c\u1ee7a th\u01b0\u01a1ng hi\u1ec7u\u00a0CHINO\u00a0\u0111\u01b0\u1ee3c s\u1ea3n xu\u1ea5t t\u1ea1i nh\u00e0 m\u00e1y Nh\u1eadt B\u1ea3n theo c\u00f4ng ngh\u1ec7 hi\u1ec7n \u0111\u1ea1i.\u00a0Chino C015-11\u00a0l\u00e0 m\u1ed9t lo\u1ea1i\u00a0c\u1ea3m bi\u1ebfn nhi\u1ec7t \u0111\u1ed9 kh\u00f4ng ti\u1ebfp x\u00fac\u00a0c\u00f3 kho\u1ea3ng \u0111o nhi\u1ec7t \u0111\u1ed9\u00a0250\u00b0C ho\u1eb7c 500\u00b0C \u0111\u01b0\u1ee3c \u1ee9ng d\u1ee5ng r\u1ed9ng r\u00e3i trong c\u00e1c ngh\u00e0nh c\u00f4ng&hellip;","og_url":"https:\/\/omanivietnam.com\/index.php\/san-pham\/chino-c015-11-1ycc150\/","og_site_name":"OMANI VI\u1ec6T NAM","article_modified_time":"2024-08-28T01:52:37+00:00","og_image":[{"width":548,"height":462,"url":"https:\/\/omanivietnam.com\/wp-content\/uploads\/2024\/08\/C015-11-1YCC150.png","type":"image\/png"}],"twitter_card":"summary_large_image","twitter_misc":{"\u01af\u1edbc t\u00ednh th\u1eddi gian \u0111\u1ecdc":"3 ph\u00fat"},"schema":{"@context":"https:\/\/schema.org","@graph":[{"@type":"WebPage","@id":"https:\/\/omanivietnam.com\/index.php\/san-pham\/chino-c015-11-1ycc150\/","url":"https:\/\/omanivietnam.com\/index.php\/san-pham\/chino-c015-11-1ycc150\/","name":"CHINO C015-11-1YCC150 - OMANI VI\u1ec6T NAM","isPartOf":{"@id":"https:\/\/omanivietnam.com\/#website"},"primaryImageOfPage":{"@id":"https:\/\/omanivietnam.com\/index.php\/san-pham\/chino-c015-11-1ycc150\/#primaryimage"},"image":{"@id":"https:\/\/omanivietnam.com\/index.php\/san-pham\/chino-c015-11-1ycc150\/#primaryimage"},"thumbnailUrl":"https:\/\/omanivietnam.com\/wp-content\/uploads\/2024\/08\/C015-11-1YCC150.png","datePublished":"2024-08-28T01:51:50+00:00","dateModified":"2024-08-28T01:52:37+00:00","breadcrumb":{"@id":"https:\/\/omanivietnam.com\/index.php\/san-pham\/chino-c015-11-1ycc150\/#breadcrumb"},"inLanguage":"vi","potentialAction":[{"@type":"ReadAction","target":["https:\/\/omanivietnam.com\/index.php\/san-pham\/chino-c015-11-1ycc150\/"]}]},{"@type":"ImageObject","inLanguage":"vi","@id":"https:\/\/omanivietnam.com\/index.php\/san-pham\/chino-c015-11-1ycc150\/#primaryimage","url":"https:\/\/omanivietnam.com\/wp-content\/uploads\/2024\/08\/C015-11-1YCC150.png","contentUrl":"https:\/\/omanivietnam.com\/wp-content\/uploads\/2024\/08\/C015-11-1YCC150.png","width":548,"height":462},{"@type":"BreadcrumbList","@id":"https:\/\/omanivietnam.com\/index.php\/san-pham\/chino-c015-11-1ycc150\/#breadcrumb","itemListElement":[{"@type":"ListItem","position":1,"name":"Home","item":"https:\/\/omanivietnam.com\/"},{"@type":"ListItem","position":2,"name":"S\u1ea2N PH\u1ea8M","item":"https:\/\/omanivietnam.com\/index.php\/cua-hang\/"},{"@type":"ListItem","position":3,"name":"CHINO C015-11-1YCC150"}]},{"@type":"WebSite","@id":"https:\/\/omanivietnam.com\/#website","url":"https:\/\/omanivietnam.com\/","name":"OMANI VI\u1ec6T NAM","description":"Nh\u00e0 ph\u00e2n ph\u1ed1i thi\u1ebft b\u1ecb kh\u00ed n\u00e9n v\u00e0 thi\u1ebft b\u1ecb t\u1ef1 \u0111\u1ed9ng h\u00f3a trong c\u00f4ng nghi\u1ec7p","publisher":{"@id":"https:\/\/omanivietnam.com\/#\/schema\/person\/0ad398a980dc3fd696111c2c5c8fa897"},"potentialAction":[{"@type":"SearchAction","target":{"@type":"EntryPoint","urlTemplate":"https:\/\/omanivietnam.com\/?s={search_term_string}"},"query-input":"required name=search_term_string"}],"inLanguage":"vi"},{"@type":["Person","Organization"],"@id":"https:\/\/omanivietnam.com\/#\/schema\/person\/0ad398a980dc3fd696111c2c5c8fa897","name":"Nguy\u1ec5n V\u0103n Kh\u00e1nh","image":{"@type":"ImageObject","inLanguage":"vi","@id":"https:\/\/omanivietnam.com\/#\/schema\/person\/image\/","url":"https:\/\/omanivietnam.com\/wp-content\/uploads\/2024\/06\/logo-1024x1024.png","contentUrl":"https:\/\/omanivietnam.com\/wp-content\/uploads\/2024\/06\/logo-1024x1024.png","width":1024,"height":1024,"caption":"Nguy\u1ec5n V\u0103n Kh\u00e1nh"},"logo":{"@id":"https:\/\/omanivietnam.com\/#\/schema\/person\/image\/"},"sameAs":["https:\/\/omanivietnam.com"]}]}},"_links":{"self":[{"href":"https:\/\/omanivietnam.com\/index.php\/wp-json\/wp\/v2\/product\/1581","targetHints":{"allow":["GET"]}}],"collection":[{"href":"https:\/\/omanivietnam.com\/index.php\/wp-json\/wp\/v2\/product"}],"about":[{"href":"https:\/\/omanivietnam.com\/index.php\/wp-json\/wp\/v2\/types\/product"}],"replies":[{"embeddable":true,"href":"https:\/\/omanivietnam.com\/index.php\/wp-json\/wp\/v2\/comments?post=1581"}],"wp:featuredmedia":[{"embeddable":true,"href":"https:\/\/omanivietnam.com\/index.php\/wp-json\/wp\/v2\/media\/1582"}],"wp:attachment":[{"href":"https:\/\/omanivietnam.com\/index.php\/wp-json\/wp\/v2\/media?parent=1581"}],"wp:term":[{"taxonomy":"product_cat","embeddable":true,"href":"https:\/\/omanivietnam.com\/index.php\/wp-json\/wp\/v2\/product_cat?post=1581"},{"taxonomy":"product_tag","embeddable":true,"href":"https:\/\/omanivietnam.com\/index.php\/wp-json\/wp\/v2\/product_tag?post=1581"}],"curies":[{"name":"wp","href":"https:\/\/api.w.org\/{rel}","templated":true}]}}