{"id":1589,"date":"2024-08-29T05:11:00","date_gmt":"2024-08-28T22:11:00","guid":{"rendered":"https:\/\/omanivietnam.com\/?post_type=product&#038;p=1589"},"modified":"2024-08-29T05:11:56","modified_gmt":"2024-08-28T22:11:56","slug":"keyence-iv-m30","status":"publish","type":"product","link":"https:\/\/omanivietnam.com\/index.php\/san-pham\/keyence-iv-m30\/","title":{"rendered":"KEYENCE IV-M30"},"content":{"rendered":"<p>KEYENCE IV-M30<\/p>\n<p>KEYENCE IV2-CP50<\/p>\n<p class=\"prd-utility-maxWidth-narrow\"><span class=\"prd-utility-heading-1 prd-utility-marginBottom-2 prd-utility-block\">M\u00e0n h\u00ecnh th\u00f4ng minh <\/span><span class=\"prd-utility-body-medium prd-utility-block\">IV-M30<\/span><\/p>\n<p class=\"prd-utility-heading-3 prd-utility-marginBottom-7\">Th\u00f4ng s\u1ed1 k\u1ef9 thu\u1eadt<\/p>\n<div class=\"prd-specsTable prd-utility-focusRing\" style=\"padding: 0px;margin: 0px;color: #484b4c;font-family: myriad-pro, helvetica, Arial, meiryo, sans-serif;font-size: 17px;font-style: normal;font-weight: 400;letter-spacing: normal;text-align: left;text-indent: 0px;text-transform: none;background-color: #fafafa\" data-controller=\"horizontal-scroll-state scroll-to-coord\" data-action=\"resize@window-&gt;horizontal-scroll-state#setOverflowing scroll-&gt;horizontal-scroll-state#setScrolled\" data-horizontal-scroll-state-target=\"container\" data-horizontal-scroll-state-overflowing-class=\"is-overflowing\" data-horizontal-scroll-state-has-scrolled-class=\"is-hasScrolled\" data-scroll-to-coord-target=\"container\">\n<div class=\"prd-utility-body-small\">\n<div class=\"specTable-block\">\n<table class=\"specTable-stibo-3282397\">\n<tbody>\n<tr class=\"specTable-row\">\n<td class=\"specTable-clm-0\" colspan=\"4\">M\u1eabu<\/td>\n<td class=\"specTable-clm-4\">IV-M30<\/td>\n<\/tr>\n<tr class=\"specTable-row\">\n<td class=\"specTable-clm-0\" colspan=\"4\">Ng\u00f4n ng\u1eef<\/td>\n<td class=\"specTable-clm-4\">Ti\u1ebfng Nh\u1eadt\/Ti\u1ebfng Anh\/Ti\u1ebfng \u0110\u1ee9c\/Ti\u1ebfng Trung gi\u1ea3n th\u1ec3\/Ti\u1ebfng Trung ph\u1ed3n th\u1ec3\/Ti\u1ebfng \u00dd\/<br \/>\nTi\u1ebfng Ph\u00e1p\/Ti\u1ebfng T\u00e2y Ban Nha\/Ti\u1ebfng B\u1ed3 \u0110\u00e0o Nha\/Ti\u1ebfng H\u00e0n Qu\u1ed1c<\/td>\n<\/tr>\n<tr class=\"specTable-row\">\n<td class=\"specTable-clm-0\" colspan=\"4\">Hi\u1ec3n th\u1ecb<\/td>\n<td class=\"specTable-clm-4\">M\u00e0n h\u00ecnh TFT LCD m\u00e0u 3,5&#8243; 320 \u00d7 240 \u0111i\u1ec3m (QVGA)<\/td>\n<\/tr>\n<tr class=\"specTable-row\">\n<td class=\"specTable-clm-0\" rowspan=\"2\">Ng\u01b0\u1ee3c s\u00e1ng<\/td>\n<td class=\"specTable-clm-1\" colspan=\"3\">Ph\u01b0\u01a1ng ph\u00e1p<\/td>\n<td class=\"specTable-clm-4\">\u0110\u00e8n LED m\u00e0u tr\u1eafng<\/td>\n<\/tr>\n<tr class=\"specTable-row\">\n<td class=\"specTable-clm-1\" colspan=\"3\">Th\u1eddi l\u01b0\u1ee3ng<\/td>\n<td class=\"specTable-clm-4\">X\u1ea5p x\u1ec9 50000 gi\u1edd (25\u00b0C)<\/td>\n<\/tr>\n<tr class=\"specTable-row\">\n<td class=\"specTable-clm-0\" rowspan=\"2\">T\u1ea5m b\u1ea3o v\u1ec7<\/td>\n<td class=\"specTable-clm-1\" colspan=\"3\">Ph\u01b0\u01a1ng ph\u00e1p<\/td>\n<td class=\"specTable-clm-4\">\u0110i\u1ec7n tr\u1edf t\u00edn hi\u1ec7u t\u01b0\u01a1ng t\u1ef1<\/td>\n<\/tr>\n<tr class=\"specTable-row\">\n<td class=\"specTable-clm-1\" colspan=\"3\">L\u1ef1c d\u1eabn \u0111\u1ed9ng<\/td>\n<td class=\"specTable-clm-4\">T\u1eeb 0,8 N tr\u1edf xu\u1ed1ng<\/td>\n<\/tr>\n<tr class=\"specTable-row\">\n<td class=\"specTable-clm-0\" colspan=\"4\">\u0110\u00e8n b\u00e1o<\/td>\n<td class=\"specTable-clm-4\">PWR, C\u1ea2M BI\u1ebeN<\/td>\n<\/tr>\n<tr class=\"specTable-row\">\n<td class=\"specTable-clm-0\" rowspan=\"2\">Ethernet<\/td>\n<td class=\"specTable-clm-1\" colspan=\"3\">Chu\u1ea9n<\/td>\n<td class=\"specTable-clm-4\">100BASE-TX\/10BASE-T<sup>*1<\/sup><\/td>\n<\/tr>\n<tr class=\"specTable-row\">\n<td class=\"specTable-clm-1\" colspan=\"3\">\u0110\u1ea7u n\u1ed1i<\/td>\n<td class=\"specTable-clm-4\">\u0110\u1ea7u n\u1ed1i M12 4 ch\u00e2n<sup>*1<\/sup><\/td>\n<\/tr>\n<tr class=\"specTable-row\">\n<td class=\"specTable-clm-0\" colspan=\"4\">B\u1ed9 nh\u1edb m\u1edf r\u1ed9ng<\/td>\n<td class=\"specTable-clm-4\">B\u1ed9 nh\u1edb USB<sup>*2<\/sup><\/td>\n<\/tr>\n<tr class=\"specTable-row\">\n<td class=\"specTable-clm-0\" rowspan=\"2\">\u0110\u1ecbnh m\u1ee9c<\/td>\n<td class=\"specTable-clm-1\" colspan=\"3\">\u0110i\u1ec7n \u00e1p ngu\u1ed3n<\/td>\n<td class=\"specTable-clm-4\">24 VDC \u00b110% (bao g\u1ed3m \u0111\u1ed9 g\u1ee3n)<\/td>\n<\/tr>\n<tr class=\"specTable-row\">\n<td class=\"specTable-clm-1\" colspan=\"3\">D\u00f2ng \u0111i\u1ec7n ti\u00eau th\u1ee5<\/td>\n<td class=\"specTable-clm-4\">T\u1eeb 0,2 A tr\u1edf xu\u1ed1ng<\/td>\n<\/tr>\n<tr class=\"specTable-row\">\n<td class=\"specTable-clm-0\" rowspan=\"5\">Kh\u1ea3 n\u0103ng ch\u1ed1ng ch\u1ecbu v\u1edbi m\u00f4i tr\u01b0\u1eddng<\/td>\n<td class=\"specTable-clm-1\" colspan=\"3\">Ch\u1ec9 s\u1ed1 ch\u1ed1ng ch\u1ecbu th\u1eddi ti\u1ebft cho v\u1ecf b\u1ecdc<\/td>\n<td class=\"specTable-clm-4\">IP40<\/td>\n<\/tr>\n<tr class=\"specTable-row\">\n<td class=\"specTable-clm-1\" colspan=\"3\">Nhi\u1ec7t \u0111\u1ed9 m\u00f4i tr\u01b0\u1eddng xung quanh<\/td>\n<td class=\"specTable-clm-4\">0 \u0111\u1ebfn +50 \u00b0C (Kh\u00f4ng \u0111\u00f3ng b\u0103ng)<\/td>\n<\/tr>\n<tr class=\"specTable-row\">\n<td class=\"specTable-clm-1\" colspan=\"3\">\u0110\u1ed9 \u1ea9m m\u00f4i tr\u01b0\u1eddng xung quanh<\/td>\n<td class=\"specTable-clm-4\">35 \u0111\u1ebfn 80% RH (Kh\u00f4ng ng\u01b0ng t\u1ee5)<sup>*3<\/sup><\/td>\n<\/tr>\n<tr class=\"specTable-row\">\n<td class=\"specTable-clm-1\" colspan=\"3\">Hi\u1ec7u su\u1ea5t \u0111i\u1ec7n tr\u1edf gi\u1ea3m<\/td>\n<td class=\"specTable-clm-4\">1,3 m tr\u00ean b\u00ea-t\u00f4ng (2 l\u1ea7n theo m\u1ed7i h\u01b0\u1edbng ng\u1eabu nhi\u00ean)<\/td>\n<\/tr>\n<tr class=\"specTable-row\">\n<td class=\"specTable-clm-1\" colspan=\"3\">Ch\u1ed1ng ch\u1ecbu rung<\/td>\n<td class=\"specTable-clm-4\">10 \u0111\u1ebfn 55 Hz, 0,7 mm bi\u00ean \u0111\u1ed9 k\u00e9p, 2 gi\u1edd theo m\u1ed7i tr\u1ee5c X, Y v\u00e0 Z<\/td>\n<\/tr>\n<tr class=\"specTable-row\">\n<td class=\"specTable-clm-0\" colspan=\"4\">V\u1eadt li\u1ec7u<\/td>\n<td class=\"specTable-clm-4\">Polycarbonate<\/td>\n<\/tr>\n<tr class=\"specTable-row\">\n<td class=\"specTable-clm-0\" colspan=\"4\">Kh\u1ed1i l\u01b0\u1ee3ng<\/td>\n<td class=\"specTable-clm-4\">X\u1ea5p x\u1ec9 180 g<\/td>\n<\/tr>\n<tr class=\"specTable-foot\">\n<td class=\"specTable-clm-0\" colspan=\"5\"><sup>*1<\/sup>\u00a0T\u00ednh n\u0103ng n\u00e0y d\u00e0nh ri\u00eang cho k\u1ebft n\u1ed1i v\u1edbi c\u1ea3m bi\u1ebfn S\u00ea-ri IV.<br \/>\n<sup>*2<\/sup>\u00a0S\u1eed d\u1ee5ng s\u1ea3n ph\u1ea9m \u0111\u01b0\u1ee3c KEYENCE khuy\u00ean d\u00f9ng.<br \/>\n<sup>*3<\/sup>\u00a0N\u1ebfu nhi\u1ec7t \u0111\u1ed9 m\u00f4i tr\u01b0\u1eddng xung quanh cao h\u01a1n 40\u00b0C, h\u00e3y s\u1eed d\u1ee5ng m\u00e1y trong m\u00f4i tr\u01b0\u1eddng c\u00f3 \u0111\u1ed9 \u1ea9m tuy\u1ec7t \u0111\u1ed1i t\u1eeb 40\u00b0C 80% RH tr\u1edf xu\u1ed1ng.<\/td>\n<\/tr>\n<\/tbody>\n<\/table>\n<\/div>\n<table width=\"342\">\n<tbody>\n<tr>\n<td width=\"190\">Part #<\/td>\n<td width=\"152\">Manufacturer<\/td>\n<\/tr>\n<tr>\n<td>OP-87354<\/td>\n<td>KEYENCE<\/td>\n<\/tr>\n<tr>\n<td>OP-87231<\/td>\n<td>KEYENCE<\/td>\n<\/tr>\n<tr>\n<td>MS2-H150<\/td>\n<td>KEYENCE<\/td>\n<\/tr>\n<tr>\n<td>IL-2000<\/td>\n<td>KEYENCE<\/td>\n<\/tr>\n<tr>\n<td>FS-V21R<\/td>\n<td>KEYENCE<\/td>\n<\/tr>\n<tr>\n<td>EV-18M<\/td>\n<td>KEYENCE<\/td>\n<\/tr>\n<tr>\n<td>IV-500CA<\/td>\n<td>KEYENCE<\/td>\n<\/tr>\n<tr>\n<td>OP-87907<\/td>\n<td>KEYENCE<\/td>\n<\/tr>\n<tr>\n<td>OP-87440<\/td>\n<td>KEYENCE<\/td>\n<\/tr>\n<tr>\n<td>IV-M30<\/td>\n<td>KEYENCE<\/td>\n<\/tr>\n<tr>\n<td>OP-87443<\/td>\n<td>KEYENCE<\/td>\n<\/tr>\n<tr>\n<td>OP-87450<\/td>\n<td>KEYENCE<\/td>\n<\/tr>\n<tr>\n<td>LV-H62<\/td>\n<td>KEYENCE<\/td>\n<\/tr>\n<tr>\n<td>FU-21X<\/td>\n<td>KEYENCE<\/td>\n<\/tr>\n<tr>\n<td>LK-G155<\/td>\n<td>KEYENCE<\/td>\n<\/tr>\n<tr>\n<td>DH-220<\/td>\n<td>KEYENCE<\/td>\n<\/tr>\n<\/tbody>\n<\/table>\n<\/div>\n<\/div>\n<p>\u0110\u1ea1i l\u00fd Keyence vietnam, Keyence viet nam, Keyence vietnam distributor, Ph\u00e2n ph\u1ed1i Keyence t\u1ea1i vi\u1ec7t nam<\/p>\n<p>\u0110\u1ea1i l\u00fd Keyence vietnam, Keyence viet nam, Keyence vietnam distributor, Ph\u00e2n ph\u1ed1i Keyence t\u1ea1i vi\u1ec7t nam<\/p>\n<p>\u0110\u1ea1i l\u00fd Keyence vietnam, Keyence viet nam, Keyence vietnam distributor, Ph\u00e2n ph\u1ed1i Keyence t\u1ea1i vi\u1ec7t nam<\/p>\n<p>\u0110\u1ea1i l\u00fd Keyence vietnam, Keyence viet nam, Keyence vietnam distributor, Ph\u00e2n ph\u1ed1i Keyence t\u1ea1i vi\u1ec7t nam<\/p>\n<p>\u0110\u1ea1i l\u00fd Keyence vietnam, Keyence viet nam, Keyence vietnam distributor, Ph\u00e2n ph\u1ed1i Keyence t\u1ea1i vi\u1ec7t nam<\/p>\n","protected":false},"excerpt":{"rendered":"<p>KEYENCE IV-M30 KEYENCE IV2-CP50 M\u00e0n h\u00ecnh th\u00f4ng minh IV-M30 Th\u00f4ng s\u1ed1 k\u1ef9 thu\u1eadt M\u1eabu IV-M30 Ng\u00f4n ng\u1eef Ti\u1ebfng Nh\u1eadt\/Ti\u1ebfng Anh\/Ti\u1ebfng \u0110\u1ee9c\/Ti\u1ebfng Trung gi\u1ea3n th\u1ec3\/Ti\u1ebfng Trung ph\u1ed3n th\u1ec3\/Ti\u1ebfng \u00dd\/ Ti\u1ebfng Ph\u00e1p\/Ti\u1ebfng T\u00e2y Ban Nha\/Ti\u1ebfng B\u1ed3 \u0110\u00e0o Nha\/Ti\u1ebfng H\u00e0n Qu\u1ed1c Hi\u1ec3n th\u1ecb M\u00e0n h\u00ecnh TFT LCD m\u00e0u 3,5&#8243; 320 \u00d7 240 \u0111i\u1ec3m&hellip; <\/p>\n","protected":false},"featured_media":1590,"comment_status":"open","ping_status":"closed","template":"","meta":[],"product_cat":[292],"product_tag":[114,113,212],"class_list":{"0":"post-1589","1":"product","2":"type-product","3":"status-publish","4":"has-post-thumbnail","6":"product_cat-keyence","7":"product_tag-dai-ly-keyence-viet-nam","8":"product_tag-keyence-viet-nam","9":"product_tag-man-hinh","11":"first","12":"instock","13":"shipping-taxable","14":"product-type-simple"},"yoast_head":"<!-- This site is optimized with the Yoast SEO plugin v22.8 - https:\/\/yoast.com\/wordpress\/plugins\/seo\/ -->\n<title>KEYENCE IV-M30 - OMANI VI\u1ec6T NAM<\/title>\n<meta name=\"robots\" content=\"index, follow, max-snippet:-1, max-image-preview:large, max-video-preview:-1\" \/>\n<link rel=\"canonical\" href=\"https:\/\/omanivietnam.com\/index.php\/san-pham\/keyence-iv-m30\/\" \/>\n<meta property=\"og:locale\" content=\"vi_VN\" \/>\n<meta property=\"og:type\" content=\"article\" \/>\n<meta property=\"og:title\" content=\"KEYENCE IV-M30 - OMANI VI\u1ec6T NAM\" \/>\n<meta property=\"og:description\" content=\"KEYENCE IV-M30 KEYENCE IV2-CP50 M\u00e0n h\u00ecnh th\u00f4ng minh IV-M30 Th\u00f4ng s\u1ed1 k\u1ef9 thu\u1eadt M\u1eabu IV-M30 Ng\u00f4n ng\u1eef Ti\u1ebfng Nh\u1eadt\/Ti\u1ebfng Anh\/Ti\u1ebfng \u0110\u1ee9c\/Ti\u1ebfng Trung gi\u1ea3n th\u1ec3\/Ti\u1ebfng Trung ph\u1ed3n th\u1ec3\/Ti\u1ebfng \u00dd\/ Ti\u1ebfng Ph\u00e1p\/Ti\u1ebfng T\u00e2y Ban Nha\/Ti\u1ebfng B\u1ed3 \u0110\u00e0o Nha\/Ti\u1ebfng H\u00e0n Qu\u1ed1c Hi\u1ec3n th\u1ecb M\u00e0n h\u00ecnh TFT LCD m\u00e0u 3,5&#8243; 320 \u00d7 240 \u0111i\u1ec3m&hellip;\" \/>\n<meta property=\"og:url\" content=\"https:\/\/omanivietnam.com\/index.php\/san-pham\/keyence-iv-m30\/\" \/>\n<meta property=\"og:site_name\" content=\"OMANI VI\u1ec6T NAM\" \/>\n<meta property=\"article:modified_time\" content=\"2024-08-28T22:11:56+00:00\" \/>\n<meta property=\"og:image\" content=\"https:\/\/omanivietnam.com\/wp-content\/uploads\/2024\/08\/IV-M30.png\" \/>\n\t<meta property=\"og:image:width\" content=\"423\" \/>\n\t<meta property=\"og:image:height\" content=\"545\" \/>\n\t<meta property=\"og:image:type\" content=\"image\/png\" \/>\n<meta name=\"twitter:card\" content=\"summary_large_image\" \/>\n<meta name=\"twitter:label1\" content=\"\u01af\u1edbc t\u00ednh th\u1eddi gian \u0111\u1ecdc\" \/>\n\t<meta name=\"twitter:data1\" content=\"3 ph\u00fat\" \/>\n<script type=\"application\/ld+json\" class=\"yoast-schema-graph\">{\"@context\":\"https:\/\/schema.org\",\"@graph\":[{\"@type\":\"WebPage\",\"@id\":\"https:\/\/omanivietnam.com\/index.php\/san-pham\/keyence-iv-m30\/\",\"url\":\"https:\/\/omanivietnam.com\/index.php\/san-pham\/keyence-iv-m30\/\",\"name\":\"KEYENCE IV-M30 - OMANI VI\u1ec6T NAM\",\"isPartOf\":{\"@id\":\"https:\/\/omanivietnam.com\/#website\"},\"primaryImageOfPage\":{\"@id\":\"https:\/\/omanivietnam.com\/index.php\/san-pham\/keyence-iv-m30\/#primaryimage\"},\"image\":{\"@id\":\"https:\/\/omanivietnam.com\/index.php\/san-pham\/keyence-iv-m30\/#primaryimage\"},\"thumbnailUrl\":\"https:\/\/omanivietnam.com\/wp-content\/uploads\/2024\/08\/IV-M30.png\",\"datePublished\":\"2024-08-28T22:11:00+00:00\",\"dateModified\":\"2024-08-28T22:11:56+00:00\",\"breadcrumb\":{\"@id\":\"https:\/\/omanivietnam.com\/index.php\/san-pham\/keyence-iv-m30\/#breadcrumb\"},\"inLanguage\":\"vi\",\"potentialAction\":[{\"@type\":\"ReadAction\",\"target\":[\"https:\/\/omanivietnam.com\/index.php\/san-pham\/keyence-iv-m30\/\"]}]},{\"@type\":\"ImageObject\",\"inLanguage\":\"vi\",\"@id\":\"https:\/\/omanivietnam.com\/index.php\/san-pham\/keyence-iv-m30\/#primaryimage\",\"url\":\"https:\/\/omanivietnam.com\/wp-content\/uploads\/2024\/08\/IV-M30.png\",\"contentUrl\":\"https:\/\/omanivietnam.com\/wp-content\/uploads\/2024\/08\/IV-M30.png\",\"width\":423,\"height\":545},{\"@type\":\"BreadcrumbList\",\"@id\":\"https:\/\/omanivietnam.com\/index.php\/san-pham\/keyence-iv-m30\/#breadcrumb\",\"itemListElement\":[{\"@type\":\"ListItem\",\"position\":1,\"name\":\"Home\",\"item\":\"https:\/\/omanivietnam.com\/\"},{\"@type\":\"ListItem\",\"position\":2,\"name\":\"S\u1ea2N PH\u1ea8M\",\"item\":\"https:\/\/omanivietnam.com\/index.php\/cua-hang\/\"},{\"@type\":\"ListItem\",\"position\":3,\"name\":\"KEYENCE IV-M30\"}]},{\"@type\":\"WebSite\",\"@id\":\"https:\/\/omanivietnam.com\/#website\",\"url\":\"https:\/\/omanivietnam.com\/\",\"name\":\"OMANI VI\u1ec6T NAM\",\"description\":\"Nh\u00e0 ph\u00e2n ph\u1ed1i thi\u1ebft b\u1ecb kh\u00ed n\u00e9n v\u00e0 thi\u1ebft b\u1ecb t\u1ef1 \u0111\u1ed9ng h\u00f3a trong c\u00f4ng nghi\u1ec7p\",\"publisher\":{\"@id\":\"https:\/\/omanivietnam.com\/#\/schema\/person\/0ad398a980dc3fd696111c2c5c8fa897\"},\"potentialAction\":[{\"@type\":\"SearchAction\",\"target\":{\"@type\":\"EntryPoint\",\"urlTemplate\":\"https:\/\/omanivietnam.com\/?s={search_term_string}\"},\"query-input\":\"required name=search_term_string\"}],\"inLanguage\":\"vi\"},{\"@type\":[\"Person\",\"Organization\"],\"@id\":\"https:\/\/omanivietnam.com\/#\/schema\/person\/0ad398a980dc3fd696111c2c5c8fa897\",\"name\":\"Nguy\u1ec5n V\u0103n Kh\u00e1nh\",\"image\":{\"@type\":\"ImageObject\",\"inLanguage\":\"vi\",\"@id\":\"https:\/\/omanivietnam.com\/#\/schema\/person\/image\/\",\"url\":\"https:\/\/omanivietnam.com\/wp-content\/uploads\/2024\/06\/logo-1024x1024.png\",\"contentUrl\":\"https:\/\/omanivietnam.com\/wp-content\/uploads\/2024\/06\/logo-1024x1024.png\",\"width\":1024,\"height\":1024,\"caption\":\"Nguy\u1ec5n V\u0103n Kh\u00e1nh\"},\"logo\":{\"@id\":\"https:\/\/omanivietnam.com\/#\/schema\/person\/image\/\"},\"sameAs\":[\"https:\/\/omanivietnam.com\"]}]}<\/script>\n<!-- \/ Yoast SEO plugin. -->","yoast_head_json":{"title":"KEYENCE IV-M30 - OMANI VI\u1ec6T NAM","robots":{"index":"index","follow":"follow","max-snippet":"max-snippet:-1","max-image-preview":"max-image-preview:large","max-video-preview":"max-video-preview:-1"},"canonical":"https:\/\/omanivietnam.com\/index.php\/san-pham\/keyence-iv-m30\/","og_locale":"vi_VN","og_type":"article","og_title":"KEYENCE IV-M30 - OMANI VI\u1ec6T NAM","og_description":"KEYENCE IV-M30 KEYENCE IV2-CP50 M\u00e0n h\u00ecnh th\u00f4ng minh IV-M30 Th\u00f4ng s\u1ed1 k\u1ef9 thu\u1eadt M\u1eabu IV-M30 Ng\u00f4n ng\u1eef Ti\u1ebfng Nh\u1eadt\/Ti\u1ebfng Anh\/Ti\u1ebfng \u0110\u1ee9c\/Ti\u1ebfng Trung gi\u1ea3n th\u1ec3\/Ti\u1ebfng Trung ph\u1ed3n th\u1ec3\/Ti\u1ebfng \u00dd\/ Ti\u1ebfng Ph\u00e1p\/Ti\u1ebfng T\u00e2y Ban Nha\/Ti\u1ebfng B\u1ed3 \u0110\u00e0o Nha\/Ti\u1ebfng H\u00e0n Qu\u1ed1c Hi\u1ec3n th\u1ecb M\u00e0n h\u00ecnh TFT LCD m\u00e0u 3,5&#8243; 320 \u00d7 240 \u0111i\u1ec3m&hellip;","og_url":"https:\/\/omanivietnam.com\/index.php\/san-pham\/keyence-iv-m30\/","og_site_name":"OMANI VI\u1ec6T NAM","article_modified_time":"2024-08-28T22:11:56+00:00","og_image":[{"width":423,"height":545,"url":"https:\/\/omanivietnam.com\/wp-content\/uploads\/2024\/08\/IV-M30.png","type":"image\/png"}],"twitter_card":"summary_large_image","twitter_misc":{"\u01af\u1edbc t\u00ednh th\u1eddi gian \u0111\u1ecdc":"3 ph\u00fat"},"schema":{"@context":"https:\/\/schema.org","@graph":[{"@type":"WebPage","@id":"https:\/\/omanivietnam.com\/index.php\/san-pham\/keyence-iv-m30\/","url":"https:\/\/omanivietnam.com\/index.php\/san-pham\/keyence-iv-m30\/","name":"KEYENCE IV-M30 - OMANI VI\u1ec6T NAM","isPartOf":{"@id":"https:\/\/omanivietnam.com\/#website"},"primaryImageOfPage":{"@id":"https:\/\/omanivietnam.com\/index.php\/san-pham\/keyence-iv-m30\/#primaryimage"},"image":{"@id":"https:\/\/omanivietnam.com\/index.php\/san-pham\/keyence-iv-m30\/#primaryimage"},"thumbnailUrl":"https:\/\/omanivietnam.com\/wp-content\/uploads\/2024\/08\/IV-M30.png","datePublished":"2024-08-28T22:11:00+00:00","dateModified":"2024-08-28T22:11:56+00:00","breadcrumb":{"@id":"https:\/\/omanivietnam.com\/index.php\/san-pham\/keyence-iv-m30\/#breadcrumb"},"inLanguage":"vi","potentialAction":[{"@type":"ReadAction","target":["https:\/\/omanivietnam.com\/index.php\/san-pham\/keyence-iv-m30\/"]}]},{"@type":"ImageObject","inLanguage":"vi","@id":"https:\/\/omanivietnam.com\/index.php\/san-pham\/keyence-iv-m30\/#primaryimage","url":"https:\/\/omanivietnam.com\/wp-content\/uploads\/2024\/08\/IV-M30.png","contentUrl":"https:\/\/omanivietnam.com\/wp-content\/uploads\/2024\/08\/IV-M30.png","width":423,"height":545},{"@type":"BreadcrumbList","@id":"https:\/\/omanivietnam.com\/index.php\/san-pham\/keyence-iv-m30\/#breadcrumb","itemListElement":[{"@type":"ListItem","position":1,"name":"Home","item":"https:\/\/omanivietnam.com\/"},{"@type":"ListItem","position":2,"name":"S\u1ea2N PH\u1ea8M","item":"https:\/\/omanivietnam.com\/index.php\/cua-hang\/"},{"@type":"ListItem","position":3,"name":"KEYENCE IV-M30"}]},{"@type":"WebSite","@id":"https:\/\/omanivietnam.com\/#website","url":"https:\/\/omanivietnam.com\/","name":"OMANI VI\u1ec6T NAM","description":"Nh\u00e0 ph\u00e2n ph\u1ed1i thi\u1ebft b\u1ecb kh\u00ed n\u00e9n v\u00e0 thi\u1ebft b\u1ecb t\u1ef1 \u0111\u1ed9ng h\u00f3a trong c\u00f4ng nghi\u1ec7p","publisher":{"@id":"https:\/\/omanivietnam.com\/#\/schema\/person\/0ad398a980dc3fd696111c2c5c8fa897"},"potentialAction":[{"@type":"SearchAction","target":{"@type":"EntryPoint","urlTemplate":"https:\/\/omanivietnam.com\/?s={search_term_string}"},"query-input":"required name=search_term_string"}],"inLanguage":"vi"},{"@type":["Person","Organization"],"@id":"https:\/\/omanivietnam.com\/#\/schema\/person\/0ad398a980dc3fd696111c2c5c8fa897","name":"Nguy\u1ec5n V\u0103n Kh\u00e1nh","image":{"@type":"ImageObject","inLanguage":"vi","@id":"https:\/\/omanivietnam.com\/#\/schema\/person\/image\/","url":"https:\/\/omanivietnam.com\/wp-content\/uploads\/2024\/06\/logo-1024x1024.png","contentUrl":"https:\/\/omanivietnam.com\/wp-content\/uploads\/2024\/06\/logo-1024x1024.png","width":1024,"height":1024,"caption":"Nguy\u1ec5n V\u0103n Kh\u00e1nh"},"logo":{"@id":"https:\/\/omanivietnam.com\/#\/schema\/person\/image\/"},"sameAs":["https:\/\/omanivietnam.com"]}]}},"_links":{"self":[{"href":"https:\/\/omanivietnam.com\/index.php\/wp-json\/wp\/v2\/product\/1589","targetHints":{"allow":["GET"]}}],"collection":[{"href":"https:\/\/omanivietnam.com\/index.php\/wp-json\/wp\/v2\/product"}],"about":[{"href":"https:\/\/omanivietnam.com\/index.php\/wp-json\/wp\/v2\/types\/product"}],"replies":[{"embeddable":true,"href":"https:\/\/omanivietnam.com\/index.php\/wp-json\/wp\/v2\/comments?post=1589"}],"wp:featuredmedia":[{"embeddable":true,"href":"https:\/\/omanivietnam.com\/index.php\/wp-json\/wp\/v2\/media\/1590"}],"wp:attachment":[{"href":"https:\/\/omanivietnam.com\/index.php\/wp-json\/wp\/v2\/media?parent=1589"}],"wp:term":[{"taxonomy":"product_cat","embeddable":true,"href":"https:\/\/omanivietnam.com\/index.php\/wp-json\/wp\/v2\/product_cat?post=1589"},{"taxonomy":"product_tag","embeddable":true,"href":"https:\/\/omanivietnam.com\/index.php\/wp-json\/wp\/v2\/product_tag?post=1589"}],"curies":[{"name":"wp","href":"https:\/\/api.w.org\/{rel}","templated":true}]}}