{"id":1599,"date":"2024-08-29T21:12:59","date_gmt":"2024-08-29T14:12:59","guid":{"rendered":"https:\/\/omanivietnam.com\/?post_type=product&#038;p=1599"},"modified":"2024-08-29T21:14:44","modified_gmt":"2024-08-29T14:14:44","slug":"festo-vl-o-3-1-8-b","status":"publish","type":"product","link":"https:\/\/omanivietnam.com\/index.php\/san-pham\/festo-vl-o-3-1-8-b\/","title":{"rendered":"FESTO VL\/O-3-1\/8-B"},"content":{"rendered":"<p>FESTO VL\/O-3-1\/8-B 7803<\/p>\n<p>Th\u00f4ng s\u1ed1 k\u1ef9 thu\u1eadt<\/p>\n<table class=\"artikelauspraegung\">\n<tbody>\n<tr>\n<td class=\"hyphenate\">Valve function<\/td>\n<td class=\"hyphenate\">3\/2 open\/closed monostable<\/td>\n<\/tr>\n<tr>\n<td class=\"hyphenate\">Actuation type<\/td>\n<td class=\"hyphenate\">pneumatic<\/td>\n<\/tr>\n<tr>\n<td class=\"hyphenate\">Build.width [mm]<\/td>\n<td class=\"hyphenate\">26,0<\/td>\n<\/tr>\n<tr>\n<td class=\"hyphenate\">Normal nominal flow [l\/min]<\/td>\n<td class=\"hyphenate\">500<\/td>\n<\/tr>\n<tr>\n<td class=\"hyphenate\">Operating pressure [bar]<\/td>\n<td class=\"hyphenate\">-0.95 to 10<\/td>\n<\/tr>\n<tr>\n<td class=\"hyphenate\">Construction set up<\/td>\n<td class=\"hyphenate\">Plate seat<\/td>\n<\/tr>\n<tr>\n<td class=\"hyphenate\">Reset mode<\/td>\n<td class=\"hyphenate\">Mechanical spring<\/td>\n<\/tr>\n<tr>\n<td class=\"hyphenate\">Nominal width [mm]<\/td>\n<td class=\"hyphenate\">5<\/td>\n<\/tr>\n<tr>\n<td class=\"hyphenate\">Exhaust function<\/td>\n<td class=\"hyphenate\">Can be throttled<\/td>\n<\/tr>\n<tr>\n<td class=\"hyphenate\">Sealing principle<\/td>\n<td class=\"hyphenate\">Soft<\/td>\n<\/tr>\n<tr>\n<td class=\"hyphenate\">installation position<\/td>\n<td class=\"hyphenate\">arbitrary<\/td>\n<\/tr>\n<tr>\n<td class=\"hyphenate\">Control type<\/td>\n<td class=\"hyphenate\">Direct<\/td>\n<\/tr>\n<tr>\n<td class=\"hyphenate\">Control air supply<\/td>\n<td class=\"hyphenate\">external<\/td>\n<\/tr>\n<tr>\n<td class=\"hyphenate\">Flow direction<\/td>\n<td class=\"hyphenate\">Reversible<\/td>\n<\/tr>\n<tr>\n<td class=\"hyphenate\">\u00dcberdeckung<\/td>\n<td class=\"hyphenate\">negative \u00dcberdeckung<\/td>\n<\/tr>\n<tr>\n<td class=\"hyphenate\">Control pressure [bar]<\/td>\n<td class=\"hyphenate\">1 to 10<\/td>\n<\/tr>\n<tr>\n<td class=\"hyphenate\">Shifting time off [ms]<\/td>\n<td class=\"hyphenate\">10<\/td>\n<\/tr>\n<tr>\n<td class=\"hyphenate\">Shifting time on [ms]<\/td>\n<td class=\"hyphenate\">4<\/td>\n<\/tr>\n<tr>\n<td class=\"hyphenate\">Operating medium<\/td>\n<td class=\"hyphenate\">Compressed air to ISO 8573-1:2010 [7:4:4]<\/td>\n<\/tr>\n<tr>\n<td class=\"hyphenate\">Information about operating and control medium<\/td>\n<td class=\"hyphenate\">Oiled operation possible (required in further operations)<\/td>\n<\/tr>\n<tr>\n<td class=\"hyphenate\">Corrosion resistant class KBK<\/td>\n<td class=\"hyphenate\">1 &#8211; low corrosion stress<\/td>\n<\/tr>\n<tr>\n<td class=\"hyphenate\">Bearing temperature [\u00b0C]<\/td>\n<td class=\"hyphenate\">-20 to 60<\/td>\n<\/tr>\n<tr>\n<td class=\"hyphenate\">Medium temperature [\u00b0C]<\/td>\n<td class=\"hyphenate\">-10 to 60<\/td>\n<\/tr>\n<tr>\n<td class=\"hyphenate\">control medium<\/td>\n<td class=\"hyphenate\">Compressed air to ISO 8573-1:2010 [7:4:4]<\/td>\n<\/tr>\n<tr>\n<td class=\"hyphenate\">ambient temperature [\u00b0C]<\/td>\n<td class=\"hyphenate\">-10 to 60<\/td>\n<\/tr>\n<tr>\n<td class=\"hyphenate\">Product weight [g]<\/td>\n<td class=\"hyphenate\">150<\/td>\n<\/tr>\n<tr>\n<td class=\"hyphenate\">Fastening type<\/td>\n<td class=\"hyphenate\">With throughway bores,<br \/>\nSelectively:,<br \/>\non terminal strip<\/td>\n<\/tr>\n<tr>\n<td class=\"hyphenate\">Control air 110 connection<\/td>\n<td class=\"hyphenate\">G1\/8<\/td>\n<\/tr>\n<tr>\n<td class=\"hyphenate\">Control air 12 connection<\/td>\n<td class=\"hyphenate\">G1\/8<\/td>\n<\/tr>\n<tr>\n<td class=\"hyphenate\">Pneumatic connection 1<\/td>\n<td class=\"hyphenate\">G1\/8<\/td>\n<\/tr>\n<tr>\n<td class=\"hyphenate\">Pneumatic connection 11<\/td>\n<td class=\"hyphenate\">G1\/8<\/td>\n<\/tr>\n<tr>\n<td class=\"hyphenate\">Pneumatic connection 2<\/td>\n<td class=\"hyphenate\">G1\/8<\/td>\n<\/tr>\n<tr>\n<td class=\"hyphenate\">Pneumatic connection 3<\/td>\n<td class=\"hyphenate\">G1\/8<\/td>\n<\/tr>\n<tr>\n<td class=\"hyphenate\">Pneumatic connection 33<\/td>\n<td class=\"hyphenate\">G1\/8<\/td>\n<\/tr>\n<tr>\n<td class=\"hyphenate\">Material information<\/td>\n<td class=\"hyphenate\">RoHs compliant<\/td>\n<\/tr>\n<tr>\n<td class=\"hyphenate\">Seals material<\/td>\n<td class=\"hyphenate\">NBR<\/td>\n<\/tr>\n<tr>\n<td class=\"hyphenate\">Housing material<\/td>\n<td class=\"hyphenate\">Aluminium die casting<\/td>\n<\/tr>\n<tr>\n<td class=\"hyphenate\">Pitch dimension [mm]<\/td>\n<td class=\"hyphenate\">27<\/td>\n<\/tr>\n<tr>\n<td class=\"hyphenate\">Max. switching frequency [Hz]<\/td>\n<td class=\"hyphenate\">12<\/td>\n<\/tr>\n<\/tbody>\n<\/table>\n<p>&nbsp;<\/p>\n<table class=\"artikelauspraegung\">\n<tbody>\n<tr>\n<td>Weight<\/td>\n<td>150 g \/ pcs<\/td>\n<\/tr>\n<tr>\n<td>GTIN<\/td>\n<td>4052568001605<\/td>\n<\/tr>\n<tr>\n<td>Customs duty number<\/td>\n<td>84812090<\/td>\n<\/tr>\n<tr>\n<td>Manufacturer<\/td>\n<td>Festo<\/td>\n<\/tr>\n<\/tbody>\n<\/table>\n<p>&nbsp;<\/p>\n<p>\u0110\u1ea1i l\u00fd FESTO vietnam, FESTO viet nam, FESTO vietnam distributor, Ph\u00e2n ph\u1ed1i FESTO t\u1ea1i vi\u1ec7t nam<\/p>\n<p>\u0110\u1ea1i l\u00fd FESTO vietnam, FESTO viet nam, FESTO vietnam distributor, Ph\u00e2n ph\u1ed1i FESTO t\u1ea1i vi\u1ec7t nam<\/p>\n<p>\u0110\u1ea1i l\u00fd FESTO vietnam, FESTO viet nam, FESTO vietnam distributor, Ph\u00e2n ph\u1ed1i FESTO t\u1ea1i vi\u1ec7t nam<\/p>\n<p>\u0110\u1ea1i l\u00fd FESTO vietnam, FESTO viet nam, FESTO vietnam distributor, Ph\u00e2n ph\u1ed1i FESTO t\u1ea1i vi\u1ec7t nam<\/p>\n<p>\u0110\u1ea1i l\u00fd FESTO vietnam, FESTO viet nam, FESTO vietnam distributor, Ph\u00e2n ph\u1ed1i FESTO t\u1ea1i vi\u1ec7t<\/p>\n","protected":false},"excerpt":{"rendered":"<p>FESTO VL\/O-3-1\/8-B 7803 Th\u00f4ng s\u1ed1 k\u1ef9 thu\u1eadt Valve function 3\/2 open\/closed monostable Actuation type pneumatic Build.width [mm] 26,0 Normal nominal flow [l\/min] 500 Operating pressure [bar] -0.95 to 10 Construction set up Plate seat Reset mode Mechanical spring Nominal width [mm] 5 Exhaust function Can be throttled Sealing principle Soft&hellip; <\/p>\n","protected":false},"featured_media":1600,"comment_status":"open","ping_status":"closed","template":"","meta":[],"product_cat":[284],"product_tag":[364,363,102],"class_list":{"0":"post-1599","1":"product","2":"type-product","3":"status-publish","4":"has-post-thumbnail","6":"product_cat-festo","7":"product_tag-dai-ly-festo-viet-nam","8":"product_tag-festo-viet-nam","9":"product_tag-van-khi-nen","11":"first","12":"instock","13":"shipping-taxable","14":"product-type-simple"},"yoast_head":"<!-- This site is optimized with the Yoast SEO plugin v22.8 - https:\/\/yoast.com\/wordpress\/plugins\/seo\/ -->\n<title>FESTO VL\/O-3-1\/8-B - OMANI VI\u1ec6T NAM<\/title>\n<meta name=\"robots\" content=\"index, follow, max-snippet:-1, max-image-preview:large, max-video-preview:-1\" \/>\n<link rel=\"canonical\" href=\"https:\/\/omanivietnam.com\/index.php\/san-pham\/festo-vl-o-3-1-8-b\/\" \/>\n<meta property=\"og:locale\" content=\"vi_VN\" \/>\n<meta property=\"og:type\" content=\"article\" \/>\n<meta property=\"og:title\" content=\"FESTO VL\/O-3-1\/8-B - OMANI VI\u1ec6T NAM\" \/>\n<meta property=\"og:description\" content=\"FESTO VL\/O-3-1\/8-B 7803 Th\u00f4ng s\u1ed1 k\u1ef9 thu\u1eadt Valve function 3\/2 open\/closed monostable Actuation type pneumatic Build.width [mm] 26,0 Normal nominal flow [l\/min] 500 Operating pressure [bar] -0.95 to 10 Construction set up Plate seat Reset mode Mechanical spring Nominal width [mm] 5 Exhaust function Can be throttled Sealing principle Soft&hellip;\" \/>\n<meta property=\"og:url\" content=\"https:\/\/omanivietnam.com\/index.php\/san-pham\/festo-vl-o-3-1-8-b\/\" \/>\n<meta property=\"og:site_name\" content=\"OMANI VI\u1ec6T NAM\" \/>\n<meta property=\"article:modified_time\" content=\"2024-08-29T14:14:44+00:00\" \/>\n<meta property=\"og:image\" content=\"https:\/\/omanivietnam.com\/wp-content\/uploads\/2024\/08\/FESTO.png\" \/>\n\t<meta property=\"og:image:width\" content=\"385\" \/>\n\t<meta property=\"og:image:height\" content=\"377\" \/>\n\t<meta property=\"og:image:type\" content=\"image\/png\" \/>\n<meta name=\"twitter:card\" content=\"summary_large_image\" \/>\n<meta name=\"twitter:label1\" content=\"\u01af\u1edbc t\u00ednh th\u1eddi gian \u0111\u1ecdc\" \/>\n\t<meta name=\"twitter:data1\" content=\"2 ph\u00fat\" \/>\n<script type=\"application\/ld+json\" class=\"yoast-schema-graph\">{\"@context\":\"https:\/\/schema.org\",\"@graph\":[{\"@type\":\"WebPage\",\"@id\":\"https:\/\/omanivietnam.com\/index.php\/san-pham\/festo-vl-o-3-1-8-b\/\",\"url\":\"https:\/\/omanivietnam.com\/index.php\/san-pham\/festo-vl-o-3-1-8-b\/\",\"name\":\"FESTO VL\/O-3-1\/8-B - OMANI VI\u1ec6T NAM\",\"isPartOf\":{\"@id\":\"https:\/\/omanivietnam.com\/#website\"},\"primaryImageOfPage\":{\"@id\":\"https:\/\/omanivietnam.com\/index.php\/san-pham\/festo-vl-o-3-1-8-b\/#primaryimage\"},\"image\":{\"@id\":\"https:\/\/omanivietnam.com\/index.php\/san-pham\/festo-vl-o-3-1-8-b\/#primaryimage\"},\"thumbnailUrl\":\"https:\/\/omanivietnam.com\/wp-content\/uploads\/2024\/08\/FESTO.png\",\"datePublished\":\"2024-08-29T14:12:59+00:00\",\"dateModified\":\"2024-08-29T14:14:44+00:00\",\"breadcrumb\":{\"@id\":\"https:\/\/omanivietnam.com\/index.php\/san-pham\/festo-vl-o-3-1-8-b\/#breadcrumb\"},\"inLanguage\":\"vi\",\"potentialAction\":[{\"@type\":\"ReadAction\",\"target\":[\"https:\/\/omanivietnam.com\/index.php\/san-pham\/festo-vl-o-3-1-8-b\/\"]}]},{\"@type\":\"ImageObject\",\"inLanguage\":\"vi\",\"@id\":\"https:\/\/omanivietnam.com\/index.php\/san-pham\/festo-vl-o-3-1-8-b\/#primaryimage\",\"url\":\"https:\/\/omanivietnam.com\/wp-content\/uploads\/2024\/08\/FESTO.png\",\"contentUrl\":\"https:\/\/omanivietnam.com\/wp-content\/uploads\/2024\/08\/FESTO.png\",\"width\":385,\"height\":377},{\"@type\":\"BreadcrumbList\",\"@id\":\"https:\/\/omanivietnam.com\/index.php\/san-pham\/festo-vl-o-3-1-8-b\/#breadcrumb\",\"itemListElement\":[{\"@type\":\"ListItem\",\"position\":1,\"name\":\"Home\",\"item\":\"https:\/\/omanivietnam.com\/\"},{\"@type\":\"ListItem\",\"position\":2,\"name\":\"S\u1ea2N PH\u1ea8M\",\"item\":\"https:\/\/omanivietnam.com\/index.php\/cua-hang\/\"},{\"@type\":\"ListItem\",\"position\":3,\"name\":\"FESTO VL\/O-3-1\/8-B\"}]},{\"@type\":\"WebSite\",\"@id\":\"https:\/\/omanivietnam.com\/#website\",\"url\":\"https:\/\/omanivietnam.com\/\",\"name\":\"OMANI VI\u1ec6T NAM\",\"description\":\"Nh\u00e0 ph\u00e2n ph\u1ed1i thi\u1ebft b\u1ecb kh\u00ed n\u00e9n v\u00e0 thi\u1ebft b\u1ecb t\u1ef1 \u0111\u1ed9ng h\u00f3a trong c\u00f4ng nghi\u1ec7p\",\"publisher\":{\"@id\":\"https:\/\/omanivietnam.com\/#\/schema\/person\/0ad398a980dc3fd696111c2c5c8fa897\"},\"potentialAction\":[{\"@type\":\"SearchAction\",\"target\":{\"@type\":\"EntryPoint\",\"urlTemplate\":\"https:\/\/omanivietnam.com\/?s={search_term_string}\"},\"query-input\":\"required name=search_term_string\"}],\"inLanguage\":\"vi\"},{\"@type\":[\"Person\",\"Organization\"],\"@id\":\"https:\/\/omanivietnam.com\/#\/schema\/person\/0ad398a980dc3fd696111c2c5c8fa897\",\"name\":\"Nguy\u1ec5n V\u0103n Kh\u00e1nh\",\"image\":{\"@type\":\"ImageObject\",\"inLanguage\":\"vi\",\"@id\":\"https:\/\/omanivietnam.com\/#\/schema\/person\/image\/\",\"url\":\"https:\/\/omanivietnam.com\/wp-content\/uploads\/2024\/06\/logo-1024x1024.png\",\"contentUrl\":\"https:\/\/omanivietnam.com\/wp-content\/uploads\/2024\/06\/logo-1024x1024.png\",\"width\":1024,\"height\":1024,\"caption\":\"Nguy\u1ec5n V\u0103n Kh\u00e1nh\"},\"logo\":{\"@id\":\"https:\/\/omanivietnam.com\/#\/schema\/person\/image\/\"},\"sameAs\":[\"https:\/\/omanivietnam.com\"]}]}<\/script>\n<!-- \/ Yoast SEO plugin. -->","yoast_head_json":{"title":"FESTO VL\/O-3-1\/8-B - OMANI VI\u1ec6T NAM","robots":{"index":"index","follow":"follow","max-snippet":"max-snippet:-1","max-image-preview":"max-image-preview:large","max-video-preview":"max-video-preview:-1"},"canonical":"https:\/\/omanivietnam.com\/index.php\/san-pham\/festo-vl-o-3-1-8-b\/","og_locale":"vi_VN","og_type":"article","og_title":"FESTO VL\/O-3-1\/8-B - OMANI VI\u1ec6T NAM","og_description":"FESTO VL\/O-3-1\/8-B 7803 Th\u00f4ng s\u1ed1 k\u1ef9 thu\u1eadt Valve function 3\/2 open\/closed monostable Actuation type pneumatic Build.width [mm] 26,0 Normal nominal flow [l\/min] 500 Operating pressure [bar] -0.95 to 10 Construction set up Plate seat Reset mode Mechanical spring Nominal width [mm] 5 Exhaust function Can be throttled Sealing principle Soft&hellip;","og_url":"https:\/\/omanivietnam.com\/index.php\/san-pham\/festo-vl-o-3-1-8-b\/","og_site_name":"OMANI VI\u1ec6T NAM","article_modified_time":"2024-08-29T14:14:44+00:00","og_image":[{"width":385,"height":377,"url":"https:\/\/omanivietnam.com\/wp-content\/uploads\/2024\/08\/FESTO.png","type":"image\/png"}],"twitter_card":"summary_large_image","twitter_misc":{"\u01af\u1edbc t\u00ednh th\u1eddi gian \u0111\u1ecdc":"2 ph\u00fat"},"schema":{"@context":"https:\/\/schema.org","@graph":[{"@type":"WebPage","@id":"https:\/\/omanivietnam.com\/index.php\/san-pham\/festo-vl-o-3-1-8-b\/","url":"https:\/\/omanivietnam.com\/index.php\/san-pham\/festo-vl-o-3-1-8-b\/","name":"FESTO VL\/O-3-1\/8-B - OMANI VI\u1ec6T NAM","isPartOf":{"@id":"https:\/\/omanivietnam.com\/#website"},"primaryImageOfPage":{"@id":"https:\/\/omanivietnam.com\/index.php\/san-pham\/festo-vl-o-3-1-8-b\/#primaryimage"},"image":{"@id":"https:\/\/omanivietnam.com\/index.php\/san-pham\/festo-vl-o-3-1-8-b\/#primaryimage"},"thumbnailUrl":"https:\/\/omanivietnam.com\/wp-content\/uploads\/2024\/08\/FESTO.png","datePublished":"2024-08-29T14:12:59+00:00","dateModified":"2024-08-29T14:14:44+00:00","breadcrumb":{"@id":"https:\/\/omanivietnam.com\/index.php\/san-pham\/festo-vl-o-3-1-8-b\/#breadcrumb"},"inLanguage":"vi","potentialAction":[{"@type":"ReadAction","target":["https:\/\/omanivietnam.com\/index.php\/san-pham\/festo-vl-o-3-1-8-b\/"]}]},{"@type":"ImageObject","inLanguage":"vi","@id":"https:\/\/omanivietnam.com\/index.php\/san-pham\/festo-vl-o-3-1-8-b\/#primaryimage","url":"https:\/\/omanivietnam.com\/wp-content\/uploads\/2024\/08\/FESTO.png","contentUrl":"https:\/\/omanivietnam.com\/wp-content\/uploads\/2024\/08\/FESTO.png","width":385,"height":377},{"@type":"BreadcrumbList","@id":"https:\/\/omanivietnam.com\/index.php\/san-pham\/festo-vl-o-3-1-8-b\/#breadcrumb","itemListElement":[{"@type":"ListItem","position":1,"name":"Home","item":"https:\/\/omanivietnam.com\/"},{"@type":"ListItem","position":2,"name":"S\u1ea2N PH\u1ea8M","item":"https:\/\/omanivietnam.com\/index.php\/cua-hang\/"},{"@type":"ListItem","position":3,"name":"FESTO VL\/O-3-1\/8-B"}]},{"@type":"WebSite","@id":"https:\/\/omanivietnam.com\/#website","url":"https:\/\/omanivietnam.com\/","name":"OMANI VI\u1ec6T NAM","description":"Nh\u00e0 ph\u00e2n ph\u1ed1i thi\u1ebft b\u1ecb kh\u00ed n\u00e9n v\u00e0 thi\u1ebft b\u1ecb t\u1ef1 \u0111\u1ed9ng h\u00f3a trong c\u00f4ng nghi\u1ec7p","publisher":{"@id":"https:\/\/omanivietnam.com\/#\/schema\/person\/0ad398a980dc3fd696111c2c5c8fa897"},"potentialAction":[{"@type":"SearchAction","target":{"@type":"EntryPoint","urlTemplate":"https:\/\/omanivietnam.com\/?s={search_term_string}"},"query-input":"required name=search_term_string"}],"inLanguage":"vi"},{"@type":["Person","Organization"],"@id":"https:\/\/omanivietnam.com\/#\/schema\/person\/0ad398a980dc3fd696111c2c5c8fa897","name":"Nguy\u1ec5n V\u0103n Kh\u00e1nh","image":{"@type":"ImageObject","inLanguage":"vi","@id":"https:\/\/omanivietnam.com\/#\/schema\/person\/image\/","url":"https:\/\/omanivietnam.com\/wp-content\/uploads\/2024\/06\/logo-1024x1024.png","contentUrl":"https:\/\/omanivietnam.com\/wp-content\/uploads\/2024\/06\/logo-1024x1024.png","width":1024,"height":1024,"caption":"Nguy\u1ec5n V\u0103n Kh\u00e1nh"},"logo":{"@id":"https:\/\/omanivietnam.com\/#\/schema\/person\/image\/"},"sameAs":["https:\/\/omanivietnam.com"]}]}},"_links":{"self":[{"href":"https:\/\/omanivietnam.com\/index.php\/wp-json\/wp\/v2\/product\/1599","targetHints":{"allow":["GET"]}}],"collection":[{"href":"https:\/\/omanivietnam.com\/index.php\/wp-json\/wp\/v2\/product"}],"about":[{"href":"https:\/\/omanivietnam.com\/index.php\/wp-json\/wp\/v2\/types\/product"}],"replies":[{"embeddable":true,"href":"https:\/\/omanivietnam.com\/index.php\/wp-json\/wp\/v2\/comments?post=1599"}],"wp:featuredmedia":[{"embeddable":true,"href":"https:\/\/omanivietnam.com\/index.php\/wp-json\/wp\/v2\/media\/1600"}],"wp:attachment":[{"href":"https:\/\/omanivietnam.com\/index.php\/wp-json\/wp\/v2\/media?parent=1599"}],"wp:term":[{"taxonomy":"product_cat","embeddable":true,"href":"https:\/\/omanivietnam.com\/index.php\/wp-json\/wp\/v2\/product_cat?post=1599"},{"taxonomy":"product_tag","embeddable":true,"href":"https:\/\/omanivietnam.com\/index.php\/wp-json\/wp\/v2\/product_tag?post=1599"}],"curies":[{"name":"wp","href":"https:\/\/api.w.org\/{rel}","templated":true}]}}