{"id":1607,"date":"2024-08-29T21:58:06","date_gmt":"2024-08-29T14:58:06","guid":{"rendered":"https:\/\/omanivietnam.com\/?post_type=product&#038;p=1607"},"modified":"2024-08-29T21:59:09","modified_gmt":"2024-08-29T14:59:09","slug":"keyence-lr-x250","status":"publish","type":"product","link":"https:\/\/omanivietnam.com\/index.php\/san-pham\/keyence-lr-x250\/","title":{"rendered":"KEYENCE LR-X250"},"content":{"rendered":"<p>KEYENCE LR-X250<\/p>\n<p class=\"title-product item_name\">C\u1ea3m bi\u1ebfn laser Keyence LR-X250<\/p>\n<p class=\"prd-utility-heading-3 prd-utility-marginBottom-7\">Th\u00f4ng s\u1ed1 k\u1ef9 thu\u1eadt<\/p>\n<div class=\"prd-specsTable prd-utility-focusRing\" style=\"padding: 0px;margin: 0px;color: #484b4c;font-family: myriad-pro, helvetica, Arial, meiryo, sans-serif;font-size: 17px;font-style: normal;font-weight: 400;letter-spacing: normal;text-align: left;text-indent: 0px;text-transform: none;background-color: #fafafa\" data-controller=\"horizontal-scroll-state scroll-to-coord\" data-action=\"resize@window-&gt;horizontal-scroll-state#setOverflowing scroll-&gt;horizontal-scroll-state#setScrolled\" data-horizontal-scroll-state-target=\"container\" data-horizontal-scroll-state-overflowing-class=\"is-overflowing\" data-horizontal-scroll-state-has-scrolled-class=\"is-hasScrolled\" data-scroll-to-coord-target=\"container\">\n<div class=\"prd-utility-body-small\">\n<div class=\"specTable-block\">\n<table class=\"specTable-stibo-3282397\">\n<tbody>\n<tr class=\"specTable-row\">\n<td class=\"specTable-clm-0\" colspan=\"4\">M\u1eabu<\/td>\n<td class=\"specTable-clm-4\">LR-X250<\/td>\n<\/tr>\n<tr class=\"specTable-row\">\n<td class=\"specTable-clm-0\" colspan=\"4\">Lo\u1ea1i<\/td>\n<td class=\"specTable-clm-4\">Lo\u1ea1i c\u00e1p<\/td>\n<\/tr>\n<tr class=\"specTable-row\">\n<td class=\"specTable-clm-0\" colspan=\"4\">Kho\u1ea3ng c\u00e1ch ph\u00e1t hi\u1ec7n<\/td>\n<td class=\"specTable-clm-4\">30 \u0111\u1ebfn 250 mm<\/td>\n<\/tr>\n<tr class=\"specTable-row\">\n<td class=\"specTable-clm-0\" colspan=\"4\">\u0110\u1ed9 l\u1ec7ch c\u00f3 th\u1ec3 ph\u00e1t hi\u1ec7n ti\u00eau chu\u1ea9n<\/td>\n<td class=\"specTable-clm-4\">30 \u0111\u1ebfn 180 mm: 9 mm<br \/>\n180 \u0111\u1ebfn 250 mm: 18 mm<\/td>\n<\/tr>\n<tr class=\"specTable-row\">\n<td class=\"specTable-clm-0\" colspan=\"4\">\u0110\u1ed9 ph\u00e2n gi\u1ea3i m\u00e0n h\u00ecnh<\/td>\n<td class=\"specTable-clm-4\">1 \u0111\u1ebfn 2 mm<\/td>\n<\/tr>\n<tr class=\"specTable-row\">\n<td class=\"specTable-clm-0\" colspan=\"4\">K\u00edch th\u01b0\u1edbc \u0111i\u1ec3m<\/td>\n<td class=\"specTable-clm-4\">X\u1ea5p x\u1ec9 0,8 mm \u00d7 X\u1ea5p x\u1ec9 1,2 mm<br \/>\n(\u1edf kho\u1ea3ng c\u00e1ch ph\u00e1t hi\u1ec7n l\u00e0 250 mm)<\/td>\n<\/tr>\n<tr class=\"specTable-row\">\n<td class=\"specTable-clm-0\" colspan=\"4\">Th\u1eddi gian \u0111\u00e1p \u1ee9ng<\/td>\n<td class=\"specTable-clm-4\">C\u00f3 th\u1ec3 ch\u1ecdn 500 \u03bcs<sup>*1<\/sup>\/1 ms\/3 ms\/10 ms\/200 ms<\/td>\n<\/tr>\n<tr class=\"specTable-row\">\n<td class=\"specTable-clm-0\" rowspan=\"2\">Ngu\u1ed3n s\u00e1ng<\/td>\n<td class=\"specTable-clm-1\" colspan=\"3\">Lo\u1ea1i<\/td>\n<td class=\"specTable-clm-4\">Tia laser xanh (505 nm)<\/td>\n<\/tr>\n<tr class=\"specTable-row\">\n<td class=\"specTable-clm-1\" colspan=\"3\">Lo\u1ea1i laser<\/td>\n<td class=\"specTable-clm-4\">S\u1ea3n ph\u1ea9m laser Lo\u1ea1i 1 (IEC60825-1, FDA (CDRH), Part1040.10<sup>*2<\/sup>)<\/td>\n<\/tr>\n<tr class=\"specTable-row\">\n<td class=\"specTable-clm-0\" colspan=\"4\">IO-Link<\/td>\n<td class=\"specTable-clm-4\">Th\u00f4ng s\u1ed1 k\u1ef9 thu\u1eadt v1.1\/COM2 (38,4 kbps)<\/td>\n<\/tr>\n<tr class=\"specTable-row\">\n<td class=\"specTable-clm-0\">Ch\u1ee9c n\u0103ng<\/td>\n<td class=\"specTable-clm-1\" colspan=\"3\">Ch\u1ee9c n\u0103ng h\u1eb9n gi\u1edd<\/td>\n<td class=\"specTable-clm-4\">B\u1ed9 h\u1eb9n gi\u1edd T\u1eaeT\/Tr\u1ec5 T\u1eaft\/Tr\u1ec5 B\u1eadt\/K\u00edch m\u1ed9t xung\/Tr\u1ec5 B\u1eadt-T\u1eaft\/Tr\u1ec5 B\u1eadt K\u00edch m\u1ed9t xung<\/td>\n<\/tr>\n<tr class=\"specTable-row\">\n<td class=\"specTable-clm-0\" rowspan=\"2\">Ng\u00f5 v\u00e0o\/ng\u00f5 ra<\/td>\n<td class=\"specTable-clm-1\" colspan=\"3\">Ng\u00f5 ra \u0111i\u1ec1u khi\u1ec3n<\/td>\n<td class=\"specTable-clm-4\">C\u1ef1c g\u00f3p h\u1edf NPN\/C\u1ef1c g\u00f3p h\u1edf PNP, N.O.\/N.C.\u3000\u3000<sup>*3<\/sup><br \/>\n30 VDC tr\u1edf xu\u1ed1ng, 50 mA tr\u1edf xu\u1ed1ng, \u0111i\u1ec7n \u00e1p d\u01b0 2 V tr\u1edf xu\u1ed1ng<\/td>\n<\/tr>\n<tr class=\"specTable-row\">\n<td class=\"specTable-clm-1\" colspan=\"3\">Ng\u00f5 v\u00e0o ph\u1ee5<\/td>\n<td class=\"specTable-clm-4\">C\u00f3 th\u1ec3 ch\u1ecdn Thi\u1ebft l\u1eadp b\u00ean ngo\u00e0i\/Laser T\u1eaeT\/Chuy\u1ec3n \u0111\u1ed5i 0\/\u0110\u1eb7t l\u1ea1i gi\u1eef\/C\u1ea3nh b\u00e1o con quay h\u1ed3i chuy\u1ec3n RST\u3000\u3000<sup>*3<\/sup><br \/>\nD\u00f2ng \u0111i\u1ec7n \u0111o\u1ea3n m\u1ea1ch &#8211; NPN: 1 mA tr\u1edf xu\u1ed1ng, PNP: 2 mA tr\u1edf xu\u1ed1ng<br \/>\nTh\u1eddi gian ng\u00f5 v\u00e0o 3 ms tr\u1edf l\u00ean B\u1eacT, 20 ms tr\u1edf l\u00ean T\u1eaeT<br \/>\n(25 ms tr\u1edf l\u00ean B\u1eacT, 25 ms tr\u1edf l\u00ean T\u1eaeT khi ch\u1ec9 ch\u1ecdn Thi\u1ebft l\u1eadp b\u00ean ngo\u00e0i)<\/td>\n<\/tr>\n<tr class=\"specTable-row\">\n<td class=\"specTable-clm-0\" colspan=\"4\">M\u1ea1ch b\u1ea3o v\u1ec7<\/td>\n<td class=\"specTable-clm-4\">B\u1ea3o v\u1ec7 ch\u1ed1ng k\u1ebft n\u1ed1i ngu\u1ed3n \u0111\u1ea3o ng\u01b0\u1ee3c, b\u1ea3o v\u1ec7 ch\u1ed1ng qu\u00e1 d\u00f2ng ng\u00f5 ra,<br \/>\nb\u1ea3o v\u1ec7 ch\u1ed1ng t\u0103ng \u0111\u1ed9t bi\u1ebfn \u0111i\u1ec7n ng\u00f5 ra, b\u1ea3o v\u1ec7 ch\u1ed1ng k\u1ebft n\u1ed1i ng\u00f5 ra \u0111\u1ea3o ng\u01b0\u1ee3c<\/td>\n<\/tr>\n<tr class=\"specTable-row\">\n<td class=\"specTable-clm-0\" rowspan=\"2\">Ngu\u1ed3n \u0111i\u1ec7n cung c\u1ea5p<\/td>\n<td class=\"specTable-clm-1\" colspan=\"3\">\u0110i\u1ec7n \u00e1p ngu\u1ed3n<\/td>\n<td class=\"specTable-clm-4\">16 \u0111\u1ebfn 30 VDC (bao g\u1ed3m \u0111\u1ed9 g\u1ee3n 10% (P-P) tr\u1edf xu\u1ed1ng, Class 2<\/td>\n<\/tr>\n<tr class=\"specTable-row\">\n<td class=\"specTable-clm-1\" colspan=\"3\">C\u00f4ng su\u1ea5t ti\u00eau th\u1ee5<\/td>\n<td class=\"specTable-clm-4\">Trong qu\u00e1 tr\u00ecnh v\u1eadn h\u00e0nh b\u00ecnh th\u01b0\u1eddng: 970 mW (38 mA tr\u1edf xu\u1ed1ng \u1edf 24 V, 53 mA tr\u1edf xu\u1ed1ng \u1edf 16 V) (Kh\u00f4ng bao g\u1ed3m d\u00f2ng \u0111i\u1ec7n t\u1ea3i)<br \/>\nECO B\u1eacT\/T\u1ea4T C\u1ea2: 821 mW (32 mA tr\u1edf xu\u1ed1ng \u1edf 24 V, 44 mA tr\u1edf xu\u1ed1ng \u1edf 16 V) (Kh\u00f4ng bao g\u1ed3m d\u00f2ng \u0111i\u1ec7n t\u1ea3i)<\/td>\n<\/tr>\n<tr class=\"specTable-row\">\n<td class=\"specTable-clm-0\" rowspan=\"6\">Kh\u1ea3 n\u0103ng ch\u1ed1ng ch\u1ecbu v\u1edbi m\u00f4i tr\u01b0\u1eddng<\/td>\n<td class=\"specTable-clm-1\" colspan=\"3\">Ch\u1ec9 s\u1ed1 ch\u1ed1ng ch\u1ecbu th\u1eddi ti\u1ebft cho v\u1ecf b\u1ecdc<\/td>\n<td class=\"specTable-clm-4\">IP65\/IP67(IEC60529)<\/td>\n<\/tr>\n<tr class=\"specTable-row\">\n<td class=\"specTable-clm-1\" colspan=\"3\">\u00c1nh s\u00e1ng m\u00f4i tr\u01b0\u1eddng xung quanh<\/td>\n<td class=\"specTable-clm-4\">\u0110\u00e8n b\u00f3ng tr\u00f2n: 8.000 lx tr\u1edf xu\u1ed1ng<br \/>\n\u00c1nh s\u00e1ng m\u1eb7t tr\u1eddi: 8.000 lx tr\u1edf xu\u1ed1ng<\/td>\n<\/tr>\n<tr class=\"specTable-row\">\n<td class=\"specTable-clm-1\" colspan=\"3\">Nhi\u1ec7t \u0111\u1ed9 m\u00f4i tr\u01b0\u1eddng xung quanh<\/td>\n<td class=\"specTable-clm-4\">-10\u00b0C \u0111\u1ebfn +50\u00b0C (kh\u00f4ng \u0111\u00f3ng b\u0103ng)<\/td>\n<\/tr>\n<tr class=\"specTable-row\">\n<td class=\"specTable-clm-1\" colspan=\"3\">\u0110\u1ed9 \u1ea9m m\u00f4i tr\u01b0\u1eddng xung quanh<\/td>\n<td class=\"specTable-clm-4\">35 t\u1edbi 85% RH (kh\u00f4ng ng\u01b0ng t\u1ee5)<\/td>\n<\/tr>\n<tr class=\"specTable-row\">\n<td class=\"specTable-clm-1\" colspan=\"3\">Ch\u1ed1ng ch\u1ecbu rung<\/td>\n<td class=\"specTable-clm-4\">10 \u0111\u1ebfn 500 Hz; m\u1eadt \u0111\u1ed9 ph\u1ed5 c\u00f4ng su\u1ea5t: 0,816 G<sup>2<\/sup>\/Hz theo h\u01b0\u1edbng tr\u1ee5c X, Y v\u00e0 Zs<\/td>\n<\/tr>\n<tr class=\"specTable-row\">\n<td class=\"specTable-clm-1\" colspan=\"3\">Ch\u1ed1ng ch\u1ecbu va \u0111\u1eadp<\/td>\n<td class=\"specTable-clm-4\">1.000 m\/s<sup>2<\/sup>\u00a0(100G) m\u1ed7i 6 l\u1ea7n theo h\u01b0\u1edbng tr\u1ee5c X, Y v\u00e0 Z<\/td>\n<\/tr>\n<tr class=\"specTable-row\">\n<td class=\"specTable-clm-0\" colspan=\"4\">V\u1eadt li\u1ec7u<\/td>\n<td class=\"specTable-clm-4\">V\u1ecf \u0111\u1ea7u c\u1ea3m bi\u1ebfn: SUS316L; N\u1eafp \u0111\u1eady \u1ed1ng k\u00ednh \u0111\u1ea7u c\u1ea3m bi\u1ebfn: PSU<br \/>\nMi\u1ebfng \u0111\u1ec7m \u0111\u1ea7u c\u1ea3m bi\u1ebfn: FKM (n\u1eafp \u1ed1ng k\u00ednh), EVM (c\u00e1p)<br \/>\nC\u00e1p: PVC<br \/>\nV\u1ecf b\u1ed9 khu\u1ebfch \u0111\u1ea1i: PBT; M\u00e0n h\u00ecnh b\u1ed9 khu\u1ebfch \u0111\u1ea1i, \u0111\u00e8n b\u00e1o: PAR; Mi\u1ebfng \u0111\u1ec7m b\u1ed9 khu\u1ebfch \u0111\u1ea1i: NBR; n\u00fat: POM<\/td>\n<\/tr>\n<tr class=\"specTable-row\">\n<td class=\"specTable-clm-0\" colspan=\"4\">Ph\u1ee5 ki\u1ec7n<\/td>\n<td class=\"specTable-clm-4\">H\u01b0\u1edbng d\u1eabn s\u1eed d\u1ee5ng, nh\u00e3n c\u1ea3nh b\u00e1o laser<\/td>\n<\/tr>\n<tr class=\"specTable-row\">\n<td class=\"specTable-clm-0\" colspan=\"4\">Kh\u1ed1i l\u01b0\u1ee3ng<\/td>\n<td class=\"specTable-clm-4\">X\u1ea5p x\u1ec9 90 g<\/td>\n<\/tr>\n<tr class=\"specTable-foot\">\n<td class=\"specTable-clm-0\" colspan=\"5\"><sup>*1<\/sup>\u00a0N\u1ebfu ch\u1ecdn 500 \u03bcs, c\u00e1c gi\u1edbi h\u1ea1n sau s\u1ebd \u0111\u01b0\u1ee3c \u00e1p d\u1ee5ng.<br \/>\n\u00b7 Ch\u1ec9 c\u00f3 th\u1ec3 th\u1ef1c hi\u1ec7n hi\u1ec7u ch\u1ec9nh 2 \u0111i\u1ec3m.<br \/>\n\u00b7 Che ch\u1eafn ph\u1ea1m vi ph\u00e1t hi\u1ec7n \u0111\u01b0\u1ee3c thi\u1ebft l\u1eadp trong qu\u00e1 tr\u00ecnh hi\u1ec7u ch\u1ec9nh. (Kh\u00f4ng h\u1ed7 tr\u1ee3 c\u00e0i \u0111\u1eb7t th\u1ee7 c\u00f4ng cho ph\u1ea1m vi che ch\u1eafn).<br \/>\n\u00b7 Ng\u00f5 ra 2 b\u1ecb gi\u1edbi h\u1ea1n \u1edf ng\u00f5 ra \u0111\u00e8n b\u00e1o v\u1ec1 l\u1ed7i v\u00e0 v\u1ea5n \u0111\u1ec1 con quay h\u1ed3i chuy\u1ec3n v\u00e0 kh\u00f4ng th\u1ec3 s\u1eed d\u1ee5ng ti\u00eau chu\u1ea9n\/v\u00f9ng.<br \/>\n<sup>*2<\/sup>\u00a0Vi\u1ec7c ph\u00e2n lo\u1ea1i \u0111\u01b0\u1ee3c th\u1ef1c hi\u1ec7n d\u1ef1a tr\u00ean c\u00e1c ti\u00eau chu\u1ea9n IEC60825-1 theo y\u00eau c\u1ea7u c\u1ee7a Laser Notice No. 56 \u0111\u1ed1i v\u1edbi FDA (CDRH).<br \/>\n<sup>*3<\/sup>\u00a0C\u00f3 th\u1ec3 ch\u1ecdn I\/O t\u1eeb c\u00e1c t\u1ed5 h\u1ee3p sau \u0111\u00e2y. Ng\u00f5 ra \u0111i\u1ec1u khi\u1ec3n \u00d7 2, Ng\u00f5 ra \u0111i\u1ec1u khi\u1ec3n + Ng\u00f5 v\u00e0o ph\u1ee5<\/td>\n<\/tr>\n<\/tbody>\n<\/table>\n<\/div>\n<\/div>\n<\/div>\n<p>1.C\u1ea3m bi\u1ebfn laser\u00a0LR-X250:<\/p>\n<div>\n<p>M\u1eabu: LR-X250<\/p>\n<p>Lo\u1ea1i: Lo\u1ea1i c\u00e1p<\/p>\n<p>Kho\u1ea3ng c\u00e1ch ph\u00e1t hi\u1ec7n: 30 \u0111\u1ebfn 250 mm<\/p>\n<p>\u0110\u1ed9 l\u1ec7ch c\u00f3 th\u1ec3 ph\u00e1t hi\u1ec7n ti\u00eau chu\u1ea9n<\/p>\n<p>30 \u0111\u1ebfn 180 mm: 9 mm<br \/>\n180 \u0111\u1ebfn 250 mm: 18 mm<\/p>\n<p>\u0110\u1ed9 ph\u00e2n gi\u1ea3i m\u00e0n h\u00ecnh: 1 \u0111\u1ebfn 2 mm<\/p>\n<p>K\u00edch th\u01b0\u1edbc \u0111i\u1ec3m: X\u1ea5p x\u1ec9 0,8 mm \u00d7 X\u1ea5p x\u1ec9 1,2 mm (\u1edf kho\u1ea3ng c\u00e1ch ph\u00e1t hi\u1ec7n l\u00e0 250 mm)<\/p>\n<p>Th\u1eddi gian \u0111\u00e1p \u1ee9ng: C\u00f3 th\u1ec3 ch\u1ecdn 500 \u03bcs*1\/1 ms\/3 ms\/10 ms\/200 ms<\/p>\n<p>Ngu\u1ed3n s\u00e1ng<\/p>\n<p>Lo\u1ea1i: Tia laser xanh (505 nm)<\/p>\n<p>Lo\u1ea1i laser: S\u1ea3n ph\u1ea9m laser Lo\u1ea1i 1 (IEC60825-1, FDA (CDRH), Part1040.10*2)<\/p>\n<p>IO-Link: Th\u00f4ng s\u1ed1 k\u1ef9 thu\u1eadt v1.1\/COM2 (38,4 kbps)<\/p>\n<p>Ch\u1ee9c n\u0103ng h\u1eb9n gi\u1edd: B\u1ed9 h\u1eb9n gi\u1edd T\u1eaeT\/Tr\u1ec5 T\u1eaft\/Tr\u1ec5 B\u1eadt\/K\u00edch m\u1ed9t xung\/Tr\u1ec5 B\u1eadt-T\u1eaft\/Tr\u1ec5 B\u1eadt K\u00edch m\u1ed9t xung<\/p>\n<p>Ng\u00f5 v\u00e0o\/ng\u00f5 ra: Ng\u00f5 ra \u0111i\u1ec1u khi\u1ec3n<\/p>\n<p>C\u1ef1c g\u00f3p h\u1edf NPN\/C\u1ef1c g\u00f3p h\u1edf PNP, N.O.\/N.C.\u3000\u3000*3<br \/>\n30 VDC tr\u1edf xu\u1ed1ng, 50 mA tr\u1edf xu\u1ed1ng, \u0111i\u1ec7n \u00e1p d\u01b0 2 V tr\u1edf xu\u1ed1ng<\/p>\n<p>C\u00e1c m\u00e3 h\u00e0ng t\u01b0\u01a1ng t\u1ef1:<\/p>\n<p>C\u1ea3m bi\u1ebfn quang Keyence LR-X250<\/p>\n<p>C\u1ea3m bi\u1ebfn quang Keyence LR-ZB250AP<\/p>\n<p>C\u1ea3m bi\u1ebfn quang Keyence LR-ZB90CB<\/p>\n<p>C\u1ea3m bi\u1ebfn quang Keyence LR-W500<\/p>\n<p>C\u1ea3m bi\u1ebfn quang Keyence LR-WF10C<\/p>\n<p>C\u1ea3m bi\u1ebfn quang Keyence LR-ZB100C3P<\/p>\n<\/div>\n<div>C\u1ea3m bi\u1ebfn quang Keyence LR-ZB250C3P<\/div>\n<div>\n<p>C\u1ea3m bi\u1ebfn quang Keyence LR-ZH500C3P<\/p>\n<p>C\u1ea3m bi\u1ebfn quang Keyence LR-ZH500CN<\/p>\n<p>C\u1ea3m bi\u1ebfn quang Keyence LR-WA1<\/p>\n<p>C\u1ea3m bi\u1ebfn quang Keyence LR-ZB100CN<\/p>\n<p>C\u1ea3m bi\u1ebfn quang Keyence LR-ZH500CP<\/p>\n<p>C\u1ea3m bi\u1ebfn quang Keyence LR-ZB250CN<\/p>\n<p>C\u1ea3m bi\u1ebfn quang Keyence LR-ZB100N<\/p>\n<p>C\u1ea3m bi\u1ebfn quang Keyence LR-ZH500P<\/p>\n<p>C\u1ea3m bi\u1ebfn quang Keyence LR-ZB250AN<\/p>\n<p>\u0110\u1ea1i l\u00fd Keyence vietnam, Keyence viet nam, Keyence vietnam distributor, Ph\u00e2n ph\u1ed1i Keyence t\u1ea1i vi\u1ec7t nam<\/p>\n<p>\u0110\u1ea1i l\u00fd Keyence vietnam, Keyence viet nam, Keyence vietnam distributor, Ph\u00e2n ph\u1ed1i Keyence t\u1ea1i vi\u1ec7t nam<\/p>\n<p>\u0110\u1ea1i l\u00fd Keyence vietnam, Keyence viet nam, Keyence vietnam distributor, Ph\u00e2n ph\u1ed1i Keyence t\u1ea1i vi\u1ec7t nam<\/p>\n<p>\u0110\u1ea1i l\u00fd Keyence vietnam, Keyence viet nam, Keyence vietnam distributor, Ph\u00e2n ph\u1ed1i Keyence t\u1ea1i vi\u1ec7t nam<\/p>\n<p>\u0110\u1ea1i l\u00fd Keyence vietnam, Keyence viet nam, Keyence vietnam distributor, Ph\u00e2n ph\u1ed1i Keyence t\u1ea1i vi\u1ec7t nam<\/p>\n<\/div>\n","protected":false},"excerpt":{"rendered":"<p>KEYENCE LR-X250 C\u1ea3m bi\u1ebfn laser Keyence LR-X250 Th\u00f4ng s\u1ed1 k\u1ef9 thu\u1eadt M\u1eabu LR-X250 Lo\u1ea1i Lo\u1ea1i c\u00e1p Kho\u1ea3ng c\u00e1ch ph\u00e1t hi\u1ec7n 30 \u0111\u1ebfn 250 mm \u0110\u1ed9 l\u1ec7ch c\u00f3 th\u1ec3 ph\u00e1t hi\u1ec7n ti\u00eau chu\u1ea9n 30 \u0111\u1ebfn 180 mm: 9 mm 180 \u0111\u1ebfn 250 mm: 18 mm \u0110\u1ed9 ph\u00e2n gi\u1ea3i m\u00e0n h\u00ecnh 1&hellip; <\/p>\n","protected":false},"featured_media":1608,"comment_status":"open","ping_status":"closed","template":"","meta":[],"product_cat":[292],"product_tag":[88,114,113],"class_list":{"0":"post-1607","1":"product","2":"type-product","3":"status-publish","4":"has-post-thumbnail","6":"product_cat-keyence","7":"product_tag-cam-bien","8":"product_tag-dai-ly-keyence-viet-nam","9":"product_tag-keyence-viet-nam","11":"first","12":"instock","13":"shipping-taxable","14":"product-type-simple"},"yoast_head":"<!-- This site is optimized with the Yoast SEO plugin v22.8 - https:\/\/yoast.com\/wordpress\/plugins\/seo\/ -->\n<title>KEYENCE LR-X250 - OMANI VI\u1ec6T NAM<\/title>\n<meta name=\"robots\" content=\"index, follow, max-snippet:-1, max-image-preview:large, max-video-preview:-1\" \/>\n<link rel=\"canonical\" href=\"https:\/\/omanivietnam.com\/index.php\/san-pham\/keyence-lr-x250\/\" \/>\n<meta property=\"og:locale\" content=\"vi_VN\" \/>\n<meta property=\"og:type\" content=\"article\" \/>\n<meta property=\"og:title\" content=\"KEYENCE LR-X250 - OMANI VI\u1ec6T NAM\" \/>\n<meta property=\"og:description\" content=\"KEYENCE LR-X250 C\u1ea3m bi\u1ebfn laser Keyence LR-X250 Th\u00f4ng s\u1ed1 k\u1ef9 thu\u1eadt M\u1eabu LR-X250 Lo\u1ea1i Lo\u1ea1i c\u00e1p Kho\u1ea3ng c\u00e1ch ph\u00e1t hi\u1ec7n 30 \u0111\u1ebfn 250 mm \u0110\u1ed9 l\u1ec7ch c\u00f3 th\u1ec3 ph\u00e1t hi\u1ec7n ti\u00eau chu\u1ea9n 30 \u0111\u1ebfn 180 mm: 9 mm 180 \u0111\u1ebfn 250 mm: 18 mm \u0110\u1ed9 ph\u00e2n gi\u1ea3i m\u00e0n h\u00ecnh 1&hellip;\" \/>\n<meta property=\"og:url\" content=\"https:\/\/omanivietnam.com\/index.php\/san-pham\/keyence-lr-x250\/\" \/>\n<meta property=\"og:site_name\" content=\"OMANI VI\u1ec6T NAM\" \/>\n<meta property=\"article:modified_time\" content=\"2024-08-29T14:59:09+00:00\" \/>\n<meta property=\"og:image\" content=\"https:\/\/omanivietnam.com\/wp-content\/uploads\/2024\/08\/LR-X250.png\" \/>\n\t<meta property=\"og:image:width\" content=\"462\" \/>\n\t<meta property=\"og:image:height\" content=\"508\" \/>\n\t<meta property=\"og:image:type\" content=\"image\/png\" \/>\n<meta name=\"twitter:card\" content=\"summary_large_image\" \/>\n<meta name=\"twitter:label1\" content=\"\u01af\u1edbc t\u00ednh th\u1eddi gian \u0111\u1ecdc\" \/>\n\t<meta name=\"twitter:data1\" content=\"6 ph\u00fat\" \/>\n<script type=\"application\/ld+json\" class=\"yoast-schema-graph\">{\"@context\":\"https:\/\/schema.org\",\"@graph\":[{\"@type\":\"WebPage\",\"@id\":\"https:\/\/omanivietnam.com\/index.php\/san-pham\/keyence-lr-x250\/\",\"url\":\"https:\/\/omanivietnam.com\/index.php\/san-pham\/keyence-lr-x250\/\",\"name\":\"KEYENCE LR-X250 - OMANI VI\u1ec6T NAM\",\"isPartOf\":{\"@id\":\"https:\/\/omanivietnam.com\/#website\"},\"primaryImageOfPage\":{\"@id\":\"https:\/\/omanivietnam.com\/index.php\/san-pham\/keyence-lr-x250\/#primaryimage\"},\"image\":{\"@id\":\"https:\/\/omanivietnam.com\/index.php\/san-pham\/keyence-lr-x250\/#primaryimage\"},\"thumbnailUrl\":\"https:\/\/omanivietnam.com\/wp-content\/uploads\/2024\/08\/LR-X250.png\",\"datePublished\":\"2024-08-29T14:58:06+00:00\",\"dateModified\":\"2024-08-29T14:59:09+00:00\",\"breadcrumb\":{\"@id\":\"https:\/\/omanivietnam.com\/index.php\/san-pham\/keyence-lr-x250\/#breadcrumb\"},\"inLanguage\":\"vi\",\"potentialAction\":[{\"@type\":\"ReadAction\",\"target\":[\"https:\/\/omanivietnam.com\/index.php\/san-pham\/keyence-lr-x250\/\"]}]},{\"@type\":\"ImageObject\",\"inLanguage\":\"vi\",\"@id\":\"https:\/\/omanivietnam.com\/index.php\/san-pham\/keyence-lr-x250\/#primaryimage\",\"url\":\"https:\/\/omanivietnam.com\/wp-content\/uploads\/2024\/08\/LR-X250.png\",\"contentUrl\":\"https:\/\/omanivietnam.com\/wp-content\/uploads\/2024\/08\/LR-X250.png\",\"width\":462,\"height\":508},{\"@type\":\"BreadcrumbList\",\"@id\":\"https:\/\/omanivietnam.com\/index.php\/san-pham\/keyence-lr-x250\/#breadcrumb\",\"itemListElement\":[{\"@type\":\"ListItem\",\"position\":1,\"name\":\"Home\",\"item\":\"https:\/\/omanivietnam.com\/\"},{\"@type\":\"ListItem\",\"position\":2,\"name\":\"S\u1ea2N PH\u1ea8M\",\"item\":\"https:\/\/omanivietnam.com\/index.php\/cua-hang\/\"},{\"@type\":\"ListItem\",\"position\":3,\"name\":\"KEYENCE LR-X250\"}]},{\"@type\":\"WebSite\",\"@id\":\"https:\/\/omanivietnam.com\/#website\",\"url\":\"https:\/\/omanivietnam.com\/\",\"name\":\"OMANI VI\u1ec6T NAM\",\"description\":\"Nh\u00e0 ph\u00e2n ph\u1ed1i thi\u1ebft b\u1ecb kh\u00ed n\u00e9n v\u00e0 thi\u1ebft b\u1ecb t\u1ef1 \u0111\u1ed9ng h\u00f3a trong c\u00f4ng nghi\u1ec7p\",\"publisher\":{\"@id\":\"https:\/\/omanivietnam.com\/#\/schema\/person\/0ad398a980dc3fd696111c2c5c8fa897\"},\"potentialAction\":[{\"@type\":\"SearchAction\",\"target\":{\"@type\":\"EntryPoint\",\"urlTemplate\":\"https:\/\/omanivietnam.com\/?s={search_term_string}\"},\"query-input\":\"required name=search_term_string\"}],\"inLanguage\":\"vi\"},{\"@type\":[\"Person\",\"Organization\"],\"@id\":\"https:\/\/omanivietnam.com\/#\/schema\/person\/0ad398a980dc3fd696111c2c5c8fa897\",\"name\":\"Nguy\u1ec5n V\u0103n Kh\u00e1nh\",\"image\":{\"@type\":\"ImageObject\",\"inLanguage\":\"vi\",\"@id\":\"https:\/\/omanivietnam.com\/#\/schema\/person\/image\/\",\"url\":\"https:\/\/omanivietnam.com\/wp-content\/uploads\/2024\/06\/logo-1024x1024.png\",\"contentUrl\":\"https:\/\/omanivietnam.com\/wp-content\/uploads\/2024\/06\/logo-1024x1024.png\",\"width\":1024,\"height\":1024,\"caption\":\"Nguy\u1ec5n V\u0103n Kh\u00e1nh\"},\"logo\":{\"@id\":\"https:\/\/omanivietnam.com\/#\/schema\/person\/image\/\"},\"sameAs\":[\"https:\/\/omanivietnam.com\"]}]}<\/script>\n<!-- \/ Yoast SEO plugin. -->","yoast_head_json":{"title":"KEYENCE LR-X250 - OMANI VI\u1ec6T NAM","robots":{"index":"index","follow":"follow","max-snippet":"max-snippet:-1","max-image-preview":"max-image-preview:large","max-video-preview":"max-video-preview:-1"},"canonical":"https:\/\/omanivietnam.com\/index.php\/san-pham\/keyence-lr-x250\/","og_locale":"vi_VN","og_type":"article","og_title":"KEYENCE LR-X250 - OMANI VI\u1ec6T NAM","og_description":"KEYENCE LR-X250 C\u1ea3m bi\u1ebfn laser Keyence LR-X250 Th\u00f4ng s\u1ed1 k\u1ef9 thu\u1eadt M\u1eabu LR-X250 Lo\u1ea1i Lo\u1ea1i c\u00e1p Kho\u1ea3ng c\u00e1ch ph\u00e1t hi\u1ec7n 30 \u0111\u1ebfn 250 mm \u0110\u1ed9 l\u1ec7ch c\u00f3 th\u1ec3 ph\u00e1t hi\u1ec7n ti\u00eau chu\u1ea9n 30 \u0111\u1ebfn 180 mm: 9 mm 180 \u0111\u1ebfn 250 mm: 18 mm \u0110\u1ed9 ph\u00e2n gi\u1ea3i m\u00e0n h\u00ecnh 1&hellip;","og_url":"https:\/\/omanivietnam.com\/index.php\/san-pham\/keyence-lr-x250\/","og_site_name":"OMANI VI\u1ec6T NAM","article_modified_time":"2024-08-29T14:59:09+00:00","og_image":[{"width":462,"height":508,"url":"https:\/\/omanivietnam.com\/wp-content\/uploads\/2024\/08\/LR-X250.png","type":"image\/png"}],"twitter_card":"summary_large_image","twitter_misc":{"\u01af\u1edbc t\u00ednh th\u1eddi gian \u0111\u1ecdc":"6 ph\u00fat"},"schema":{"@context":"https:\/\/schema.org","@graph":[{"@type":"WebPage","@id":"https:\/\/omanivietnam.com\/index.php\/san-pham\/keyence-lr-x250\/","url":"https:\/\/omanivietnam.com\/index.php\/san-pham\/keyence-lr-x250\/","name":"KEYENCE LR-X250 - OMANI VI\u1ec6T NAM","isPartOf":{"@id":"https:\/\/omanivietnam.com\/#website"},"primaryImageOfPage":{"@id":"https:\/\/omanivietnam.com\/index.php\/san-pham\/keyence-lr-x250\/#primaryimage"},"image":{"@id":"https:\/\/omanivietnam.com\/index.php\/san-pham\/keyence-lr-x250\/#primaryimage"},"thumbnailUrl":"https:\/\/omanivietnam.com\/wp-content\/uploads\/2024\/08\/LR-X250.png","datePublished":"2024-08-29T14:58:06+00:00","dateModified":"2024-08-29T14:59:09+00:00","breadcrumb":{"@id":"https:\/\/omanivietnam.com\/index.php\/san-pham\/keyence-lr-x250\/#breadcrumb"},"inLanguage":"vi","potentialAction":[{"@type":"ReadAction","target":["https:\/\/omanivietnam.com\/index.php\/san-pham\/keyence-lr-x250\/"]}]},{"@type":"ImageObject","inLanguage":"vi","@id":"https:\/\/omanivietnam.com\/index.php\/san-pham\/keyence-lr-x250\/#primaryimage","url":"https:\/\/omanivietnam.com\/wp-content\/uploads\/2024\/08\/LR-X250.png","contentUrl":"https:\/\/omanivietnam.com\/wp-content\/uploads\/2024\/08\/LR-X250.png","width":462,"height":508},{"@type":"BreadcrumbList","@id":"https:\/\/omanivietnam.com\/index.php\/san-pham\/keyence-lr-x250\/#breadcrumb","itemListElement":[{"@type":"ListItem","position":1,"name":"Home","item":"https:\/\/omanivietnam.com\/"},{"@type":"ListItem","position":2,"name":"S\u1ea2N PH\u1ea8M","item":"https:\/\/omanivietnam.com\/index.php\/cua-hang\/"},{"@type":"ListItem","position":3,"name":"KEYENCE LR-X250"}]},{"@type":"WebSite","@id":"https:\/\/omanivietnam.com\/#website","url":"https:\/\/omanivietnam.com\/","name":"OMANI VI\u1ec6T NAM","description":"Nh\u00e0 ph\u00e2n ph\u1ed1i thi\u1ebft b\u1ecb kh\u00ed n\u00e9n v\u00e0 thi\u1ebft b\u1ecb t\u1ef1 \u0111\u1ed9ng h\u00f3a trong c\u00f4ng nghi\u1ec7p","publisher":{"@id":"https:\/\/omanivietnam.com\/#\/schema\/person\/0ad398a980dc3fd696111c2c5c8fa897"},"potentialAction":[{"@type":"SearchAction","target":{"@type":"EntryPoint","urlTemplate":"https:\/\/omanivietnam.com\/?s={search_term_string}"},"query-input":"required name=search_term_string"}],"inLanguage":"vi"},{"@type":["Person","Organization"],"@id":"https:\/\/omanivietnam.com\/#\/schema\/person\/0ad398a980dc3fd696111c2c5c8fa897","name":"Nguy\u1ec5n V\u0103n Kh\u00e1nh","image":{"@type":"ImageObject","inLanguage":"vi","@id":"https:\/\/omanivietnam.com\/#\/schema\/person\/image\/","url":"https:\/\/omanivietnam.com\/wp-content\/uploads\/2024\/06\/logo-1024x1024.png","contentUrl":"https:\/\/omanivietnam.com\/wp-content\/uploads\/2024\/06\/logo-1024x1024.png","width":1024,"height":1024,"caption":"Nguy\u1ec5n V\u0103n Kh\u00e1nh"},"logo":{"@id":"https:\/\/omanivietnam.com\/#\/schema\/person\/image\/"},"sameAs":["https:\/\/omanivietnam.com"]}]}},"_links":{"self":[{"href":"https:\/\/omanivietnam.com\/index.php\/wp-json\/wp\/v2\/product\/1607","targetHints":{"allow":["GET"]}}],"collection":[{"href":"https:\/\/omanivietnam.com\/index.php\/wp-json\/wp\/v2\/product"}],"about":[{"href":"https:\/\/omanivietnam.com\/index.php\/wp-json\/wp\/v2\/types\/product"}],"replies":[{"embeddable":true,"href":"https:\/\/omanivietnam.com\/index.php\/wp-json\/wp\/v2\/comments?post=1607"}],"wp:featuredmedia":[{"embeddable":true,"href":"https:\/\/omanivietnam.com\/index.php\/wp-json\/wp\/v2\/media\/1608"}],"wp:attachment":[{"href":"https:\/\/omanivietnam.com\/index.php\/wp-json\/wp\/v2\/media?parent=1607"}],"wp:term":[{"taxonomy":"product_cat","embeddable":true,"href":"https:\/\/omanivietnam.com\/index.php\/wp-json\/wp\/v2\/product_cat?post=1607"},{"taxonomy":"product_tag","embeddable":true,"href":"https:\/\/omanivietnam.com\/index.php\/wp-json\/wp\/v2\/product_tag?post=1607"}],"curies":[{"name":"wp","href":"https:\/\/api.w.org\/{rel}","templated":true}]}}