{"id":1611,"date":"2024-08-29T22:59:35","date_gmt":"2024-08-29T15:59:35","guid":{"rendered":"https:\/\/omanivietnam.com\/?post_type=product&#038;p=1611"},"modified":"2024-08-29T23:01:21","modified_gmt":"2024-08-29T16:01:21","slug":"jumo-401010-000-tn43012750","status":"publish","type":"product","link":"https:\/\/omanivietnam.com\/index.php\/san-pham\/jumo-401010-000-tn43012750\/","title":{"rendered":"JUMO 401010\/000 TN43012750"},"content":{"rendered":"<p>JUMO 401010\/000 TN43012750<\/p>\n<p><em><strong>C\u1ea3m bi\u1ebfn \u00e1p su\u1ea5t Jumo Midas S05 \u2013 401010<\/strong><\/em><\/p>\n<p>C\u1ea3m bi\u1ebfn \u00e1p su\u1ea5t Jumo Midas S05 hay c\u00f2n g\u1ecdi l\u00e0 c\u1ea3m bi\u1ebfn \u00e1p su\u1ea5t Jumo Midas type 401010. \u0110\u00e2y c\u0169ng l\u00e0 d\u00f2ng c\u1ea3m bi\u1ebfn \u00e1p l\u1ef1c jumo midas d\u00f9ng cho OEM nh\u01b0ng \u0111a n\u0103ng h\u01a1n d\u00f2ng c\u1ea3m bi\u1ebfn \u00e1p l\u1ef1c Jumo Midas C08. C\u1ea3m bi\u1ebfn \u00e1p su\u1ea5t Jumo Midas S05 c\u00f3 th\u1ec3 d\u00f9ng cho nhi\u1ec1u ng\u00e0nh ngh\u1ec1 h\u01a1n nhi\u1ec1u.<\/p>\n<p><img decoding=\"async\" src=\"https:\/\/aumyco.com\/wp-content\/uploads\/2020\/04\/cam-bien-ap-suat-jumo-midas-S05.png\" alt=\"C\u1ea3m bi\u1ebfn \u00e1p su\u1ea5t Jumo Midas S05\" \/><\/p>\n<h3><strong>C\u00e1c th\u00f4ng s\u1ed1 c\u1ea3m bi\u1ebfn \u00e1p su\u1ea5t Jumo Midas S05 \u2013 401010<\/strong><\/h3>\n<ul>\n<li>Chu\u1ea9n thi\u1ebft k\u1ebf: DIN 16086 and DIN EN 60770<\/li>\n<li>Sai s\u1ed1: 0,3% FS<\/li>\n<li>Thang \u0111o: t\u1eeb -1\u2026.100bar. C\u00e1c thang \u0111o \u0111\u1eb7c bi\u1ec7t c\u00f3 th\u1ec3 option<\/li>\n<li>T\u00edn hi\u1ec7u ng\u00f5 ra: 4 to 20 mA, two-wire (output 405), 0-5V, 0-10V, 1-5V<\/li>\n<li>Ch\u1ea5t li\u1ec7u m\u00e0ng c\u1ea3m bi\u1ebfn: S.S316. v\u1edbi ch\u1ea5t li\u1ec7u n\u00e0y ch\u00fang ta c\u00f3 th\u1ec3 d\u00f9ng \u0111\u01b0\u1ee3c cho r\u1ea5t nhi\u1ec1u \u1ee9ng d\u1ee5ng.<\/li>\n<li>Ch\u1ea5t li\u1ec7u th\u00e2n c\u1ea3m bi\u1ebfn: S.S 304<\/li>\n<li>K\u1ebft n\u1ed1i ren 1\/4\u2033, 1\/2\u2033<\/li>\n<li>K\u1ebft n\u1ed1i \u0111i\u1ec7n: Calbe, ISO4400, M12\u2026<\/li>\n<li>Nhi\u1ec7t \u0111\u1ed9 l\u01b0u ch\u1ea5t: -40\u2026.125oC<\/li>\n<\/ul>\n<h3><strong>C\u1ea3m bi\u1ebfn \u00e1p su\u1ea5t Jumo Midas S05 d\u00f9ng cho ng\u00e0nh nh\u1ec1 n\u00e0o?<\/strong><\/h3>\n<ul>\n<li>Ng\u00e0nh HVAC ho\u00e0n to\u00e0n ph\u00f9 h\u1ee3p v\u1edbi ch\u1ea5t li\u1ec7u v\u00e0 t\u00ednh n\u0103ng c\u1ee7a c\u1ea3m bi\u1ebfn \u00e1p l\u1ef1c Jumo Midas S05<\/li>\n<li>Ng\u00e0nh \u0111i\u1ec7n l\u1ea1nh: \u0110\u00e2y l\u00e0 d\u00f2ng c\u1ea3m bi\u1ebfn m\u00e0 Jumo thi\u1ebft k\u1ebf chuy\u00ean cho ng\u00e0nh l\u1ea1nh \u0111\u00f3 NH3 cho m\u00e1y n\u00e9n l\u1ea1nh.<\/li>\n<li>C\u1ea3m bi\u1ebfn \u00e1p su\u1ea5t Jumo Midas S05 c\u00f3 th\u1ec3 d\u00f9ng t\u1ed1t cho m\u00e1y n\u00e9n kh\u00ed.<\/li>\n<li>C\u1ea3m bi\u1ebfn \u00e1p su\u1ea5t Jumo S05 \u2013 tye 401010 c\u00f3 th\u1ec3 \u1ee9ng d\u1ee5ng cho ng\u00e0nh bao b\u00ec v\u00e0 c\u00e1c ng\u00e0nh ch\u1ebf t\u1ea1o m\u00e1y.<\/li>\n<\/ul>\n<header class=\"entry-header\">\n<div class=\"entry-header-text entry-header-text-top text-left\">\n<p class=\"entry-title\">C\u1ea3m bi\u1ebfn \u00e1p su\u1ea5t Jumo Midas<\/p>\n<\/div>\n<\/header>\n<div class=\"entry-content single-page\">\n<p><strong>C\u1ea3m bi\u1ebfn \u00e1p su\u1ea5t Jumo Midas<\/strong>\u00a0c\u00f3 nhi\u1ec1u d\u00f2ng nh\u01b0\u00a0<strong>c\u1ea3m bi\u1ebfn \u00e1p su\u1ea5t Jumo Midas C08<\/strong>,\u00a0<strong>c\u1ea3m bi\u1ebfn \u00e1p su\u1ea5t Jumo Midas S05<\/strong>,\u00a0<strong>c\u1ea3m bi\u1ebfn \u00e1p su\u1ea5t Jumo Midas DP10<\/strong>\u2026 M\u1ed7i lo\u1ea1i c\u00f3 t\u00ednh ch\u1ea5t, th\u00f4ng s\u1ed1 v\u00e0 \u0111\u1eb7c \u0111i\u1ec3m kh\u00e1c nhau d\u00f9ng cho nhi\u1ec1u m\u00f4i tr\u01b0\u1eddng, m\u00f4i ch\u1ea5t v\u00e0 nhi\u1ec7t \u0111\u1ed9 nhau nh\u1eb1m ti\u1ebft ki\u1ec7m chi ph\u00ed v\u00e0 \u0111\u1ea3m b\u1ea3o ch\u1ea5t l\u01b0\u1ee3ng, tu\u1ed5i th\u1ecd cho thi\u1ebft b\u1ecb.<\/p>\n<h2><em><strong>C\u1ea3m bi\u1ebfn \u00e1p su\u1ea5t Jumo Midas C08 \u2013 C\u1ea3m bi\u1ebfn \u00e1p su\u1ea5t Jumo 401002.<\/strong><\/em><\/h2>\n<p>\u0110\u00e2y l\u00e0 d\u00f2ng OEM c\u1ee7a Jumo n\u00ean c\u00f3 gi\u00e1 th\u00e0nh r\u1ea5t th\u1ea5p. \u0110\u01b0\u1ee3c h\u00e3ng Jumo g\u1ecdi l\u00e0 d\u00f2ng lowe cost. Th\u00f4ng th\u01b0\u1eddng d\u00f2ng c\u1ea3m bi\u1ebfn Jumo Midas C08 s\u1ebd \u0111\u01b0\u1ee3c \u0111\u1eb7t h\u00e0ng nh\u1eadp v\u1ec1 v\u1edbi s\u1ed1 l\u01b0\u1ee3ng r\u1ea5t nhi\u1ec1u. h\u00e3ng Jumo c\u0169ng kh\u00f4ng mu\u1ed1n b\u00e1n l\u1ebb cho d\u00f2ng c\u1ea3m bi\u1ebfn n\u00e0y.<\/p>\n<h3><strong>Th\u00f4ng s\u1ed1 c\u1ea3m bi\u1ebfn \u00e1p su\u1ea5t Jumo Midas C08<\/strong><\/h3>\n<ul>\n<li>Sai s\u1ed1: 0,25%FS<\/li>\n<li>Ch\u1ea5t li\u1ec7u m\u00e0ng c\u1ea3m bi\u1ebfn: Thick film ceramic<\/li>\n<li>Thang \u0111o ng\u00f5 v\u00e0o t\u1eeb 1,6bar, 2,5bar, 4bar, 6bar, 10bar, 16bar, 25bar, 40bar, 60bar, 100bar, 160bar, 250bar, 400bar, 600bar, 1000bar v\u00e0 c\u00e1c thang \u0111o -1\u202615bar, -1\u20265bar\u2026<\/li>\n<li>T\u00edn hi\u1ec7u ng\u00f5 ra: 0-20mA, 4-20mA, 1-5V, 0-5V, 0-10V\u2026 c\u00f3 th\u1ec3 t\u00f9y ch\u1ecd l\u00fac \u0111\u1eb7t h\u00e0ng.<\/li>\n<li>Ch\u1ea5t li\u1ec7u c\u1ea3m bi\u1ebfn: Stainless steel 304<\/li>\n<li>Chu\u1ea9n k\u1ebft n\u1ed1i c\u01a1 kh\u00ed: 1\/4\u2033, 1\/2\u2033<\/li>\n<li>k\u1ebft n\u1ed1i \u0111i\u1ec7n c\u00f3 nhi\u1ec1u lo\u1ea1i: Calbe, M12, ISO4400\u2026<\/li>\n<li>Nhi\u1ec7t \u0111\u1ed9 l\u01b0u ch\u1ea5t: -20\u2026125oC<\/li>\n<li>Storage: -40\u2026100oC<\/li>\n<li>H\u00e3ng s\u1ea3n xu\u1ea5t: Jumo\/Germany<\/li>\n<\/ul>\n<h3><strong>\u1ee8ng d\u1ee5ng c\u1ee7a c\u1ea3m bi\u1ebfn \u00e1p su\u1ea5t Jumo Midas C08<\/strong><\/h3>\n<ul>\n<li>Ng\u00e0nh kh\u00ed n\u00e9n. C\u1ea3m bi\u1ebfn \u00e1p su\u1ea5t Jumo midas 401002 c\u00f3 th\u1ec3 d\u00f9ng cho c\u00e1c m\u00e1y n\u00e9n kh\u00ed c\u00f4ng nghi\u1ec7p<\/li>\n<li>Ng\u00e0nh ch\u1ebf t\u1ea1o m\u00e1y v\u00e0 nhi\u1ec7t \u0111i\u1ec7n. \u0110\u1ec3 \u0111\u00f3 \u0111\u01b0\u1ee3c \u00e1p su\u1ea5t c\u1ee7a n\u01b0\u1edbc, kh\u00ed, gas\u2026 trong c\u00f4ng nghi\u1ec7p, c\u00e1c nh\u00e0 m\u00e1y \u0111i\u1ec7n\u2026. C\u1ea3m bi\u1ebfn \u00e1p su\u1ea5t Jumo Midas C08 ho\u00e0n to\u00e0n c\u00f3 th\u1ec3 \u0111\u00e1p \u1ee9ng cho nh\u1eefng nhu c\u1ea7u n\u00e0y.<\/li>\n<li>D\u00f9ng cho ng\u00e0nh giao th\u00f4ng ph\u01b0\u01a1ng ti\u1ec7n. Th\u01b0\u1eddng d\u00fang cho c\u00e1c xe h\u01a1i, xe c\u1ea9u v\u1edbi t\u00edn hi\u1ec7u ra l\u00e0 \u0111i\u1ec7n \u00e1p c\u00f3 ration v\u00e0 kh\u00f4ng ration.<\/li>\n<li>Ng\u00e0nh x\u00e2y d\u1ef1ng c\u0169ng c\u00f3 th\u1ec3 d\u00f9ng c\u1ea3m bi\u1ebfn \u00e1p su\u1ea5t Jumo Midas C08 cho c\u00e1c \u0111\u01b0\u1eddng \u1ed1ng n\u01b0\u1edbc, \u0111\u01b0\u1eddng \u1ed1ng ch\u1eefa ch\u00e1y, d\u1ea7u th\u1ee7y l\u1ef1c cho xe c\u1ea9u\u2026<\/li>\n<li>Ng\u00e0nh th\u1ef1c ph\u1ea9m, xi m\u0103ng c\u0169ng c\u00f3 th\u1ec3 d\u00f9ng c\u1ea3m bi\u1ebfn \u00e1p su\u1ea5t Jumo<\/li>\n<\/ul>\n<h2><em><strong>C\u1ea3m bi\u1ebfn \u00e1p su\u1ea5t Jumo Midas DP10 \u2013 Type 401050<\/strong><\/em><\/h2>\n<p>Th\u1ef1c ch\u1ea5t \u0111\u00e2y l\u00e0 d\u00f2ng c\u1ea3m bi\u1ebfn \u0111o ch\u00eanh \u00e1p Jumo Midas DP10 v\u1edbi type 401050. \u0110\u00e2y l\u00e0 d\u00f2ng c\u1ea3m bi\u1ebfn \u0111o ch\u00eanh \u00e1p v\u1edbi gi\u00e1 r\u1ea5t r\u1ebb c\u1ee7a Jumo. H\u00e3ng Jumo s\u1ea3n xu\u1ea5t d\u00f2ng c\u1ea3m bi\u1ebfn ch\u00eanh \u00e1p Jumo Midas DP10 cho nhi\u1ec1u h\u00e3ng kh\u00e1c OEM.<\/p>\n<\/div>\n<h3><strong>Th\u00f4ng s\u1ed1 k\u1ef9 thu\u1eadt c\u1ea3m bi\u1ebfn ch\u00eanh \u00e1p Jumo Mida DP10 \u2013 Type 401050<\/strong><\/h3>\n<ul>\n<li>Chu\u1ea9n thi\u1ebft k\u1ebf: DIN 16 086 and EN 60 770<\/li>\n<li>Thang \u0111o: t\u1eeb 0,4bar \u0111\u1ebfn 16bar<\/li>\n<li>Ngu\u1ed3n c\u1ea5p: 10-30VDC<\/li>\n<li>T\u00edn hi\u1ec7u ng\u00f5 ra: 4 \u2014 20 mA 2-wire, 0-10 V, 0.5 \u2014 4.5 V ratiometric<\/li>\n<li>Sai s\u1ed1: 0,5% FS<\/li>\n<li>H\u00e3ng s\u1ea3n xu\u1ea5t: JUMO\/\u0110\u1ee9c<\/li>\n<\/ul>\n<h3><strong>\u1ee8ng d\u1ee5ng c\u1ee7a c\u1ea3m bi\u1ebfn ch\u00eanh \u00e1p Jumo Dp10<\/strong><\/h3>\n<ul>\n<li>C\u1ea3m bi\u1ebfn ch\u00ean \u00e1p Jumo midas DP10 c\u00f3 th\u1ec3 d\u00f9ng cho nhi\u1ec1u \u1ee9ng d\u1ee5ng kh\u00e1c nhau d\u00f9ng \u0111\u1ec3 \u0111o \u0111\u1ed9 ch\u00eanh l\u1ec7ch \u00e1p su\u1ea5t gi\u1eefa hai n\u1edbi kh\u00e1c nhau.<\/li>\n<li>\u1ee8ng d\u1ee5ng c\u1ee7a Jumo DP10 c\u00f3 th\u1ec3 d\u00f9ng cho ph\u00f2ng s\u1ea1ch, \u0111o ch\u00eanh \u00e1p c\u1ea7u thang, \u0111o ch\u00eanh \u00e1p n\u01b0\u1edbc\u2026<\/li>\n<li>trong HVAC c\u0169ng c\u00f3 th\u1ec3 d\u00f9ng c\u1ea3m bi\u1ebfn \u0111o ch\u00eanh \u00e1p Jumo Midas Dp10.<\/li>\n<\/ul>\n<p>\u0110\u1ea1i l\u00fd JUMO vietnam, JUMO viet nam, JUMO vietnam distributor, Ph\u00e2n ph\u1ed1i JUMO t\u1ea1i vi\u1ec7t nam<\/p>\n<p>\u0110\u1ea1i l\u00fd JUMO vietnam, JUMO viet nam, JUMO vietnam distributor, Ph\u00e2n ph\u1ed1i JUMO t\u1ea1i vi\u1ec7t nam<\/p>\n<p>\u0110\u1ea1i l\u00fd JUMO vietnam, JUMO viet nam, JUMO vietnam distributor, Ph\u00e2n ph\u1ed1i JUMO t\u1ea1i vi\u1ec7t nam<\/p>\n<p>\u0110\u1ea1i l\u00fd JUMO vietnam, JUMO viet nam, JUMO vietnam distributor, Ph\u00e2n ph\u1ed1i JUMO t\u1ea1i vi\u1ec7t nam<\/p>\n<p>\u0110\u1ea1i l\u00fd JUMO vietnam, JUMO viet nam, JUMO vietnam distributor, Ph\u00e2n ph\u1ed1i JUMO t\u1ea1i vi\u1ec7t nam<\/p>\n","protected":false},"excerpt":{"rendered":"<p>JUMO 401010\/000 TN43012750 C\u1ea3m bi\u1ebfn \u00e1p su\u1ea5t Jumo Midas S05 \u2013 401010 C\u1ea3m bi\u1ebfn \u00e1p su\u1ea5t Jumo Midas S05 hay c\u00f2n g\u1ecdi l\u00e0 c\u1ea3m bi\u1ebfn \u00e1p su\u1ea5t Jumo Midas type 401010. \u0110\u00e2y c\u0169ng l\u00e0 d\u00f2ng c\u1ea3m bi\u1ebfn \u00e1p l\u1ef1c jumo midas d\u00f9ng cho OEM nh\u01b0ng \u0111a n\u0103ng h\u01a1n d\u00f2ng c\u1ea3m&hellip; <\/p>\n","protected":false},"featured_media":1612,"comment_status":"open","ping_status":"closed","template":"","meta":[],"product_cat":[427],"product_tag":[88,429,428],"class_list":{"0":"post-1611","1":"product","2":"type-product","3":"status-publish","4":"has-post-thumbnail","6":"product_cat-jumo","7":"product_tag-cam-bien","8":"product_tag-dai-ly-jumo-viet-nam","9":"product_tag-jumo-viet-nam","11":"first","12":"instock","13":"shipping-taxable","14":"product-type-simple"},"yoast_head":"<!-- This site is optimized with the Yoast SEO plugin v22.8 - https:\/\/yoast.com\/wordpress\/plugins\/seo\/ -->\n<title>JUMO 401010\/000 TN43012750 - OMANI VI\u1ec6T NAM<\/title>\n<meta name=\"robots\" content=\"index, follow, max-snippet:-1, max-image-preview:large, max-video-preview:-1\" \/>\n<link rel=\"canonical\" href=\"https:\/\/omanivietnam.com\/index.php\/san-pham\/jumo-401010-000-tn43012750\/\" \/>\n<meta property=\"og:locale\" content=\"vi_VN\" \/>\n<meta property=\"og:type\" content=\"article\" \/>\n<meta property=\"og:title\" content=\"JUMO 401010\/000 TN43012750 - OMANI VI\u1ec6T NAM\" \/>\n<meta property=\"og:description\" content=\"JUMO 401010\/000 TN43012750 C\u1ea3m bi\u1ebfn \u00e1p su\u1ea5t Jumo Midas S05 \u2013 401010 C\u1ea3m bi\u1ebfn \u00e1p su\u1ea5t Jumo Midas S05 hay c\u00f2n g\u1ecdi l\u00e0 c\u1ea3m bi\u1ebfn \u00e1p su\u1ea5t Jumo Midas type 401010. \u0110\u00e2y c\u0169ng l\u00e0 d\u00f2ng c\u1ea3m bi\u1ebfn \u00e1p l\u1ef1c jumo midas d\u00f9ng cho OEM nh\u01b0ng \u0111a n\u0103ng h\u01a1n d\u00f2ng c\u1ea3m&hellip;\" \/>\n<meta property=\"og:url\" content=\"https:\/\/omanivietnam.com\/index.php\/san-pham\/jumo-401010-000-tn43012750\/\" \/>\n<meta property=\"og:site_name\" content=\"OMANI VI\u1ec6T NAM\" \/>\n<meta property=\"article:modified_time\" content=\"2024-08-29T16:01:21+00:00\" \/>\n<meta property=\"og:image\" content=\"https:\/\/omanivietnam.com\/wp-content\/uploads\/2024\/08\/JUMO.png\" \/>\n\t<meta property=\"og:image:width\" content=\"672\" \/>\n\t<meta property=\"og:image:height\" content=\"903\" \/>\n\t<meta property=\"og:image:type\" content=\"image\/png\" \/>\n<meta name=\"twitter:card\" content=\"summary_large_image\" \/>\n<meta name=\"twitter:label1\" content=\"\u01af\u1edbc t\u00ednh th\u1eddi gian \u0111\u1ecdc\" \/>\n\t<meta name=\"twitter:data1\" content=\"6 ph\u00fat\" \/>\n<script type=\"application\/ld+json\" class=\"yoast-schema-graph\">{\"@context\":\"https:\/\/schema.org\",\"@graph\":[{\"@type\":\"WebPage\",\"@id\":\"https:\/\/omanivietnam.com\/index.php\/san-pham\/jumo-401010-000-tn43012750\/\",\"url\":\"https:\/\/omanivietnam.com\/index.php\/san-pham\/jumo-401010-000-tn43012750\/\",\"name\":\"JUMO 401010\/000 TN43012750 - OMANI VI\u1ec6T NAM\",\"isPartOf\":{\"@id\":\"https:\/\/omanivietnam.com\/#website\"},\"primaryImageOfPage\":{\"@id\":\"https:\/\/omanivietnam.com\/index.php\/san-pham\/jumo-401010-000-tn43012750\/#primaryimage\"},\"image\":{\"@id\":\"https:\/\/omanivietnam.com\/index.php\/san-pham\/jumo-401010-000-tn43012750\/#primaryimage\"},\"thumbnailUrl\":\"https:\/\/omanivietnam.com\/wp-content\/uploads\/2024\/08\/JUMO.png\",\"datePublished\":\"2024-08-29T15:59:35+00:00\",\"dateModified\":\"2024-08-29T16:01:21+00:00\",\"breadcrumb\":{\"@id\":\"https:\/\/omanivietnam.com\/index.php\/san-pham\/jumo-401010-000-tn43012750\/#breadcrumb\"},\"inLanguage\":\"vi\",\"potentialAction\":[{\"@type\":\"ReadAction\",\"target\":[\"https:\/\/omanivietnam.com\/index.php\/san-pham\/jumo-401010-000-tn43012750\/\"]}]},{\"@type\":\"ImageObject\",\"inLanguage\":\"vi\",\"@id\":\"https:\/\/omanivietnam.com\/index.php\/san-pham\/jumo-401010-000-tn43012750\/#primaryimage\",\"url\":\"https:\/\/omanivietnam.com\/wp-content\/uploads\/2024\/08\/JUMO.png\",\"contentUrl\":\"https:\/\/omanivietnam.com\/wp-content\/uploads\/2024\/08\/JUMO.png\",\"width\":672,\"height\":903},{\"@type\":\"BreadcrumbList\",\"@id\":\"https:\/\/omanivietnam.com\/index.php\/san-pham\/jumo-401010-000-tn43012750\/#breadcrumb\",\"itemListElement\":[{\"@type\":\"ListItem\",\"position\":1,\"name\":\"Home\",\"item\":\"https:\/\/omanivietnam.com\/\"},{\"@type\":\"ListItem\",\"position\":2,\"name\":\"S\u1ea2N PH\u1ea8M\",\"item\":\"https:\/\/omanivietnam.com\/index.php\/cua-hang\/\"},{\"@type\":\"ListItem\",\"position\":3,\"name\":\"JUMO 401010\/000 TN43012750\"}]},{\"@type\":\"WebSite\",\"@id\":\"https:\/\/omanivietnam.com\/#website\",\"url\":\"https:\/\/omanivietnam.com\/\",\"name\":\"OMANI VI\u1ec6T NAM\",\"description\":\"Nh\u00e0 ph\u00e2n ph\u1ed1i thi\u1ebft b\u1ecb kh\u00ed n\u00e9n v\u00e0 thi\u1ebft b\u1ecb t\u1ef1 \u0111\u1ed9ng h\u00f3a trong c\u00f4ng nghi\u1ec7p\",\"publisher\":{\"@id\":\"https:\/\/omanivietnam.com\/#\/schema\/person\/0ad398a980dc3fd696111c2c5c8fa897\"},\"potentialAction\":[{\"@type\":\"SearchAction\",\"target\":{\"@type\":\"EntryPoint\",\"urlTemplate\":\"https:\/\/omanivietnam.com\/?s={search_term_string}\"},\"query-input\":\"required name=search_term_string\"}],\"inLanguage\":\"vi\"},{\"@type\":[\"Person\",\"Organization\"],\"@id\":\"https:\/\/omanivietnam.com\/#\/schema\/person\/0ad398a980dc3fd696111c2c5c8fa897\",\"name\":\"Nguy\u1ec5n V\u0103n Kh\u00e1nh\",\"image\":{\"@type\":\"ImageObject\",\"inLanguage\":\"vi\",\"@id\":\"https:\/\/omanivietnam.com\/#\/schema\/person\/image\/\",\"url\":\"https:\/\/omanivietnam.com\/wp-content\/uploads\/2024\/06\/logo-1024x1024.png\",\"contentUrl\":\"https:\/\/omanivietnam.com\/wp-content\/uploads\/2024\/06\/logo-1024x1024.png\",\"width\":1024,\"height\":1024,\"caption\":\"Nguy\u1ec5n V\u0103n Kh\u00e1nh\"},\"logo\":{\"@id\":\"https:\/\/omanivietnam.com\/#\/schema\/person\/image\/\"},\"sameAs\":[\"https:\/\/omanivietnam.com\"]}]}<\/script>\n<!-- \/ Yoast SEO plugin. -->","yoast_head_json":{"title":"JUMO 401010\/000 TN43012750 - OMANI VI\u1ec6T NAM","robots":{"index":"index","follow":"follow","max-snippet":"max-snippet:-1","max-image-preview":"max-image-preview:large","max-video-preview":"max-video-preview:-1"},"canonical":"https:\/\/omanivietnam.com\/index.php\/san-pham\/jumo-401010-000-tn43012750\/","og_locale":"vi_VN","og_type":"article","og_title":"JUMO 401010\/000 TN43012750 - OMANI VI\u1ec6T NAM","og_description":"JUMO 401010\/000 TN43012750 C\u1ea3m bi\u1ebfn \u00e1p su\u1ea5t Jumo Midas S05 \u2013 401010 C\u1ea3m bi\u1ebfn \u00e1p su\u1ea5t Jumo Midas S05 hay c\u00f2n g\u1ecdi l\u00e0 c\u1ea3m bi\u1ebfn \u00e1p su\u1ea5t Jumo Midas type 401010. \u0110\u00e2y c\u0169ng l\u00e0 d\u00f2ng c\u1ea3m bi\u1ebfn \u00e1p l\u1ef1c jumo midas d\u00f9ng cho OEM nh\u01b0ng \u0111a n\u0103ng h\u01a1n d\u00f2ng c\u1ea3m&hellip;","og_url":"https:\/\/omanivietnam.com\/index.php\/san-pham\/jumo-401010-000-tn43012750\/","og_site_name":"OMANI VI\u1ec6T NAM","article_modified_time":"2024-08-29T16:01:21+00:00","og_image":[{"width":672,"height":903,"url":"https:\/\/omanivietnam.com\/wp-content\/uploads\/2024\/08\/JUMO.png","type":"image\/png"}],"twitter_card":"summary_large_image","twitter_misc":{"\u01af\u1edbc t\u00ednh th\u1eddi gian \u0111\u1ecdc":"6 ph\u00fat"},"schema":{"@context":"https:\/\/schema.org","@graph":[{"@type":"WebPage","@id":"https:\/\/omanivietnam.com\/index.php\/san-pham\/jumo-401010-000-tn43012750\/","url":"https:\/\/omanivietnam.com\/index.php\/san-pham\/jumo-401010-000-tn43012750\/","name":"JUMO 401010\/000 TN43012750 - OMANI VI\u1ec6T NAM","isPartOf":{"@id":"https:\/\/omanivietnam.com\/#website"},"primaryImageOfPage":{"@id":"https:\/\/omanivietnam.com\/index.php\/san-pham\/jumo-401010-000-tn43012750\/#primaryimage"},"image":{"@id":"https:\/\/omanivietnam.com\/index.php\/san-pham\/jumo-401010-000-tn43012750\/#primaryimage"},"thumbnailUrl":"https:\/\/omanivietnam.com\/wp-content\/uploads\/2024\/08\/JUMO.png","datePublished":"2024-08-29T15:59:35+00:00","dateModified":"2024-08-29T16:01:21+00:00","breadcrumb":{"@id":"https:\/\/omanivietnam.com\/index.php\/san-pham\/jumo-401010-000-tn43012750\/#breadcrumb"},"inLanguage":"vi","potentialAction":[{"@type":"ReadAction","target":["https:\/\/omanivietnam.com\/index.php\/san-pham\/jumo-401010-000-tn43012750\/"]}]},{"@type":"ImageObject","inLanguage":"vi","@id":"https:\/\/omanivietnam.com\/index.php\/san-pham\/jumo-401010-000-tn43012750\/#primaryimage","url":"https:\/\/omanivietnam.com\/wp-content\/uploads\/2024\/08\/JUMO.png","contentUrl":"https:\/\/omanivietnam.com\/wp-content\/uploads\/2024\/08\/JUMO.png","width":672,"height":903},{"@type":"BreadcrumbList","@id":"https:\/\/omanivietnam.com\/index.php\/san-pham\/jumo-401010-000-tn43012750\/#breadcrumb","itemListElement":[{"@type":"ListItem","position":1,"name":"Home","item":"https:\/\/omanivietnam.com\/"},{"@type":"ListItem","position":2,"name":"S\u1ea2N PH\u1ea8M","item":"https:\/\/omanivietnam.com\/index.php\/cua-hang\/"},{"@type":"ListItem","position":3,"name":"JUMO 401010\/000 TN43012750"}]},{"@type":"WebSite","@id":"https:\/\/omanivietnam.com\/#website","url":"https:\/\/omanivietnam.com\/","name":"OMANI VI\u1ec6T NAM","description":"Nh\u00e0 ph\u00e2n ph\u1ed1i thi\u1ebft b\u1ecb kh\u00ed n\u00e9n v\u00e0 thi\u1ebft b\u1ecb t\u1ef1 \u0111\u1ed9ng h\u00f3a trong c\u00f4ng nghi\u1ec7p","publisher":{"@id":"https:\/\/omanivietnam.com\/#\/schema\/person\/0ad398a980dc3fd696111c2c5c8fa897"},"potentialAction":[{"@type":"SearchAction","target":{"@type":"EntryPoint","urlTemplate":"https:\/\/omanivietnam.com\/?s={search_term_string}"},"query-input":"required name=search_term_string"}],"inLanguage":"vi"},{"@type":["Person","Organization"],"@id":"https:\/\/omanivietnam.com\/#\/schema\/person\/0ad398a980dc3fd696111c2c5c8fa897","name":"Nguy\u1ec5n V\u0103n Kh\u00e1nh","image":{"@type":"ImageObject","inLanguage":"vi","@id":"https:\/\/omanivietnam.com\/#\/schema\/person\/image\/","url":"https:\/\/omanivietnam.com\/wp-content\/uploads\/2024\/06\/logo-1024x1024.png","contentUrl":"https:\/\/omanivietnam.com\/wp-content\/uploads\/2024\/06\/logo-1024x1024.png","width":1024,"height":1024,"caption":"Nguy\u1ec5n V\u0103n Kh\u00e1nh"},"logo":{"@id":"https:\/\/omanivietnam.com\/#\/schema\/person\/image\/"},"sameAs":["https:\/\/omanivietnam.com"]}]}},"_links":{"self":[{"href":"https:\/\/omanivietnam.com\/index.php\/wp-json\/wp\/v2\/product\/1611","targetHints":{"allow":["GET"]}}],"collection":[{"href":"https:\/\/omanivietnam.com\/index.php\/wp-json\/wp\/v2\/product"}],"about":[{"href":"https:\/\/omanivietnam.com\/index.php\/wp-json\/wp\/v2\/types\/product"}],"replies":[{"embeddable":true,"href":"https:\/\/omanivietnam.com\/index.php\/wp-json\/wp\/v2\/comments?post=1611"}],"wp:featuredmedia":[{"embeddable":true,"href":"https:\/\/omanivietnam.com\/index.php\/wp-json\/wp\/v2\/media\/1612"}],"wp:attachment":[{"href":"https:\/\/omanivietnam.com\/index.php\/wp-json\/wp\/v2\/media?parent=1611"}],"wp:term":[{"taxonomy":"product_cat","embeddable":true,"href":"https:\/\/omanivietnam.com\/index.php\/wp-json\/wp\/v2\/product_cat?post=1611"},{"taxonomy":"product_tag","embeddable":true,"href":"https:\/\/omanivietnam.com\/index.php\/wp-json\/wp\/v2\/product_tag?post=1611"}],"curies":[{"name":"wp","href":"https:\/\/api.w.org\/{rel}","templated":true}]}}