{"id":1618,"date":"2024-08-30T05:37:14","date_gmt":"2024-08-29T22:37:14","guid":{"rendered":"https:\/\/omanivietnam.com\/?post_type=product&#038;p=1618"},"modified":"2024-08-30T05:38:30","modified_gmt":"2024-08-29T22:38:30","slug":"danfoss-060g1125","status":"publish","type":"product","link":"https:\/\/omanivietnam.com\/index.php\/san-pham\/danfoss-060g1125\/","title":{"rendered":"DANFOSS 060G1125"},"content":{"rendered":"<p>DANFOSS 060G1125<\/p>\n<p>C\u1ea3m Bi\u1ebfn \u00c1p Su\u1ea5t Danfoss MBS 3000 (Code: 060G1125)<\/p>\n<p>\u0110i\u1ec7n \u00e1p cung c\u1ea5p :10\u00a0&#8211; 30\u00a0VDC<\/p>\n<p>Ch\u1ea5t Li\u1ec7u : Stainless steel (AISI 316L)<\/p>\n<p>\u00c1p su\u1ea5t l\u00e0m vi\u1ec7c\u00a0\u00a0: 0 &#8211; 10\u00a0bar<\/p>\n<p>T\u00edn hi\u1ec7u \u0111\u1ea7u ra : 4 &#8211; 20 mA<\/p>\n<p>K\u1ebft n\u1ed1i ren : G1\/4<\/p>\n<p>Nhi\u1ec7t \u0111\u1ed9 l\u00e0m vi\u1ec7c :\u00a0-40 &#8211; 85 \u00b0C<\/p>\n<p>Ti\u00eau chu\u1ea9n b\u1ea3o v\u1ec7 : IP65<\/p>\n<p>\u1ee8ng d\u1ee5ng:\u00a0\u0110\u01b0\u1ee3c thi\u1ebft k\u1ebf cho c\u00e1c m\u00f4i tr\u01b0\u1eddng kh\u1eafc nghi\u1ec7t trong c\u00f4ng nghi\u1ec7p nh\u01b0 m\u00e1y b\u01a1m, m\u00e1y n\u00e9n kh\u00ed, kh\u00ed n\u00e9n, x\u1eed l\u00fd n\u01b0\u1edbc.<\/p>\n<p>MBS3000 060G1125 C\u1ea3m bi\u1ebfn \u00e1p l\u1ef1c<\/p>\n<p>B\u1ed9 c\u1ea3m bi\u1ebfn \u00e1p su\u1ea5t, Lo\u1ea1i MBS 3000 060G1125 , K\u00edch th\u01b0\u1edbc k\u1ebft n\u1ed1i \u00e1p su\u1ea5t: 1\/4, Lo\u1ea1i k\u1ebft n\u1ed1i \u00e1p su\u1ea5t: G, K\u00edch th\u01b0\u1edbc k\u1ebft n\u1ed1i \u0111i\u1ec7n: PG 9, K\u1ebft n\u1ed1i \u0111i\u1ec7n: ph\u00edch c\u1eafm DIN<\/p>\n<table width=\"1058\">\n<tbody>\n<tr>\n<td width=\"331\">T\u1ed5ng tr\u1ecdng l\u01b0\u1ee3ng<\/td>\n<td width=\"208\">0,17 Kg<\/td>\n<td width=\"285\">Ph\u1ea1m vi nhi\u1ec7t \u0111\u1ed9 trung b\u00ecnh [\u00b0 C] [Max]<\/td>\n<td width=\"234\">85 \u00b0 C<\/td>\n<\/tr>\n<tr>\n<td width=\"331\">Kh\u1ed1i l\u01b0\u1ee3ng t\u1ecbnh<\/td>\n<td width=\"208\">0,15 Kg<\/td>\n<td width=\"285\">Ph\u1ea1m vi nhi\u1ec7t \u0111\u1ed9 trung b\u00ecnh [\u00b0 C] [Min]<\/td>\n<td width=\"234\">-40 \u00b0 C<\/td>\n<\/tr>\n<tr>\n<td width=\"331\">EAN<\/td>\n<td width=\"208\">5,70242E+12<\/td>\n<td width=\"285\">Ph\u1ea1m vi nhi\u1ec7t \u0111\u1ed9 trung b\u00ecnh [\u00b0 F] [Max]<\/td>\n<td width=\"234\">185 \u00b0 F<\/td>\n<\/tr>\n<tr>\n<td width=\"331\">MBS3000 060G1125<\/td>\n<td width=\"208\">Ch\u00e2n 1<\/td>\n<td width=\"285\">Ph\u1ea1m vi nhi\u1ec7t \u0111\u1ed9 trung b\u00ecnh [\u00b0 F] [Min]<\/td>\n<td width=\"234\">-40 \u00b0 F<\/td>\n<\/tr>\n<tr>\n<td width=\"331\">\u2013 chung<\/td>\n<td width=\"208\">Ch\u00e2n 2<\/td>\n<td width=\"285\">Phi tuy\u1ebfn t\u00ednh BFSL \u00b1 FS [%]<\/td>\n<td width=\"234\">0,50%<\/td>\n<\/tr>\n<tr>\n<td width=\"331\">\u0110\u1ed9 ch\u00ednh x\u00e1c, t\u1ed1i \u0111a.\u00a0+\/- FS [%]<\/td>\n<td width=\"208\">1%<\/td>\n<td width=\"285\">T\u00edn hi\u1ec7u \u0111\u1ea7u ra<\/td>\n<td width=\"234\">Hi\u1ec7n h\u00e0nh<\/td>\n<\/tr>\n<tr>\n<td width=\"331\">\u0110\u1ed9 ch\u00ednh x\u00e1c, \u0111i\u1ec3n h\u00ecnh +\/- FS [%]<\/td>\n<td width=\"208\">0,50%<\/td>\n<td width=\"285\">T\u00edn hi\u1ec7u \u0111\u1ea7u ra [mA] [Max]<\/td>\n<td width=\"234\">20 mA<\/td>\n<\/tr>\n<tr>\n<td width=\"331\">T\u00ednh t\u1eeb.\u00a0\u0111i\u1ec3m kh\u00f4ng v\u00e0 kho\u1ea3ng<\/td>\n<td width=\"208\">Kh\u00f4ng<\/td>\n<td width=\"285\">T\u00edn hi\u1ec7u \u0111\u1ea7u ra [mA] [Min]<\/td>\n<td width=\"234\">4 mA<\/td>\n<\/tr>\n<tr>\n<td width=\"331\">Ph\u1ea1m vi nhi\u1ec7t \u0111\u1ed9 m\u00f4i tr\u01b0\u1eddng [\u00b0 C] [Max]<\/td>\n<td width=\"208\">85 \u00b0 C<\/td>\n<td width=\"285\">\u00c1p su\u1ea5t qu\u00e1 t\u1ea3i t\u1ed1i \u0111a.\u00a0[qu\u00e1n ba]<\/td>\n<td width=\"234\">60 Bar<\/td>\n<\/tr>\n<\/tbody>\n<\/table>\n<table width=\"1058\">\n<tbody>\n<tr>\n<td width=\"331\">Ph\u1ea1m vi nhi\u1ec7t \u0111\u1ed9 m\u00f4i tr\u01b0\u1eddng [\u00b0 C] [Min]<\/td>\n<td width=\"208\">-40 \u00b0 C<\/td>\n<td width=\"285\">\u00c1p su\u1ea5t qu\u00e1 t\u1ea3i t\u1ed1i \u0111a.\u00a0[psi]<\/td>\n<td width=\"234\">870 psi<\/td>\n<\/tr>\n<tr>\n<td width=\"331\">Ph\u1ea1m vi nhi\u1ec7t \u0111\u1ed9 m\u00f4i tr\u01b0\u1eddng [\u00b0 F] [Max]<\/td>\n<td width=\"208\">185 \u00b0 F<\/td>\n<td width=\"285\">K\u1ebft n\u1ed1i \u00e1p su\u1ea5t HEX [mm]<\/td>\n<td width=\"234\">27 mm<\/td>\n<\/tr>\n<tr>\n<td width=\"331\">Ph\u1ea1m vi nhi\u1ec7t \u0111\u1ed9 m\u00f4i tr\u01b0\u1eddng [\u00b0 F] [Min]<\/td>\n<td width=\"208\">-40 \u00b0 F<\/td>\n<td width=\"285\">K\u00edch th\u01b0\u1edbc k\u1ebft n\u1ed1i \u00e1p l\u1ef1c<\/td>\n<td width=\"234\">1\/4 (6mm)<\/td>\n<\/tr>\n<tr>\n<td width=\"331\">S\u1ef1 ch\u1ea5p thu\u1eadn<\/td>\n<td width=\"208\">ATEX<\/td>\n<td width=\"285\">Ti\u00eau chu\u1ea9n k\u1ebft n\u1ed1i \u00e1p su\u1ea5t<\/td>\n<td width=\"234\">EN 837<\/td>\n<\/tr>\n<tr>\n<td width=\"331\">\u00dd ki\u1ebfn \u200b\u200bph\u00ea duy\u1ec7t<\/td>\n<td width=\"208\">ATEX Ex nA IIA T3 Gc<\/td>\n<td width=\"285\">Lo\u1ea1i k\u1ebft n\u1ed1i \u00e1p l\u1ef1c<\/td>\n<td width=\"234\">G<\/td>\n<\/tr>\n<tr>\n<td width=\"331\">Nhi\u1ec7t \u0111\u1ed9 b\u00f9.\u00a0ph\u1ea1m vi [\u00b0 C] [T\u1ed1i \u0111a]<\/td>\n<td width=\"208\">80 \u00b0 C<\/td>\n<td width=\"285\">Ph\u1ea1m vi \u00e1p su\u1ea5t [bar] [Max]<\/td>\n<td width=\"234\">10 Bar<\/td>\n<\/tr>\n<tr>\n<td width=\"331\">Nhi\u1ec7t \u0111\u1ed9 b\u00f9.\u00a0ph\u1ea1m vi [\u00b0 C] [T\u1ed1i thi\u1ec3u]<\/td>\n<td width=\"208\">0 \u00b0 C<\/td>\n<td width=\"285\">Ph\u1ea1m vi \u00e1p su\u1ea5t [bar] [Min]<\/td>\n<td width=\"234\">0\u00a0 Bar<\/td>\n<\/tr>\n<tr>\n<td width=\"331\">Nhi\u1ec7t \u0111\u1ed9 b\u00f9.\u00a0ph\u1ea1m vi [\u00b0 F] [T\u1ed1i \u0111a]<\/td>\n<td width=\"208\">176 \u00b0 F<\/td>\n<td width=\"285\">Ph\u1ea1m vi \u00e1p su\u1ea5t [psi] [Max]<\/td>\n<td width=\"234\">145,04 psi<\/td>\n<\/tr>\n<tr>\n<td width=\"331\">Nhi\u1ec7t \u0111\u1ed9 b\u00f9.\u00a0ph\u1ea1m vi [\u00b0 F] [T\u1ed1i thi\u1ec3u]<\/td>\n<td width=\"208\">32 \u00b0 F<\/td>\n<td width=\"285\">Ph\u1ea1m vi \u00e1p su\u1ea5t [psi] [Min]<\/td>\n<td width=\"234\">0 psi<\/td>\n<\/tr>\n<tr>\n<td width=\"331\"><\/td>\n<td width=\"208\"><\/td>\n<td width=\"285\">Tham chi\u1ebfu \u0111\u01a1n v\u1ecb \u00e1p l\u1ef1c<\/td>\n<td width=\"234\">M\u00e1y \u0111o (t\u01b0\u01a1ng \u0111\u1ed1i)<\/td>\n<\/tr>\n<tr>\n<td width=\"331\">K\u1ebft n\u1ed1i \u0111i\u1ec7n<\/td>\n<td width=\"208\">C\u1eafm DIN<\/td>\n<td width=\"285\">Nh\u00f3m s\u1ea3n ph\u1ea9m<\/td>\n<td width=\"234\">C\u1ea3m bi\u1ebfn<\/td>\n<\/tr>\n<tr>\n<td width=\"331\">K\u00edch th\u01b0\u1edbc k\u1ebft n\u1ed1i \u0111i\u1ec7n<\/td>\n<td width=\"208\">PGS 9<\/td>\n<td width=\"285\">T\u00ean s\u1ea3n ph\u1ea9m<\/td>\n<td width=\"234\">M\u00e1y ph\u00e1t<\/td>\n<\/tr>\n<tr>\n<td width=\"331\">Chu\u1ea9n k\u1ebft n\u1ed1i \u0111i\u1ec7n<\/td>\n<td width=\"208\">EN 175301-804-A<\/td>\n<td width=\"285\">Lo\u1ea1i s\u1ea3n ph\u1ea9m<\/td>\n<td width=\"234\">MBS 3000<\/td>\n<\/tr>\n<\/tbody>\n<\/table>\n<p>&nbsp;<\/p>\n<table width=\"1058\">\n<tbody>\n<tr>\n<td width=\"331\">X\u1ebfp h\u1ea1ng IP k\u00e8m theo<\/td>\n<td width=\"208\">IP65<\/td>\n<td width=\"285\">S\u1ed1 l\u01b0\u1ee3ng\u0111\u00f3ng g\u00f3i\/Th\u00f9ng<\/td>\n<td width=\"234\">14 C\u00e1i<\/td>\n<\/tr>\n<tr>\n<td width=\"331\">M\u00e0ng ch\u1eafn<\/td>\n<td width=\"208\">Kh\u00f4ng<\/td>\n<td width=\"285\">Respon<a href=\"http:\/\/nk-advertising.com\/\">s<\/a>e time max. [ms]<\/td>\n<td width=\"234\">4 ms<\/td>\n<\/tr>\n<tr>\n<td width=\"331\">S\u1ea3n ph\u1ea9m gi\u1ed1ng h\u1ec7t<\/td>\n<td width=\"208\"><\/td>\n<td width=\"285\">Ph\u00edm th\u00f4ng s\u1ed1 k\u1ef9 thu\u1eadt<\/td>\n<td width=\"234\">MBS 3000-2011-A1AB04-0<\/td>\n<\/tr>\n<tr>\n<td width=\"331\">B\u1ea3n ch\u1ea5t an to\u00e0n<\/td>\n<td width=\"208\">Kh\u00f4ng<\/td>\n<td width=\"285\">\u0110i\u1ec7n \u00e1p cung c\u1ea5p [V] DC [Max]<\/td>\n<td width=\"234\">30 V<\/td>\n<\/tr>\n<tr>\n<td width=\"331\"><\/td>\n<td width=\"208\"><\/td>\n<td width=\"285\">\u0110i\u1ec7n \u00e1p cung c\u1ea5p [V] DC [Min]<\/td>\n<td width=\"234\">10 V<\/td>\n<\/tr>\n<\/tbody>\n<\/table>\n<p>&nbsp;<\/p>\n<p>C\u00e1c m\u00e3 h\u00e0ng t\u01b0\u01a1ng t\u1ef1<\/p>\n<p>C\u1ea3m bi\u1ebfn \u00e1p su\u1ea5t Danfoss MBS3000 060G3813<\/p>\n<p>C\u1ea3m bi\u1ebfn \u00e1p su\u1ea5t Danfoss MBS3000, 0 \u2013 6 Bar \u2013 C\/N: 060G1124<\/p>\n<p>C\u1ea3m bi\u1ebfn \u00e1p su\u1ea5t Danfoss MBS3000, 0 \u2013 16 Bar \u2013 C\/N: 060G1133<\/p>\n<p><u><strong>D\u1ea3i \u00e1p su\u1ea5t v\u00e0 m\u00e3 Code \u0111\u1eb7t h\u00e0ng<\/strong><\/u>:<\/p>\n<table>\n<tbody>\n<tr>\n<td><strong>D\u1ea3i \u00e1p su\u1ea5t (bar)<\/strong><\/td>\n<td><strong>Type<\/strong><\/td>\n<td><strong>Code no.<\/strong><\/td>\n<\/tr>\n<tr>\n<td>0 &#8211; 1<\/td>\n<td>MBS 3000 &#8211; 1011 &#8211; 1 AB04<\/td>\n<td><strong>060G1113<\/strong><\/td>\n<\/tr>\n<tr>\n<td>0 &#8211; 1.6<\/td>\n<td>MBS 3000 &#8211; 1211 &#8211; 1 AB04<\/td>\n<td><strong>060G1429<\/strong><\/td>\n<\/tr>\n<tr>\n<td>0 &#8211; 2.5<\/td>\n<td>MBS 3000 &#8211; 1411 &#8211; 1 AB04<\/td>\n<td><strong>060G1122<\/strong><\/td>\n<\/tr>\n<tr>\n<td>0 &#8211; 4<\/td>\n<td>MBS 3000 &#8211; 1611 &#8211; 1 AB04<\/td>\n<td><strong>060G1123<\/strong><\/td>\n<\/tr>\n<tr>\n<td>0 &#8211; 6<\/td>\n<td>MBS 3000 &#8211; 1811 &#8211; 1 AB04<\/td>\n<td><strong>060G1124<\/strong><\/td>\n<\/tr>\n<tr>\n<td>0 &#8211; 10<\/td>\n<td>MBS 3000 &#8211; 2011 &#8211; 1 AB04<\/td>\n<td><strong>060G1125<\/strong><\/td>\n<\/tr>\n<tr>\n<td>0 &#8211; 16<\/td>\n<td>MBS 3000 &#8211; 2211 &#8211; 1 AB04<\/td>\n<td><strong>060G1133<\/strong><\/td>\n<\/tr>\n<tr>\n<td>0 &#8211; 25<\/td>\n<td>MBS 3000 &#8211; 2411 &#8211; 1 AB04<\/td>\n<td><strong>060G1430<\/strong><\/td>\n<\/tr>\n<tr>\n<td>0 &#8211; 40<\/td>\n<td>MBS 3000 &#8211; 2611 &#8211; 1 AB04<\/td>\n<td><strong>060G1105<\/strong><\/td>\n<\/tr>\n<tr>\n<td>0 &#8211; 60<\/td>\n<td>MBS 3000 &#8211; 2811 &#8211; 1 AB04<\/td>\n<td><strong>060G1106<\/strong><\/td>\n<\/tr>\n<tr>\n<td>0 &#8211; 100<\/td>\n<td>MBS 3000 &#8211; 3011 &#8211; 1 AB04<\/td>\n<td><strong>060G1107<\/strong><\/td>\n<\/tr>\n<tr>\n<td>0 &#8211; 160<\/td>\n<td>MBS 3000 &#8211; 3211 &#8211; 1 AB04<\/td>\n<td><strong>060G1112<\/strong><\/td>\n<\/tr>\n<tr>\n<td>0 &#8211; 250<\/td>\n<td>MBS 3000 &#8211; 3411 &#8211; 1 AB04<\/td>\n<td><strong>060G1111<\/strong><\/td>\n<\/tr>\n<tr>\n<td>0 &#8211; 400<\/td>\n<td>MBS 3000 &#8211; 3611 &#8211; 1 AB04<\/td>\n<td><strong>060G1109<\/strong><\/td>\n<\/tr>\n<tr>\n<td>0 &#8211; 600<\/td>\n<td>MBS 3000 &#8211; 3811 &#8211; 1 AB04<\/td>\n<td><strong>060G1110<\/strong><\/td>\n<\/tr>\n<\/tbody>\n<\/table>\n<table class=\"Table\" cellspacing=\"0\">\n<tbody>\n<tr>\n<td>M\u00e3 S\u1ea3n Ph\u1ea9m<\/td>\n<td>Part no<\/td>\n<td>\u00c1p Su\u1ea5t<\/td>\n<\/tr>\n<tr>\n<td>C\u1ea3m bi\u1ebfn \u00e1p Su\u1ea5t MBS 1900<\/td>\n<td>064G6501<\/td>\n<td>0 &#8211; 6\u00a0 bar<\/td>\n<\/tr>\n<tr>\n<td>C\u1ea3m bi\u1ebfn \u00e1p Su\u1ea5t MBS 1900<\/td>\n<td>064G6502<\/td>\n<td>0 &#8211; 10\u00a0 bar<\/td>\n<\/tr>\n<tr>\n<td>C\u1ea3m bi\u1ebfn \u00e1p Su\u1ea5t MBS 1900<\/td>\n<td>064G6504<\/td>\n<td>0 &#8211; 25\u00a0 bar<\/td>\n<\/tr>\n<tr>\n<td>C\u1ea3m bi\u1ebfn \u00e1p Su\u1ea5t MBS 1900<\/td>\n<td>064G6511<\/td>\n<td>0 &#8211; 16\u00a0 bar<\/td>\n<\/tr>\n<tr>\n<td>C\u1ea3m bi\u1ebfn \u00e1p Su\u1ea5t MBS 1900<\/td>\n<td>064G6514<\/td>\n<td>0 &#8211; 100\u00a0 psi<\/td>\n<\/tr>\n<tr>\n<td>C\u1ea3m bi\u1ebfn \u00e1p Su\u1ea5t MBS 1900<\/td>\n<td>064G6521<\/td>\n<td>0 &#8211; 6\u00a0 bar<\/td>\n<\/tr>\n<tr>\n<td>C\u1ea3m bi\u1ebfn \u00e1p Su\u1ea5t MBS 1900<\/td>\n<td>064G6522<\/td>\n<td>0 &#8211; 10\u00a0 bar<\/td>\n<\/tr>\n<tr>\n<td>C\u1ea3m bi\u1ebfn \u00e1p Su\u1ea5t MBS 1900<\/td>\n<td>064G6523<\/td>\n<td>0 &#8211; 16\u00a0 bar<\/td>\n<\/tr>\n<tr>\n<td>C\u1ea3m bi\u1ebfn \u00e1p Su\u1ea5t MBS 1900<\/td>\n<td>064G6524<\/td>\n<td>0 &#8211; 25\u00a0 bar<\/td>\n<\/tr>\n<tr>\n<td>C\u1ea3m bi\u1ebfn \u00e1p Su\u1ea5t MBS 1900<\/td>\n<td>064G6530<\/td>\n<td>0 &#8211; 250\u00a0 psi<\/td>\n<\/tr>\n<tr>\n<td>C\u1ea3m bi\u1ebfn \u00e1p Su\u1ea5t MBS 1900<\/td>\n<td>064G6531<\/td>\n<td>0 &#8211; 16\u00a0 bar<\/td>\n<\/tr>\n<tr>\n<td>C\u1ea3m bi\u1ebfn \u00e1p Su\u1ea5t MBS 1900<\/td>\n<td>064G6532<\/td>\n<td>0 &#8211; 16\u00a0 bar<\/td>\n<\/tr>\n<tr>\n<td>C\u1ea3m bi\u1ebfn \u00e1p Su\u1ea5t MBS 1900<\/td>\n<td>064G6533<\/td>\n<td>0 &#8211; 16\u00a0 bar<\/td>\n<\/tr>\n<tr>\n<td>C\u1ea3m bi\u1ebfn \u00e1p Su\u1ea5t MBS 1900<\/td>\n<td>064G6534<\/td>\n<td>0 &#8211; 100\u00a0 psi<\/td>\n<\/tr>\n<tr>\n<td>C\u1ea3m bi\u1ebfn \u00e1p Su\u1ea5t MBS 1900<\/td>\n<td>064G6535<\/td>\n<td>0 &#8211; 200\u00a0 psi<\/td>\n<\/tr>\n<tr>\n<td>C\u1ea3m bi\u1ebfn \u00e1p Su\u1ea5t MBS 1900<\/td>\n<td>064G6536<\/td>\n<td>0 &#8211; 300\u00a0 psi<\/td>\n<\/tr>\n<tr>\n<td>C\u1ea3m bi\u1ebfn \u00e1p Su\u1ea5t MBS 1900<\/td>\n<td>064G6541<\/td>\n<td>0 &#8211; 16\u00a0 bar<\/td>\n<\/tr>\n<tr>\n<td>C\u1ea3m bi\u1ebfn \u00e1p Su\u1ea5t MBS 1900<\/td>\n<td>064G6542<\/td>\n<td>0 &#8211; 10\u00a0 bar<\/td>\n<\/tr>\n<tr>\n<td>C\u1ea3m bi\u1ebfn \u00e1p Su\u1ea5t MBS 1900<\/td>\n<td>064G6543<\/td>\n<td>0 &#8211; 10\u00a0 bar<\/td>\n<\/tr>\n<tr>\n<td>C\u1ea3m bi\u1ebfn \u00e1p Su\u1ea5t MBS 1900<\/td>\n<td>064G6545<\/td>\n<td>0 &#8211; 10\u00a0 bar<\/td>\n<\/tr>\n<\/tbody>\n<\/table>\n<p>&nbsp;<\/p>\n<p>\u0110\u1ea1i l\u00fd DANFOSS vietnam, DANFOSS viet nam, DANFOSS vietnam distributor, Ph\u00e2n ph\u1ed1i DANFOSS t\u1ea1i vi\u1ec7t nam<\/p>\n<p>\u0110\u1ea1i l\u00fd DANFOSS vietnam, DANFOSS viet nam, DANFOSS vietnam distributor, Ph\u00e2n ph\u1ed1i DANFOSS t\u1ea1i vi\u1ec7t nam<\/p>\n<p>\u0110\u1ea1i l\u00fd DANFOSS vietnam, DANFOSS viet nam, DANFOSS vietnam distributor, Ph\u00e2n ph\u1ed1i DANFOSS t\u1ea1i vi\u1ec7t nam<\/p>\n<p>\u0110\u1ea1i l\u00fd DANFOSS vietnam, DANFOSS viet nam, DANFOSS vietnam distributor, Ph\u00e2n ph\u1ed1i DANFOSS t\u1ea1i vi\u1ec7t nam<\/p>\n<p>\u0110\u1ea1i l\u00fd DANFOSS vietnam, DANFOSS viet nam, DANFOSS vietnam distributor, Ph\u00e2n ph\u1ed1i DANFOSS t\u1ea1i vi\u1ec7t nam<\/p>\n","protected":false},"excerpt":{"rendered":"<p>DANFOSS 060G1125 C\u1ea3m Bi\u1ebfn \u00c1p Su\u1ea5t Danfoss MBS 3000 (Code: 060G1125) \u0110i\u1ec7n \u00e1p cung c\u1ea5p :10\u00a0&#8211; 30\u00a0VDC Ch\u1ea5t Li\u1ec7u : Stainless steel (AISI 316L) \u00c1p su\u1ea5t l\u00e0m vi\u1ec7c\u00a0\u00a0: 0 &#8211; 10\u00a0bar T\u00edn hi\u1ec7u \u0111\u1ea7u ra : 4 &#8211; 20 mA K\u1ebft n\u1ed1i ren : G1\/4 Nhi\u1ec7t \u0111\u1ed9 l\u00e0m vi\u1ec7c :\u00a0-40&hellip; <\/p>\n","protected":false},"featured_media":1619,"comment_status":"open","ping_status":"closed","template":"","meta":[],"product_cat":[368],"product_tag":[88,176,175],"class_list":{"0":"post-1618","1":"product","2":"type-product","3":"status-publish","4":"has-post-thumbnail","6":"product_cat-danfoss","7":"product_tag-cam-bien","8":"product_tag-dai-ly-danfoss-viet-nam","9":"product_tag-danfoss-viet-nam","11":"first","12":"instock","13":"shipping-taxable","14":"product-type-simple"},"yoast_head":"<!-- This site is optimized with the Yoast SEO plugin v22.8 - https:\/\/yoast.com\/wordpress\/plugins\/seo\/ -->\n<title>DANFOSS 060G1125 - OMANI VI\u1ec6T NAM<\/title>\n<meta name=\"robots\" content=\"index, follow, max-snippet:-1, max-image-preview:large, max-video-preview:-1\" \/>\n<link rel=\"canonical\" href=\"https:\/\/omanivietnam.com\/index.php\/san-pham\/danfoss-060g1125\/\" \/>\n<meta property=\"og:locale\" content=\"vi_VN\" \/>\n<meta property=\"og:type\" content=\"article\" \/>\n<meta property=\"og:title\" content=\"DANFOSS 060G1125 - OMANI VI\u1ec6T NAM\" \/>\n<meta property=\"og:description\" content=\"DANFOSS 060G1125 C\u1ea3m Bi\u1ebfn \u00c1p Su\u1ea5t Danfoss MBS 3000 (Code: 060G1125) \u0110i\u1ec7n \u00e1p cung c\u1ea5p :10\u00a0&#8211; 30\u00a0VDC Ch\u1ea5t Li\u1ec7u : Stainless steel (AISI 316L) \u00c1p su\u1ea5t l\u00e0m vi\u1ec7c\u00a0\u00a0: 0 &#8211; 10\u00a0bar T\u00edn hi\u1ec7u \u0111\u1ea7u ra : 4 &#8211; 20 mA K\u1ebft n\u1ed1i ren : G1\/4 Nhi\u1ec7t \u0111\u1ed9 l\u00e0m vi\u1ec7c :\u00a0-40&hellip;\" \/>\n<meta property=\"og:url\" content=\"https:\/\/omanivietnam.com\/index.php\/san-pham\/danfoss-060g1125\/\" \/>\n<meta property=\"og:site_name\" content=\"OMANI VI\u1ec6T NAM\" \/>\n<meta property=\"article:modified_time\" content=\"2024-08-29T22:38:30+00:00\" \/>\n<meta property=\"og:image\" content=\"https:\/\/omanivietnam.com\/wp-content\/uploads\/2024\/08\/060G1125.png\" \/>\n\t<meta property=\"og:image:width\" content=\"525\" \/>\n\t<meta property=\"og:image:height\" content=\"502\" \/>\n\t<meta property=\"og:image:type\" content=\"image\/png\" \/>\n<meta name=\"twitter:card\" content=\"summary_large_image\" \/>\n<meta name=\"twitter:label1\" content=\"\u01af\u1edbc t\u00ednh th\u1eddi gian \u0111\u1ecdc\" \/>\n\t<meta name=\"twitter:data1\" content=\"6 ph\u00fat\" \/>\n<script type=\"application\/ld+json\" class=\"yoast-schema-graph\">{\"@context\":\"https:\/\/schema.org\",\"@graph\":[{\"@type\":\"WebPage\",\"@id\":\"https:\/\/omanivietnam.com\/index.php\/san-pham\/danfoss-060g1125\/\",\"url\":\"https:\/\/omanivietnam.com\/index.php\/san-pham\/danfoss-060g1125\/\",\"name\":\"DANFOSS 060G1125 - OMANI VI\u1ec6T NAM\",\"isPartOf\":{\"@id\":\"https:\/\/omanivietnam.com\/#website\"},\"primaryImageOfPage\":{\"@id\":\"https:\/\/omanivietnam.com\/index.php\/san-pham\/danfoss-060g1125\/#primaryimage\"},\"image\":{\"@id\":\"https:\/\/omanivietnam.com\/index.php\/san-pham\/danfoss-060g1125\/#primaryimage\"},\"thumbnailUrl\":\"https:\/\/omanivietnam.com\/wp-content\/uploads\/2024\/08\/060G1125.png\",\"datePublished\":\"2024-08-29T22:37:14+00:00\",\"dateModified\":\"2024-08-29T22:38:30+00:00\",\"breadcrumb\":{\"@id\":\"https:\/\/omanivietnam.com\/index.php\/san-pham\/danfoss-060g1125\/#breadcrumb\"},\"inLanguage\":\"vi\",\"potentialAction\":[{\"@type\":\"ReadAction\",\"target\":[\"https:\/\/omanivietnam.com\/index.php\/san-pham\/danfoss-060g1125\/\"]}]},{\"@type\":\"ImageObject\",\"inLanguage\":\"vi\",\"@id\":\"https:\/\/omanivietnam.com\/index.php\/san-pham\/danfoss-060g1125\/#primaryimage\",\"url\":\"https:\/\/omanivietnam.com\/wp-content\/uploads\/2024\/08\/060G1125.png\",\"contentUrl\":\"https:\/\/omanivietnam.com\/wp-content\/uploads\/2024\/08\/060G1125.png\",\"width\":525,\"height\":502},{\"@type\":\"BreadcrumbList\",\"@id\":\"https:\/\/omanivietnam.com\/index.php\/san-pham\/danfoss-060g1125\/#breadcrumb\",\"itemListElement\":[{\"@type\":\"ListItem\",\"position\":1,\"name\":\"Home\",\"item\":\"https:\/\/omanivietnam.com\/\"},{\"@type\":\"ListItem\",\"position\":2,\"name\":\"S\u1ea2N PH\u1ea8M\",\"item\":\"https:\/\/omanivietnam.com\/index.php\/cua-hang\/\"},{\"@type\":\"ListItem\",\"position\":3,\"name\":\"DANFOSS 060G1125\"}]},{\"@type\":\"WebSite\",\"@id\":\"https:\/\/omanivietnam.com\/#website\",\"url\":\"https:\/\/omanivietnam.com\/\",\"name\":\"OMANI VI\u1ec6T NAM\",\"description\":\"Nh\u00e0 ph\u00e2n ph\u1ed1i thi\u1ebft b\u1ecb kh\u00ed n\u00e9n v\u00e0 thi\u1ebft b\u1ecb t\u1ef1 \u0111\u1ed9ng h\u00f3a trong c\u00f4ng nghi\u1ec7p\",\"publisher\":{\"@id\":\"https:\/\/omanivietnam.com\/#\/schema\/person\/0ad398a980dc3fd696111c2c5c8fa897\"},\"potentialAction\":[{\"@type\":\"SearchAction\",\"target\":{\"@type\":\"EntryPoint\",\"urlTemplate\":\"https:\/\/omanivietnam.com\/?s={search_term_string}\"},\"query-input\":\"required name=search_term_string\"}],\"inLanguage\":\"vi\"},{\"@type\":[\"Person\",\"Organization\"],\"@id\":\"https:\/\/omanivietnam.com\/#\/schema\/person\/0ad398a980dc3fd696111c2c5c8fa897\",\"name\":\"Nguy\u1ec5n V\u0103n Kh\u00e1nh\",\"image\":{\"@type\":\"ImageObject\",\"inLanguage\":\"vi\",\"@id\":\"https:\/\/omanivietnam.com\/#\/schema\/person\/image\/\",\"url\":\"https:\/\/omanivietnam.com\/wp-content\/uploads\/2024\/06\/logo-1024x1024.png\",\"contentUrl\":\"https:\/\/omanivietnam.com\/wp-content\/uploads\/2024\/06\/logo-1024x1024.png\",\"width\":1024,\"height\":1024,\"caption\":\"Nguy\u1ec5n V\u0103n Kh\u00e1nh\"},\"logo\":{\"@id\":\"https:\/\/omanivietnam.com\/#\/schema\/person\/image\/\"},\"sameAs\":[\"https:\/\/omanivietnam.com\"]}]}<\/script>\n<!-- \/ Yoast SEO plugin. -->","yoast_head_json":{"title":"DANFOSS 060G1125 - OMANI VI\u1ec6T NAM","robots":{"index":"index","follow":"follow","max-snippet":"max-snippet:-1","max-image-preview":"max-image-preview:large","max-video-preview":"max-video-preview:-1"},"canonical":"https:\/\/omanivietnam.com\/index.php\/san-pham\/danfoss-060g1125\/","og_locale":"vi_VN","og_type":"article","og_title":"DANFOSS 060G1125 - OMANI VI\u1ec6T NAM","og_description":"DANFOSS 060G1125 C\u1ea3m Bi\u1ebfn \u00c1p Su\u1ea5t Danfoss MBS 3000 (Code: 060G1125) \u0110i\u1ec7n \u00e1p cung c\u1ea5p :10\u00a0&#8211; 30\u00a0VDC Ch\u1ea5t Li\u1ec7u : Stainless steel (AISI 316L) \u00c1p su\u1ea5t l\u00e0m vi\u1ec7c\u00a0\u00a0: 0 &#8211; 10\u00a0bar T\u00edn hi\u1ec7u \u0111\u1ea7u ra : 4 &#8211; 20 mA K\u1ebft n\u1ed1i ren : G1\/4 Nhi\u1ec7t \u0111\u1ed9 l\u00e0m vi\u1ec7c :\u00a0-40&hellip;","og_url":"https:\/\/omanivietnam.com\/index.php\/san-pham\/danfoss-060g1125\/","og_site_name":"OMANI VI\u1ec6T NAM","article_modified_time":"2024-08-29T22:38:30+00:00","og_image":[{"width":525,"height":502,"url":"https:\/\/omanivietnam.com\/wp-content\/uploads\/2024\/08\/060G1125.png","type":"image\/png"}],"twitter_card":"summary_large_image","twitter_misc":{"\u01af\u1edbc t\u00ednh th\u1eddi gian \u0111\u1ecdc":"6 ph\u00fat"},"schema":{"@context":"https:\/\/schema.org","@graph":[{"@type":"WebPage","@id":"https:\/\/omanivietnam.com\/index.php\/san-pham\/danfoss-060g1125\/","url":"https:\/\/omanivietnam.com\/index.php\/san-pham\/danfoss-060g1125\/","name":"DANFOSS 060G1125 - OMANI VI\u1ec6T NAM","isPartOf":{"@id":"https:\/\/omanivietnam.com\/#website"},"primaryImageOfPage":{"@id":"https:\/\/omanivietnam.com\/index.php\/san-pham\/danfoss-060g1125\/#primaryimage"},"image":{"@id":"https:\/\/omanivietnam.com\/index.php\/san-pham\/danfoss-060g1125\/#primaryimage"},"thumbnailUrl":"https:\/\/omanivietnam.com\/wp-content\/uploads\/2024\/08\/060G1125.png","datePublished":"2024-08-29T22:37:14+00:00","dateModified":"2024-08-29T22:38:30+00:00","breadcrumb":{"@id":"https:\/\/omanivietnam.com\/index.php\/san-pham\/danfoss-060g1125\/#breadcrumb"},"inLanguage":"vi","potentialAction":[{"@type":"ReadAction","target":["https:\/\/omanivietnam.com\/index.php\/san-pham\/danfoss-060g1125\/"]}]},{"@type":"ImageObject","inLanguage":"vi","@id":"https:\/\/omanivietnam.com\/index.php\/san-pham\/danfoss-060g1125\/#primaryimage","url":"https:\/\/omanivietnam.com\/wp-content\/uploads\/2024\/08\/060G1125.png","contentUrl":"https:\/\/omanivietnam.com\/wp-content\/uploads\/2024\/08\/060G1125.png","width":525,"height":502},{"@type":"BreadcrumbList","@id":"https:\/\/omanivietnam.com\/index.php\/san-pham\/danfoss-060g1125\/#breadcrumb","itemListElement":[{"@type":"ListItem","position":1,"name":"Home","item":"https:\/\/omanivietnam.com\/"},{"@type":"ListItem","position":2,"name":"S\u1ea2N PH\u1ea8M","item":"https:\/\/omanivietnam.com\/index.php\/cua-hang\/"},{"@type":"ListItem","position":3,"name":"DANFOSS 060G1125"}]},{"@type":"WebSite","@id":"https:\/\/omanivietnam.com\/#website","url":"https:\/\/omanivietnam.com\/","name":"OMANI VI\u1ec6T NAM","description":"Nh\u00e0 ph\u00e2n ph\u1ed1i thi\u1ebft b\u1ecb kh\u00ed n\u00e9n v\u00e0 thi\u1ebft b\u1ecb t\u1ef1 \u0111\u1ed9ng h\u00f3a trong c\u00f4ng nghi\u1ec7p","publisher":{"@id":"https:\/\/omanivietnam.com\/#\/schema\/person\/0ad398a980dc3fd696111c2c5c8fa897"},"potentialAction":[{"@type":"SearchAction","target":{"@type":"EntryPoint","urlTemplate":"https:\/\/omanivietnam.com\/?s={search_term_string}"},"query-input":"required name=search_term_string"}],"inLanguage":"vi"},{"@type":["Person","Organization"],"@id":"https:\/\/omanivietnam.com\/#\/schema\/person\/0ad398a980dc3fd696111c2c5c8fa897","name":"Nguy\u1ec5n V\u0103n Kh\u00e1nh","image":{"@type":"ImageObject","inLanguage":"vi","@id":"https:\/\/omanivietnam.com\/#\/schema\/person\/image\/","url":"https:\/\/omanivietnam.com\/wp-content\/uploads\/2024\/06\/logo-1024x1024.png","contentUrl":"https:\/\/omanivietnam.com\/wp-content\/uploads\/2024\/06\/logo-1024x1024.png","width":1024,"height":1024,"caption":"Nguy\u1ec5n V\u0103n Kh\u00e1nh"},"logo":{"@id":"https:\/\/omanivietnam.com\/#\/schema\/person\/image\/"},"sameAs":["https:\/\/omanivietnam.com"]}]}},"_links":{"self":[{"href":"https:\/\/omanivietnam.com\/index.php\/wp-json\/wp\/v2\/product\/1618","targetHints":{"allow":["GET"]}}],"collection":[{"href":"https:\/\/omanivietnam.com\/index.php\/wp-json\/wp\/v2\/product"}],"about":[{"href":"https:\/\/omanivietnam.com\/index.php\/wp-json\/wp\/v2\/types\/product"}],"replies":[{"embeddable":true,"href":"https:\/\/omanivietnam.com\/index.php\/wp-json\/wp\/v2\/comments?post=1618"}],"wp:featuredmedia":[{"embeddable":true,"href":"https:\/\/omanivietnam.com\/index.php\/wp-json\/wp\/v2\/media\/1619"}],"wp:attachment":[{"href":"https:\/\/omanivietnam.com\/index.php\/wp-json\/wp\/v2\/media?parent=1618"}],"wp:term":[{"taxonomy":"product_cat","embeddable":true,"href":"https:\/\/omanivietnam.com\/index.php\/wp-json\/wp\/v2\/product_cat?post=1618"},{"taxonomy":"product_tag","embeddable":true,"href":"https:\/\/omanivietnam.com\/index.php\/wp-json\/wp\/v2\/product_tag?post=1618"}],"curies":[{"name":"wp","href":"https:\/\/api.w.org\/{rel}","templated":true}]}}