{"id":1622,"date":"2024-08-31T05:28:09","date_gmt":"2024-08-30T22:28:09","guid":{"rendered":"https:\/\/omanivietnam.com\/?post_type=product&#038;p=1622"},"modified":"2024-08-31T05:29:38","modified_gmt":"2024-08-30T22:29:38","slug":"omron-g2r-1-sn-dc24s","status":"publish","type":"product","link":"https:\/\/omanivietnam.com\/index.php\/san-pham\/omron-g2r-1-sn-dc24s\/","title":{"rendered":"OMRON G2R-1-SN DC24(S)"},"content":{"rendered":"<p>OMRON G2R-1-SN DC24(S)<\/p>\n<p>OMRON G2R-2-SN DC24<\/p>\n<p>&#8211; Relay 5 ch\u00e2n d\u1eb9p, \u0110i\u1ec7n \u00e1p 24 VAC, d\u00f2ng ti\u1ebfp \u0111i\u1ec3m 10A<\/p>\n<p>&#8211; Hi\u1ec3n th\u1ecb LED\u00a0 &amp; v\u00e0 hi\u1ec3n th\u1ecb c\u01a1<\/p>\n<p>&#8211; S\u1eed d\u1ee5ng \u0111\u1ebf c\u1eafm : P2RF-05, P2RFZ-05-E, &#8230;<\/p>\n<p>&#8211; S\u1ed1 ch\u00e2n: 5 ch\u00e2n, 1 c\u1eb7p ti\u1ebfp \u0111i\u1ec3m SPDT<\/p>\n<p>&#8211; V\u1ecf trong su\u1ed1t<\/p>\n<p class=\"m-h1\">Mini Power Relay Plug-In Terminal Type G2R-\u25a1-S (G2R-1-SN DC24)<\/p>\n<p class=\"m-h2\">Product Description<\/p>\n<p>1\u00a0pole 10\u00a0A and 2 pole 5\u00a0A general purpose slim type miniature power relays.<br \/>\n[Features]<br \/>\n\u00b7 Cadmium-free, lead-free.<br \/>\n\u00b71-position for 10\u00a0A and 2-position for 5\u00a0A general-purpose power relay.<br \/>\n\u00b7Safety-oriented design with a withstand voltage of 5,000\u00a0V between coil to contacts and a surge resistant voltage of 10,000\u00a0V.<br \/>\n\u00b7With different colors for AC and DC coil tapes, AC and DC specifications are easily identified.<br \/>\n\u00b7Includes a convenient latching lever for circuit check (Type G2R-\u25a1-S[S]).<br \/>\n[Applications]<br \/>\n\u00b7Mainly used for control panels, industrial machines, etc.<\/p>\n<table class=\"m-listTable\" summary=\"Price, Spec., etc.\">\n<tbody>\n<tr>\n<th>Latch function<\/th>\n<td>NA<\/td>\n<th>Terminal shape<\/th>\n<td>Socket \/ plug-in<\/td>\n<\/tr>\n<tr>\n<th>Contact rated current (minimum value for AC and DC)(A)<\/th>\n<td>10<\/td>\n<th>Coil rated voltage (DC)(V)<\/th>\n<td>24<\/td>\n<\/tr>\n<tr>\n<th>Coil rated voltage (AC)(V)<\/th>\n<td>&#8211;<\/td>\n<th>Representative Standard<\/th>\n<td>CE \/ UL \/ CSA<\/td>\n<\/tr>\n<tr>\n<th>Dimension height(mm)<\/th>\n<td>29<\/td>\n<th>Dimension width(mm)<\/th>\n<td>13<\/td>\n<\/tr>\n<tr>\n<th>Dimension depth(mm)<\/th>\n<td>29<\/td>\n<th>Classification<\/th>\n<td>Standard Type<\/td>\n<\/tr>\n<tr class=\"VN_table-row\">\n<th>Operation Indicator Lamp<\/th>\n<td>Available<\/td>\n<th>Latching Relay<\/th>\n<td>NA<\/td>\n<\/tr>\n<tr class=\"VN_table-row\">\n<th>Upper Case Surface Mounting<\/th>\n<td>\u00d7<\/td>\n<th>Contact mechanism<\/th>\n<td>Single<\/td>\n<\/tr>\n<tr class=\"VN_table-row\">\n<th>Protective Structure<\/th>\n<td>In-Case Type<\/td>\n<th>Bargain Article<\/th>\n<td>&#8211;<\/td>\n<\/tr>\n<tr class=\"VN_table-row\">\n<th>RoHS<\/th>\n<td>&#8211;<\/td>\n<th>&#8211;<\/th>\n<td>&#8211;<\/td>\n<\/tr>\n<\/tbody>\n<\/table>\n<p>&nbsp;<\/p>\n<p>\u0110\u1ea1i l\u00fd OMRON vietnam, OMRON viet nam, OMRON vietnam distributor, Ph\u00e2n ph\u1ed1i OMRON t\u1ea1i vi\u1ec7t nam<\/p>\n<p>\u0110\u1ea1i l\u00fd OMRON vietnam, OMRON viet nam, OMRON vietnam distributor, Ph\u00e2n ph\u1ed1i OMRON t\u1ea1i vi\u1ec7t nam<\/p>\n<p>\u0110\u1ea1i l\u00fd OMRON vietnam, OMRON viet nam, OMRON vietnam distributor, Ph\u00e2n ph\u1ed1i OMRON t\u1ea1i vi\u1ec7t nam<\/p>\n<p>\u0110\u1ea1i l\u00fd OMRON vietnam, OMRON viet nam, OMRON vietnam distributor, Ph\u00e2n ph\u1ed1i OMRON t\u1ea1i vi\u1ec7t nam<\/p>\n<p>\u0110\u1ea1i l\u00fd OMRON vietnam, OMRON viet nam, OMRON vietnam distributor, Ph\u00e2n ph\u1ed1i OMRON t\u1ea1i vi\u1ec7t<\/p>\n","protected":false},"excerpt":{"rendered":"<p>OMRON G2R-1-SN DC24(S) OMRON G2R-2-SN DC24 &#8211; Relay 5 ch\u00e2n d\u1eb9p, \u0110i\u1ec7n \u00e1p 24 VAC, d\u00f2ng ti\u1ebfp \u0111i\u1ec3m 10A &#8211; Hi\u1ec3n th\u1ecb LED\u00a0 &amp; v\u00e0 hi\u1ec3n th\u1ecb c\u01a1 &#8211; S\u1eed d\u1ee5ng \u0111\u1ebf c\u1eafm : P2RF-05, P2RFZ-05-E, &#8230; &#8211; S\u1ed1 ch\u00e2n: 5 ch\u00e2n, 1 c\u1eb7p ti\u1ebfp \u0111i\u1ec3m SPDT &#8211; V\u1ecf trong&hellip; <\/p>\n","protected":false},"featured_media":1623,"comment_status":"open","ping_status":"closed","template":"","meta":[],"product_cat":[311],"product_tag":[105,104,161],"class_list":{"0":"post-1622","1":"product","2":"type-product","3":"status-publish","4":"has-post-thumbnail","6":"product_cat-omron","7":"product_tag-dai-ly-omron-viet-nam","8":"product_tag-omron-viet-nam","9":"product_tag-ro-le","11":"first","12":"instock","13":"shipping-taxable","14":"product-type-simple"},"yoast_head":"<!-- This site is optimized with the Yoast SEO plugin v22.8 - https:\/\/yoast.com\/wordpress\/plugins\/seo\/ -->\n<title>OMRON G2R-1-SN DC24(S) - OMANI VI\u1ec6T NAM<\/title>\n<meta name=\"robots\" content=\"index, follow, max-snippet:-1, max-image-preview:large, max-video-preview:-1\" \/>\n<link rel=\"canonical\" href=\"https:\/\/omanivietnam.com\/index.php\/san-pham\/omron-g2r-1-sn-dc24s\/\" \/>\n<meta property=\"og:locale\" content=\"vi_VN\" \/>\n<meta property=\"og:type\" content=\"article\" \/>\n<meta property=\"og:title\" content=\"OMRON G2R-1-SN DC24(S) - OMANI VI\u1ec6T NAM\" \/>\n<meta property=\"og:description\" content=\"OMRON G2R-1-SN DC24(S) OMRON G2R-2-SN DC24 &#8211; Relay 5 ch\u00e2n d\u1eb9p, \u0110i\u1ec7n \u00e1p 24 VAC, d\u00f2ng ti\u1ebfp \u0111i\u1ec3m 10A &#8211; Hi\u1ec3n th\u1ecb LED\u00a0 &amp; v\u00e0 hi\u1ec3n th\u1ecb c\u01a1 &#8211; S\u1eed d\u1ee5ng \u0111\u1ebf c\u1eafm : P2RF-05, P2RFZ-05-E, &#8230; &#8211; S\u1ed1 ch\u00e2n: 5 ch\u00e2n, 1 c\u1eb7p ti\u1ebfp \u0111i\u1ec3m SPDT &#8211; V\u1ecf trong&hellip;\" \/>\n<meta property=\"og:url\" content=\"https:\/\/omanivietnam.com\/index.php\/san-pham\/omron-g2r-1-sn-dc24s\/\" \/>\n<meta property=\"og:site_name\" content=\"OMANI VI\u1ec6T NAM\" \/>\n<meta property=\"article:modified_time\" content=\"2024-08-30T22:29:38+00:00\" \/>\n<meta property=\"og:image\" content=\"https:\/\/omanivietnam.com\/wp-content\/uploads\/2024\/08\/G2R-1-SN-DC24S.png\" \/>\n\t<meta property=\"og:image:width\" content=\"691\" \/>\n\t<meta property=\"og:image:height\" content=\"466\" \/>\n\t<meta property=\"og:image:type\" content=\"image\/png\" \/>\n<meta name=\"twitter:card\" content=\"summary_large_image\" \/>\n<meta name=\"twitter:label1\" content=\"\u01af\u1edbc t\u00ednh th\u1eddi gian \u0111\u1ecdc\" \/>\n\t<meta name=\"twitter:data1\" content=\"2 ph\u00fat\" \/>\n<script type=\"application\/ld+json\" class=\"yoast-schema-graph\">{\"@context\":\"https:\/\/schema.org\",\"@graph\":[{\"@type\":\"WebPage\",\"@id\":\"https:\/\/omanivietnam.com\/index.php\/san-pham\/omron-g2r-1-sn-dc24s\/\",\"url\":\"https:\/\/omanivietnam.com\/index.php\/san-pham\/omron-g2r-1-sn-dc24s\/\",\"name\":\"OMRON G2R-1-SN DC24(S) - OMANI VI\u1ec6T NAM\",\"isPartOf\":{\"@id\":\"https:\/\/omanivietnam.com\/#website\"},\"primaryImageOfPage\":{\"@id\":\"https:\/\/omanivietnam.com\/index.php\/san-pham\/omron-g2r-1-sn-dc24s\/#primaryimage\"},\"image\":{\"@id\":\"https:\/\/omanivietnam.com\/index.php\/san-pham\/omron-g2r-1-sn-dc24s\/#primaryimage\"},\"thumbnailUrl\":\"https:\/\/omanivietnam.com\/wp-content\/uploads\/2024\/08\/G2R-1-SN-DC24S.png\",\"datePublished\":\"2024-08-30T22:28:09+00:00\",\"dateModified\":\"2024-08-30T22:29:38+00:00\",\"breadcrumb\":{\"@id\":\"https:\/\/omanivietnam.com\/index.php\/san-pham\/omron-g2r-1-sn-dc24s\/#breadcrumb\"},\"inLanguage\":\"vi\",\"potentialAction\":[{\"@type\":\"ReadAction\",\"target\":[\"https:\/\/omanivietnam.com\/index.php\/san-pham\/omron-g2r-1-sn-dc24s\/\"]}]},{\"@type\":\"ImageObject\",\"inLanguage\":\"vi\",\"@id\":\"https:\/\/omanivietnam.com\/index.php\/san-pham\/omron-g2r-1-sn-dc24s\/#primaryimage\",\"url\":\"https:\/\/omanivietnam.com\/wp-content\/uploads\/2024\/08\/G2R-1-SN-DC24S.png\",\"contentUrl\":\"https:\/\/omanivietnam.com\/wp-content\/uploads\/2024\/08\/G2R-1-SN-DC24S.png\",\"width\":691,\"height\":466},{\"@type\":\"BreadcrumbList\",\"@id\":\"https:\/\/omanivietnam.com\/index.php\/san-pham\/omron-g2r-1-sn-dc24s\/#breadcrumb\",\"itemListElement\":[{\"@type\":\"ListItem\",\"position\":1,\"name\":\"Home\",\"item\":\"https:\/\/omanivietnam.com\/\"},{\"@type\":\"ListItem\",\"position\":2,\"name\":\"S\u1ea2N PH\u1ea8M\",\"item\":\"https:\/\/omanivietnam.com\/index.php\/cua-hang\/\"},{\"@type\":\"ListItem\",\"position\":3,\"name\":\"OMRON G2R-1-SN DC24(S)\"}]},{\"@type\":\"WebSite\",\"@id\":\"https:\/\/omanivietnam.com\/#website\",\"url\":\"https:\/\/omanivietnam.com\/\",\"name\":\"OMANI VI\u1ec6T NAM\",\"description\":\"Nh\u00e0 ph\u00e2n ph\u1ed1i thi\u1ebft b\u1ecb kh\u00ed n\u00e9n v\u00e0 thi\u1ebft b\u1ecb t\u1ef1 \u0111\u1ed9ng h\u00f3a trong c\u00f4ng nghi\u1ec7p\",\"publisher\":{\"@id\":\"https:\/\/omanivietnam.com\/#\/schema\/person\/0ad398a980dc3fd696111c2c5c8fa897\"},\"potentialAction\":[{\"@type\":\"SearchAction\",\"target\":{\"@type\":\"EntryPoint\",\"urlTemplate\":\"https:\/\/omanivietnam.com\/?s={search_term_string}\"},\"query-input\":\"required name=search_term_string\"}],\"inLanguage\":\"vi\"},{\"@type\":[\"Person\",\"Organization\"],\"@id\":\"https:\/\/omanivietnam.com\/#\/schema\/person\/0ad398a980dc3fd696111c2c5c8fa897\",\"name\":\"Nguy\u1ec5n V\u0103n Kh\u00e1nh\",\"image\":{\"@type\":\"ImageObject\",\"inLanguage\":\"vi\",\"@id\":\"https:\/\/omanivietnam.com\/#\/schema\/person\/image\/\",\"url\":\"https:\/\/omanivietnam.com\/wp-content\/uploads\/2024\/06\/logo-1024x1024.png\",\"contentUrl\":\"https:\/\/omanivietnam.com\/wp-content\/uploads\/2024\/06\/logo-1024x1024.png\",\"width\":1024,\"height\":1024,\"caption\":\"Nguy\u1ec5n V\u0103n Kh\u00e1nh\"},\"logo\":{\"@id\":\"https:\/\/omanivietnam.com\/#\/schema\/person\/image\/\"},\"sameAs\":[\"https:\/\/omanivietnam.com\"]}]}<\/script>\n<!-- \/ Yoast SEO plugin. -->","yoast_head_json":{"title":"OMRON G2R-1-SN DC24(S) - OMANI VI\u1ec6T NAM","robots":{"index":"index","follow":"follow","max-snippet":"max-snippet:-1","max-image-preview":"max-image-preview:large","max-video-preview":"max-video-preview:-1"},"canonical":"https:\/\/omanivietnam.com\/index.php\/san-pham\/omron-g2r-1-sn-dc24s\/","og_locale":"vi_VN","og_type":"article","og_title":"OMRON G2R-1-SN DC24(S) - OMANI VI\u1ec6T NAM","og_description":"OMRON G2R-1-SN DC24(S) OMRON G2R-2-SN DC24 &#8211; Relay 5 ch\u00e2n d\u1eb9p, \u0110i\u1ec7n \u00e1p 24 VAC, d\u00f2ng ti\u1ebfp \u0111i\u1ec3m 10A &#8211; Hi\u1ec3n th\u1ecb LED\u00a0 &amp; v\u00e0 hi\u1ec3n th\u1ecb c\u01a1 &#8211; S\u1eed d\u1ee5ng \u0111\u1ebf c\u1eafm : P2RF-05, P2RFZ-05-E, &#8230; &#8211; S\u1ed1 ch\u00e2n: 5 ch\u00e2n, 1 c\u1eb7p ti\u1ebfp \u0111i\u1ec3m SPDT &#8211; V\u1ecf trong&hellip;","og_url":"https:\/\/omanivietnam.com\/index.php\/san-pham\/omron-g2r-1-sn-dc24s\/","og_site_name":"OMANI VI\u1ec6T NAM","article_modified_time":"2024-08-30T22:29:38+00:00","og_image":[{"width":691,"height":466,"url":"https:\/\/omanivietnam.com\/wp-content\/uploads\/2024\/08\/G2R-1-SN-DC24S.png","type":"image\/png"}],"twitter_card":"summary_large_image","twitter_misc":{"\u01af\u1edbc t\u00ednh th\u1eddi gian \u0111\u1ecdc":"2 ph\u00fat"},"schema":{"@context":"https:\/\/schema.org","@graph":[{"@type":"WebPage","@id":"https:\/\/omanivietnam.com\/index.php\/san-pham\/omron-g2r-1-sn-dc24s\/","url":"https:\/\/omanivietnam.com\/index.php\/san-pham\/omron-g2r-1-sn-dc24s\/","name":"OMRON G2R-1-SN DC24(S) - OMANI VI\u1ec6T NAM","isPartOf":{"@id":"https:\/\/omanivietnam.com\/#website"},"primaryImageOfPage":{"@id":"https:\/\/omanivietnam.com\/index.php\/san-pham\/omron-g2r-1-sn-dc24s\/#primaryimage"},"image":{"@id":"https:\/\/omanivietnam.com\/index.php\/san-pham\/omron-g2r-1-sn-dc24s\/#primaryimage"},"thumbnailUrl":"https:\/\/omanivietnam.com\/wp-content\/uploads\/2024\/08\/G2R-1-SN-DC24S.png","datePublished":"2024-08-30T22:28:09+00:00","dateModified":"2024-08-30T22:29:38+00:00","breadcrumb":{"@id":"https:\/\/omanivietnam.com\/index.php\/san-pham\/omron-g2r-1-sn-dc24s\/#breadcrumb"},"inLanguage":"vi","potentialAction":[{"@type":"ReadAction","target":["https:\/\/omanivietnam.com\/index.php\/san-pham\/omron-g2r-1-sn-dc24s\/"]}]},{"@type":"ImageObject","inLanguage":"vi","@id":"https:\/\/omanivietnam.com\/index.php\/san-pham\/omron-g2r-1-sn-dc24s\/#primaryimage","url":"https:\/\/omanivietnam.com\/wp-content\/uploads\/2024\/08\/G2R-1-SN-DC24S.png","contentUrl":"https:\/\/omanivietnam.com\/wp-content\/uploads\/2024\/08\/G2R-1-SN-DC24S.png","width":691,"height":466},{"@type":"BreadcrumbList","@id":"https:\/\/omanivietnam.com\/index.php\/san-pham\/omron-g2r-1-sn-dc24s\/#breadcrumb","itemListElement":[{"@type":"ListItem","position":1,"name":"Home","item":"https:\/\/omanivietnam.com\/"},{"@type":"ListItem","position":2,"name":"S\u1ea2N PH\u1ea8M","item":"https:\/\/omanivietnam.com\/index.php\/cua-hang\/"},{"@type":"ListItem","position":3,"name":"OMRON G2R-1-SN DC24(S)"}]},{"@type":"WebSite","@id":"https:\/\/omanivietnam.com\/#website","url":"https:\/\/omanivietnam.com\/","name":"OMANI VI\u1ec6T NAM","description":"Nh\u00e0 ph\u00e2n ph\u1ed1i thi\u1ebft b\u1ecb kh\u00ed n\u00e9n v\u00e0 thi\u1ebft b\u1ecb t\u1ef1 \u0111\u1ed9ng h\u00f3a trong c\u00f4ng nghi\u1ec7p","publisher":{"@id":"https:\/\/omanivietnam.com\/#\/schema\/person\/0ad398a980dc3fd696111c2c5c8fa897"},"potentialAction":[{"@type":"SearchAction","target":{"@type":"EntryPoint","urlTemplate":"https:\/\/omanivietnam.com\/?s={search_term_string}"},"query-input":"required name=search_term_string"}],"inLanguage":"vi"},{"@type":["Person","Organization"],"@id":"https:\/\/omanivietnam.com\/#\/schema\/person\/0ad398a980dc3fd696111c2c5c8fa897","name":"Nguy\u1ec5n V\u0103n Kh\u00e1nh","image":{"@type":"ImageObject","inLanguage":"vi","@id":"https:\/\/omanivietnam.com\/#\/schema\/person\/image\/","url":"https:\/\/omanivietnam.com\/wp-content\/uploads\/2024\/06\/logo-1024x1024.png","contentUrl":"https:\/\/omanivietnam.com\/wp-content\/uploads\/2024\/06\/logo-1024x1024.png","width":1024,"height":1024,"caption":"Nguy\u1ec5n V\u0103n Kh\u00e1nh"},"logo":{"@id":"https:\/\/omanivietnam.com\/#\/schema\/person\/image\/"},"sameAs":["https:\/\/omanivietnam.com"]}]}},"_links":{"self":[{"href":"https:\/\/omanivietnam.com\/index.php\/wp-json\/wp\/v2\/product\/1622","targetHints":{"allow":["GET"]}}],"collection":[{"href":"https:\/\/omanivietnam.com\/index.php\/wp-json\/wp\/v2\/product"}],"about":[{"href":"https:\/\/omanivietnam.com\/index.php\/wp-json\/wp\/v2\/types\/product"}],"replies":[{"embeddable":true,"href":"https:\/\/omanivietnam.com\/index.php\/wp-json\/wp\/v2\/comments?post=1622"}],"wp:featuredmedia":[{"embeddable":true,"href":"https:\/\/omanivietnam.com\/index.php\/wp-json\/wp\/v2\/media\/1623"}],"wp:attachment":[{"href":"https:\/\/omanivietnam.com\/index.php\/wp-json\/wp\/v2\/media?parent=1622"}],"wp:term":[{"taxonomy":"product_cat","embeddable":true,"href":"https:\/\/omanivietnam.com\/index.php\/wp-json\/wp\/v2\/product_cat?post=1622"},{"taxonomy":"product_tag","embeddable":true,"href":"https:\/\/omanivietnam.com\/index.php\/wp-json\/wp\/v2\/product_tag?post=1622"}],"curies":[{"name":"wp","href":"https:\/\/api.w.org\/{rel}","templated":true}]}}