{"id":1627,"date":"2024-08-31T05:45:53","date_gmt":"2024-08-30T22:45:53","guid":{"rendered":"https:\/\/omanivietnam.com\/?post_type=product&#038;p=1627"},"modified":"2024-08-31T05:51:46","modified_gmt":"2024-08-30T22:51:46","slug":"joil-jit-100d-10p-dc24v","status":"publish","type":"product","link":"https:\/\/omanivietnam.com\/index.php\/san-pham\/joil-jit-100d-10p-dc24v\/","title":{"rendered":"JOIL JIT-100D -10P DC24V"},"content":{"rendered":"<p>JOIL JIT-100D -10P DC24V<\/p>\n<p>Timer<br \/>\nJIT-100D -10P<br \/>\n( in\/out : 24VDC )<br \/>\nBrand: Joil<\/p>\n<p>M\u1ea1ch \u0111i\u1ec1u khi\u1ec3n Joil JIT-20P-24V cho ph\u00e9p c\u00e0i \u0111\u1eb7t th\u1eddi gian tr\u1ef1c ti\u1ebfp tr\u00ean bo m\u1ea1ch b\u1eb1ng n\u00fat nh\u1ea5n ho\u1eb7c bi\u1ebfn tr\u1edf, r\u1ea5t thu\u1eadn ti\u1ec7n v\u00e0 an to\u00e0n.<\/p>\n<ul>\n<li>Th\u01b0\u01a1ng hi\u1ec7u:\u00a0<strong>Joil\u00a0<\/strong><\/li>\n<li>M\u00e3 s\u1ea3n ph\u1ea9m: JIT-20P-24V<\/li>\n<li>\u0110i\u1ec7n \u00e1p: 24V<\/li>\n<li>S\u1ed1 c\u1ed5ng: 20<\/li>\n<li>Ch\u1ee9c n\u0103ng: \u0110\u01b0\u1ee3c s\u1eed d\u1ee5ng \u0111\u1ec3 ki\u1ec3m so\u00e1t th\u1eddi gian, \u0111a timer controller<\/li>\n<li>Th\u1eddi gian t\u1eaft: T\u1eeb 0 \u0111\u1ebfn 99 gi\u00e2y<\/li>\n<li>\u0110\u00fang gi\u1edd: T\u1eeb 0,1 \u0111\u1ebfn 0,9 gi\u00e2y (c\u00f3 th\u1ec3 \u0111\u1ebfn 0,05 gi\u00e2y theo th\u00f4ng s\u1ed1 \u0111\u1eb7t h\u00e0ng)<\/li>\n<li>B\u1eadt \u0111\u1ebfm: Ho\u1ea1t \u0111\u1ed9ng m\u1ed9t nh\u1ecbp t\u1eeb 1 \u0111\u1ebfn 30 \u0111i\u1ec3m, ho\u1ea1t \u0111\u1ed9ng nhi\u1ec1u nh\u1ecbp t\u1eeb 1 \u0111\u1ebfn 100 \u0111i\u1ec3m<\/li>\n<\/ul>\n<p>M\u1ea1ch \u0111i\u1ec1u khi\u1ec3n Joil\u00a0<strong>JIT-20P-24V<\/strong>\u00a0l\u00e0 m\u1ed9t thi\u1ebft b\u1ecb \u0111a ch\u1ee9c n\u0103ng d\u00f9ng \u0111\u1ec3 ki\u1ec3m so\u00e1t th\u1eddi gian v\u00e0 c\u00e1c timer. S\u1ea3n ph\u1ea9m n\u00e0y \u0111\u01b0\u1ee3c s\u1eed d\u1ee5ng r\u1ed9ng r\u00e3i trong c\u00e1c \u1ee9ng d\u1ee5ng ki\u1ec3m so\u00e1t th\u1eddi gian v\u00e0 timer, v\u00ed d\u1ee5 nh\u01b0 trong c\u00e1c h\u1ec7 th\u1ed1ng c\u1eeda h\u00e0ng, c\u00e1c thi\u1ebft b\u1ecb h\u1eb9n gi\u1edd, v\u00e0 c\u00e1c \u1ee9ng d\u1ee5ng c\u1ea7n ki\u1ec3m so\u00e1t th\u1eddi gian ch\u00ednh x\u00e1c.<\/p>\n<p>Th\u00f4ng s\u1ed1 k\u1ef9 thu\u1eadt c\u1ee7a m\u1ea1ch \u0111i\u1ec1u khi\u1ec3n Joil JIT-20P-24V<\/p>\n<ul>\n<li>Th\u01b0\u01a1ng hi\u1ec7u: Joil<\/li>\n<li>M\u00e3 s\u1ea3n ph\u1ea9m: JIT-20P-24V<\/li>\n<li>\u0110i\u1ec7n \u00e1p: 24V<\/li>\n<li>S\u1ed1 c\u1ed5ng: 20<\/li>\n<li>Ch\u1ee9c n\u0103ng: \u0110\u01b0\u1ee3c s\u1eed d\u1ee5ng \u0111\u1ec3 ki\u1ec3m so\u00e1t th\u1eddi gian, \u0111a\u00a0<a href=\"https:\/\/en.wikipedia.org\/wiki\/Timer\" target=\"_blank\" rel=\"noopener\">timer<\/a>\u00a0controller<\/li>\n<li>Th\u1eddi gian t\u1eaft: T\u1eeb 0 \u0111\u1ebfn 99 gi\u00e2y<\/li>\n<li>\u0110\u00fang gi\u1edd: T\u1eeb 0,1 \u0111\u1ebfn 0,9 gi\u00e2y (c\u00f3 th\u1ec3 \u0111\u1ebfn 0,05 gi\u00e2y theo th\u00f4ng s\u1ed1 \u0111\u1eb7t h\u00e0ng)<\/li>\n<li>B\u1eadt \u0111\u1ebfm: Ho\u1ea1t \u0111\u1ed9ng m\u1ed9t nh\u1ecbp t\u1eeb 1 \u0111\u1ebfn 30 \u0111i\u1ec3m, ho\u1ea1t \u0111\u1ed9ng nhi\u1ec1u nh\u1ecbp t\u1eeb 1 \u0111\u1ebfn 100 \u0111i\u1ec3m<\/li>\n<\/ul>\n<p><span id=\"Uu_diem_cua_mach_dieu_khien_Joil_JIT-20P-24V\" class=\"ez-toc-section\"><\/span>\u01afu \u0111i\u1ec3m c\u1ee7a m\u1ea1ch \u0111i\u1ec1u khi\u1ec3n Joil JIT-20P-24V<\/p>\n<ul>\n<li>L\u00e0 m\u1ea1ch \u0111i\u1ec1u khi\u1ec3n van r\u0169 b\u1ee5i v\u1edbi 20 c\u1ed5ng ra, \u0111i\u1ec7n \u00e1p 24V DC.<\/li>\n<li>Cho ph\u00e9p c\u00e0i \u0111\u1eb7t th\u1eddi gian tr\u1ef1c ti\u1ebfp tr\u00ean bo m\u1ea1ch b\u1eb1ng n\u00fat nh\u1ea5n ho\u1eb7c bi\u1ebfn tr\u1edf, r\u1ea5t thu\u1eadn ti\u1ec7n v\u00e0 an to\u00e0n.<\/li>\n<li>V\u1ecf h\u1ed9p \u0111\u01b0\u1ee3c l\u00e0m b\u1eb1ng nh\u00f4m ho\u1eb7c nh\u1ef1a ch\u1eafc ch\u1eafn, c\u00f3 kh\u1ea3 n\u0103ng ch\u1ecbu \u0111\u01b0\u1ee3c m\u00f4i tr\u01b0\u1eddng nhi\u1ec1u b\u1ee5i v\u00e0 ngo\u00e0i tr\u1eddi (ti\u00eau chu\u1ea9n IP65).<\/li>\n<li>C\u00f3 d\u00e2y n\u1ed1i \u0111\u1ea5t \u0111\u1ec3 ng\u0103n ng\u1eeba tia s\u00e9t, \u0111\u1ea3m b\u1ea3o an to\u00e0n cho ng\u01b0\u1eddi v\u1eadn h\u00e0nh.<\/li>\n<li>Cho ph\u00e9p c\u00e0i \u0111\u1eb7t th\u1eddi gian gi\u0169 b\u1ee5i l\u00ean \u0111\u1ebfn 99 gi\u00e2y, th\u1eddi gian m\u1edf van t\u1eeb 0,1 \u0111\u1ebfn 0,9 gi\u00e2y (c\u00f3 th\u1ec3 \u0111\u1eb7t \u0111\u1ebfn 0,05 gi\u00e2y).<\/li>\n<li>C\u00f3 ch\u1ebf \u0111\u1ed9 ho\u1ea1t \u0111\u1ed9ng 1 nh\u1ecbp (1-30 \u0111i\u1ec3m) ho\u1eb7c nhi\u1ec1u nh\u1ecbp (1-100 \u0111i\u1ec3m).<\/li>\n<\/ul>\n<p>\u1ee8ng d\u1ee5ng c\u1ee7a m\u1ea1ch \u0111i\u1ec1u khi\u1ec3n Joil JIT-20P-24V<\/p>\n<p>Joil JIT-20P-24V l\u00e0 m\u1ed9t thi\u1ebft b\u1ecb \u0111a n\u0103ng \u0111\u01b0\u1ee3c s\u1eed d\u1ee5ng trong c\u00e1c h\u1ec7 th\u1ed1ng \u0111i\u1ec1u khi\u1ec3n th\u1eddi gian v\u00e0 l\u1ecdc b\u1ee5i. D\u01b0\u1edbi \u0111\u00e2y l\u00e0 m\u1ed9t s\u1ed1 \u1ee9ng d\u1ee5ng ch\u00ednh c\u1ee7a n\u00f3:<\/p>\n<ul>\n<li><strong>H\u1ec7 th\u1ed1ng l\u1ecdc b\u1ee5i:<\/strong>\u00a0M\u1ea1ch \u0111i\u1ec1u khi\u1ec3n van r\u0169 b\u1ee5i Joil JIT-20P-24V \u0111\u01b0\u1ee3c s\u1eed d\u1ee5ng \u0111\u1ec3 c\u00e0i \u0111\u1eb7t th\u1eddi gian d\u00f2ng m\u1edf van, gi\u00fap kh\u00ed \u0111i qua v\u00e0 ki\u1ec3m so\u00e1t kho\u1ea3ng c\u00e1ch th\u1eddi gian gi\u1eefa hai van. \u0110i\u1ec1u n\u00e0y gi\u00fap trong qu\u00e1 tr\u00ecnh l\u1ecdc b\u1ee5i, kh\u00ed \u0111\u01b0\u1ee3c \u0111i qua v\u00e0 b\u1ee5i \u0111\u01b0\u1ee3c lo\u1ea1i b\u1ecf hi\u1ec7u qu\u1ea3.<\/li>\n<li><strong>\u0110i\u1ec1u khi\u1ec3n th\u1eddi gian:<\/strong>\u00a0M\u1ea1ch \u0111i\u1ec1u khi\u1ec3n n\u00e0y c\u00f3 th\u1ec3 \u0111\u01b0\u1ee3c s\u1eed d\u1ee5ng \u0111\u1ec3 c\u00e0i \u0111\u1eb7t th\u1eddi gian t\u1eaft, \u0111\u00fang gi\u1edd v\u00e0 b\u1eadt ngu\u1ed3n. N\u00f3 c\u00f3 th\u1ec3 ho\u1ea1t \u0111\u1ed9ng v\u1edbi nhi\u1ec1u nh\u1ecbp, m\u1ed7i nh\u1ecbp c\u00f3 th\u1ec3 \u0111\u01b0\u1ee3c k\u1ebft n\u1ed1i v\u1edbi t\u1eebng \u0111\u1ea7u n\u1ed1i ph\u1eb3ng v\u00e0 ngu\u1ed3n \u0111i\u1ec7n. \u0110i\u1ec1u n\u00e0y gi\u00fap trong c\u00e1c \u1ee9ng d\u1ee5ng c\u1ea7n ki\u1ec3m so\u00e1t th\u1eddi gian ch\u00ednh x\u00e1c.<\/li>\n<li><strong>S\u1eed d\u1ee5ng trong c\u00e1c h\u1ec7 th\u1ed1ng c\u00f4ng nghi\u1ec7p:<\/strong>\u00a0M\u1ea1ch \u0111i\u1ec1u khi\u1ec3n Joil JIT-20P-24V \u0111\u01b0\u1ee3c s\u1eed d\u1ee5ng r\u1ed9ng r\u00e3i trong c\u00e1c h\u1ec7 th\u1ed1ng c\u00f4ng nghi\u1ec7p nh\u01b0 xi m\u0103ng, b\u00ea t\u00f4ng, th\u00e9p, h\u00f3a ch\u1ea5t, v\u00e0 c\u00e1c ng\u00e0nh c\u00f4ng nghi\u1ec7p kh\u00e1c. N\u00f3 \u0111\u01b0\u1ee3c \u0111\u00e1nh gi\u00e1 cao v\u1ec1 ch\u1ea5t l\u01b0\u1ee3ng v\u00e0 tu\u1ed5i th\u1ecd.<\/li>\n<\/ul>\n<p>Trong c\u00e0i \u0111\u1eb7t b\u1ed9 \u0111\u1ebfm th\u1eddi gian, h\u00e3y \u0111\u1ea3m b\u1ea3o c\u00e0i \u0111\u1eb7t n\u00f3 ngo\u00e0i \u0111\u01b0\u1eddng d\u00e2y cao \u00e1p v\u00e0 tr\u01b0\u1eddng \u0111i\u1ec7n t\u1eeb (nguy\u00ean nh\u00e2n g\u00e2y ra s\u1ef1 c\u1ed1).<br \/>\nKhi k\u1ebft n\u1ed1i ngu\u1ed3n, h\u00e3y ki\u1ec3m tra \u0111\u1ea7u v\u00e0o v\u00e0 \u0111\u1ea7u ra.<br \/>\nKi\u1ec3m tra th\u1eddi gian, th\u1eddi gian t\u1eaft &amp; \u0111\u1ebfm v\u00e0 b\u1eadt ngu\u1ed3n.<br \/>\nKhi s\u1eed d\u1ee5ng nhi\u1ec1u nh\u1ecbp, h\u00e3y k\u1ebft n\u1ed1i t\u1eebng p, w, b v\u1edbi t\u1eebng \u0111\u1ea7u n\u1ed1i ph\u1eb3ng v\u00e0 \u0111\u1ed1i v\u1edbi ngu\u1ed3n \u0111i\u1ec7n, h\u00e3y \u0111\u1ea3m b\u1ea3o t\u00e1ch ri\u00eang R &amp; S v\u00e0<br \/>\nk\u1ebft n\u1ed1i v\u1edbi b\u1ed9 h\u1eb9n gi\u1edd ch\u00ednh v\u00e0 b\u1ed9 h\u1eb9n gi\u1edd ph\u1ee5 theo c\u00f9ng m\u1ed9t c\u00e1ch (n\u1ebfu R v\u00e0 S \u0111\u01b0\u1ee3c chuy\u1ec3n \u0111\u1ed5i, m\u1ea1ch P.W.B b\u1ecb \u0111\u1ee9t v\u00e0 tr\u1ee5c tr\u1eb7c<br \/>\nc\u00f3 th\u1ec3 \u0111\u01b0\u1ee3c g\u00e2y ra)<br \/>\nKhi s\u1eed d\u1ee5ng nhi\u1ec1u kho\u1ea3ng th\u1eddi gian, n\u00ean s\u1eed d\u1ee5ng 10p v\u00e0 20p cho b\u1ed9 h\u1eb9n gi\u1edd ch\u00ednh.<br \/>\nC\u1ea7n ng\u0103n ch\u1eb7n b\u1ee5i b\u1ea9n v\u00e0 h\u01a1i \u1ea9m x\u00e2m nh\u1eadp v\u00e0o h\u1ed9p h\u1eb9n gi\u1edd.<br \/>\nTh\u1eddi gian t\u1eaft: l\u00ean \u0111\u1ebfn 0 ~ 99 gi\u00e2y<br \/>\n\u0110\u00fang gi\u1edd: l\u00ean \u0111\u1ebfn 0,1 ~ 0,9 gi\u00e2y (c\u00f3 th\u1ec3 cho \u0111\u1ebfn 0,05 gi\u00e2y theo th\u00f4ng s\u1ed1 \u0111\u1eb7t h\u00e0ng)<br \/>\nB\u1eadt \u0111\u1ebfm: ho\u1ea1t \u0111\u1ed9ng m\u1ed9t nh\u1ecbp 1 ~ 30 \u0111i\u1ec3m, ho\u1ea1t \u0111\u1ed9ng nhi\u1ec1u nh\u1ecbp 1 ~ 100 \u0111i\u1ec3m.<\/p>\n<p>&nbsp;<\/p>\n<p><img decoding=\"async\" src=\"https:\/\/khaiphat.com.vn\/wp-content\/uploads\/2021\/11\/Capture-35.jpg\" \/><\/p>\n<p>&nbsp;<\/p>\n<p>M\u1ea1ch \u0111i\u1ec1u khi\u1ec3n van gi\u0169 b\u1ee5i l\u00e0 thi\u1ebft b\u1ecb d\u00f9ng \u0111\u1ec3 c\u00e0i \u0111\u1eb7t th\u1eddi gian d\u00f2ng m\u1edf van \u0111\u1ec3 kh\u00ed \u0111i qua,v\u00e0 kho\u1ea3n c\u00e1ch th\u1eddi gian gi\u1eefa 2 van,\u0111\u1ed3ng th\u1eddi ch\u1ec9nh \u0111\u01b0\u1ee3c s\u1ed1 van c\u1ea7n s\u1eed d\u1ee5ng,v\u00e0 ch\u1ec9nh th\u00eam v\u00e0i th\u00f4ng s\u1ed1 kh\u00e1c.<\/p>\n<p>M\u1ea1ch \u0111i\u1ec1u khi\u1ec3n van gi\u0169 b\u1ee5i Joil c\u1ee7a H\u00e0n Qu\u1ed1c l\u00e0 m\u1ed9t th\u01b0\u01a1ng hi\u1ec7u l\u1edbn v\u00e0 r\u1ea5t c\u00f3 uy t\u00edn trong ng\u00e0nh l\u1ecdc b\u1ee5i.<\/p>\n<p>M\u1ea1ch \u0111i\u1ec1u khi\u1ec3n Joil c\u1ee7a H\u00e0n Qu\u1ed1c \u0111\u01b0\u1ee3c s\u1eed d\u1ee5ng r\u1ea5t nhi\u1ec1u \u1edf c\u00e1c h\u1ec7 th\u1ed1ng l\u1ecdc b\u1ee5i l\u1edbn \u1edf Vi\u1ec7t Nam.<\/p>\n<p>Ch\u1ea5t l\u01b0\u1ee3ng m\u1ea1ch c\u1ef1c k\u1ef3 t\u1ed1t,tu\u1ed5i th\u1ecd c\u1ee7a m\u1ea1ch r\u1ea5t cao.<\/p>\n<p>V\u1ecf h\u1ed9p c\u1ee7a m\u1ea1ch \u0111\u01b0\u1ee3c l\u00e0m b\u1eb1ng nh\u00f4m ho\u1eb7c nh\u1ef1a cao c\u1ea5p n\u00ean r\u1ea5t ch\u1eafc ch\u1eafn.<\/p>\n<p>M\u1ea1ch \u0111i\u1ec1u khi\u1ec3n Joil c\u1ee7a H\u00e0n Qu\u1ed1c c\u00f3 nhi\u1ec1u model 5 \u2013 6 \u2013 10 -15 \u2013 20 \u2013 30 c\u1ed5ng ra.<\/p>\n<p>D\u00f2ng \u0111i\u1ec7n \u00e1p ra van c\u00f3 2 l\u1ecd\u1ea1i AC220V v\u00e0 DC24V.<\/p>\n<p>M\u1ea1ch \u0111i\u1ec1u khi\u1ec3n Joil c\u00f3 th\u1eddi gian b\u1ea3o h\u00e0nh l\u00e2u d\u00e0i,v\u00e0 ch\u1ea5t l\u01b0\u1ee3ng c\u1ef1c k\u1ef3 t\u1ed1t,tu\u1ed5i th\u1ecd r\u1ea5t cao n\u00ean qu\u00fd kh\u00e1ch c\u00f3 th\u1ec3 y\u00ean t\u00e2m m\u00e0 s\u1eed d\u1ee5ng.<\/p>\n<p>\u0110\u1ea1i l\u00fd JOIL vietnam, JOIL viet nam, JOIL vietnam distributor, Ph\u00e2n ph\u1ed1i JOIL t\u1ea1i vi\u1ec7t nam<\/p>\n<p>\u0110\u1ea1i l\u00fd JOIL vietnam, JOIL viet nam, JOIL vietnam distributor, Ph\u00e2n ph\u1ed1i JOIL t\u1ea1i vi\u1ec7t nam<\/p>\n<p>\u0110\u1ea1i l\u00fd JOIL vietnam, JOIL viet nam, JOIL vietnam distributor, Ph\u00e2n ph\u1ed1i JOIL t\u1ea1i vi\u1ec7t nam<\/p>\n<p>\u0110\u1ea1i l\u00fd JOIL vietnam, JOIL viet nam, JOIL vietnam distributor, Ph\u00e2n ph\u1ed1i JOIL t\u1ea1i vi\u1ec7t nam<\/p>\n<p>\u0110\u1ea1i l\u00fd JOIL vietnam, JOIL viet nam, JOIL vietnam distributor, Ph\u00e2n ph\u1ed1i JOIL t\u1ea1i vi\u1ec7t nam<\/p>\n","protected":false},"excerpt":{"rendered":"<p>JOIL JIT-100D -10P DC24V Timer JIT-100D -10P ( in\/out : 24VDC ) Brand: Joil M\u1ea1ch \u0111i\u1ec1u khi\u1ec3n Joil JIT-20P-24V cho ph\u00e9p c\u00e0i \u0111\u1eb7t th\u1eddi gian tr\u1ef1c ti\u1ebfp tr\u00ean bo m\u1ea1ch b\u1eb1ng n\u00fat nh\u1ea5n ho\u1eb7c bi\u1ebfn tr\u1edf, r\u1ea5t thu\u1eadn ti\u1ec7n v\u00e0 an to\u00e0n. Th\u01b0\u01a1ng hi\u1ec7u:\u00a0Joil\u00a0 M\u00e3 s\u1ea3n ph\u1ea9m: JIT-20P-24V \u0110i\u1ec7n \u00e1p:&hellip; <\/p>\n","protected":false},"featured_media":1628,"comment_status":"open","ping_status":"closed","template":"","meta":[],"product_cat":[432],"product_tag":[434,433,435],"class_list":{"0":"post-1627","1":"product","2":"type-product","3":"status-publish","4":"has-post-thumbnail","6":"product_cat-joil","7":"product_tag-dai-ly-joil-viet-nam","8":"product_tag-joil-viet-nam","9":"product_tag-thiet-bi-dinh-vi-thoi-gian","11":"first","12":"instock","13":"shipping-taxable","14":"product-type-simple"},"yoast_head":"<!-- This site is optimized with the Yoast SEO plugin v22.8 - https:\/\/yoast.com\/wordpress\/plugins\/seo\/ -->\n<title>JOIL JIT-100D -10P DC24V - OMANI VI\u1ec6T NAM<\/title>\n<meta name=\"robots\" content=\"index, follow, max-snippet:-1, max-image-preview:large, max-video-preview:-1\" \/>\n<link rel=\"canonical\" href=\"https:\/\/omanivietnam.com\/index.php\/san-pham\/joil-jit-100d-10p-dc24v\/\" \/>\n<meta property=\"og:locale\" content=\"vi_VN\" \/>\n<meta property=\"og:type\" content=\"article\" \/>\n<meta property=\"og:title\" content=\"JOIL JIT-100D -10P DC24V - OMANI VI\u1ec6T NAM\" \/>\n<meta property=\"og:description\" content=\"JOIL JIT-100D -10P DC24V Timer JIT-100D -10P ( in\/out : 24VDC ) Brand: Joil M\u1ea1ch \u0111i\u1ec1u khi\u1ec3n Joil JIT-20P-24V cho ph\u00e9p c\u00e0i \u0111\u1eb7t th\u1eddi gian tr\u1ef1c ti\u1ebfp tr\u00ean bo m\u1ea1ch b\u1eb1ng n\u00fat nh\u1ea5n ho\u1eb7c bi\u1ebfn tr\u1edf, r\u1ea5t thu\u1eadn ti\u1ec7n v\u00e0 an to\u00e0n. Th\u01b0\u01a1ng hi\u1ec7u:\u00a0Joil\u00a0 M\u00e3 s\u1ea3n ph\u1ea9m: JIT-20P-24V \u0110i\u1ec7n \u00e1p:&hellip;\" \/>\n<meta property=\"og:url\" content=\"https:\/\/omanivietnam.com\/index.php\/san-pham\/joil-jit-100d-10p-dc24v\/\" \/>\n<meta property=\"og:site_name\" content=\"OMANI VI\u1ec6T NAM\" \/>\n<meta property=\"article:modified_time\" content=\"2024-08-30T22:51:46+00:00\" \/>\n<meta property=\"og:image\" content=\"https:\/\/omanivietnam.com\/wp-content\/uploads\/2024\/08\/JOIL-1.png\" \/>\n\t<meta property=\"og:image:width\" content=\"450\" \/>\n\t<meta property=\"og:image:height\" content=\"447\" \/>\n\t<meta property=\"og:image:type\" content=\"image\/png\" \/>\n<meta name=\"twitter:card\" content=\"summary_large_image\" \/>\n<meta name=\"twitter:label1\" content=\"\u01af\u1edbc t\u00ednh th\u1eddi gian \u0111\u1ecdc\" \/>\n\t<meta name=\"twitter:data1\" content=\"7 ph\u00fat\" \/>\n<script type=\"application\/ld+json\" class=\"yoast-schema-graph\">{\"@context\":\"https:\/\/schema.org\",\"@graph\":[{\"@type\":\"WebPage\",\"@id\":\"https:\/\/omanivietnam.com\/index.php\/san-pham\/joil-jit-100d-10p-dc24v\/\",\"url\":\"https:\/\/omanivietnam.com\/index.php\/san-pham\/joil-jit-100d-10p-dc24v\/\",\"name\":\"JOIL JIT-100D -10P DC24V - OMANI VI\u1ec6T NAM\",\"isPartOf\":{\"@id\":\"https:\/\/omanivietnam.com\/#website\"},\"primaryImageOfPage\":{\"@id\":\"https:\/\/omanivietnam.com\/index.php\/san-pham\/joil-jit-100d-10p-dc24v\/#primaryimage\"},\"image\":{\"@id\":\"https:\/\/omanivietnam.com\/index.php\/san-pham\/joil-jit-100d-10p-dc24v\/#primaryimage\"},\"thumbnailUrl\":\"https:\/\/omanivietnam.com\/wp-content\/uploads\/2024\/08\/JOIL-1.png\",\"datePublished\":\"2024-08-30T22:45:53+00:00\",\"dateModified\":\"2024-08-30T22:51:46+00:00\",\"breadcrumb\":{\"@id\":\"https:\/\/omanivietnam.com\/index.php\/san-pham\/joil-jit-100d-10p-dc24v\/#breadcrumb\"},\"inLanguage\":\"vi\",\"potentialAction\":[{\"@type\":\"ReadAction\",\"target\":[\"https:\/\/omanivietnam.com\/index.php\/san-pham\/joil-jit-100d-10p-dc24v\/\"]}]},{\"@type\":\"ImageObject\",\"inLanguage\":\"vi\",\"@id\":\"https:\/\/omanivietnam.com\/index.php\/san-pham\/joil-jit-100d-10p-dc24v\/#primaryimage\",\"url\":\"https:\/\/omanivietnam.com\/wp-content\/uploads\/2024\/08\/JOIL-1.png\",\"contentUrl\":\"https:\/\/omanivietnam.com\/wp-content\/uploads\/2024\/08\/JOIL-1.png\",\"width\":450,\"height\":447},{\"@type\":\"BreadcrumbList\",\"@id\":\"https:\/\/omanivietnam.com\/index.php\/san-pham\/joil-jit-100d-10p-dc24v\/#breadcrumb\",\"itemListElement\":[{\"@type\":\"ListItem\",\"position\":1,\"name\":\"Home\",\"item\":\"https:\/\/omanivietnam.com\/\"},{\"@type\":\"ListItem\",\"position\":2,\"name\":\"S\u1ea2N PH\u1ea8M\",\"item\":\"https:\/\/omanivietnam.com\/index.php\/cua-hang\/\"},{\"@type\":\"ListItem\",\"position\":3,\"name\":\"JOIL JIT-100D -10P DC24V\"}]},{\"@type\":\"WebSite\",\"@id\":\"https:\/\/omanivietnam.com\/#website\",\"url\":\"https:\/\/omanivietnam.com\/\",\"name\":\"OMANI VI\u1ec6T NAM\",\"description\":\"Nh\u00e0 ph\u00e2n ph\u1ed1i thi\u1ebft b\u1ecb kh\u00ed n\u00e9n v\u00e0 thi\u1ebft b\u1ecb t\u1ef1 \u0111\u1ed9ng h\u00f3a trong c\u00f4ng nghi\u1ec7p\",\"publisher\":{\"@id\":\"https:\/\/omanivietnam.com\/#\/schema\/person\/0ad398a980dc3fd696111c2c5c8fa897\"},\"potentialAction\":[{\"@type\":\"SearchAction\",\"target\":{\"@type\":\"EntryPoint\",\"urlTemplate\":\"https:\/\/omanivietnam.com\/?s={search_term_string}\"},\"query-input\":\"required name=search_term_string\"}],\"inLanguage\":\"vi\"},{\"@type\":[\"Person\",\"Organization\"],\"@id\":\"https:\/\/omanivietnam.com\/#\/schema\/person\/0ad398a980dc3fd696111c2c5c8fa897\",\"name\":\"Nguy\u1ec5n V\u0103n Kh\u00e1nh\",\"image\":{\"@type\":\"ImageObject\",\"inLanguage\":\"vi\",\"@id\":\"https:\/\/omanivietnam.com\/#\/schema\/person\/image\/\",\"url\":\"https:\/\/omanivietnam.com\/wp-content\/uploads\/2024\/06\/logo-1024x1024.png\",\"contentUrl\":\"https:\/\/omanivietnam.com\/wp-content\/uploads\/2024\/06\/logo-1024x1024.png\",\"width\":1024,\"height\":1024,\"caption\":\"Nguy\u1ec5n V\u0103n Kh\u00e1nh\"},\"logo\":{\"@id\":\"https:\/\/omanivietnam.com\/#\/schema\/person\/image\/\"},\"sameAs\":[\"https:\/\/omanivietnam.com\"]}]}<\/script>\n<!-- \/ Yoast SEO plugin. -->","yoast_head_json":{"title":"JOIL JIT-100D -10P DC24V - OMANI VI\u1ec6T NAM","robots":{"index":"index","follow":"follow","max-snippet":"max-snippet:-1","max-image-preview":"max-image-preview:large","max-video-preview":"max-video-preview:-1"},"canonical":"https:\/\/omanivietnam.com\/index.php\/san-pham\/joil-jit-100d-10p-dc24v\/","og_locale":"vi_VN","og_type":"article","og_title":"JOIL JIT-100D -10P DC24V - OMANI VI\u1ec6T NAM","og_description":"JOIL JIT-100D -10P DC24V Timer JIT-100D -10P ( in\/out : 24VDC ) Brand: Joil M\u1ea1ch \u0111i\u1ec1u khi\u1ec3n Joil JIT-20P-24V cho ph\u00e9p c\u00e0i \u0111\u1eb7t th\u1eddi gian tr\u1ef1c ti\u1ebfp tr\u00ean bo m\u1ea1ch b\u1eb1ng n\u00fat nh\u1ea5n ho\u1eb7c bi\u1ebfn tr\u1edf, r\u1ea5t thu\u1eadn ti\u1ec7n v\u00e0 an to\u00e0n. Th\u01b0\u01a1ng hi\u1ec7u:\u00a0Joil\u00a0 M\u00e3 s\u1ea3n ph\u1ea9m: JIT-20P-24V \u0110i\u1ec7n \u00e1p:&hellip;","og_url":"https:\/\/omanivietnam.com\/index.php\/san-pham\/joil-jit-100d-10p-dc24v\/","og_site_name":"OMANI VI\u1ec6T NAM","article_modified_time":"2024-08-30T22:51:46+00:00","og_image":[{"width":450,"height":447,"url":"https:\/\/omanivietnam.com\/wp-content\/uploads\/2024\/08\/JOIL-1.png","type":"image\/png"}],"twitter_card":"summary_large_image","twitter_misc":{"\u01af\u1edbc t\u00ednh th\u1eddi gian \u0111\u1ecdc":"7 ph\u00fat"},"schema":{"@context":"https:\/\/schema.org","@graph":[{"@type":"WebPage","@id":"https:\/\/omanivietnam.com\/index.php\/san-pham\/joil-jit-100d-10p-dc24v\/","url":"https:\/\/omanivietnam.com\/index.php\/san-pham\/joil-jit-100d-10p-dc24v\/","name":"JOIL JIT-100D -10P DC24V - OMANI VI\u1ec6T NAM","isPartOf":{"@id":"https:\/\/omanivietnam.com\/#website"},"primaryImageOfPage":{"@id":"https:\/\/omanivietnam.com\/index.php\/san-pham\/joil-jit-100d-10p-dc24v\/#primaryimage"},"image":{"@id":"https:\/\/omanivietnam.com\/index.php\/san-pham\/joil-jit-100d-10p-dc24v\/#primaryimage"},"thumbnailUrl":"https:\/\/omanivietnam.com\/wp-content\/uploads\/2024\/08\/JOIL-1.png","datePublished":"2024-08-30T22:45:53+00:00","dateModified":"2024-08-30T22:51:46+00:00","breadcrumb":{"@id":"https:\/\/omanivietnam.com\/index.php\/san-pham\/joil-jit-100d-10p-dc24v\/#breadcrumb"},"inLanguage":"vi","potentialAction":[{"@type":"ReadAction","target":["https:\/\/omanivietnam.com\/index.php\/san-pham\/joil-jit-100d-10p-dc24v\/"]}]},{"@type":"ImageObject","inLanguage":"vi","@id":"https:\/\/omanivietnam.com\/index.php\/san-pham\/joil-jit-100d-10p-dc24v\/#primaryimage","url":"https:\/\/omanivietnam.com\/wp-content\/uploads\/2024\/08\/JOIL-1.png","contentUrl":"https:\/\/omanivietnam.com\/wp-content\/uploads\/2024\/08\/JOIL-1.png","width":450,"height":447},{"@type":"BreadcrumbList","@id":"https:\/\/omanivietnam.com\/index.php\/san-pham\/joil-jit-100d-10p-dc24v\/#breadcrumb","itemListElement":[{"@type":"ListItem","position":1,"name":"Home","item":"https:\/\/omanivietnam.com\/"},{"@type":"ListItem","position":2,"name":"S\u1ea2N PH\u1ea8M","item":"https:\/\/omanivietnam.com\/index.php\/cua-hang\/"},{"@type":"ListItem","position":3,"name":"JOIL JIT-100D -10P DC24V"}]},{"@type":"WebSite","@id":"https:\/\/omanivietnam.com\/#website","url":"https:\/\/omanivietnam.com\/","name":"OMANI VI\u1ec6T NAM","description":"Nh\u00e0 ph\u00e2n ph\u1ed1i thi\u1ebft b\u1ecb kh\u00ed n\u00e9n v\u00e0 thi\u1ebft b\u1ecb t\u1ef1 \u0111\u1ed9ng h\u00f3a trong c\u00f4ng nghi\u1ec7p","publisher":{"@id":"https:\/\/omanivietnam.com\/#\/schema\/person\/0ad398a980dc3fd696111c2c5c8fa897"},"potentialAction":[{"@type":"SearchAction","target":{"@type":"EntryPoint","urlTemplate":"https:\/\/omanivietnam.com\/?s={search_term_string}"},"query-input":"required name=search_term_string"}],"inLanguage":"vi"},{"@type":["Person","Organization"],"@id":"https:\/\/omanivietnam.com\/#\/schema\/person\/0ad398a980dc3fd696111c2c5c8fa897","name":"Nguy\u1ec5n V\u0103n Kh\u00e1nh","image":{"@type":"ImageObject","inLanguage":"vi","@id":"https:\/\/omanivietnam.com\/#\/schema\/person\/image\/","url":"https:\/\/omanivietnam.com\/wp-content\/uploads\/2024\/06\/logo-1024x1024.png","contentUrl":"https:\/\/omanivietnam.com\/wp-content\/uploads\/2024\/06\/logo-1024x1024.png","width":1024,"height":1024,"caption":"Nguy\u1ec5n V\u0103n Kh\u00e1nh"},"logo":{"@id":"https:\/\/omanivietnam.com\/#\/schema\/person\/image\/"},"sameAs":["https:\/\/omanivietnam.com"]}]}},"_links":{"self":[{"href":"https:\/\/omanivietnam.com\/index.php\/wp-json\/wp\/v2\/product\/1627","targetHints":{"allow":["GET"]}}],"collection":[{"href":"https:\/\/omanivietnam.com\/index.php\/wp-json\/wp\/v2\/product"}],"about":[{"href":"https:\/\/omanivietnam.com\/index.php\/wp-json\/wp\/v2\/types\/product"}],"replies":[{"embeddable":true,"href":"https:\/\/omanivietnam.com\/index.php\/wp-json\/wp\/v2\/comments?post=1627"}],"wp:featuredmedia":[{"embeddable":true,"href":"https:\/\/omanivietnam.com\/index.php\/wp-json\/wp\/v2\/media\/1628"}],"wp:attachment":[{"href":"https:\/\/omanivietnam.com\/index.php\/wp-json\/wp\/v2\/media?parent=1627"}],"wp:term":[{"taxonomy":"product_cat","embeddable":true,"href":"https:\/\/omanivietnam.com\/index.php\/wp-json\/wp\/v2\/product_cat?post=1627"},{"taxonomy":"product_tag","embeddable":true,"href":"https:\/\/omanivietnam.com\/index.php\/wp-json\/wp\/v2\/product_tag?post=1627"}],"curies":[{"name":"wp","href":"https:\/\/api.w.org\/{rel}","templated":true}]}}