{"id":1646,"date":"2024-09-02T05:40:10","date_gmt":"2024-09-01T22:40:10","guid":{"rendered":"https:\/\/omanivietnam.com\/?post_type=product&#038;p=1646"},"modified":"2024-09-03T05:44:01","modified_gmt":"2024-09-02T22:44:01","slug":"panasonic-mcdjt3220","status":"publish","type":"product","link":"https:\/\/omanivietnam.com\/index.php\/san-pham\/panasonic-mcdjt3220\/","title":{"rendered":"PANASONIC MCDJT3220"},"content":{"rendered":"<p>PANASONIC MCDJT3220<\/p>\n<p class=\"title-product item_name\">Servo driver Panasonic MCDJT3220<\/p>\n<p>1SET PANASONIC AC SERVO MOTOR MHMJ082P1S+AC SERVO DRIVER MCDJT3220<\/p>\n<p>1. Servo driver\u00a0MCDJT3220:<\/p>\n<div>\n<div>Ki\u1ec3u: M\u00f4-\u0111un<\/div>\n<div>Lo\u1ea1i \u0111\u1ed9ng c\u01a1: Servo<\/div>\n<div>Lo\u1ea1i \u0111i\u1ec1u khi\u1ec3n \/ \u1ed5 \u0111\u0129a: Servo AC<\/div>\n<div>S\u1ed1 l\u01b0\u1ee3ng \u0111\u1ed9ng c\u01a1: 1<\/div>\n<div>\u0110i\u1ec7n \u00e1p \u2013 T\u1ea3i: 240V<\/div>\n<div>S\u1ea3n l\u01b0\u1ee3ng hi\u1ec7n t\u1ea1i: 30A<\/div>\n<div>C\u00f4ng su\u1ea5t \u2013 T\u1ea3i: 1kW<\/div>\n<div>Cung c\u1ea5p \u0111i\u1ec7n \u00e1p: 220 ~ 240VAC<\/div>\n<div>Giao di\u1ec7n: USB<\/div>\n<div>Ki\u1ec3u l\u1eafp: Khung g\u1ea7m<\/div>\n<div>Nhi\u1ec7t \u0111\u1ed9 ho\u1ea1t \u0111\u1ed9ng: 0 \u00b0 C ~ 50 \u00b0 C<\/div>\n<div>T\u00ednh n\u0103ng, \u0111\u1eb7c \u0111i\u1ec3m: \u2013<\/div>\n<div>\u0110\u1ec3 s\u1eed d\u1ee5ng v\u1edbi \/ S\u1ea3n ph\u1ea9m li\u00ean quan: D\u00f2ng A5<\/div>\n<div>C\u00e2n n\u1eb7ng: 3,6 lbs (1,6kg)<\/div>\n<\/div>\n<div><\/div>\n<div>\n<p>C\u00e1c m\u00e3 s\u1ea3n ph\u1ea9m:<\/p>\n<p>1. AC Servo Drive MCDLN35SE (200-240V Power: 750W 6.4\/3.4<br \/>\nAmpere) Panasonic: 1 pc<br \/>\n2. AC Servo Drive MBDLN25SE (220-240V Power: 400W 3.712.1 Ampere) Panasonic: 1 pc<br \/>\n3. AC Servo Drive MBDJT2210(220-240V Power:400W 4.1 Ampere) Panasonic: 1 pc<br \/>\n4. AC Servo Drive MCDJT3220 (220-240V Power: 750W 4.0 Ampere)Panasonic: 1 pc<br \/>\n5. AC Servo Motor MHMJ042G1U (AC: 104V 2.6 Ampere 200 Hz 3000 r\/min. 0.4kw Phase:3) Panasonic: 1 pc<br \/>\n6. AC ServoMotor MHMF042L1U2M (AC: 131V 2.1Ampere 250 Hz 3000r\/min. 0.4kw Phase: 3) Panasonic: 1 pc<br \/>\n7. AC Servo Motor MHMFO82L1U2M (AC:129V 3.8 Ampere 250 Hz 3000 rmin. 0.75kw Phase: 3) Panasonic: 1 pc<br \/>\n8. AC Servo Motor MHMJ082G1V (AC:119V 4.0 Ampere 200 Hz 3000 r\/min. 0.75 kw Phase:3) Panasonic<br \/>\n9. AC Servo Motor MHMJ082G1U(AC:119V 4.0Ampere 200 Hz3000 r\/min. 0.75 kw Phase:3) Panasonic: 1 pc06:00\/-heart1\/-heart\/-strong\/-heart:&gt;:o:-((:-hXem tr\u01b0\u1edbc khi g\u1eediTh\u1ea3 Files v\u00e0o \u0111\u00e2y \u0111\u1ec3 xem l\u1ea1i tr\u01b0\u1edbc khi g\u1eedi<\/p>\n<p>MCDLN35SE, MBDLN25SE, MBDJT2210, MCDJT3220, MHMJ042G1U, MHMF042L1U2M, MHMF082L1U2M, MHMJ082G1V, MHMJ082G1U<\/p>\n<p>\u0110\u1ea1i l\u00fd PANASONIC vietnam, PANASONIC viet nam, PANASONIC vietnam distributor, Ph\u00e2n ph\u1ed1i PANASONIC t\u1ea1i vi\u1ec7t nam<\/p>\n<p>\u0110\u1ea1i l\u00fd PANASONIC vietnam, PANASONIC viet nam, PANASONIC vietnam distributor, Ph\u00e2n ph\u1ed1i PANASONIC t\u1ea1i vi\u1ec7t nam<\/p>\n<p>\u0110\u1ea1i l\u00fd PANASONIC vietnam, PANASONIC viet nam, PANASONIC vietnam distributor, Ph\u00e2n ph\u1ed1i PANASONIC t\u1ea1i vi\u1ec7t nam<\/p>\n<p>\u0110\u1ea1i l\u00fd PANASONIC vietnam, PANASONIC viet nam, PANASONIC vietnam distributor, Ph\u00e2n ph\u1ed1i PANASONIC t\u1ea1i vi\u1ec7t nam<\/p>\n<p>\u0110\u1ea1i l\u00fd PANASONIC vietnam, PANASONIC viet nam, PANASONIC vietnam distributor, Ph\u00e2n ph\u1ed1i PANASONIC t\u1ea1i vi\u1ec7t nam<\/p>\n<\/div>\n","protected":false},"excerpt":{"rendered":"<p>PANASONIC MCDJT3220 Servo driver Panasonic MCDJT3220 1SET PANASONIC AC SERVO MOTOR MHMJ082P1S+AC SERVO DRIVER MCDJT3220 1. Servo driver\u00a0MCDJT3220: Ki\u1ec3u: M\u00f4-\u0111un Lo\u1ea1i \u0111\u1ed9ng c\u01a1: Servo Lo\u1ea1i \u0111i\u1ec1u khi\u1ec3n \/ \u1ed5 \u0111\u0129a: Servo AC S\u1ed1 l\u01b0\u1ee3ng \u0111\u1ed9ng c\u01a1: 1 \u0110i\u1ec7n \u00e1p \u2013 T\u1ea3i: 240V S\u1ea3n l\u01b0\u1ee3ng hi\u1ec7n t\u1ea1i: 30A C\u00f4ng su\u1ea5t \u2013&hellip; <\/p>\n","protected":false},"featured_media":1647,"comment_status":"open","ping_status":"closed","template":"","meta":[],"product_cat":[298],"product_tag":[343,86,87],"class_list":{"0":"post-1646","1":"product","2":"type-product","3":"status-publish","4":"has-post-thumbnail","6":"product_cat-panasonic","7":"product_tag-bo-cai-dat-toc-do","8":"product_tag-dai-ly-panasonic-viet-nam","9":"product_tag-panasonic-viet-nam","11":"first","12":"instock","13":"shipping-taxable","14":"product-type-simple"},"yoast_head":"<!-- This site is optimized with the Yoast SEO plugin v22.8 - https:\/\/yoast.com\/wordpress\/plugins\/seo\/ -->\n<title>PANASONIC MCDJT3220 - OMANI VI\u1ec6T NAM<\/title>\n<meta name=\"robots\" content=\"index, follow, max-snippet:-1, max-image-preview:large, max-video-preview:-1\" \/>\n<link rel=\"canonical\" href=\"https:\/\/omanivietnam.com\/index.php\/san-pham\/panasonic-mcdjt3220\/\" \/>\n<meta property=\"og:locale\" content=\"vi_VN\" \/>\n<meta property=\"og:type\" content=\"article\" \/>\n<meta property=\"og:title\" content=\"PANASONIC MCDJT3220 - OMANI VI\u1ec6T NAM\" \/>\n<meta property=\"og:description\" content=\"PANASONIC MCDJT3220 Servo driver Panasonic MCDJT3220 1SET PANASONIC AC SERVO MOTOR MHMJ082P1S+AC SERVO DRIVER MCDJT3220 1. Servo driver\u00a0MCDJT3220: Ki\u1ec3u: M\u00f4-\u0111un Lo\u1ea1i \u0111\u1ed9ng c\u01a1: Servo Lo\u1ea1i \u0111i\u1ec1u khi\u1ec3n \/ \u1ed5 \u0111\u0129a: Servo AC S\u1ed1 l\u01b0\u1ee3ng \u0111\u1ed9ng c\u01a1: 1 \u0110i\u1ec7n \u00e1p \u2013 T\u1ea3i: 240V S\u1ea3n l\u01b0\u1ee3ng hi\u1ec7n t\u1ea1i: 30A C\u00f4ng su\u1ea5t \u2013&hellip;\" \/>\n<meta property=\"og:url\" content=\"https:\/\/omanivietnam.com\/index.php\/san-pham\/panasonic-mcdjt3220\/\" \/>\n<meta property=\"og:site_name\" content=\"OMANI VI\u1ec6T NAM\" \/>\n<meta property=\"article:modified_time\" content=\"2024-09-02T22:44:01+00:00\" \/>\n<meta property=\"og:image\" content=\"https:\/\/omanivietnam.com\/wp-content\/uploads\/2024\/09\/MCDJT3220.png\" \/>\n\t<meta property=\"og:image:width\" content=\"605\" \/>\n\t<meta property=\"og:image:height\" content=\"582\" \/>\n\t<meta property=\"og:image:type\" content=\"image\/png\" \/>\n<meta name=\"twitter:card\" content=\"summary_large_image\" \/>\n<meta name=\"twitter:label1\" content=\"\u01af\u1edbc t\u00ednh th\u1eddi gian \u0111\u1ecdc\" \/>\n\t<meta name=\"twitter:data1\" content=\"3 ph\u00fat\" \/>\n<script type=\"application\/ld+json\" class=\"yoast-schema-graph\">{\"@context\":\"https:\/\/schema.org\",\"@graph\":[{\"@type\":\"WebPage\",\"@id\":\"https:\/\/omanivietnam.com\/index.php\/san-pham\/panasonic-mcdjt3220\/\",\"url\":\"https:\/\/omanivietnam.com\/index.php\/san-pham\/panasonic-mcdjt3220\/\",\"name\":\"PANASONIC MCDJT3220 - OMANI VI\u1ec6T NAM\",\"isPartOf\":{\"@id\":\"https:\/\/omanivietnam.com\/#website\"},\"primaryImageOfPage\":{\"@id\":\"https:\/\/omanivietnam.com\/index.php\/san-pham\/panasonic-mcdjt3220\/#primaryimage\"},\"image\":{\"@id\":\"https:\/\/omanivietnam.com\/index.php\/san-pham\/panasonic-mcdjt3220\/#primaryimage\"},\"thumbnailUrl\":\"https:\/\/omanivietnam.com\/wp-content\/uploads\/2024\/09\/MCDJT3220.png\",\"datePublished\":\"2024-09-01T22:40:10+00:00\",\"dateModified\":\"2024-09-02T22:44:01+00:00\",\"breadcrumb\":{\"@id\":\"https:\/\/omanivietnam.com\/index.php\/san-pham\/panasonic-mcdjt3220\/#breadcrumb\"},\"inLanguage\":\"vi\",\"potentialAction\":[{\"@type\":\"ReadAction\",\"target\":[\"https:\/\/omanivietnam.com\/index.php\/san-pham\/panasonic-mcdjt3220\/\"]}]},{\"@type\":\"ImageObject\",\"inLanguage\":\"vi\",\"@id\":\"https:\/\/omanivietnam.com\/index.php\/san-pham\/panasonic-mcdjt3220\/#primaryimage\",\"url\":\"https:\/\/omanivietnam.com\/wp-content\/uploads\/2024\/09\/MCDJT3220.png\",\"contentUrl\":\"https:\/\/omanivietnam.com\/wp-content\/uploads\/2024\/09\/MCDJT3220.png\",\"width\":605,\"height\":582},{\"@type\":\"BreadcrumbList\",\"@id\":\"https:\/\/omanivietnam.com\/index.php\/san-pham\/panasonic-mcdjt3220\/#breadcrumb\",\"itemListElement\":[{\"@type\":\"ListItem\",\"position\":1,\"name\":\"Home\",\"item\":\"https:\/\/omanivietnam.com\/\"},{\"@type\":\"ListItem\",\"position\":2,\"name\":\"S\u1ea2N PH\u1ea8M\",\"item\":\"https:\/\/omanivietnam.com\/index.php\/cua-hang\/\"},{\"@type\":\"ListItem\",\"position\":3,\"name\":\"PANASONIC MCDJT3220\"}]},{\"@type\":\"WebSite\",\"@id\":\"https:\/\/omanivietnam.com\/#website\",\"url\":\"https:\/\/omanivietnam.com\/\",\"name\":\"OMANI VI\u1ec6T NAM\",\"description\":\"Nh\u00e0 ph\u00e2n ph\u1ed1i thi\u1ebft b\u1ecb kh\u00ed n\u00e9n v\u00e0 thi\u1ebft b\u1ecb t\u1ef1 \u0111\u1ed9ng h\u00f3a trong c\u00f4ng nghi\u1ec7p\",\"publisher\":{\"@id\":\"https:\/\/omanivietnam.com\/#\/schema\/person\/0ad398a980dc3fd696111c2c5c8fa897\"},\"potentialAction\":[{\"@type\":\"SearchAction\",\"target\":{\"@type\":\"EntryPoint\",\"urlTemplate\":\"https:\/\/omanivietnam.com\/?s={search_term_string}\"},\"query-input\":\"required name=search_term_string\"}],\"inLanguage\":\"vi\"},{\"@type\":[\"Person\",\"Organization\"],\"@id\":\"https:\/\/omanivietnam.com\/#\/schema\/person\/0ad398a980dc3fd696111c2c5c8fa897\",\"name\":\"Nguy\u1ec5n V\u0103n Kh\u00e1nh\",\"image\":{\"@type\":\"ImageObject\",\"inLanguage\":\"vi\",\"@id\":\"https:\/\/omanivietnam.com\/#\/schema\/person\/image\/\",\"url\":\"https:\/\/omanivietnam.com\/wp-content\/uploads\/2024\/06\/logo-1024x1024.png\",\"contentUrl\":\"https:\/\/omanivietnam.com\/wp-content\/uploads\/2024\/06\/logo-1024x1024.png\",\"width\":1024,\"height\":1024,\"caption\":\"Nguy\u1ec5n V\u0103n Kh\u00e1nh\"},\"logo\":{\"@id\":\"https:\/\/omanivietnam.com\/#\/schema\/person\/image\/\"},\"sameAs\":[\"https:\/\/omanivietnam.com\"]}]}<\/script>\n<!-- \/ Yoast SEO plugin. -->","yoast_head_json":{"title":"PANASONIC MCDJT3220 - OMANI VI\u1ec6T NAM","robots":{"index":"index","follow":"follow","max-snippet":"max-snippet:-1","max-image-preview":"max-image-preview:large","max-video-preview":"max-video-preview:-1"},"canonical":"https:\/\/omanivietnam.com\/index.php\/san-pham\/panasonic-mcdjt3220\/","og_locale":"vi_VN","og_type":"article","og_title":"PANASONIC MCDJT3220 - OMANI VI\u1ec6T NAM","og_description":"PANASONIC MCDJT3220 Servo driver Panasonic MCDJT3220 1SET PANASONIC AC SERVO MOTOR MHMJ082P1S+AC SERVO DRIVER MCDJT3220 1. Servo driver\u00a0MCDJT3220: Ki\u1ec3u: M\u00f4-\u0111un Lo\u1ea1i \u0111\u1ed9ng c\u01a1: Servo Lo\u1ea1i \u0111i\u1ec1u khi\u1ec3n \/ \u1ed5 \u0111\u0129a: Servo AC S\u1ed1 l\u01b0\u1ee3ng \u0111\u1ed9ng c\u01a1: 1 \u0110i\u1ec7n \u00e1p \u2013 T\u1ea3i: 240V S\u1ea3n l\u01b0\u1ee3ng hi\u1ec7n t\u1ea1i: 30A C\u00f4ng su\u1ea5t \u2013&hellip;","og_url":"https:\/\/omanivietnam.com\/index.php\/san-pham\/panasonic-mcdjt3220\/","og_site_name":"OMANI VI\u1ec6T NAM","article_modified_time":"2024-09-02T22:44:01+00:00","og_image":[{"width":605,"height":582,"url":"https:\/\/omanivietnam.com\/wp-content\/uploads\/2024\/09\/MCDJT3220.png","type":"image\/png"}],"twitter_card":"summary_large_image","twitter_misc":{"\u01af\u1edbc t\u00ednh th\u1eddi gian \u0111\u1ecdc":"3 ph\u00fat"},"schema":{"@context":"https:\/\/schema.org","@graph":[{"@type":"WebPage","@id":"https:\/\/omanivietnam.com\/index.php\/san-pham\/panasonic-mcdjt3220\/","url":"https:\/\/omanivietnam.com\/index.php\/san-pham\/panasonic-mcdjt3220\/","name":"PANASONIC MCDJT3220 - OMANI VI\u1ec6T NAM","isPartOf":{"@id":"https:\/\/omanivietnam.com\/#website"},"primaryImageOfPage":{"@id":"https:\/\/omanivietnam.com\/index.php\/san-pham\/panasonic-mcdjt3220\/#primaryimage"},"image":{"@id":"https:\/\/omanivietnam.com\/index.php\/san-pham\/panasonic-mcdjt3220\/#primaryimage"},"thumbnailUrl":"https:\/\/omanivietnam.com\/wp-content\/uploads\/2024\/09\/MCDJT3220.png","datePublished":"2024-09-01T22:40:10+00:00","dateModified":"2024-09-02T22:44:01+00:00","breadcrumb":{"@id":"https:\/\/omanivietnam.com\/index.php\/san-pham\/panasonic-mcdjt3220\/#breadcrumb"},"inLanguage":"vi","potentialAction":[{"@type":"ReadAction","target":["https:\/\/omanivietnam.com\/index.php\/san-pham\/panasonic-mcdjt3220\/"]}]},{"@type":"ImageObject","inLanguage":"vi","@id":"https:\/\/omanivietnam.com\/index.php\/san-pham\/panasonic-mcdjt3220\/#primaryimage","url":"https:\/\/omanivietnam.com\/wp-content\/uploads\/2024\/09\/MCDJT3220.png","contentUrl":"https:\/\/omanivietnam.com\/wp-content\/uploads\/2024\/09\/MCDJT3220.png","width":605,"height":582},{"@type":"BreadcrumbList","@id":"https:\/\/omanivietnam.com\/index.php\/san-pham\/panasonic-mcdjt3220\/#breadcrumb","itemListElement":[{"@type":"ListItem","position":1,"name":"Home","item":"https:\/\/omanivietnam.com\/"},{"@type":"ListItem","position":2,"name":"S\u1ea2N PH\u1ea8M","item":"https:\/\/omanivietnam.com\/index.php\/cua-hang\/"},{"@type":"ListItem","position":3,"name":"PANASONIC MCDJT3220"}]},{"@type":"WebSite","@id":"https:\/\/omanivietnam.com\/#website","url":"https:\/\/omanivietnam.com\/","name":"OMANI VI\u1ec6T NAM","description":"Nh\u00e0 ph\u00e2n ph\u1ed1i thi\u1ebft b\u1ecb kh\u00ed n\u00e9n v\u00e0 thi\u1ebft b\u1ecb t\u1ef1 \u0111\u1ed9ng h\u00f3a trong c\u00f4ng nghi\u1ec7p","publisher":{"@id":"https:\/\/omanivietnam.com\/#\/schema\/person\/0ad398a980dc3fd696111c2c5c8fa897"},"potentialAction":[{"@type":"SearchAction","target":{"@type":"EntryPoint","urlTemplate":"https:\/\/omanivietnam.com\/?s={search_term_string}"},"query-input":"required name=search_term_string"}],"inLanguage":"vi"},{"@type":["Person","Organization"],"@id":"https:\/\/omanivietnam.com\/#\/schema\/person\/0ad398a980dc3fd696111c2c5c8fa897","name":"Nguy\u1ec5n V\u0103n Kh\u00e1nh","image":{"@type":"ImageObject","inLanguage":"vi","@id":"https:\/\/omanivietnam.com\/#\/schema\/person\/image\/","url":"https:\/\/omanivietnam.com\/wp-content\/uploads\/2024\/06\/logo-1024x1024.png","contentUrl":"https:\/\/omanivietnam.com\/wp-content\/uploads\/2024\/06\/logo-1024x1024.png","width":1024,"height":1024,"caption":"Nguy\u1ec5n V\u0103n Kh\u00e1nh"},"logo":{"@id":"https:\/\/omanivietnam.com\/#\/schema\/person\/image\/"},"sameAs":["https:\/\/omanivietnam.com"]}]}},"_links":{"self":[{"href":"https:\/\/omanivietnam.com\/index.php\/wp-json\/wp\/v2\/product\/1646","targetHints":{"allow":["GET"]}}],"collection":[{"href":"https:\/\/omanivietnam.com\/index.php\/wp-json\/wp\/v2\/product"}],"about":[{"href":"https:\/\/omanivietnam.com\/index.php\/wp-json\/wp\/v2\/types\/product"}],"replies":[{"embeddable":true,"href":"https:\/\/omanivietnam.com\/index.php\/wp-json\/wp\/v2\/comments?post=1646"}],"wp:featuredmedia":[{"embeddable":true,"href":"https:\/\/omanivietnam.com\/index.php\/wp-json\/wp\/v2\/media\/1647"}],"wp:attachment":[{"href":"https:\/\/omanivietnam.com\/index.php\/wp-json\/wp\/v2\/media?parent=1646"}],"wp:term":[{"taxonomy":"product_cat","embeddable":true,"href":"https:\/\/omanivietnam.com\/index.php\/wp-json\/wp\/v2\/product_cat?post=1646"},{"taxonomy":"product_tag","embeddable":true,"href":"https:\/\/omanivietnam.com\/index.php\/wp-json\/wp\/v2\/product_tag?post=1646"}],"curies":[{"name":"wp","href":"https:\/\/api.w.org\/{rel}","templated":true}]}}