{"id":1654,"date":"2024-09-03T05:54:58","date_gmt":"2024-09-02T22:54:58","guid":{"rendered":"https:\/\/omanivietnam.com\/?post_type=product&#038;p=1654"},"modified":"2025-05-11T08:50:41","modified_gmt":"2025-05-11T01:50:41","slug":"panasonic-mhmf082l1u2m","status":"publish","type":"product","link":"https:\/\/omanivietnam.com\/index.php\/san-pham\/panasonic-mhmf082l1u2m\/","title":{"rendered":"PANASONIC MHMF082L1U2M"},"content":{"rendered":"<p>PANASONIC MHMF082L1U2M<\/p>\n<p class=\"title-product item_name\">Servo motor Panasonic MHMF082L1U2M<\/p>\n<p>1. Servo motor\u00a0MHMF082L1U2M:<\/p>\n<div>\n<p>N\u01a1i xu\u1ea5t x\u1ee9: Japan<br \/>\nModel: MHMF082L1U2M<br \/>\nT\u00ean: AC Servo \u0110i\u1ec1u Khi\u1ec3n \u0110\u1ed9ng C\u01a1<br \/>\n\u1ee8ng d\u1ee5ng: T\u1ef1 \u0110\u1ed9ng H\u00f3a c\u00f4ng nghi\u1ec7p<br \/>\n\u0110i\u1ec7n \u00e1p: 220 V<br \/>\n\u0110i\u1ec7n: 750 W<br \/>\nT\u1ed1c \u0111\u1ed9: 3000r\/min<br \/>\n\u0110i\u1ec1u ki\u1ec7n: 100% Th\u01b0\u01a1ng hi\u1ec7u M\u1edbi ban \u0111\u1ea7u<\/p>\n<\/div>\n<p>2. C\u00e1c m\u00e3 h\u00e0ng t\u01b0\u01a1ng \u0111\u01b0\u01a1ng Servo motor\u00a0MHMF082L1U2M:<\/p>\n<div>MHMD012G1U<br \/>\nMHMD012G1V<br \/>\nMHMD021G1C<br \/>\nMHMD022G1U<br \/>\nMHMD022G1V<br \/>\nMHMD022P1U<br \/>\nMHMD042G1C<br \/>\nMHMD042G1U<br \/>\nMHMD042G1V<br \/>\nMHMD042P1U<br \/>\nMHMD082G1C<br \/>\nMHMD082G1U<br \/>\nMHMD082G1V<br \/>\nMHMD082P1S<br \/>\nMHMD082P1U<br \/>\nMHME102G1G<br \/>\nMHME102G1H<br \/>\nMHME102GCGM<br \/>\nMHME152G1G<br \/>\nMHME152G1H<br \/>\nMHME152GCGM<\/div>\n<div><\/div>\n<div>\n<div>\n<p>1. AC Servo Drive MCDLN35SE (200-240V Power: 750W 6.4\/3.4<br \/>\nAmpere) Panasonic: 1 pc<br \/>\n2. AC Servo Drive MBDLN25SE (220-240V Power: 400W 3.712.1 Ampere) Panasonic: 1 pc<br \/>\n3. AC Servo Drive MBDJT2210(220-240V Power:400W 4.1 Ampere) Panasonic: 1 pc<br \/>\n4. AC Servo Drive MCDJT3220 (220-240V Power: 750W 4.0 Ampere)Panasonic: 1 pc<br \/>\n5. AC Servo Motor MHMJ042G1U (AC: 104V 2.6 Ampere 200 Hz 3000 r\/min. 0.4kw Phase:3) Panasonic: 1 pc<br \/>\n6. AC ServoMotor MHMF042L1U2M (AC: 131V 2.1Ampere 250 Hz 3000r\/min. 0.4kw Phase: 3) Panasonic: 1 pc<br \/>\n7. AC Servo Motor MHMFO82L1U2M (AC:129V 3.8 Ampere 250 Hz 3000 rmin. 0.75kw Phase: 3) Panasonic: 1 pc<br \/>\n8. AC Servo Motor MHMJ082G1V (AC:119V 4.0 Ampere 200 Hz 3000 r\/min. 0.75 kw Phase:3) Panasonic<br \/>\n9. AC Servo Motor MHMJ082G1U(AC:119V 4.0Ampere 200 Hz3000 r\/min. 0.75 kw Phase:3)<\/p>\n<p>MCDLN35SE, MBDLN25SE, MBDJT2210, MCDJT3220, MHMJ042G1U, MHMF042L1U2M, MHMF082L1U2M, MHMJ082G1V, MHMJ082G1U<\/p>\n<p>\u0110\u1ea1i l\u00fd PANASONIC vietnam, PANASONIC viet nam, PANASONIC vietnam distributor, Ph\u00e2n ph\u1ed1i PANASONIC t\u1ea1i vi\u1ec7t nam<\/p>\n<p>\u0110\u1ea1i l\u00fd PANASONIC vietnam, PANASONIC viet nam, PANASONIC vietnam distributor, Ph\u00e2n ph\u1ed1i PANASONIC t\u1ea1i vi\u1ec7t nam<\/p>\n<p>\u0110\u1ea1i l\u00fd PANASONIC vietnam, PANASONIC viet nam, PANASONIC vietnam distributor, Ph\u00e2n ph\u1ed1i PANASONIC t\u1ea1i vi\u1ec7t nam<\/p>\n<p>\u0110\u1ea1i l\u00fd PANASONIC vietnam, PANASONIC viet nam, PANASONIC vietnam distributor, Ph\u00e2n ph\u1ed1i PANASONIC t\u1ea1i vi\u1ec7t nam<\/p>\n<p>\u0110\u1ea1i l\u00fd PANASONIC vietnam, PANASONIC viet nam, PANASONIC vietnam distributor, Ph\u00e2n ph\u1ed1i PANASONIC t\u1ea1i vi\u1ec7t nam<\/p>\n<\/div>\n<div><\/div>\n<\/div>\n<div><\/div>\n","protected":false},"excerpt":{"rendered":"<p>PANASONIC MHMF082L1U2M Servo motor Panasonic MHMF082L1U2M 1. Servo motor\u00a0MHMF082L1U2M: N\u01a1i xu\u1ea5t x\u1ee9: Japan Model: MHMF082L1U2M T\u00ean: AC Servo \u0110i\u1ec1u Khi\u1ec3n \u0110\u1ed9ng C\u01a1 \u1ee8ng d\u1ee5ng: T\u1ef1 \u0110\u1ed9ng H\u00f3a c\u00f4ng nghi\u1ec7p \u0110i\u1ec7n \u00e1p: 220 V \u0110i\u1ec7n: 750 W T\u1ed1c \u0111\u1ed9: 3000r\/min \u0110i\u1ec1u ki\u1ec7n: 100% Th\u01b0\u01a1ng hi\u1ec7u M\u1edbi ban \u0111\u1ea7u 2. C\u00e1c m\u00e3&hellip; <\/p>\n","protected":false},"featured_media":1655,"comment_status":"open","ping_status":"closed","template":"","meta":[],"product_cat":[298],"product_tag":[86,120,87],"class_list":{"0":"post-1654","1":"product","2":"type-product","3":"status-publish","4":"has-post-thumbnail","6":"product_cat-panasonic","7":"product_tag-dai-ly-panasonic-viet-nam","8":"product_tag-dong-co","9":"product_tag-panasonic-viet-nam","11":"first","12":"instock","13":"shipping-taxable","14":"product-type-simple"},"yoast_head":"<!-- This site is optimized with the Yoast SEO plugin v22.8 - https:\/\/yoast.com\/wordpress\/plugins\/seo\/ -->\n<title>PANASONIC MHMF082L1U2M - OMANI VI\u1ec6T NAM<\/title>\n<meta name=\"description\" content=\"Panasonic MHMF082L1U2M Servo motor\" \/>\n<meta name=\"robots\" content=\"index, follow, max-snippet:-1, max-image-preview:large, max-video-preview:-1\" \/>\n<link rel=\"canonical\" href=\"https:\/\/omanivietnam.com\/index.php\/san-pham\/panasonic-mhmf082l1u2m\/\" \/>\n<meta property=\"og:locale\" content=\"vi_VN\" \/>\n<meta property=\"og:type\" content=\"article\" \/>\n<meta property=\"og:title\" content=\"PANASONIC MHMF082L1U2M - OMANI VI\u1ec6T NAM\" \/>\n<meta property=\"og:description\" content=\"Panasonic MHMF082L1U2M Servo motor\" \/>\n<meta property=\"og:url\" content=\"https:\/\/omanivietnam.com\/index.php\/san-pham\/panasonic-mhmf082l1u2m\/\" \/>\n<meta property=\"og:site_name\" content=\"OMANI VI\u1ec6T NAM\" \/>\n<meta property=\"article:modified_time\" content=\"2025-05-11T01:50:41+00:00\" \/>\n<meta property=\"og:image\" content=\"https:\/\/omanivietnam.com\/wp-content\/uploads\/2024\/09\/MHMF082L1U2M.png\" \/>\n\t<meta property=\"og:image:width\" content=\"622\" \/>\n\t<meta property=\"og:image:height\" content=\"453\" \/>\n\t<meta property=\"og:image:type\" content=\"image\/png\" \/>\n<meta name=\"twitter:card\" content=\"summary_large_image\" \/>\n<meta name=\"twitter:label1\" content=\"\u01af\u1edbc t\u00ednh th\u1eddi gian \u0111\u1ecdc\" \/>\n\t<meta name=\"twitter:data1\" content=\"2 ph\u00fat\" \/>\n<script type=\"application\/ld+json\" class=\"yoast-schema-graph\">{\"@context\":\"https:\/\/schema.org\",\"@graph\":[{\"@type\":\"WebPage\",\"@id\":\"https:\/\/omanivietnam.com\/index.php\/san-pham\/panasonic-mhmf082l1u2m\/\",\"url\":\"https:\/\/omanivietnam.com\/index.php\/san-pham\/panasonic-mhmf082l1u2m\/\",\"name\":\"PANASONIC MHMF082L1U2M - OMANI VI\u1ec6T NAM\",\"isPartOf\":{\"@id\":\"https:\/\/omanivietnam.com\/#website\"},\"primaryImageOfPage\":{\"@id\":\"https:\/\/omanivietnam.com\/index.php\/san-pham\/panasonic-mhmf082l1u2m\/#primaryimage\"},\"image\":{\"@id\":\"https:\/\/omanivietnam.com\/index.php\/san-pham\/panasonic-mhmf082l1u2m\/#primaryimage\"},\"thumbnailUrl\":\"https:\/\/omanivietnam.com\/wp-content\/uploads\/2024\/09\/MHMF082L1U2M.png\",\"datePublished\":\"2024-09-02T22:54:58+00:00\",\"dateModified\":\"2025-05-11T01:50:41+00:00\",\"description\":\"Panasonic MHMF082L1U2M Servo motor\",\"breadcrumb\":{\"@id\":\"https:\/\/omanivietnam.com\/index.php\/san-pham\/panasonic-mhmf082l1u2m\/#breadcrumb\"},\"inLanguage\":\"vi\",\"potentialAction\":[{\"@type\":\"ReadAction\",\"target\":[\"https:\/\/omanivietnam.com\/index.php\/san-pham\/panasonic-mhmf082l1u2m\/\"]}]},{\"@type\":\"ImageObject\",\"inLanguage\":\"vi\",\"@id\":\"https:\/\/omanivietnam.com\/index.php\/san-pham\/panasonic-mhmf082l1u2m\/#primaryimage\",\"url\":\"https:\/\/omanivietnam.com\/wp-content\/uploads\/2024\/09\/MHMF082L1U2M.png\",\"contentUrl\":\"https:\/\/omanivietnam.com\/wp-content\/uploads\/2024\/09\/MHMF082L1U2M.png\",\"width\":622,\"height\":453},{\"@type\":\"BreadcrumbList\",\"@id\":\"https:\/\/omanivietnam.com\/index.php\/san-pham\/panasonic-mhmf082l1u2m\/#breadcrumb\",\"itemListElement\":[{\"@type\":\"ListItem\",\"position\":1,\"name\":\"Home\",\"item\":\"https:\/\/omanivietnam.com\/\"},{\"@type\":\"ListItem\",\"position\":2,\"name\":\"S\u1ea2N PH\u1ea8M\",\"item\":\"https:\/\/omanivietnam.com\/index.php\/cua-hang\/\"},{\"@type\":\"ListItem\",\"position\":3,\"name\":\"PANASONIC MHMF082L1U2M\"}]},{\"@type\":\"WebSite\",\"@id\":\"https:\/\/omanivietnam.com\/#website\",\"url\":\"https:\/\/omanivietnam.com\/\",\"name\":\"OMANI VI\u1ec6T NAM\",\"description\":\"Nh\u00e0 ph\u00e2n ph\u1ed1i thi\u1ebft b\u1ecb kh\u00ed n\u00e9n v\u00e0 thi\u1ebft b\u1ecb t\u1ef1 \u0111\u1ed9ng h\u00f3a trong c\u00f4ng nghi\u1ec7p\",\"publisher\":{\"@id\":\"https:\/\/omanivietnam.com\/#\/schema\/person\/0ad398a980dc3fd696111c2c5c8fa897\"},\"potentialAction\":[{\"@type\":\"SearchAction\",\"target\":{\"@type\":\"EntryPoint\",\"urlTemplate\":\"https:\/\/omanivietnam.com\/?s={search_term_string}\"},\"query-input\":\"required name=search_term_string\"}],\"inLanguage\":\"vi\"},{\"@type\":[\"Person\",\"Organization\"],\"@id\":\"https:\/\/omanivietnam.com\/#\/schema\/person\/0ad398a980dc3fd696111c2c5c8fa897\",\"name\":\"Nguy\u1ec5n V\u0103n Kh\u00e1nh\",\"image\":{\"@type\":\"ImageObject\",\"inLanguage\":\"vi\",\"@id\":\"https:\/\/omanivietnam.com\/#\/schema\/person\/image\/\",\"url\":\"https:\/\/omanivietnam.com\/wp-content\/uploads\/2024\/06\/logo-1024x1024.png\",\"contentUrl\":\"https:\/\/omanivietnam.com\/wp-content\/uploads\/2024\/06\/logo-1024x1024.png\",\"width\":1024,\"height\":1024,\"caption\":\"Nguy\u1ec5n V\u0103n Kh\u00e1nh\"},\"logo\":{\"@id\":\"https:\/\/omanivietnam.com\/#\/schema\/person\/image\/\"},\"sameAs\":[\"https:\/\/omanivietnam.com\"]}]}<\/script>\n<!-- \/ Yoast SEO plugin. -->","yoast_head_json":{"title":"PANASONIC MHMF082L1U2M - OMANI VI\u1ec6T NAM","description":"Panasonic MHMF082L1U2M Servo motor","robots":{"index":"index","follow":"follow","max-snippet":"max-snippet:-1","max-image-preview":"max-image-preview:large","max-video-preview":"max-video-preview:-1"},"canonical":"https:\/\/omanivietnam.com\/index.php\/san-pham\/panasonic-mhmf082l1u2m\/","og_locale":"vi_VN","og_type":"article","og_title":"PANASONIC MHMF082L1U2M - OMANI VI\u1ec6T NAM","og_description":"Panasonic MHMF082L1U2M Servo motor","og_url":"https:\/\/omanivietnam.com\/index.php\/san-pham\/panasonic-mhmf082l1u2m\/","og_site_name":"OMANI VI\u1ec6T NAM","article_modified_time":"2025-05-11T01:50:41+00:00","og_image":[{"width":622,"height":453,"url":"https:\/\/omanivietnam.com\/wp-content\/uploads\/2024\/09\/MHMF082L1U2M.png","type":"image\/png"}],"twitter_card":"summary_large_image","twitter_misc":{"\u01af\u1edbc t\u00ednh th\u1eddi gian \u0111\u1ecdc":"2 ph\u00fat"},"schema":{"@context":"https:\/\/schema.org","@graph":[{"@type":"WebPage","@id":"https:\/\/omanivietnam.com\/index.php\/san-pham\/panasonic-mhmf082l1u2m\/","url":"https:\/\/omanivietnam.com\/index.php\/san-pham\/panasonic-mhmf082l1u2m\/","name":"PANASONIC MHMF082L1U2M - OMANI VI\u1ec6T NAM","isPartOf":{"@id":"https:\/\/omanivietnam.com\/#website"},"primaryImageOfPage":{"@id":"https:\/\/omanivietnam.com\/index.php\/san-pham\/panasonic-mhmf082l1u2m\/#primaryimage"},"image":{"@id":"https:\/\/omanivietnam.com\/index.php\/san-pham\/panasonic-mhmf082l1u2m\/#primaryimage"},"thumbnailUrl":"https:\/\/omanivietnam.com\/wp-content\/uploads\/2024\/09\/MHMF082L1U2M.png","datePublished":"2024-09-02T22:54:58+00:00","dateModified":"2025-05-11T01:50:41+00:00","description":"Panasonic MHMF082L1U2M Servo motor","breadcrumb":{"@id":"https:\/\/omanivietnam.com\/index.php\/san-pham\/panasonic-mhmf082l1u2m\/#breadcrumb"},"inLanguage":"vi","potentialAction":[{"@type":"ReadAction","target":["https:\/\/omanivietnam.com\/index.php\/san-pham\/panasonic-mhmf082l1u2m\/"]}]},{"@type":"ImageObject","inLanguage":"vi","@id":"https:\/\/omanivietnam.com\/index.php\/san-pham\/panasonic-mhmf082l1u2m\/#primaryimage","url":"https:\/\/omanivietnam.com\/wp-content\/uploads\/2024\/09\/MHMF082L1U2M.png","contentUrl":"https:\/\/omanivietnam.com\/wp-content\/uploads\/2024\/09\/MHMF082L1U2M.png","width":622,"height":453},{"@type":"BreadcrumbList","@id":"https:\/\/omanivietnam.com\/index.php\/san-pham\/panasonic-mhmf082l1u2m\/#breadcrumb","itemListElement":[{"@type":"ListItem","position":1,"name":"Home","item":"https:\/\/omanivietnam.com\/"},{"@type":"ListItem","position":2,"name":"S\u1ea2N PH\u1ea8M","item":"https:\/\/omanivietnam.com\/index.php\/cua-hang\/"},{"@type":"ListItem","position":3,"name":"PANASONIC MHMF082L1U2M"}]},{"@type":"WebSite","@id":"https:\/\/omanivietnam.com\/#website","url":"https:\/\/omanivietnam.com\/","name":"OMANI VI\u1ec6T NAM","description":"Nh\u00e0 ph\u00e2n ph\u1ed1i thi\u1ebft b\u1ecb kh\u00ed n\u00e9n v\u00e0 thi\u1ebft b\u1ecb t\u1ef1 \u0111\u1ed9ng h\u00f3a trong c\u00f4ng nghi\u1ec7p","publisher":{"@id":"https:\/\/omanivietnam.com\/#\/schema\/person\/0ad398a980dc3fd696111c2c5c8fa897"},"potentialAction":[{"@type":"SearchAction","target":{"@type":"EntryPoint","urlTemplate":"https:\/\/omanivietnam.com\/?s={search_term_string}"},"query-input":"required name=search_term_string"}],"inLanguage":"vi"},{"@type":["Person","Organization"],"@id":"https:\/\/omanivietnam.com\/#\/schema\/person\/0ad398a980dc3fd696111c2c5c8fa897","name":"Nguy\u1ec5n V\u0103n Kh\u00e1nh","image":{"@type":"ImageObject","inLanguage":"vi","@id":"https:\/\/omanivietnam.com\/#\/schema\/person\/image\/","url":"https:\/\/omanivietnam.com\/wp-content\/uploads\/2024\/06\/logo-1024x1024.png","contentUrl":"https:\/\/omanivietnam.com\/wp-content\/uploads\/2024\/06\/logo-1024x1024.png","width":1024,"height":1024,"caption":"Nguy\u1ec5n V\u0103n Kh\u00e1nh"},"logo":{"@id":"https:\/\/omanivietnam.com\/#\/schema\/person\/image\/"},"sameAs":["https:\/\/omanivietnam.com"]}]}},"_links":{"self":[{"href":"https:\/\/omanivietnam.com\/index.php\/wp-json\/wp\/v2\/product\/1654","targetHints":{"allow":["GET"]}}],"collection":[{"href":"https:\/\/omanivietnam.com\/index.php\/wp-json\/wp\/v2\/product"}],"about":[{"href":"https:\/\/omanivietnam.com\/index.php\/wp-json\/wp\/v2\/types\/product"}],"replies":[{"embeddable":true,"href":"https:\/\/omanivietnam.com\/index.php\/wp-json\/wp\/v2\/comments?post=1654"}],"wp:featuredmedia":[{"embeddable":true,"href":"https:\/\/omanivietnam.com\/index.php\/wp-json\/wp\/v2\/media\/1655"}],"wp:attachment":[{"href":"https:\/\/omanivietnam.com\/index.php\/wp-json\/wp\/v2\/media?parent=1654"}],"wp:term":[{"taxonomy":"product_cat","embeddable":true,"href":"https:\/\/omanivietnam.com\/index.php\/wp-json\/wp\/v2\/product_cat?post=1654"},{"taxonomy":"product_tag","embeddable":true,"href":"https:\/\/omanivietnam.com\/index.php\/wp-json\/wp\/v2\/product_tag?post=1654"}],"curies":[{"name":"wp","href":"https:\/\/api.w.org\/{rel}","templated":true}]}}