{"id":1660,"date":"2024-09-05T05:41:39","date_gmt":"2024-09-04T22:41:39","guid":{"rendered":"https:\/\/omanivietnam.com\/?post_type=product&#038;p=1660"},"modified":"2025-03-14T12:03:56","modified_gmt":"2025-03-14T05:03:56","slug":"linak-121l00-11302428","status":"publish","type":"product","link":"https:\/\/omanivietnam.com\/index.php\/san-pham\/linak-121l00-11302428\/","title":{"rendered":"LINAK 121L00-11302428"},"content":{"rendered":"<p>LINAK 121L00-11302428<\/p>\n<p>LINAK 121L00-11302428<\/p>\n<p>LINAK 121G00-11302428<\/p>\n<p>LINAK 282100-00200110<\/p>\n<p>Th\u00f4ng tin chi ti\u1ebft<\/p>\n<div class=\"noidung\">\n<p>LINAK 282100-00200110<\/p>\n<p>Made in Denmerk<\/p>\n<p class=\"product_title entry-title\">Linear Actuator LA28<\/p>\n<table>\n<tbody>\n<tr>\n<td width=\"150\">ITEM LINAK\u00ae<\/td>\n<td>282100-00200110<\/td>\n<\/tr>\n<tr>\n<td width=\"150\">Description<\/td>\n<td>Actuator LA28.1S-200-24-01\u00a0IPx5 black, 2,3 m cable<\/td>\n<\/tr>\n<\/tbody>\n<\/table>\n<div class=\"noidung\">\n<p class=\"color-red\">Description:<\/p>\n<p>Device that works by converting a rotary movement into a linear movement.<br \/>\nLinear actuators are devices that generate a straight line movement instead of a circular motion, as would conventional electric motors. They are widely used in machine tools and industrial machinery.<br \/>\nLlinear rolling consists of components that provide precision, speed or stiffness in applications requiring linear motion. They include products such as ball transfer, spindles, bearings, guides, modules or runners.<\/p>\n<p>Thanks to its small size and outstanding performance, the actuator LA12 provides a practical and cost-effective alternative to smallscale traditional hydraulic and pneumatic systems.<\/p>\n<p>The LA12 is ideal for applications requiring short linear movements<\/p>\n<\/div>\n<p id=\"CybotCookiebotDialogBodyContentTitle\" lang=\"en\">Welcome to LINAK \u2013 home of electric actuator technology<\/p>\n<p>On this website we use cookies. We use them to personalise content, gather and process personal data,\u00a0target ads, provide social media features, and to analyse online traffic. We also share information about your journey around our site with our social media, advertising and analytics partners who may be located abroad. These partners may combine this information with other data that you have submitted to them through other non-LINAK services. We recommend you give your consent to all our cookies in order to get our full online experience.\u00a0You can also accept individual cookie categories by using the check boxes below.<\/p>\n<p class=\"product-title\">ELECTRIC LINEAR ACTUATOR REF. LINAK 285100-00200110<\/p>\n<\/div>\n<p>\u0110\u1ea1i l\u00fd Linak vietnam, Linak viet nam, Linak vietnam distributor, Ph\u00e2n ph\u1ed1i Linak t\u1ea1i vi\u1ec7t nam<\/p>\n<p>\u0110\u1ea1i l\u00fd Linak vietnam, Linak viet nam, Linak vietnam distributor, Ph\u00e2n ph\u1ed1i Linak t\u1ea1i vi\u1ec7t nam<\/p>\n<p>\u0110\u1ea1i l\u00fd Linak vietnam, Linak viet nam, Linak vietnam distributor, Ph\u00e2n ph\u1ed1i Linak t\u1ea1i vi\u1ec7t nam<\/p>\n<p>\u0110\u1ea1i l\u00fd Linak vietnam, Linak viet nam, Linak vietnam distributor, Ph\u00e2n ph\u1ed1i Linak t\u1ea1i vi\u1ec7t nam<\/p>\n<p>\u0110\u1ea1i l\u00fd Linak vietnam, Linak viet nam, Linak vietnam distributor, Ph\u00e2n ph\u1ed1i Linak t\u1ea1i vi\u1ec7t nam<\/p>\n","protected":false},"excerpt":{"rendered":"<p>LINAK 121L00-11302428 LINAK 121L00-11302428 LINAK 121G00-11302428 LINAK 282100-00200110 Th\u00f4ng tin chi ti\u1ebft LINAK 282100-00200110 Made in Denmerk Linear Actuator LA28 ITEM LINAK\u00ae 282100-00200110 Description Actuator LA28.1S-200-24-01\u00a0IPx5 black, 2,3 m cable Description: Device that works by converting a rotary movement into a linear movement. Linear actuators are devices that generate a&hellip; <\/p>\n","protected":false},"featured_media":1661,"comment_status":"open","ping_status":"closed","template":"","meta":[],"product_cat":[442],"product_tag":[445,444,443,446],"class_list":{"0":"post-1660","1":"product","2":"type-product","3":"status-publish","4":"has-post-thumbnail","6":"product_cat-linak","7":"product_tag-bo-dieu-khien-tu-dong-dung-cho-van-khi-nen","8":"product_tag-dai-ly-linak-viet-nam","9":"product_tag-linak-viet-nam","10":"product_tag-linear-electric-actuator","12":"first","13":"instock","14":"shipping-taxable","15":"product-type-simple"},"yoast_head":"<!-- This site is optimized with the Yoast SEO plugin v22.8 - https:\/\/yoast.com\/wordpress\/plugins\/seo\/ -->\n<title>LINAK 121L00-11302428 - OMANI VI\u1ec6T NAM<\/title>\n<meta name=\"description\" content=\"LINAK 121L00-11302428 Linear Actuator LA28\" \/>\n<meta name=\"robots\" content=\"index, follow, max-snippet:-1, max-image-preview:large, max-video-preview:-1\" \/>\n<link rel=\"canonical\" href=\"https:\/\/omanivietnam.com\/index.php\/san-pham\/linak-121l00-11302428\/\" \/>\n<meta property=\"og:locale\" content=\"vi_VN\" \/>\n<meta property=\"og:type\" content=\"article\" \/>\n<meta property=\"og:title\" content=\"LINAK 121L00-11302428 - OMANI VI\u1ec6T NAM\" \/>\n<meta property=\"og:description\" content=\"LINAK 121L00-11302428 Linear Actuator LA28\" \/>\n<meta property=\"og:url\" content=\"https:\/\/omanivietnam.com\/index.php\/san-pham\/linak-121l00-11302428\/\" \/>\n<meta property=\"og:site_name\" content=\"OMANI VI\u1ec6T NAM\" \/>\n<meta property=\"article:modified_time\" content=\"2025-03-14T05:03:56+00:00\" \/>\n<meta property=\"og:image\" content=\"https:\/\/omanivietnam.com\/wp-content\/uploads\/2024\/09\/121L00-11302428.png\" \/>\n\t<meta property=\"og:image:width\" content=\"1198\" \/>\n\t<meta property=\"og:image:height\" content=\"889\" \/>\n\t<meta property=\"og:image:type\" content=\"image\/png\" \/>\n<meta name=\"twitter:card\" content=\"summary_large_image\" \/>\n<meta name=\"twitter:label1\" content=\"\u01af\u1edbc t\u00ednh th\u1eddi gian \u0111\u1ecdc\" \/>\n\t<meta name=\"twitter:data1\" content=\"3 ph\u00fat\" \/>\n<script type=\"application\/ld+json\" class=\"yoast-schema-graph\">{\"@context\":\"https:\/\/schema.org\",\"@graph\":[{\"@type\":\"WebPage\",\"@id\":\"https:\/\/omanivietnam.com\/index.php\/san-pham\/linak-121l00-11302428\/\",\"url\":\"https:\/\/omanivietnam.com\/index.php\/san-pham\/linak-121l00-11302428\/\",\"name\":\"LINAK 121L00-11302428 - OMANI VI\u1ec6T NAM\",\"isPartOf\":{\"@id\":\"https:\/\/omanivietnam.com\/#website\"},\"primaryImageOfPage\":{\"@id\":\"https:\/\/omanivietnam.com\/index.php\/san-pham\/linak-121l00-11302428\/#primaryimage\"},\"image\":{\"@id\":\"https:\/\/omanivietnam.com\/index.php\/san-pham\/linak-121l00-11302428\/#primaryimage\"},\"thumbnailUrl\":\"https:\/\/omanivietnam.com\/wp-content\/uploads\/2024\/09\/121L00-11302428.png\",\"datePublished\":\"2024-09-04T22:41:39+00:00\",\"dateModified\":\"2025-03-14T05:03:56+00:00\",\"description\":\"LINAK 121L00-11302428 Linear Actuator LA28\",\"breadcrumb\":{\"@id\":\"https:\/\/omanivietnam.com\/index.php\/san-pham\/linak-121l00-11302428\/#breadcrumb\"},\"inLanguage\":\"vi\",\"potentialAction\":[{\"@type\":\"ReadAction\",\"target\":[\"https:\/\/omanivietnam.com\/index.php\/san-pham\/linak-121l00-11302428\/\"]}]},{\"@type\":\"ImageObject\",\"inLanguage\":\"vi\",\"@id\":\"https:\/\/omanivietnam.com\/index.php\/san-pham\/linak-121l00-11302428\/#primaryimage\",\"url\":\"https:\/\/omanivietnam.com\/wp-content\/uploads\/2024\/09\/121L00-11302428.png\",\"contentUrl\":\"https:\/\/omanivietnam.com\/wp-content\/uploads\/2024\/09\/121L00-11302428.png\",\"width\":1198,\"height\":889},{\"@type\":\"BreadcrumbList\",\"@id\":\"https:\/\/omanivietnam.com\/index.php\/san-pham\/linak-121l00-11302428\/#breadcrumb\",\"itemListElement\":[{\"@type\":\"ListItem\",\"position\":1,\"name\":\"Home\",\"item\":\"https:\/\/omanivietnam.com\/\"},{\"@type\":\"ListItem\",\"position\":2,\"name\":\"S\u1ea2N PH\u1ea8M\",\"item\":\"https:\/\/omanivietnam.com\/index.php\/cua-hang\/\"},{\"@type\":\"ListItem\",\"position\":3,\"name\":\"LINAK 121L00-11302428\"}]},{\"@type\":\"WebSite\",\"@id\":\"https:\/\/omanivietnam.com\/#website\",\"url\":\"https:\/\/omanivietnam.com\/\",\"name\":\"OMANI VI\u1ec6T NAM\",\"description\":\"Nh\u00e0 ph\u00e2n ph\u1ed1i thi\u1ebft b\u1ecb kh\u00ed n\u00e9n v\u00e0 thi\u1ebft b\u1ecb t\u1ef1 \u0111\u1ed9ng h\u00f3a trong c\u00f4ng nghi\u1ec7p\",\"publisher\":{\"@id\":\"https:\/\/omanivietnam.com\/#\/schema\/person\/0ad398a980dc3fd696111c2c5c8fa897\"},\"potentialAction\":[{\"@type\":\"SearchAction\",\"target\":{\"@type\":\"EntryPoint\",\"urlTemplate\":\"https:\/\/omanivietnam.com\/?s={search_term_string}\"},\"query-input\":\"required name=search_term_string\"}],\"inLanguage\":\"vi\"},{\"@type\":[\"Person\",\"Organization\"],\"@id\":\"https:\/\/omanivietnam.com\/#\/schema\/person\/0ad398a980dc3fd696111c2c5c8fa897\",\"name\":\"Nguy\u1ec5n V\u0103n Kh\u00e1nh\",\"image\":{\"@type\":\"ImageObject\",\"inLanguage\":\"vi\",\"@id\":\"https:\/\/omanivietnam.com\/#\/schema\/person\/image\/\",\"url\":\"https:\/\/omanivietnam.com\/wp-content\/uploads\/2024\/06\/logo-1024x1024.png\",\"contentUrl\":\"https:\/\/omanivietnam.com\/wp-content\/uploads\/2024\/06\/logo-1024x1024.png\",\"width\":1024,\"height\":1024,\"caption\":\"Nguy\u1ec5n V\u0103n Kh\u00e1nh\"},\"logo\":{\"@id\":\"https:\/\/omanivietnam.com\/#\/schema\/person\/image\/\"},\"sameAs\":[\"https:\/\/omanivietnam.com\"]}]}<\/script>\n<!-- \/ Yoast SEO plugin. -->","yoast_head_json":{"title":"LINAK 121L00-11302428 - OMANI VI\u1ec6T NAM","description":"LINAK 121L00-11302428 Linear Actuator LA28","robots":{"index":"index","follow":"follow","max-snippet":"max-snippet:-1","max-image-preview":"max-image-preview:large","max-video-preview":"max-video-preview:-1"},"canonical":"https:\/\/omanivietnam.com\/index.php\/san-pham\/linak-121l00-11302428\/","og_locale":"vi_VN","og_type":"article","og_title":"LINAK 121L00-11302428 - OMANI VI\u1ec6T NAM","og_description":"LINAK 121L00-11302428 Linear Actuator LA28","og_url":"https:\/\/omanivietnam.com\/index.php\/san-pham\/linak-121l00-11302428\/","og_site_name":"OMANI VI\u1ec6T NAM","article_modified_time":"2025-03-14T05:03:56+00:00","og_image":[{"width":1198,"height":889,"url":"https:\/\/omanivietnam.com\/wp-content\/uploads\/2024\/09\/121L00-11302428.png","type":"image\/png"}],"twitter_card":"summary_large_image","twitter_misc":{"\u01af\u1edbc t\u00ednh th\u1eddi gian \u0111\u1ecdc":"3 ph\u00fat"},"schema":{"@context":"https:\/\/schema.org","@graph":[{"@type":"WebPage","@id":"https:\/\/omanivietnam.com\/index.php\/san-pham\/linak-121l00-11302428\/","url":"https:\/\/omanivietnam.com\/index.php\/san-pham\/linak-121l00-11302428\/","name":"LINAK 121L00-11302428 - OMANI VI\u1ec6T NAM","isPartOf":{"@id":"https:\/\/omanivietnam.com\/#website"},"primaryImageOfPage":{"@id":"https:\/\/omanivietnam.com\/index.php\/san-pham\/linak-121l00-11302428\/#primaryimage"},"image":{"@id":"https:\/\/omanivietnam.com\/index.php\/san-pham\/linak-121l00-11302428\/#primaryimage"},"thumbnailUrl":"https:\/\/omanivietnam.com\/wp-content\/uploads\/2024\/09\/121L00-11302428.png","datePublished":"2024-09-04T22:41:39+00:00","dateModified":"2025-03-14T05:03:56+00:00","description":"LINAK 121L00-11302428 Linear Actuator LA28","breadcrumb":{"@id":"https:\/\/omanivietnam.com\/index.php\/san-pham\/linak-121l00-11302428\/#breadcrumb"},"inLanguage":"vi","potentialAction":[{"@type":"ReadAction","target":["https:\/\/omanivietnam.com\/index.php\/san-pham\/linak-121l00-11302428\/"]}]},{"@type":"ImageObject","inLanguage":"vi","@id":"https:\/\/omanivietnam.com\/index.php\/san-pham\/linak-121l00-11302428\/#primaryimage","url":"https:\/\/omanivietnam.com\/wp-content\/uploads\/2024\/09\/121L00-11302428.png","contentUrl":"https:\/\/omanivietnam.com\/wp-content\/uploads\/2024\/09\/121L00-11302428.png","width":1198,"height":889},{"@type":"BreadcrumbList","@id":"https:\/\/omanivietnam.com\/index.php\/san-pham\/linak-121l00-11302428\/#breadcrumb","itemListElement":[{"@type":"ListItem","position":1,"name":"Home","item":"https:\/\/omanivietnam.com\/"},{"@type":"ListItem","position":2,"name":"S\u1ea2N PH\u1ea8M","item":"https:\/\/omanivietnam.com\/index.php\/cua-hang\/"},{"@type":"ListItem","position":3,"name":"LINAK 121L00-11302428"}]},{"@type":"WebSite","@id":"https:\/\/omanivietnam.com\/#website","url":"https:\/\/omanivietnam.com\/","name":"OMANI VI\u1ec6T NAM","description":"Nh\u00e0 ph\u00e2n ph\u1ed1i thi\u1ebft b\u1ecb kh\u00ed n\u00e9n v\u00e0 thi\u1ebft b\u1ecb t\u1ef1 \u0111\u1ed9ng h\u00f3a trong c\u00f4ng nghi\u1ec7p","publisher":{"@id":"https:\/\/omanivietnam.com\/#\/schema\/person\/0ad398a980dc3fd696111c2c5c8fa897"},"potentialAction":[{"@type":"SearchAction","target":{"@type":"EntryPoint","urlTemplate":"https:\/\/omanivietnam.com\/?s={search_term_string}"},"query-input":"required name=search_term_string"}],"inLanguage":"vi"},{"@type":["Person","Organization"],"@id":"https:\/\/omanivietnam.com\/#\/schema\/person\/0ad398a980dc3fd696111c2c5c8fa897","name":"Nguy\u1ec5n V\u0103n Kh\u00e1nh","image":{"@type":"ImageObject","inLanguage":"vi","@id":"https:\/\/omanivietnam.com\/#\/schema\/person\/image\/","url":"https:\/\/omanivietnam.com\/wp-content\/uploads\/2024\/06\/logo-1024x1024.png","contentUrl":"https:\/\/omanivietnam.com\/wp-content\/uploads\/2024\/06\/logo-1024x1024.png","width":1024,"height":1024,"caption":"Nguy\u1ec5n V\u0103n Kh\u00e1nh"},"logo":{"@id":"https:\/\/omanivietnam.com\/#\/schema\/person\/image\/"},"sameAs":["https:\/\/omanivietnam.com"]}]}},"_links":{"self":[{"href":"https:\/\/omanivietnam.com\/index.php\/wp-json\/wp\/v2\/product\/1660","targetHints":{"allow":["GET"]}}],"collection":[{"href":"https:\/\/omanivietnam.com\/index.php\/wp-json\/wp\/v2\/product"}],"about":[{"href":"https:\/\/omanivietnam.com\/index.php\/wp-json\/wp\/v2\/types\/product"}],"replies":[{"embeddable":true,"href":"https:\/\/omanivietnam.com\/index.php\/wp-json\/wp\/v2\/comments?post=1660"}],"wp:featuredmedia":[{"embeddable":true,"href":"https:\/\/omanivietnam.com\/index.php\/wp-json\/wp\/v2\/media\/1661"}],"wp:attachment":[{"href":"https:\/\/omanivietnam.com\/index.php\/wp-json\/wp\/v2\/media?parent=1660"}],"wp:term":[{"taxonomy":"product_cat","embeddable":true,"href":"https:\/\/omanivietnam.com\/index.php\/wp-json\/wp\/v2\/product_cat?post=1660"},{"taxonomy":"product_tag","embeddable":true,"href":"https:\/\/omanivietnam.com\/index.php\/wp-json\/wp\/v2\/product_tag?post=1660"}],"curies":[{"name":"wp","href":"https:\/\/api.w.org\/{rel}","templated":true}]}}