{"id":1662,"date":"2024-09-05T05:48:57","date_gmt":"2024-09-04T22:48:57","guid":{"rendered":"https:\/\/omanivietnam.com\/?post_type=product&#038;p=1662"},"modified":"2025-03-14T12:05:13","modified_gmt":"2025-03-14T05:05:13","slug":"linak-2362001000150b4","status":"publish","type":"product","link":"https:\/\/omanivietnam.com\/index.php\/san-pham\/linak-2362001000150b4\/","title":{"rendered":"LINAK 2362001000150B4"},"content":{"rendered":"<p>LINAK 2362001000150B4<\/p>\n<p><strong>Linak DK-6430 Nordborg Linear Actuator-Marine\/Machine Applications-Tested<\/strong><\/p>\n<p>This unit was acquired from a marine electronics store closing its doors.<\/p>\n<p>This actuator has been bench tested and was found to be fully functional.<\/p>\n<p>Please see photos for item condition and sale contents.<\/p>\n<p>We tested the unit on a bench rig and simulated a load.<\/p>\n<p>The overall measurements of the item at full extend and full contract are listed in the photos.<\/p>\n<ul>\n<li>DK6430<\/li>\n<li>LINEAR ACTUATOR<\/li>\n<li>PUSH\/PULL<\/li>\n<li>1700 N<\/li>\n<li>24 V<\/li>\n<li>13 AMP<\/li>\n<\/ul>\n<p>C\u00e1c m\u00e3 h\u00e0ng LINAK t\u01b0\u01a1ng t\u1ef1<\/p>\n<p class=\"product_title entry-title\">282100-00200110<\/p>\n<p class=\"product_title entry-title\">121L00-11302428<\/p>\n<p>121G00-11302428<\/p>\n<p>\u0110\u1ea1i l\u00fd Linak vietnam, Linak viet nam, Linak vietnam distributor, Ph\u00e2n ph\u1ed1i Linak t\u1ea1i vi\u1ec7t nam<\/p>\n<p>\u0110\u1ea1i l\u00fd Linak vietnam, Linak viet nam, Linak vietnam distributor, Ph\u00e2n ph\u1ed1i Linak t\u1ea1i vi\u1ec7t nam<\/p>\n<p>\u0110\u1ea1i l\u00fd Linak vietnam, Linak viet nam, Linak vietnam distributor, Ph\u00e2n ph\u1ed1i Linak t\u1ea1i vi\u1ec7t nam<\/p>\n<p>\u0110\u1ea1i l\u00fd Linak vietnam, Linak viet nam, Linak vietnam distributor, Ph\u00e2n ph\u1ed1i Linak t\u1ea1i vi\u1ec7t nam<\/p>\n<p>\u0110\u1ea1i l\u00fd Linak vietnam, Linak viet nam, Linak vietnam distributor, Ph\u00e2n ph\u1ed1i Linak t\u1ea1i vi\u1ec7t nam<\/p>\n","protected":false},"excerpt":{"rendered":"<p>LINAK 2362001000150B4 Linak DK-6430 Nordborg Linear Actuator-Marine\/Machine Applications-Tested This unit was acquired from a marine electronics store closing its doors. This actuator has been bench tested and was found to be fully functional. Please see photos for item condition and sale contents. We tested the unit on a bench rig&hellip; <\/p>\n","protected":false},"featured_media":1663,"comment_status":"open","ping_status":"closed","template":"","meta":[],"product_cat":[442],"product_tag":[445,444,443,446],"class_list":{"0":"post-1662","1":"product","2":"type-product","3":"status-publish","4":"has-post-thumbnail","6":"product_cat-linak","7":"product_tag-bo-dieu-khien-tu-dong-dung-cho-van-khi-nen","8":"product_tag-dai-ly-linak-viet-nam","9":"product_tag-linak-viet-nam","10":"product_tag-linear-electric-actuator","12":"first","13":"instock","14":"shipping-taxable","15":"product-type-simple"},"yoast_head":"<!-- This site is optimized with the Yoast SEO plugin v22.8 - https:\/\/yoast.com\/wordpress\/plugins\/seo\/ -->\n<title>LINAK 2362001000150B4 - OMANI VI\u1ec6T NAM<\/title>\n<meta name=\"description\" content=\"LINAK 2362001000150B4 Linear Actuator\" \/>\n<meta name=\"robots\" content=\"index, follow, max-snippet:-1, max-image-preview:large, max-video-preview:-1\" \/>\n<link rel=\"canonical\" href=\"https:\/\/omanivietnam.com\/index.php\/san-pham\/linak-2362001000150b4\/\" \/>\n<meta property=\"og:locale\" content=\"vi_VN\" \/>\n<meta property=\"og:type\" content=\"article\" \/>\n<meta property=\"og:title\" content=\"LINAK 2362001000150B4 - OMANI VI\u1ec6T NAM\" \/>\n<meta property=\"og:description\" content=\"LINAK 2362001000150B4 Linear Actuator\" \/>\n<meta property=\"og:url\" content=\"https:\/\/omanivietnam.com\/index.php\/san-pham\/linak-2362001000150b4\/\" \/>\n<meta property=\"og:site_name\" content=\"OMANI VI\u1ec6T NAM\" \/>\n<meta property=\"article:modified_time\" content=\"2025-03-14T05:05:13+00:00\" \/>\n<meta property=\"og:image\" content=\"https:\/\/omanivietnam.com\/wp-content\/uploads\/2024\/09\/2362001000150B4.png\" \/>\n\t<meta property=\"og:image:width\" content=\"1204\" \/>\n\t<meta property=\"og:image:height\" content=\"746\" \/>\n\t<meta property=\"og:image:type\" content=\"image\/png\" \/>\n<meta name=\"twitter:card\" content=\"summary_large_image\" \/>\n<meta name=\"twitter:label1\" content=\"\u01af\u1edbc t\u00ednh th\u1eddi gian \u0111\u1ecdc\" \/>\n\t<meta name=\"twitter:data1\" content=\"2 ph\u00fat\" \/>\n<script type=\"application\/ld+json\" class=\"yoast-schema-graph\">{\"@context\":\"https:\/\/schema.org\",\"@graph\":[{\"@type\":\"WebPage\",\"@id\":\"https:\/\/omanivietnam.com\/index.php\/san-pham\/linak-2362001000150b4\/\",\"url\":\"https:\/\/omanivietnam.com\/index.php\/san-pham\/linak-2362001000150b4\/\",\"name\":\"LINAK 2362001000150B4 - OMANI VI\u1ec6T NAM\",\"isPartOf\":{\"@id\":\"https:\/\/omanivietnam.com\/#website\"},\"primaryImageOfPage\":{\"@id\":\"https:\/\/omanivietnam.com\/index.php\/san-pham\/linak-2362001000150b4\/#primaryimage\"},\"image\":{\"@id\":\"https:\/\/omanivietnam.com\/index.php\/san-pham\/linak-2362001000150b4\/#primaryimage\"},\"thumbnailUrl\":\"https:\/\/omanivietnam.com\/wp-content\/uploads\/2024\/09\/2362001000150B4.png\",\"datePublished\":\"2024-09-04T22:48:57+00:00\",\"dateModified\":\"2025-03-14T05:05:13+00:00\",\"description\":\"LINAK 2362001000150B4 Linear Actuator\",\"breadcrumb\":{\"@id\":\"https:\/\/omanivietnam.com\/index.php\/san-pham\/linak-2362001000150b4\/#breadcrumb\"},\"inLanguage\":\"vi\",\"potentialAction\":[{\"@type\":\"ReadAction\",\"target\":[\"https:\/\/omanivietnam.com\/index.php\/san-pham\/linak-2362001000150b4\/\"]}]},{\"@type\":\"ImageObject\",\"inLanguage\":\"vi\",\"@id\":\"https:\/\/omanivietnam.com\/index.php\/san-pham\/linak-2362001000150b4\/#primaryimage\",\"url\":\"https:\/\/omanivietnam.com\/wp-content\/uploads\/2024\/09\/2362001000150B4.png\",\"contentUrl\":\"https:\/\/omanivietnam.com\/wp-content\/uploads\/2024\/09\/2362001000150B4.png\",\"width\":1204,\"height\":746},{\"@type\":\"BreadcrumbList\",\"@id\":\"https:\/\/omanivietnam.com\/index.php\/san-pham\/linak-2362001000150b4\/#breadcrumb\",\"itemListElement\":[{\"@type\":\"ListItem\",\"position\":1,\"name\":\"Home\",\"item\":\"https:\/\/omanivietnam.com\/\"},{\"@type\":\"ListItem\",\"position\":2,\"name\":\"S\u1ea2N PH\u1ea8M\",\"item\":\"https:\/\/omanivietnam.com\/index.php\/cua-hang\/\"},{\"@type\":\"ListItem\",\"position\":3,\"name\":\"LINAK 2362001000150B4\"}]},{\"@type\":\"WebSite\",\"@id\":\"https:\/\/omanivietnam.com\/#website\",\"url\":\"https:\/\/omanivietnam.com\/\",\"name\":\"OMANI VI\u1ec6T NAM\",\"description\":\"Nh\u00e0 ph\u00e2n ph\u1ed1i thi\u1ebft b\u1ecb kh\u00ed n\u00e9n v\u00e0 thi\u1ebft b\u1ecb t\u1ef1 \u0111\u1ed9ng h\u00f3a trong c\u00f4ng nghi\u1ec7p\",\"publisher\":{\"@id\":\"https:\/\/omanivietnam.com\/#\/schema\/person\/0ad398a980dc3fd696111c2c5c8fa897\"},\"potentialAction\":[{\"@type\":\"SearchAction\",\"target\":{\"@type\":\"EntryPoint\",\"urlTemplate\":\"https:\/\/omanivietnam.com\/?s={search_term_string}\"},\"query-input\":\"required name=search_term_string\"}],\"inLanguage\":\"vi\"},{\"@type\":[\"Person\",\"Organization\"],\"@id\":\"https:\/\/omanivietnam.com\/#\/schema\/person\/0ad398a980dc3fd696111c2c5c8fa897\",\"name\":\"Nguy\u1ec5n V\u0103n Kh\u00e1nh\",\"image\":{\"@type\":\"ImageObject\",\"inLanguage\":\"vi\",\"@id\":\"https:\/\/omanivietnam.com\/#\/schema\/person\/image\/\",\"url\":\"https:\/\/omanivietnam.com\/wp-content\/uploads\/2024\/06\/logo-1024x1024.png\",\"contentUrl\":\"https:\/\/omanivietnam.com\/wp-content\/uploads\/2024\/06\/logo-1024x1024.png\",\"width\":1024,\"height\":1024,\"caption\":\"Nguy\u1ec5n V\u0103n Kh\u00e1nh\"},\"logo\":{\"@id\":\"https:\/\/omanivietnam.com\/#\/schema\/person\/image\/\"},\"sameAs\":[\"https:\/\/omanivietnam.com\"]}]}<\/script>\n<!-- \/ Yoast SEO plugin. -->","yoast_head_json":{"title":"LINAK 2362001000150B4 - OMANI VI\u1ec6T NAM","description":"LINAK 2362001000150B4 Linear Actuator","robots":{"index":"index","follow":"follow","max-snippet":"max-snippet:-1","max-image-preview":"max-image-preview:large","max-video-preview":"max-video-preview:-1"},"canonical":"https:\/\/omanivietnam.com\/index.php\/san-pham\/linak-2362001000150b4\/","og_locale":"vi_VN","og_type":"article","og_title":"LINAK 2362001000150B4 - OMANI VI\u1ec6T NAM","og_description":"LINAK 2362001000150B4 Linear Actuator","og_url":"https:\/\/omanivietnam.com\/index.php\/san-pham\/linak-2362001000150b4\/","og_site_name":"OMANI VI\u1ec6T NAM","article_modified_time":"2025-03-14T05:05:13+00:00","og_image":[{"width":1204,"height":746,"url":"https:\/\/omanivietnam.com\/wp-content\/uploads\/2024\/09\/2362001000150B4.png","type":"image\/png"}],"twitter_card":"summary_large_image","twitter_misc":{"\u01af\u1edbc t\u00ednh th\u1eddi gian \u0111\u1ecdc":"2 ph\u00fat"},"schema":{"@context":"https:\/\/schema.org","@graph":[{"@type":"WebPage","@id":"https:\/\/omanivietnam.com\/index.php\/san-pham\/linak-2362001000150b4\/","url":"https:\/\/omanivietnam.com\/index.php\/san-pham\/linak-2362001000150b4\/","name":"LINAK 2362001000150B4 - OMANI VI\u1ec6T NAM","isPartOf":{"@id":"https:\/\/omanivietnam.com\/#website"},"primaryImageOfPage":{"@id":"https:\/\/omanivietnam.com\/index.php\/san-pham\/linak-2362001000150b4\/#primaryimage"},"image":{"@id":"https:\/\/omanivietnam.com\/index.php\/san-pham\/linak-2362001000150b4\/#primaryimage"},"thumbnailUrl":"https:\/\/omanivietnam.com\/wp-content\/uploads\/2024\/09\/2362001000150B4.png","datePublished":"2024-09-04T22:48:57+00:00","dateModified":"2025-03-14T05:05:13+00:00","description":"LINAK 2362001000150B4 Linear Actuator","breadcrumb":{"@id":"https:\/\/omanivietnam.com\/index.php\/san-pham\/linak-2362001000150b4\/#breadcrumb"},"inLanguage":"vi","potentialAction":[{"@type":"ReadAction","target":["https:\/\/omanivietnam.com\/index.php\/san-pham\/linak-2362001000150b4\/"]}]},{"@type":"ImageObject","inLanguage":"vi","@id":"https:\/\/omanivietnam.com\/index.php\/san-pham\/linak-2362001000150b4\/#primaryimage","url":"https:\/\/omanivietnam.com\/wp-content\/uploads\/2024\/09\/2362001000150B4.png","contentUrl":"https:\/\/omanivietnam.com\/wp-content\/uploads\/2024\/09\/2362001000150B4.png","width":1204,"height":746},{"@type":"BreadcrumbList","@id":"https:\/\/omanivietnam.com\/index.php\/san-pham\/linak-2362001000150b4\/#breadcrumb","itemListElement":[{"@type":"ListItem","position":1,"name":"Home","item":"https:\/\/omanivietnam.com\/"},{"@type":"ListItem","position":2,"name":"S\u1ea2N PH\u1ea8M","item":"https:\/\/omanivietnam.com\/index.php\/cua-hang\/"},{"@type":"ListItem","position":3,"name":"LINAK 2362001000150B4"}]},{"@type":"WebSite","@id":"https:\/\/omanivietnam.com\/#website","url":"https:\/\/omanivietnam.com\/","name":"OMANI VI\u1ec6T NAM","description":"Nh\u00e0 ph\u00e2n ph\u1ed1i thi\u1ebft b\u1ecb kh\u00ed n\u00e9n v\u00e0 thi\u1ebft b\u1ecb t\u1ef1 \u0111\u1ed9ng h\u00f3a trong c\u00f4ng nghi\u1ec7p","publisher":{"@id":"https:\/\/omanivietnam.com\/#\/schema\/person\/0ad398a980dc3fd696111c2c5c8fa897"},"potentialAction":[{"@type":"SearchAction","target":{"@type":"EntryPoint","urlTemplate":"https:\/\/omanivietnam.com\/?s={search_term_string}"},"query-input":"required name=search_term_string"}],"inLanguage":"vi"},{"@type":["Person","Organization"],"@id":"https:\/\/omanivietnam.com\/#\/schema\/person\/0ad398a980dc3fd696111c2c5c8fa897","name":"Nguy\u1ec5n V\u0103n Kh\u00e1nh","image":{"@type":"ImageObject","inLanguage":"vi","@id":"https:\/\/omanivietnam.com\/#\/schema\/person\/image\/","url":"https:\/\/omanivietnam.com\/wp-content\/uploads\/2024\/06\/logo-1024x1024.png","contentUrl":"https:\/\/omanivietnam.com\/wp-content\/uploads\/2024\/06\/logo-1024x1024.png","width":1024,"height":1024,"caption":"Nguy\u1ec5n V\u0103n Kh\u00e1nh"},"logo":{"@id":"https:\/\/omanivietnam.com\/#\/schema\/person\/image\/"},"sameAs":["https:\/\/omanivietnam.com"]}]}},"_links":{"self":[{"href":"https:\/\/omanivietnam.com\/index.php\/wp-json\/wp\/v2\/product\/1662","targetHints":{"allow":["GET"]}}],"collection":[{"href":"https:\/\/omanivietnam.com\/index.php\/wp-json\/wp\/v2\/product"}],"about":[{"href":"https:\/\/omanivietnam.com\/index.php\/wp-json\/wp\/v2\/types\/product"}],"replies":[{"embeddable":true,"href":"https:\/\/omanivietnam.com\/index.php\/wp-json\/wp\/v2\/comments?post=1662"}],"wp:featuredmedia":[{"embeddable":true,"href":"https:\/\/omanivietnam.com\/index.php\/wp-json\/wp\/v2\/media\/1663"}],"wp:attachment":[{"href":"https:\/\/omanivietnam.com\/index.php\/wp-json\/wp\/v2\/media?parent=1662"}],"wp:term":[{"taxonomy":"product_cat","embeddable":true,"href":"https:\/\/omanivietnam.com\/index.php\/wp-json\/wp\/v2\/product_cat?post=1662"},{"taxonomy":"product_tag","embeddable":true,"href":"https:\/\/omanivietnam.com\/index.php\/wp-json\/wp\/v2\/product_tag?post=1662"}],"curies":[{"name":"wp","href":"https:\/\/api.w.org\/{rel}","templated":true}]}}