{"id":1671,"date":"2024-09-07T05:20:02","date_gmt":"2024-09-06T22:20:02","guid":{"rendered":"https:\/\/omanivietnam.com\/?post_type=product&#038;p=1671"},"modified":"2025-08-19T21:09:45","modified_gmt":"2025-08-19T14:09:45","slug":"airtec-mc-07-510-hn","status":"publish","type":"product","link":"https:\/\/omanivietnam.com\/index.php\/san-pham\/airtec-mc-07-510-hn\/","title":{"rendered":"AIRTEC MC-07-510-HN"},"content":{"rendered":"<p>AIRTEC MC-07-510-HN<\/p>\n<p class=\"product_title entry-title\">AIRTEC MC 07 510-HN SINGLE SOLENOID VALVE<\/p>\n<p><strong>Manufacturer:\u00a0<\/strong>AIRTEC<\/p>\n<p><strong>Type:<\/strong>\u00a0Single Solenoid Valve<\/p>\n<p><strong>Model:<\/strong>\u00a0MC07510-HN<\/p>\n<p><strong>Type of Actuation:\u00a0<\/strong>Electrically<\/p>\n<p><strong>Operating Pressure:\u00a0<\/strong>1.5\u202610 bar<\/p>\n<p><strong>Fluid:\u00a0<\/strong>Air<\/p>\n<p>Flow Rate:\u00a01200 Nl\/min<\/p>\n<p><strong>Plug Diameter:<\/strong>\u00a09 mm<\/p>\n<p>Pneumatic Connection:\u00a0Sub-Based<\/p>\n<p>Temperature:\u00a0-10\u202670 \u00b0C<\/p>\n<p>Material:\u00a0Stainless Steel and Brass<\/p>\n<p>Protection Class:\u00a0IP65<\/p>\n<p>Weight<strong>:<\/strong>\u00a00.320 kg<\/p>\n<p>C\u00e1c s\u1ea3n ph\u1ea9m c\u00f9ng lo\u1ea1i<\/p>\n<p>Solenoid valve MC-20-510-HN<\/p>\n<p>Solenoid valve\u00a0KN-05-510-HN<\/p>\n<p>Solenoid valve\u00a0M-20-510-HN<\/p>\n<p>Solenoid valve\u00a0M-04-510-HN<\/p>\n<p>Solenoid valve\u00a0MN-06-510-HN<\/p>\n<p>Solenoid valve\u00a0M-07-310-HN<\/p>\n<p>Solenoid valve\u00a0M-07-510-HN<\/p>\n<p>Cylinder 80.94K13-16H7<\/p>\n<p>Valve 80.94K13-16B7<\/p>\n<p>Valve EM-20-4-P-SA<\/p>\n<p>Roland\u00a080.94K13-16B7<\/p>\n<p>Valve 8094K1316B7<\/p>\n<p>Cylinder 80.10Q13-0625<\/p>\n<p>Valve unit 80.10Q13-0286<\/p>\n<p>Valve unit\u00a0 VKZ-16\/4-P5\/2-4-S<\/p>\n<p>Cylinder\u00a080.10Q13-0286<\/p>\n<p>Cylinder VKZ-16\/4-P5\/2-4-S<\/p>\n<p>Sensor 8A.37U44-3780<\/p>\n<p>Sensor SLSSR 8.81-S12<\/p>\n<p>Sensor 8C.37U44-3780<\/p>\n<p>Sensor SLSER 8\/66.01-S12<\/p>\n<p>Sensor SLSER 8\/66.01-S12<\/p>\n<p>Sensor\u00a080.37U44-A120<\/p>\n<p>Sensor\u00a0SWS-15\/BE\/MAN1.2B<\/p>\n<p>Sensor\u00a08037U443152<\/p>\n<p>Sensor\u00a0RK758\/2.5<\/p>\n<p>Circuit Board\u00a016.86959-0001<\/p>\n<p>Step motor\u00a080.37M90-8125<\/p>\n<p>Sensor\u00a0037U315144<\/p>\n<p>Sensor\u00a0RK757\/2.5, 1000<\/p>\n<p>Sensor 00.783.0767<\/p>\n<p>Sensor 00.783.0630<\/p>\n<p>Sensor 00.783.0145<\/p>\n<p>Sensor 00.783.0144<\/p>\n<p>Sensor F2.110.1331<\/p>\n<p>Sensor 91.110.1381<\/p>\n<p>Sensor 00.783.0181<\/p>\n<p>Sensor 61.110.1531<\/p>\n<p>Sensor\u00a061.198.1553<\/p>\n<p>Sensor\u00a0F2.110.7312<\/p>\n<p>Sensor\u00a071.110.1321<\/p>\n<p>Sensor\u00a061.110.1325<\/p>\n<p>Sensor\u00a061.110.1531<\/p>\n<p>Sensor\u00a091.147.7471<\/p>\n<p>Sensor C2.161.1411<\/p>\n<p>Sensor C4.102.1987<\/p>\n<p>Sensor\u00a091.145.1271<\/p>\n<p>Sensor\u00a0F2.110.1563<\/p>\n<p>Sensor\u00a0L4.187.2148<\/p>\n<p>Sensor\u00a0L2.110.7191<\/p>\n<p>Sensor\u00a0C6.126.1021<\/p>\n<p>Sensor\u00a000.783.0624<\/p>\n","protected":false},"excerpt":{"rendered":"<p>AIRTEC MC-07-510-HN AIRTEC MC 07 510-HN SINGLE SOLENOID VALVE Manufacturer:\u00a0AIRTEC Type:\u00a0Single Solenoid Valve Model:\u00a0MC07510-HN Type of Actuation:\u00a0Electrically Operating Pressure:\u00a01.5\u202610 bar Fluid:\u00a0Air Flow Rate:\u00a01200 Nl\/min Plug Diameter:\u00a09 mm Pneumatic Connection:\u00a0Sub-Based Temperature:\u00a0-10\u202670 \u00b0C Material:\u00a0Stainless Steel and Brass Protection Class:\u00a0IP65 Weight:\u00a00.320 kg C\u00e1c s\u1ea3n ph\u1ea9m c\u00f9ng lo\u1ea1i Solenoid valve MC-20-510-HN Solenoid valve\u00a0KN-05-510-HN Solenoid&hellip; <\/p>\n","protected":false},"featured_media":1672,"comment_status":"open","ping_status":"closed","template":"","meta":[],"product_cat":[421],"product_tag":[205,206,102],"class_list":{"0":"post-1671","1":"product","2":"type-product","3":"status-publish","4":"has-post-thumbnail","6":"product_cat-airtec","7":"product_tag-airtec-viet-nam","8":"product_tag-dai-ly-airtec-viet-nam","9":"product_tag-van-khi-nen","11":"first","12":"instock","13":"shipping-taxable","14":"product-type-simple"},"yoast_head":"<!-- This site is optimized with the Yoast SEO plugin v22.8 - https:\/\/yoast.com\/wordpress\/plugins\/seo\/ -->\n<title>AIRTEC MC-07-510-HN - OMANI VI\u1ec6T NAM<\/title>\n<meta name=\"description\" content=\"AIRTEC MC-07-510-HN Solenoid Valve\" \/>\n<meta name=\"robots\" content=\"index, follow, max-snippet:-1, max-image-preview:large, max-video-preview:-1\" \/>\n<link rel=\"canonical\" href=\"https:\/\/omanivietnam.com\/index.php\/san-pham\/airtec-mc-07-510-hn\/\" \/>\n<meta property=\"og:locale\" content=\"vi_VN\" \/>\n<meta property=\"og:type\" content=\"article\" \/>\n<meta property=\"og:title\" content=\"AIRTEC MC-07-510-HN - OMANI VI\u1ec6T NAM\" \/>\n<meta property=\"og:description\" content=\"AIRTEC MC-07-510-HN Solenoid Valve\" \/>\n<meta property=\"og:url\" content=\"https:\/\/omanivietnam.com\/index.php\/san-pham\/airtec-mc-07-510-hn\/\" \/>\n<meta property=\"og:site_name\" content=\"OMANI VI\u1ec6T NAM\" \/>\n<meta property=\"article:modified_time\" content=\"2025-08-19T14:09:45+00:00\" \/>\n<meta property=\"og:image\" content=\"https:\/\/omanivietnam.com\/wp-content\/uploads\/2024\/09\/AIRTEC-MC-07-510-HN.png\" \/>\n\t<meta property=\"og:image:width\" content=\"1185\" \/>\n\t<meta property=\"og:image:height\" content=\"934\" \/>\n\t<meta property=\"og:image:type\" content=\"image\/png\" \/>\n<meta name=\"twitter:card\" content=\"summary_large_image\" \/>\n<meta name=\"twitter:label1\" content=\"\u01af\u1edbc t\u00ednh th\u1eddi gian \u0111\u1ecdc\" \/>\n\t<meta name=\"twitter:data1\" content=\"2 ph\u00fat\" \/>\n<script type=\"application\/ld+json\" class=\"yoast-schema-graph\">{\"@context\":\"https:\/\/schema.org\",\"@graph\":[{\"@type\":\"WebPage\",\"@id\":\"https:\/\/omanivietnam.com\/index.php\/san-pham\/airtec-mc-07-510-hn\/\",\"url\":\"https:\/\/omanivietnam.com\/index.php\/san-pham\/airtec-mc-07-510-hn\/\",\"name\":\"AIRTEC MC-07-510-HN - OMANI VI\u1ec6T NAM\",\"isPartOf\":{\"@id\":\"https:\/\/omanivietnam.com\/#website\"},\"primaryImageOfPage\":{\"@id\":\"https:\/\/omanivietnam.com\/index.php\/san-pham\/airtec-mc-07-510-hn\/#primaryimage\"},\"image\":{\"@id\":\"https:\/\/omanivietnam.com\/index.php\/san-pham\/airtec-mc-07-510-hn\/#primaryimage\"},\"thumbnailUrl\":\"https:\/\/omanivietnam.com\/wp-content\/uploads\/2024\/09\/AIRTEC-MC-07-510-HN.png\",\"datePublished\":\"2024-09-06T22:20:02+00:00\",\"dateModified\":\"2025-08-19T14:09:45+00:00\",\"description\":\"AIRTEC MC-07-510-HN Solenoid Valve\",\"breadcrumb\":{\"@id\":\"https:\/\/omanivietnam.com\/index.php\/san-pham\/airtec-mc-07-510-hn\/#breadcrumb\"},\"inLanguage\":\"vi\",\"potentialAction\":[{\"@type\":\"ReadAction\",\"target\":[\"https:\/\/omanivietnam.com\/index.php\/san-pham\/airtec-mc-07-510-hn\/\"]}]},{\"@type\":\"ImageObject\",\"inLanguage\":\"vi\",\"@id\":\"https:\/\/omanivietnam.com\/index.php\/san-pham\/airtec-mc-07-510-hn\/#primaryimage\",\"url\":\"https:\/\/omanivietnam.com\/wp-content\/uploads\/2024\/09\/AIRTEC-MC-07-510-HN.png\",\"contentUrl\":\"https:\/\/omanivietnam.com\/wp-content\/uploads\/2024\/09\/AIRTEC-MC-07-510-HN.png\",\"width\":1185,\"height\":934},{\"@type\":\"BreadcrumbList\",\"@id\":\"https:\/\/omanivietnam.com\/index.php\/san-pham\/airtec-mc-07-510-hn\/#breadcrumb\",\"itemListElement\":[{\"@type\":\"ListItem\",\"position\":1,\"name\":\"Home\",\"item\":\"https:\/\/omanivietnam.com\/\"},{\"@type\":\"ListItem\",\"position\":2,\"name\":\"S\u1ea2N PH\u1ea8M\",\"item\":\"https:\/\/omanivietnam.com\/index.php\/cua-hang\/\"},{\"@type\":\"ListItem\",\"position\":3,\"name\":\"AIRTEC MC-07-510-HN\"}]},{\"@type\":\"WebSite\",\"@id\":\"https:\/\/omanivietnam.com\/#website\",\"url\":\"https:\/\/omanivietnam.com\/\",\"name\":\"OMANI VI\u1ec6T NAM\",\"description\":\"Nh\u00e0 ph\u00e2n ph\u1ed1i thi\u1ebft b\u1ecb kh\u00ed n\u00e9n v\u00e0 thi\u1ebft b\u1ecb t\u1ef1 \u0111\u1ed9ng h\u00f3a trong c\u00f4ng nghi\u1ec7p\",\"publisher\":{\"@id\":\"https:\/\/omanivietnam.com\/#\/schema\/person\/0ad398a980dc3fd696111c2c5c8fa897\"},\"potentialAction\":[{\"@type\":\"SearchAction\",\"target\":{\"@type\":\"EntryPoint\",\"urlTemplate\":\"https:\/\/omanivietnam.com\/?s={search_term_string}\"},\"query-input\":\"required name=search_term_string\"}],\"inLanguage\":\"vi\"},{\"@type\":[\"Person\",\"Organization\"],\"@id\":\"https:\/\/omanivietnam.com\/#\/schema\/person\/0ad398a980dc3fd696111c2c5c8fa897\",\"name\":\"Nguy\u1ec5n V\u0103n Kh\u00e1nh\",\"image\":{\"@type\":\"ImageObject\",\"inLanguage\":\"vi\",\"@id\":\"https:\/\/omanivietnam.com\/#\/schema\/person\/image\/\",\"url\":\"https:\/\/omanivietnam.com\/wp-content\/uploads\/2024\/06\/logo-1024x1024.png\",\"contentUrl\":\"https:\/\/omanivietnam.com\/wp-content\/uploads\/2024\/06\/logo-1024x1024.png\",\"width\":1024,\"height\":1024,\"caption\":\"Nguy\u1ec5n V\u0103n Kh\u00e1nh\"},\"logo\":{\"@id\":\"https:\/\/omanivietnam.com\/#\/schema\/person\/image\/\"},\"sameAs\":[\"https:\/\/omanivietnam.com\"]}]}<\/script>\n<!-- \/ Yoast SEO plugin. -->","yoast_head_json":{"title":"AIRTEC MC-07-510-HN - OMANI VI\u1ec6T NAM","description":"AIRTEC MC-07-510-HN Solenoid Valve","robots":{"index":"index","follow":"follow","max-snippet":"max-snippet:-1","max-image-preview":"max-image-preview:large","max-video-preview":"max-video-preview:-1"},"canonical":"https:\/\/omanivietnam.com\/index.php\/san-pham\/airtec-mc-07-510-hn\/","og_locale":"vi_VN","og_type":"article","og_title":"AIRTEC MC-07-510-HN - OMANI VI\u1ec6T NAM","og_description":"AIRTEC MC-07-510-HN Solenoid Valve","og_url":"https:\/\/omanivietnam.com\/index.php\/san-pham\/airtec-mc-07-510-hn\/","og_site_name":"OMANI VI\u1ec6T NAM","article_modified_time":"2025-08-19T14:09:45+00:00","og_image":[{"width":1185,"height":934,"url":"https:\/\/omanivietnam.com\/wp-content\/uploads\/2024\/09\/AIRTEC-MC-07-510-HN.png","type":"image\/png"}],"twitter_card":"summary_large_image","twitter_misc":{"\u01af\u1edbc t\u00ednh th\u1eddi gian \u0111\u1ecdc":"2 ph\u00fat"},"schema":{"@context":"https:\/\/schema.org","@graph":[{"@type":"WebPage","@id":"https:\/\/omanivietnam.com\/index.php\/san-pham\/airtec-mc-07-510-hn\/","url":"https:\/\/omanivietnam.com\/index.php\/san-pham\/airtec-mc-07-510-hn\/","name":"AIRTEC MC-07-510-HN - OMANI VI\u1ec6T NAM","isPartOf":{"@id":"https:\/\/omanivietnam.com\/#website"},"primaryImageOfPage":{"@id":"https:\/\/omanivietnam.com\/index.php\/san-pham\/airtec-mc-07-510-hn\/#primaryimage"},"image":{"@id":"https:\/\/omanivietnam.com\/index.php\/san-pham\/airtec-mc-07-510-hn\/#primaryimage"},"thumbnailUrl":"https:\/\/omanivietnam.com\/wp-content\/uploads\/2024\/09\/AIRTEC-MC-07-510-HN.png","datePublished":"2024-09-06T22:20:02+00:00","dateModified":"2025-08-19T14:09:45+00:00","description":"AIRTEC MC-07-510-HN Solenoid Valve","breadcrumb":{"@id":"https:\/\/omanivietnam.com\/index.php\/san-pham\/airtec-mc-07-510-hn\/#breadcrumb"},"inLanguage":"vi","potentialAction":[{"@type":"ReadAction","target":["https:\/\/omanivietnam.com\/index.php\/san-pham\/airtec-mc-07-510-hn\/"]}]},{"@type":"ImageObject","inLanguage":"vi","@id":"https:\/\/omanivietnam.com\/index.php\/san-pham\/airtec-mc-07-510-hn\/#primaryimage","url":"https:\/\/omanivietnam.com\/wp-content\/uploads\/2024\/09\/AIRTEC-MC-07-510-HN.png","contentUrl":"https:\/\/omanivietnam.com\/wp-content\/uploads\/2024\/09\/AIRTEC-MC-07-510-HN.png","width":1185,"height":934},{"@type":"BreadcrumbList","@id":"https:\/\/omanivietnam.com\/index.php\/san-pham\/airtec-mc-07-510-hn\/#breadcrumb","itemListElement":[{"@type":"ListItem","position":1,"name":"Home","item":"https:\/\/omanivietnam.com\/"},{"@type":"ListItem","position":2,"name":"S\u1ea2N PH\u1ea8M","item":"https:\/\/omanivietnam.com\/index.php\/cua-hang\/"},{"@type":"ListItem","position":3,"name":"AIRTEC MC-07-510-HN"}]},{"@type":"WebSite","@id":"https:\/\/omanivietnam.com\/#website","url":"https:\/\/omanivietnam.com\/","name":"OMANI VI\u1ec6T NAM","description":"Nh\u00e0 ph\u00e2n ph\u1ed1i thi\u1ebft b\u1ecb kh\u00ed n\u00e9n v\u00e0 thi\u1ebft b\u1ecb t\u1ef1 \u0111\u1ed9ng h\u00f3a trong c\u00f4ng nghi\u1ec7p","publisher":{"@id":"https:\/\/omanivietnam.com\/#\/schema\/person\/0ad398a980dc3fd696111c2c5c8fa897"},"potentialAction":[{"@type":"SearchAction","target":{"@type":"EntryPoint","urlTemplate":"https:\/\/omanivietnam.com\/?s={search_term_string}"},"query-input":"required name=search_term_string"}],"inLanguage":"vi"},{"@type":["Person","Organization"],"@id":"https:\/\/omanivietnam.com\/#\/schema\/person\/0ad398a980dc3fd696111c2c5c8fa897","name":"Nguy\u1ec5n V\u0103n Kh\u00e1nh","image":{"@type":"ImageObject","inLanguage":"vi","@id":"https:\/\/omanivietnam.com\/#\/schema\/person\/image\/","url":"https:\/\/omanivietnam.com\/wp-content\/uploads\/2024\/06\/logo-1024x1024.png","contentUrl":"https:\/\/omanivietnam.com\/wp-content\/uploads\/2024\/06\/logo-1024x1024.png","width":1024,"height":1024,"caption":"Nguy\u1ec5n V\u0103n Kh\u00e1nh"},"logo":{"@id":"https:\/\/omanivietnam.com\/#\/schema\/person\/image\/"},"sameAs":["https:\/\/omanivietnam.com"]}]}},"_links":{"self":[{"href":"https:\/\/omanivietnam.com\/index.php\/wp-json\/wp\/v2\/product\/1671","targetHints":{"allow":["GET"]}}],"collection":[{"href":"https:\/\/omanivietnam.com\/index.php\/wp-json\/wp\/v2\/product"}],"about":[{"href":"https:\/\/omanivietnam.com\/index.php\/wp-json\/wp\/v2\/types\/product"}],"replies":[{"embeddable":true,"href":"https:\/\/omanivietnam.com\/index.php\/wp-json\/wp\/v2\/comments?post=1671"}],"wp:featuredmedia":[{"embeddable":true,"href":"https:\/\/omanivietnam.com\/index.php\/wp-json\/wp\/v2\/media\/1672"}],"wp:attachment":[{"href":"https:\/\/omanivietnam.com\/index.php\/wp-json\/wp\/v2\/media?parent=1671"}],"wp:term":[{"taxonomy":"product_cat","embeddable":true,"href":"https:\/\/omanivietnam.com\/index.php\/wp-json\/wp\/v2\/product_cat?post=1671"},{"taxonomy":"product_tag","embeddable":true,"href":"https:\/\/omanivietnam.com\/index.php\/wp-json\/wp\/v2\/product_tag?post=1671"}],"curies":[{"name":"wp","href":"https:\/\/api.w.org\/{rel}","templated":true}]}}