{"id":1682,"date":"2024-09-09T21:59:01","date_gmt":"2024-09-09T14:59:01","guid":{"rendered":"https:\/\/omanivietnam.com\/?post_type=product&#038;p=1682"},"modified":"2024-09-09T22:00:06","modified_gmt":"2024-09-09T15:00:06","slug":"smc-vbat10a1","status":"publish","type":"product","link":"https:\/\/omanivietnam.com\/index.php\/san-pham\/smc-vbat10a1\/","title":{"rendered":"SMC VBAT10A1"},"content":{"rendered":"<p>SMC VBAT10A1<\/p>\n<p class=\"LC20lb MBeuO DKV0Md\">VBAT10A1-RV<\/p>\n<p class=\"m-h1\">Air Tank VBAT Series (VBAT10A1-RV)<\/p>\n<p><strong>Th\u00f4ng tin s\u1ea3n ph\u1ea9m:<\/strong><\/p>\n<p>&#8211; T\u0103ng \u00e1p su\u1ea5t kh\u00ed c\u1ee7a nh\u00e0 m\u00e1y l\u00ean t\u1eeb 2 \u0111\u1ebfn 4 l\u1ea7n<\/p>\n<p>&#8211; V\u1eadn h\u00e0nh ch\u1ec9 d\u00f9ng kh\u00ed kh\u00f4ng c\u1ea7n ngu\u1ed3n \u0111i\u1ec7n, gi\u1ea3m ph\u00e1t sinh nhi\u1ec7t v\u00e0 d\u1ec5 d\u00e0ng l\u1eafp \u0111\u1eb7t<\/p>\n<p>&#8211; Ki\u1ec3u d\u00e1ng c\u1ea3i ti\u1ebfn v\u1edbi t\u1ec9 l\u1ec7 t\u0103ng \u00e1p su\u1ea5t t\u1eeb 2 \u0111\u1ebfn 4 l\u1ea7n (VBA11A)<\/p>\n<p>&#8211; Kh\u00f4ng c\u1ea7n ngu\u1ed3n \u0111i\u1ec7n ho\u1eb7c d\u00e2y d\u1eabn: Kh\u00f4ng c\u1ea7n g\u1eafn v\u1edbi d\u00e2y \u0111i\u1ec7n chuy\u00ean d\u1ee5ng<\/p>\n<p>&#8211; D\u1ec5 l\u1eafp \u0111\u1eb7t: Ch\u1ec9 c\u1ea7n l\u1eafp thi\u1ebft b\u1ecb v\u00e0o \u0111\u01b0\u1eddng d\u1eabn kh\u00ed. T\u1ed1n \u00edt kh\u00f4ng gian h\u01a1n r\u1ea5t nhi\u1ec1u so v\u1edbi m\u00e1y n\u00e9n kh\u00ed<\/p>\n<p>&#8211; \u00cdt ph\u00e1t sinh nhi\u1ec7t: Kh\u00f4ng ph\u00e1t sinh nhi\u1ec1u nhi\u1ec7t do kh\u00f4ng s\u1eed d\u1ee5ng \u0111i\u1ec7n v\u00e0 c\u00f3 va ch\u1ea1m trong xi lanh, van \u0111i\u1ec7n t\u1eeb.<\/p>\n<p>&#8211; V\u1eadn h\u00e0nh ch\u1ec9 b\u1eb1ng kh\u00ed: V\u1eadn h\u00e0nh an to\u00e0n do kh\u00f4ng s\u1eed d\u1ee5ng \u0111i\u1ec7n tr\u00e1nh \u0111\u01b0\u1ee3c vi\u1ec7c ch\u1eadp ch\u00e1y.<\/p>\n<p class=\"m-h2\">Product Description<\/p>\n<p>The Air Tank VBAT Series allows for compact connections with booster regulators.<br \/>\n[Features]<br \/>\n\u00b7 Can also be used alone as a tank.<br \/>\n\u00b7 Does not fall under the Japanese Construction Code for Second Class Pressure Vessels.<br \/>\n\u00b7 Partially compatible with some international standards.<\/p>\n<p class=\"m-h3\"><span data-lang=\"ENG\">Configured Specifications<\/span><\/p>\n<table class=\"m-listTable\" summary=\"Price, Spec., etc.\">\n<colgroup>\n<col width=\"20%\" \/>\n<col width=\"30%\" \/>\n<col width=\"20%\" \/>\n<col width=\"30%\" \/><\/colgroup>\n<tbody>\n<tr>\n<th>Type<\/th>\n<td>Tank<\/td>\n<th>Type<\/th>\n<td>Standard product (for Japanese domestic market)<\/td>\n<\/tr>\n<tr>\n<th>Size<\/th>\n<td>10\u00a0L<\/td>\n<th>Thread type<\/th>\n<td>Rc<\/td>\n<\/tr>\n<tr>\n<th>Connection port size<\/th>\n<td>IN 3\/8, OUT 1\/2<\/td>\n<th>Option<\/th>\n<td>Safety valve (Set pressure: 1\u00a0MPa), with drain valve<\/td>\n<\/tr>\n<tr>\n<th>Materials<\/th>\n<td>Carbon steel (SS400)<\/td>\n<th>Type<\/th>\n<td>&#8211;<\/td>\n<\/tr>\n<tr>\n<th>Compatible Model<\/th>\n<td>&#8211;<\/td>\n<th>Voltage Setting<\/th>\n<td>&#8211;<\/td>\n<\/tr>\n<\/tbody>\n<\/table>\n<p>C\u00e1c m\u00e3 h\u00e0ng<\/p>\n<p>VBA40A\/VBAT10A1-S<\/p>\n<p>VBA10A-02<\/p>\n<p>VBA10A-02GN<\/p>\n<p>VBA20A-03<\/p>\n<p>VBA20A-03GN<\/p>\n<p>VBA40A-04<\/p>\n<p>VBA40A-04GN<\/p>\n<p>VBAT05A1-U-X104<\/p>\n<p>VBAT10A1-U-X104<\/p>\n<p>VBAT20A1-T-X104<\/p>\n<p>VBAT38A1-T-X104<\/p>\n<p>\u0110\u1ea1i l\u00fd SMC vietnam, SMC viet nam, SMC vietnam distributor, Ph\u00e2n ph\u1ed1i SMC t\u1ea1i vi\u1ec7t nam<\/p>\n<p>\u0110\u1ea1i l\u00fd SMC vietnam, SMC viet nam, SMC vietnam distributor, Ph\u00e2n ph\u1ed1i SMC t\u1ea1i vi\u1ec7t nam<\/p>\n<p>\u0110\u1ea1i l\u00fd SMC vietnam, SMC viet nam, SMC vietnam distributor, Ph\u00e2n ph\u1ed1i SMC t\u1ea1i vi\u1ec7t nam<\/p>\n<p>\u0110\u1ea1i l\u00fd SMC vietnam, SMC viet nam, SMC vietnam distributor, Ph\u00e2n ph\u1ed1i SMC t\u1ea1i vi\u1ec7t nam<\/p>\n<p>\u0110\u1ea1i l\u00fd SMC vietnam, SMC viet nam, SMC vietnam distributor, Ph\u00e2n ph\u1ed1i SMC t\u1ea1i vi\u1ec7t nam<\/p>\n","protected":false},"excerpt":{"rendered":"<p>SMC VBAT10A1 VBAT10A1-RV Air Tank VBAT Series (VBAT10A1-RV) Th\u00f4ng tin s\u1ea3n ph\u1ea9m: &#8211; T\u0103ng \u00e1p su\u1ea5t kh\u00ed c\u1ee7a nh\u00e0 m\u00e1y l\u00ean t\u1eeb 2 \u0111\u1ebfn 4 l\u1ea7n &#8211; V\u1eadn h\u00e0nh ch\u1ec9 d\u00f9ng kh\u00ed kh\u00f4ng c\u1ea7n ngu\u1ed3n \u0111i\u1ec7n, gi\u1ea3m ph\u00e1t sinh nhi\u1ec7t v\u00e0 d\u1ec5 d\u00e0ng l\u1eafp \u0111\u1eb7t &#8211; Ki\u1ec3u d\u00e1ng c\u1ea3i ti\u1ebfn&hellip; <\/p>\n","protected":false},"featured_media":1683,"comment_status":"open","ping_status":"closed","template":"","meta":[],"product_cat":[283],"product_tag":[93,92,94],"class_list":{"0":"post-1682","1":"product","2":"type-product","3":"status-publish","4":"has-post-thumbnail","6":"product_cat-smc","7":"product_tag-dai-ly-smc-viet-nam","8":"product_tag-smc-viet-nam","9":"product_tag-thung-rong-chua-khi-nen","11":"first","12":"instock","13":"shipping-taxable","14":"product-type-simple"},"yoast_head":"<!-- This site is optimized with the Yoast SEO plugin v22.8 - https:\/\/yoast.com\/wordpress\/plugins\/seo\/ -->\n<title>SMC VBAT10A1 - OMANI VI\u1ec6T NAM<\/title>\n<meta name=\"robots\" content=\"index, follow, max-snippet:-1, max-image-preview:large, max-video-preview:-1\" \/>\n<link rel=\"canonical\" href=\"https:\/\/omanivietnam.com\/index.php\/san-pham\/smc-vbat10a1\/\" \/>\n<meta property=\"og:locale\" content=\"vi_VN\" \/>\n<meta property=\"og:type\" content=\"article\" \/>\n<meta property=\"og:title\" content=\"SMC VBAT10A1 - OMANI VI\u1ec6T NAM\" \/>\n<meta property=\"og:description\" content=\"SMC VBAT10A1 VBAT10A1-RV Air Tank VBAT Series (VBAT10A1-RV) Th\u00f4ng tin s\u1ea3n ph\u1ea9m: &#8211; T\u0103ng \u00e1p su\u1ea5t kh\u00ed c\u1ee7a nh\u00e0 m\u00e1y l\u00ean t\u1eeb 2 \u0111\u1ebfn 4 l\u1ea7n &#8211; V\u1eadn h\u00e0nh ch\u1ec9 d\u00f9ng kh\u00ed kh\u00f4ng c\u1ea7n ngu\u1ed3n \u0111i\u1ec7n, gi\u1ea3m ph\u00e1t sinh nhi\u1ec7t v\u00e0 d\u1ec5 d\u00e0ng l\u1eafp \u0111\u1eb7t &#8211; Ki\u1ec3u d\u00e1ng c\u1ea3i ti\u1ebfn&hellip;\" \/>\n<meta property=\"og:url\" content=\"https:\/\/omanivietnam.com\/index.php\/san-pham\/smc-vbat10a1\/\" \/>\n<meta property=\"og:site_name\" content=\"OMANI VI\u1ec6T NAM\" \/>\n<meta property=\"article:modified_time\" content=\"2024-09-09T15:00:06+00:00\" \/>\n<meta property=\"og:image\" content=\"https:\/\/omanivietnam.com\/wp-content\/uploads\/2024\/09\/VBAT10A1.png\" \/>\n\t<meta property=\"og:image:width\" content=\"693\" \/>\n\t<meta property=\"og:image:height\" content=\"433\" \/>\n\t<meta property=\"og:image:type\" content=\"image\/png\" \/>\n<meta name=\"twitter:card\" content=\"summary_large_image\" \/>\n<meta name=\"twitter:label1\" content=\"\u01af\u1edbc t\u00ednh th\u1eddi gian \u0111\u1ecdc\" \/>\n\t<meta name=\"twitter:data1\" content=\"2 ph\u00fat\" \/>\n<script type=\"application\/ld+json\" class=\"yoast-schema-graph\">{\"@context\":\"https:\/\/schema.org\",\"@graph\":[{\"@type\":\"WebPage\",\"@id\":\"https:\/\/omanivietnam.com\/index.php\/san-pham\/smc-vbat10a1\/\",\"url\":\"https:\/\/omanivietnam.com\/index.php\/san-pham\/smc-vbat10a1\/\",\"name\":\"SMC VBAT10A1 - OMANI VI\u1ec6T NAM\",\"isPartOf\":{\"@id\":\"https:\/\/omanivietnam.com\/#website\"},\"primaryImageOfPage\":{\"@id\":\"https:\/\/omanivietnam.com\/index.php\/san-pham\/smc-vbat10a1\/#primaryimage\"},\"image\":{\"@id\":\"https:\/\/omanivietnam.com\/index.php\/san-pham\/smc-vbat10a1\/#primaryimage\"},\"thumbnailUrl\":\"https:\/\/omanivietnam.com\/wp-content\/uploads\/2024\/09\/VBAT10A1.png\",\"datePublished\":\"2024-09-09T14:59:01+00:00\",\"dateModified\":\"2024-09-09T15:00:06+00:00\",\"breadcrumb\":{\"@id\":\"https:\/\/omanivietnam.com\/index.php\/san-pham\/smc-vbat10a1\/#breadcrumb\"},\"inLanguage\":\"vi\",\"potentialAction\":[{\"@type\":\"ReadAction\",\"target\":[\"https:\/\/omanivietnam.com\/index.php\/san-pham\/smc-vbat10a1\/\"]}]},{\"@type\":\"ImageObject\",\"inLanguage\":\"vi\",\"@id\":\"https:\/\/omanivietnam.com\/index.php\/san-pham\/smc-vbat10a1\/#primaryimage\",\"url\":\"https:\/\/omanivietnam.com\/wp-content\/uploads\/2024\/09\/VBAT10A1.png\",\"contentUrl\":\"https:\/\/omanivietnam.com\/wp-content\/uploads\/2024\/09\/VBAT10A1.png\",\"width\":693,\"height\":433},{\"@type\":\"BreadcrumbList\",\"@id\":\"https:\/\/omanivietnam.com\/index.php\/san-pham\/smc-vbat10a1\/#breadcrumb\",\"itemListElement\":[{\"@type\":\"ListItem\",\"position\":1,\"name\":\"Home\",\"item\":\"https:\/\/omanivietnam.com\/\"},{\"@type\":\"ListItem\",\"position\":2,\"name\":\"S\u1ea2N PH\u1ea8M\",\"item\":\"https:\/\/omanivietnam.com\/index.php\/cua-hang\/\"},{\"@type\":\"ListItem\",\"position\":3,\"name\":\"SMC VBAT10A1\"}]},{\"@type\":\"WebSite\",\"@id\":\"https:\/\/omanivietnam.com\/#website\",\"url\":\"https:\/\/omanivietnam.com\/\",\"name\":\"OMANI VI\u1ec6T NAM\",\"description\":\"Nh\u00e0 ph\u00e2n ph\u1ed1i thi\u1ebft b\u1ecb kh\u00ed n\u00e9n v\u00e0 thi\u1ebft b\u1ecb t\u1ef1 \u0111\u1ed9ng h\u00f3a trong c\u00f4ng nghi\u1ec7p\",\"publisher\":{\"@id\":\"https:\/\/omanivietnam.com\/#\/schema\/person\/0ad398a980dc3fd696111c2c5c8fa897\"},\"potentialAction\":[{\"@type\":\"SearchAction\",\"target\":{\"@type\":\"EntryPoint\",\"urlTemplate\":\"https:\/\/omanivietnam.com\/?s={search_term_string}\"},\"query-input\":\"required name=search_term_string\"}],\"inLanguage\":\"vi\"},{\"@type\":[\"Person\",\"Organization\"],\"@id\":\"https:\/\/omanivietnam.com\/#\/schema\/person\/0ad398a980dc3fd696111c2c5c8fa897\",\"name\":\"Nguy\u1ec5n V\u0103n Kh\u00e1nh\",\"image\":{\"@type\":\"ImageObject\",\"inLanguage\":\"vi\",\"@id\":\"https:\/\/omanivietnam.com\/#\/schema\/person\/image\/\",\"url\":\"https:\/\/omanivietnam.com\/wp-content\/uploads\/2024\/06\/logo-1024x1024.png\",\"contentUrl\":\"https:\/\/omanivietnam.com\/wp-content\/uploads\/2024\/06\/logo-1024x1024.png\",\"width\":1024,\"height\":1024,\"caption\":\"Nguy\u1ec5n V\u0103n Kh\u00e1nh\"},\"logo\":{\"@id\":\"https:\/\/omanivietnam.com\/#\/schema\/person\/image\/\"},\"sameAs\":[\"https:\/\/omanivietnam.com\"]}]}<\/script>\n<!-- \/ Yoast SEO plugin. -->","yoast_head_json":{"title":"SMC VBAT10A1 - OMANI VI\u1ec6T NAM","robots":{"index":"index","follow":"follow","max-snippet":"max-snippet:-1","max-image-preview":"max-image-preview:large","max-video-preview":"max-video-preview:-1"},"canonical":"https:\/\/omanivietnam.com\/index.php\/san-pham\/smc-vbat10a1\/","og_locale":"vi_VN","og_type":"article","og_title":"SMC VBAT10A1 - OMANI VI\u1ec6T NAM","og_description":"SMC VBAT10A1 VBAT10A1-RV Air Tank VBAT Series (VBAT10A1-RV) Th\u00f4ng tin s\u1ea3n ph\u1ea9m: &#8211; T\u0103ng \u00e1p su\u1ea5t kh\u00ed c\u1ee7a nh\u00e0 m\u00e1y l\u00ean t\u1eeb 2 \u0111\u1ebfn 4 l\u1ea7n &#8211; V\u1eadn h\u00e0nh ch\u1ec9 d\u00f9ng kh\u00ed kh\u00f4ng c\u1ea7n ngu\u1ed3n \u0111i\u1ec7n, gi\u1ea3m ph\u00e1t sinh nhi\u1ec7t v\u00e0 d\u1ec5 d\u00e0ng l\u1eafp \u0111\u1eb7t &#8211; Ki\u1ec3u d\u00e1ng c\u1ea3i ti\u1ebfn&hellip;","og_url":"https:\/\/omanivietnam.com\/index.php\/san-pham\/smc-vbat10a1\/","og_site_name":"OMANI VI\u1ec6T NAM","article_modified_time":"2024-09-09T15:00:06+00:00","og_image":[{"width":693,"height":433,"url":"https:\/\/omanivietnam.com\/wp-content\/uploads\/2024\/09\/VBAT10A1.png","type":"image\/png"}],"twitter_card":"summary_large_image","twitter_misc":{"\u01af\u1edbc t\u00ednh th\u1eddi gian \u0111\u1ecdc":"2 ph\u00fat"},"schema":{"@context":"https:\/\/schema.org","@graph":[{"@type":"WebPage","@id":"https:\/\/omanivietnam.com\/index.php\/san-pham\/smc-vbat10a1\/","url":"https:\/\/omanivietnam.com\/index.php\/san-pham\/smc-vbat10a1\/","name":"SMC VBAT10A1 - OMANI VI\u1ec6T NAM","isPartOf":{"@id":"https:\/\/omanivietnam.com\/#website"},"primaryImageOfPage":{"@id":"https:\/\/omanivietnam.com\/index.php\/san-pham\/smc-vbat10a1\/#primaryimage"},"image":{"@id":"https:\/\/omanivietnam.com\/index.php\/san-pham\/smc-vbat10a1\/#primaryimage"},"thumbnailUrl":"https:\/\/omanivietnam.com\/wp-content\/uploads\/2024\/09\/VBAT10A1.png","datePublished":"2024-09-09T14:59:01+00:00","dateModified":"2024-09-09T15:00:06+00:00","breadcrumb":{"@id":"https:\/\/omanivietnam.com\/index.php\/san-pham\/smc-vbat10a1\/#breadcrumb"},"inLanguage":"vi","potentialAction":[{"@type":"ReadAction","target":["https:\/\/omanivietnam.com\/index.php\/san-pham\/smc-vbat10a1\/"]}]},{"@type":"ImageObject","inLanguage":"vi","@id":"https:\/\/omanivietnam.com\/index.php\/san-pham\/smc-vbat10a1\/#primaryimage","url":"https:\/\/omanivietnam.com\/wp-content\/uploads\/2024\/09\/VBAT10A1.png","contentUrl":"https:\/\/omanivietnam.com\/wp-content\/uploads\/2024\/09\/VBAT10A1.png","width":693,"height":433},{"@type":"BreadcrumbList","@id":"https:\/\/omanivietnam.com\/index.php\/san-pham\/smc-vbat10a1\/#breadcrumb","itemListElement":[{"@type":"ListItem","position":1,"name":"Home","item":"https:\/\/omanivietnam.com\/"},{"@type":"ListItem","position":2,"name":"S\u1ea2N PH\u1ea8M","item":"https:\/\/omanivietnam.com\/index.php\/cua-hang\/"},{"@type":"ListItem","position":3,"name":"SMC VBAT10A1"}]},{"@type":"WebSite","@id":"https:\/\/omanivietnam.com\/#website","url":"https:\/\/omanivietnam.com\/","name":"OMANI VI\u1ec6T NAM","description":"Nh\u00e0 ph\u00e2n ph\u1ed1i thi\u1ebft b\u1ecb kh\u00ed n\u00e9n v\u00e0 thi\u1ebft b\u1ecb t\u1ef1 \u0111\u1ed9ng h\u00f3a trong c\u00f4ng nghi\u1ec7p","publisher":{"@id":"https:\/\/omanivietnam.com\/#\/schema\/person\/0ad398a980dc3fd696111c2c5c8fa897"},"potentialAction":[{"@type":"SearchAction","target":{"@type":"EntryPoint","urlTemplate":"https:\/\/omanivietnam.com\/?s={search_term_string}"},"query-input":"required name=search_term_string"}],"inLanguage":"vi"},{"@type":["Person","Organization"],"@id":"https:\/\/omanivietnam.com\/#\/schema\/person\/0ad398a980dc3fd696111c2c5c8fa897","name":"Nguy\u1ec5n V\u0103n Kh\u00e1nh","image":{"@type":"ImageObject","inLanguage":"vi","@id":"https:\/\/omanivietnam.com\/#\/schema\/person\/image\/","url":"https:\/\/omanivietnam.com\/wp-content\/uploads\/2024\/06\/logo-1024x1024.png","contentUrl":"https:\/\/omanivietnam.com\/wp-content\/uploads\/2024\/06\/logo-1024x1024.png","width":1024,"height":1024,"caption":"Nguy\u1ec5n V\u0103n Kh\u00e1nh"},"logo":{"@id":"https:\/\/omanivietnam.com\/#\/schema\/person\/image\/"},"sameAs":["https:\/\/omanivietnam.com"]}]}},"_links":{"self":[{"href":"https:\/\/omanivietnam.com\/index.php\/wp-json\/wp\/v2\/product\/1682","targetHints":{"allow":["GET"]}}],"collection":[{"href":"https:\/\/omanivietnam.com\/index.php\/wp-json\/wp\/v2\/product"}],"about":[{"href":"https:\/\/omanivietnam.com\/index.php\/wp-json\/wp\/v2\/types\/product"}],"replies":[{"embeddable":true,"href":"https:\/\/omanivietnam.com\/index.php\/wp-json\/wp\/v2\/comments?post=1682"}],"wp:featuredmedia":[{"embeddable":true,"href":"https:\/\/omanivietnam.com\/index.php\/wp-json\/wp\/v2\/media\/1683"}],"wp:attachment":[{"href":"https:\/\/omanivietnam.com\/index.php\/wp-json\/wp\/v2\/media?parent=1682"}],"wp:term":[{"taxonomy":"product_cat","embeddable":true,"href":"https:\/\/omanivietnam.com\/index.php\/wp-json\/wp\/v2\/product_cat?post=1682"},{"taxonomy":"product_tag","embeddable":true,"href":"https:\/\/omanivietnam.com\/index.php\/wp-json\/wp\/v2\/product_tag?post=1682"}],"curies":[{"name":"wp","href":"https:\/\/api.w.org\/{rel}","templated":true}]}}