{"id":1688,"date":"2024-09-10T15:33:02","date_gmt":"2024-09-10T08:33:02","guid":{"rendered":"https:\/\/omanivietnam.com\/?post_type=product&#038;p=1688"},"modified":"2024-09-10T15:34:17","modified_gmt":"2024-09-10T08:34:17","slug":"convum-mc72s15lsvge4blg-mps-v23c-ng","status":"publish","type":"product","link":"https:\/\/omanivietnam.com\/index.php\/san-pham\/convum-mc72s15lsvge4blg-mps-v23c-ng\/","title":{"rendered":"CONVUM MC72S15LSVGE4BLG + MPS-V23C-NG"},"content":{"rendered":"<p>CONVUM MC72S15LSVGE4BLG + MPS-V23C-NG<\/p>\n<ol style=\"font-weight: 400\">\n<li>Pressure sensor\u00a0MPS-V23G-NGA<\/li>\n<li>Model: MPS-V23, MPS-P23, MPS-R23<\/li>\n<li>Nhi\u00ea\u0323t \u0111\u00f4\u0323 la\u0300m vi\u00ea\u0323c: 0 ~ 50\u00b0C<\/li>\n<li>\u0110\u00e2\u0300u ra: NPN, PNP<\/li>\n<li>Ngu\u00f4\u0300n \u0111i\u00ea\u0323n: DC12~24<\/li>\n<li>Ren k\u00ea\u0301t n\u00f4\u0301i: 1\/8 (female M5)<\/li>\n<\/ol>\n<p><img decoding=\"async\" src=\"https:\/\/drive.gianhangvn.com\/image\/vacuum-sensor-digital-display-convum-mps-23-5-2060732j31799.jpg\" \/><\/p>\n<p>&nbsp;<\/p>\n<p><img decoding=\"async\" src=\"https:\/\/drive.gianhangvn.com\/image\/vacuum-sensor-digital-display-convum-mps-23-4-2060730j31799.jpg\" \/><\/p>\n<p>&nbsp;<\/p>\n<p>C\u00e1c m\u00e3 h\u00e0ng t\u01b0\u01a1ng t\u1ef1<\/p>\n<p>MPS-V23R-NGA MPS-V23R-PGA MPS-V23N-NGA MPS-V23N-PGA MPS-V23G-NGA MPS-V23G-PGA MPS-V23C-NGA MPS-V23C-PGA MPS-P23R-NGA MPS-P23R-PGA MPS-P23N-NGA MPS-P23N-PGA MPS-P23G-NGA MPS-P23G-PGA MPS-P23C-NGA MPS-P23C-PGA MPS-R23R-NGA MPS-R23R-PGA MPS-R23N-NGA MPS-R23N-PGA MPS-R23G-NGA MPS-R23G-PGA MPS-R23C-NGA MPS-R23C-PGA MPS-V23C-NGA-MC22 MPS-V23C-NGA-MC7 MPS-V23C-NGA-MPV3 MPS-V23C-PGA-MC22 MPS-V23C-PGA-MC7 MPS-V23C-PGA-MPV3 MPS-R23C-NGA-MC22 MPS-R23C-NGA-MC7 MPS-R23C-NGA-MPV3 MPS-R23C-PGA-MC22 MPS-R23C-PGA-MC7 MPS-R23C-PGA-MPV3<\/p>\n<p>\u0110\u1ea1i l\u00fd CONVUM vietnam, CONVUM viet nam, CONVUM vietnam distributor, Ph\u00e2n ph\u1ed1i CONVUM t\u1ea1i vi\u1ec7t nam<\/p>\n<p>\u0110\u1ea1i l\u00fd CONVUM vietnam, CONVUM viet nam, CONVUM vietnam distributor, Ph\u00e2n ph\u1ed1i CONVUM t\u1ea1i vi\u1ec7t nam<\/p>\n<p>\u0110\u1ea1i l\u00fd CONVUM vietnam, CONVUM viet nam, CONVUM vietnam distributor, Ph\u00e2n ph\u1ed1i CONVUM t\u1ea1i vi\u1ec7t nam<\/p>\n<p>\u0110\u1ea1i l\u00fd CONVUM vietnam, CONVUM viet nam, CONVUM vietnam distributor, Ph\u00e2n ph\u1ed1i CONVUM t\u1ea1i vi\u1ec7t nam<\/p>\n<p>\u0110\u1ea1i l\u00fd CONVUM vietnam, CONVUM viet nam, CONVUM vietnam distributor, Ph\u00e2n ph\u1ed1i CONVUM t\u1ea1i vi\u1ec7t nam<\/p>\n","protected":false},"excerpt":{"rendered":"<p>CONVUM MC72S15LSVGE4BLG + MPS-V23C-NG Pressure sensor\u00a0MPS-V23G-NGA Model: MPS-V23, MPS-P23, MPS-R23 Nhi\u00ea\u0323t \u0111\u00f4\u0323 la\u0300m vi\u00ea\u0323c: 0 ~ 50\u00b0C \u0110\u00e2\u0300u ra: NPN, PNP Ngu\u00f4\u0300n \u0111i\u00ea\u0323n: DC12~24 Ren k\u00ea\u0301t n\u00f4\u0301i: 1\/8 (female M5) &nbsp; &nbsp; C\u00e1c m\u00e3 h\u00e0ng t\u01b0\u01a1ng t\u1ef1 MPS-V23R-NGA MPS-V23R-PGA MPS-V23N-NGA MPS-V23N-PGA MPS-V23G-NGA MPS-V23G-PGA MPS-V23C-NGA MPS-V23C-PGA MPS-P23R-NGA MPS-P23R-PGA MPS-P23N-NGA MPS-P23N-PGA MPS-P23G-NGA&hellip; <\/p>\n","protected":false},"featured_media":1689,"comment_status":"open","ping_status":"closed","template":"","meta":[],"product_cat":[335],"product_tag":[258,259,124],"class_list":{"0":"post-1688","1":"product","2":"type-product","3":"status-publish","4":"has-post-thumbnail","6":"product_cat-convum","7":"product_tag-convum-viet-nam","8":"product_tag-dai-ly-convum-viet-nam","9":"product_tag-giac-hut","11":"first","12":"instock","13":"shipping-taxable","14":"product-type-simple"},"yoast_head":"<!-- This site is optimized with the Yoast SEO plugin v22.8 - https:\/\/yoast.com\/wordpress\/plugins\/seo\/ -->\n<title>CONVUM MC72S15LSVGE4BLG + MPS-V23C-NG - OMANI VI\u1ec6T NAM<\/title>\n<meta name=\"robots\" content=\"index, follow, max-snippet:-1, max-image-preview:large, max-video-preview:-1\" \/>\n<link rel=\"canonical\" href=\"https:\/\/omanivietnam.com\/index.php\/san-pham\/convum-mc72s15lsvge4blg-mps-v23c-ng\/\" \/>\n<meta property=\"og:locale\" content=\"vi_VN\" \/>\n<meta property=\"og:type\" content=\"article\" \/>\n<meta property=\"og:title\" content=\"CONVUM MC72S15LSVGE4BLG + MPS-V23C-NG - OMANI VI\u1ec6T NAM\" \/>\n<meta property=\"og:description\" content=\"CONVUM MC72S15LSVGE4BLG + MPS-V23C-NG Pressure sensor\u00a0MPS-V23G-NGA Model: MPS-V23, MPS-P23, MPS-R23 Nhi\u00ea\u0323t \u0111\u00f4\u0323 la\u0300m vi\u00ea\u0323c: 0 ~ 50\u00b0C \u0110\u00e2\u0300u ra: NPN, PNP Ngu\u00f4\u0300n \u0111i\u00ea\u0323n: DC12~24 Ren k\u00ea\u0301t n\u00f4\u0301i: 1\/8 (female M5) &nbsp; &nbsp; C\u00e1c m\u00e3 h\u00e0ng t\u01b0\u01a1ng t\u1ef1 MPS-V23R-NGA MPS-V23R-PGA MPS-V23N-NGA MPS-V23N-PGA MPS-V23G-NGA MPS-V23G-PGA MPS-V23C-NGA MPS-V23C-PGA MPS-P23R-NGA MPS-P23R-PGA MPS-P23N-NGA MPS-P23N-PGA MPS-P23G-NGA&hellip;\" \/>\n<meta property=\"og:url\" content=\"https:\/\/omanivietnam.com\/index.php\/san-pham\/convum-mc72s15lsvge4blg-mps-v23c-ng\/\" \/>\n<meta property=\"og:site_name\" content=\"OMANI VI\u1ec6T NAM\" \/>\n<meta property=\"article:modified_time\" content=\"2024-09-10T08:34:17+00:00\" \/>\n<meta property=\"og:image\" content=\"https:\/\/omanivietnam.com\/wp-content\/uploads\/2024\/09\/Convum.png\" \/>\n\t<meta property=\"og:image:width\" content=\"897\" \/>\n\t<meta property=\"og:image:height\" content=\"761\" \/>\n\t<meta property=\"og:image:type\" content=\"image\/png\" \/>\n<meta name=\"twitter:card\" content=\"summary_large_image\" \/>\n<meta name=\"twitter:label1\" content=\"\u01af\u1edbc t\u00ednh th\u1eddi gian \u0111\u1ecdc\" \/>\n\t<meta name=\"twitter:data1\" content=\"2 ph\u00fat\" \/>\n<script type=\"application\/ld+json\" class=\"yoast-schema-graph\">{\"@context\":\"https:\/\/schema.org\",\"@graph\":[{\"@type\":\"WebPage\",\"@id\":\"https:\/\/omanivietnam.com\/index.php\/san-pham\/convum-mc72s15lsvge4blg-mps-v23c-ng\/\",\"url\":\"https:\/\/omanivietnam.com\/index.php\/san-pham\/convum-mc72s15lsvge4blg-mps-v23c-ng\/\",\"name\":\"CONVUM MC72S15LSVGE4BLG + MPS-V23C-NG - OMANI VI\u1ec6T NAM\",\"isPartOf\":{\"@id\":\"https:\/\/omanivietnam.com\/#website\"},\"primaryImageOfPage\":{\"@id\":\"https:\/\/omanivietnam.com\/index.php\/san-pham\/convum-mc72s15lsvge4blg-mps-v23c-ng\/#primaryimage\"},\"image\":{\"@id\":\"https:\/\/omanivietnam.com\/index.php\/san-pham\/convum-mc72s15lsvge4blg-mps-v23c-ng\/#primaryimage\"},\"thumbnailUrl\":\"https:\/\/omanivietnam.com\/wp-content\/uploads\/2024\/09\/Convum.png\",\"datePublished\":\"2024-09-10T08:33:02+00:00\",\"dateModified\":\"2024-09-10T08:34:17+00:00\",\"breadcrumb\":{\"@id\":\"https:\/\/omanivietnam.com\/index.php\/san-pham\/convum-mc72s15lsvge4blg-mps-v23c-ng\/#breadcrumb\"},\"inLanguage\":\"vi\",\"potentialAction\":[{\"@type\":\"ReadAction\",\"target\":[\"https:\/\/omanivietnam.com\/index.php\/san-pham\/convum-mc72s15lsvge4blg-mps-v23c-ng\/\"]}]},{\"@type\":\"ImageObject\",\"inLanguage\":\"vi\",\"@id\":\"https:\/\/omanivietnam.com\/index.php\/san-pham\/convum-mc72s15lsvge4blg-mps-v23c-ng\/#primaryimage\",\"url\":\"https:\/\/omanivietnam.com\/wp-content\/uploads\/2024\/09\/Convum.png\",\"contentUrl\":\"https:\/\/omanivietnam.com\/wp-content\/uploads\/2024\/09\/Convum.png\",\"width\":897,\"height\":761},{\"@type\":\"BreadcrumbList\",\"@id\":\"https:\/\/omanivietnam.com\/index.php\/san-pham\/convum-mc72s15lsvge4blg-mps-v23c-ng\/#breadcrumb\",\"itemListElement\":[{\"@type\":\"ListItem\",\"position\":1,\"name\":\"Home\",\"item\":\"https:\/\/omanivietnam.com\/\"},{\"@type\":\"ListItem\",\"position\":2,\"name\":\"S\u1ea2N PH\u1ea8M\",\"item\":\"https:\/\/omanivietnam.com\/index.php\/cua-hang\/\"},{\"@type\":\"ListItem\",\"position\":3,\"name\":\"CONVUM MC72S15LSVGE4BLG + MPS-V23C-NG\"}]},{\"@type\":\"WebSite\",\"@id\":\"https:\/\/omanivietnam.com\/#website\",\"url\":\"https:\/\/omanivietnam.com\/\",\"name\":\"OMANI VI\u1ec6T NAM\",\"description\":\"Nh\u00e0 ph\u00e2n ph\u1ed1i thi\u1ebft b\u1ecb kh\u00ed n\u00e9n v\u00e0 thi\u1ebft b\u1ecb t\u1ef1 \u0111\u1ed9ng h\u00f3a trong c\u00f4ng nghi\u1ec7p\",\"publisher\":{\"@id\":\"https:\/\/omanivietnam.com\/#\/schema\/person\/0ad398a980dc3fd696111c2c5c8fa897\"},\"potentialAction\":[{\"@type\":\"SearchAction\",\"target\":{\"@type\":\"EntryPoint\",\"urlTemplate\":\"https:\/\/omanivietnam.com\/?s={search_term_string}\"},\"query-input\":\"required name=search_term_string\"}],\"inLanguage\":\"vi\"},{\"@type\":[\"Person\",\"Organization\"],\"@id\":\"https:\/\/omanivietnam.com\/#\/schema\/person\/0ad398a980dc3fd696111c2c5c8fa897\",\"name\":\"Nguy\u1ec5n V\u0103n Kh\u00e1nh\",\"image\":{\"@type\":\"ImageObject\",\"inLanguage\":\"vi\",\"@id\":\"https:\/\/omanivietnam.com\/#\/schema\/person\/image\/\",\"url\":\"https:\/\/omanivietnam.com\/wp-content\/uploads\/2024\/06\/logo-1024x1024.png\",\"contentUrl\":\"https:\/\/omanivietnam.com\/wp-content\/uploads\/2024\/06\/logo-1024x1024.png\",\"width\":1024,\"height\":1024,\"caption\":\"Nguy\u1ec5n V\u0103n Kh\u00e1nh\"},\"logo\":{\"@id\":\"https:\/\/omanivietnam.com\/#\/schema\/person\/image\/\"},\"sameAs\":[\"https:\/\/omanivietnam.com\"]}]}<\/script>\n<!-- \/ Yoast SEO plugin. -->","yoast_head_json":{"title":"CONVUM MC72S15LSVGE4BLG + MPS-V23C-NG - OMANI VI\u1ec6T NAM","robots":{"index":"index","follow":"follow","max-snippet":"max-snippet:-1","max-image-preview":"max-image-preview:large","max-video-preview":"max-video-preview:-1"},"canonical":"https:\/\/omanivietnam.com\/index.php\/san-pham\/convum-mc72s15lsvge4blg-mps-v23c-ng\/","og_locale":"vi_VN","og_type":"article","og_title":"CONVUM MC72S15LSVGE4BLG + MPS-V23C-NG - OMANI VI\u1ec6T NAM","og_description":"CONVUM MC72S15LSVGE4BLG + MPS-V23C-NG Pressure sensor\u00a0MPS-V23G-NGA Model: MPS-V23, MPS-P23, MPS-R23 Nhi\u00ea\u0323t \u0111\u00f4\u0323 la\u0300m vi\u00ea\u0323c: 0 ~ 50\u00b0C \u0110\u00e2\u0300u ra: NPN, PNP Ngu\u00f4\u0300n \u0111i\u00ea\u0323n: DC12~24 Ren k\u00ea\u0301t n\u00f4\u0301i: 1\/8 (female M5) &nbsp; &nbsp; C\u00e1c m\u00e3 h\u00e0ng t\u01b0\u01a1ng t\u1ef1 MPS-V23R-NGA MPS-V23R-PGA MPS-V23N-NGA MPS-V23N-PGA MPS-V23G-NGA MPS-V23G-PGA MPS-V23C-NGA MPS-V23C-PGA MPS-P23R-NGA MPS-P23R-PGA MPS-P23N-NGA MPS-P23N-PGA MPS-P23G-NGA&hellip;","og_url":"https:\/\/omanivietnam.com\/index.php\/san-pham\/convum-mc72s15lsvge4blg-mps-v23c-ng\/","og_site_name":"OMANI VI\u1ec6T NAM","article_modified_time":"2024-09-10T08:34:17+00:00","og_image":[{"width":897,"height":761,"url":"https:\/\/omanivietnam.com\/wp-content\/uploads\/2024\/09\/Convum.png","type":"image\/png"}],"twitter_card":"summary_large_image","twitter_misc":{"\u01af\u1edbc t\u00ednh th\u1eddi gian \u0111\u1ecdc":"2 ph\u00fat"},"schema":{"@context":"https:\/\/schema.org","@graph":[{"@type":"WebPage","@id":"https:\/\/omanivietnam.com\/index.php\/san-pham\/convum-mc72s15lsvge4blg-mps-v23c-ng\/","url":"https:\/\/omanivietnam.com\/index.php\/san-pham\/convum-mc72s15lsvge4blg-mps-v23c-ng\/","name":"CONVUM MC72S15LSVGE4BLG + MPS-V23C-NG - OMANI VI\u1ec6T NAM","isPartOf":{"@id":"https:\/\/omanivietnam.com\/#website"},"primaryImageOfPage":{"@id":"https:\/\/omanivietnam.com\/index.php\/san-pham\/convum-mc72s15lsvge4blg-mps-v23c-ng\/#primaryimage"},"image":{"@id":"https:\/\/omanivietnam.com\/index.php\/san-pham\/convum-mc72s15lsvge4blg-mps-v23c-ng\/#primaryimage"},"thumbnailUrl":"https:\/\/omanivietnam.com\/wp-content\/uploads\/2024\/09\/Convum.png","datePublished":"2024-09-10T08:33:02+00:00","dateModified":"2024-09-10T08:34:17+00:00","breadcrumb":{"@id":"https:\/\/omanivietnam.com\/index.php\/san-pham\/convum-mc72s15lsvge4blg-mps-v23c-ng\/#breadcrumb"},"inLanguage":"vi","potentialAction":[{"@type":"ReadAction","target":["https:\/\/omanivietnam.com\/index.php\/san-pham\/convum-mc72s15lsvge4blg-mps-v23c-ng\/"]}]},{"@type":"ImageObject","inLanguage":"vi","@id":"https:\/\/omanivietnam.com\/index.php\/san-pham\/convum-mc72s15lsvge4blg-mps-v23c-ng\/#primaryimage","url":"https:\/\/omanivietnam.com\/wp-content\/uploads\/2024\/09\/Convum.png","contentUrl":"https:\/\/omanivietnam.com\/wp-content\/uploads\/2024\/09\/Convum.png","width":897,"height":761},{"@type":"BreadcrumbList","@id":"https:\/\/omanivietnam.com\/index.php\/san-pham\/convum-mc72s15lsvge4blg-mps-v23c-ng\/#breadcrumb","itemListElement":[{"@type":"ListItem","position":1,"name":"Home","item":"https:\/\/omanivietnam.com\/"},{"@type":"ListItem","position":2,"name":"S\u1ea2N PH\u1ea8M","item":"https:\/\/omanivietnam.com\/index.php\/cua-hang\/"},{"@type":"ListItem","position":3,"name":"CONVUM MC72S15LSVGE4BLG + MPS-V23C-NG"}]},{"@type":"WebSite","@id":"https:\/\/omanivietnam.com\/#website","url":"https:\/\/omanivietnam.com\/","name":"OMANI VI\u1ec6T NAM","description":"Nh\u00e0 ph\u00e2n ph\u1ed1i thi\u1ebft b\u1ecb kh\u00ed n\u00e9n v\u00e0 thi\u1ebft b\u1ecb t\u1ef1 \u0111\u1ed9ng h\u00f3a trong c\u00f4ng nghi\u1ec7p","publisher":{"@id":"https:\/\/omanivietnam.com\/#\/schema\/person\/0ad398a980dc3fd696111c2c5c8fa897"},"potentialAction":[{"@type":"SearchAction","target":{"@type":"EntryPoint","urlTemplate":"https:\/\/omanivietnam.com\/?s={search_term_string}"},"query-input":"required name=search_term_string"}],"inLanguage":"vi"},{"@type":["Person","Organization"],"@id":"https:\/\/omanivietnam.com\/#\/schema\/person\/0ad398a980dc3fd696111c2c5c8fa897","name":"Nguy\u1ec5n V\u0103n Kh\u00e1nh","image":{"@type":"ImageObject","inLanguage":"vi","@id":"https:\/\/omanivietnam.com\/#\/schema\/person\/image\/","url":"https:\/\/omanivietnam.com\/wp-content\/uploads\/2024\/06\/logo-1024x1024.png","contentUrl":"https:\/\/omanivietnam.com\/wp-content\/uploads\/2024\/06\/logo-1024x1024.png","width":1024,"height":1024,"caption":"Nguy\u1ec5n V\u0103n Kh\u00e1nh"},"logo":{"@id":"https:\/\/omanivietnam.com\/#\/schema\/person\/image\/"},"sameAs":["https:\/\/omanivietnam.com"]}]}},"_links":{"self":[{"href":"https:\/\/omanivietnam.com\/index.php\/wp-json\/wp\/v2\/product\/1688","targetHints":{"allow":["GET"]}}],"collection":[{"href":"https:\/\/omanivietnam.com\/index.php\/wp-json\/wp\/v2\/product"}],"about":[{"href":"https:\/\/omanivietnam.com\/index.php\/wp-json\/wp\/v2\/types\/product"}],"replies":[{"embeddable":true,"href":"https:\/\/omanivietnam.com\/index.php\/wp-json\/wp\/v2\/comments?post=1688"}],"wp:featuredmedia":[{"embeddable":true,"href":"https:\/\/omanivietnam.com\/index.php\/wp-json\/wp\/v2\/media\/1689"}],"wp:attachment":[{"href":"https:\/\/omanivietnam.com\/index.php\/wp-json\/wp\/v2\/media?parent=1688"}],"wp:term":[{"taxonomy":"product_cat","embeddable":true,"href":"https:\/\/omanivietnam.com\/index.php\/wp-json\/wp\/v2\/product_cat?post=1688"},{"taxonomy":"product_tag","embeddable":true,"href":"https:\/\/omanivietnam.com\/index.php\/wp-json\/wp\/v2\/product_tag?post=1688"}],"curies":[{"name":"wp","href":"https:\/\/api.w.org\/{rel}","templated":true}]}}