{"id":1753,"date":"2024-09-15T15:11:17","date_gmt":"2024-09-15T08:11:17","guid":{"rendered":"https:\/\/omanivietnam.com\/?post_type=product&#038;p=1753"},"modified":"2024-09-15T15:13:13","modified_gmt":"2024-09-15T08:13:13","slug":"fuji-sc-n6","status":"publish","type":"product","link":"https:\/\/omanivietnam.com\/index.php\/san-pham\/fuji-sc-n6\/","title":{"rendered":"FUJI SC-N6"},"content":{"rendered":"<p>FUJI SC-N6<\/p>\n<p><strong>T\u1ed5ng quan kh\u1edfi \u0111\u1ed9ng t\u1eeb<\/strong><\/p>\n<p>Kh\u1edfi \u0111\u1ed9ng t\u1eeb (Contactor)\u00a0<strong>Fuji SC-N6 AC220V<\/strong>\u00a0l\u00e0 s\u1ea3n ph\u1ea9m thu\u1ed9c d\u00f2ng SC c\u1ee7a h\u00e3ng Fuji \u2013 Nh\u1eadt B\u1ea3n \u0111\u01b0\u01a1\u0323c bi\u00ea\u0301t \u0111\u00ea\u0301n nh\u01b0 do\u0300ng contactor ch\u00e2\u0301t l\u01b0\u01a1\u0323ng b\u00e2\u0323c nh\u00e2\u0301t th\u00ea\u0301 gi\u01a1\u0301i. N\u00f3 cung c\u1ea5p kh\u1ea3 n\u0103ng \u0111\u00f3ng\/ng\u1eaft cho m\u1ea1ch \u0111i\u1ec7n AC\/DC v\u1edbi kh\u1ea3 n\u0103ng \u0111\u00f3ng\/ ng\u1eaft \u0111\u1ebfn 2.000.000 l\u1ea7n. So v\u1edbi c\u00e1c s\u1ea3n ph\u1ea9m kh\u00e1c, SC-06 c\u00f3 hi\u1ec7u qu\u1ea3 \u0111\u00f3ng c\u1eaft nhanh ch\u00f3ng nh\u1edd si\u00eau nam ch\u00e2m g\u1eafn IC<\/p>\n<ul>\n<li>D\u1ec5 d\u00e0ng v\u1eadn h\u00e0nh v\u00e0 l\u1eafp \u0111\u1eb7t<\/li>\n<li>Ph\u1ea1m vi ho\u1ea1t \u0111\u1ed9ng \u0111i\u1ec7n \u00e1p r\u1ed9ng<\/li>\n<li>C\u00f3 hi\u1ec7u qu\u1ea3 \u0111\u00f3ng c\u1eaft nhanh ch\u00f3ng<\/li>\n<li>\u0110\u1ea1t c\u00e1c ti\u00eau chu\u1ea9n qu\u1ed1c t\u1ebf: IEC, EN, VDE, BS, UL, CSA<\/li>\n<li>Kh\u00f4ng g\u00e2y s\u1ee5t \u00e1p v\u00e0 gi\u1ea3m ti\u1ebfng \u1ed3n \u0111\u00e1ng k\u1ec3<\/li>\n<li>Tu\u1ed5i th\u1ecd cao<\/li>\n<\/ul>\n<p><b>Th\u00f4ng tin chi ti\u1ebft Fuji SC-N6 AC220V<\/b><\/p>\n<ul>\n<li>H\u00e3ng: Fuji Electric<\/li>\n<li>M\u00e3 h\u00e0ng: SC-N6 AC220V<\/li>\n<li>\u0110i\u1ec7n \u00e1p \u0111i\u1ec1u khi\u1ec3n: 220V<\/li>\n<li>C\u00f4ng su\u1ea5t (KW): 60<\/li>\n<li>D\u00f2ng \u0111\u1ecbnh m\u1ee9c (A): 125<\/li>\n<li>Ti\u1ebfp \u0111i\u1ec3m ph\u1ee5 \u0111i k\u00e8m: 2 NO + 2 NC<\/li>\n<li>K\u00edch th\u01b0\u1edbc (W x H x D): 100 mm x 144 mm x 138 mm<\/li>\n<\/ul>\n<p><span style=\"font-size: x-large\">SC-N6 &#8211; Contactor Fuji &#8211; Kh\u1edfi \u0111\u1ed9ng t\u1eeb Fuji 3P 125A 2NO+2NC 220VAC\/DC<\/span><\/p>\n<table border=\"1\" width=\"380\" cellspacing=\"1\" cellpadding=\"1\">\n<tbody>\n<tr>\n<td width=\"180\"><strong>\u00a0M\u00e3 s\u1ea3n ph\u1ea9m:<\/strong><\/td>\n<td width=\"200\"><strong>\u00a0SC-N6<\/strong><\/td>\n<\/tr>\n<tr>\n<td>\u00a0S\u1ed1 c\u1ef1c:<\/td>\n<td><strong>\u00a03<\/strong><\/td>\n<\/tr>\n<tr>\n<td>\u00a0<strong>D\u00f2ng \u0111\u1ecbnh m\u1ee9c:<\/strong><\/td>\n<td>\u00a0<strong>125A<\/strong><\/td>\n<\/tr>\n<tr>\n<td>\u00a0C\u00f4ng su\u1ea5t:<\/td>\n<td>\u00a060kW<\/td>\n<\/tr>\n<tr>\n<td>\u00a0Ti\u1ebfp \u0111i\u1ec3m ph\u1ee5:<\/td>\n<td>\u00a02NO + 2NC<\/td>\n<\/tr>\n<tr>\n<td>\u00a0<strong>Cu\u1ed9n h\u00fat:<\/strong><\/td>\n<td>\u00a0<strong>220VAC \/ 24VDC<\/strong><\/td>\n<\/tr>\n<tr>\n<td>\u00a0K\u00edch th\u01b0\u1edbc:<\/td>\n<td><\/td>\n<\/tr>\n<tr>\n<td>\u00a0\u0110i\u1ec7n \u00e1p ho\u1ea1t \u0111\u1ed9ng:<\/td>\n<td>\u00a0690VAC<\/td>\n<\/tr>\n<tr>\n<td>\u00a0\u0110i\u1ec7n \u00e1p th\u1eed nghi\u1ec7m xung (Uimp):<\/td>\n<td><\/td>\n<\/tr>\n<tr>\n<td>\u00a0\u0110\u1ed9 b\u1ec1n c\u01a1 h\u1ecdc:<\/td>\n<td>\u00a02 tri\u1ec7u l\u1ea7n \u0111\u00f3ng c\u1eaft<\/td>\n<\/tr>\n<tr>\n<td>\u00a0Ti\u00eau chu\u1ea9n:<\/td>\n<td><span style=\"font-family: Arial\">\u00a0CCC, CE, CSA, EN, IEC, JIS, UL<\/span><\/td>\n<\/tr>\n<tr>\n<td>\u00a0T\u01b0\u01a1ng th\u00edch r\u01a1 le nhi\u1ec7t:<\/td>\n<td>\u00a0TR-N6<\/td>\n<\/tr>\n<tr>\n<td>\u00a0Xu\u1ea5t x\u1ee9:<\/td>\n<td>\u00a0Fuji Nh\u1eadt B\u1ea3n<\/td>\n<\/tr>\n<\/tbody>\n<\/table>\n<table class=\"woocommerce-product-attributes shop_attributes\">\n<tbody>\n<tr>\n<td>Model<\/td>\n<td>SC-N6<\/td>\n<\/tr>\n<tr>\n<td>D\u00f2ng \u0111i\u1ec7n (Ie)<\/td>\n<td>125A<\/td>\n<\/tr>\n<tr>\n<td>S\u1ed1 c\u1ef1c<\/td>\n<td>3P<\/td>\n<\/tr>\n<tr>\n<td>Ti\u1ebfp \u0111i\u1ec3m ch\u00ednh<\/td>\n<td>3NO<\/td>\n<\/tr>\n<tr>\n<td>Cu\u1ed9n d\u00e2y (\u0110i\u1ec7n \u00e1p \u0111i\u1ec1u khi\u1ec3n)<\/td>\n<td>200\u2026250VAC, 200\u2026240VDC<\/td>\n<\/tr>\n<tr>\n<td>Ti\u1ebfp \u0111i\u1ec3m ph\u1ee5<\/td>\n<td>2NO+2NC<\/td>\n<\/tr>\n<tr>\n<td>C\u00f4ng su\u1ea5t \u0111\u1ed9ng c\u01a1<\/td>\n<td>60kW at 380VAC<\/td>\n<\/tr>\n<tr>\n<td>T\u1ea7n s\u1ed1<\/td>\n<td>50Hz, 60Hz<\/td>\n<\/tr>\n<tr>\n<td>L\u1eafp \u0111\u1eb7t<\/td>\n<td>G\u1eafn thanh ray<\/td>\n<\/tr>\n<tr>\n<td>Kh\u1ed1i l\u01b0\u1ee3ng t\u01b0\u01a1ng \u0111\u1ed1i<\/td>\n<td>2.4kg<\/td>\n<\/tr>\n<tr>\n<td>K\u00edch th\u01b0\u1edbc(WxHxD)<\/td>\n<td>100mm x 144mm x 138mm<\/td>\n<\/tr>\n<tr>\n<td>Ti\u00eau chu\u1ea9n<\/td>\n<td>CCC, CE, CSA, EN, IEC, JIS, UL<\/td>\n<\/tr>\n<\/tbody>\n<\/table>\n<p>&nbsp;<\/p>\n<p><img decoding=\"async\" src=\"https:\/\/dtech.vn\/upload\/kich-thuoc-SC-N6-Contactor-Fuji-3P-125A-2NO-2NC-220VAC-DC.png\" alt=\"K\u00edch th\u01b0\u1edbc Contactor Fuji SC-N6\" \/><\/p>\n<p>\u0110\u1ea1i l\u00fd FUJI vietnam,FUJI viet nam, FUJI vietnam distributor, Ph\u00e2n ph\u1ed1i FUJI t\u1ea1i vi\u1ec7t nam<\/p>\n<p>\u0110\u1ea1i l\u00fd FUJI vietnam,FUJI viet nam, FUJI vietnam distributor, Ph\u00e2n ph\u1ed1i FUJI t\u1ea1i vi\u1ec7t nam<\/p>\n<p>\u0110\u1ea1i l\u00fd FUJI vietnam,FUJI viet nam, FUJI vietnam distributor, Ph\u00e2n ph\u1ed1i FUJI t\u1ea1i vi\u1ec7t nam<\/p>\n<p>\u0110\u1ea1i l\u00fd FUJI vietnam,FUJI viet nam, FUJI vietnam distributor, Ph\u00e2n ph\u1ed1i FUJI t\u1ea1i vi\u1ec7t nam<\/p>\n<p>\u0110\u1ea1i l\u00fd FUJI vietnam,FUJI viet nam, FUJI vietnam distributor, Ph\u00e2n ph\u1ed1i FUJI t\u1ea1i vi\u1ec7t nam<\/p>\n","protected":false},"excerpt":{"rendered":"<p>FUJI SC-N6 T\u1ed5ng quan kh\u1edfi \u0111\u1ed9ng t\u1eeb Kh\u1edfi \u0111\u1ed9ng t\u1eeb (Contactor)\u00a0Fuji SC-N6 AC220V\u00a0l\u00e0 s\u1ea3n ph\u1ea9m thu\u1ed9c d\u00f2ng SC c\u1ee7a h\u00e3ng Fuji \u2013 Nh\u1eadt B\u1ea3n \u0111\u01b0\u01a1\u0323c bi\u00ea\u0301t \u0111\u00ea\u0301n nh\u01b0 do\u0300ng contactor ch\u00e2\u0301t l\u01b0\u01a1\u0323ng b\u00e2\u0323c nh\u00e2\u0301t th\u00ea\u0301 gi\u01a1\u0301i. N\u00f3 cung c\u1ea5p kh\u1ea3 n\u0103ng \u0111\u00f3ng\/ng\u1eaft cho m\u1ea1ch \u0111i\u1ec7n AC\/DC v\u1edbi kh\u1ea3 n\u0103ng \u0111\u00f3ng\/&hellip; <\/p>\n","protected":false},"featured_media":1754,"comment_status":"open","ping_status":"closed","template":"","meta":[],"product_cat":[457],"product_tag":[459,458,456],"class_list":{"0":"post-1753","1":"product","2":"type-product","3":"status-publish","4":"has-post-thumbnail","6":"product_cat-fuji","7":"product_tag-dai-ly-fuji-viet-nam","8":"product_tag-fuji-viet-nam","9":"product_tag-khoi-dong-tu","11":"first","12":"instock","13":"shipping-taxable","14":"product-type-simple"},"yoast_head":"<!-- This site is optimized with the Yoast SEO plugin v22.8 - https:\/\/yoast.com\/wordpress\/plugins\/seo\/ -->\n<title>FUJI SC-N6 - OMANI VI\u1ec6T NAM<\/title>\n<meta name=\"robots\" content=\"index, follow, max-snippet:-1, max-image-preview:large, max-video-preview:-1\" \/>\n<link rel=\"canonical\" href=\"https:\/\/omanivietnam.com\/index.php\/san-pham\/fuji-sc-n6\/\" \/>\n<meta property=\"og:locale\" content=\"vi_VN\" \/>\n<meta property=\"og:type\" content=\"article\" \/>\n<meta property=\"og:title\" content=\"FUJI SC-N6 - OMANI VI\u1ec6T NAM\" \/>\n<meta property=\"og:description\" content=\"FUJI SC-N6 T\u1ed5ng quan kh\u1edfi \u0111\u1ed9ng t\u1eeb Kh\u1edfi \u0111\u1ed9ng t\u1eeb (Contactor)\u00a0Fuji SC-N6 AC220V\u00a0l\u00e0 s\u1ea3n ph\u1ea9m thu\u1ed9c d\u00f2ng SC c\u1ee7a h\u00e3ng Fuji \u2013 Nh\u1eadt B\u1ea3n \u0111\u01b0\u01a1\u0323c bi\u00ea\u0301t \u0111\u00ea\u0301n nh\u01b0 do\u0300ng contactor ch\u00e2\u0301t l\u01b0\u01a1\u0323ng b\u00e2\u0323c nh\u00e2\u0301t th\u00ea\u0301 gi\u01a1\u0301i. N\u00f3 cung c\u1ea5p kh\u1ea3 n\u0103ng \u0111\u00f3ng\/ng\u1eaft cho m\u1ea1ch \u0111i\u1ec7n AC\/DC v\u1edbi kh\u1ea3 n\u0103ng \u0111\u00f3ng\/&hellip;\" \/>\n<meta property=\"og:url\" content=\"https:\/\/omanivietnam.com\/index.php\/san-pham\/fuji-sc-n6\/\" \/>\n<meta property=\"og:site_name\" content=\"OMANI VI\u1ec6T NAM\" \/>\n<meta property=\"article:modified_time\" content=\"2024-09-15T08:13:13+00:00\" \/>\n<meta property=\"og:image\" content=\"https:\/\/omanivietnam.com\/wp-content\/uploads\/2024\/09\/SC-N6.png\" \/>\n\t<meta property=\"og:image:width\" content=\"386\" \/>\n\t<meta property=\"og:image:height\" content=\"524\" \/>\n\t<meta property=\"og:image:type\" content=\"image\/png\" \/>\n<meta name=\"twitter:card\" content=\"summary_large_image\" \/>\n<meta name=\"twitter:label1\" content=\"\u01af\u1edbc t\u00ednh th\u1eddi gian \u0111\u1ecdc\" \/>\n\t<meta name=\"twitter:data1\" content=\"3 ph\u00fat\" \/>\n<script type=\"application\/ld+json\" class=\"yoast-schema-graph\">{\"@context\":\"https:\/\/schema.org\",\"@graph\":[{\"@type\":\"WebPage\",\"@id\":\"https:\/\/omanivietnam.com\/index.php\/san-pham\/fuji-sc-n6\/\",\"url\":\"https:\/\/omanivietnam.com\/index.php\/san-pham\/fuji-sc-n6\/\",\"name\":\"FUJI SC-N6 - OMANI VI\u1ec6T NAM\",\"isPartOf\":{\"@id\":\"https:\/\/omanivietnam.com\/#website\"},\"primaryImageOfPage\":{\"@id\":\"https:\/\/omanivietnam.com\/index.php\/san-pham\/fuji-sc-n6\/#primaryimage\"},\"image\":{\"@id\":\"https:\/\/omanivietnam.com\/index.php\/san-pham\/fuji-sc-n6\/#primaryimage\"},\"thumbnailUrl\":\"https:\/\/omanivietnam.com\/wp-content\/uploads\/2024\/09\/SC-N6.png\",\"datePublished\":\"2024-09-15T08:11:17+00:00\",\"dateModified\":\"2024-09-15T08:13:13+00:00\",\"breadcrumb\":{\"@id\":\"https:\/\/omanivietnam.com\/index.php\/san-pham\/fuji-sc-n6\/#breadcrumb\"},\"inLanguage\":\"vi\",\"potentialAction\":[{\"@type\":\"ReadAction\",\"target\":[\"https:\/\/omanivietnam.com\/index.php\/san-pham\/fuji-sc-n6\/\"]}]},{\"@type\":\"ImageObject\",\"inLanguage\":\"vi\",\"@id\":\"https:\/\/omanivietnam.com\/index.php\/san-pham\/fuji-sc-n6\/#primaryimage\",\"url\":\"https:\/\/omanivietnam.com\/wp-content\/uploads\/2024\/09\/SC-N6.png\",\"contentUrl\":\"https:\/\/omanivietnam.com\/wp-content\/uploads\/2024\/09\/SC-N6.png\",\"width\":386,\"height\":524},{\"@type\":\"BreadcrumbList\",\"@id\":\"https:\/\/omanivietnam.com\/index.php\/san-pham\/fuji-sc-n6\/#breadcrumb\",\"itemListElement\":[{\"@type\":\"ListItem\",\"position\":1,\"name\":\"Home\",\"item\":\"https:\/\/omanivietnam.com\/\"},{\"@type\":\"ListItem\",\"position\":2,\"name\":\"S\u1ea2N PH\u1ea8M\",\"item\":\"https:\/\/omanivietnam.com\/index.php\/cua-hang\/\"},{\"@type\":\"ListItem\",\"position\":3,\"name\":\"FUJI SC-N6\"}]},{\"@type\":\"WebSite\",\"@id\":\"https:\/\/omanivietnam.com\/#website\",\"url\":\"https:\/\/omanivietnam.com\/\",\"name\":\"OMANI VI\u1ec6T NAM\",\"description\":\"Nh\u00e0 ph\u00e2n ph\u1ed1i thi\u1ebft b\u1ecb kh\u00ed n\u00e9n v\u00e0 thi\u1ebft b\u1ecb t\u1ef1 \u0111\u1ed9ng h\u00f3a trong c\u00f4ng nghi\u1ec7p\",\"publisher\":{\"@id\":\"https:\/\/omanivietnam.com\/#\/schema\/person\/0ad398a980dc3fd696111c2c5c8fa897\"},\"potentialAction\":[{\"@type\":\"SearchAction\",\"target\":{\"@type\":\"EntryPoint\",\"urlTemplate\":\"https:\/\/omanivietnam.com\/?s={search_term_string}\"},\"query-input\":\"required name=search_term_string\"}],\"inLanguage\":\"vi\"},{\"@type\":[\"Person\",\"Organization\"],\"@id\":\"https:\/\/omanivietnam.com\/#\/schema\/person\/0ad398a980dc3fd696111c2c5c8fa897\",\"name\":\"Nguy\u1ec5n V\u0103n Kh\u00e1nh\",\"image\":{\"@type\":\"ImageObject\",\"inLanguage\":\"vi\",\"@id\":\"https:\/\/omanivietnam.com\/#\/schema\/person\/image\/\",\"url\":\"https:\/\/omanivietnam.com\/wp-content\/uploads\/2024\/06\/logo-1024x1024.png\",\"contentUrl\":\"https:\/\/omanivietnam.com\/wp-content\/uploads\/2024\/06\/logo-1024x1024.png\",\"width\":1024,\"height\":1024,\"caption\":\"Nguy\u1ec5n V\u0103n Kh\u00e1nh\"},\"logo\":{\"@id\":\"https:\/\/omanivietnam.com\/#\/schema\/person\/image\/\"},\"sameAs\":[\"https:\/\/omanivietnam.com\"]}]}<\/script>\n<!-- \/ Yoast SEO plugin. -->","yoast_head_json":{"title":"FUJI SC-N6 - OMANI VI\u1ec6T NAM","robots":{"index":"index","follow":"follow","max-snippet":"max-snippet:-1","max-image-preview":"max-image-preview:large","max-video-preview":"max-video-preview:-1"},"canonical":"https:\/\/omanivietnam.com\/index.php\/san-pham\/fuji-sc-n6\/","og_locale":"vi_VN","og_type":"article","og_title":"FUJI SC-N6 - OMANI VI\u1ec6T NAM","og_description":"FUJI SC-N6 T\u1ed5ng quan kh\u1edfi \u0111\u1ed9ng t\u1eeb Kh\u1edfi \u0111\u1ed9ng t\u1eeb (Contactor)\u00a0Fuji SC-N6 AC220V\u00a0l\u00e0 s\u1ea3n ph\u1ea9m thu\u1ed9c d\u00f2ng SC c\u1ee7a h\u00e3ng Fuji \u2013 Nh\u1eadt B\u1ea3n \u0111\u01b0\u01a1\u0323c bi\u00ea\u0301t \u0111\u00ea\u0301n nh\u01b0 do\u0300ng contactor ch\u00e2\u0301t l\u01b0\u01a1\u0323ng b\u00e2\u0323c nh\u00e2\u0301t th\u00ea\u0301 gi\u01a1\u0301i. N\u00f3 cung c\u1ea5p kh\u1ea3 n\u0103ng \u0111\u00f3ng\/ng\u1eaft cho m\u1ea1ch \u0111i\u1ec7n AC\/DC v\u1edbi kh\u1ea3 n\u0103ng \u0111\u00f3ng\/&hellip;","og_url":"https:\/\/omanivietnam.com\/index.php\/san-pham\/fuji-sc-n6\/","og_site_name":"OMANI VI\u1ec6T NAM","article_modified_time":"2024-09-15T08:13:13+00:00","og_image":[{"width":386,"height":524,"url":"https:\/\/omanivietnam.com\/wp-content\/uploads\/2024\/09\/SC-N6.png","type":"image\/png"}],"twitter_card":"summary_large_image","twitter_misc":{"\u01af\u1edbc t\u00ednh th\u1eddi gian \u0111\u1ecdc":"3 ph\u00fat"},"schema":{"@context":"https:\/\/schema.org","@graph":[{"@type":"WebPage","@id":"https:\/\/omanivietnam.com\/index.php\/san-pham\/fuji-sc-n6\/","url":"https:\/\/omanivietnam.com\/index.php\/san-pham\/fuji-sc-n6\/","name":"FUJI SC-N6 - OMANI VI\u1ec6T NAM","isPartOf":{"@id":"https:\/\/omanivietnam.com\/#website"},"primaryImageOfPage":{"@id":"https:\/\/omanivietnam.com\/index.php\/san-pham\/fuji-sc-n6\/#primaryimage"},"image":{"@id":"https:\/\/omanivietnam.com\/index.php\/san-pham\/fuji-sc-n6\/#primaryimage"},"thumbnailUrl":"https:\/\/omanivietnam.com\/wp-content\/uploads\/2024\/09\/SC-N6.png","datePublished":"2024-09-15T08:11:17+00:00","dateModified":"2024-09-15T08:13:13+00:00","breadcrumb":{"@id":"https:\/\/omanivietnam.com\/index.php\/san-pham\/fuji-sc-n6\/#breadcrumb"},"inLanguage":"vi","potentialAction":[{"@type":"ReadAction","target":["https:\/\/omanivietnam.com\/index.php\/san-pham\/fuji-sc-n6\/"]}]},{"@type":"ImageObject","inLanguage":"vi","@id":"https:\/\/omanivietnam.com\/index.php\/san-pham\/fuji-sc-n6\/#primaryimage","url":"https:\/\/omanivietnam.com\/wp-content\/uploads\/2024\/09\/SC-N6.png","contentUrl":"https:\/\/omanivietnam.com\/wp-content\/uploads\/2024\/09\/SC-N6.png","width":386,"height":524},{"@type":"BreadcrumbList","@id":"https:\/\/omanivietnam.com\/index.php\/san-pham\/fuji-sc-n6\/#breadcrumb","itemListElement":[{"@type":"ListItem","position":1,"name":"Home","item":"https:\/\/omanivietnam.com\/"},{"@type":"ListItem","position":2,"name":"S\u1ea2N PH\u1ea8M","item":"https:\/\/omanivietnam.com\/index.php\/cua-hang\/"},{"@type":"ListItem","position":3,"name":"FUJI SC-N6"}]},{"@type":"WebSite","@id":"https:\/\/omanivietnam.com\/#website","url":"https:\/\/omanivietnam.com\/","name":"OMANI VI\u1ec6T NAM","description":"Nh\u00e0 ph\u00e2n ph\u1ed1i thi\u1ebft b\u1ecb kh\u00ed n\u00e9n v\u00e0 thi\u1ebft b\u1ecb t\u1ef1 \u0111\u1ed9ng h\u00f3a trong c\u00f4ng nghi\u1ec7p","publisher":{"@id":"https:\/\/omanivietnam.com\/#\/schema\/person\/0ad398a980dc3fd696111c2c5c8fa897"},"potentialAction":[{"@type":"SearchAction","target":{"@type":"EntryPoint","urlTemplate":"https:\/\/omanivietnam.com\/?s={search_term_string}"},"query-input":"required name=search_term_string"}],"inLanguage":"vi"},{"@type":["Person","Organization"],"@id":"https:\/\/omanivietnam.com\/#\/schema\/person\/0ad398a980dc3fd696111c2c5c8fa897","name":"Nguy\u1ec5n V\u0103n Kh\u00e1nh","image":{"@type":"ImageObject","inLanguage":"vi","@id":"https:\/\/omanivietnam.com\/#\/schema\/person\/image\/","url":"https:\/\/omanivietnam.com\/wp-content\/uploads\/2024\/06\/logo-1024x1024.png","contentUrl":"https:\/\/omanivietnam.com\/wp-content\/uploads\/2024\/06\/logo-1024x1024.png","width":1024,"height":1024,"caption":"Nguy\u1ec5n V\u0103n Kh\u00e1nh"},"logo":{"@id":"https:\/\/omanivietnam.com\/#\/schema\/person\/image\/"},"sameAs":["https:\/\/omanivietnam.com"]}]}},"_links":{"self":[{"href":"https:\/\/omanivietnam.com\/index.php\/wp-json\/wp\/v2\/product\/1753","targetHints":{"allow":["GET"]}}],"collection":[{"href":"https:\/\/omanivietnam.com\/index.php\/wp-json\/wp\/v2\/product"}],"about":[{"href":"https:\/\/omanivietnam.com\/index.php\/wp-json\/wp\/v2\/types\/product"}],"replies":[{"embeddable":true,"href":"https:\/\/omanivietnam.com\/index.php\/wp-json\/wp\/v2\/comments?post=1753"}],"wp:featuredmedia":[{"embeddable":true,"href":"https:\/\/omanivietnam.com\/index.php\/wp-json\/wp\/v2\/media\/1754"}],"wp:attachment":[{"href":"https:\/\/omanivietnam.com\/index.php\/wp-json\/wp\/v2\/media?parent=1753"}],"wp:term":[{"taxonomy":"product_cat","embeddable":true,"href":"https:\/\/omanivietnam.com\/index.php\/wp-json\/wp\/v2\/product_cat?post=1753"},{"taxonomy":"product_tag","embeddable":true,"href":"https:\/\/omanivietnam.com\/index.php\/wp-json\/wp\/v2\/product_tag?post=1753"}],"curies":[{"name":"wp","href":"https:\/\/api.w.org\/{rel}","templated":true}]}}