{"id":1760,"date":"2024-09-15T15:43:11","date_gmt":"2024-09-15T08:43:11","guid":{"rendered":"https:\/\/omanivietnam.com\/?post_type=product&#038;p=1760"},"modified":"2024-09-15T15:55:03","modified_gmt":"2024-09-15T08:55:03","slug":"schneider-gv2me08","status":"publish","type":"product","link":"https:\/\/omanivietnam.com\/index.php\/san-pham\/schneider-gv2me08\/","title":{"rendered":"SCHNEIDER GV2ME08"},"content":{"rendered":"<p>SCHNEIDER GV2ME08<\/p>\n<p class=\"product_title entry-title\">CB b\u1ea3o v\u1ec7 \u0111\u1ed9ng c\u01a1 Schneider GV2ME08 (2.5-4A) 1.1kW<\/p>\n<p>\u00a0M\u00e3 h\u00e0ng:\u00a0GV2ME08<\/p>\n<p>&#8211; H\u00e3ng s\u1ea3n xu\u1ea5t: Schneider<\/p>\n<p>&#8211; Xu\u1ea5t x\u1ee9: Ph\u00e1p<\/p>\n<p>&#8211;\u00a0CB b\u1ea3o v\u1ec7 \u0111\u1ed9ng c\u01a1 lo\u1ea1i t\u1eeb nhi\u1ec7t GV2ME 2.5-4A<\/p>\n<p>&#8211; V\u1eadn chuy\u1ec3n: mi\u1ec5n ph\u00ed.<\/p>\n<p>&#8211; B\u1ea3o h\u00e0nh:\u00a0b\u1ea3o h\u00e0nh 12\u00a0th\u00e1ng do l\u1ed7i nh\u00e0 s\u1ea3n xu\u1ea5t.<\/p>\n<table border=\"1\" cellspacing=\"0\" cellpadding=\"1\">\n<tbody>\n<tr>\n<td bgcolor=\"#ffffcc\" width=\"50%\">S\u1ed1 c\u1ef1c<\/td>\n<td><strong>3P<\/strong><\/td>\n<\/tr>\n<tr>\n<td bgcolor=\"#ffffcc\" width=\"50%\">D\u00f2ng \u0111i\u1ec7n b\u1ea3o v\u1ec7 t\u1eeb<\/td>\n<td><strong>51A<\/strong><\/td>\n<\/tr>\n<tr>\n<td bgcolor=\"#ffffcc\" width=\"50%\">\u0110i\u1ec7n \u00e1p \u0111\u1ecbnh m\u1ee9c<\/td>\n<td><strong>400\/415V<\/strong><\/td>\n<\/tr>\n<tr>\n<td bgcolor=\"#ffffcc\">D\u1ea3i d\u00f2ng \u0111i\u1ec7n<\/td>\n<td><strong>2.5~4A<\/strong><\/td>\n<\/tr>\n<tr>\n<td bgcolor=\"#ffffcc\">Quy c\u00e1ch \u0111\u00f3ng g\u00f3i<\/td>\n<td><strong>H\u1ed9p gi\u1ea5y<\/strong><\/td>\n<\/tr>\n<\/tbody>\n<\/table>\n<p><strong>Th\u00f4ng s\u1ed1 k\u0129 thu\u1eadt:<\/strong><\/p>\n<p>S\u1ed1 c\u1ef1c: 3P<\/p>\n<p>C\u00f4ng su\u1ea5t:\u00a0 1,1 kW \u1edf 400\/415 V AC 50\/60 Hz<\/p>\n<p>1,5 kW \u1edf 400\/415 \u2013 500 V AC 50\/60 Hz<\/p>\n<p>2,2 kW \u1edf 500 \u2013 690 V AC 50\/60 Hz<\/p>\n<p>D\u00f2ng \u0111i\u1ec7n \u0111\u1ecbnh m\u1ef1c: 4A<\/p>\n<p>Ph\u1ea1m vi \u0111i\u1ec1u ch\u1ec9nh b\u1ea3o v\u1ec7 nhi\u1ec7t: 2,5\u2026 4 A<\/p>\n<p>D\u00f2ng \u0111i\u1ec7n v\u1ea5p t\u1eeb: 51 A<\/p>\n<p>[Ue] \u0111i\u1ec7n \u00e1p ho\u1ea1t \u0111\u1ed9ng \u0111\u1ecbnh m\u1ee9c:\u00a0690 V AC 50\/60 Hz ph\u00f9 h\u1ee3p v\u1edbi IEC 60947-2<\/p>\n<p>[Ui] \u0111i\u1ec7n \u00e1p c\u00e1ch \u0111i\u1ec7n \u0111\u1ecbnh m\u1ee9c:\u00a0690 V AC 50\/60 Hz ph\u00f9 h\u1ee3p v\u1edbi IEC 60947-2<\/p>\n<p>[Ith] d\u00f2ng nhi\u1ec7t kh\u00f4ng kh\u00ed t\u1ef1 do th\u00f4ng th\u01b0\u1eddng: 0.63 A ph\u00f9 h\u1ee3p v\u1edbi IEC 60947-4-1<\/p>\n<p>[Uimp] \u0111i\u1ec7n \u00e1p ch\u1ecbu xung \u0111\u1ecbnh m\u1ee9c:\u00a06 kV IEC 60947-2<\/p>\n<p>\u0110\u1ed9 b\u1ec1n c\u01a1 h\u1ecdc:\u00a0100000 chu k\u1ef3<\/p>\n<p>Aptomat nhi\u1ec7t t\u1eeb Schneider \u0111\u01b0\u1ee3c d\u00f9ng cho \u0111\u1ed9ng c\u01a1 3 pha \u2013 t\u1ea3i AC-3<\/p>\n<p>C\u00f3 2 ch\u1ebf \u0111\u1ed9 g\u00e1 l\u1eafp b\u1eb1ng v\u00edt v\u00e0 b\u1eb1ng k\u1eb9p, s\u1eed d\u1ee5ng c\u00f4ng ngh\u1ec7 Trip unit t\u1eeb nhi\u1ec7t<\/p>\n<p>C\u1ea5p b\u1ea3o v\u1ec7 IP20 ti\u00eau chu\u1ea9n IEC 60529<\/p>\n<p>&nbsp;<\/p>\n<p id=\"tablepress-646-name\" class=\"tablepress-table-name tablepress-table-name-id-646\">Schneider GV2ME<\/p>\n<table id=\"tablepress-646\" class=\"tablepress tablepress-id-646\" aria-labelledby=\"tablepress-646-name\">\n<thead>\n<tr class=\"row-1 odd\">\n<th class=\"column-1\">Model<\/th>\n<th class=\"column-2\">D\u00f2ng ch\u1ecbu t\u1ea3i<\/th>\n<th class=\"column-3\">C\u00f4ng su\u1ea5t<\/th>\n<\/tr>\n<\/thead>\n<tbody class=\"row-hover\">\n<tr class=\"row-2 even\">\n<td class=\"column-1\">GV2ME32<\/td>\n<td class=\"column-2\">(24-32A)<\/td>\n<td class=\"column-3\">15kW<\/td>\n<\/tr>\n<tr class=\"row-3 odd\">\n<td class=\"column-1\">GV2ME22<\/td>\n<td class=\"column-2\">(20-25A)<\/td>\n<td class=\"column-3\">11kW<\/td>\n<\/tr>\n<tr class=\"row-4 even\">\n<td class=\"column-1\">GV2ME21<\/td>\n<td class=\"column-2\">(17-23A)<\/td>\n<td class=\"column-3\">9kW<\/td>\n<\/tr>\n<tr class=\"row-5 odd\">\n<td class=\"column-1\">GV2ME20<\/td>\n<td class=\"column-2\">(13-18A)<\/td>\n<td class=\"column-3\">7.5kW<\/td>\n<\/tr>\n<tr class=\"row-6 even\">\n<td class=\"column-1\">GV2ME16<\/td>\n<td class=\"column-2\">(9-14A)<\/td>\n<td class=\"column-3\">5.5kW<\/td>\n<\/tr>\n<tr class=\"row-7 odd\">\n<td class=\"column-1\">GV2ME14<\/td>\n<td class=\"column-2\">(6-10A)<\/td>\n<td class=\"column-3\">3kW<\/td>\n<\/tr>\n<tr class=\"row-8 even\">\n<td class=\"column-1\">GV2ME10<\/td>\n<td class=\"column-2\">(4-6.3A)<\/td>\n<td class=\"column-3\">2.2kW<\/td>\n<\/tr>\n<tr class=\"row-9 odd\">\n<td class=\"column-1\">GV2ME08<\/td>\n<td class=\"column-2\">(2.5-4A)<\/td>\n<td class=\"column-3\">1.1kW<\/td>\n<\/tr>\n<tr class=\"row-10 even\">\n<td class=\"column-1\">GV2ME05<\/td>\n<td class=\"column-2\">(0.63-1A)<\/td>\n<td class=\"column-3\">0.25kW<\/td>\n<\/tr>\n<tr class=\"row-11 odd\">\n<td class=\"column-1\">GV2ME07<\/td>\n<td class=\"column-2\">(1.6-2.5A)<\/td>\n<td class=\"column-3\">0.75kW<\/td>\n<\/tr>\n<tr class=\"row-12 even\">\n<td class=\"column-1\">GV2ME06<\/td>\n<td class=\"column-2\">(1-1.6A)<\/td>\n<td class=\"column-3\">0.37kW<\/td>\n<\/tr>\n<tr class=\"row-13 odd\">\n<td class=\"column-1\">GV2ME04<\/td>\n<td class=\"column-2\">(0.4-0.63A)<\/td>\n<td class=\"column-3\">0.12kW<\/td>\n<\/tr>\n<tr class=\"row-14 even\">\n<td class=\"column-1\">GV2ME03<\/td>\n<td class=\"column-2\">(0.25-0.4A)<\/td>\n<td class=\"column-3\">0.09kW<\/td>\n<\/tr>\n<tr class=\"row-15 odd\">\n<td class=\"column-1\">GV2ME02<\/td>\n<td class=\"column-2\">(0.16-0.25A)<\/td>\n<td class=\"column-3\">0.06kW<\/td>\n<\/tr>\n<tr class=\"row-16 even\">\n<td class=\"column-1\">GV2ME01<\/td>\n<td class=\"column-2\">(0.1-0.16A)<\/td>\n<td class=\"column-3\">0.06kW<\/td>\n<\/tr>\n<\/tbody>\n<\/table>\n<p>&nbsp;<\/p>\n<p>\u0110\u1ea1i l\u00fd SCHNEIDER vietnam,SCHNEIDER viet nam, SCHNEIDER vietnam distributor, Ph\u00e2n ph\u1ed1i SCHNEIDER t\u1ea1i vi\u1ec7t nam<\/p>\n<p>\u0110\u1ea1i l\u00fd SCHNEIDER vietnam,SCHNEIDER viet nam, SCHNEIDER vietnam distributor, Ph\u00e2n ph\u1ed1i SCHNEIDER t\u1ea1i vi\u1ec7t nam<\/p>\n<p>\u0110\u1ea1i l\u00fd SCHNEIDER vietnam,SCHNEIDER viet nam, SCHNEIDER vietnam distributor, Ph\u00e2n ph\u1ed1i SCHNEIDER t\u1ea1i vi\u1ec7t nam<\/p>\n<p>\u0110\u1ea1i l\u00fd SCHNEIDER vietnam,SCHNEIDER viet nam, SCHNEIDER vietnam distributor, Ph\u00e2n ph\u1ed1i SCHNEIDER t\u1ea1i vi\u1ec7t nam<\/p>\n<p>\u0110\u1ea1i l\u00fd SCHNEIDER vietnam,SCHNEIDER viet nam, SCHNEIDER vietnam distributor, Ph\u00e2n ph\u1ed1i SCHNEIDER t\u1ea1i vi\u1ec7t nam<\/p>\n","protected":false},"excerpt":{"rendered":"<p>SCHNEIDER GV2ME08 CB b\u1ea3o v\u1ec7 \u0111\u1ed9ng c\u01a1 Schneider GV2ME08 (2.5-4A) 1.1kW \u00a0M\u00e3 h\u00e0ng:\u00a0GV2ME08 &#8211; H\u00e3ng s\u1ea3n xu\u1ea5t: Schneider &#8211; Xu\u1ea5t x\u1ee9: Ph\u00e1p &#8211;\u00a0CB b\u1ea3o v\u1ec7 \u0111\u1ed9ng c\u01a1 lo\u1ea1i t\u1eeb nhi\u1ec7t GV2ME 2.5-4A &#8211; V\u1eadn chuy\u1ec3n: mi\u1ec5n ph\u00ed. &#8211; B\u1ea3o h\u00e0nh:\u00a0b\u1ea3o h\u00e0nh 12\u00a0th\u00e1ng do l\u1ed7i nh\u00e0 s\u1ea3n xu\u1ea5t. S\u1ed1 c\u1ef1c 3P&hellip; <\/p>\n","protected":false},"featured_media":1761,"comment_status":"open","ping_status":"closed","template":"","meta":[],"product_cat":[453],"product_tag":[460,455,454],"class_list":{"0":"post-1760","1":"product","2":"type-product","3":"status-publish","4":"has-post-thumbnail","6":"product_cat-schneider","7":"product_tag-cau-dao","8":"product_tag-dai-ly-schneider-viet-nam","9":"product_tag-schneider-viet-nam","11":"first","12":"instock","13":"shipping-taxable","14":"product-type-simple"},"yoast_head":"<!-- This site is optimized with the Yoast SEO plugin v22.8 - https:\/\/yoast.com\/wordpress\/plugins\/seo\/ -->\n<title>SCHNEIDER GV2ME08 - OMANI VI\u1ec6T NAM<\/title>\n<meta name=\"robots\" content=\"index, follow, max-snippet:-1, max-image-preview:large, max-video-preview:-1\" \/>\n<link rel=\"canonical\" href=\"https:\/\/omanivietnam.com\/index.php\/san-pham\/schneider-gv2me08\/\" \/>\n<meta property=\"og:locale\" content=\"vi_VN\" \/>\n<meta property=\"og:type\" content=\"article\" \/>\n<meta property=\"og:title\" content=\"SCHNEIDER GV2ME08 - OMANI VI\u1ec6T NAM\" \/>\n<meta property=\"og:description\" content=\"SCHNEIDER GV2ME08 CB b\u1ea3o v\u1ec7 \u0111\u1ed9ng c\u01a1 Schneider GV2ME08 (2.5-4A) 1.1kW \u00a0M\u00e3 h\u00e0ng:\u00a0GV2ME08 &#8211; H\u00e3ng s\u1ea3n xu\u1ea5t: Schneider &#8211; Xu\u1ea5t x\u1ee9: Ph\u00e1p &#8211;\u00a0CB b\u1ea3o v\u1ec7 \u0111\u1ed9ng c\u01a1 lo\u1ea1i t\u1eeb nhi\u1ec7t GV2ME 2.5-4A &#8211; V\u1eadn chuy\u1ec3n: mi\u1ec5n ph\u00ed. &#8211; B\u1ea3o h\u00e0nh:\u00a0b\u1ea3o h\u00e0nh 12\u00a0th\u00e1ng do l\u1ed7i nh\u00e0 s\u1ea3n xu\u1ea5t. S\u1ed1 c\u1ef1c 3P&hellip;\" \/>\n<meta property=\"og:url\" content=\"https:\/\/omanivietnam.com\/index.php\/san-pham\/schneider-gv2me08\/\" \/>\n<meta property=\"og:site_name\" content=\"OMANI VI\u1ec6T NAM\" \/>\n<meta property=\"article:modified_time\" content=\"2024-09-15T08:55:03+00:00\" \/>\n<meta property=\"og:image\" content=\"https:\/\/omanivietnam.com\/wp-content\/uploads\/2024\/09\/GV2ME08.png\" \/>\n\t<meta property=\"og:image:width\" content=\"617\" \/>\n\t<meta property=\"og:image:height\" content=\"427\" \/>\n\t<meta property=\"og:image:type\" content=\"image\/png\" \/>\n<meta name=\"twitter:card\" content=\"summary_large_image\" \/>\n<meta name=\"twitter:label1\" content=\"\u01af\u1edbc t\u00ednh th\u1eddi gian \u0111\u1ecdc\" \/>\n\t<meta name=\"twitter:data1\" content=\"3 ph\u00fat\" \/>\n<script type=\"application\/ld+json\" class=\"yoast-schema-graph\">{\"@context\":\"https:\/\/schema.org\",\"@graph\":[{\"@type\":\"WebPage\",\"@id\":\"https:\/\/omanivietnam.com\/index.php\/san-pham\/schneider-gv2me08\/\",\"url\":\"https:\/\/omanivietnam.com\/index.php\/san-pham\/schneider-gv2me08\/\",\"name\":\"SCHNEIDER GV2ME08 - OMANI VI\u1ec6T NAM\",\"isPartOf\":{\"@id\":\"https:\/\/omanivietnam.com\/#website\"},\"primaryImageOfPage\":{\"@id\":\"https:\/\/omanivietnam.com\/index.php\/san-pham\/schneider-gv2me08\/#primaryimage\"},\"image\":{\"@id\":\"https:\/\/omanivietnam.com\/index.php\/san-pham\/schneider-gv2me08\/#primaryimage\"},\"thumbnailUrl\":\"https:\/\/omanivietnam.com\/wp-content\/uploads\/2024\/09\/GV2ME08.png\",\"datePublished\":\"2024-09-15T08:43:11+00:00\",\"dateModified\":\"2024-09-15T08:55:03+00:00\",\"breadcrumb\":{\"@id\":\"https:\/\/omanivietnam.com\/index.php\/san-pham\/schneider-gv2me08\/#breadcrumb\"},\"inLanguage\":\"vi\",\"potentialAction\":[{\"@type\":\"ReadAction\",\"target\":[\"https:\/\/omanivietnam.com\/index.php\/san-pham\/schneider-gv2me08\/\"]}]},{\"@type\":\"ImageObject\",\"inLanguage\":\"vi\",\"@id\":\"https:\/\/omanivietnam.com\/index.php\/san-pham\/schneider-gv2me08\/#primaryimage\",\"url\":\"https:\/\/omanivietnam.com\/wp-content\/uploads\/2024\/09\/GV2ME08.png\",\"contentUrl\":\"https:\/\/omanivietnam.com\/wp-content\/uploads\/2024\/09\/GV2ME08.png\",\"width\":617,\"height\":427},{\"@type\":\"BreadcrumbList\",\"@id\":\"https:\/\/omanivietnam.com\/index.php\/san-pham\/schneider-gv2me08\/#breadcrumb\",\"itemListElement\":[{\"@type\":\"ListItem\",\"position\":1,\"name\":\"Home\",\"item\":\"https:\/\/omanivietnam.com\/\"},{\"@type\":\"ListItem\",\"position\":2,\"name\":\"S\u1ea2N PH\u1ea8M\",\"item\":\"https:\/\/omanivietnam.com\/index.php\/cua-hang\/\"},{\"@type\":\"ListItem\",\"position\":3,\"name\":\"SCHNEIDER GV2ME08\"}]},{\"@type\":\"WebSite\",\"@id\":\"https:\/\/omanivietnam.com\/#website\",\"url\":\"https:\/\/omanivietnam.com\/\",\"name\":\"OMANI VI\u1ec6T NAM\",\"description\":\"Nh\u00e0 ph\u00e2n ph\u1ed1i thi\u1ebft b\u1ecb kh\u00ed n\u00e9n v\u00e0 thi\u1ebft b\u1ecb t\u1ef1 \u0111\u1ed9ng h\u00f3a trong c\u00f4ng nghi\u1ec7p\",\"publisher\":{\"@id\":\"https:\/\/omanivietnam.com\/#\/schema\/person\/0ad398a980dc3fd696111c2c5c8fa897\"},\"potentialAction\":[{\"@type\":\"SearchAction\",\"target\":{\"@type\":\"EntryPoint\",\"urlTemplate\":\"https:\/\/omanivietnam.com\/?s={search_term_string}\"},\"query-input\":\"required name=search_term_string\"}],\"inLanguage\":\"vi\"},{\"@type\":[\"Person\",\"Organization\"],\"@id\":\"https:\/\/omanivietnam.com\/#\/schema\/person\/0ad398a980dc3fd696111c2c5c8fa897\",\"name\":\"Nguy\u1ec5n V\u0103n Kh\u00e1nh\",\"image\":{\"@type\":\"ImageObject\",\"inLanguage\":\"vi\",\"@id\":\"https:\/\/omanivietnam.com\/#\/schema\/person\/image\/\",\"url\":\"https:\/\/omanivietnam.com\/wp-content\/uploads\/2024\/06\/logo-1024x1024.png\",\"contentUrl\":\"https:\/\/omanivietnam.com\/wp-content\/uploads\/2024\/06\/logo-1024x1024.png\",\"width\":1024,\"height\":1024,\"caption\":\"Nguy\u1ec5n V\u0103n Kh\u00e1nh\"},\"logo\":{\"@id\":\"https:\/\/omanivietnam.com\/#\/schema\/person\/image\/\"},\"sameAs\":[\"https:\/\/omanivietnam.com\"]}]}<\/script>\n<!-- \/ Yoast SEO plugin. -->","yoast_head_json":{"title":"SCHNEIDER GV2ME08 - OMANI VI\u1ec6T NAM","robots":{"index":"index","follow":"follow","max-snippet":"max-snippet:-1","max-image-preview":"max-image-preview:large","max-video-preview":"max-video-preview:-1"},"canonical":"https:\/\/omanivietnam.com\/index.php\/san-pham\/schneider-gv2me08\/","og_locale":"vi_VN","og_type":"article","og_title":"SCHNEIDER GV2ME08 - OMANI VI\u1ec6T NAM","og_description":"SCHNEIDER GV2ME08 CB b\u1ea3o v\u1ec7 \u0111\u1ed9ng c\u01a1 Schneider GV2ME08 (2.5-4A) 1.1kW \u00a0M\u00e3 h\u00e0ng:\u00a0GV2ME08 &#8211; H\u00e3ng s\u1ea3n xu\u1ea5t: Schneider &#8211; Xu\u1ea5t x\u1ee9: Ph\u00e1p &#8211;\u00a0CB b\u1ea3o v\u1ec7 \u0111\u1ed9ng c\u01a1 lo\u1ea1i t\u1eeb nhi\u1ec7t GV2ME 2.5-4A &#8211; V\u1eadn chuy\u1ec3n: mi\u1ec5n ph\u00ed. &#8211; B\u1ea3o h\u00e0nh:\u00a0b\u1ea3o h\u00e0nh 12\u00a0th\u00e1ng do l\u1ed7i nh\u00e0 s\u1ea3n xu\u1ea5t. S\u1ed1 c\u1ef1c 3P&hellip;","og_url":"https:\/\/omanivietnam.com\/index.php\/san-pham\/schneider-gv2me08\/","og_site_name":"OMANI VI\u1ec6T NAM","article_modified_time":"2024-09-15T08:55:03+00:00","og_image":[{"width":617,"height":427,"url":"https:\/\/omanivietnam.com\/wp-content\/uploads\/2024\/09\/GV2ME08.png","type":"image\/png"}],"twitter_card":"summary_large_image","twitter_misc":{"\u01af\u1edbc t\u00ednh th\u1eddi gian \u0111\u1ecdc":"3 ph\u00fat"},"schema":{"@context":"https:\/\/schema.org","@graph":[{"@type":"WebPage","@id":"https:\/\/omanivietnam.com\/index.php\/san-pham\/schneider-gv2me08\/","url":"https:\/\/omanivietnam.com\/index.php\/san-pham\/schneider-gv2me08\/","name":"SCHNEIDER GV2ME08 - OMANI VI\u1ec6T NAM","isPartOf":{"@id":"https:\/\/omanivietnam.com\/#website"},"primaryImageOfPage":{"@id":"https:\/\/omanivietnam.com\/index.php\/san-pham\/schneider-gv2me08\/#primaryimage"},"image":{"@id":"https:\/\/omanivietnam.com\/index.php\/san-pham\/schneider-gv2me08\/#primaryimage"},"thumbnailUrl":"https:\/\/omanivietnam.com\/wp-content\/uploads\/2024\/09\/GV2ME08.png","datePublished":"2024-09-15T08:43:11+00:00","dateModified":"2024-09-15T08:55:03+00:00","breadcrumb":{"@id":"https:\/\/omanivietnam.com\/index.php\/san-pham\/schneider-gv2me08\/#breadcrumb"},"inLanguage":"vi","potentialAction":[{"@type":"ReadAction","target":["https:\/\/omanivietnam.com\/index.php\/san-pham\/schneider-gv2me08\/"]}]},{"@type":"ImageObject","inLanguage":"vi","@id":"https:\/\/omanivietnam.com\/index.php\/san-pham\/schneider-gv2me08\/#primaryimage","url":"https:\/\/omanivietnam.com\/wp-content\/uploads\/2024\/09\/GV2ME08.png","contentUrl":"https:\/\/omanivietnam.com\/wp-content\/uploads\/2024\/09\/GV2ME08.png","width":617,"height":427},{"@type":"BreadcrumbList","@id":"https:\/\/omanivietnam.com\/index.php\/san-pham\/schneider-gv2me08\/#breadcrumb","itemListElement":[{"@type":"ListItem","position":1,"name":"Home","item":"https:\/\/omanivietnam.com\/"},{"@type":"ListItem","position":2,"name":"S\u1ea2N PH\u1ea8M","item":"https:\/\/omanivietnam.com\/index.php\/cua-hang\/"},{"@type":"ListItem","position":3,"name":"SCHNEIDER GV2ME08"}]},{"@type":"WebSite","@id":"https:\/\/omanivietnam.com\/#website","url":"https:\/\/omanivietnam.com\/","name":"OMANI VI\u1ec6T NAM","description":"Nh\u00e0 ph\u00e2n ph\u1ed1i thi\u1ebft b\u1ecb kh\u00ed n\u00e9n v\u00e0 thi\u1ebft b\u1ecb t\u1ef1 \u0111\u1ed9ng h\u00f3a trong c\u00f4ng nghi\u1ec7p","publisher":{"@id":"https:\/\/omanivietnam.com\/#\/schema\/person\/0ad398a980dc3fd696111c2c5c8fa897"},"potentialAction":[{"@type":"SearchAction","target":{"@type":"EntryPoint","urlTemplate":"https:\/\/omanivietnam.com\/?s={search_term_string}"},"query-input":"required name=search_term_string"}],"inLanguage":"vi"},{"@type":["Person","Organization"],"@id":"https:\/\/omanivietnam.com\/#\/schema\/person\/0ad398a980dc3fd696111c2c5c8fa897","name":"Nguy\u1ec5n V\u0103n Kh\u00e1nh","image":{"@type":"ImageObject","inLanguage":"vi","@id":"https:\/\/omanivietnam.com\/#\/schema\/person\/image\/","url":"https:\/\/omanivietnam.com\/wp-content\/uploads\/2024\/06\/logo-1024x1024.png","contentUrl":"https:\/\/omanivietnam.com\/wp-content\/uploads\/2024\/06\/logo-1024x1024.png","width":1024,"height":1024,"caption":"Nguy\u1ec5n V\u0103n Kh\u00e1nh"},"logo":{"@id":"https:\/\/omanivietnam.com\/#\/schema\/person\/image\/"},"sameAs":["https:\/\/omanivietnam.com"]}]}},"_links":{"self":[{"href":"https:\/\/omanivietnam.com\/index.php\/wp-json\/wp\/v2\/product\/1760","targetHints":{"allow":["GET"]}}],"collection":[{"href":"https:\/\/omanivietnam.com\/index.php\/wp-json\/wp\/v2\/product"}],"about":[{"href":"https:\/\/omanivietnam.com\/index.php\/wp-json\/wp\/v2\/types\/product"}],"replies":[{"embeddable":true,"href":"https:\/\/omanivietnam.com\/index.php\/wp-json\/wp\/v2\/comments?post=1760"}],"wp:featuredmedia":[{"embeddable":true,"href":"https:\/\/omanivietnam.com\/index.php\/wp-json\/wp\/v2\/media\/1761"}],"wp:attachment":[{"href":"https:\/\/omanivietnam.com\/index.php\/wp-json\/wp\/v2\/media?parent=1760"}],"wp:term":[{"taxonomy":"product_cat","embeddable":true,"href":"https:\/\/omanivietnam.com\/index.php\/wp-json\/wp\/v2\/product_cat?post=1760"},{"taxonomy":"product_tag","embeddable":true,"href":"https:\/\/omanivietnam.com\/index.php\/wp-json\/wp\/v2\/product_tag?post=1760"}],"curies":[{"name":"wp","href":"https:\/\/api.w.org\/{rel}","templated":true}]}}