{"id":1766,"date":"2024-09-16T05:39:08","date_gmt":"2024-09-15T22:39:08","guid":{"rendered":"https:\/\/omanivietnam.com\/?post_type=product&#038;p=1766"},"modified":"2024-09-16T05:39:08","modified_gmt":"2024-09-15T22:39:08","slug":"panasonic-mddkt5540ca1","status":"publish","type":"product","link":"https:\/\/omanivietnam.com\/index.php\/san-pham\/panasonic-mddkt5540ca1\/","title":{"rendered":"PANASONIC MDDKT5540CA1"},"content":{"rendered":"<p>PANASONIC MDDKT5540CA1<\/p>\n<p>PANASONIC MDDKT5540CA1<\/p>\n<p class=\"product-title product_title entry-title\">MDDKT5540, MDDKT5540E, MDDKT5540CA1 Servo Panasonic A5 1.5kw<\/p>\n<p>Th\u00f4ng s\u1ed1 k\u1ef9 thu\u1eadt<\/p>\n<p>H\u00e3ng s\u1ea3n xu\u1ea5t: Panasonic, h\u00e0ng m\u1edbi 100%<br \/>\nCh\u1ee9c n\u0103ng \u0111i\u1ec1u khi\u1ec3n v\u1ecb tr\u00ed, t\u1ed1c \u0111\u1ed9 v\u00e0 moment<br \/>\nNgu\u1ed3n \u0111i\u1ec7n v\u00e0o: 200VAC-240VAC<br \/>\nC\u00f4ng su\u1ea5t: 1.5KW<br \/>\nK\u1ebft n\u1ed1i PLC qua c\u1ed5ng USB<br \/>\nCh\u1ee9c n\u0103ng \u0111i\u1ec1u khi\u1ec3n v\u1ecb tr\u00ed, t\u1ed1c \u0111\u1ed9 v\u00e0 m\u00f4 men<br \/>\nB\u1ea3o v\u1ec7 th\u1ea5p \u00e1p, m\u1ea5t pha, qu\u00e1 d\u00f2ng, qu\u00e1 t\u1ea3i\u2026<br \/>\n\u0110\u1ed9 ph\u00e2n gi\u1ea3i: encorder 17bit, 131.072 xung\/ v\u00f2ng quay<br \/>\nC\u1ea5p \u0111\u1ed9 b\u1ea3o v\u1ec7 driver: IP20<br \/>\nC\u1ea5p \u0111\u1ed9 b\u1ea3o v\u1ec7 \u0111\u1ed9ng c\u01a1: IP65<br \/>\nT\u1ed1c \u0111\u1ed9 \u0111\u1ed9ng c\u01a1: 3000 v\u00f2ng\/ ph\u00fat ,<br \/>\nT\u1ed1c \u0111\u1ed9 max: 4500 v\u00f2ng\/ ph\u00fat<br \/>\nMoment \u0111\u1ecbnh m\u1ee9c: 2.4Nm<br \/>\nMoment l\u1edbn nh\u1ea5t: 7.1Nm<\/p>\n<p>1.Th\u00f4ng tin s\u1ea3n ph\u1ea9m (B\u1ed9 \u0111i\u1ec1u khi\u1ec3n Servo 1.5kW MDDKT5540CA1)<\/p>\n<p>T\u00ean s\u1ea3n ph\u1ea9m: B\u1ed9 \u0111i\u1ec1u khi\u1ec3n Servo<\/p>\n<p>M\u00e3 h\u00e0ng: MDDKT5540CA1<\/p>\n<p>Th\u00f4ng s\u1ed1 s\u1ea3n ph\u1ea9m:<\/p>\n<p>\u0110i\u1ec7n \u00e1p c\u1ea5p: 1\/3P 200-240VAC, 9.1\/5.2A, 50\/60Hz<\/p>\n<p>Output: 240 VAC, 9.4A . 0~ 500 Hz<\/p>\n<p>C\u00f4ng su\u1ea5t: 1.5kW<\/p>\n<p>H\u00e3ng s\u1ea3n xu\u1ea5t: Panasonic<\/p>\n<p>H\u00e3ng s\u1ea3n xu\u1ea5t: Panasonic, h\u00e0ng m\u1edbi 100%<br \/>\nCh\u1ee9c n\u0103ng \u0111i\u1ec1u khi\u1ec3n v\u1ecb tr\u00ed, t\u1ed1c \u0111\u1ed9 v\u00e0 moment<br \/>\nNgu\u1ed3n \u0111i\u1ec7n v\u00e0o: 200VAC-240VAC<br \/>\nC\u00f4ng su\u1ea5t: 1.5KW<br \/>\nK\u1ebft n\u1ed1i PLC qua c\u1ed5ng USB<br \/>\nCh\u1ee9c n\u0103ng \u0111i\u1ec1u khi\u1ec3n v\u1ecb tr\u00ed, t\u1ed1c \u0111\u1ed9 v\u00e0 m\u00f4 men<br \/>\nB\u1ea3o v\u1ec7 th\u1ea5p \u00e1p, m\u1ea5t pha, qu\u00e1 d\u00f2ng, qu\u00e1 t\u1ea3i\u2026<br \/>\n\u0110\u1ed9 ph\u00e2n gi\u1ea3i: encorder 17bit, 131.072 xung\/ v\u00f2ng quay<br \/>\nC\u1ea5p \u0111\u1ed9 b\u1ea3o v\u1ec7 driver: IP20<br \/>\nC\u1ea5p \u0111\u1ed9 b\u1ea3o v\u1ec7 \u0111\u1ed9ng c\u01a1: IP65<br \/>\nT\u1ed1c \u0111\u1ed9 \u0111\u1ed9ng c\u01a1: 3000 v\u00f2ng\/ ph\u00fat ,<br \/>\nT\u1ed1c \u0111\u1ed9 max: 4500 v\u00f2ng\/ ph\u00fat<br \/>\nMoment \u0111\u1ecbnh m\u1ee9c: 2.4Nm<br \/>\nMoment l\u1edbn nh\u1ea5t: 7.1Nm<\/p>\n<p>Th\u1eddi gian b\u1ea3o h\u00e0nh theo ti\u00eau chu\u1ea9n nh\u00e0 s\u1ea3n xu\u1ea5t.<\/p>\n<p>2.C\u00e1c Model t\u01b0\u01a1ng t\u1ef1 (B\u1ed9 \u0111i\u1ec1u khi\u1ec3n Servo 1.5kW MDDKT5540CA1)<\/p>\n<table width=\"999\">\n<tbody>\n<tr>\n<td width=\"135\">Servo Panasonic MADHT1505<\/td>\n<td width=\"171\">\u00a0Servo Panasonic MBDHT2510CA1<\/td>\n<td width=\"169\">\u00a0Servo Panasonic MDDHT3530LA1<\/td>\n<\/tr>\n<tr>\n<td>\u00a0Servo Panasonic MADHT1505BA1<\/td>\n<td>\u00a0Servo Panasonic MBDHT2510E<\/td>\n<td>\u00a0Servo Panasonic MDDHT5540<\/td>\n<\/tr>\n<tr>\n<td>\u00a0Servo Panasonic MADHT1505E<\/td>\n<td>\u00a0Servo Panasonic MCDHT3520<\/td>\n<td>\u00a0Servo Panasonic MDDHT5540CA1<\/td>\n<\/tr>\n<tr>\n<td>\u00a0Servo Panasonic MADHT1505NB4<\/td>\n<td>\u00a0Servo Panasonic MCDHT3520E<\/td>\n<td>\u00a0Servo Panasonic MDDHT5540E<\/td>\n<\/tr>\n<tr>\n<td>\u00a0Servo Panasonic MADHT1507<\/td>\n<td>\u00a0Servo Panasonic MCDHT3520E02<\/td>\n<td>\u00a0Servo Panasonic MEDHT7364<\/td>\n<\/tr>\n<tr>\n<td>\u00a0Servo Panasonic MADHT1507CA1<\/td>\n<td>\u00a0Servo Panasonic MCDHT3520LA1<\/td>\n<td>\u00a0Servo Panasonic MEDHT7364E<\/td>\n<\/tr>\n<tr>\n<td>\u00a0Servo Panasonic MADHT1507E<\/td>\n<td>\u00a0Servo Panasonic MCDHT3520NA1<\/td>\n<td>\u00a0Servo Panasonic MFDHTA390<\/td>\n<\/tr>\n<tr>\n<td>\u00a0Servo Panasonic MADHT1507E02<\/td>\n<td>\u00a0Servo Panasonic MDDHT3530<\/td>\n<td>\u00a0Servo Panasonic MFDHTA390E<\/td>\n<\/tr>\n<tr>\n<td>\u00a0Servo Panasonic MADHT1507LA1<\/td>\n<td>\u00a0Servo Panasonic MDDHT3530CA1<\/td>\n<td>\u00a0Servo Panasonic MFDHTB3A2<\/td>\n<\/tr>\n<tr>\n<td>\u00a0Servo Panasonic MADHT1507NA1<\/td>\n<td>\u00a0Servo Panasonic MDDHT3530E<\/td>\n<td>\u00a0Servo Panasonic MFDHTB3A2E<\/td>\n<\/tr>\n<tr>\n<td>\u00a0Servo Panasonic MBDHT2510<\/td>\n<td>\u00a0Servo Panasonic MDDHT3530E02<\/td>\n<td>\u00a0Servo Panasonic MFDHTA390CA1<\/td>\n<\/tr>\n<\/tbody>\n<\/table>\n<p>&nbsp;<\/p>\n<p>\u0110\u1ea1i l\u00fd Panasonic vietnam, Panasonic viet nam, Panasonic vietnam distributor, Ph\u00e2n ph\u1ed1i Panasonic t\u1ea1i vi\u1ec7t nam<\/p>\n<p>\u0110\u1ea1i l\u00fd Panasonic vietnam, Panasonic viet nam, Panasonic vietnam distributor, Ph\u00e2n ph\u1ed1i Panasonic t\u1ea1i vi\u1ec7t nam<\/p>\n<p>\u0110\u1ea1i l\u00fd Panasonic vietnam, Panasonic viet nam, Panasonic vietnam distributor, Ph\u00e2n ph\u1ed1i Panasonic t\u1ea1i vi\u1ec7t nam<\/p>\n<p>\u0110\u1ea1i l\u00fd Panasonic vietnam, Panasonic viet nam, Panasonic vietnam distributor, Ph\u00e2n ph\u1ed1i Panasonic t\u1ea1i vi\u1ec7t nam<\/p>\n<p>\u0110\u1ea1i l\u00fd Panasonic vietnam, Panasonic viet nam, Panasonic vietnam distributor, Ph\u00e2n ph\u1ed1i Panasonic t\u1ea1i vi\u1ec7t nam<\/p>\n","protected":false},"excerpt":{"rendered":"<p>PANASONIC MDDKT5540CA1 PANASONIC MDDKT5540CA1 MDDKT5540, MDDKT5540E, MDDKT5540CA1 Servo Panasonic A5 1.5kw Th\u00f4ng s\u1ed1 k\u1ef9 thu\u1eadt H\u00e3ng s\u1ea3n xu\u1ea5t: Panasonic, h\u00e0ng m\u1edbi 100% Ch\u1ee9c n\u0103ng \u0111i\u1ec1u khi\u1ec3n v\u1ecb tr\u00ed, t\u1ed1c \u0111\u1ed9 v\u00e0 moment Ngu\u1ed3n \u0111i\u1ec7n v\u00e0o: 200VAC-240VAC C\u00f4ng su\u1ea5t: 1.5KW K\u1ebft n\u1ed1i PLC qua c\u1ed5ng USB Ch\u1ee9c n\u0103ng \u0111i\u1ec1u khi\u1ec3n v\u1ecb&hellip; <\/p>\n","protected":false},"featured_media":1767,"comment_status":"open","ping_status":"closed","template":"","meta":[],"product_cat":[298],"product_tag":[343,86,87],"class_list":{"0":"post-1766","1":"product","2":"type-product","3":"status-publish","4":"has-post-thumbnail","6":"product_cat-panasonic","7":"product_tag-bo-cai-dat-toc-do","8":"product_tag-dai-ly-panasonic-viet-nam","9":"product_tag-panasonic-viet-nam","11":"first","12":"instock","13":"shipping-taxable","14":"product-type-simple"},"yoast_head":"<!-- This site is optimized with the Yoast SEO plugin v22.8 - https:\/\/yoast.com\/wordpress\/plugins\/seo\/ -->\n<title>PANASONIC MDDKT5540CA1 - OMANI VI\u1ec6T NAM<\/title>\n<meta name=\"robots\" content=\"index, follow, max-snippet:-1, max-image-preview:large, max-video-preview:-1\" \/>\n<link rel=\"canonical\" href=\"https:\/\/omanivietnam.com\/index.php\/san-pham\/panasonic-mddkt5540ca1\/\" \/>\n<meta property=\"og:locale\" content=\"vi_VN\" \/>\n<meta property=\"og:type\" content=\"article\" \/>\n<meta property=\"og:title\" content=\"PANASONIC MDDKT5540CA1 - OMANI VI\u1ec6T NAM\" \/>\n<meta property=\"og:description\" content=\"PANASONIC MDDKT5540CA1 PANASONIC MDDKT5540CA1 MDDKT5540, MDDKT5540E, MDDKT5540CA1 Servo Panasonic A5 1.5kw Th\u00f4ng s\u1ed1 k\u1ef9 thu\u1eadt H\u00e3ng s\u1ea3n xu\u1ea5t: Panasonic, h\u00e0ng m\u1edbi 100% Ch\u1ee9c n\u0103ng \u0111i\u1ec1u khi\u1ec3n v\u1ecb tr\u00ed, t\u1ed1c \u0111\u1ed9 v\u00e0 moment Ngu\u1ed3n \u0111i\u1ec7n v\u00e0o: 200VAC-240VAC C\u00f4ng su\u1ea5t: 1.5KW K\u1ebft n\u1ed1i PLC qua c\u1ed5ng USB Ch\u1ee9c n\u0103ng \u0111i\u1ec1u khi\u1ec3n v\u1ecb&hellip;\" \/>\n<meta property=\"og:url\" content=\"https:\/\/omanivietnam.com\/index.php\/san-pham\/panasonic-mddkt5540ca1\/\" \/>\n<meta property=\"og:site_name\" content=\"OMANI VI\u1ec6T NAM\" \/>\n<meta property=\"og:image\" content=\"https:\/\/omanivietnam.com\/wp-content\/uploads\/2024\/09\/MDDKT5540CA1.png\" \/>\n\t<meta property=\"og:image:width\" content=\"624\" \/>\n\t<meta property=\"og:image:height\" content=\"446\" \/>\n\t<meta property=\"og:image:type\" content=\"image\/png\" \/>\n<meta name=\"twitter:card\" content=\"summary_large_image\" \/>\n<meta name=\"twitter:label1\" content=\"\u01af\u1edbc t\u00ednh th\u1eddi gian \u0111\u1ecdc\" \/>\n\t<meta name=\"twitter:data1\" content=\"3 ph\u00fat\" \/>\n<script type=\"application\/ld+json\" class=\"yoast-schema-graph\">{\"@context\":\"https:\/\/schema.org\",\"@graph\":[{\"@type\":\"WebPage\",\"@id\":\"https:\/\/omanivietnam.com\/index.php\/san-pham\/panasonic-mddkt5540ca1\/\",\"url\":\"https:\/\/omanivietnam.com\/index.php\/san-pham\/panasonic-mddkt5540ca1\/\",\"name\":\"PANASONIC MDDKT5540CA1 - OMANI VI\u1ec6T NAM\",\"isPartOf\":{\"@id\":\"https:\/\/omanivietnam.com\/#website\"},\"primaryImageOfPage\":{\"@id\":\"https:\/\/omanivietnam.com\/index.php\/san-pham\/panasonic-mddkt5540ca1\/#primaryimage\"},\"image\":{\"@id\":\"https:\/\/omanivietnam.com\/index.php\/san-pham\/panasonic-mddkt5540ca1\/#primaryimage\"},\"thumbnailUrl\":\"https:\/\/omanivietnam.com\/wp-content\/uploads\/2024\/09\/MDDKT5540CA1.png\",\"datePublished\":\"2024-09-15T22:39:08+00:00\",\"dateModified\":\"2024-09-15T22:39:08+00:00\",\"breadcrumb\":{\"@id\":\"https:\/\/omanivietnam.com\/index.php\/san-pham\/panasonic-mddkt5540ca1\/#breadcrumb\"},\"inLanguage\":\"vi\",\"potentialAction\":[{\"@type\":\"ReadAction\",\"target\":[\"https:\/\/omanivietnam.com\/index.php\/san-pham\/panasonic-mddkt5540ca1\/\"]}]},{\"@type\":\"ImageObject\",\"inLanguage\":\"vi\",\"@id\":\"https:\/\/omanivietnam.com\/index.php\/san-pham\/panasonic-mddkt5540ca1\/#primaryimage\",\"url\":\"https:\/\/omanivietnam.com\/wp-content\/uploads\/2024\/09\/MDDKT5540CA1.png\",\"contentUrl\":\"https:\/\/omanivietnam.com\/wp-content\/uploads\/2024\/09\/MDDKT5540CA1.png\",\"width\":624,\"height\":446},{\"@type\":\"BreadcrumbList\",\"@id\":\"https:\/\/omanivietnam.com\/index.php\/san-pham\/panasonic-mddkt5540ca1\/#breadcrumb\",\"itemListElement\":[{\"@type\":\"ListItem\",\"position\":1,\"name\":\"Home\",\"item\":\"https:\/\/omanivietnam.com\/\"},{\"@type\":\"ListItem\",\"position\":2,\"name\":\"S\u1ea2N PH\u1ea8M\",\"item\":\"https:\/\/omanivietnam.com\/index.php\/cua-hang\/\"},{\"@type\":\"ListItem\",\"position\":3,\"name\":\"PANASONIC MDDKT5540CA1\"}]},{\"@type\":\"WebSite\",\"@id\":\"https:\/\/omanivietnam.com\/#website\",\"url\":\"https:\/\/omanivietnam.com\/\",\"name\":\"OMANI VI\u1ec6T NAM\",\"description\":\"Nh\u00e0 ph\u00e2n ph\u1ed1i thi\u1ebft b\u1ecb kh\u00ed n\u00e9n v\u00e0 thi\u1ebft b\u1ecb t\u1ef1 \u0111\u1ed9ng h\u00f3a trong c\u00f4ng nghi\u1ec7p\",\"publisher\":{\"@id\":\"https:\/\/omanivietnam.com\/#\/schema\/person\/0ad398a980dc3fd696111c2c5c8fa897\"},\"potentialAction\":[{\"@type\":\"SearchAction\",\"target\":{\"@type\":\"EntryPoint\",\"urlTemplate\":\"https:\/\/omanivietnam.com\/?s={search_term_string}\"},\"query-input\":\"required name=search_term_string\"}],\"inLanguage\":\"vi\"},{\"@type\":[\"Person\",\"Organization\"],\"@id\":\"https:\/\/omanivietnam.com\/#\/schema\/person\/0ad398a980dc3fd696111c2c5c8fa897\",\"name\":\"Nguy\u1ec5n V\u0103n Kh\u00e1nh\",\"image\":{\"@type\":\"ImageObject\",\"inLanguage\":\"vi\",\"@id\":\"https:\/\/omanivietnam.com\/#\/schema\/person\/image\/\",\"url\":\"https:\/\/omanivietnam.com\/wp-content\/uploads\/2024\/06\/logo-1024x1024.png\",\"contentUrl\":\"https:\/\/omanivietnam.com\/wp-content\/uploads\/2024\/06\/logo-1024x1024.png\",\"width\":1024,\"height\":1024,\"caption\":\"Nguy\u1ec5n V\u0103n Kh\u00e1nh\"},\"logo\":{\"@id\":\"https:\/\/omanivietnam.com\/#\/schema\/person\/image\/\"},\"sameAs\":[\"https:\/\/omanivietnam.com\"]}]}<\/script>\n<!-- \/ Yoast SEO plugin. -->","yoast_head_json":{"title":"PANASONIC MDDKT5540CA1 - OMANI VI\u1ec6T NAM","robots":{"index":"index","follow":"follow","max-snippet":"max-snippet:-1","max-image-preview":"max-image-preview:large","max-video-preview":"max-video-preview:-1"},"canonical":"https:\/\/omanivietnam.com\/index.php\/san-pham\/panasonic-mddkt5540ca1\/","og_locale":"vi_VN","og_type":"article","og_title":"PANASONIC MDDKT5540CA1 - OMANI VI\u1ec6T NAM","og_description":"PANASONIC MDDKT5540CA1 PANASONIC MDDKT5540CA1 MDDKT5540, MDDKT5540E, MDDKT5540CA1 Servo Panasonic A5 1.5kw Th\u00f4ng s\u1ed1 k\u1ef9 thu\u1eadt H\u00e3ng s\u1ea3n xu\u1ea5t: Panasonic, h\u00e0ng m\u1edbi 100% Ch\u1ee9c n\u0103ng \u0111i\u1ec1u khi\u1ec3n v\u1ecb tr\u00ed, t\u1ed1c \u0111\u1ed9 v\u00e0 moment Ngu\u1ed3n \u0111i\u1ec7n v\u00e0o: 200VAC-240VAC C\u00f4ng su\u1ea5t: 1.5KW K\u1ebft n\u1ed1i PLC qua c\u1ed5ng USB Ch\u1ee9c n\u0103ng \u0111i\u1ec1u khi\u1ec3n v\u1ecb&hellip;","og_url":"https:\/\/omanivietnam.com\/index.php\/san-pham\/panasonic-mddkt5540ca1\/","og_site_name":"OMANI VI\u1ec6T NAM","og_image":[{"width":624,"height":446,"url":"https:\/\/omanivietnam.com\/wp-content\/uploads\/2024\/09\/MDDKT5540CA1.png","type":"image\/png"}],"twitter_card":"summary_large_image","twitter_misc":{"\u01af\u1edbc t\u00ednh th\u1eddi gian \u0111\u1ecdc":"3 ph\u00fat"},"schema":{"@context":"https:\/\/schema.org","@graph":[{"@type":"WebPage","@id":"https:\/\/omanivietnam.com\/index.php\/san-pham\/panasonic-mddkt5540ca1\/","url":"https:\/\/omanivietnam.com\/index.php\/san-pham\/panasonic-mddkt5540ca1\/","name":"PANASONIC MDDKT5540CA1 - OMANI VI\u1ec6T NAM","isPartOf":{"@id":"https:\/\/omanivietnam.com\/#website"},"primaryImageOfPage":{"@id":"https:\/\/omanivietnam.com\/index.php\/san-pham\/panasonic-mddkt5540ca1\/#primaryimage"},"image":{"@id":"https:\/\/omanivietnam.com\/index.php\/san-pham\/panasonic-mddkt5540ca1\/#primaryimage"},"thumbnailUrl":"https:\/\/omanivietnam.com\/wp-content\/uploads\/2024\/09\/MDDKT5540CA1.png","datePublished":"2024-09-15T22:39:08+00:00","dateModified":"2024-09-15T22:39:08+00:00","breadcrumb":{"@id":"https:\/\/omanivietnam.com\/index.php\/san-pham\/panasonic-mddkt5540ca1\/#breadcrumb"},"inLanguage":"vi","potentialAction":[{"@type":"ReadAction","target":["https:\/\/omanivietnam.com\/index.php\/san-pham\/panasonic-mddkt5540ca1\/"]}]},{"@type":"ImageObject","inLanguage":"vi","@id":"https:\/\/omanivietnam.com\/index.php\/san-pham\/panasonic-mddkt5540ca1\/#primaryimage","url":"https:\/\/omanivietnam.com\/wp-content\/uploads\/2024\/09\/MDDKT5540CA1.png","contentUrl":"https:\/\/omanivietnam.com\/wp-content\/uploads\/2024\/09\/MDDKT5540CA1.png","width":624,"height":446},{"@type":"BreadcrumbList","@id":"https:\/\/omanivietnam.com\/index.php\/san-pham\/panasonic-mddkt5540ca1\/#breadcrumb","itemListElement":[{"@type":"ListItem","position":1,"name":"Home","item":"https:\/\/omanivietnam.com\/"},{"@type":"ListItem","position":2,"name":"S\u1ea2N PH\u1ea8M","item":"https:\/\/omanivietnam.com\/index.php\/cua-hang\/"},{"@type":"ListItem","position":3,"name":"PANASONIC MDDKT5540CA1"}]},{"@type":"WebSite","@id":"https:\/\/omanivietnam.com\/#website","url":"https:\/\/omanivietnam.com\/","name":"OMANI VI\u1ec6T NAM","description":"Nh\u00e0 ph\u00e2n ph\u1ed1i thi\u1ebft b\u1ecb kh\u00ed n\u00e9n v\u00e0 thi\u1ebft b\u1ecb t\u1ef1 \u0111\u1ed9ng h\u00f3a trong c\u00f4ng nghi\u1ec7p","publisher":{"@id":"https:\/\/omanivietnam.com\/#\/schema\/person\/0ad398a980dc3fd696111c2c5c8fa897"},"potentialAction":[{"@type":"SearchAction","target":{"@type":"EntryPoint","urlTemplate":"https:\/\/omanivietnam.com\/?s={search_term_string}"},"query-input":"required name=search_term_string"}],"inLanguage":"vi"},{"@type":["Person","Organization"],"@id":"https:\/\/omanivietnam.com\/#\/schema\/person\/0ad398a980dc3fd696111c2c5c8fa897","name":"Nguy\u1ec5n V\u0103n Kh\u00e1nh","image":{"@type":"ImageObject","inLanguage":"vi","@id":"https:\/\/omanivietnam.com\/#\/schema\/person\/image\/","url":"https:\/\/omanivietnam.com\/wp-content\/uploads\/2024\/06\/logo-1024x1024.png","contentUrl":"https:\/\/omanivietnam.com\/wp-content\/uploads\/2024\/06\/logo-1024x1024.png","width":1024,"height":1024,"caption":"Nguy\u1ec5n V\u0103n Kh\u00e1nh"},"logo":{"@id":"https:\/\/omanivietnam.com\/#\/schema\/person\/image\/"},"sameAs":["https:\/\/omanivietnam.com"]}]}},"_links":{"self":[{"href":"https:\/\/omanivietnam.com\/index.php\/wp-json\/wp\/v2\/product\/1766","targetHints":{"allow":["GET"]}}],"collection":[{"href":"https:\/\/omanivietnam.com\/index.php\/wp-json\/wp\/v2\/product"}],"about":[{"href":"https:\/\/omanivietnam.com\/index.php\/wp-json\/wp\/v2\/types\/product"}],"replies":[{"embeddable":true,"href":"https:\/\/omanivietnam.com\/index.php\/wp-json\/wp\/v2\/comments?post=1766"}],"wp:featuredmedia":[{"embeddable":true,"href":"https:\/\/omanivietnam.com\/index.php\/wp-json\/wp\/v2\/media\/1767"}],"wp:attachment":[{"href":"https:\/\/omanivietnam.com\/index.php\/wp-json\/wp\/v2\/media?parent=1766"}],"wp:term":[{"taxonomy":"product_cat","embeddable":true,"href":"https:\/\/omanivietnam.com\/index.php\/wp-json\/wp\/v2\/product_cat?post=1766"},{"taxonomy":"product_tag","embeddable":true,"href":"https:\/\/omanivietnam.com\/index.php\/wp-json\/wp\/v2\/product_tag?post=1766"}],"curies":[{"name":"wp","href":"https:\/\/api.w.org\/{rel}","templated":true}]}}