{"id":1776,"date":"2024-09-18T05:43:35","date_gmt":"2024-09-17T22:43:35","guid":{"rendered":"https:\/\/omanivietnam.com\/?post_type=product&#038;p=1776"},"modified":"2025-04-22T21:14:26","modified_gmt":"2025-04-22T14:14:26","slug":"leuze-prk-18-4-dl-4-50080153","status":"publish","type":"product","link":"https:\/\/omanivietnam.com\/index.php\/san-pham\/leuze-prk-18-4-dl-4-50080153\/","title":{"rendered":"LEUZE PRK 18\/4 DL.4"},"content":{"rendered":"<p>LEUZE PRK 18\/4 DL.4 | 50080153<\/p>\n<p class=\"title-product item_name\">C\u1ea3m bi\u1ebfn quang Leuze PRK 18\/4-DL.4 50080153<\/p>\n<p>1. C\u1ea3m bi\u1ebfn quang\u00a0PRK 18\/4-DL.4 50080153:<\/p>\n<div>\n<p>S\u1ed1 m\u1eb7t h\u00e0ng: PRK-18\/4-DL.4<br \/>\nNh\u00e3n hi\u1ec7u:Kh\u1ea9u hi\u1ec7u<br \/>\nH\u1ea1ng m\u1ee5c:C\u1ea3m bi\u1ebfn quang \u0111i\u1ec7n<br \/>\nDanh m\u1ee5c con:Ph\u1ea3n x\u1ea1 ng\u01b0\u1ee3c<br \/>\nH\u00e0ng lo\u1ea1t:18<br \/>\nLo\u1ea1i \u0111i\u1ec7n:DC<br \/>\nLo\u1ea1i tia:M\u00e0u \u0111\u1ecf c\u00f3 th\u1ec3 nh\u00ecn th\u1ea5y<br \/>\nPh\u1ea1m vi t\u1ed1i \u0111a:9,84 B\u1ed9<br \/>\nPh\u1ea1m vi \u0111i\u1ec7n \u00e1p ho\u1ea1t \u0111\u1ed9ng:10 ~ 30 VDC<br \/>\nLo\u1ea1i \u0111\u1ea7u ra:PNP<br \/>\nCh\u1ebf \u0111\u1ed9 ho\u1ea1t \u0111\u1ed9ng:B\u1eadt s\u00e1ng; B\u1eadt s\u00e1ng \/ t\u1ed1i<br \/>\nKi\u1ec3u k\u1ebft n\u1ed1i:4 pin Mini<br \/>\nT\u1ea3i t\u1ed1i \u0111a hi\u1ec7n t\u1ea1i:0,1 Amps<br \/>\nTh\u00e0nh ph\u1ea7n:Kim lo\u1ea1i<br \/>\n\u0110\u00e1nh gi\u00e1 m\u00f4i tr\u01b0\u1eddng:IP67; IP69K<br \/>\nChuy\u1ec3n \u0111\u1ed5i th\u01b0\u1eddng xuy\u00ean:1.500 Hertz<br \/>\nB\u1ed9 l\u1ecdc ph\u00e2n c\u1ef1c:\u0110\u00fang<br \/>\nPh\u01b0\u01a1ng ti\u1ec7n trong su\u1ed1t Sense:\u0110\u00fang<br \/>\nCao x R\u1ed9ng x Cao:2,36 in x 0,59 in x 1,3 inch<br \/>\nKh\u1ed1i l\u01b0\u1ee3ng t\u1ecbnh:5,29 oz<\/p>\n<p>2.\u00a0C\u00e1c m\u00e3 h\u00e0ng t\u01b0\u01a1ng \u0111\u01b0\u01a1ng C\u1ea3m bi\u1ebfn quang\u00a0PRK 18\/4-DL.4 50080153:<\/p>\n<p>PRK 105\/4-S8<br \/>\nPRK 18\/2 DL.4<br \/>\nPRK 18\/4-DL.4<br \/>\nPRK 18\/24 DL.42<br \/>\nPRK 18\/24 DL.46<br \/>\nPRK 18\/4 DL.4<br \/>\nPRK 18\/4 L<br \/>\nPRK 18\/4 L.4<br \/>\nPRK 18\/4,6000<br \/>\nPRK 25\/4.8-S12<br \/>\nPRK 25\/4D-S12<br \/>\nPRK 25\/66<br \/>\nPRK 25\/66, 150-S12<br \/>\nPRK 25\/66, 300-S12<br \/>\nPRK 25\/66.1<br \/>\nPRK 25\/66.1-S12<br \/>\nPRK 25\/66.1-S8<br \/>\nPRK 25\/66.2, 150-S12<br \/>\nPRK 25B\/66.3,200-S12<\/p>\n<p>\u0110\u1ea1i l\u00fd LEUZE vietnam, LEUZE viet nam, LEUZE vietnam distributor, Ph\u00e2n ph\u1ed1i LEUZE t\u1ea1i vi\u1ec7t nam<\/p>\n<p>\u0110\u1ea1i l\u00fd LEUZE vietnam, LEUZE viet nam, LEUZE vietnam distributor, Ph\u00e2n ph\u1ed1i LEUZE t\u1ea1i vi\u1ec7t nam<\/p>\n<p>\u0110\u1ea1i l\u00fd LEUZE vietnam, LEUZE viet nam, LEUZE vietnam distributor, Ph\u00e2n ph\u1ed1i LEUZE t\u1ea1i vi\u1ec7t nam<\/p>\n<p>\u0110\u1ea1i l\u00fd LEUZE vietnam, LEUZE viet nam, LEUZE vietnam distributor, Ph\u00e2n ph\u1ed1i LEUZE t\u1ea1i vi\u1ec7t nam<\/p>\n<p>\u0110\u1ea1i l\u00fd LEUZE vietnam, LEUZE viet nam, LEUZE vietnam distributor, Ph\u00e2n ph\u1ed1i LEUZE t\u1ea1i vi\u1ec7t nam<\/p>\n<\/div>\n","protected":false},"excerpt":{"rendered":"<p>LEUZE PRK 18\/4 DL.4 | 50080153 C\u1ea3m bi\u1ebfn quang Leuze PRK 18\/4-DL.4 50080153 1. C\u1ea3m bi\u1ebfn quang\u00a0PRK 18\/4-DL.4 50080153: S\u1ed1 m\u1eb7t h\u00e0ng: PRK-18\/4-DL.4 Nh\u00e3n hi\u1ec7u:Kh\u1ea9u hi\u1ec7u H\u1ea1ng m\u1ee5c:C\u1ea3m bi\u1ebfn quang \u0111i\u1ec7n Danh m\u1ee5c con:Ph\u1ea3n x\u1ea1 ng\u01b0\u1ee3c H\u00e0ng lo\u1ea1t:18 Lo\u1ea1i \u0111i\u1ec7n:DC Lo\u1ea1i tia:M\u00e0u \u0111\u1ecf c\u00f3 th\u1ec3 nh\u00ecn th\u1ea5y Ph\u1ea1m vi t\u1ed1i&hellip; <\/p>\n","protected":false},"featured_media":1777,"comment_status":"open","ping_status":"closed","template":"","meta":[],"product_cat":[345],"product_tag":[88,269,268],"class_list":{"0":"post-1776","1":"product","2":"type-product","3":"status-publish","4":"has-post-thumbnail","6":"product_cat-leuze","7":"product_tag-cam-bien","8":"product_tag-dai-ly-leuze-viet-nam","9":"product_tag-leuze-viet-nam","11":"first","12":"instock","13":"shipping-taxable","14":"product-type-simple"},"yoast_head":"<!-- This site is optimized with the Yoast SEO plugin v22.8 - https:\/\/yoast.com\/wordpress\/plugins\/seo\/ -->\n<title>LEUZE PRK 18\/4 DL.4 - OMANI VI\u1ec6T NAM<\/title>\n<meta name=\"description\" content=\"LEUZE PRK 18\/4 DL.4 Sensor\" \/>\n<meta name=\"robots\" content=\"index, follow, max-snippet:-1, max-image-preview:large, max-video-preview:-1\" \/>\n<link rel=\"canonical\" href=\"https:\/\/omanivietnam.com\/index.php\/san-pham\/leuze-prk-18-4-dl-4-50080153\/\" \/>\n<meta property=\"og:locale\" content=\"vi_VN\" \/>\n<meta property=\"og:type\" content=\"article\" \/>\n<meta property=\"og:title\" content=\"LEUZE PRK 18\/4 DL.4 - OMANI VI\u1ec6T NAM\" \/>\n<meta property=\"og:description\" content=\"LEUZE PRK 18\/4 DL.4 Sensor\" \/>\n<meta property=\"og:url\" content=\"https:\/\/omanivietnam.com\/index.php\/san-pham\/leuze-prk-18-4-dl-4-50080153\/\" \/>\n<meta property=\"og:site_name\" content=\"OMANI VI\u1ec6T NAM\" \/>\n<meta property=\"article:modified_time\" content=\"2025-04-22T14:14:26+00:00\" \/>\n<meta property=\"og:image\" content=\"https:\/\/omanivietnam.com\/wp-content\/uploads\/2024\/09\/50080153.png\" \/>\n\t<meta property=\"og:image:width\" content=\"611\" \/>\n\t<meta property=\"og:image:height\" content=\"373\" \/>\n\t<meta property=\"og:image:type\" content=\"image\/png\" \/>\n<meta name=\"twitter:card\" content=\"summary_large_image\" \/>\n<meta name=\"twitter:label1\" content=\"\u01af\u1edbc t\u00ednh th\u1eddi gian \u0111\u1ecdc\" \/>\n\t<meta name=\"twitter:data1\" content=\"2 ph\u00fat\" \/>\n<script type=\"application\/ld+json\" class=\"yoast-schema-graph\">{\"@context\":\"https:\/\/schema.org\",\"@graph\":[{\"@type\":\"WebPage\",\"@id\":\"https:\/\/omanivietnam.com\/index.php\/san-pham\/leuze-prk-18-4-dl-4-50080153\/\",\"url\":\"https:\/\/omanivietnam.com\/index.php\/san-pham\/leuze-prk-18-4-dl-4-50080153\/\",\"name\":\"LEUZE PRK 18\/4 DL.4 - OMANI VI\u1ec6T NAM\",\"isPartOf\":{\"@id\":\"https:\/\/omanivietnam.com\/#website\"},\"primaryImageOfPage\":{\"@id\":\"https:\/\/omanivietnam.com\/index.php\/san-pham\/leuze-prk-18-4-dl-4-50080153\/#primaryimage\"},\"image\":{\"@id\":\"https:\/\/omanivietnam.com\/index.php\/san-pham\/leuze-prk-18-4-dl-4-50080153\/#primaryimage\"},\"thumbnailUrl\":\"https:\/\/omanivietnam.com\/wp-content\/uploads\/2024\/09\/50080153.png\",\"datePublished\":\"2024-09-17T22:43:35+00:00\",\"dateModified\":\"2025-04-22T14:14:26+00:00\",\"description\":\"LEUZE PRK 18\/4 DL.4 Sensor\",\"breadcrumb\":{\"@id\":\"https:\/\/omanivietnam.com\/index.php\/san-pham\/leuze-prk-18-4-dl-4-50080153\/#breadcrumb\"},\"inLanguage\":\"vi\",\"potentialAction\":[{\"@type\":\"ReadAction\",\"target\":[\"https:\/\/omanivietnam.com\/index.php\/san-pham\/leuze-prk-18-4-dl-4-50080153\/\"]}]},{\"@type\":\"ImageObject\",\"inLanguage\":\"vi\",\"@id\":\"https:\/\/omanivietnam.com\/index.php\/san-pham\/leuze-prk-18-4-dl-4-50080153\/#primaryimage\",\"url\":\"https:\/\/omanivietnam.com\/wp-content\/uploads\/2024\/09\/50080153.png\",\"contentUrl\":\"https:\/\/omanivietnam.com\/wp-content\/uploads\/2024\/09\/50080153.png\",\"width\":611,\"height\":373},{\"@type\":\"BreadcrumbList\",\"@id\":\"https:\/\/omanivietnam.com\/index.php\/san-pham\/leuze-prk-18-4-dl-4-50080153\/#breadcrumb\",\"itemListElement\":[{\"@type\":\"ListItem\",\"position\":1,\"name\":\"Home\",\"item\":\"https:\/\/omanivietnam.com\/\"},{\"@type\":\"ListItem\",\"position\":2,\"name\":\"S\u1ea2N PH\u1ea8M\",\"item\":\"https:\/\/omanivietnam.com\/index.php\/cua-hang\/\"},{\"@type\":\"ListItem\",\"position\":3,\"name\":\"LEUZE PRK 18\/4 DL.4\"}]},{\"@type\":\"WebSite\",\"@id\":\"https:\/\/omanivietnam.com\/#website\",\"url\":\"https:\/\/omanivietnam.com\/\",\"name\":\"OMANI VI\u1ec6T NAM\",\"description\":\"Nh\u00e0 ph\u00e2n ph\u1ed1i thi\u1ebft b\u1ecb kh\u00ed n\u00e9n v\u00e0 thi\u1ebft b\u1ecb t\u1ef1 \u0111\u1ed9ng h\u00f3a trong c\u00f4ng nghi\u1ec7p\",\"publisher\":{\"@id\":\"https:\/\/omanivietnam.com\/#\/schema\/person\/0ad398a980dc3fd696111c2c5c8fa897\"},\"potentialAction\":[{\"@type\":\"SearchAction\",\"target\":{\"@type\":\"EntryPoint\",\"urlTemplate\":\"https:\/\/omanivietnam.com\/?s={search_term_string}\"},\"query-input\":\"required name=search_term_string\"}],\"inLanguage\":\"vi\"},{\"@type\":[\"Person\",\"Organization\"],\"@id\":\"https:\/\/omanivietnam.com\/#\/schema\/person\/0ad398a980dc3fd696111c2c5c8fa897\",\"name\":\"Nguy\u1ec5n V\u0103n Kh\u00e1nh\",\"image\":{\"@type\":\"ImageObject\",\"inLanguage\":\"vi\",\"@id\":\"https:\/\/omanivietnam.com\/#\/schema\/person\/image\/\",\"url\":\"https:\/\/omanivietnam.com\/wp-content\/uploads\/2024\/06\/logo-1024x1024.png\",\"contentUrl\":\"https:\/\/omanivietnam.com\/wp-content\/uploads\/2024\/06\/logo-1024x1024.png\",\"width\":1024,\"height\":1024,\"caption\":\"Nguy\u1ec5n V\u0103n Kh\u00e1nh\"},\"logo\":{\"@id\":\"https:\/\/omanivietnam.com\/#\/schema\/person\/image\/\"},\"sameAs\":[\"https:\/\/omanivietnam.com\"]}]}<\/script>\n<!-- \/ Yoast SEO plugin. -->","yoast_head_json":{"title":"LEUZE PRK 18\/4 DL.4 - OMANI VI\u1ec6T NAM","description":"LEUZE PRK 18\/4 DL.4 Sensor","robots":{"index":"index","follow":"follow","max-snippet":"max-snippet:-1","max-image-preview":"max-image-preview:large","max-video-preview":"max-video-preview:-1"},"canonical":"https:\/\/omanivietnam.com\/index.php\/san-pham\/leuze-prk-18-4-dl-4-50080153\/","og_locale":"vi_VN","og_type":"article","og_title":"LEUZE PRK 18\/4 DL.4 - OMANI VI\u1ec6T NAM","og_description":"LEUZE PRK 18\/4 DL.4 Sensor","og_url":"https:\/\/omanivietnam.com\/index.php\/san-pham\/leuze-prk-18-4-dl-4-50080153\/","og_site_name":"OMANI VI\u1ec6T NAM","article_modified_time":"2025-04-22T14:14:26+00:00","og_image":[{"width":611,"height":373,"url":"https:\/\/omanivietnam.com\/wp-content\/uploads\/2024\/09\/50080153.png","type":"image\/png"}],"twitter_card":"summary_large_image","twitter_misc":{"\u01af\u1edbc t\u00ednh th\u1eddi gian \u0111\u1ecdc":"2 ph\u00fat"},"schema":{"@context":"https:\/\/schema.org","@graph":[{"@type":"WebPage","@id":"https:\/\/omanivietnam.com\/index.php\/san-pham\/leuze-prk-18-4-dl-4-50080153\/","url":"https:\/\/omanivietnam.com\/index.php\/san-pham\/leuze-prk-18-4-dl-4-50080153\/","name":"LEUZE PRK 18\/4 DL.4 - OMANI VI\u1ec6T NAM","isPartOf":{"@id":"https:\/\/omanivietnam.com\/#website"},"primaryImageOfPage":{"@id":"https:\/\/omanivietnam.com\/index.php\/san-pham\/leuze-prk-18-4-dl-4-50080153\/#primaryimage"},"image":{"@id":"https:\/\/omanivietnam.com\/index.php\/san-pham\/leuze-prk-18-4-dl-4-50080153\/#primaryimage"},"thumbnailUrl":"https:\/\/omanivietnam.com\/wp-content\/uploads\/2024\/09\/50080153.png","datePublished":"2024-09-17T22:43:35+00:00","dateModified":"2025-04-22T14:14:26+00:00","description":"LEUZE PRK 18\/4 DL.4 Sensor","breadcrumb":{"@id":"https:\/\/omanivietnam.com\/index.php\/san-pham\/leuze-prk-18-4-dl-4-50080153\/#breadcrumb"},"inLanguage":"vi","potentialAction":[{"@type":"ReadAction","target":["https:\/\/omanivietnam.com\/index.php\/san-pham\/leuze-prk-18-4-dl-4-50080153\/"]}]},{"@type":"ImageObject","inLanguage":"vi","@id":"https:\/\/omanivietnam.com\/index.php\/san-pham\/leuze-prk-18-4-dl-4-50080153\/#primaryimage","url":"https:\/\/omanivietnam.com\/wp-content\/uploads\/2024\/09\/50080153.png","contentUrl":"https:\/\/omanivietnam.com\/wp-content\/uploads\/2024\/09\/50080153.png","width":611,"height":373},{"@type":"BreadcrumbList","@id":"https:\/\/omanivietnam.com\/index.php\/san-pham\/leuze-prk-18-4-dl-4-50080153\/#breadcrumb","itemListElement":[{"@type":"ListItem","position":1,"name":"Home","item":"https:\/\/omanivietnam.com\/"},{"@type":"ListItem","position":2,"name":"S\u1ea2N PH\u1ea8M","item":"https:\/\/omanivietnam.com\/index.php\/cua-hang\/"},{"@type":"ListItem","position":3,"name":"LEUZE PRK 18\/4 DL.4"}]},{"@type":"WebSite","@id":"https:\/\/omanivietnam.com\/#website","url":"https:\/\/omanivietnam.com\/","name":"OMANI VI\u1ec6T NAM","description":"Nh\u00e0 ph\u00e2n ph\u1ed1i thi\u1ebft b\u1ecb kh\u00ed n\u00e9n v\u00e0 thi\u1ebft b\u1ecb t\u1ef1 \u0111\u1ed9ng h\u00f3a trong c\u00f4ng nghi\u1ec7p","publisher":{"@id":"https:\/\/omanivietnam.com\/#\/schema\/person\/0ad398a980dc3fd696111c2c5c8fa897"},"potentialAction":[{"@type":"SearchAction","target":{"@type":"EntryPoint","urlTemplate":"https:\/\/omanivietnam.com\/?s={search_term_string}"},"query-input":"required name=search_term_string"}],"inLanguage":"vi"},{"@type":["Person","Organization"],"@id":"https:\/\/omanivietnam.com\/#\/schema\/person\/0ad398a980dc3fd696111c2c5c8fa897","name":"Nguy\u1ec5n V\u0103n Kh\u00e1nh","image":{"@type":"ImageObject","inLanguage":"vi","@id":"https:\/\/omanivietnam.com\/#\/schema\/person\/image\/","url":"https:\/\/omanivietnam.com\/wp-content\/uploads\/2024\/06\/logo-1024x1024.png","contentUrl":"https:\/\/omanivietnam.com\/wp-content\/uploads\/2024\/06\/logo-1024x1024.png","width":1024,"height":1024,"caption":"Nguy\u1ec5n V\u0103n Kh\u00e1nh"},"logo":{"@id":"https:\/\/omanivietnam.com\/#\/schema\/person\/image\/"},"sameAs":["https:\/\/omanivietnam.com"]}]}},"_links":{"self":[{"href":"https:\/\/omanivietnam.com\/index.php\/wp-json\/wp\/v2\/product\/1776","targetHints":{"allow":["GET"]}}],"collection":[{"href":"https:\/\/omanivietnam.com\/index.php\/wp-json\/wp\/v2\/product"}],"about":[{"href":"https:\/\/omanivietnam.com\/index.php\/wp-json\/wp\/v2\/types\/product"}],"replies":[{"embeddable":true,"href":"https:\/\/omanivietnam.com\/index.php\/wp-json\/wp\/v2\/comments?post=1776"}],"wp:featuredmedia":[{"embeddable":true,"href":"https:\/\/omanivietnam.com\/index.php\/wp-json\/wp\/v2\/media\/1777"}],"wp:attachment":[{"href":"https:\/\/omanivietnam.com\/index.php\/wp-json\/wp\/v2\/media?parent=1776"}],"wp:term":[{"taxonomy":"product_cat","embeddable":true,"href":"https:\/\/omanivietnam.com\/index.php\/wp-json\/wp\/v2\/product_cat?post=1776"},{"taxonomy":"product_tag","embeddable":true,"href":"https:\/\/omanivietnam.com\/index.php\/wp-json\/wp\/v2\/product_tag?post=1776"}],"curies":[{"name":"wp","href":"https:\/\/api.w.org\/{rel}","templated":true}]}}