{"id":1789,"date":"2024-09-19T05:30:59","date_gmt":"2024-09-18T22:30:59","guid":{"rendered":"https:\/\/omanivietnam.com\/?post_type=product&#038;p=1789"},"modified":"2024-09-19T05:32:16","modified_gmt":"2024-09-18T22:32:16","slug":"thk-ssr25xw1qzsshhm-gk","status":"publish","type":"product","link":"https:\/\/omanivietnam.com\/index.php\/san-pham\/thk-ssr25xw1qzsshhm-gk\/","title":{"rendered":"THK SSR25XW1QZSSHHM (GK)"},"content":{"rendered":"<p>THK SSR25XW1QZSSHHM (GK)<\/p>\n<p>SSR25XW1SS(GK)<\/p>\n<p class=\"m-h1\">[Individual Block Units] Caged Ball LM Guide, Radial Type, SSR Type (SSR25XW1SS(GK))<\/p>\n<p class=\"m-h2\">Product Description<\/p>\n<p>An individual block from the THK LM guide SSR series. Extremely useful for sudden design changes and when performing maintenance.<\/p>\n<p>[Features]<br \/>\n\u00b7 Circulates the ball row using the end plate that is assembled in the LM block when the ball rotates the rotating side with four rows that have been precision ground into the LM block and LM rail.<br \/>\n\u00b7 This ball retainer has been adopted which has eliminated mutual friction between balls and also improves the holding power of the grease.<br \/>\n\u00b7 , which makes it possible to be maintenance-free over a long term, have a long life, have excellent high speed, and low noise.<br \/>\n\u00b7 Compact \/ radial type: A compact type with a low cross-sectional height, which is ideal for horizontal guide parts for ball contact structures that are strong against loads in the radial direction.<\/p>\n<table class=\"m-listTable\" summary=\"Price, Spec., etc.\">\n<tbody>\n<tr>\n<th>Radial Clearance<\/th>\n<td>Normal<\/td>\n<th>Accuracy Grade<\/th>\n<td>Standard Grade<\/td>\n<\/tr>\n<tr>\n<th>Material<\/th>\n<td>Carbon Steel<\/td>\n<th>Ball Arrangement<\/th>\n<td>4 Rows of Circular<\/td>\n<\/tr>\n<tr>\n<th>No. of Blocks Used On The Same Rail<\/th>\n<td>1<\/td>\n<th>Retainer<\/th>\n<td>Presence<\/td>\n<\/tr>\n<tr>\n<th>Lubrication System<\/th>\n<td>No<\/td>\n<th>Rolling Element<\/th>\n<td>Ball<\/td>\n<\/tr>\n<tr class=\"VN_table-row\">\n<th>Block Mounting Hole Pitch (Width Direction)(mm)<\/th>\n<td>35<\/td>\n<th>Block Mounting Hole Pitch (Length Direction)(mm)<\/th>\n<td>35<\/td>\n<\/tr>\n<tr class=\"VN_table-row\">\n<th>Block Mounting Hole Diameter<\/th>\n<td>6<\/td>\n<th>Rail Mounting Hole Pitch(mm)<\/th>\n<td>60<\/td>\n<\/tr>\n<tr class=\"VN_table-row\">\n<th>Rail Mounting Hole Diameter<\/th>\n<td>7<\/td>\n<th>Block External Dimension W(mm)<\/th>\n<td>48<\/td>\n<\/tr>\n<tr class=\"VN_table-row\">\n<th>Block External Dimension L(mm)<\/th>\n<td>83<\/td>\n<th>Mounting hole for blocks<\/th>\n<td>Tapped Holes<\/td>\n<\/tr>\n<tr class=\"VN_table-row\">\n<th>Number of Block Mounting Holes(holes)<\/th>\n<td>4<\/td>\n<th>Mounting Hole Dimension S(M)<\/th>\n<td>M6<\/td>\n<\/tr>\n<tr class=\"VN_table-row\">\n<th>Mounting Hole Dimension H(\u00f8)<\/th>\n<td>&#8211;<\/td>\n<th>Mounting Hole Screw Depth(mm)<\/th>\n<td>9<\/td>\n<\/tr>\n<tr class=\"VN_table-row\">\n<th>Block Dimension L1(mm)<\/th>\n<td>59.8<\/td>\n<th>Symbols for Dust Resistance<\/th>\n<td>Seal (end+side+inner)<\/td>\n<\/tr>\n<tr class=\"VN_table-row\">\n<th>RoHS<\/th>\n<td>10<\/td>\n<th>&#8211;<\/th>\n<td>&#8211;<\/td>\n<\/tr>\n<\/tbody>\n<\/table>\n<p>\u0110\u1ea1i l\u00fd THK vietnam, THK viet nam, THK vietnam distributor, Ph\u00e2n ph\u1ed1i THK t\u1ea1i vi\u1ec7t nam<\/p>\n<p>\u0110\u1ea1i l\u00fd THK vietnam, THK viet nam, THK vietnam distributor, Ph\u00e2n ph\u1ed1i THK t\u1ea1i vi\u1ec7t nam<\/p>\n<p>\u0110\u1ea1i l\u00fd THK vietnam, THK viet nam, THK vietnam distributor, Ph\u00e2n ph\u1ed1i THK t\u1ea1i vi\u1ec7t nam<\/p>\n<p>\u0110\u1ea1i l\u00fd THK vietnam, THK viet nam, THK vietnam distributor, Ph\u00e2n ph\u1ed1i THK t\u1ea1i vi\u1ec7t nam<\/p>\n<p>\u0110\u1ea1i l\u00fd THK vietnam, THK viet nam, THK vietnam distributor, Ph\u00e2n ph\u1ed1i THK t\u1ea1i vi\u1ec7t nam<\/p>\n","protected":false},"excerpt":{"rendered":"<p>THK SSR25XW1QZSSHHM (GK) SSR25XW1SS(GK) [Individual Block Units] Caged Ball LM Guide, Radial Type, SSR Type (SSR25XW1SS(GK)) Product Description An individual block from the THK LM guide SSR series. Extremely useful for sudden design changes and when performing maintenance. [Features] \u00b7 Circulates the ball row using the end plate that is&hellip; <\/p>\n","protected":false},"featured_media":1790,"comment_status":"open","ping_status":"closed","template":"","meta":[],"product_cat":[357],"product_tag":[359,465,358],"class_list":{"0":"post-1789","1":"product","2":"type-product","3":"status-publish","4":"has-post-thumbnail","6":"product_cat-thk","7":"product_tag-dai-ly-thk-viet-nam","8":"product_tag-goi-do","9":"product_tag-thk-viet-nam","11":"first","12":"instock","13":"shipping-taxable","14":"product-type-simple"},"yoast_head":"<!-- This site is optimized with the Yoast SEO plugin v22.8 - https:\/\/yoast.com\/wordpress\/plugins\/seo\/ -->\n<title>THK SSR25XW1QZSSHHM (GK) - OMANI VI\u1ec6T NAM<\/title>\n<meta name=\"robots\" content=\"index, follow, max-snippet:-1, max-image-preview:large, max-video-preview:-1\" \/>\n<link rel=\"canonical\" href=\"https:\/\/omanivietnam.com\/index.php\/san-pham\/thk-ssr25xw1qzsshhm-gk\/\" \/>\n<meta property=\"og:locale\" content=\"vi_VN\" \/>\n<meta property=\"og:type\" content=\"article\" \/>\n<meta property=\"og:title\" content=\"THK SSR25XW1QZSSHHM (GK) - OMANI VI\u1ec6T NAM\" \/>\n<meta property=\"og:description\" content=\"THK SSR25XW1QZSSHHM (GK) SSR25XW1SS(GK) [Individual Block Units] Caged Ball LM Guide, Radial Type, SSR Type (SSR25XW1SS(GK)) Product Description An individual block from the THK LM guide SSR series. Extremely useful for sudden design changes and when performing maintenance. [Features] \u00b7 Circulates the ball row using the end plate that is&hellip;\" \/>\n<meta property=\"og:url\" content=\"https:\/\/omanivietnam.com\/index.php\/san-pham\/thk-ssr25xw1qzsshhm-gk\/\" \/>\n<meta property=\"og:site_name\" content=\"OMANI VI\u1ec6T NAM\" \/>\n<meta property=\"article:modified_time\" content=\"2024-09-18T22:32:16+00:00\" \/>\n<meta property=\"og:image\" content=\"https:\/\/omanivietnam.com\/wp-content\/uploads\/2024\/09\/SSR25XW1QZSSHHM-GK.png\" \/>\n\t<meta property=\"og:image:width\" content=\"1311\" \/>\n\t<meta property=\"og:image:height\" content=\"595\" \/>\n\t<meta property=\"og:image:type\" content=\"image\/png\" \/>\n<meta name=\"twitter:card\" content=\"summary_large_image\" \/>\n<meta name=\"twitter:label1\" content=\"\u01af\u1edbc t\u00ednh th\u1eddi gian \u0111\u1ecdc\" \/>\n\t<meta name=\"twitter:data1\" content=\"3 ph\u00fat\" \/>\n<script type=\"application\/ld+json\" class=\"yoast-schema-graph\">{\"@context\":\"https:\/\/schema.org\",\"@graph\":[{\"@type\":\"WebPage\",\"@id\":\"https:\/\/omanivietnam.com\/index.php\/san-pham\/thk-ssr25xw1qzsshhm-gk\/\",\"url\":\"https:\/\/omanivietnam.com\/index.php\/san-pham\/thk-ssr25xw1qzsshhm-gk\/\",\"name\":\"THK SSR25XW1QZSSHHM (GK) - OMANI VI\u1ec6T NAM\",\"isPartOf\":{\"@id\":\"https:\/\/omanivietnam.com\/#website\"},\"primaryImageOfPage\":{\"@id\":\"https:\/\/omanivietnam.com\/index.php\/san-pham\/thk-ssr25xw1qzsshhm-gk\/#primaryimage\"},\"image\":{\"@id\":\"https:\/\/omanivietnam.com\/index.php\/san-pham\/thk-ssr25xw1qzsshhm-gk\/#primaryimage\"},\"thumbnailUrl\":\"https:\/\/omanivietnam.com\/wp-content\/uploads\/2024\/09\/SSR25XW1QZSSHHM-GK.png\",\"datePublished\":\"2024-09-18T22:30:59+00:00\",\"dateModified\":\"2024-09-18T22:32:16+00:00\",\"breadcrumb\":{\"@id\":\"https:\/\/omanivietnam.com\/index.php\/san-pham\/thk-ssr25xw1qzsshhm-gk\/#breadcrumb\"},\"inLanguage\":\"vi\",\"potentialAction\":[{\"@type\":\"ReadAction\",\"target\":[\"https:\/\/omanivietnam.com\/index.php\/san-pham\/thk-ssr25xw1qzsshhm-gk\/\"]}]},{\"@type\":\"ImageObject\",\"inLanguage\":\"vi\",\"@id\":\"https:\/\/omanivietnam.com\/index.php\/san-pham\/thk-ssr25xw1qzsshhm-gk\/#primaryimage\",\"url\":\"https:\/\/omanivietnam.com\/wp-content\/uploads\/2024\/09\/SSR25XW1QZSSHHM-GK.png\",\"contentUrl\":\"https:\/\/omanivietnam.com\/wp-content\/uploads\/2024\/09\/SSR25XW1QZSSHHM-GK.png\",\"width\":1311,\"height\":595},{\"@type\":\"BreadcrumbList\",\"@id\":\"https:\/\/omanivietnam.com\/index.php\/san-pham\/thk-ssr25xw1qzsshhm-gk\/#breadcrumb\",\"itemListElement\":[{\"@type\":\"ListItem\",\"position\":1,\"name\":\"Home\",\"item\":\"https:\/\/omanivietnam.com\/\"},{\"@type\":\"ListItem\",\"position\":2,\"name\":\"S\u1ea2N PH\u1ea8M\",\"item\":\"https:\/\/omanivietnam.com\/index.php\/cua-hang\/\"},{\"@type\":\"ListItem\",\"position\":3,\"name\":\"THK SSR25XW1QZSSHHM (GK)\"}]},{\"@type\":\"WebSite\",\"@id\":\"https:\/\/omanivietnam.com\/#website\",\"url\":\"https:\/\/omanivietnam.com\/\",\"name\":\"OMANI VI\u1ec6T NAM\",\"description\":\"Nh\u00e0 ph\u00e2n ph\u1ed1i thi\u1ebft b\u1ecb kh\u00ed n\u00e9n v\u00e0 thi\u1ebft b\u1ecb t\u1ef1 \u0111\u1ed9ng h\u00f3a trong c\u00f4ng nghi\u1ec7p\",\"publisher\":{\"@id\":\"https:\/\/omanivietnam.com\/#\/schema\/person\/0ad398a980dc3fd696111c2c5c8fa897\"},\"potentialAction\":[{\"@type\":\"SearchAction\",\"target\":{\"@type\":\"EntryPoint\",\"urlTemplate\":\"https:\/\/omanivietnam.com\/?s={search_term_string}\"},\"query-input\":\"required name=search_term_string\"}],\"inLanguage\":\"vi\"},{\"@type\":[\"Person\",\"Organization\"],\"@id\":\"https:\/\/omanivietnam.com\/#\/schema\/person\/0ad398a980dc3fd696111c2c5c8fa897\",\"name\":\"Nguy\u1ec5n V\u0103n Kh\u00e1nh\",\"image\":{\"@type\":\"ImageObject\",\"inLanguage\":\"vi\",\"@id\":\"https:\/\/omanivietnam.com\/#\/schema\/person\/image\/\",\"url\":\"https:\/\/omanivietnam.com\/wp-content\/uploads\/2024\/06\/logo-1024x1024.png\",\"contentUrl\":\"https:\/\/omanivietnam.com\/wp-content\/uploads\/2024\/06\/logo-1024x1024.png\",\"width\":1024,\"height\":1024,\"caption\":\"Nguy\u1ec5n V\u0103n Kh\u00e1nh\"},\"logo\":{\"@id\":\"https:\/\/omanivietnam.com\/#\/schema\/person\/image\/\"},\"sameAs\":[\"https:\/\/omanivietnam.com\"]}]}<\/script>\n<!-- \/ Yoast SEO plugin. -->","yoast_head_json":{"title":"THK SSR25XW1QZSSHHM (GK) - OMANI VI\u1ec6T NAM","robots":{"index":"index","follow":"follow","max-snippet":"max-snippet:-1","max-image-preview":"max-image-preview:large","max-video-preview":"max-video-preview:-1"},"canonical":"https:\/\/omanivietnam.com\/index.php\/san-pham\/thk-ssr25xw1qzsshhm-gk\/","og_locale":"vi_VN","og_type":"article","og_title":"THK SSR25XW1QZSSHHM (GK) - OMANI VI\u1ec6T NAM","og_description":"THK SSR25XW1QZSSHHM (GK) SSR25XW1SS(GK) [Individual Block Units] Caged Ball LM Guide, Radial Type, SSR Type (SSR25XW1SS(GK)) Product Description An individual block from the THK LM guide SSR series. Extremely useful for sudden design changes and when performing maintenance. [Features] \u00b7 Circulates the ball row using the end plate that is&hellip;","og_url":"https:\/\/omanivietnam.com\/index.php\/san-pham\/thk-ssr25xw1qzsshhm-gk\/","og_site_name":"OMANI VI\u1ec6T NAM","article_modified_time":"2024-09-18T22:32:16+00:00","og_image":[{"width":1311,"height":595,"url":"https:\/\/omanivietnam.com\/wp-content\/uploads\/2024\/09\/SSR25XW1QZSSHHM-GK.png","type":"image\/png"}],"twitter_card":"summary_large_image","twitter_misc":{"\u01af\u1edbc t\u00ednh th\u1eddi gian \u0111\u1ecdc":"3 ph\u00fat"},"schema":{"@context":"https:\/\/schema.org","@graph":[{"@type":"WebPage","@id":"https:\/\/omanivietnam.com\/index.php\/san-pham\/thk-ssr25xw1qzsshhm-gk\/","url":"https:\/\/omanivietnam.com\/index.php\/san-pham\/thk-ssr25xw1qzsshhm-gk\/","name":"THK SSR25XW1QZSSHHM (GK) - OMANI VI\u1ec6T NAM","isPartOf":{"@id":"https:\/\/omanivietnam.com\/#website"},"primaryImageOfPage":{"@id":"https:\/\/omanivietnam.com\/index.php\/san-pham\/thk-ssr25xw1qzsshhm-gk\/#primaryimage"},"image":{"@id":"https:\/\/omanivietnam.com\/index.php\/san-pham\/thk-ssr25xw1qzsshhm-gk\/#primaryimage"},"thumbnailUrl":"https:\/\/omanivietnam.com\/wp-content\/uploads\/2024\/09\/SSR25XW1QZSSHHM-GK.png","datePublished":"2024-09-18T22:30:59+00:00","dateModified":"2024-09-18T22:32:16+00:00","breadcrumb":{"@id":"https:\/\/omanivietnam.com\/index.php\/san-pham\/thk-ssr25xw1qzsshhm-gk\/#breadcrumb"},"inLanguage":"vi","potentialAction":[{"@type":"ReadAction","target":["https:\/\/omanivietnam.com\/index.php\/san-pham\/thk-ssr25xw1qzsshhm-gk\/"]}]},{"@type":"ImageObject","inLanguage":"vi","@id":"https:\/\/omanivietnam.com\/index.php\/san-pham\/thk-ssr25xw1qzsshhm-gk\/#primaryimage","url":"https:\/\/omanivietnam.com\/wp-content\/uploads\/2024\/09\/SSR25XW1QZSSHHM-GK.png","contentUrl":"https:\/\/omanivietnam.com\/wp-content\/uploads\/2024\/09\/SSR25XW1QZSSHHM-GK.png","width":1311,"height":595},{"@type":"BreadcrumbList","@id":"https:\/\/omanivietnam.com\/index.php\/san-pham\/thk-ssr25xw1qzsshhm-gk\/#breadcrumb","itemListElement":[{"@type":"ListItem","position":1,"name":"Home","item":"https:\/\/omanivietnam.com\/"},{"@type":"ListItem","position":2,"name":"S\u1ea2N PH\u1ea8M","item":"https:\/\/omanivietnam.com\/index.php\/cua-hang\/"},{"@type":"ListItem","position":3,"name":"THK SSR25XW1QZSSHHM (GK)"}]},{"@type":"WebSite","@id":"https:\/\/omanivietnam.com\/#website","url":"https:\/\/omanivietnam.com\/","name":"OMANI VI\u1ec6T NAM","description":"Nh\u00e0 ph\u00e2n ph\u1ed1i thi\u1ebft b\u1ecb kh\u00ed n\u00e9n v\u00e0 thi\u1ebft b\u1ecb t\u1ef1 \u0111\u1ed9ng h\u00f3a trong c\u00f4ng nghi\u1ec7p","publisher":{"@id":"https:\/\/omanivietnam.com\/#\/schema\/person\/0ad398a980dc3fd696111c2c5c8fa897"},"potentialAction":[{"@type":"SearchAction","target":{"@type":"EntryPoint","urlTemplate":"https:\/\/omanivietnam.com\/?s={search_term_string}"},"query-input":"required name=search_term_string"}],"inLanguage":"vi"},{"@type":["Person","Organization"],"@id":"https:\/\/omanivietnam.com\/#\/schema\/person\/0ad398a980dc3fd696111c2c5c8fa897","name":"Nguy\u1ec5n V\u0103n Kh\u00e1nh","image":{"@type":"ImageObject","inLanguage":"vi","@id":"https:\/\/omanivietnam.com\/#\/schema\/person\/image\/","url":"https:\/\/omanivietnam.com\/wp-content\/uploads\/2024\/06\/logo-1024x1024.png","contentUrl":"https:\/\/omanivietnam.com\/wp-content\/uploads\/2024\/06\/logo-1024x1024.png","width":1024,"height":1024,"caption":"Nguy\u1ec5n V\u0103n Kh\u00e1nh"},"logo":{"@id":"https:\/\/omanivietnam.com\/#\/schema\/person\/image\/"},"sameAs":["https:\/\/omanivietnam.com"]}]}},"_links":{"self":[{"href":"https:\/\/omanivietnam.com\/index.php\/wp-json\/wp\/v2\/product\/1789","targetHints":{"allow":["GET"]}}],"collection":[{"href":"https:\/\/omanivietnam.com\/index.php\/wp-json\/wp\/v2\/product"}],"about":[{"href":"https:\/\/omanivietnam.com\/index.php\/wp-json\/wp\/v2\/types\/product"}],"replies":[{"embeddable":true,"href":"https:\/\/omanivietnam.com\/index.php\/wp-json\/wp\/v2\/comments?post=1789"}],"wp:featuredmedia":[{"embeddable":true,"href":"https:\/\/omanivietnam.com\/index.php\/wp-json\/wp\/v2\/media\/1790"}],"wp:attachment":[{"href":"https:\/\/omanivietnam.com\/index.php\/wp-json\/wp\/v2\/media?parent=1789"}],"wp:term":[{"taxonomy":"product_cat","embeddable":true,"href":"https:\/\/omanivietnam.com\/index.php\/wp-json\/wp\/v2\/product_cat?post=1789"},{"taxonomy":"product_tag","embeddable":true,"href":"https:\/\/omanivietnam.com\/index.php\/wp-json\/wp\/v2\/product_tag?post=1789"}],"curies":[{"name":"wp","href":"https:\/\/api.w.org\/{rel}","templated":true}]}}