{"id":1795,"date":"2024-09-20T11:18:00","date_gmt":"2024-09-20T04:18:00","guid":{"rendered":"https:\/\/omanivietnam.com\/?post_type=product&#038;p=1795"},"modified":"2024-09-20T11:18:53","modified_gmt":"2024-09-20T04:18:53","slug":"autonics-prd08-4dn","status":"publish","type":"product","link":"https:\/\/omanivietnam.com\/index.php\/san-pham\/autonics-prd08-4dn\/","title":{"rendered":"AUTONICS PRD08-4DN"},"content":{"rendered":"<p>AUTONICS PRD08-4DN<\/p>\n<p>C\u1ea3m bi\u1ebfn t\u1eeb Autonics PRD08-4DN, Ng\u00f5 ra: NPN, NO<\/p>\n<table class=\"table table-m-row1\" border=\"1\">\n<caption>\n<ul>\n<li>\u0110\u01b0\u1eddng k\u00ednh c\u1ea1nh ph\u00e1t hi\u1ec7n : M8<\/li>\n<li>Kho\u1ea3ng c\u00e1ch ph\u00e1t hi\u1ec7n : 4mm<\/li>\n<li>C\u00e0i \u0111\u1eb7t : Non-flush<\/li>\n<li>Kho\u1ea3ng c\u00e1ch ph\u00e1t hi\u1ec7n ti\u00eau chu\u1ea9n : 12\u00d712\u00d71mm(s\u1eaft)<\/li>\n<li>T\u1ea7n s\u1ed1 \u0111\u00e1p \u1ee9ng : 800Hz<\/li>\n<\/ul>\n<\/caption>\n<tbody>\n<tr>\n<th class=\"col-3 bg4\" scope=\"row\">\u0110\u01b0\u1eddng k\u00ednh c\u1ea1nh ph\u00e1t hi\u1ec7n<\/th>\n<td class=\"col-9\">\u00d88mm<\/td>\n<\/tr>\n<tr>\n<th class=\"col-3 bg4\" scope=\"row\">Kho\u1ea3ng c\u00e1ch ph\u00e1t hi\u1ec7n<\/th>\n<td class=\"col-9\">4mm<\/td>\n<\/tr>\n<tr>\n<th class=\"col-3 bg4\" scope=\"row\">\u0110\u1ed1i t\u01b0\u1ee3ng ph\u00e1t hi\u1ec7n<\/th>\n<td class=\"col-9\">8\u00d78\u00d71mm (s\u1eaft)<\/td>\n<\/tr>\n<tr>\n<th class=\"col-3 bg4\" scope=\"row\">T\u1ea7n s\u1ed1 \u0111\u00e1p \u1ee9ng<\/th>\n<td class=\"col-9\">1kHz<\/td>\n<\/tr>\n<tr>\n<th class=\"col-3 bg4\" scope=\"row\">B\u1ed9 ch\u1ec9 th\u1ecb<\/th>\n<td class=\"col-9\">Ch\u1ec9 b\u00e1o ho\u1ea1t \u0111\u1ed9ng (\u0111\u00e8n LED \u0111\u1ecf)<\/td>\n<\/tr>\n<tr>\n<th class=\"col-3 bg4\" scope=\"row\">Ti\u00eau chu\u1ea9n<\/th>\n<td class=\"col-9\">EAC, CE<\/td>\n<\/tr>\n<tr>\n<th class=\"col-3 bg4\" scope=\"row\">Lo\u1ea1i d\u00e2y v\u00e0 ngu\u1ed3n<\/th>\n<td class=\"col-9\">DC 3 d\u00e2y 12-24VDC<\/td>\n<\/tr>\n<tr>\n<th class=\"col-3 bg4\" scope=\"row\">Nhi\u1ec7t \u0111\u1ed9 xung quanh<\/th>\n<td class=\"col-9\">-25 \u0111\u1ebfn 70\u2103, b\u1ea3o qu\u1ea3n: -30 \u0111\u1ebfn 80\u2103<\/td>\n<\/tr>\n<tr>\n<th class=\"col-3 bg4\" scope=\"row\">C\u1ea5u tr\u00fac b\u1ea3o v\u1ec7<\/th>\n<td class=\"col-9\">IP67<\/td>\n<\/tr>\n<tr>\n<th class=\"col-3 bg4\" scope=\"row\">K\u1ebft n\u1ed1i<\/th>\n<td class=\"col-9\">Lo\u1ea1i c\u00e1p<\/td>\n<\/tr>\n<tr>\n<th class=\"col-3 bg4\" scope=\"row\">V\u1eadt li\u1ec7u<\/th>\n<td class=\"col-9\">Case\/Nut: Nikel plated Brass,\u00a0cable (black): polyvinyl chloride (PVC)<\/td>\n<\/tr>\n<tr>\n<th class=\"col-3 bg4\" scope=\"row\">Tr\u1ecdng l\u01b0\u1ee3ng<\/th>\n<td class=\"col-9\">63g<\/td>\n<\/tr>\n<\/tbody>\n<\/table>\n<table border=\"1\" align=\"center\">\n<tbody>\n<tr>\n<td><strong>Lo\u1ea1i d\u00e2y v\u00e0 ngu\u1ed3n<\/strong><\/td>\n<td>DC 3 d\u00e2y 12-24VDC<\/td>\n<\/tr>\n<tr>\n<td><strong>\u0110\u01b0\u1eddng k\u00ednh c\u1ea1nh ph\u00e1t hi\u1ec7n<\/strong><\/td>\n<td>M8<\/td>\n<\/tr>\n<tr>\n<td><strong>Kho\u1ea3ng c\u00e1ch ph\u00e1t hi\u1ec7n<\/strong><\/td>\n<td>4mm<\/td>\n<\/tr>\n<tr>\n<td><strong>C\u00e0i \u0111\u1eb7t<\/strong><\/td>\n<td>Non-flush<\/td>\n<\/tr>\n<tr>\n<td><strong>Kho\u1ea3ng c\u00e1ch ph\u00e1t hi\u1ec7n ti\u00eau chu\u1ea9n<\/strong><\/td>\n<td>12\u00d712\u00d71mm(s\u1eaft)<\/td>\n<\/tr>\n<tr>\n<td><strong>T\u1ea7n s\u1ed1 \u0111\u00e1p \u1ee9ng<\/strong><\/td>\n<td>800Hz<\/td>\n<\/tr>\n<tr>\n<td><strong>Th\u00f4ng s\u1ed1 d\u00f2ng<\/strong><\/td>\n<td>D\u00f2ng ti\u00eau th\u1ee5: Max. 10mA<\/td>\n<\/tr>\n<tr>\n<td><strong>Ng\u00f5 ra \u0111i\u1ec1u khi\u1ec3n<\/strong><\/td>\n<td>NPN Th\u01b0\u1eddng M\u1edf<\/td>\n<\/tr>\n<tr>\n<td><strong>Ch\u1ea5t li\u1ec7u<\/strong><\/td>\n<td>Case\/Nut: Nikel plated Brass, (connector case of DIA. of sensing side \u00d8 8 mm: SUS303),<br \/>\nwasher: Nikel plated Iron, sensing side: polybutylene terephthalate,<br \/>\nstandard cable (black): polyvinyl chloride (PVC),<br \/>\noil resistant cable (gray): oil resistant polyvinyl chloride (PVC)<\/td>\n<\/tr>\n<tr>\n<td><strong>Ti\u00eau chu\u1ea9n\/Ch\u1ea5t li\u1ec7u c\u00e1p<\/strong><\/td>\n<td>C\u00e1p ti\u00eau chu\u1ea9n<\/td>\n<\/tr>\n<tr>\n<td><strong>C\u1ea5u tr\u00fac b\u1ea3o v\u1ec7<\/strong><\/td>\n<td>IP67 (ti\u00eau chu\u1ea9n IEC)<\/td>\n<\/tr>\n<tr>\n<td><strong>Ti\u00eau chu\u1ea9n<\/strong><\/td>\n<td>CE, EAC<\/td>\n<\/tr>\n<tr>\n<td><strong>Chi\u1ec1u d\u00e0i th\u00e2n<\/strong><\/td>\n<td>Lo\u1ea1i ti\u00eau chu\u1ea9n<\/td>\n<\/tr>\n<tr>\n<td><strong>M\u00f4i tr\u01b0\u1eddng_Nhi\u1ec7t \u0111\u1ed9 xung quanh<\/strong><\/td>\n<td>-25 \u0111\u1ebfn 70\u2103, b\u1ea3o qu\u1ea3n: -30 \u0111\u1ebfn 80\u2103<\/td>\n<\/tr>\n<tr>\n<td><strong>M\u00f4i tr\u01b0\u1eddng_\u0110\u1ed9 \u1ea9m xung quanh<\/strong><\/td>\n<td>35 \u0111\u1ebfn 95% RH, b\u1ea3o qu\u1ea3n: 35 \u0111\u1ebfn 95% RH<\/td>\n<\/tr>\n<tr>\n<td><strong>\u0110\u1ed9 tr\u1ec5<\/strong><\/td>\n<td>Max. 15% kho\u1ea3ng c\u00e1ch ph\u00e1t hi\u1ec7n<\/td>\n<\/tr>\n<tr>\n<td><strong>\u0110i\u1ec7n \u00e1p d\u01b0<\/strong><\/td>\n<td>Max. 2V<\/td>\n<\/tr>\n<tr>\n<td><strong>Tr\u1ecdng l\u01b0\u1ee3ng<\/strong><\/td>\n<td>Kho\u1ea3ng 43g(kho\u1ea3ng 63g)<\/td>\n<\/tr>\n<tr>\n<td><strong>Affection by temperature<\/strong><\/td>\n<td>\u2264 \u00b1 10 % for sensing distance at ambient temperature 20 \u2103<br \/>\n(DIA. of sensing side \u00d8 8 mm: \u2264 \u00b1 15 %)<\/td>\n<\/tr>\n<\/tbody>\n<\/table>\n<p>C\u00e1c m\u00e3 h\u00e0ng t\u01b0\u01a1ng t\u1ef1:<\/p>\n<table id=\"list1\" class=\"table table-striped table-fixed\" border=\"1\">\n<tbody>\n<tr>\n<td><strong>M\u00e3 s\u1ed1<\/strong><\/td>\n<td><strong>ng\u00f5 ra<\/strong><\/td>\n<td><strong>C\u00e1p<\/strong><\/td>\n<td><strong>kho\u1ea3ng c\u00e1ch ph\u00e1t hi\u1ec7n<\/strong><\/td>\n<td class=\"text-center\"><\/td>\n<\/tr>\n<tr>\n<td>PRD08-2DN<\/td>\n<td rowspan=\"2\">NPN, NO<\/td>\n<td>c\u00e1p PVC m\u00e0u \u0111en<\/td>\n<td rowspan=\"8\">2mm<\/td>\n<td class=\"text-center\"><\/td>\n<\/tr>\n<tr>\n<td>PRD08-2DN-V<\/td>\n<td>c\u00e1p PVC ch\u1ed1ng d\u1ea7u (m\u00e0u x\u00e1m)<\/td>\n<td class=\"text-right\"><\/td>\n<td class=\"text-center\"><\/td>\n<\/tr>\n<tr>\n<td>PRD08-2DN2<\/td>\n<td rowspan=\"2\">NPN, NC<\/td>\n<td>c\u00e1p PVC m\u00e0u \u0111en<\/td>\n<td class=\"text-right\"><\/td>\n<td class=\"text-center\"><\/td>\n<\/tr>\n<tr>\n<td>PRD08-2DN2-V<\/td>\n<td>c\u00e1p PVC ch\u1ed1ng d\u1ea7u (m\u00e0u x\u00e1m)<\/td>\n<td class=\"text-right\"><\/td>\n<td class=\"text-center\"><\/td>\n<\/tr>\n<tr>\n<td>PRD08-2DP<\/td>\n<td rowspan=\"2\">PNP, NO<\/td>\n<td>c\u00e1p PVC m\u00e0u \u0111en<\/td>\n<td class=\"text-right\"><\/td>\n<td class=\"text-center\"><\/td>\n<\/tr>\n<tr>\n<td>PRD08-2DP-V<\/td>\n<td>c\u00e1p PVC ch\u1ed1ng d\u1ea7u (m\u00e0u x\u00e1m)<\/td>\n<td class=\"text-right\"><\/td>\n<td class=\"text-center\"><\/td>\n<\/tr>\n<tr>\n<td>PRD08-2DP2<\/td>\n<td rowspan=\"2\">PNP, NC<\/td>\n<td>c\u00e1p PVC m\u00e0u \u0111en<\/td>\n<td class=\"text-right\"><\/td>\n<td class=\"text-center\"><\/td>\n<\/tr>\n<tr>\n<td>PRD08-2DP2-V<\/td>\n<td>c\u00e1p PVC ch\u1ed1ng d\u1ea7u (m\u00e0u x\u00e1m)<\/td>\n<td class=\"text-right\"><\/td>\n<td class=\"text-center\"><\/td>\n<\/tr>\n<tr>\n<td>PRD08-4DN<\/td>\n<td rowspan=\"2\">NPN, NO<\/td>\n<td>c\u00e1p PVC m\u00e0u \u0111en<\/td>\n<td rowspan=\"8\">4mm<\/td>\n<td class=\"text-right\"><\/td>\n<td class=\"text-center\"><\/td>\n<\/tr>\n<tr>\n<td>PRD08-4DN-V<\/td>\n<td>c\u00e1p PVC ch\u1ed1ng d\u1ea7u (m\u00e0u x\u00e1m)<\/td>\n<td class=\"text-right\"><\/td>\n<td class=\"text-center\"><\/td>\n<\/tr>\n<tr>\n<td>PRD08-4DN2<\/td>\n<td rowspan=\"2\">NPN, NC<\/td>\n<td>c\u00e1p PVC m\u00e0u \u0111en<\/td>\n<td class=\"text-right\"><\/td>\n<td class=\"text-center\"><\/td>\n<\/tr>\n<tr>\n<td>PRD08-4DN2-V<\/td>\n<td>c\u00e1p PVC ch\u1ed1ng d\u1ea7u (m\u00e0u x\u00e1m)<\/td>\n<td class=\"text-right\"><\/td>\n<td class=\"text-center\"><\/td>\n<\/tr>\n<tr>\n<td>PRD08-4DP<\/td>\n<td rowspan=\"2\">PNP, NO<\/td>\n<td>c\u00e1p PVC m\u00e0u \u0111en<\/td>\n<td class=\"text-right\"><\/td>\n<td class=\"text-center\"><\/td>\n<\/tr>\n<tr>\n<td>PRD08-4DP-V<\/td>\n<td>c\u00e1p PVC ch\u1ed1ng d\u1ea7u (m\u00e0u x\u00e1m)<\/td>\n<td class=\"text-right\"><\/td>\n<td class=\"text-center\"><\/td>\n<\/tr>\n<tr>\n<td>PRD08-4DP2<\/td>\n<td rowspan=\"2\">PNP, NC<\/td>\n<td>c\u00e1p PVC m\u00e0u \u0111en<\/td>\n<td class=\"text-right\"><\/td>\n<td class=\"text-center\"><\/td>\n<\/tr>\n<tr>\n<td>PRD08-4DP2-V<\/td>\n<td>c\u00e1p PVC ch\u1ed1ng d\u1ea7u (m\u00e0u x\u00e1m)<\/td>\n<td class=\"text-right\"><\/td>\n<\/tr>\n<\/tbody>\n<\/table>\n<p>\u0110\u1ea1i l\u00fd AUTONICS vietnam, AUTONICS viet nam, AUTONICS vietnam distributor, Ph\u00e2n ph\u1ed1i AUTONICS t\u1ea1i vi\u1ec7t nam<\/p>\n<p>\u0110\u1ea1i l\u00fd AUTONICS vietnam, AUTONICS viet nam, AUTONICS vietnam distributor, Ph\u00e2n ph\u1ed1i AUTONICS t\u1ea1i vi\u1ec7t nam<\/p>\n<p>\u0110\u1ea1i l\u00fd AUTONICS vietnam, AUTONICS viet nam, AUTONICS vietnam distributor, Ph\u00e2n ph\u1ed1i AUTONICS t\u1ea1i vi\u1ec7t nam<\/p>\n<p>\u0110\u1ea1i l\u00fd AUTONICS vietnam, AUTONICS viet nam, AUTONICS vietnam distributor, Ph\u00e2n ph\u1ed1i AUTONICS t\u1ea1i vi\u1ec7t nam<\/p>\n<p>\u0110\u1ea1i l\u00fd AUTONICS vietnam, AUTONICS viet nam, AUTONICS vietnam distributor, Ph\u00e2n ph\u1ed1i AUTONICS t\u1ea1i vi\u1ec7t nam<\/p>\n","protected":false},"excerpt":{"rendered":"<p>AUTONICS PRD08-4DN C\u1ea3m bi\u1ebfn t\u1eeb Autonics PRD08-4DN, Ng\u00f5 ra: NPN, NO \u0110\u01b0\u1eddng k\u00ednh c\u1ea1nh ph\u00e1t hi\u1ec7n : M8 Kho\u1ea3ng c\u00e1ch ph\u00e1t hi\u1ec7n : 4mm C\u00e0i \u0111\u1eb7t : Non-flush Kho\u1ea3ng c\u00e1ch ph\u00e1t hi\u1ec7n ti\u00eau chu\u1ea9n : 12\u00d712\u00d71mm(s\u1eaft) T\u1ea7n s\u1ed1 \u0111\u00e1p \u1ee9ng : 800Hz \u0110\u01b0\u1eddng k\u00ednh c\u1ea1nh ph\u00e1t hi\u1ec7n \u00d88mm Kho\u1ea3ng c\u00e1ch&hellip; <\/p>\n","protected":false},"featured_media":1796,"comment_status":"open","ping_status":"closed","template":"","meta":[],"product_cat":[304],"product_tag":[275,88,276],"class_list":{"0":"post-1795","1":"product","2":"type-product","3":"status-publish","4":"has-post-thumbnail","6":"product_cat-autonics","7":"product_tag-autonics-viet-nam","8":"product_tag-cam-bien","9":"product_tag-dai-ly-autonics-viet-nam","11":"first","12":"instock","13":"shipping-taxable","14":"product-type-simple"},"yoast_head":"<!-- This site is optimized with the Yoast SEO plugin v22.8 - https:\/\/yoast.com\/wordpress\/plugins\/seo\/ -->\n<title>AUTONICS PRD08-4DN - OMANI VI\u1ec6T NAM<\/title>\n<meta name=\"robots\" content=\"index, follow, max-snippet:-1, max-image-preview:large, max-video-preview:-1\" \/>\n<link rel=\"canonical\" href=\"https:\/\/omanivietnam.com\/index.php\/san-pham\/autonics-prd08-4dn\/\" \/>\n<meta property=\"og:locale\" content=\"vi_VN\" \/>\n<meta property=\"og:type\" content=\"article\" \/>\n<meta property=\"og:title\" content=\"AUTONICS PRD08-4DN - OMANI VI\u1ec6T NAM\" \/>\n<meta property=\"og:description\" content=\"AUTONICS PRD08-4DN C\u1ea3m bi\u1ebfn t\u1eeb Autonics PRD08-4DN, Ng\u00f5 ra: NPN, NO \u0110\u01b0\u1eddng k\u00ednh c\u1ea1nh ph\u00e1t hi\u1ec7n : M8 Kho\u1ea3ng c\u00e1ch ph\u00e1t hi\u1ec7n : 4mm C\u00e0i \u0111\u1eb7t : Non-flush Kho\u1ea3ng c\u00e1ch ph\u00e1t hi\u1ec7n ti\u00eau chu\u1ea9n : 12\u00d712\u00d71mm(s\u1eaft) T\u1ea7n s\u1ed1 \u0111\u00e1p \u1ee9ng : 800Hz \u0110\u01b0\u1eddng k\u00ednh c\u1ea1nh ph\u00e1t hi\u1ec7n \u00d88mm Kho\u1ea3ng c\u00e1ch&hellip;\" \/>\n<meta property=\"og:url\" content=\"https:\/\/omanivietnam.com\/index.php\/san-pham\/autonics-prd08-4dn\/\" \/>\n<meta property=\"og:site_name\" content=\"OMANI VI\u1ec6T NAM\" \/>\n<meta property=\"article:modified_time\" content=\"2024-09-20T04:18:53+00:00\" \/>\n<meta property=\"og:image\" content=\"https:\/\/omanivietnam.com\/wp-content\/uploads\/2024\/09\/PRD08-4DN.png\" \/>\n\t<meta property=\"og:image:width\" content=\"469\" \/>\n\t<meta property=\"og:image:height\" content=\"559\" \/>\n\t<meta property=\"og:image:type\" content=\"image\/png\" \/>\n<meta name=\"twitter:card\" content=\"summary_large_image\" \/>\n<meta name=\"twitter:label1\" content=\"\u01af\u1edbc t\u00ednh th\u1eddi gian \u0111\u1ecdc\" \/>\n\t<meta name=\"twitter:data1\" content=\"3 ph\u00fat\" \/>\n<script type=\"application\/ld+json\" class=\"yoast-schema-graph\">{\"@context\":\"https:\/\/schema.org\",\"@graph\":[{\"@type\":\"WebPage\",\"@id\":\"https:\/\/omanivietnam.com\/index.php\/san-pham\/autonics-prd08-4dn\/\",\"url\":\"https:\/\/omanivietnam.com\/index.php\/san-pham\/autonics-prd08-4dn\/\",\"name\":\"AUTONICS PRD08-4DN - OMANI VI\u1ec6T NAM\",\"isPartOf\":{\"@id\":\"https:\/\/omanivietnam.com\/#website\"},\"primaryImageOfPage\":{\"@id\":\"https:\/\/omanivietnam.com\/index.php\/san-pham\/autonics-prd08-4dn\/#primaryimage\"},\"image\":{\"@id\":\"https:\/\/omanivietnam.com\/index.php\/san-pham\/autonics-prd08-4dn\/#primaryimage\"},\"thumbnailUrl\":\"https:\/\/omanivietnam.com\/wp-content\/uploads\/2024\/09\/PRD08-4DN.png\",\"datePublished\":\"2024-09-20T04:18:00+00:00\",\"dateModified\":\"2024-09-20T04:18:53+00:00\",\"breadcrumb\":{\"@id\":\"https:\/\/omanivietnam.com\/index.php\/san-pham\/autonics-prd08-4dn\/#breadcrumb\"},\"inLanguage\":\"vi\",\"potentialAction\":[{\"@type\":\"ReadAction\",\"target\":[\"https:\/\/omanivietnam.com\/index.php\/san-pham\/autonics-prd08-4dn\/\"]}]},{\"@type\":\"ImageObject\",\"inLanguage\":\"vi\",\"@id\":\"https:\/\/omanivietnam.com\/index.php\/san-pham\/autonics-prd08-4dn\/#primaryimage\",\"url\":\"https:\/\/omanivietnam.com\/wp-content\/uploads\/2024\/09\/PRD08-4DN.png\",\"contentUrl\":\"https:\/\/omanivietnam.com\/wp-content\/uploads\/2024\/09\/PRD08-4DN.png\",\"width\":469,\"height\":559},{\"@type\":\"BreadcrumbList\",\"@id\":\"https:\/\/omanivietnam.com\/index.php\/san-pham\/autonics-prd08-4dn\/#breadcrumb\",\"itemListElement\":[{\"@type\":\"ListItem\",\"position\":1,\"name\":\"Home\",\"item\":\"https:\/\/omanivietnam.com\/\"},{\"@type\":\"ListItem\",\"position\":2,\"name\":\"S\u1ea2N PH\u1ea8M\",\"item\":\"https:\/\/omanivietnam.com\/index.php\/cua-hang\/\"},{\"@type\":\"ListItem\",\"position\":3,\"name\":\"AUTONICS PRD08-4DN\"}]},{\"@type\":\"WebSite\",\"@id\":\"https:\/\/omanivietnam.com\/#website\",\"url\":\"https:\/\/omanivietnam.com\/\",\"name\":\"OMANI VI\u1ec6T NAM\",\"description\":\"Nh\u00e0 ph\u00e2n ph\u1ed1i thi\u1ebft b\u1ecb kh\u00ed n\u00e9n v\u00e0 thi\u1ebft b\u1ecb t\u1ef1 \u0111\u1ed9ng h\u00f3a trong c\u00f4ng nghi\u1ec7p\",\"publisher\":{\"@id\":\"https:\/\/omanivietnam.com\/#\/schema\/person\/0ad398a980dc3fd696111c2c5c8fa897\"},\"potentialAction\":[{\"@type\":\"SearchAction\",\"target\":{\"@type\":\"EntryPoint\",\"urlTemplate\":\"https:\/\/omanivietnam.com\/?s={search_term_string}\"},\"query-input\":\"required name=search_term_string\"}],\"inLanguage\":\"vi\"},{\"@type\":[\"Person\",\"Organization\"],\"@id\":\"https:\/\/omanivietnam.com\/#\/schema\/person\/0ad398a980dc3fd696111c2c5c8fa897\",\"name\":\"Nguy\u1ec5n V\u0103n Kh\u00e1nh\",\"image\":{\"@type\":\"ImageObject\",\"inLanguage\":\"vi\",\"@id\":\"https:\/\/omanivietnam.com\/#\/schema\/person\/image\/\",\"url\":\"https:\/\/omanivietnam.com\/wp-content\/uploads\/2024\/06\/logo-1024x1024.png\",\"contentUrl\":\"https:\/\/omanivietnam.com\/wp-content\/uploads\/2024\/06\/logo-1024x1024.png\",\"width\":1024,\"height\":1024,\"caption\":\"Nguy\u1ec5n V\u0103n Kh\u00e1nh\"},\"logo\":{\"@id\":\"https:\/\/omanivietnam.com\/#\/schema\/person\/image\/\"},\"sameAs\":[\"https:\/\/omanivietnam.com\"]}]}<\/script>\n<!-- \/ Yoast SEO plugin. -->","yoast_head_json":{"title":"AUTONICS PRD08-4DN - OMANI VI\u1ec6T NAM","robots":{"index":"index","follow":"follow","max-snippet":"max-snippet:-1","max-image-preview":"max-image-preview:large","max-video-preview":"max-video-preview:-1"},"canonical":"https:\/\/omanivietnam.com\/index.php\/san-pham\/autonics-prd08-4dn\/","og_locale":"vi_VN","og_type":"article","og_title":"AUTONICS PRD08-4DN - OMANI VI\u1ec6T NAM","og_description":"AUTONICS PRD08-4DN C\u1ea3m bi\u1ebfn t\u1eeb Autonics PRD08-4DN, Ng\u00f5 ra: NPN, NO \u0110\u01b0\u1eddng k\u00ednh c\u1ea1nh ph\u00e1t hi\u1ec7n : M8 Kho\u1ea3ng c\u00e1ch ph\u00e1t hi\u1ec7n : 4mm C\u00e0i \u0111\u1eb7t : Non-flush Kho\u1ea3ng c\u00e1ch ph\u00e1t hi\u1ec7n ti\u00eau chu\u1ea9n : 12\u00d712\u00d71mm(s\u1eaft) T\u1ea7n s\u1ed1 \u0111\u00e1p \u1ee9ng : 800Hz \u0110\u01b0\u1eddng k\u00ednh c\u1ea1nh ph\u00e1t hi\u1ec7n \u00d88mm Kho\u1ea3ng c\u00e1ch&hellip;","og_url":"https:\/\/omanivietnam.com\/index.php\/san-pham\/autonics-prd08-4dn\/","og_site_name":"OMANI VI\u1ec6T NAM","article_modified_time":"2024-09-20T04:18:53+00:00","og_image":[{"width":469,"height":559,"url":"https:\/\/omanivietnam.com\/wp-content\/uploads\/2024\/09\/PRD08-4DN.png","type":"image\/png"}],"twitter_card":"summary_large_image","twitter_misc":{"\u01af\u1edbc t\u00ednh th\u1eddi gian \u0111\u1ecdc":"3 ph\u00fat"},"schema":{"@context":"https:\/\/schema.org","@graph":[{"@type":"WebPage","@id":"https:\/\/omanivietnam.com\/index.php\/san-pham\/autonics-prd08-4dn\/","url":"https:\/\/omanivietnam.com\/index.php\/san-pham\/autonics-prd08-4dn\/","name":"AUTONICS PRD08-4DN - OMANI VI\u1ec6T NAM","isPartOf":{"@id":"https:\/\/omanivietnam.com\/#website"},"primaryImageOfPage":{"@id":"https:\/\/omanivietnam.com\/index.php\/san-pham\/autonics-prd08-4dn\/#primaryimage"},"image":{"@id":"https:\/\/omanivietnam.com\/index.php\/san-pham\/autonics-prd08-4dn\/#primaryimage"},"thumbnailUrl":"https:\/\/omanivietnam.com\/wp-content\/uploads\/2024\/09\/PRD08-4DN.png","datePublished":"2024-09-20T04:18:00+00:00","dateModified":"2024-09-20T04:18:53+00:00","breadcrumb":{"@id":"https:\/\/omanivietnam.com\/index.php\/san-pham\/autonics-prd08-4dn\/#breadcrumb"},"inLanguage":"vi","potentialAction":[{"@type":"ReadAction","target":["https:\/\/omanivietnam.com\/index.php\/san-pham\/autonics-prd08-4dn\/"]}]},{"@type":"ImageObject","inLanguage":"vi","@id":"https:\/\/omanivietnam.com\/index.php\/san-pham\/autonics-prd08-4dn\/#primaryimage","url":"https:\/\/omanivietnam.com\/wp-content\/uploads\/2024\/09\/PRD08-4DN.png","contentUrl":"https:\/\/omanivietnam.com\/wp-content\/uploads\/2024\/09\/PRD08-4DN.png","width":469,"height":559},{"@type":"BreadcrumbList","@id":"https:\/\/omanivietnam.com\/index.php\/san-pham\/autonics-prd08-4dn\/#breadcrumb","itemListElement":[{"@type":"ListItem","position":1,"name":"Home","item":"https:\/\/omanivietnam.com\/"},{"@type":"ListItem","position":2,"name":"S\u1ea2N PH\u1ea8M","item":"https:\/\/omanivietnam.com\/index.php\/cua-hang\/"},{"@type":"ListItem","position":3,"name":"AUTONICS PRD08-4DN"}]},{"@type":"WebSite","@id":"https:\/\/omanivietnam.com\/#website","url":"https:\/\/omanivietnam.com\/","name":"OMANI VI\u1ec6T NAM","description":"Nh\u00e0 ph\u00e2n ph\u1ed1i thi\u1ebft b\u1ecb kh\u00ed n\u00e9n v\u00e0 thi\u1ebft b\u1ecb t\u1ef1 \u0111\u1ed9ng h\u00f3a trong c\u00f4ng nghi\u1ec7p","publisher":{"@id":"https:\/\/omanivietnam.com\/#\/schema\/person\/0ad398a980dc3fd696111c2c5c8fa897"},"potentialAction":[{"@type":"SearchAction","target":{"@type":"EntryPoint","urlTemplate":"https:\/\/omanivietnam.com\/?s={search_term_string}"},"query-input":"required name=search_term_string"}],"inLanguage":"vi"},{"@type":["Person","Organization"],"@id":"https:\/\/omanivietnam.com\/#\/schema\/person\/0ad398a980dc3fd696111c2c5c8fa897","name":"Nguy\u1ec5n V\u0103n Kh\u00e1nh","image":{"@type":"ImageObject","inLanguage":"vi","@id":"https:\/\/omanivietnam.com\/#\/schema\/person\/image\/","url":"https:\/\/omanivietnam.com\/wp-content\/uploads\/2024\/06\/logo-1024x1024.png","contentUrl":"https:\/\/omanivietnam.com\/wp-content\/uploads\/2024\/06\/logo-1024x1024.png","width":1024,"height":1024,"caption":"Nguy\u1ec5n V\u0103n Kh\u00e1nh"},"logo":{"@id":"https:\/\/omanivietnam.com\/#\/schema\/person\/image\/"},"sameAs":["https:\/\/omanivietnam.com"]}]}},"_links":{"self":[{"href":"https:\/\/omanivietnam.com\/index.php\/wp-json\/wp\/v2\/product\/1795","targetHints":{"allow":["GET"]}}],"collection":[{"href":"https:\/\/omanivietnam.com\/index.php\/wp-json\/wp\/v2\/product"}],"about":[{"href":"https:\/\/omanivietnam.com\/index.php\/wp-json\/wp\/v2\/types\/product"}],"replies":[{"embeddable":true,"href":"https:\/\/omanivietnam.com\/index.php\/wp-json\/wp\/v2\/comments?post=1795"}],"wp:featuredmedia":[{"embeddable":true,"href":"https:\/\/omanivietnam.com\/index.php\/wp-json\/wp\/v2\/media\/1796"}],"wp:attachment":[{"href":"https:\/\/omanivietnam.com\/index.php\/wp-json\/wp\/v2\/media?parent=1795"}],"wp:term":[{"taxonomy":"product_cat","embeddable":true,"href":"https:\/\/omanivietnam.com\/index.php\/wp-json\/wp\/v2\/product_cat?post=1795"},{"taxonomy":"product_tag","embeddable":true,"href":"https:\/\/omanivietnam.com\/index.php\/wp-json\/wp\/v2\/product_tag?post=1795"}],"curies":[{"name":"wp","href":"https:\/\/api.w.org\/{rel}","templated":true}]}}