{"id":1803,"date":"2024-09-21T20:53:58","date_gmt":"2024-09-21T13:53:58","guid":{"rendered":"https:\/\/omanivietnam.com\/?post_type=product&#038;p=1803"},"modified":"2024-09-21T20:55:03","modified_gmt":"2024-09-21T13:55:03","slug":"schneider-lrd350-37-50a","status":"publish","type":"product","link":"https:\/\/omanivietnam.com\/index.php\/san-pham\/schneider-lrd350-37-50a\/","title":{"rendered":"SCHNEIDER LRD350 (37-50A)"},"content":{"rendered":"<p>SCHNEIDER LRD350 (37-50A)<\/p>\n<p class=\"product_title entry-title\">R\u01a1 le nhi\u1ec7t Schneider LRD350 (37-50A)<\/p>\n<p>Class 10 A(1) v\u1edbi li\u00ean k\u1ebft Everlink, \u0111\u1ea7u k\u1ebft n\u1ed1i b\u1eaft v\u00edt BTR<br \/>\nT\u01b0\u01a1ng th\u00edch cho l\u1eafp \u0111\u1eb7t v\u1edbi kh\u1edfi \u0111\u1ed9ng t\u1eeb Tesys D<br \/>\nD\u00f9ng cho b\u1ea3o v\u1ec7 \u0111\u1ed9ng c\u01a1 v\u00e0 b\u1ea3o v\u1ec7 m\u1ea5t pha<br \/>\nReset t\u1ef1 \u0111\u1ed9ng ho\u1eb7c b\u1eb1ng tay, ch\u1ec9 th\u1ecb TRIP<br \/>\nSKU: LRD350<br \/>\nH\u00e3ng s\u1ea3n xu\u1ea5t: Schneider<br \/>\nCh\u1ea5t l\u01b0\u1ee3ng: M\u1edbi 100%<br \/>\nB\u1ea3o h\u00e0nh: Ch\u00ednh h\u00e3ng<\/p>\n<p>D\u1ea3i c\u00e0i \u0111\u1eb7t c\u1ee7a R\u1edd le: 37\u202650A<br \/>\nS\u1eed d\u1ee5ng v\u1edbi contactor LC1D: D40A\u2026D65A<\/p>\n<h2 id=\"tablepress-254-name\" class=\"tablepress-table-name tablepress-table-name-id-254\">Schneider LRD<\/h2>\n<p><span id=\"tablepress-254-description\" class=\"tablepress-table-description tablepress-table-description-id-254\">B\u1ea3ng h\u01b0\u1edbng d\u1eabn l\u1ef1a ch\u1ecdn r\u01a1 le nhi\u1ec7t Schneider d\u00f2ng LRD series<\/span><\/p>\n<div id=\"tablepress-254_wrapper\" class=\"dataTables_wrapper no-footer\">\n<div id=\"tablepress-254_filter\" class=\"dataTables_filter\"><\/div>\n<table id=\"tablepress-254\" class=\"tablepress tablepress-id-254 dataTable no-footer\" aria-labelledby=\"tablepress-254-name\" aria-describedby=\"tablepress-254_info\">\n<thead>\n<tr class=\"row-1 odd\">\n<th class=\"column-1 sorting\" colspan=\"1\" rowspan=\"1\" aria-controls=\"tablepress-254\" aria-label=\"Model: activate to sort column ascending\">Model<\/th>\n<th class=\"column-2 sorting\" colspan=\"1\" rowspan=\"1\" aria-controls=\"tablepress-254\" aria-label=\"D\u1ea3i d\u00f2ng ch\u1ec9nh: activate to sort column ascending\">D\u1ea3i d\u00f2ng ch\u1ec9nh<\/th>\n<th class=\"column-3 sorting\" colspan=\"1\" rowspan=\"1\" aria-controls=\"tablepress-254\" aria-label=\"Lo\u1ea1i contactor t\u01b0\u01a1ng th\u00edch: activate to sort column ascending\">Lo\u1ea1i contactor t\u01b0\u01a1ng th\u00edch<\/th>\n<\/tr>\n<\/thead>\n<tbody class=\"row-hover\">\n<tr class=\"row-2 even\">\n<td class=\"column-1\">LRD01<\/td>\n<td class=\"column-2\">(0.1-0.16A)<\/td>\n<td class=\"column-3\">LC1D09..LC1D38<\/td>\n<\/tr>\n<tr class=\"row-3 odd\">\n<td class=\"column-1\">LRD02<\/td>\n<td class=\"column-2\">(0.16-0.25A)<\/td>\n<td class=\"column-3\">LC1D09..LC1D38<\/td>\n<\/tr>\n<tr class=\"row-4 even\">\n<td class=\"column-1\">LRD03<\/td>\n<td class=\"column-2\">(0.25-0.4A)<\/td>\n<td class=\"column-3\">LC1D09..LC1D38<\/td>\n<\/tr>\n<tr class=\"row-5 odd\">\n<td class=\"column-1\">LRD04<\/td>\n<td class=\"column-2\">(0.4-0.63A)<\/td>\n<td class=\"column-3\">LC1D09..LC1D38<\/td>\n<\/tr>\n<tr class=\"row-6 even\">\n<td class=\"column-1\">LRD05<\/td>\n<td class=\"column-2\">(0.63-1A)<\/td>\n<td class=\"column-3\">LC1D09..LC1D38<\/td>\n<\/tr>\n<tr class=\"row-7 odd\">\n<td class=\"column-1\">LRD06<\/td>\n<td class=\"column-2\">(1-1.6A)<\/td>\n<td class=\"column-3\">LC1D09..LC1D38<\/td>\n<\/tr>\n<tr class=\"row-8 even\">\n<td class=\"column-1\">LRD07<\/td>\n<td class=\"column-2\">(1.6-2.5A)<\/td>\n<td class=\"column-3\">LC1D09..LC1D38<\/td>\n<\/tr>\n<tr class=\"row-9 odd\">\n<td class=\"column-1\">LRD08<\/td>\n<td class=\"column-2\">(2.5-4A)<\/td>\n<td class=\"column-3\">LC1D09..LC1D38<\/td>\n<\/tr>\n<tr class=\"row-10 even\">\n<td class=\"column-1\">LRD10<\/td>\n<td class=\"column-2\">(4-6A)<\/td>\n<td class=\"column-3\">LC1D09..LC1D38<\/td>\n<\/tr>\n<tr class=\"row-11 odd\">\n<td class=\"column-1\">LRD12<\/td>\n<td class=\"column-2\">(5.5-8A)<\/td>\n<td class=\"column-3\">LC1D09..LC1D38<\/td>\n<\/tr>\n<\/tbody>\n<\/table>\n<table id=\"tablepress-254\" class=\"tablepress tablepress-id-254 dataTable no-footer\" aria-labelledby=\"tablepress-254-name\" aria-describedby=\"tablepress-254_info\">\n<thead>\n<tr class=\"row-1 odd\">\n<th class=\"column-1 sorting\" colspan=\"1\" rowspan=\"1\" aria-controls=\"tablepress-254\" aria-label=\"Model: activate to sort column ascending\">Model<\/th>\n<th class=\"column-2 sorting\" colspan=\"1\" rowspan=\"1\" aria-controls=\"tablepress-254\" aria-label=\"D\u1ea3i d\u00f2ng ch\u1ec9nh: activate to sort column ascending\">D\u1ea3i d\u00f2ng ch\u1ec9nh<\/th>\n<th class=\"column-3 sorting\" colspan=\"1\" rowspan=\"1\" aria-controls=\"tablepress-254\" aria-label=\"Lo\u1ea1i contactor t\u01b0\u01a1ng th\u00edch: activate to sort column ascending\">Lo\u1ea1i contactor t\u01b0\u01a1ng th\u00edch<\/th>\n<\/tr>\n<\/thead>\n<tbody class=\"row-hover\">\n<tr class=\"row-12 even\">\n<td class=\"column-1\">LRD14<\/td>\n<td class=\"column-2\">(7-10A)<\/td>\n<td class=\"column-3\">LC1D09..LC1D38<\/td>\n<\/tr>\n<tr class=\"row-13 odd\">\n<td class=\"column-1\">LRD16<\/td>\n<td class=\"column-2\">(9-13A)<\/td>\n<td class=\"column-3\">LC1D12..LC1D38<\/td>\n<\/tr>\n<tr class=\"row-14 even\">\n<td class=\"column-1\">LRD21<\/td>\n<td class=\"column-2\">(12-18A)<\/td>\n<td class=\"column-3\">LC1D18..LC1D38<\/td>\n<\/tr>\n<tr class=\"row-15 odd\">\n<td class=\"column-1\">LRD22<\/td>\n<td class=\"column-2\">(16-24A)<\/td>\n<td class=\"column-3\">LC1D25..LC1D38<\/td>\n<\/tr>\n<tr class=\"row-16 even\">\n<td class=\"column-1\">LRD32<\/td>\n<td class=\"column-2\">(23-32A)<\/td>\n<td class=\"column-3\">LC1D25..LC1D38<\/td>\n<\/tr>\n<tr class=\"row-17 odd\">\n<td class=\"column-1\">LRD35<\/td>\n<td class=\"column-2\">(30-38A)<\/td>\n<td class=\"column-3\">LC1D32..LC1D38<\/td>\n<\/tr>\n<tr class=\"row-18 even\">\n<td class=\"column-1\">LRD313<\/td>\n<td class=\"column-2\">(9-13A)<\/td>\n<td class=\"column-3\">LC1D40A..LC1D65A<\/td>\n<\/tr>\n<tr class=\"row-19 odd\">\n<td class=\"column-1\">LRD318<\/td>\n<td class=\"column-2\">(12-18A)<\/td>\n<td class=\"column-3\">LC1D40A..LC1D65A<\/td>\n<\/tr>\n<tr class=\"row-20 even\">\n<td class=\"column-1\">LRD325<\/td>\n<td class=\"column-2\">(16-25A)<\/td>\n<td class=\"column-3\">LC1D40A..LC1D65A<\/td>\n<\/tr>\n<tr class=\"row-21 odd\">\n<td class=\"column-1\">LRD332<\/td>\n<td class=\"column-2\">(23-32A)<\/td>\n<td class=\"column-3\">LC1D40A..LC1D65A<\/td>\n<\/tr>\n<\/tbody>\n<\/table>\n<\/div>\n<table id=\"tablepress-254\" class=\"tablepress tablepress-id-254 dataTable no-footer\" aria-labelledby=\"tablepress-254-name\" aria-describedby=\"tablepress-254_info\">\n<thead>\n<tr class=\"row-1 odd\">\n<th class=\"column-1 sorting\" colspan=\"1\" rowspan=\"1\" aria-controls=\"tablepress-254\" aria-label=\"Model: activate to sort column ascending\">Model<\/th>\n<th class=\"column-2 sorting\" colspan=\"1\" rowspan=\"1\" aria-controls=\"tablepress-254\" aria-label=\"D\u1ea3i d\u00f2ng ch\u1ec9nh: activate to sort column ascending\">D\u1ea3i d\u00f2ng ch\u1ec9nh<\/th>\n<th class=\"column-3 sorting\" colspan=\"1\" rowspan=\"1\" aria-controls=\"tablepress-254\" aria-label=\"Lo\u1ea1i contactor t\u01b0\u01a1ng th\u00edch: activate to sort column ascending\">Lo\u1ea1i contactor t\u01b0\u01a1ng th\u00edch<\/th>\n<\/tr>\n<\/thead>\n<tbody class=\"row-hover\">\n<tr class=\"row-22 even\">\n<td class=\"column-1\">LRD340<\/td>\n<td class=\"column-2\">(30-40A)<\/td>\n<td class=\"column-3\">LC1D40A..LC1D65A<\/td>\n<\/tr>\n<tr class=\"row-23 odd\">\n<td class=\"column-1\">LRD350<\/td>\n<td class=\"column-2\">(37-50A)<\/td>\n<td class=\"column-3\">LC1D40A..LC1D65A<\/td>\n<\/tr>\n<tr class=\"row-24 even\">\n<td class=\"column-1\">LRD365<\/td>\n<td class=\"column-2\">(48-65A)<\/td>\n<td class=\"column-3\">LC1D40A..LC1D65A<\/td>\n<\/tr>\n<tr class=\"row-25 odd\">\n<td class=\"column-1\">LRD380<\/td>\n<td class=\"column-2\">(62-80A)<\/td>\n<td class=\"column-3\">LC1D80A<\/td>\n<\/tr>\n<tr class=\"row-26 even\">\n<td class=\"column-1\">LRD3365<\/td>\n<td class=\"column-2\">(80-104A)<\/td>\n<td class=\"column-3\">LC1D80A, LC1D95<\/td>\n<\/tr>\n<tr class=\"row-27 odd\">\n<td class=\"column-1\">LRD4365<\/td>\n<td class=\"column-2\">(80-104A)<\/td>\n<td class=\"column-3\">LC1D115, LC1D150<\/td>\n<\/tr>\n<tr class=\"row-28 even\">\n<td class=\"column-1\">LRD4367<\/td>\n<td class=\"column-2\">(95-120A)<\/td>\n<td class=\"column-3\">LC1D115, LC1D150<\/td>\n<\/tr>\n<tr class=\"row-29 odd\">\n<td class=\"column-1\">LRD4369<\/td>\n<td class=\"column-2\">(110-140A)<\/td>\n<td class=\"column-3\">LC1D150<\/td>\n<\/tr>\n<\/tbody>\n<\/table>\n<p>\u0110\u1ea1i l\u00fd SCHNEIDER vietnam,SCHNEIDER viet nam, SCHNEIDER vietnam distributor, Ph\u00e2n ph\u1ed1i SCHNEIDER t\u1ea1i vi\u1ec7t nam<\/p>\n<p>\u0110\u1ea1i l\u00fd SCHNEIDER vietnam,SCHNEIDER viet nam, SCHNEIDER vietnam distributor, Ph\u00e2n ph\u1ed1i SCHNEIDER t\u1ea1i vi\u1ec7t nam<\/p>\n<p>\u0110\u1ea1i l\u00fd SCHNEIDER vietnam,SCHNEIDER viet nam, SCHNEIDER vietnam distributor, Ph\u00e2n ph\u1ed1i SCHNEIDER t\u1ea1i vi\u1ec7t nam<\/p>\n<p>\u0110\u1ea1i l\u00fd SCHNEIDER vietnam,SCHNEIDER viet nam, SCHNEIDER vietnam distributor, Ph\u00e2n ph\u1ed1i SCHNEIDER t\u1ea1i vi\u1ec7t nam<\/p>\n<p>\u0110\u1ea1i l\u00fd SCHNEIDER vietnam,SCHNEIDER viet nam, SCHNEIDER vietnam distributor, Ph\u00e2n ph\u1ed1i SCHNEIDER t\u1ea1i vi\u1ec7t nam<\/p>\n","protected":false},"excerpt":{"rendered":"<p>SCHNEIDER LRD350 (37-50A) R\u01a1 le nhi\u1ec7t Schneider LRD350 (37-50A) Class 10 A(1) v\u1edbi li\u00ean k\u1ebft Everlink, \u0111\u1ea7u k\u1ebft n\u1ed1i b\u1eaft v\u00edt BTR T\u01b0\u01a1ng th\u00edch cho l\u1eafp \u0111\u1eb7t v\u1edbi kh\u1edfi \u0111\u1ed9ng t\u1eeb Tesys D D\u00f9ng cho b\u1ea3o v\u1ec7 \u0111\u1ed9ng c\u01a1 v\u00e0 b\u1ea3o v\u1ec7 m\u1ea5t pha Reset t\u1ef1 \u0111\u1ed9ng ho\u1eb7c b\u1eb1ng tay,&hellip; <\/p>\n","protected":false},"featured_media":1804,"comment_status":"open","ping_status":"closed","template":"","meta":[],"product_cat":[453],"product_tag":[455,161,454],"class_list":{"0":"post-1803","1":"product","2":"type-product","3":"status-publish","4":"has-post-thumbnail","6":"product_cat-schneider","7":"product_tag-dai-ly-schneider-viet-nam","8":"product_tag-ro-le","9":"product_tag-schneider-viet-nam","11":"first","12":"instock","13":"shipping-taxable","14":"product-type-simple"},"yoast_head":"<!-- This site is optimized with the Yoast SEO plugin v22.8 - https:\/\/yoast.com\/wordpress\/plugins\/seo\/ -->\n<title>SCHNEIDER LRD350 (37-50A) - OMANI VI\u1ec6T NAM<\/title>\n<meta name=\"robots\" content=\"index, follow, max-snippet:-1, max-image-preview:large, max-video-preview:-1\" \/>\n<link rel=\"canonical\" href=\"https:\/\/omanivietnam.com\/index.php\/san-pham\/schneider-lrd350-37-50a\/\" \/>\n<meta property=\"og:locale\" content=\"vi_VN\" \/>\n<meta property=\"og:type\" content=\"article\" \/>\n<meta property=\"og:title\" content=\"SCHNEIDER LRD350 (37-50A) - OMANI VI\u1ec6T NAM\" \/>\n<meta property=\"og:description\" content=\"SCHNEIDER LRD350 (37-50A) R\u01a1 le nhi\u1ec7t Schneider LRD350 (37-50A) Class 10 A(1) v\u1edbi li\u00ean k\u1ebft Everlink, \u0111\u1ea7u k\u1ebft n\u1ed1i b\u1eaft v\u00edt BTR T\u01b0\u01a1ng th\u00edch cho l\u1eafp \u0111\u1eb7t v\u1edbi kh\u1edfi \u0111\u1ed9ng t\u1eeb Tesys D D\u00f9ng cho b\u1ea3o v\u1ec7 \u0111\u1ed9ng c\u01a1 v\u00e0 b\u1ea3o v\u1ec7 m\u1ea5t pha Reset t\u1ef1 \u0111\u1ed9ng ho\u1eb7c b\u1eb1ng tay,&hellip;\" \/>\n<meta property=\"og:url\" content=\"https:\/\/omanivietnam.com\/index.php\/san-pham\/schneider-lrd350-37-50a\/\" \/>\n<meta property=\"og:site_name\" content=\"OMANI VI\u1ec6T NAM\" \/>\n<meta property=\"article:modified_time\" content=\"2024-09-21T13:55:03+00:00\" \/>\n<meta property=\"og:image\" content=\"https:\/\/omanivietnam.com\/wp-content\/uploads\/2024\/09\/LRD350.png\" \/>\n\t<meta property=\"og:image:width\" content=\"542\" \/>\n\t<meta property=\"og:image:height\" content=\"389\" \/>\n\t<meta property=\"og:image:type\" content=\"image\/png\" \/>\n<meta name=\"twitter:card\" content=\"summary_large_image\" \/>\n<meta name=\"twitter:label1\" content=\"\u01af\u1edbc t\u00ednh th\u1eddi gian \u0111\u1ecdc\" \/>\n\t<meta name=\"twitter:data1\" content=\"2 ph\u00fat\" \/>\n<script type=\"application\/ld+json\" class=\"yoast-schema-graph\">{\"@context\":\"https:\/\/schema.org\",\"@graph\":[{\"@type\":\"WebPage\",\"@id\":\"https:\/\/omanivietnam.com\/index.php\/san-pham\/schneider-lrd350-37-50a\/\",\"url\":\"https:\/\/omanivietnam.com\/index.php\/san-pham\/schneider-lrd350-37-50a\/\",\"name\":\"SCHNEIDER LRD350 (37-50A) - OMANI VI\u1ec6T NAM\",\"isPartOf\":{\"@id\":\"https:\/\/omanivietnam.com\/#website\"},\"primaryImageOfPage\":{\"@id\":\"https:\/\/omanivietnam.com\/index.php\/san-pham\/schneider-lrd350-37-50a\/#primaryimage\"},\"image\":{\"@id\":\"https:\/\/omanivietnam.com\/index.php\/san-pham\/schneider-lrd350-37-50a\/#primaryimage\"},\"thumbnailUrl\":\"https:\/\/omanivietnam.com\/wp-content\/uploads\/2024\/09\/LRD350.png\",\"datePublished\":\"2024-09-21T13:53:58+00:00\",\"dateModified\":\"2024-09-21T13:55:03+00:00\",\"breadcrumb\":{\"@id\":\"https:\/\/omanivietnam.com\/index.php\/san-pham\/schneider-lrd350-37-50a\/#breadcrumb\"},\"inLanguage\":\"vi\",\"potentialAction\":[{\"@type\":\"ReadAction\",\"target\":[\"https:\/\/omanivietnam.com\/index.php\/san-pham\/schneider-lrd350-37-50a\/\"]}]},{\"@type\":\"ImageObject\",\"inLanguage\":\"vi\",\"@id\":\"https:\/\/omanivietnam.com\/index.php\/san-pham\/schneider-lrd350-37-50a\/#primaryimage\",\"url\":\"https:\/\/omanivietnam.com\/wp-content\/uploads\/2024\/09\/LRD350.png\",\"contentUrl\":\"https:\/\/omanivietnam.com\/wp-content\/uploads\/2024\/09\/LRD350.png\",\"width\":542,\"height\":389},{\"@type\":\"BreadcrumbList\",\"@id\":\"https:\/\/omanivietnam.com\/index.php\/san-pham\/schneider-lrd350-37-50a\/#breadcrumb\",\"itemListElement\":[{\"@type\":\"ListItem\",\"position\":1,\"name\":\"Home\",\"item\":\"https:\/\/omanivietnam.com\/\"},{\"@type\":\"ListItem\",\"position\":2,\"name\":\"S\u1ea2N PH\u1ea8M\",\"item\":\"https:\/\/omanivietnam.com\/index.php\/cua-hang\/\"},{\"@type\":\"ListItem\",\"position\":3,\"name\":\"SCHNEIDER LRD350 (37-50A)\"}]},{\"@type\":\"WebSite\",\"@id\":\"https:\/\/omanivietnam.com\/#website\",\"url\":\"https:\/\/omanivietnam.com\/\",\"name\":\"OMANI VI\u1ec6T NAM\",\"description\":\"Nh\u00e0 ph\u00e2n ph\u1ed1i thi\u1ebft b\u1ecb kh\u00ed n\u00e9n v\u00e0 thi\u1ebft b\u1ecb t\u1ef1 \u0111\u1ed9ng h\u00f3a trong c\u00f4ng nghi\u1ec7p\",\"publisher\":{\"@id\":\"https:\/\/omanivietnam.com\/#\/schema\/person\/0ad398a980dc3fd696111c2c5c8fa897\"},\"potentialAction\":[{\"@type\":\"SearchAction\",\"target\":{\"@type\":\"EntryPoint\",\"urlTemplate\":\"https:\/\/omanivietnam.com\/?s={search_term_string}\"},\"query-input\":\"required name=search_term_string\"}],\"inLanguage\":\"vi\"},{\"@type\":[\"Person\",\"Organization\"],\"@id\":\"https:\/\/omanivietnam.com\/#\/schema\/person\/0ad398a980dc3fd696111c2c5c8fa897\",\"name\":\"Nguy\u1ec5n V\u0103n Kh\u00e1nh\",\"image\":{\"@type\":\"ImageObject\",\"inLanguage\":\"vi\",\"@id\":\"https:\/\/omanivietnam.com\/#\/schema\/person\/image\/\",\"url\":\"https:\/\/omanivietnam.com\/wp-content\/uploads\/2024\/06\/logo-1024x1024.png\",\"contentUrl\":\"https:\/\/omanivietnam.com\/wp-content\/uploads\/2024\/06\/logo-1024x1024.png\",\"width\":1024,\"height\":1024,\"caption\":\"Nguy\u1ec5n V\u0103n Kh\u00e1nh\"},\"logo\":{\"@id\":\"https:\/\/omanivietnam.com\/#\/schema\/person\/image\/\"},\"sameAs\":[\"https:\/\/omanivietnam.com\"]}]}<\/script>\n<!-- \/ Yoast SEO plugin. -->","yoast_head_json":{"title":"SCHNEIDER LRD350 (37-50A) - OMANI VI\u1ec6T NAM","robots":{"index":"index","follow":"follow","max-snippet":"max-snippet:-1","max-image-preview":"max-image-preview:large","max-video-preview":"max-video-preview:-1"},"canonical":"https:\/\/omanivietnam.com\/index.php\/san-pham\/schneider-lrd350-37-50a\/","og_locale":"vi_VN","og_type":"article","og_title":"SCHNEIDER LRD350 (37-50A) - OMANI VI\u1ec6T NAM","og_description":"SCHNEIDER LRD350 (37-50A) R\u01a1 le nhi\u1ec7t Schneider LRD350 (37-50A) Class 10 A(1) v\u1edbi li\u00ean k\u1ebft Everlink, \u0111\u1ea7u k\u1ebft n\u1ed1i b\u1eaft v\u00edt BTR T\u01b0\u01a1ng th\u00edch cho l\u1eafp \u0111\u1eb7t v\u1edbi kh\u1edfi \u0111\u1ed9ng t\u1eeb Tesys D D\u00f9ng cho b\u1ea3o v\u1ec7 \u0111\u1ed9ng c\u01a1 v\u00e0 b\u1ea3o v\u1ec7 m\u1ea5t pha Reset t\u1ef1 \u0111\u1ed9ng ho\u1eb7c b\u1eb1ng tay,&hellip;","og_url":"https:\/\/omanivietnam.com\/index.php\/san-pham\/schneider-lrd350-37-50a\/","og_site_name":"OMANI VI\u1ec6T NAM","article_modified_time":"2024-09-21T13:55:03+00:00","og_image":[{"width":542,"height":389,"url":"https:\/\/omanivietnam.com\/wp-content\/uploads\/2024\/09\/LRD350.png","type":"image\/png"}],"twitter_card":"summary_large_image","twitter_misc":{"\u01af\u1edbc t\u00ednh th\u1eddi gian \u0111\u1ecdc":"2 ph\u00fat"},"schema":{"@context":"https:\/\/schema.org","@graph":[{"@type":"WebPage","@id":"https:\/\/omanivietnam.com\/index.php\/san-pham\/schneider-lrd350-37-50a\/","url":"https:\/\/omanivietnam.com\/index.php\/san-pham\/schneider-lrd350-37-50a\/","name":"SCHNEIDER LRD350 (37-50A) - OMANI VI\u1ec6T NAM","isPartOf":{"@id":"https:\/\/omanivietnam.com\/#website"},"primaryImageOfPage":{"@id":"https:\/\/omanivietnam.com\/index.php\/san-pham\/schneider-lrd350-37-50a\/#primaryimage"},"image":{"@id":"https:\/\/omanivietnam.com\/index.php\/san-pham\/schneider-lrd350-37-50a\/#primaryimage"},"thumbnailUrl":"https:\/\/omanivietnam.com\/wp-content\/uploads\/2024\/09\/LRD350.png","datePublished":"2024-09-21T13:53:58+00:00","dateModified":"2024-09-21T13:55:03+00:00","breadcrumb":{"@id":"https:\/\/omanivietnam.com\/index.php\/san-pham\/schneider-lrd350-37-50a\/#breadcrumb"},"inLanguage":"vi","potentialAction":[{"@type":"ReadAction","target":["https:\/\/omanivietnam.com\/index.php\/san-pham\/schneider-lrd350-37-50a\/"]}]},{"@type":"ImageObject","inLanguage":"vi","@id":"https:\/\/omanivietnam.com\/index.php\/san-pham\/schneider-lrd350-37-50a\/#primaryimage","url":"https:\/\/omanivietnam.com\/wp-content\/uploads\/2024\/09\/LRD350.png","contentUrl":"https:\/\/omanivietnam.com\/wp-content\/uploads\/2024\/09\/LRD350.png","width":542,"height":389},{"@type":"BreadcrumbList","@id":"https:\/\/omanivietnam.com\/index.php\/san-pham\/schneider-lrd350-37-50a\/#breadcrumb","itemListElement":[{"@type":"ListItem","position":1,"name":"Home","item":"https:\/\/omanivietnam.com\/"},{"@type":"ListItem","position":2,"name":"S\u1ea2N PH\u1ea8M","item":"https:\/\/omanivietnam.com\/index.php\/cua-hang\/"},{"@type":"ListItem","position":3,"name":"SCHNEIDER LRD350 (37-50A)"}]},{"@type":"WebSite","@id":"https:\/\/omanivietnam.com\/#website","url":"https:\/\/omanivietnam.com\/","name":"OMANI VI\u1ec6T NAM","description":"Nh\u00e0 ph\u00e2n ph\u1ed1i thi\u1ebft b\u1ecb kh\u00ed n\u00e9n v\u00e0 thi\u1ebft b\u1ecb t\u1ef1 \u0111\u1ed9ng h\u00f3a trong c\u00f4ng nghi\u1ec7p","publisher":{"@id":"https:\/\/omanivietnam.com\/#\/schema\/person\/0ad398a980dc3fd696111c2c5c8fa897"},"potentialAction":[{"@type":"SearchAction","target":{"@type":"EntryPoint","urlTemplate":"https:\/\/omanivietnam.com\/?s={search_term_string}"},"query-input":"required name=search_term_string"}],"inLanguage":"vi"},{"@type":["Person","Organization"],"@id":"https:\/\/omanivietnam.com\/#\/schema\/person\/0ad398a980dc3fd696111c2c5c8fa897","name":"Nguy\u1ec5n V\u0103n Kh\u00e1nh","image":{"@type":"ImageObject","inLanguage":"vi","@id":"https:\/\/omanivietnam.com\/#\/schema\/person\/image\/","url":"https:\/\/omanivietnam.com\/wp-content\/uploads\/2024\/06\/logo-1024x1024.png","contentUrl":"https:\/\/omanivietnam.com\/wp-content\/uploads\/2024\/06\/logo-1024x1024.png","width":1024,"height":1024,"caption":"Nguy\u1ec5n V\u0103n Kh\u00e1nh"},"logo":{"@id":"https:\/\/omanivietnam.com\/#\/schema\/person\/image\/"},"sameAs":["https:\/\/omanivietnam.com"]}]}},"_links":{"self":[{"href":"https:\/\/omanivietnam.com\/index.php\/wp-json\/wp\/v2\/product\/1803","targetHints":{"allow":["GET"]}}],"collection":[{"href":"https:\/\/omanivietnam.com\/index.php\/wp-json\/wp\/v2\/product"}],"about":[{"href":"https:\/\/omanivietnam.com\/index.php\/wp-json\/wp\/v2\/types\/product"}],"replies":[{"embeddable":true,"href":"https:\/\/omanivietnam.com\/index.php\/wp-json\/wp\/v2\/comments?post=1803"}],"wp:featuredmedia":[{"embeddable":true,"href":"https:\/\/omanivietnam.com\/index.php\/wp-json\/wp\/v2\/media\/1804"}],"wp:attachment":[{"href":"https:\/\/omanivietnam.com\/index.php\/wp-json\/wp\/v2\/media?parent=1803"}],"wp:term":[{"taxonomy":"product_cat","embeddable":true,"href":"https:\/\/omanivietnam.com\/index.php\/wp-json\/wp\/v2\/product_cat?post=1803"},{"taxonomy":"product_tag","embeddable":true,"href":"https:\/\/omanivietnam.com\/index.php\/wp-json\/wp\/v2\/product_tag?post=1803"}],"curies":[{"name":"wp","href":"https:\/\/api.w.org\/{rel}","templated":true}]}}