{"id":1805,"date":"2024-09-21T21:01:17","date_gmt":"2024-09-21T14:01:17","guid":{"rendered":"https:\/\/omanivietnam.com\/?post_type=product&#038;p=1805"},"modified":"2024-09-21T21:02:19","modified_gmt":"2024-09-21T14:02:19","slug":"allen-bradley-100-fa22","status":"publish","type":"product","link":"https:\/\/omanivietnam.com\/index.php\/san-pham\/allen-bradley-100-fa22\/","title":{"rendered":"ALLEN BRADLEY 100-FA22"},"content":{"rendered":"<p>ALLEN BRADLEY 100-FA22<\/p>\n<p>ALLEN BRADLEY 100-C09D01 AC110V<\/p>\n<p>Ti\u1ebfp \u0111i\u1ec3m ph\u1ee5 Auxiliary Contact 100-FA22 c\u1ee7a Allen Bradley<\/p>\n<p>Kh\u1ed1i m\u1ed7i contactor 2 b\u00ean + 1 tr\u00ean (t\u1ed1i \u0111a 8 contacts)<br \/>\nChuy\u1ec3n \u0111\u1ed5i t\u1ed1i thi\u1ec3u 17V 5mA (DIN 19240)<\/p>\n<p>&#8211; **S\u1ed1 l\u01b0\u1ee3ng li\u00ean h\u1ec7:** 4<br \/>\n&#8211; **C\u1ea5u h\u00ecnh tr\u1ea1ng th\u00e1i b\u00ecnh th\u01b0\u1eddng:** 2NC + 2NO (2 Normally Closed + 2 Normally Open)<br \/>\n&#8211; **Ki\u1ec3u l\u1eafp \u0111\u1eb7t:** Front Mount (L\u1eafp \u0111\u1eb7t \u1edf m\u1eb7t tr\u01b0\u1edbc)<br \/>\n&#8211; **D\u00f2ng relay:** Series 100F<br \/>\n&#8211; **D\u00f2ng \u0111\u1ecbnh m\u1ee9c c\u1ee7a li\u00ean h\u1ec7:** 10 A<br \/>\n&#8211; **Lo\u1ea1i k\u1ebft n\u1ed1i:** Screw (\u1ed0c)<br \/>\n&#8211; **C\u1ea5u h\u00ecnh c\u1ef1c v\u00e0 chuy\u1ec3n \u0111\u1ed9ng:** 4PST (4 Pole Single Throw)<br \/>\n&#8211; **Nhi\u1ec7t \u0111\u1ed9 ho\u1ea1t \u0111\u1ed9ng t\u1ed1i thi\u1ec3u:** -25\u00b0C<br \/>\n&#8211; **Nhi\u1ec7t \u0111\u1ed9 ho\u1ea1t \u0111\u1ed9ng t\u1ed1i \u0111a:** +60\u00b0C<br \/>\n&#8211; **D\u1ea3i nhi\u1ec7t \u0111\u1ed9 ho\u1ea1t \u0111\u1ed9ng:** -25 \u2192 +60 \u00b0C<\/p>\n<p>\u0110\u1ea1i l\u00fd ALLEN BRADLEY vietnam, ALLEN BRADLEY viet nam, ALLEN BRADLEY vietnam distributor, Ph\u00e2n ph\u1ed1i ALLEN BRADLEY t\u1ea1i vi\u1ec7t nam<\/p>\n<p>\u0110\u1ea1i l\u00fd ALLEN BRADLEY vietnam, ALLEN BRADLEY viet nam, ALLEN BRADLEY vietnam distributor, Ph\u00e2n ph\u1ed1i ALLEN BRADLEY t\u1ea1i vi\u1ec7t nam<\/p>\n<p>\u0110\u1ea1i l\u00fd ALLEN BRADLEY vietnam, ALLEN BRADLEY viet nam, ALLEN BRADLEY vietnam distributor, Ph\u00e2n ph\u1ed1i ALLEN BRADLEY t\u1ea1i vi\u1ec7t nam<\/p>\n<p>\u0110\u1ea1i l\u00fd ALLEN BRADLEY vietnam, ALLEN BRADLEY viet nam, ALLEN BRADLEY vietnam distributor, Ph\u00e2n ph\u1ed1i ALLEN BRADLEY t\u1ea1i vi\u1ec7t nam<\/p>\n<p>\u0110\u1ea1i l\u00fd ALLEN BRADLEY vietnam, ALLEN BRADLEY viet nam, ALLEN BRADLEY vietnam distributor, Ph\u00e2n ph\u1ed1i ALLEN BRADLEY t\u1ea1i vi\u1ec7t nam<\/p>\n","protected":false},"excerpt":{"rendered":"<p>ALLEN BRADLEY 100-FA22 ALLEN BRADLEY 100-C09D01 AC110V Ti\u1ebfp \u0111i\u1ec3m ph\u1ee5 Auxiliary Contact 100-FA22 c\u1ee7a Allen Bradley Kh\u1ed1i m\u1ed7i contactor 2 b\u00ean + 1 tr\u00ean (t\u1ed1i \u0111a 8 contacts) Chuy\u1ec3n \u0111\u1ed5i t\u1ed1i thi\u1ec3u 17V 5mA (DIN 19240) &#8211; **S\u1ed1 l\u01b0\u1ee3ng li\u00ean h\u1ec7:** 4 &#8211; **C\u1ea5u h\u00ecnh tr\u1ea1ng th\u00e1i b\u00ecnh th\u01b0\u1eddng:** 2NC&hellip; <\/p>\n","protected":false},"featured_media":1806,"comment_status":"open","ping_status":"closed","template":"","meta":[],"product_cat":[295],"product_tag":[178,179,466],"class_list":{"0":"post-1805","1":"product","2":"type-product","3":"status-publish","4":"has-post-thumbnail","6":"product_cat-allen-bradley","7":"product_tag-allen-bradley-viet-nam","8":"product_tag-dai-ly-allen-bradley-viet-nam","9":"product_tag-tiep-diem-phu","11":"first","12":"instock","13":"shipping-taxable","14":"product-type-simple"},"yoast_head":"<!-- This site is optimized with the Yoast SEO plugin v22.8 - https:\/\/yoast.com\/wordpress\/plugins\/seo\/ -->\n<title>ALLEN BRADLEY 100-FA22 - OMANI VI\u1ec6T NAM<\/title>\n<meta name=\"robots\" content=\"index, follow, max-snippet:-1, max-image-preview:large, max-video-preview:-1\" \/>\n<link rel=\"canonical\" href=\"https:\/\/omanivietnam.com\/index.php\/san-pham\/allen-bradley-100-fa22\/\" \/>\n<meta property=\"og:locale\" content=\"vi_VN\" \/>\n<meta property=\"og:type\" content=\"article\" \/>\n<meta property=\"og:title\" content=\"ALLEN BRADLEY 100-FA22 - OMANI VI\u1ec6T NAM\" \/>\n<meta property=\"og:description\" content=\"ALLEN BRADLEY 100-FA22 ALLEN BRADLEY 100-C09D01 AC110V Ti\u1ebfp \u0111i\u1ec3m ph\u1ee5 Auxiliary Contact 100-FA22 c\u1ee7a Allen Bradley Kh\u1ed1i m\u1ed7i contactor 2 b\u00ean + 1 tr\u00ean (t\u1ed1i \u0111a 8 contacts) Chuy\u1ec3n \u0111\u1ed5i t\u1ed1i thi\u1ec3u 17V 5mA (DIN 19240) &#8211; **S\u1ed1 l\u01b0\u1ee3ng li\u00ean h\u1ec7:** 4 &#8211; **C\u1ea5u h\u00ecnh tr\u1ea1ng th\u00e1i b\u00ecnh th\u01b0\u1eddng:** 2NC&hellip;\" \/>\n<meta property=\"og:url\" content=\"https:\/\/omanivietnam.com\/index.php\/san-pham\/allen-bradley-100-fa22\/\" \/>\n<meta property=\"og:site_name\" content=\"OMANI VI\u1ec6T NAM\" \/>\n<meta property=\"article:modified_time\" content=\"2024-09-21T14:02:19+00:00\" \/>\n<meta property=\"og:image\" content=\"https:\/\/omanivietnam.com\/wp-content\/uploads\/2024\/09\/100-FA22.png\" \/>\n\t<meta property=\"og:image:width\" content=\"373\" \/>\n\t<meta property=\"og:image:height\" content=\"405\" \/>\n\t<meta property=\"og:image:type\" content=\"image\/png\" \/>\n<meta name=\"twitter:card\" content=\"summary_large_image\" \/>\n<meta name=\"twitter:label1\" content=\"\u01af\u1edbc t\u00ednh th\u1eddi gian \u0111\u1ecdc\" \/>\n\t<meta name=\"twitter:data1\" content=\"2 ph\u00fat\" \/>\n<script type=\"application\/ld+json\" class=\"yoast-schema-graph\">{\"@context\":\"https:\/\/schema.org\",\"@graph\":[{\"@type\":\"WebPage\",\"@id\":\"https:\/\/omanivietnam.com\/index.php\/san-pham\/allen-bradley-100-fa22\/\",\"url\":\"https:\/\/omanivietnam.com\/index.php\/san-pham\/allen-bradley-100-fa22\/\",\"name\":\"ALLEN BRADLEY 100-FA22 - OMANI VI\u1ec6T NAM\",\"isPartOf\":{\"@id\":\"https:\/\/omanivietnam.com\/#website\"},\"primaryImageOfPage\":{\"@id\":\"https:\/\/omanivietnam.com\/index.php\/san-pham\/allen-bradley-100-fa22\/#primaryimage\"},\"image\":{\"@id\":\"https:\/\/omanivietnam.com\/index.php\/san-pham\/allen-bradley-100-fa22\/#primaryimage\"},\"thumbnailUrl\":\"https:\/\/omanivietnam.com\/wp-content\/uploads\/2024\/09\/100-FA22.png\",\"datePublished\":\"2024-09-21T14:01:17+00:00\",\"dateModified\":\"2024-09-21T14:02:19+00:00\",\"breadcrumb\":{\"@id\":\"https:\/\/omanivietnam.com\/index.php\/san-pham\/allen-bradley-100-fa22\/#breadcrumb\"},\"inLanguage\":\"vi\",\"potentialAction\":[{\"@type\":\"ReadAction\",\"target\":[\"https:\/\/omanivietnam.com\/index.php\/san-pham\/allen-bradley-100-fa22\/\"]}]},{\"@type\":\"ImageObject\",\"inLanguage\":\"vi\",\"@id\":\"https:\/\/omanivietnam.com\/index.php\/san-pham\/allen-bradley-100-fa22\/#primaryimage\",\"url\":\"https:\/\/omanivietnam.com\/wp-content\/uploads\/2024\/09\/100-FA22.png\",\"contentUrl\":\"https:\/\/omanivietnam.com\/wp-content\/uploads\/2024\/09\/100-FA22.png\",\"width\":373,\"height\":405},{\"@type\":\"BreadcrumbList\",\"@id\":\"https:\/\/omanivietnam.com\/index.php\/san-pham\/allen-bradley-100-fa22\/#breadcrumb\",\"itemListElement\":[{\"@type\":\"ListItem\",\"position\":1,\"name\":\"Home\",\"item\":\"https:\/\/omanivietnam.com\/\"},{\"@type\":\"ListItem\",\"position\":2,\"name\":\"S\u1ea2N PH\u1ea8M\",\"item\":\"https:\/\/omanivietnam.com\/index.php\/cua-hang\/\"},{\"@type\":\"ListItem\",\"position\":3,\"name\":\"ALLEN BRADLEY 100-FA22\"}]},{\"@type\":\"WebSite\",\"@id\":\"https:\/\/omanivietnam.com\/#website\",\"url\":\"https:\/\/omanivietnam.com\/\",\"name\":\"OMANI VI\u1ec6T NAM\",\"description\":\"Nh\u00e0 ph\u00e2n ph\u1ed1i thi\u1ebft b\u1ecb kh\u00ed n\u00e9n v\u00e0 thi\u1ebft b\u1ecb t\u1ef1 \u0111\u1ed9ng h\u00f3a trong c\u00f4ng nghi\u1ec7p\",\"publisher\":{\"@id\":\"https:\/\/omanivietnam.com\/#\/schema\/person\/0ad398a980dc3fd696111c2c5c8fa897\"},\"potentialAction\":[{\"@type\":\"SearchAction\",\"target\":{\"@type\":\"EntryPoint\",\"urlTemplate\":\"https:\/\/omanivietnam.com\/?s={search_term_string}\"},\"query-input\":\"required name=search_term_string\"}],\"inLanguage\":\"vi\"},{\"@type\":[\"Person\",\"Organization\"],\"@id\":\"https:\/\/omanivietnam.com\/#\/schema\/person\/0ad398a980dc3fd696111c2c5c8fa897\",\"name\":\"Nguy\u1ec5n V\u0103n Kh\u00e1nh\",\"image\":{\"@type\":\"ImageObject\",\"inLanguage\":\"vi\",\"@id\":\"https:\/\/omanivietnam.com\/#\/schema\/person\/image\/\",\"url\":\"https:\/\/omanivietnam.com\/wp-content\/uploads\/2024\/06\/logo-1024x1024.png\",\"contentUrl\":\"https:\/\/omanivietnam.com\/wp-content\/uploads\/2024\/06\/logo-1024x1024.png\",\"width\":1024,\"height\":1024,\"caption\":\"Nguy\u1ec5n V\u0103n Kh\u00e1nh\"},\"logo\":{\"@id\":\"https:\/\/omanivietnam.com\/#\/schema\/person\/image\/\"},\"sameAs\":[\"https:\/\/omanivietnam.com\"]}]}<\/script>\n<!-- \/ Yoast SEO plugin. -->","yoast_head_json":{"title":"ALLEN BRADLEY 100-FA22 - OMANI VI\u1ec6T NAM","robots":{"index":"index","follow":"follow","max-snippet":"max-snippet:-1","max-image-preview":"max-image-preview:large","max-video-preview":"max-video-preview:-1"},"canonical":"https:\/\/omanivietnam.com\/index.php\/san-pham\/allen-bradley-100-fa22\/","og_locale":"vi_VN","og_type":"article","og_title":"ALLEN BRADLEY 100-FA22 - OMANI VI\u1ec6T NAM","og_description":"ALLEN BRADLEY 100-FA22 ALLEN BRADLEY 100-C09D01 AC110V Ti\u1ebfp \u0111i\u1ec3m ph\u1ee5 Auxiliary Contact 100-FA22 c\u1ee7a Allen Bradley Kh\u1ed1i m\u1ed7i contactor 2 b\u00ean + 1 tr\u00ean (t\u1ed1i \u0111a 8 contacts) Chuy\u1ec3n \u0111\u1ed5i t\u1ed1i thi\u1ec3u 17V 5mA (DIN 19240) &#8211; **S\u1ed1 l\u01b0\u1ee3ng li\u00ean h\u1ec7:** 4 &#8211; **C\u1ea5u h\u00ecnh tr\u1ea1ng th\u00e1i b\u00ecnh th\u01b0\u1eddng:** 2NC&hellip;","og_url":"https:\/\/omanivietnam.com\/index.php\/san-pham\/allen-bradley-100-fa22\/","og_site_name":"OMANI VI\u1ec6T NAM","article_modified_time":"2024-09-21T14:02:19+00:00","og_image":[{"width":373,"height":405,"url":"https:\/\/omanivietnam.com\/wp-content\/uploads\/2024\/09\/100-FA22.png","type":"image\/png"}],"twitter_card":"summary_large_image","twitter_misc":{"\u01af\u1edbc t\u00ednh th\u1eddi gian \u0111\u1ecdc":"2 ph\u00fat"},"schema":{"@context":"https:\/\/schema.org","@graph":[{"@type":"WebPage","@id":"https:\/\/omanivietnam.com\/index.php\/san-pham\/allen-bradley-100-fa22\/","url":"https:\/\/omanivietnam.com\/index.php\/san-pham\/allen-bradley-100-fa22\/","name":"ALLEN BRADLEY 100-FA22 - OMANI VI\u1ec6T NAM","isPartOf":{"@id":"https:\/\/omanivietnam.com\/#website"},"primaryImageOfPage":{"@id":"https:\/\/omanivietnam.com\/index.php\/san-pham\/allen-bradley-100-fa22\/#primaryimage"},"image":{"@id":"https:\/\/omanivietnam.com\/index.php\/san-pham\/allen-bradley-100-fa22\/#primaryimage"},"thumbnailUrl":"https:\/\/omanivietnam.com\/wp-content\/uploads\/2024\/09\/100-FA22.png","datePublished":"2024-09-21T14:01:17+00:00","dateModified":"2024-09-21T14:02:19+00:00","breadcrumb":{"@id":"https:\/\/omanivietnam.com\/index.php\/san-pham\/allen-bradley-100-fa22\/#breadcrumb"},"inLanguage":"vi","potentialAction":[{"@type":"ReadAction","target":["https:\/\/omanivietnam.com\/index.php\/san-pham\/allen-bradley-100-fa22\/"]}]},{"@type":"ImageObject","inLanguage":"vi","@id":"https:\/\/omanivietnam.com\/index.php\/san-pham\/allen-bradley-100-fa22\/#primaryimage","url":"https:\/\/omanivietnam.com\/wp-content\/uploads\/2024\/09\/100-FA22.png","contentUrl":"https:\/\/omanivietnam.com\/wp-content\/uploads\/2024\/09\/100-FA22.png","width":373,"height":405},{"@type":"BreadcrumbList","@id":"https:\/\/omanivietnam.com\/index.php\/san-pham\/allen-bradley-100-fa22\/#breadcrumb","itemListElement":[{"@type":"ListItem","position":1,"name":"Home","item":"https:\/\/omanivietnam.com\/"},{"@type":"ListItem","position":2,"name":"S\u1ea2N PH\u1ea8M","item":"https:\/\/omanivietnam.com\/index.php\/cua-hang\/"},{"@type":"ListItem","position":3,"name":"ALLEN BRADLEY 100-FA22"}]},{"@type":"WebSite","@id":"https:\/\/omanivietnam.com\/#website","url":"https:\/\/omanivietnam.com\/","name":"OMANI VI\u1ec6T NAM","description":"Nh\u00e0 ph\u00e2n ph\u1ed1i thi\u1ebft b\u1ecb kh\u00ed n\u00e9n v\u00e0 thi\u1ebft b\u1ecb t\u1ef1 \u0111\u1ed9ng h\u00f3a trong c\u00f4ng nghi\u1ec7p","publisher":{"@id":"https:\/\/omanivietnam.com\/#\/schema\/person\/0ad398a980dc3fd696111c2c5c8fa897"},"potentialAction":[{"@type":"SearchAction","target":{"@type":"EntryPoint","urlTemplate":"https:\/\/omanivietnam.com\/?s={search_term_string}"},"query-input":"required name=search_term_string"}],"inLanguage":"vi"},{"@type":["Person","Organization"],"@id":"https:\/\/omanivietnam.com\/#\/schema\/person\/0ad398a980dc3fd696111c2c5c8fa897","name":"Nguy\u1ec5n V\u0103n Kh\u00e1nh","image":{"@type":"ImageObject","inLanguage":"vi","@id":"https:\/\/omanivietnam.com\/#\/schema\/person\/image\/","url":"https:\/\/omanivietnam.com\/wp-content\/uploads\/2024\/06\/logo-1024x1024.png","contentUrl":"https:\/\/omanivietnam.com\/wp-content\/uploads\/2024\/06\/logo-1024x1024.png","width":1024,"height":1024,"caption":"Nguy\u1ec5n V\u0103n Kh\u00e1nh"},"logo":{"@id":"https:\/\/omanivietnam.com\/#\/schema\/person\/image\/"},"sameAs":["https:\/\/omanivietnam.com"]}]}},"_links":{"self":[{"href":"https:\/\/omanivietnam.com\/index.php\/wp-json\/wp\/v2\/product\/1805","targetHints":{"allow":["GET"]}}],"collection":[{"href":"https:\/\/omanivietnam.com\/index.php\/wp-json\/wp\/v2\/product"}],"about":[{"href":"https:\/\/omanivietnam.com\/index.php\/wp-json\/wp\/v2\/types\/product"}],"replies":[{"embeddable":true,"href":"https:\/\/omanivietnam.com\/index.php\/wp-json\/wp\/v2\/comments?post=1805"}],"wp:featuredmedia":[{"embeddable":true,"href":"https:\/\/omanivietnam.com\/index.php\/wp-json\/wp\/v2\/media\/1806"}],"wp:attachment":[{"href":"https:\/\/omanivietnam.com\/index.php\/wp-json\/wp\/v2\/media?parent=1805"}],"wp:term":[{"taxonomy":"product_cat","embeddable":true,"href":"https:\/\/omanivietnam.com\/index.php\/wp-json\/wp\/v2\/product_cat?post=1805"},{"taxonomy":"product_tag","embeddable":true,"href":"https:\/\/omanivietnam.com\/index.php\/wp-json\/wp\/v2\/product_tag?post=1805"}],"curies":[{"name":"wp","href":"https:\/\/api.w.org\/{rel}","templated":true}]}}