{"id":1809,"date":"2024-09-22T05:23:22","date_gmt":"2024-09-21T22:23:22","guid":{"rendered":"https:\/\/omanivietnam.com\/?post_type=product&#038;p=1809"},"modified":"2025-04-22T21:16:26","modified_gmt":"2025-04-22T14:16:26","slug":"leuze-db-112-up-1-202500","status":"publish","type":"product","link":"https:\/\/omanivietnam.com\/index.php\/san-pham\/leuze-db-112-up-1-202500\/","title":{"rendered":"LEUZE DB 112 UP.1-20,2500"},"content":{"rendered":"<p>LEUZE DB 112 UP.1-20,2500<\/p>\n<div class=\"row align-items-center product-detail-headline\">\n<div class=\"col product-detail-name-container\">\n<p class=\"product-detail-name\">DB 112 UP.1-20,2500<\/p>\n<\/div>\n<\/div>\n<div class=\"col product-detail-name-container\">\n<p class=\"product-detail-name\">Ultrasonic sensors<\/p>\n<\/div>\n<p class=\"product-detail-ordernumber-container\"><span class=\"product-detail-ordernumber-label\">Part no.:\u00a0<\/span><span class=\"product-detail-ordernumber\">50109000<\/span><\/p>\n<p>Series: 112<br \/>\nPrinciple of physics: Ultrasonics<br \/>\nOperating range: 0.015 &#8211; 0.03m<br \/>\nConnection: 1<br \/>\nType of connection: Cable with connector<br \/>\nCable length: 2,500 mm<br \/>\nThread size: M8<br \/>\nDesign: Cylindrical<br \/>\nThread size: M12 x 1 mm<br \/>\nDimension (Diameter x L) 12 mm x 20 mm<br \/>\nHousing material: Metal, Nickel-plated brass<br \/>\nDegree of protection: IP 65<\/p>\n<p>Particularly in constrained spaces, such as in post-press processing, an M12 ultrasonic sensor reliably detects multi-layer paper and plastic sheets as well as metal foils.<\/p>\n<p>Double sheet detection of paper, plastic and metal foils<br \/>\nMeasurement range 20 g\/m^2 to 800 g\/m^2 (homogeneous cardboard)<br \/>\nUltrasonic sensors in M12 cylindrical sensor housing, 20 mm housing length<br \/>\nVery small sensor construction<br \/>\nIndicator diodes for alignment and diagnostics<br \/>\nTeach button<\/p>\n<div class=\"card\">\n<div id=\"RFHrREgithCollapse\" class=\"show\" aria-labelledby=\"RFHrREgithHeading\">\n<div class=\"card-body\">\n<div class=\"table-responsive\">\n<table class=\"table table-bordered\">\n<tbody class=\"d-table w-100\">\n<tr>\n<td class=\"w-fix-50 text-bold is-level-0\">Series<\/td>\n<td class=\"w-fix-50\">112<\/td>\n<\/tr>\n<tr>\n<td class=\"w-fix-50 text-bold is-level-0\">Principle of physics<\/td>\n<td class=\"w-fix-50\">Ultrasonic<\/td>\n<\/tr>\n<\/tbody>\n<\/table>\n<\/div>\n<\/div>\n<\/div>\n<\/div>\n<div class=\"card\">\n<div id=\"LSwlBUkbOHHeading\" class=\"card-header px-md-0\">\n<div class=\"mb-0 is-level-0\"><button class=\"btn btn-link px-md-0\" data-bs-toggle=\"collapse\" data-bs-target=\"#LSwlBUkbOHCollapse\" aria-expanded=\"true\" aria-controls=\"LSwlBUkbOHCollapse\">\u00a0Optical data<\/button><\/div>\n<\/div>\n<div id=\"LSwlBUkbOHCollapse\" class=\"show\" aria-labelledby=\"LSwlBUkbOHHeading\">\n<div class=\"card-body\">\n<div class=\"table-responsive\">\n<table class=\"table table-bordered\">\n<tbody class=\"d-table w-100\">\n<tr>\n<td class=\"w-fix-50 text-bold is-level-0\">Operating range<\/td>\n<td class=\"w-fix-50\">0.015 &#8230; 0.03 m<\/td>\n<\/tr>\n<\/tbody>\n<\/table>\n<\/div>\n<\/div>\n<\/div>\n<\/div>\n<div class=\"card\">\n<div id=\"NUfXWreVrDHeading\" class=\"card-header px-md-0\">\n<div class=\"mb-0 is-level-0\"><button class=\"btn btn-link px-md-0\" data-bs-toggle=\"collapse\" data-bs-target=\"#NUfXWreVrDCollapse\" aria-expanded=\"true\" aria-controls=\"NUfXWreVrDCollapse\">\u00a0Connection<\/button><\/div>\n<\/div>\n<div id=\"NUfXWreVrDCollapse\" class=\"show\" aria-labelledby=\"NUfXWreVrDHeading\">\n<div class=\"card-body\">\n<div class=\"table-responsive\"><\/div>\n<div id=\"accordion-level-ceskMJfTbX\" class=\"accordion\">\n<div class=\"card\">\n<div id=\"tyuRRdeBKPHeading\" class=\"card-header px-md-0\">\n<div class=\"mb-0 is-level-1\"><button class=\"btn btn-link px-md-0\" data-bs-toggle=\"collapse\" data-bs-target=\"#tyuRRdeBKPCollapse\" aria-expanded=\"true\" aria-controls=\"tyuRRdeBKPCollapse\">\u00a0Connection 1<\/button><\/div>\n<\/div>\n<div id=\"tyuRRdeBKPCollapse\" class=\"show\" aria-labelledby=\"tyuRRdeBKPHeading\">\n<div class=\"card-body\">\n<div class=\"table-responsive\">\n<table class=\"table table-bordered\">\n<tbody class=\"d-table w-100\">\n<tr>\n<td class=\"w-fix-50 text-bold is-level-1\">Type of connection<\/td>\n<td class=\"w-fix-50\">Cable with connector<\/td>\n<\/tr>\n<tr>\n<td class=\"w-fix-50 text-bold is-level-1\">Cable length<\/td>\n<td class=\"w-fix-50\">2,500 mm<\/td>\n<\/tr>\n<tr>\n<td class=\"w-fix-50 text-bold is-level-1\">Thread size<\/td>\n<td class=\"w-fix-50\">M8<\/td>\n<\/tr>\n<tr>\n<td class=\"w-fix-50 text-bold is-level-1\">Material<\/td>\n<td class=\"w-fix-50\">Metal<\/td>\n<\/tr>\n<tr>\n<td class=\"w-fix-50 text-bold is-level-1\">No. of pins<\/td>\n<td class=\"w-fix-50\">3 -pin<\/td>\n<\/tr>\n<\/tbody>\n<\/table>\n<\/div>\n<\/div>\n<\/div>\n<\/div>\n<\/div>\n<\/div>\n<\/div>\n<\/div>\n<div class=\"card\">\n<div id=\"GjvAKwuvfwHeading\" class=\"card-header px-md-0\">\n<div class=\"mb-0 is-level-0\"><button class=\"btn btn-link px-md-0\" data-bs-toggle=\"collapse\" data-bs-target=\"#GjvAKwuvfwCollapse\" aria-expanded=\"true\" aria-controls=\"GjvAKwuvfwCollapse\">\u00a0Mechanical data<\/button><\/div>\n<\/div>\n<div id=\"GjvAKwuvfwCollapse\" class=\"show\" aria-labelledby=\"GjvAKwuvfwHeading\">\n<div class=\"card-body\">\n<div class=\"table-responsive\">\n<table class=\"table table-bordered\">\n<tbody class=\"d-table w-100\">\n<tr>\n<td class=\"w-fix-50 text-bold is-level-0\">Design<\/td>\n<td class=\"w-fix-50\">Cylindrical<\/td>\n<\/tr>\n<tr>\n<td class=\"w-fix-50 text-bold is-level-0\">Dimension (\u00d8 x L)<\/td>\n<td class=\"w-fix-50\">12 mm\u00a0x\u00a020 mm<\/td>\n<\/tr>\n<tr>\n<td class=\"w-fix-50 text-bold is-level-0\">Thread size<\/td>\n<td class=\"w-fix-50\">M12\u00a0x\u00a01 mm<\/td>\n<\/tr>\n<tr>\n<td class=\"w-fix-50 text-bold is-level-0\">Housing material<\/td>\n<td class=\"w-fix-50\">Metal<\/td>\n<\/tr>\n<tr>\n<td class=\"w-fix-50 text-bold is-level-0\">Metal housing<\/td>\n<td class=\"w-fix-50\">Nickel-plated brass<\/td>\n<\/tr>\n<tr>\n<td class=\"w-fix-50 text-bold is-level-0\">Net weight<\/td>\n<td class=\"w-fix-50\">30 g<\/td>\n<\/tr>\n<\/tbody>\n<\/table>\n<\/div>\n<\/div>\n<\/div>\n<\/div>\n<div class=\"card\">\n<div id=\"BMivpRfevPHeading\" class=\"card-header px-md-0\">\n<div class=\"mb-0 is-level-0\"><button class=\"btn btn-link px-md-0\" data-bs-toggle=\"collapse\" data-bs-target=\"#BMivpRfevPCollapse\" aria-expanded=\"true\" aria-controls=\"BMivpRfevPCollapse\">\u00a0Certifications<\/button><\/div>\n<\/div>\n<div id=\"BMivpRfevPCollapse\" class=\"show\" aria-labelledby=\"BMivpRfevPHeading\">\n<div class=\"card-body\">\n<div class=\"table-responsive\">\n<table class=\"table table-bordered\">\n<tbody class=\"d-table w-100\">\n<tr>\n<td class=\"w-fix-50 text-bold is-level-0\">Degree of protection<\/td>\n<td class=\"w-fix-50\">IP 65<\/td>\n<\/tr>\n<\/tbody>\n<\/table>\n<\/div>\n<\/div>\n<\/div>\n<\/div>\n<div class=\"card\">\n<div id=\"FWmXWssBSjHeading\" class=\"card-header px-md-0\">\n<div class=\"mb-0 is-level-0\"><button class=\"btn btn-link px-md-0\" data-bs-toggle=\"collapse\" data-bs-target=\"#FWmXWssBSjCollapse\" aria-expanded=\"true\" aria-controls=\"FWmXWssBSjCollapse\">\u00a0Classification<\/button><\/div>\n<\/div>\n<div id=\"FWmXWssBSjCollapse\" class=\"show\" aria-labelledby=\"FWmXWssBSjHeading\">\n<div class=\"card-body\">\n<div class=\"table-responsive\">\n<table class=\"table table-bordered\">\n<tbody class=\"d-table w-100\">\n<tr>\n<td class=\"w-fix-50 text-bold is-level-0\">Customs tariff number<\/td>\n<td class=\"w-fix-50\">85365019<\/td>\n<\/tr>\n<tr>\n<td class=\"w-fix-50 text-bold is-level-0\">ECLASS 5.1.4<\/td>\n<td class=\"w-fix-50\">27272801<\/td>\n<\/tr>\n<tr>\n<td class=\"w-fix-50 text-bold is-level-0\">ECLASS 8.0<\/td>\n<td class=\"w-fix-50\">27272801<\/td>\n<\/tr>\n<tr>\n<td class=\"w-fix-50 text-bold is-level-0\">ECLASS 9.0<\/td>\n<td class=\"w-fix-50\">27272890<\/td>\n<\/tr>\n<tr>\n<td class=\"w-fix-50 text-bold is-level-0\">ECLASS 10.0<\/td>\n<td class=\"w-fix-50\">27272801<\/td>\n<\/tr>\n<tr>\n<td class=\"w-fix-50 text-bold is-level-0\">ECLASS 11.0<\/td>\n<td class=\"w-fix-50\">27272801<\/td>\n<\/tr>\n<tr>\n<td class=\"w-fix-50 text-bold is-level-0\">ECLASS 12.0<\/td>\n<td class=\"w-fix-50\">27272801<\/td>\n<\/tr>\n<tr>\n<td class=\"w-fix-50 text-bold is-level-0\">ECLASS 13.0<\/td>\n<td class=\"w-fix-50\">27272801<\/td>\n<\/tr>\n<tr>\n<td class=\"w-fix-50 text-bold is-level-0\">ECLASS 14.0<\/td>\n<td class=\"w-fix-50\">27272801<\/td>\n<\/tr>\n<tr>\n<td class=\"w-fix-50 text-bold is-level-0\">ETIM 5.0<\/td>\n<td class=\"w-fix-50\">EC001847<\/td>\n<\/tr>\n<tr>\n<td class=\"w-fix-50 text-bold is-level-0\">ETIM 6.0<\/td>\n<td class=\"w-fix-50\">EC001847<\/td>\n<\/tr>\n<tr>\n<td class=\"w-fix-50 text-bold is-level-0\">ETIM 7.0<\/td>\n<td class=\"w-fix-50\">EC001847<\/td>\n<\/tr>\n<tr>\n<td class=\"w-fix-50 text-bold is-level-0\">ETIM 8.0<\/td>\n<td class=\"w-fix-50\">EC001847<\/td>\n<\/tr>\n<tr>\n<td class=\"w-fix-50 text-bold is-level-0\">ETIM 9.0<\/td>\n<td class=\"w-fix-50\">EC001847<\/td>\n<\/tr>\n<\/tbody>\n<\/table>\n<\/div>\n<p>\u0110\u1ea1i l\u00fd LEUZE vietnam, LEUZE viet nam, LEUZE vietnam distributor, Ph\u00e2n ph\u1ed1i LEUZE t\u1ea1i vi\u1ec7t nam<\/p>\n<p>\u0110\u1ea1i l\u00fd LEUZE vietnam, LEUZE viet nam, LEUZE vietnam distributor, Ph\u00e2n ph\u1ed1i LEUZE t\u1ea1i vi\u1ec7t nam<\/p>\n<p>\u0110\u1ea1i l\u00fd LEUZE vietnam, LEUZE viet nam, LEUZE vietnam distributor, Ph\u00e2n ph\u1ed1i LEUZE t\u1ea1i vi\u1ec7t nam<\/p>\n<p>\u0110\u1ea1i l\u00fd LEUZE vietnam, LEUZE viet nam, LEUZE vietnam distributor, Ph\u00e2n ph\u1ed1i LEUZE t\u1ea1i vi\u1ec7t nam<\/p>\n<p>\u0110\u1ea1i l\u00fd LEUZE vietnam, LEUZE viet nam, LEUZE vietnam distributor, Ph\u00e2n ph\u1ed1i LEUZE t\u1ea1i vi\u1ec7t nam<\/p>\n<\/div>\n<\/div>\n<\/div>\n","protected":false},"excerpt":{"rendered":"<p>LEUZE DB 112 UP.1-20,2500 DB 112 UP.1-20,2500 Ultrasonic sensors Part no.:\u00a050109000 Series: 112 Principle of physics: Ultrasonics Operating range: 0.015 &#8211; 0.03m Connection: 1 Type of connection: Cable with connector Cable length: 2,500 mm Thread size: M8 Design: Cylindrical Thread size: M12 x 1 mm Dimension (Diameter x L) 12&hellip; <\/p>\n","protected":false},"featured_media":1810,"comment_status":"open","ping_status":"closed","template":"","meta":[],"product_cat":[345],"product_tag":[88,269,268],"class_list":{"0":"post-1809","1":"product","2":"type-product","3":"status-publish","4":"has-post-thumbnail","6":"product_cat-leuze","7":"product_tag-cam-bien","8":"product_tag-dai-ly-leuze-viet-nam","9":"product_tag-leuze-viet-nam","11":"first","12":"instock","13":"shipping-taxable","14":"product-type-simple"},"yoast_head":"<!-- This site is optimized with the Yoast SEO plugin v22.8 - https:\/\/yoast.com\/wordpress\/plugins\/seo\/ -->\n<title>LEUZE DB 112 UP.1-20,2500 - OMANI VI\u1ec6T NAM<\/title>\n<meta name=\"description\" content=\"LEUZE DB 112 UP.1-20,2500 Ultrasonic sensors\" \/>\n<meta name=\"robots\" content=\"index, follow, max-snippet:-1, max-image-preview:large, max-video-preview:-1\" \/>\n<link rel=\"canonical\" href=\"https:\/\/omanivietnam.com\/index.php\/san-pham\/leuze-db-112-up-1-202500\/\" \/>\n<meta property=\"og:locale\" content=\"vi_VN\" \/>\n<meta property=\"og:type\" content=\"article\" \/>\n<meta property=\"og:title\" content=\"LEUZE DB 112 UP.1-20,2500 - OMANI VI\u1ec6T NAM\" \/>\n<meta property=\"og:description\" content=\"LEUZE DB 112 UP.1-20,2500 Ultrasonic sensors\" \/>\n<meta property=\"og:url\" content=\"https:\/\/omanivietnam.com\/index.php\/san-pham\/leuze-db-112-up-1-202500\/\" \/>\n<meta property=\"og:site_name\" content=\"OMANI VI\u1ec6T NAM\" \/>\n<meta property=\"article:modified_time\" content=\"2025-04-22T14:16:26+00:00\" \/>\n<meta property=\"og:image\" content=\"https:\/\/omanivietnam.com\/wp-content\/uploads\/2024\/09\/DB-112-UP.1-202500.png\" \/>\n\t<meta property=\"og:image:width\" content=\"561\" \/>\n\t<meta property=\"og:image:height\" content=\"500\" \/>\n\t<meta property=\"og:image:type\" content=\"image\/png\" \/>\n<meta name=\"twitter:card\" content=\"summary_large_image\" \/>\n<meta name=\"twitter:label1\" content=\"\u01af\u1edbc t\u00ednh th\u1eddi gian \u0111\u1ecdc\" \/>\n\t<meta name=\"twitter:data1\" content=\"2 ph\u00fat\" \/>\n<script type=\"application\/ld+json\" class=\"yoast-schema-graph\">{\"@context\":\"https:\/\/schema.org\",\"@graph\":[{\"@type\":\"WebPage\",\"@id\":\"https:\/\/omanivietnam.com\/index.php\/san-pham\/leuze-db-112-up-1-202500\/\",\"url\":\"https:\/\/omanivietnam.com\/index.php\/san-pham\/leuze-db-112-up-1-202500\/\",\"name\":\"LEUZE DB 112 UP.1-20,2500 - OMANI VI\u1ec6T NAM\",\"isPartOf\":{\"@id\":\"https:\/\/omanivietnam.com\/#website\"},\"primaryImageOfPage\":{\"@id\":\"https:\/\/omanivietnam.com\/index.php\/san-pham\/leuze-db-112-up-1-202500\/#primaryimage\"},\"image\":{\"@id\":\"https:\/\/omanivietnam.com\/index.php\/san-pham\/leuze-db-112-up-1-202500\/#primaryimage\"},\"thumbnailUrl\":\"https:\/\/omanivietnam.com\/wp-content\/uploads\/2024\/09\/DB-112-UP.1-202500.png\",\"datePublished\":\"2024-09-21T22:23:22+00:00\",\"dateModified\":\"2025-04-22T14:16:26+00:00\",\"description\":\"LEUZE DB 112 UP.1-20,2500 Ultrasonic sensors\",\"breadcrumb\":{\"@id\":\"https:\/\/omanivietnam.com\/index.php\/san-pham\/leuze-db-112-up-1-202500\/#breadcrumb\"},\"inLanguage\":\"vi\",\"potentialAction\":[{\"@type\":\"ReadAction\",\"target\":[\"https:\/\/omanivietnam.com\/index.php\/san-pham\/leuze-db-112-up-1-202500\/\"]}]},{\"@type\":\"ImageObject\",\"inLanguage\":\"vi\",\"@id\":\"https:\/\/omanivietnam.com\/index.php\/san-pham\/leuze-db-112-up-1-202500\/#primaryimage\",\"url\":\"https:\/\/omanivietnam.com\/wp-content\/uploads\/2024\/09\/DB-112-UP.1-202500.png\",\"contentUrl\":\"https:\/\/omanivietnam.com\/wp-content\/uploads\/2024\/09\/DB-112-UP.1-202500.png\",\"width\":561,\"height\":500},{\"@type\":\"BreadcrumbList\",\"@id\":\"https:\/\/omanivietnam.com\/index.php\/san-pham\/leuze-db-112-up-1-202500\/#breadcrumb\",\"itemListElement\":[{\"@type\":\"ListItem\",\"position\":1,\"name\":\"Home\",\"item\":\"https:\/\/omanivietnam.com\/\"},{\"@type\":\"ListItem\",\"position\":2,\"name\":\"S\u1ea2N PH\u1ea8M\",\"item\":\"https:\/\/omanivietnam.com\/index.php\/cua-hang\/\"},{\"@type\":\"ListItem\",\"position\":3,\"name\":\"LEUZE DB 112 UP.1-20,2500\"}]},{\"@type\":\"WebSite\",\"@id\":\"https:\/\/omanivietnam.com\/#website\",\"url\":\"https:\/\/omanivietnam.com\/\",\"name\":\"OMANI VI\u1ec6T NAM\",\"description\":\"Nh\u00e0 ph\u00e2n ph\u1ed1i thi\u1ebft b\u1ecb kh\u00ed n\u00e9n v\u00e0 thi\u1ebft b\u1ecb t\u1ef1 \u0111\u1ed9ng h\u00f3a trong c\u00f4ng nghi\u1ec7p\",\"publisher\":{\"@id\":\"https:\/\/omanivietnam.com\/#\/schema\/person\/0ad398a980dc3fd696111c2c5c8fa897\"},\"potentialAction\":[{\"@type\":\"SearchAction\",\"target\":{\"@type\":\"EntryPoint\",\"urlTemplate\":\"https:\/\/omanivietnam.com\/?s={search_term_string}\"},\"query-input\":\"required name=search_term_string\"}],\"inLanguage\":\"vi\"},{\"@type\":[\"Person\",\"Organization\"],\"@id\":\"https:\/\/omanivietnam.com\/#\/schema\/person\/0ad398a980dc3fd696111c2c5c8fa897\",\"name\":\"Nguy\u1ec5n V\u0103n Kh\u00e1nh\",\"image\":{\"@type\":\"ImageObject\",\"inLanguage\":\"vi\",\"@id\":\"https:\/\/omanivietnam.com\/#\/schema\/person\/image\/\",\"url\":\"https:\/\/omanivietnam.com\/wp-content\/uploads\/2024\/06\/logo-1024x1024.png\",\"contentUrl\":\"https:\/\/omanivietnam.com\/wp-content\/uploads\/2024\/06\/logo-1024x1024.png\",\"width\":1024,\"height\":1024,\"caption\":\"Nguy\u1ec5n V\u0103n Kh\u00e1nh\"},\"logo\":{\"@id\":\"https:\/\/omanivietnam.com\/#\/schema\/person\/image\/\"},\"sameAs\":[\"https:\/\/omanivietnam.com\"]}]}<\/script>\n<!-- \/ Yoast SEO plugin. -->","yoast_head_json":{"title":"LEUZE DB 112 UP.1-20,2500 - OMANI VI\u1ec6T NAM","description":"LEUZE DB 112 UP.1-20,2500 Ultrasonic sensors","robots":{"index":"index","follow":"follow","max-snippet":"max-snippet:-1","max-image-preview":"max-image-preview:large","max-video-preview":"max-video-preview:-1"},"canonical":"https:\/\/omanivietnam.com\/index.php\/san-pham\/leuze-db-112-up-1-202500\/","og_locale":"vi_VN","og_type":"article","og_title":"LEUZE DB 112 UP.1-20,2500 - OMANI VI\u1ec6T NAM","og_description":"LEUZE DB 112 UP.1-20,2500 Ultrasonic sensors","og_url":"https:\/\/omanivietnam.com\/index.php\/san-pham\/leuze-db-112-up-1-202500\/","og_site_name":"OMANI VI\u1ec6T NAM","article_modified_time":"2025-04-22T14:16:26+00:00","og_image":[{"width":561,"height":500,"url":"https:\/\/omanivietnam.com\/wp-content\/uploads\/2024\/09\/DB-112-UP.1-202500.png","type":"image\/png"}],"twitter_card":"summary_large_image","twitter_misc":{"\u01af\u1edbc t\u00ednh th\u1eddi gian \u0111\u1ecdc":"2 ph\u00fat"},"schema":{"@context":"https:\/\/schema.org","@graph":[{"@type":"WebPage","@id":"https:\/\/omanivietnam.com\/index.php\/san-pham\/leuze-db-112-up-1-202500\/","url":"https:\/\/omanivietnam.com\/index.php\/san-pham\/leuze-db-112-up-1-202500\/","name":"LEUZE DB 112 UP.1-20,2500 - OMANI VI\u1ec6T NAM","isPartOf":{"@id":"https:\/\/omanivietnam.com\/#website"},"primaryImageOfPage":{"@id":"https:\/\/omanivietnam.com\/index.php\/san-pham\/leuze-db-112-up-1-202500\/#primaryimage"},"image":{"@id":"https:\/\/omanivietnam.com\/index.php\/san-pham\/leuze-db-112-up-1-202500\/#primaryimage"},"thumbnailUrl":"https:\/\/omanivietnam.com\/wp-content\/uploads\/2024\/09\/DB-112-UP.1-202500.png","datePublished":"2024-09-21T22:23:22+00:00","dateModified":"2025-04-22T14:16:26+00:00","description":"LEUZE DB 112 UP.1-20,2500 Ultrasonic sensors","breadcrumb":{"@id":"https:\/\/omanivietnam.com\/index.php\/san-pham\/leuze-db-112-up-1-202500\/#breadcrumb"},"inLanguage":"vi","potentialAction":[{"@type":"ReadAction","target":["https:\/\/omanivietnam.com\/index.php\/san-pham\/leuze-db-112-up-1-202500\/"]}]},{"@type":"ImageObject","inLanguage":"vi","@id":"https:\/\/omanivietnam.com\/index.php\/san-pham\/leuze-db-112-up-1-202500\/#primaryimage","url":"https:\/\/omanivietnam.com\/wp-content\/uploads\/2024\/09\/DB-112-UP.1-202500.png","contentUrl":"https:\/\/omanivietnam.com\/wp-content\/uploads\/2024\/09\/DB-112-UP.1-202500.png","width":561,"height":500},{"@type":"BreadcrumbList","@id":"https:\/\/omanivietnam.com\/index.php\/san-pham\/leuze-db-112-up-1-202500\/#breadcrumb","itemListElement":[{"@type":"ListItem","position":1,"name":"Home","item":"https:\/\/omanivietnam.com\/"},{"@type":"ListItem","position":2,"name":"S\u1ea2N PH\u1ea8M","item":"https:\/\/omanivietnam.com\/index.php\/cua-hang\/"},{"@type":"ListItem","position":3,"name":"LEUZE DB 112 UP.1-20,2500"}]},{"@type":"WebSite","@id":"https:\/\/omanivietnam.com\/#website","url":"https:\/\/omanivietnam.com\/","name":"OMANI VI\u1ec6T NAM","description":"Nh\u00e0 ph\u00e2n ph\u1ed1i thi\u1ebft b\u1ecb kh\u00ed n\u00e9n v\u00e0 thi\u1ebft b\u1ecb t\u1ef1 \u0111\u1ed9ng h\u00f3a trong c\u00f4ng nghi\u1ec7p","publisher":{"@id":"https:\/\/omanivietnam.com\/#\/schema\/person\/0ad398a980dc3fd696111c2c5c8fa897"},"potentialAction":[{"@type":"SearchAction","target":{"@type":"EntryPoint","urlTemplate":"https:\/\/omanivietnam.com\/?s={search_term_string}"},"query-input":"required name=search_term_string"}],"inLanguage":"vi"},{"@type":["Person","Organization"],"@id":"https:\/\/omanivietnam.com\/#\/schema\/person\/0ad398a980dc3fd696111c2c5c8fa897","name":"Nguy\u1ec5n V\u0103n Kh\u00e1nh","image":{"@type":"ImageObject","inLanguage":"vi","@id":"https:\/\/omanivietnam.com\/#\/schema\/person\/image\/","url":"https:\/\/omanivietnam.com\/wp-content\/uploads\/2024\/06\/logo-1024x1024.png","contentUrl":"https:\/\/omanivietnam.com\/wp-content\/uploads\/2024\/06\/logo-1024x1024.png","width":1024,"height":1024,"caption":"Nguy\u1ec5n V\u0103n Kh\u00e1nh"},"logo":{"@id":"https:\/\/omanivietnam.com\/#\/schema\/person\/image\/"},"sameAs":["https:\/\/omanivietnam.com"]}]}},"_links":{"self":[{"href":"https:\/\/omanivietnam.com\/index.php\/wp-json\/wp\/v2\/product\/1809","targetHints":{"allow":["GET"]}}],"collection":[{"href":"https:\/\/omanivietnam.com\/index.php\/wp-json\/wp\/v2\/product"}],"about":[{"href":"https:\/\/omanivietnam.com\/index.php\/wp-json\/wp\/v2\/types\/product"}],"replies":[{"embeddable":true,"href":"https:\/\/omanivietnam.com\/index.php\/wp-json\/wp\/v2\/comments?post=1809"}],"wp:featuredmedia":[{"embeddable":true,"href":"https:\/\/omanivietnam.com\/index.php\/wp-json\/wp\/v2\/media\/1810"}],"wp:attachment":[{"href":"https:\/\/omanivietnam.com\/index.php\/wp-json\/wp\/v2\/media?parent=1809"}],"wp:term":[{"taxonomy":"product_cat","embeddable":true,"href":"https:\/\/omanivietnam.com\/index.php\/wp-json\/wp\/v2\/product_cat?post=1809"},{"taxonomy":"product_tag","embeddable":true,"href":"https:\/\/omanivietnam.com\/index.php\/wp-json\/wp\/v2\/product_tag?post=1809"}],"curies":[{"name":"wp","href":"https:\/\/api.w.org\/{rel}","templated":true}]}}