{"id":1831,"date":"2024-09-23T21:32:56","date_gmt":"2024-09-23T14:32:56","guid":{"rendered":"https:\/\/omanivietnam.com\/?post_type=product&#038;p=1831"},"modified":"2024-09-23T21:36:46","modified_gmt":"2024-09-23T14:36:46","slug":"festo-vn-30-h-t6-pq4-vq5-ro2-m","status":"publish","type":"product","link":"https:\/\/omanivietnam.com\/index.php\/san-pham\/festo-vn-30-h-t6-pq4-vq5-ro2-m\/","title":{"rendered":"FESTO VN-30-H-T6-PQ4-VQ5-RO2-M"},"content":{"rendered":"<p>FESTO VN-30-H-T6-PQ4-VQ5-RO2-M<\/p>\n<p class=\"product-page-headline--Iak5V adp--bhnR9\">Vacuum generator<\/p>\n<div class=\"article-detail-page-header-grid--EDCi2\">\n<div class=\"article-detail-page-header-info--c_r6M\">\n<p class=\"order-code--cBFy2\">VN-30-H-T6-PQ4-VQ5-RO2-M 532662<\/p>\n<div class=\"article-detail-page-header-top-feature-row-elment--HOW7D article-detail-page-header-top-feature-name--vbPt7\" title=\"Nominal size, Laval nozzle\">Nominal size, Laval nozzle<\/div>\n<div class=\"article-detail-page-header-top-feature-row-elment--HOW7D article-detail-page-header-top-feature-value--VZ4ZV\" title=\"3 mm\">3 mm<\/div>\n<div class=\"article-detail-page-header-top-feature-row-elment--HOW7D article-detail-page-header-top-feature-name--vbPt7\" title=\"Max. vacuum\">Max. vacuum<\/div>\n<div class=\"article-detail-page-header-top-feature-row-elment--HOW7D article-detail-page-header-top-feature-value--VZ4ZV\" title=\"93 %\">93 %<\/div>\n<div class=\"article-detail-page-header-top-feature-row-elment--HOW7D article-detail-page-header-top-feature-name--vbPt7\" title=\"Max. suction flow rate against atmosphere\">Max. suction flow rate against atmosphere<\/div>\n<div class=\"article-detail-page-header-top-feature-row-elment--HOW7D article-detail-page-header-top-feature-value--VZ4ZV\" title=\"186 l\/min\">186 l\/min<\/div>\n<\/div>\n<\/div>\n<p class=\"technical-data-header--XBaK4\">Technical Data<\/p>\n<ul class=\"technical-data-table--G4Nx1\">\n<li class=\"technical-data-table-row--kNGPX\"><span class=\"technical-data-property--mGUV7\">Nominal size, Laval nozzle<\/span><span class=\"technical-data-value--I63JV\">3 mm<\/span><\/li>\n<li class=\"technical-data-table-row--kNGPX\"><span class=\"technical-data-property--mGUV7\">Grid dimension<\/span><span class=\"technical-data-value--I63JV\">24 mm<\/span><\/li>\n<li class=\"technical-data-table-row--kNGPX\"><span class=\"technical-data-property--mGUV7\">Silencer design<\/span><span class=\"technical-data-value--I63JV\">Open<\/span><\/li>\n<li class=\"technical-data-table-row--kNGPX\"><span class=\"technical-data-property--mGUV7\">Mounting position<\/span><span class=\"technical-data-value--I63JV\">optional<\/span><\/li>\n<li class=\"technical-data-table-row--kNGPX\"><span class=\"technical-data-property--mGUV7\">Ejector characteristic<\/span><span class=\"technical-data-value--I63JV\">Standard High negative pressure<\/span><\/li>\n<li class=\"technical-data-table-row--kNGPX\"><span class=\"technical-data-property--mGUV7\">Manual override<\/span><span class=\"technical-data-value--I63JV\">Non-detenting<\/span><\/li>\n<li class=\"technical-data-table-row--kNGPX\"><span class=\"technical-data-property--mGUV7\">Integrated function<\/span><span class=\"technical-data-value--I63JV\">Electric on-off valve Open silencer<\/span><\/li>\n<li class=\"technical-data-table-row--kNGPX\"><span class=\"technical-data-property--mGUV7\">Design<\/span><span class=\"technical-data-value--I63JV\">T-shape<\/span><\/li>\n<li class=\"technical-data-table-row--kNGPX\"><span class=\"technical-data-property--mGUV7\">Symbol<\/span><span class=\"technical-data-value--I63JV\">00991492<\/span><\/li>\n<li class=\"technical-data-table-row--kNGPX\"><span class=\"technical-data-property--mGUV7\">Valve function<\/span><span class=\"technical-data-value--I63JV\">2\/2<\/span><\/li>\n<li class=\"technical-data-table-row--kNGPX\"><span class=\"technical-data-property--mGUV7\">Operating pressure for max. suction flow rate<\/span><span class=\"technical-data-value--I63JV\">3 bar<\/span><\/li>\n<li class=\"technical-data-table-row--kNGPX\"><span class=\"technical-data-property--mGUV7\">Operating pressure<\/span><span class=\"technical-data-value--I63JV\">2 bar &#8230; 8 bar<\/span><\/li>\n<li class=\"technical-data-table-row--kNGPX\"><span class=\"technical-data-property--mGUV7\">Operating pressure for max. vacuum<\/span><span class=\"technical-data-value--I63JV\">3.7 bar<\/span><\/li>\n<li class=\"technical-data-table-row--kNGPX\"><span class=\"technical-data-property--mGUV7\">Max. vacuum<\/span><span class=\"technical-data-value--I63JV\">93 %<\/span><\/li>\n<li class=\"technical-data-table-row--kNGPX\"><span class=\"technical-data-property--mGUV7\">Nominal operating pressure<\/span><span class=\"technical-data-value--I63JV\">6 bar<\/span><\/li>\n<li class=\"technical-data-table-row--kNGPX\"><span class=\"technical-data-property--mGUV7\">Max. suction flow rate against atmosphere<\/span><span class=\"technical-data-value--I63JV\">186 l\/min<\/span><\/li>\n<li class=\"technical-data-table-row--kNGPX\"><span class=\"technical-data-property--mGUV7\">Air supply time at nominal operating pressure<\/span><span class=\"technical-data-value--I63JV\">0.13 s<\/span><\/li>\n<li class=\"technical-data-table-row--kNGPX\"><span class=\"technical-data-property--mGUV7\">Operational voltage range DC<\/span><span class=\"technical-data-value--I63JV\">21.6 V &#8230; 26.4 V<\/span><\/li>\n<li class=\"technical-data-table-row--kNGPX\"><span class=\"technical-data-property--mGUV7\">Electrical power consumption<\/span><span class=\"technical-data-value--I63JV\">1.2 W<\/span><\/li>\n<li class=\"technical-data-table-row--kNGPX\"><span class=\"technical-data-property--mGUV7\">Duty cycle<\/span><span class=\"technical-data-value--I63JV\">100%<\/span><\/li>\n<li class=\"technical-data-table-row--kNGPX\"><span class=\"technical-data-property--mGUV7\">Operating medium<\/span><span class=\"technical-data-value--I63JV\">Compressed air to ISO 8573-1:2010 [7:4:4]<\/span><\/li>\n<li class=\"technical-data-table-row--kNGPX\"><span class=\"technical-data-property--mGUV7\">Note on operating and pilot medium<\/span><span class=\"technical-data-value--I63JV\">Lubricated operation not possible<\/span><\/li>\n<li class=\"technical-data-table-row--kNGPX\"><span class=\"technical-data-property--mGUV7\">Corrosion resistance class CRC<\/span><span class=\"technical-data-value--I63JV\">1 &#8211; Low corrosion stress<\/span><\/li>\n<li class=\"technical-data-table-row--kNGPX\"><span class=\"technical-data-property--mGUV7\">LABS (PWIS) conformity<\/span><span class=\"technical-data-value--I63JV\">VDMA24364 zone III<\/span><\/li>\n<li class=\"technical-data-table-row--kNGPX\"><span class=\"technical-data-property--mGUV7\">Media temperature<\/span><span class=\"technical-data-value--I63JV\">0 \u00b0C &#8230; 50 \u00b0C<\/span><\/li>\n<li class=\"technical-data-table-row--kNGPX\"><span class=\"technical-data-property--mGUV7\">Sound pressure level at nominal operating pressure<\/span><span class=\"technical-data-value--I63JV\">78 dB(A)<\/span><\/li>\n<li class=\"technical-data-table-row--kNGPX\"><span class=\"technical-data-property--mGUV7\">Degree of protection<\/span><span class=\"technical-data-value--I63JV\">IP40<\/span><\/li>\n<li class=\"technical-data-table-row--kNGPX\"><span class=\"technical-data-property--mGUV7\">Ambient temperature<\/span><span class=\"technical-data-value--I63JV\">0 \u00b0C &#8230; 50 \u00b0C<\/span><\/li>\n<li class=\"technical-data-table-row--kNGPX\"><span class=\"technical-data-property--mGUV7\">Product weight<\/span><span class=\"technical-data-value--I63JV\">215 g<\/span><\/li>\n<li class=\"technical-data-table-row--kNGPX\"><span class=\"technical-data-property--mGUV7\">Electrical connection<\/span><span class=\"technical-data-value--I63JV\">Plugs<\/span><\/li>\n<li class=\"technical-data-table-row--kNGPX\"><span class=\"technical-data-property--mGUV7\">Type of mounting<\/span><span class=\"technical-data-value--I63JV\">With through-hole With accessories<\/span><\/li>\n<li class=\"technical-data-table-row--kNGPX\"><span class=\"technical-data-property--mGUV7\">Pneumatic connection, port 1<\/span><span class=\"technical-data-value--I63JV\">QS-10<\/span><\/li>\n<li class=\"technical-data-table-row--kNGPX\"><span class=\"technical-data-property--mGUV7\">Pneumatic connection, port 3<\/span><span class=\"technical-data-value--I63JV\">Open silencer<\/span><\/li>\n<li class=\"technical-data-table-row--kNGPX\"><span class=\"technical-data-property--mGUV7\">Vacuum connection<\/span><span class=\"technical-data-value--I63JV\">QS-12<\/span><\/li>\n<li class=\"technical-data-table-row--kNGPX\"><span class=\"technical-data-property--mGUV7\">Material connecting thread<\/span><span class=\"technical-data-value--I63JV\">Anodised wrought aluminium alloy<\/span><\/li>\n<li class=\"technical-data-table-row--kNGPX\"><span class=\"technical-data-property--mGUV7\">Note on materials<\/span><span class=\"technical-data-value--I63JV\">RoHS-compliant<\/span><\/li>\n<li class=\"technical-data-table-row--kNGPX\"><span class=\"technical-data-property--mGUV7\">Material seals<\/span><span class=\"technical-data-value--I63JV\">NBR<\/span><\/li>\n<li class=\"technical-data-table-row--kNGPX\"><span class=\"technical-data-property--mGUV7\">Material receiver nozzle<\/span><span class=\"technical-data-value--I63JV\">POM<\/span><\/li>\n<li class=\"technical-data-table-row--kNGPX\"><span class=\"technical-data-property--mGUV7\">Material housing<\/span><span class=\"technical-data-value--I63JV\">PA-reinforced POM-reinforced<\/span><\/li>\n<li class=\"technical-data-table-row--kNGPX\"><span class=\"technical-data-property--mGUV7\">Material silencer<\/span><span class=\"technical-data-value--I63JV\">Wrought aluminium alloy POM PU foam<\/span><\/li>\n<li class=\"technical-data-table-row--kNGPX\"><span class=\"technical-data-property--mGUV7\">Material screws<\/span><span class=\"technical-data-value--I63JV\">Steel<\/span><\/li>\n<li class=\"technical-data-table-row--kNGPX\"><span class=\"technical-data-property--mGUV7\">Material transmitter nozzle<\/span><span class=\"technical-data-value--I63JV\">Wrought aluminium alloy<\/span><\/li>\n<li class=\"technical-data-table-row--kNGPX\"><span class=\"technical-data-property--mGUV7\">Material fitting<\/span><span class=\"technical-data-value--I63JV\">Brass Nickel-plated<\/span><\/li>\n<\/ul>\n<p>\u0110\u1ea1i l\u00fd FESTO vietnam, FESTO viet nam, FESTO vietnam distributor, Ph\u00e2n ph\u1ed1i FESTO t\u1ea1i vi\u1ec7t nam<\/p>\n<p>\u0110\u1ea1i l\u00fd FESTO vietnam, FESTO viet nam, FESTO vietnam distributor, Ph\u00e2n ph\u1ed1i FESTO t\u1ea1i vi\u1ec7t nam<\/p>\n<p>\u0110\u1ea1i l\u00fd FESTO vietnam, FESTO viet nam, FESTO vietnam distributor, Ph\u00e2n ph\u1ed1i FESTO t\u1ea1i vi\u1ec7t nam<\/p>\n<p>\u0110\u1ea1i l\u00fd FESTO vietnam, FESTO viet nam, FESTO vietnam distributor, Ph\u00e2n ph\u1ed1i FESTO t\u1ea1i vi\u1ec7t nam<\/p>\n<p>\u0110\u1ea1i l\u00fd FESTO vietnam, FESTO viet nam, FESTO vietnam distributor, Ph\u00e2n ph\u1ed1i FESTO t\u1ea1i vi\u1ec7t nam<\/p>\n","protected":false},"excerpt":{"rendered":"<p>FESTO VN-30-H-T6-PQ4-VQ5-RO2-M Vacuum generator VN-30-H-T6-PQ4-VQ5-RO2-M 532662 Nominal size, Laval nozzle 3 mm Max. vacuum 93 % Max. suction flow rate against atmosphere 186 l\/min Technical Data Nominal size, Laval nozzle3 mm Grid dimension24 mm Silencer designOpen Mounting positionoptional Ejector characteristicStandard High negative pressure Manual overrideNon-detenting Integrated functionElectric on-off valve Open&hellip; <\/p>\n","protected":false},"featured_media":1832,"comment_status":"open","ping_status":"closed","template":"","meta":[],"product_cat":[284],"product_tag":[364,363,451],"class_list":{"0":"post-1831","1":"product","2":"type-product","3":"status-publish","4":"has-post-thumbnail","6":"product_cat-festo","7":"product_tag-dai-ly-festo-viet-nam","8":"product_tag-festo-viet-nam","9":"product_tag-van","11":"first","12":"instock","13":"shipping-taxable","14":"product-type-simple"},"yoast_head":"<!-- This site is optimized with the Yoast SEO plugin v22.8 - https:\/\/yoast.com\/wordpress\/plugins\/seo\/ -->\n<title>FESTO VN-30-H-T6-PQ4-VQ5-RO2-M - OMANI VI\u1ec6T NAM<\/title>\n<meta name=\"robots\" content=\"index, follow, max-snippet:-1, max-image-preview:large, max-video-preview:-1\" \/>\n<link rel=\"canonical\" href=\"https:\/\/omanivietnam.com\/index.php\/san-pham\/festo-vn-30-h-t6-pq4-vq5-ro2-m\/\" \/>\n<meta property=\"og:locale\" content=\"vi_VN\" \/>\n<meta property=\"og:type\" content=\"article\" \/>\n<meta property=\"og:title\" content=\"FESTO VN-30-H-T6-PQ4-VQ5-RO2-M - OMANI VI\u1ec6T NAM\" \/>\n<meta property=\"og:description\" content=\"FESTO VN-30-H-T6-PQ4-VQ5-RO2-M Vacuum generator VN-30-H-T6-PQ4-VQ5-RO2-M 532662 Nominal size, Laval nozzle 3 mm Max. vacuum 93 % Max. suction flow rate against atmosphere 186 l\/min Technical Data Nominal size, Laval nozzle3 mm Grid dimension24 mm Silencer designOpen Mounting positionoptional Ejector characteristicStandard High negative pressure Manual overrideNon-detenting Integrated functionElectric on-off valve Open&hellip;\" \/>\n<meta property=\"og:url\" content=\"https:\/\/omanivietnam.com\/index.php\/san-pham\/festo-vn-30-h-t6-pq4-vq5-ro2-m\/\" \/>\n<meta property=\"og:site_name\" content=\"OMANI VI\u1ec6T NAM\" \/>\n<meta property=\"article:modified_time\" content=\"2024-09-23T14:36:46+00:00\" \/>\n<meta property=\"og:image\" content=\"https:\/\/omanivietnam.com\/wp-content\/uploads\/2024\/09\/VN-30-H-T6-PQ4-VQ5-RO2-M.png\" \/>\n\t<meta property=\"og:image:width\" content=\"457\" \/>\n\t<meta property=\"og:image:height\" content=\"604\" \/>\n\t<meta property=\"og:image:type\" content=\"image\/png\" \/>\n<meta name=\"twitter:card\" content=\"summary_large_image\" \/>\n<meta name=\"twitter:label1\" content=\"\u01af\u1edbc t\u00ednh th\u1eddi gian \u0111\u1ecdc\" \/>\n\t<meta name=\"twitter:data1\" content=\"3 ph\u00fat\" \/>\n<script type=\"application\/ld+json\" class=\"yoast-schema-graph\">{\"@context\":\"https:\/\/schema.org\",\"@graph\":[{\"@type\":\"WebPage\",\"@id\":\"https:\/\/omanivietnam.com\/index.php\/san-pham\/festo-vn-30-h-t6-pq4-vq5-ro2-m\/\",\"url\":\"https:\/\/omanivietnam.com\/index.php\/san-pham\/festo-vn-30-h-t6-pq4-vq5-ro2-m\/\",\"name\":\"FESTO VN-30-H-T6-PQ4-VQ5-RO2-M - OMANI VI\u1ec6T NAM\",\"isPartOf\":{\"@id\":\"https:\/\/omanivietnam.com\/#website\"},\"primaryImageOfPage\":{\"@id\":\"https:\/\/omanivietnam.com\/index.php\/san-pham\/festo-vn-30-h-t6-pq4-vq5-ro2-m\/#primaryimage\"},\"image\":{\"@id\":\"https:\/\/omanivietnam.com\/index.php\/san-pham\/festo-vn-30-h-t6-pq4-vq5-ro2-m\/#primaryimage\"},\"thumbnailUrl\":\"https:\/\/omanivietnam.com\/wp-content\/uploads\/2024\/09\/VN-30-H-T6-PQ4-VQ5-RO2-M.png\",\"datePublished\":\"2024-09-23T14:32:56+00:00\",\"dateModified\":\"2024-09-23T14:36:46+00:00\",\"breadcrumb\":{\"@id\":\"https:\/\/omanivietnam.com\/index.php\/san-pham\/festo-vn-30-h-t6-pq4-vq5-ro2-m\/#breadcrumb\"},\"inLanguage\":\"vi\",\"potentialAction\":[{\"@type\":\"ReadAction\",\"target\":[\"https:\/\/omanivietnam.com\/index.php\/san-pham\/festo-vn-30-h-t6-pq4-vq5-ro2-m\/\"]}]},{\"@type\":\"ImageObject\",\"inLanguage\":\"vi\",\"@id\":\"https:\/\/omanivietnam.com\/index.php\/san-pham\/festo-vn-30-h-t6-pq4-vq5-ro2-m\/#primaryimage\",\"url\":\"https:\/\/omanivietnam.com\/wp-content\/uploads\/2024\/09\/VN-30-H-T6-PQ4-VQ5-RO2-M.png\",\"contentUrl\":\"https:\/\/omanivietnam.com\/wp-content\/uploads\/2024\/09\/VN-30-H-T6-PQ4-VQ5-RO2-M.png\",\"width\":457,\"height\":604},{\"@type\":\"BreadcrumbList\",\"@id\":\"https:\/\/omanivietnam.com\/index.php\/san-pham\/festo-vn-30-h-t6-pq4-vq5-ro2-m\/#breadcrumb\",\"itemListElement\":[{\"@type\":\"ListItem\",\"position\":1,\"name\":\"Home\",\"item\":\"https:\/\/omanivietnam.com\/\"},{\"@type\":\"ListItem\",\"position\":2,\"name\":\"S\u1ea2N PH\u1ea8M\",\"item\":\"https:\/\/omanivietnam.com\/index.php\/cua-hang\/\"},{\"@type\":\"ListItem\",\"position\":3,\"name\":\"FESTO VN-30-H-T6-PQ4-VQ5-RO2-M\"}]},{\"@type\":\"WebSite\",\"@id\":\"https:\/\/omanivietnam.com\/#website\",\"url\":\"https:\/\/omanivietnam.com\/\",\"name\":\"OMANI VI\u1ec6T NAM\",\"description\":\"Nh\u00e0 ph\u00e2n ph\u1ed1i thi\u1ebft b\u1ecb kh\u00ed n\u00e9n v\u00e0 thi\u1ebft b\u1ecb t\u1ef1 \u0111\u1ed9ng h\u00f3a trong c\u00f4ng nghi\u1ec7p\",\"publisher\":{\"@id\":\"https:\/\/omanivietnam.com\/#\/schema\/person\/0ad398a980dc3fd696111c2c5c8fa897\"},\"potentialAction\":[{\"@type\":\"SearchAction\",\"target\":{\"@type\":\"EntryPoint\",\"urlTemplate\":\"https:\/\/omanivietnam.com\/?s={search_term_string}\"},\"query-input\":\"required name=search_term_string\"}],\"inLanguage\":\"vi\"},{\"@type\":[\"Person\",\"Organization\"],\"@id\":\"https:\/\/omanivietnam.com\/#\/schema\/person\/0ad398a980dc3fd696111c2c5c8fa897\",\"name\":\"Nguy\u1ec5n V\u0103n Kh\u00e1nh\",\"image\":{\"@type\":\"ImageObject\",\"inLanguage\":\"vi\",\"@id\":\"https:\/\/omanivietnam.com\/#\/schema\/person\/image\/\",\"url\":\"https:\/\/omanivietnam.com\/wp-content\/uploads\/2024\/06\/logo-1024x1024.png\",\"contentUrl\":\"https:\/\/omanivietnam.com\/wp-content\/uploads\/2024\/06\/logo-1024x1024.png\",\"width\":1024,\"height\":1024,\"caption\":\"Nguy\u1ec5n V\u0103n Kh\u00e1nh\"},\"logo\":{\"@id\":\"https:\/\/omanivietnam.com\/#\/schema\/person\/image\/\"},\"sameAs\":[\"https:\/\/omanivietnam.com\"]}]}<\/script>\n<!-- \/ Yoast SEO plugin. -->","yoast_head_json":{"title":"FESTO VN-30-H-T6-PQ4-VQ5-RO2-M - OMANI VI\u1ec6T NAM","robots":{"index":"index","follow":"follow","max-snippet":"max-snippet:-1","max-image-preview":"max-image-preview:large","max-video-preview":"max-video-preview:-1"},"canonical":"https:\/\/omanivietnam.com\/index.php\/san-pham\/festo-vn-30-h-t6-pq4-vq5-ro2-m\/","og_locale":"vi_VN","og_type":"article","og_title":"FESTO VN-30-H-T6-PQ4-VQ5-RO2-M - OMANI VI\u1ec6T NAM","og_description":"FESTO VN-30-H-T6-PQ4-VQ5-RO2-M Vacuum generator VN-30-H-T6-PQ4-VQ5-RO2-M 532662 Nominal size, Laval nozzle 3 mm Max. vacuum 93 % Max. suction flow rate against atmosphere 186 l\/min Technical Data Nominal size, Laval nozzle3 mm Grid dimension24 mm Silencer designOpen Mounting positionoptional Ejector characteristicStandard High negative pressure Manual overrideNon-detenting Integrated functionElectric on-off valve Open&hellip;","og_url":"https:\/\/omanivietnam.com\/index.php\/san-pham\/festo-vn-30-h-t6-pq4-vq5-ro2-m\/","og_site_name":"OMANI VI\u1ec6T NAM","article_modified_time":"2024-09-23T14:36:46+00:00","og_image":[{"width":457,"height":604,"url":"https:\/\/omanivietnam.com\/wp-content\/uploads\/2024\/09\/VN-30-H-T6-PQ4-VQ5-RO2-M.png","type":"image\/png"}],"twitter_card":"summary_large_image","twitter_misc":{"\u01af\u1edbc t\u00ednh th\u1eddi gian \u0111\u1ecdc":"3 ph\u00fat"},"schema":{"@context":"https:\/\/schema.org","@graph":[{"@type":"WebPage","@id":"https:\/\/omanivietnam.com\/index.php\/san-pham\/festo-vn-30-h-t6-pq4-vq5-ro2-m\/","url":"https:\/\/omanivietnam.com\/index.php\/san-pham\/festo-vn-30-h-t6-pq4-vq5-ro2-m\/","name":"FESTO VN-30-H-T6-PQ4-VQ5-RO2-M - OMANI VI\u1ec6T NAM","isPartOf":{"@id":"https:\/\/omanivietnam.com\/#website"},"primaryImageOfPage":{"@id":"https:\/\/omanivietnam.com\/index.php\/san-pham\/festo-vn-30-h-t6-pq4-vq5-ro2-m\/#primaryimage"},"image":{"@id":"https:\/\/omanivietnam.com\/index.php\/san-pham\/festo-vn-30-h-t6-pq4-vq5-ro2-m\/#primaryimage"},"thumbnailUrl":"https:\/\/omanivietnam.com\/wp-content\/uploads\/2024\/09\/VN-30-H-T6-PQ4-VQ5-RO2-M.png","datePublished":"2024-09-23T14:32:56+00:00","dateModified":"2024-09-23T14:36:46+00:00","breadcrumb":{"@id":"https:\/\/omanivietnam.com\/index.php\/san-pham\/festo-vn-30-h-t6-pq4-vq5-ro2-m\/#breadcrumb"},"inLanguage":"vi","potentialAction":[{"@type":"ReadAction","target":["https:\/\/omanivietnam.com\/index.php\/san-pham\/festo-vn-30-h-t6-pq4-vq5-ro2-m\/"]}]},{"@type":"ImageObject","inLanguage":"vi","@id":"https:\/\/omanivietnam.com\/index.php\/san-pham\/festo-vn-30-h-t6-pq4-vq5-ro2-m\/#primaryimage","url":"https:\/\/omanivietnam.com\/wp-content\/uploads\/2024\/09\/VN-30-H-T6-PQ4-VQ5-RO2-M.png","contentUrl":"https:\/\/omanivietnam.com\/wp-content\/uploads\/2024\/09\/VN-30-H-T6-PQ4-VQ5-RO2-M.png","width":457,"height":604},{"@type":"BreadcrumbList","@id":"https:\/\/omanivietnam.com\/index.php\/san-pham\/festo-vn-30-h-t6-pq4-vq5-ro2-m\/#breadcrumb","itemListElement":[{"@type":"ListItem","position":1,"name":"Home","item":"https:\/\/omanivietnam.com\/"},{"@type":"ListItem","position":2,"name":"S\u1ea2N PH\u1ea8M","item":"https:\/\/omanivietnam.com\/index.php\/cua-hang\/"},{"@type":"ListItem","position":3,"name":"FESTO VN-30-H-T6-PQ4-VQ5-RO2-M"}]},{"@type":"WebSite","@id":"https:\/\/omanivietnam.com\/#website","url":"https:\/\/omanivietnam.com\/","name":"OMANI VI\u1ec6T NAM","description":"Nh\u00e0 ph\u00e2n ph\u1ed1i thi\u1ebft b\u1ecb kh\u00ed n\u00e9n v\u00e0 thi\u1ebft b\u1ecb t\u1ef1 \u0111\u1ed9ng h\u00f3a trong c\u00f4ng nghi\u1ec7p","publisher":{"@id":"https:\/\/omanivietnam.com\/#\/schema\/person\/0ad398a980dc3fd696111c2c5c8fa897"},"potentialAction":[{"@type":"SearchAction","target":{"@type":"EntryPoint","urlTemplate":"https:\/\/omanivietnam.com\/?s={search_term_string}"},"query-input":"required name=search_term_string"}],"inLanguage":"vi"},{"@type":["Person","Organization"],"@id":"https:\/\/omanivietnam.com\/#\/schema\/person\/0ad398a980dc3fd696111c2c5c8fa897","name":"Nguy\u1ec5n V\u0103n Kh\u00e1nh","image":{"@type":"ImageObject","inLanguage":"vi","@id":"https:\/\/omanivietnam.com\/#\/schema\/person\/image\/","url":"https:\/\/omanivietnam.com\/wp-content\/uploads\/2024\/06\/logo-1024x1024.png","contentUrl":"https:\/\/omanivietnam.com\/wp-content\/uploads\/2024\/06\/logo-1024x1024.png","width":1024,"height":1024,"caption":"Nguy\u1ec5n V\u0103n Kh\u00e1nh"},"logo":{"@id":"https:\/\/omanivietnam.com\/#\/schema\/person\/image\/"},"sameAs":["https:\/\/omanivietnam.com"]}]}},"_links":{"self":[{"href":"https:\/\/omanivietnam.com\/index.php\/wp-json\/wp\/v2\/product\/1831","targetHints":{"allow":["GET"]}}],"collection":[{"href":"https:\/\/omanivietnam.com\/index.php\/wp-json\/wp\/v2\/product"}],"about":[{"href":"https:\/\/omanivietnam.com\/index.php\/wp-json\/wp\/v2\/types\/product"}],"replies":[{"embeddable":true,"href":"https:\/\/omanivietnam.com\/index.php\/wp-json\/wp\/v2\/comments?post=1831"}],"wp:featuredmedia":[{"embeddable":true,"href":"https:\/\/omanivietnam.com\/index.php\/wp-json\/wp\/v2\/media\/1832"}],"wp:attachment":[{"href":"https:\/\/omanivietnam.com\/index.php\/wp-json\/wp\/v2\/media?parent=1831"}],"wp:term":[{"taxonomy":"product_cat","embeddable":true,"href":"https:\/\/omanivietnam.com\/index.php\/wp-json\/wp\/v2\/product_cat?post=1831"},{"taxonomy":"product_tag","embeddable":true,"href":"https:\/\/omanivietnam.com\/index.php\/wp-json\/wp\/v2\/product_tag?post=1831"}],"curies":[{"name":"wp","href":"https:\/\/api.w.org\/{rel}","templated":true}]}}