{"id":1842,"date":"2024-09-24T05:26:46","date_gmt":"2024-09-23T22:26:46","guid":{"rendered":"https:\/\/omanivietnam.com\/?post_type=product&#038;p=1842"},"modified":"2024-09-24T05:27:40","modified_gmt":"2024-09-23T22:27:40","slug":"ebmpapst-d2d160-be02-11","status":"publish","type":"product","link":"https:\/\/omanivietnam.com\/index.php\/san-pham\/ebmpapst-d2d160-be02-11\/","title":{"rendered":"EBMPAPST D2D160-BE02-11"},"content":{"rendered":"<p>EBMPAPST D2D160-BE02-11<\/p>\n<ul>\n<li><strong>M\u00e3 qu\u1ea1t:<\/strong>\u00a0D2D160-BE02-11<\/li>\n<li><strong>Th\u01b0\u01a1ng hi\u1ec7u<\/strong>: Qu\u1ea1t AC EBM-PAPST<\/li>\n<li><strong>Xu\u1ea5t x\u1ee9<\/strong>: Th\u01b0\u01a1ng hi\u1ec7u \u0110\u1ee9c s\u1ea3n xu\u1ea5t t\u1ea1i Hungary<\/li>\n<li><strong>Voltage:<\/strong>\u00a0230\/400VAC<\/li>\n<li><strong>Ch\u1ea5t l\u01b0\u1ee3ng<\/strong>:\u00a0<strong>M\u1edbi 100%\u00a0<\/strong>ch\u01b0a qua s\u1eed d\u1ee5ng<\/li>\n<li><strong>B\u1ea3o h\u00e0nh<\/strong>\u00a0:\u00a012 th\u00e1ng ch\u00ednh h\u00e3ng<strong>\u00a0<\/strong><\/li>\n<\/ul>\n<p>Chi ti\u1ebft Qu\u1ea1t h\u00fat EBMPAPST D2D160-BE02-11<\/p>\n<ul>\n<li>Type: D2D160-BE02-11<\/li>\n<li>Motor: M2D074-LA<\/li>\n<li>Phase: 3~<\/li>\n<li>Voltage: 230\/400VAC<\/li>\n<li>Wiring: \u0394\/Y<\/li>\n<li>Frequency: 50\/60Hz<\/li>\n<li>Power: 700\/1055W<\/li>\n<li>Speed: 2700\/3000RPM<\/li>\n<li>Motor Bearing: Ball<\/li>\n<li>Operating Temperature: -40~+80\u02daC<\/li>\n<li>Termination: Quick connect Terminal<\/li>\n<li>Housing material: Sheet steel, hot-dip galvanized<\/li>\n<li>Size:\u00a0225mm(Depth)x332mm(Width)x241mm(Height)<\/li>\n<li>Unit Weight: 10.97kg<\/li>\n<li>Origin: Hungary<\/li>\n<\/ul>\n<p>\u0110\u1ea1i l\u00fd EBMPAPST vietnam, EBMPAPST viet nam, EBMPAPST vietnam distributor, Ph\u00e2n ph\u1ed1i EBMPAPST t\u1ea1i vi\u1ec7t nam<\/p>\n<p>\u0110\u1ea1i l\u00fd EBMPAPST vietnam, EBMPAPST viet nam, EBMPAPST vietnam distributor, Ph\u00e2n ph\u1ed1i EBMPAPST t\u1ea1i vi\u1ec7t nam<\/p>\n<p>\u0110\u1ea1i l\u00fd EBMPAPST vietnam, EBMPAPST viet nam, EBMPAPST vietnam distributor, Ph\u00e2n ph\u1ed1i EBMPAPST t\u1ea1i vi\u1ec7t nam<\/p>\n<p>\u0110\u1ea1i l\u00fd EBMPAPST vietnam, EBMPAPST viet nam, EBMPAPST vietnam distributor, Ph\u00e2n ph\u1ed1i EBMPAPST t\u1ea1i vi\u1ec7t nam<\/p>\n<p>\u0110\u1ea1i l\u00fd EBMPAPST vietnam, EBMPAPST viet nam, EBMPAPST vietnam distributor, Ph\u00e2n ph\u1ed1i EBMPAPST t\u1ea1i vi\u1ec7t nam<\/p>\n","protected":false},"excerpt":{"rendered":"<p>EBMPAPST D2D160-BE02-11 M\u00e3 qu\u1ea1t:\u00a0D2D160-BE02-11 Th\u01b0\u01a1ng hi\u1ec7u: Qu\u1ea1t AC EBM-PAPST Xu\u1ea5t x\u1ee9: Th\u01b0\u01a1ng hi\u1ec7u \u0110\u1ee9c s\u1ea3n xu\u1ea5t t\u1ea1i Hungary Voltage:\u00a0230\/400VAC Ch\u1ea5t l\u01b0\u1ee3ng:\u00a0M\u1edbi 100%\u00a0ch\u01b0a qua s\u1eed d\u1ee5ng B\u1ea3o h\u00e0nh\u00a0:\u00a012 th\u00e1ng ch\u00ednh h\u00e3ng\u00a0 Chi ti\u1ebft Qu\u1ea1t h\u00fat EBMPAPST D2D160-BE02-11 Type: D2D160-BE02-11 Motor: M2D074-LA Phase: 3~ Voltage: 230\/400VAC Wiring: \u0394\/Y Frequency: 50\/60Hz Power: 700\/1055W&hellip; <\/p>\n","protected":false},"featured_media":1843,"comment_status":"open","ping_status":"closed","template":"","meta":[],"product_cat":[302],"product_tag":[278,277,246],"class_list":{"0":"post-1842","1":"product","2":"type-product","3":"status-publish","4":"has-post-thumbnail","6":"product_cat-ebmpapst","7":"product_tag-dai-ly-ebmpapst-viet-nam","8":"product_tag-ebmpapst-viet-nam","9":"product_tag-quat","11":"first","12":"instock","13":"shipping-taxable","14":"product-type-simple"},"yoast_head":"<!-- This site is optimized with the Yoast SEO plugin v22.8 - https:\/\/yoast.com\/wordpress\/plugins\/seo\/ -->\n<title>EBMPAPST D2D160-BE02-11 - OMANI VI\u1ec6T NAM<\/title>\n<meta name=\"robots\" content=\"index, follow, max-snippet:-1, max-image-preview:large, max-video-preview:-1\" \/>\n<link rel=\"canonical\" href=\"https:\/\/omanivietnam.com\/index.php\/san-pham\/ebmpapst-d2d160-be02-11\/\" \/>\n<meta property=\"og:locale\" content=\"vi_VN\" \/>\n<meta property=\"og:type\" content=\"article\" \/>\n<meta property=\"og:title\" content=\"EBMPAPST D2D160-BE02-11 - OMANI VI\u1ec6T NAM\" \/>\n<meta property=\"og:description\" content=\"EBMPAPST D2D160-BE02-11 M\u00e3 qu\u1ea1t:\u00a0D2D160-BE02-11 Th\u01b0\u01a1ng hi\u1ec7u: Qu\u1ea1t AC EBM-PAPST Xu\u1ea5t x\u1ee9: Th\u01b0\u01a1ng hi\u1ec7u \u0110\u1ee9c s\u1ea3n xu\u1ea5t t\u1ea1i Hungary Voltage:\u00a0230\/400VAC Ch\u1ea5t l\u01b0\u1ee3ng:\u00a0M\u1edbi 100%\u00a0ch\u01b0a qua s\u1eed d\u1ee5ng B\u1ea3o h\u00e0nh\u00a0:\u00a012 th\u00e1ng ch\u00ednh h\u00e3ng\u00a0 Chi ti\u1ebft Qu\u1ea1t h\u00fat EBMPAPST D2D160-BE02-11 Type: D2D160-BE02-11 Motor: M2D074-LA Phase: 3~ Voltage: 230\/400VAC Wiring: \u0394\/Y Frequency: 50\/60Hz Power: 700\/1055W&hellip;\" \/>\n<meta property=\"og:url\" content=\"https:\/\/omanivietnam.com\/index.php\/san-pham\/ebmpapst-d2d160-be02-11\/\" \/>\n<meta property=\"og:site_name\" content=\"OMANI VI\u1ec6T NAM\" \/>\n<meta property=\"article:modified_time\" content=\"2024-09-23T22:27:40+00:00\" \/>\n<meta property=\"og:image\" content=\"https:\/\/omanivietnam.com\/wp-content\/uploads\/2024\/09\/D2D160-BE02-11.png\" \/>\n\t<meta property=\"og:image:width\" content=\"659\" \/>\n\t<meta property=\"og:image:height\" content=\"364\" \/>\n\t<meta property=\"og:image:type\" content=\"image\/png\" \/>\n<meta name=\"twitter:card\" content=\"summary_large_image\" \/>\n<meta name=\"twitter:label1\" content=\"\u01af\u1edbc t\u00ednh th\u1eddi gian \u0111\u1ecdc\" \/>\n\t<meta name=\"twitter:data1\" content=\"2 ph\u00fat\" \/>\n<script type=\"application\/ld+json\" class=\"yoast-schema-graph\">{\"@context\":\"https:\/\/schema.org\",\"@graph\":[{\"@type\":\"WebPage\",\"@id\":\"https:\/\/omanivietnam.com\/index.php\/san-pham\/ebmpapst-d2d160-be02-11\/\",\"url\":\"https:\/\/omanivietnam.com\/index.php\/san-pham\/ebmpapst-d2d160-be02-11\/\",\"name\":\"EBMPAPST D2D160-BE02-11 - OMANI VI\u1ec6T NAM\",\"isPartOf\":{\"@id\":\"https:\/\/omanivietnam.com\/#website\"},\"primaryImageOfPage\":{\"@id\":\"https:\/\/omanivietnam.com\/index.php\/san-pham\/ebmpapst-d2d160-be02-11\/#primaryimage\"},\"image\":{\"@id\":\"https:\/\/omanivietnam.com\/index.php\/san-pham\/ebmpapst-d2d160-be02-11\/#primaryimage\"},\"thumbnailUrl\":\"https:\/\/omanivietnam.com\/wp-content\/uploads\/2024\/09\/D2D160-BE02-11.png\",\"datePublished\":\"2024-09-23T22:26:46+00:00\",\"dateModified\":\"2024-09-23T22:27:40+00:00\",\"breadcrumb\":{\"@id\":\"https:\/\/omanivietnam.com\/index.php\/san-pham\/ebmpapst-d2d160-be02-11\/#breadcrumb\"},\"inLanguage\":\"vi\",\"potentialAction\":[{\"@type\":\"ReadAction\",\"target\":[\"https:\/\/omanivietnam.com\/index.php\/san-pham\/ebmpapst-d2d160-be02-11\/\"]}]},{\"@type\":\"ImageObject\",\"inLanguage\":\"vi\",\"@id\":\"https:\/\/omanivietnam.com\/index.php\/san-pham\/ebmpapst-d2d160-be02-11\/#primaryimage\",\"url\":\"https:\/\/omanivietnam.com\/wp-content\/uploads\/2024\/09\/D2D160-BE02-11.png\",\"contentUrl\":\"https:\/\/omanivietnam.com\/wp-content\/uploads\/2024\/09\/D2D160-BE02-11.png\",\"width\":659,\"height\":364},{\"@type\":\"BreadcrumbList\",\"@id\":\"https:\/\/omanivietnam.com\/index.php\/san-pham\/ebmpapst-d2d160-be02-11\/#breadcrumb\",\"itemListElement\":[{\"@type\":\"ListItem\",\"position\":1,\"name\":\"Home\",\"item\":\"https:\/\/omanivietnam.com\/\"},{\"@type\":\"ListItem\",\"position\":2,\"name\":\"S\u1ea2N PH\u1ea8M\",\"item\":\"https:\/\/omanivietnam.com\/index.php\/cua-hang\/\"},{\"@type\":\"ListItem\",\"position\":3,\"name\":\"EBMPAPST D2D160-BE02-11\"}]},{\"@type\":\"WebSite\",\"@id\":\"https:\/\/omanivietnam.com\/#website\",\"url\":\"https:\/\/omanivietnam.com\/\",\"name\":\"OMANI VI\u1ec6T NAM\",\"description\":\"Nh\u00e0 ph\u00e2n ph\u1ed1i thi\u1ebft b\u1ecb kh\u00ed n\u00e9n v\u00e0 thi\u1ebft b\u1ecb t\u1ef1 \u0111\u1ed9ng h\u00f3a trong c\u00f4ng nghi\u1ec7p\",\"publisher\":{\"@id\":\"https:\/\/omanivietnam.com\/#\/schema\/person\/0ad398a980dc3fd696111c2c5c8fa897\"},\"potentialAction\":[{\"@type\":\"SearchAction\",\"target\":{\"@type\":\"EntryPoint\",\"urlTemplate\":\"https:\/\/omanivietnam.com\/?s={search_term_string}\"},\"query-input\":\"required name=search_term_string\"}],\"inLanguage\":\"vi\"},{\"@type\":[\"Person\",\"Organization\"],\"@id\":\"https:\/\/omanivietnam.com\/#\/schema\/person\/0ad398a980dc3fd696111c2c5c8fa897\",\"name\":\"Nguy\u1ec5n V\u0103n Kh\u00e1nh\",\"image\":{\"@type\":\"ImageObject\",\"inLanguage\":\"vi\",\"@id\":\"https:\/\/omanivietnam.com\/#\/schema\/person\/image\/\",\"url\":\"https:\/\/omanivietnam.com\/wp-content\/uploads\/2024\/06\/logo-1024x1024.png\",\"contentUrl\":\"https:\/\/omanivietnam.com\/wp-content\/uploads\/2024\/06\/logo-1024x1024.png\",\"width\":1024,\"height\":1024,\"caption\":\"Nguy\u1ec5n V\u0103n Kh\u00e1nh\"},\"logo\":{\"@id\":\"https:\/\/omanivietnam.com\/#\/schema\/person\/image\/\"},\"sameAs\":[\"https:\/\/omanivietnam.com\"]}]}<\/script>\n<!-- \/ Yoast SEO plugin. -->","yoast_head_json":{"title":"EBMPAPST D2D160-BE02-11 - OMANI VI\u1ec6T NAM","robots":{"index":"index","follow":"follow","max-snippet":"max-snippet:-1","max-image-preview":"max-image-preview:large","max-video-preview":"max-video-preview:-1"},"canonical":"https:\/\/omanivietnam.com\/index.php\/san-pham\/ebmpapst-d2d160-be02-11\/","og_locale":"vi_VN","og_type":"article","og_title":"EBMPAPST D2D160-BE02-11 - OMANI VI\u1ec6T NAM","og_description":"EBMPAPST D2D160-BE02-11 M\u00e3 qu\u1ea1t:\u00a0D2D160-BE02-11 Th\u01b0\u01a1ng hi\u1ec7u: Qu\u1ea1t AC EBM-PAPST Xu\u1ea5t x\u1ee9: Th\u01b0\u01a1ng hi\u1ec7u \u0110\u1ee9c s\u1ea3n xu\u1ea5t t\u1ea1i Hungary Voltage:\u00a0230\/400VAC Ch\u1ea5t l\u01b0\u1ee3ng:\u00a0M\u1edbi 100%\u00a0ch\u01b0a qua s\u1eed d\u1ee5ng B\u1ea3o h\u00e0nh\u00a0:\u00a012 th\u00e1ng ch\u00ednh h\u00e3ng\u00a0 Chi ti\u1ebft Qu\u1ea1t h\u00fat EBMPAPST D2D160-BE02-11 Type: D2D160-BE02-11 Motor: M2D074-LA Phase: 3~ Voltage: 230\/400VAC Wiring: \u0394\/Y Frequency: 50\/60Hz Power: 700\/1055W&hellip;","og_url":"https:\/\/omanivietnam.com\/index.php\/san-pham\/ebmpapst-d2d160-be02-11\/","og_site_name":"OMANI VI\u1ec6T NAM","article_modified_time":"2024-09-23T22:27:40+00:00","og_image":[{"width":659,"height":364,"url":"https:\/\/omanivietnam.com\/wp-content\/uploads\/2024\/09\/D2D160-BE02-11.png","type":"image\/png"}],"twitter_card":"summary_large_image","twitter_misc":{"\u01af\u1edbc t\u00ednh th\u1eddi gian \u0111\u1ecdc":"2 ph\u00fat"},"schema":{"@context":"https:\/\/schema.org","@graph":[{"@type":"WebPage","@id":"https:\/\/omanivietnam.com\/index.php\/san-pham\/ebmpapst-d2d160-be02-11\/","url":"https:\/\/omanivietnam.com\/index.php\/san-pham\/ebmpapst-d2d160-be02-11\/","name":"EBMPAPST D2D160-BE02-11 - OMANI VI\u1ec6T NAM","isPartOf":{"@id":"https:\/\/omanivietnam.com\/#website"},"primaryImageOfPage":{"@id":"https:\/\/omanivietnam.com\/index.php\/san-pham\/ebmpapst-d2d160-be02-11\/#primaryimage"},"image":{"@id":"https:\/\/omanivietnam.com\/index.php\/san-pham\/ebmpapst-d2d160-be02-11\/#primaryimage"},"thumbnailUrl":"https:\/\/omanivietnam.com\/wp-content\/uploads\/2024\/09\/D2D160-BE02-11.png","datePublished":"2024-09-23T22:26:46+00:00","dateModified":"2024-09-23T22:27:40+00:00","breadcrumb":{"@id":"https:\/\/omanivietnam.com\/index.php\/san-pham\/ebmpapst-d2d160-be02-11\/#breadcrumb"},"inLanguage":"vi","potentialAction":[{"@type":"ReadAction","target":["https:\/\/omanivietnam.com\/index.php\/san-pham\/ebmpapst-d2d160-be02-11\/"]}]},{"@type":"ImageObject","inLanguage":"vi","@id":"https:\/\/omanivietnam.com\/index.php\/san-pham\/ebmpapst-d2d160-be02-11\/#primaryimage","url":"https:\/\/omanivietnam.com\/wp-content\/uploads\/2024\/09\/D2D160-BE02-11.png","contentUrl":"https:\/\/omanivietnam.com\/wp-content\/uploads\/2024\/09\/D2D160-BE02-11.png","width":659,"height":364},{"@type":"BreadcrumbList","@id":"https:\/\/omanivietnam.com\/index.php\/san-pham\/ebmpapst-d2d160-be02-11\/#breadcrumb","itemListElement":[{"@type":"ListItem","position":1,"name":"Home","item":"https:\/\/omanivietnam.com\/"},{"@type":"ListItem","position":2,"name":"S\u1ea2N PH\u1ea8M","item":"https:\/\/omanivietnam.com\/index.php\/cua-hang\/"},{"@type":"ListItem","position":3,"name":"EBMPAPST D2D160-BE02-11"}]},{"@type":"WebSite","@id":"https:\/\/omanivietnam.com\/#website","url":"https:\/\/omanivietnam.com\/","name":"OMANI VI\u1ec6T NAM","description":"Nh\u00e0 ph\u00e2n ph\u1ed1i thi\u1ebft b\u1ecb kh\u00ed n\u00e9n v\u00e0 thi\u1ebft b\u1ecb t\u1ef1 \u0111\u1ed9ng h\u00f3a trong c\u00f4ng nghi\u1ec7p","publisher":{"@id":"https:\/\/omanivietnam.com\/#\/schema\/person\/0ad398a980dc3fd696111c2c5c8fa897"},"potentialAction":[{"@type":"SearchAction","target":{"@type":"EntryPoint","urlTemplate":"https:\/\/omanivietnam.com\/?s={search_term_string}"},"query-input":"required name=search_term_string"}],"inLanguage":"vi"},{"@type":["Person","Organization"],"@id":"https:\/\/omanivietnam.com\/#\/schema\/person\/0ad398a980dc3fd696111c2c5c8fa897","name":"Nguy\u1ec5n V\u0103n Kh\u00e1nh","image":{"@type":"ImageObject","inLanguage":"vi","@id":"https:\/\/omanivietnam.com\/#\/schema\/person\/image\/","url":"https:\/\/omanivietnam.com\/wp-content\/uploads\/2024\/06\/logo-1024x1024.png","contentUrl":"https:\/\/omanivietnam.com\/wp-content\/uploads\/2024\/06\/logo-1024x1024.png","width":1024,"height":1024,"caption":"Nguy\u1ec5n V\u0103n Kh\u00e1nh"},"logo":{"@id":"https:\/\/omanivietnam.com\/#\/schema\/person\/image\/"},"sameAs":["https:\/\/omanivietnam.com"]}]}},"_links":{"self":[{"href":"https:\/\/omanivietnam.com\/index.php\/wp-json\/wp\/v2\/product\/1842","targetHints":{"allow":["GET"]}}],"collection":[{"href":"https:\/\/omanivietnam.com\/index.php\/wp-json\/wp\/v2\/product"}],"about":[{"href":"https:\/\/omanivietnam.com\/index.php\/wp-json\/wp\/v2\/types\/product"}],"replies":[{"embeddable":true,"href":"https:\/\/omanivietnam.com\/index.php\/wp-json\/wp\/v2\/comments?post=1842"}],"wp:featuredmedia":[{"embeddable":true,"href":"https:\/\/omanivietnam.com\/index.php\/wp-json\/wp\/v2\/media\/1843"}],"wp:attachment":[{"href":"https:\/\/omanivietnam.com\/index.php\/wp-json\/wp\/v2\/media?parent=1842"}],"wp:term":[{"taxonomy":"product_cat","embeddable":true,"href":"https:\/\/omanivietnam.com\/index.php\/wp-json\/wp\/v2\/product_cat?post=1842"},{"taxonomy":"product_tag","embeddable":true,"href":"https:\/\/omanivietnam.com\/index.php\/wp-json\/wp\/v2\/product_tag?post=1842"}],"curies":[{"name":"wp","href":"https:\/\/api.w.org\/{rel}","templated":true}]}}