{"id":1850,"date":"2024-09-24T06:10:44","date_gmt":"2024-09-23T23:10:44","guid":{"rendered":"https:\/\/omanivietnam.com\/?post_type=product&#038;p=1850"},"modified":"2024-09-24T06:11:33","modified_gmt":"2024-09-23T23:11:33","slug":"mitsubishi-fx2n-4da","status":"publish","type":"product","link":"https:\/\/omanivietnam.com\/index.php\/san-pham\/mitsubishi-fx2n-4da\/","title":{"rendered":"MITSUBISHI FX2N-4DA"},"content":{"rendered":"<p>MITSUBISHI FX2N-4DA<\/p>\n<p><strong>Th\u00f4ng S\u1ed1 K\u1ef9 Thu\u1eadt FX2N-4DA<\/strong><\/p>\n<p>Ngu\u1ed3n c\u1ea5p : 24VDC<\/p>\n<p>S\u1ed1 k\u00eanh analog : 4<\/p>\n<p>Ki\u1ec3u \u0111\u1ea7u ra : -10V \u0111\u1ebfn +10VDC ; 4-20mA ho\u1eb7c -20mA \u0111\u1ebfn +20mA<\/p>\n<p>Thang gi\u00e1 tr\u1ecb s\u1ed1 quy \u0111\u1ed5i : -2000 \u0111\u1ebfn 2000 (\u0111i\u1ec7n \u00e1p) ho\u1eb7c -1000 \u0111\u1ebfn +1000 (d\u00f2ng \u0111i\u1ec7n)<\/p>\n<p>&#8211; Module FX2N-4DA l\u00e0 module analog output.<\/p>\n<p>&#8211; C\u00f3 4 k\u00eanh chuy\u1ec3n \u0111\u1ed5i gi\u00e1 tr\u1ecb digital sang gi\u00e1 tr\u1ecb analog (voltage output and current output).<\/p>\n<p>&#8211; FX2N-4DA c\u00f3 th\u1ec3 k\u1ebft n\u1ed1i v\u1edbi PLC\u00a0 FX0N, FX2N, FX2NC, FX3G v\u00e0 \u0111\u1eb7c bi\u1ec7t l\u00e0<strong>\u00a0FX3U.<\/strong><\/p>\n<p>FX2N-4DA c\u00f3 4 k\u00eanh analog ng\u00f5 ra c\u00f3 th\u1ec3 l\u1ef1a ch\u1ecdn \u0111\u1ed9c l\u1eadp.<\/p>\n<table width=\"642\">\n<tbody>\n<tr>\n<td>th\u00f4ng s\u1ed1<\/td>\n<td>Ng\u00f5 ra \u0110i\u1ec7n \u00c1p<\/td>\n<td>Ng\u00f5 ra D\u00f2ng \u0110i\u1ec7n<\/td>\n<\/tr>\n<tr>\n<td>D\u00e3i ng\u00f5 ra<\/td>\n<td>-10V &#8211; +10V<\/td>\n<td>0-20mA, 4mA-+20mA<\/td>\n<\/tr>\n<tr>\n<td>D\u1eef li\u1ec7u<\/td>\n<td>16bit<\/td>\n<td>16bit<\/td>\n<\/tr>\n<tr>\n<td>T\u1ed1c \u0111\u1ed9 chuy\u1ec3n \u0111\u1ed5i<\/td>\n<td>2.1ms<\/td>\n<td>2.1ms<\/td>\n<\/tr>\n<\/tbody>\n<\/table>\n<table>\n<tbody>\n<tr>\n<td>Buffer No.<\/td>\n<td>Gi\u1ea3i th\u00edch<\/td>\n<\/tr>\n<tr>\n<td>#0<\/td>\n<td>Ch\u1ecdn ki\u1ec3u ng\u00f5 ra, g\u1ed3m 4 ch\u1eef Hexa t\u01b0\u01a1ng \u1ee9ng 4 k\u00eanh HOOOO<\/p>\n<p>O=0 ki\u1ec3u \u0111i\u1ec7n \u00e1p -10V-+10V<\/p>\n<p>O=1 ki\u1ec3u d\u00f2ng \u0111i\u1ec7n 4-20mA<\/p>\n<p>O=2 ki\u1ec3u d\u00f2ng \u0111i\u1ec7n 0mA-+20mA<\/td>\n<\/tr>\n<tr>\n<td>#1<\/td>\n<td>D\u1eef li\u1ec7u ng\u00f5 ra K\u00eanh 1<\/td>\n<\/tr>\n<tr>\n<td>#2<\/td>\n<td>D\u1eef li\u1ec7u ng\u00f5 ra K\u00eanh 2<\/td>\n<\/tr>\n<tr>\n<td>#3<\/td>\n<td>D\u1eef li\u1ec7u ng\u00f5 ra K\u00eanh 3<\/td>\n<\/tr>\n<tr>\n<td>#4<\/td>\n<td>D\u1eef li\u1ec7u ng\u00f5 ra K\u00eanh 4<\/td>\n<\/tr>\n<\/tbody>\n<\/table>\n<p>C\u00e1c s\u1ea3n ph\u1ea9m t\u01b0\u01a1ng t\u1ef1<\/p>\n<p class=\"woocommerce-loop-product__title\">Mitsubishi Q01UCPU<\/p>\n<p class=\"woocommerce-loop-product__title\">Mitsubishi Q26UDVCPU<\/p>\n<p class=\"woocommerce-loop-product__title\">Mitsubishi Q13UDVCPU<\/p>\n<p class=\"woocommerce-loop-product__title\">Mitsubishi Q04UDVCPU<\/p>\n<p class=\"woocommerce-loop-product__title\">Mitsubishi Q00UJCPU<\/p>\n<p class=\"woocommerce-loop-product__title\">Mitsubishi Q00UCPU<\/p>\n<p class=\"woocommerce-loop-product__title\">Mitsubishi Q06UDVCPU<\/p>\n<p>\u0110\u1ea1i l\u00fd MITSUBISHI vietnam, MITSUBISHI viet nam, MITSUBISHI vietnam distributor, Ph\u00e2n ph\u1ed1i MITSUBISHIt\u1ea1i vi\u1ec7t nam<\/p>\n<p>\u0110\u1ea1i l\u00fd MITSUBISHI vietnam, MITSUBISHI viet nam, MITSUBISHI vietnam distributor, Ph\u00e2n ph\u1ed1i MITSUBISHIt\u1ea1i vi\u1ec7t nam<\/p>\n<p>\u0110\u1ea1i l\u00fd MITSUBISHI vietnam, MITSUBISHI viet nam, MITSUBISHI vietnam distributor, Ph\u00e2n ph\u1ed1i MITSUBISHIt\u1ea1i vi\u1ec7t nam<\/p>\n<p>\u0110\u1ea1i l\u00fd MITSUBISHI vietnam, MITSUBISHI viet nam, MITSUBISHI vietnam distributor, Ph\u00e2n ph\u1ed1i MITSUBISHIt\u1ea1i vi\u1ec7t nam<\/p>\n<p>\u0110\u1ea1i l\u00fd MITSUBISHI vietnam, MITSUBISHI viet nam, MITSUBISHI vietnam distributor, Ph\u00e2n ph\u1ed1i MITSUBISHIt\u1ea1i vi\u1ec7t nam<\/p>\n","protected":false},"excerpt":{"rendered":"<p>MITSUBISHI FX2N-4DA Th\u00f4ng S\u1ed1 K\u1ef9 Thu\u1eadt FX2N-4DA Ngu\u1ed3n c\u1ea5p : 24VDC S\u1ed1 k\u00eanh analog : 4 Ki\u1ec3u \u0111\u1ea7u ra : -10V \u0111\u1ebfn +10VDC ; 4-20mA ho\u1eb7c -20mA \u0111\u1ebfn +20mA Thang gi\u00e1 tr\u1ecb s\u1ed1 quy \u0111\u1ed5i : -2000 \u0111\u1ebfn 2000 (\u0111i\u1ec7n \u00e1p) ho\u1eb7c -1000 \u0111\u1ebfn +1000 (d\u00f2ng \u0111i\u1ec7n) &#8211; Module FX2N-4DA&hellip; <\/p>\n","protected":false},"featured_media":1851,"comment_status":"open","ping_status":"closed","template":"","meta":[],"product_cat":[305],"product_tag":[158,157,159],"class_list":{"0":"post-1850","1":"product","2":"type-product","3":"status-publish","4":"has-post-thumbnail","6":"product_cat-mitsubishi","7":"product_tag-dai-ly-mitsubishi-viet-nam","8":"product_tag-mitsubishi-viet-nam","9":"product_tag-mo-dun","11":"first","12":"instock","13":"shipping-taxable","14":"product-type-simple"},"yoast_head":"<!-- This site is optimized with the Yoast SEO plugin v22.8 - https:\/\/yoast.com\/wordpress\/plugins\/seo\/ -->\n<title>MITSUBISHI FX2N-4DA - OMANI VI\u1ec6T NAM<\/title>\n<meta name=\"robots\" content=\"index, follow, max-snippet:-1, max-image-preview:large, max-video-preview:-1\" \/>\n<link rel=\"canonical\" href=\"https:\/\/omanivietnam.com\/index.php\/san-pham\/mitsubishi-fx2n-4da\/\" \/>\n<meta property=\"og:locale\" content=\"vi_VN\" \/>\n<meta property=\"og:type\" content=\"article\" \/>\n<meta property=\"og:title\" content=\"MITSUBISHI FX2N-4DA - OMANI VI\u1ec6T NAM\" \/>\n<meta property=\"og:description\" content=\"MITSUBISHI FX2N-4DA Th\u00f4ng S\u1ed1 K\u1ef9 Thu\u1eadt FX2N-4DA Ngu\u1ed3n c\u1ea5p : 24VDC S\u1ed1 k\u00eanh analog : 4 Ki\u1ec3u \u0111\u1ea7u ra : -10V \u0111\u1ebfn +10VDC ; 4-20mA ho\u1eb7c -20mA \u0111\u1ebfn +20mA Thang gi\u00e1 tr\u1ecb s\u1ed1 quy \u0111\u1ed5i : -2000 \u0111\u1ebfn 2000 (\u0111i\u1ec7n \u00e1p) ho\u1eb7c -1000 \u0111\u1ebfn +1000 (d\u00f2ng \u0111i\u1ec7n) &#8211; Module FX2N-4DA&hellip;\" \/>\n<meta property=\"og:url\" content=\"https:\/\/omanivietnam.com\/index.php\/san-pham\/mitsubishi-fx2n-4da\/\" \/>\n<meta property=\"og:site_name\" content=\"OMANI VI\u1ec6T NAM\" \/>\n<meta property=\"article:modified_time\" content=\"2024-09-23T23:11:33+00:00\" \/>\n<meta property=\"og:image\" content=\"https:\/\/omanivietnam.com\/wp-content\/uploads\/2024\/09\/FX2N-4DA.png\" \/>\n\t<meta property=\"og:image:width\" content=\"522\" \/>\n\t<meta property=\"og:image:height\" content=\"511\" \/>\n\t<meta property=\"og:image:type\" content=\"image\/png\" \/>\n<meta name=\"twitter:card\" content=\"summary_large_image\" \/>\n<meta name=\"twitter:label1\" content=\"\u01af\u1edbc t\u00ednh th\u1eddi gian \u0111\u1ecdc\" \/>\n\t<meta name=\"twitter:data1\" content=\"2 ph\u00fat\" \/>\n<script type=\"application\/ld+json\" class=\"yoast-schema-graph\">{\"@context\":\"https:\/\/schema.org\",\"@graph\":[{\"@type\":\"WebPage\",\"@id\":\"https:\/\/omanivietnam.com\/index.php\/san-pham\/mitsubishi-fx2n-4da\/\",\"url\":\"https:\/\/omanivietnam.com\/index.php\/san-pham\/mitsubishi-fx2n-4da\/\",\"name\":\"MITSUBISHI FX2N-4DA - OMANI VI\u1ec6T NAM\",\"isPartOf\":{\"@id\":\"https:\/\/omanivietnam.com\/#website\"},\"primaryImageOfPage\":{\"@id\":\"https:\/\/omanivietnam.com\/index.php\/san-pham\/mitsubishi-fx2n-4da\/#primaryimage\"},\"image\":{\"@id\":\"https:\/\/omanivietnam.com\/index.php\/san-pham\/mitsubishi-fx2n-4da\/#primaryimage\"},\"thumbnailUrl\":\"https:\/\/omanivietnam.com\/wp-content\/uploads\/2024\/09\/FX2N-4DA.png\",\"datePublished\":\"2024-09-23T23:10:44+00:00\",\"dateModified\":\"2024-09-23T23:11:33+00:00\",\"breadcrumb\":{\"@id\":\"https:\/\/omanivietnam.com\/index.php\/san-pham\/mitsubishi-fx2n-4da\/#breadcrumb\"},\"inLanguage\":\"vi\",\"potentialAction\":[{\"@type\":\"ReadAction\",\"target\":[\"https:\/\/omanivietnam.com\/index.php\/san-pham\/mitsubishi-fx2n-4da\/\"]}]},{\"@type\":\"ImageObject\",\"inLanguage\":\"vi\",\"@id\":\"https:\/\/omanivietnam.com\/index.php\/san-pham\/mitsubishi-fx2n-4da\/#primaryimage\",\"url\":\"https:\/\/omanivietnam.com\/wp-content\/uploads\/2024\/09\/FX2N-4DA.png\",\"contentUrl\":\"https:\/\/omanivietnam.com\/wp-content\/uploads\/2024\/09\/FX2N-4DA.png\",\"width\":522,\"height\":511},{\"@type\":\"BreadcrumbList\",\"@id\":\"https:\/\/omanivietnam.com\/index.php\/san-pham\/mitsubishi-fx2n-4da\/#breadcrumb\",\"itemListElement\":[{\"@type\":\"ListItem\",\"position\":1,\"name\":\"Home\",\"item\":\"https:\/\/omanivietnam.com\/\"},{\"@type\":\"ListItem\",\"position\":2,\"name\":\"S\u1ea2N PH\u1ea8M\",\"item\":\"https:\/\/omanivietnam.com\/index.php\/cua-hang\/\"},{\"@type\":\"ListItem\",\"position\":3,\"name\":\"MITSUBISHI FX2N-4DA\"}]},{\"@type\":\"WebSite\",\"@id\":\"https:\/\/omanivietnam.com\/#website\",\"url\":\"https:\/\/omanivietnam.com\/\",\"name\":\"OMANI VI\u1ec6T NAM\",\"description\":\"Nh\u00e0 ph\u00e2n ph\u1ed1i thi\u1ebft b\u1ecb kh\u00ed n\u00e9n v\u00e0 thi\u1ebft b\u1ecb t\u1ef1 \u0111\u1ed9ng h\u00f3a trong c\u00f4ng nghi\u1ec7p\",\"publisher\":{\"@id\":\"https:\/\/omanivietnam.com\/#\/schema\/person\/0ad398a980dc3fd696111c2c5c8fa897\"},\"potentialAction\":[{\"@type\":\"SearchAction\",\"target\":{\"@type\":\"EntryPoint\",\"urlTemplate\":\"https:\/\/omanivietnam.com\/?s={search_term_string}\"},\"query-input\":\"required name=search_term_string\"}],\"inLanguage\":\"vi\"},{\"@type\":[\"Person\",\"Organization\"],\"@id\":\"https:\/\/omanivietnam.com\/#\/schema\/person\/0ad398a980dc3fd696111c2c5c8fa897\",\"name\":\"Nguy\u1ec5n V\u0103n Kh\u00e1nh\",\"image\":{\"@type\":\"ImageObject\",\"inLanguage\":\"vi\",\"@id\":\"https:\/\/omanivietnam.com\/#\/schema\/person\/image\/\",\"url\":\"https:\/\/omanivietnam.com\/wp-content\/uploads\/2024\/06\/logo-1024x1024.png\",\"contentUrl\":\"https:\/\/omanivietnam.com\/wp-content\/uploads\/2024\/06\/logo-1024x1024.png\",\"width\":1024,\"height\":1024,\"caption\":\"Nguy\u1ec5n V\u0103n Kh\u00e1nh\"},\"logo\":{\"@id\":\"https:\/\/omanivietnam.com\/#\/schema\/person\/image\/\"},\"sameAs\":[\"https:\/\/omanivietnam.com\"]}]}<\/script>\n<!-- \/ Yoast SEO plugin. -->","yoast_head_json":{"title":"MITSUBISHI FX2N-4DA - OMANI VI\u1ec6T NAM","robots":{"index":"index","follow":"follow","max-snippet":"max-snippet:-1","max-image-preview":"max-image-preview:large","max-video-preview":"max-video-preview:-1"},"canonical":"https:\/\/omanivietnam.com\/index.php\/san-pham\/mitsubishi-fx2n-4da\/","og_locale":"vi_VN","og_type":"article","og_title":"MITSUBISHI FX2N-4DA - OMANI VI\u1ec6T NAM","og_description":"MITSUBISHI FX2N-4DA Th\u00f4ng S\u1ed1 K\u1ef9 Thu\u1eadt FX2N-4DA Ngu\u1ed3n c\u1ea5p : 24VDC S\u1ed1 k\u00eanh analog : 4 Ki\u1ec3u \u0111\u1ea7u ra : -10V \u0111\u1ebfn +10VDC ; 4-20mA ho\u1eb7c -20mA \u0111\u1ebfn +20mA Thang gi\u00e1 tr\u1ecb s\u1ed1 quy \u0111\u1ed5i : -2000 \u0111\u1ebfn 2000 (\u0111i\u1ec7n \u00e1p) ho\u1eb7c -1000 \u0111\u1ebfn +1000 (d\u00f2ng \u0111i\u1ec7n) &#8211; Module FX2N-4DA&hellip;","og_url":"https:\/\/omanivietnam.com\/index.php\/san-pham\/mitsubishi-fx2n-4da\/","og_site_name":"OMANI VI\u1ec6T NAM","article_modified_time":"2024-09-23T23:11:33+00:00","og_image":[{"width":522,"height":511,"url":"https:\/\/omanivietnam.com\/wp-content\/uploads\/2024\/09\/FX2N-4DA.png","type":"image\/png"}],"twitter_card":"summary_large_image","twitter_misc":{"\u01af\u1edbc t\u00ednh th\u1eddi gian \u0111\u1ecdc":"2 ph\u00fat"},"schema":{"@context":"https:\/\/schema.org","@graph":[{"@type":"WebPage","@id":"https:\/\/omanivietnam.com\/index.php\/san-pham\/mitsubishi-fx2n-4da\/","url":"https:\/\/omanivietnam.com\/index.php\/san-pham\/mitsubishi-fx2n-4da\/","name":"MITSUBISHI FX2N-4DA - OMANI VI\u1ec6T NAM","isPartOf":{"@id":"https:\/\/omanivietnam.com\/#website"},"primaryImageOfPage":{"@id":"https:\/\/omanivietnam.com\/index.php\/san-pham\/mitsubishi-fx2n-4da\/#primaryimage"},"image":{"@id":"https:\/\/omanivietnam.com\/index.php\/san-pham\/mitsubishi-fx2n-4da\/#primaryimage"},"thumbnailUrl":"https:\/\/omanivietnam.com\/wp-content\/uploads\/2024\/09\/FX2N-4DA.png","datePublished":"2024-09-23T23:10:44+00:00","dateModified":"2024-09-23T23:11:33+00:00","breadcrumb":{"@id":"https:\/\/omanivietnam.com\/index.php\/san-pham\/mitsubishi-fx2n-4da\/#breadcrumb"},"inLanguage":"vi","potentialAction":[{"@type":"ReadAction","target":["https:\/\/omanivietnam.com\/index.php\/san-pham\/mitsubishi-fx2n-4da\/"]}]},{"@type":"ImageObject","inLanguage":"vi","@id":"https:\/\/omanivietnam.com\/index.php\/san-pham\/mitsubishi-fx2n-4da\/#primaryimage","url":"https:\/\/omanivietnam.com\/wp-content\/uploads\/2024\/09\/FX2N-4DA.png","contentUrl":"https:\/\/omanivietnam.com\/wp-content\/uploads\/2024\/09\/FX2N-4DA.png","width":522,"height":511},{"@type":"BreadcrumbList","@id":"https:\/\/omanivietnam.com\/index.php\/san-pham\/mitsubishi-fx2n-4da\/#breadcrumb","itemListElement":[{"@type":"ListItem","position":1,"name":"Home","item":"https:\/\/omanivietnam.com\/"},{"@type":"ListItem","position":2,"name":"S\u1ea2N PH\u1ea8M","item":"https:\/\/omanivietnam.com\/index.php\/cua-hang\/"},{"@type":"ListItem","position":3,"name":"MITSUBISHI FX2N-4DA"}]},{"@type":"WebSite","@id":"https:\/\/omanivietnam.com\/#website","url":"https:\/\/omanivietnam.com\/","name":"OMANI VI\u1ec6T NAM","description":"Nh\u00e0 ph\u00e2n ph\u1ed1i thi\u1ebft b\u1ecb kh\u00ed n\u00e9n v\u00e0 thi\u1ebft b\u1ecb t\u1ef1 \u0111\u1ed9ng h\u00f3a trong c\u00f4ng nghi\u1ec7p","publisher":{"@id":"https:\/\/omanivietnam.com\/#\/schema\/person\/0ad398a980dc3fd696111c2c5c8fa897"},"potentialAction":[{"@type":"SearchAction","target":{"@type":"EntryPoint","urlTemplate":"https:\/\/omanivietnam.com\/?s={search_term_string}"},"query-input":"required name=search_term_string"}],"inLanguage":"vi"},{"@type":["Person","Organization"],"@id":"https:\/\/omanivietnam.com\/#\/schema\/person\/0ad398a980dc3fd696111c2c5c8fa897","name":"Nguy\u1ec5n V\u0103n Kh\u00e1nh","image":{"@type":"ImageObject","inLanguage":"vi","@id":"https:\/\/omanivietnam.com\/#\/schema\/person\/image\/","url":"https:\/\/omanivietnam.com\/wp-content\/uploads\/2024\/06\/logo-1024x1024.png","contentUrl":"https:\/\/omanivietnam.com\/wp-content\/uploads\/2024\/06\/logo-1024x1024.png","width":1024,"height":1024,"caption":"Nguy\u1ec5n V\u0103n Kh\u00e1nh"},"logo":{"@id":"https:\/\/omanivietnam.com\/#\/schema\/person\/image\/"},"sameAs":["https:\/\/omanivietnam.com"]}]}},"_links":{"self":[{"href":"https:\/\/omanivietnam.com\/index.php\/wp-json\/wp\/v2\/product\/1850","targetHints":{"allow":["GET"]}}],"collection":[{"href":"https:\/\/omanivietnam.com\/index.php\/wp-json\/wp\/v2\/product"}],"about":[{"href":"https:\/\/omanivietnam.com\/index.php\/wp-json\/wp\/v2\/types\/product"}],"replies":[{"embeddable":true,"href":"https:\/\/omanivietnam.com\/index.php\/wp-json\/wp\/v2\/comments?post=1850"}],"wp:featuredmedia":[{"embeddable":true,"href":"https:\/\/omanivietnam.com\/index.php\/wp-json\/wp\/v2\/media\/1851"}],"wp:attachment":[{"href":"https:\/\/omanivietnam.com\/index.php\/wp-json\/wp\/v2\/media?parent=1850"}],"wp:term":[{"taxonomy":"product_cat","embeddable":true,"href":"https:\/\/omanivietnam.com\/index.php\/wp-json\/wp\/v2\/product_cat?post=1850"},{"taxonomy":"product_tag","embeddable":true,"href":"https:\/\/omanivietnam.com\/index.php\/wp-json\/wp\/v2\/product_tag?post=1850"}],"curies":[{"name":"wp","href":"https:\/\/api.w.org\/{rel}","templated":true}]}}