{"id":1855,"date":"2024-09-25T05:49:18","date_gmt":"2024-09-24T22:49:18","guid":{"rendered":"https:\/\/omanivietnam.com\/?post_type=product&#038;p=1855"},"modified":"2025-04-23T17:49:17","modified_gmt":"2025-04-23T10:49:17","slug":"smc-tu0425","status":"publish","type":"product","link":"https:\/\/omanivietnam.com\/index.php\/san-pham\/smc-tu0425\/","title":{"rendered":"SMC TU0425BU-100"},"content":{"rendered":"<p>SMC TU0425BU-100<\/p>\n<p class=\"m-h1\">Polyurethane Tubing TIUB\/ TU Series (TU0425BU-100)<\/p>\n<p class=\"m-h2\">Product Description<\/p>\n<p>Polyurethane Tubing TIUB\/ TU Series<br \/>\nPolyurethane Tubes are used in various industries especially in penumatic system. They offer a wide variety of sizes to choose from.<br \/>\n[Feature]<br \/>\n\u25cf Outer Diameter Minimum\/Maximum (mm.) : 3.18 to 16<br \/>\n\u25cf Inner Diameter (mm.) : 2, 2.5, 4, 5, 6.5, 8 and 10<br \/>\n\u25cf Length (m.) : 100, 200, 400 and 500<br \/>\n\u25cf Maximum operating pressure (MPa) : at 20\u00b0C = 0.8 , at 40\u00b0C = 0.65 and at 60\u00b0C = 0.5<br \/>\n\u25cf Operating Temperature Range (\u2103) : Air -20 to +60\u00b0C, Water: 0 to 40\u00b0C (No freezing)<br \/>\n\u25cf Material : Polyurethane<br \/>\n\u25cf Color : 21 colors<br \/>\n[Application]<br \/>\nThis Polyurethane Tube is used to connect with pneumatic equipments such as cylinders, fitting, directional control valve and so on.<\/p>\n<p>Configured Specifications<\/p>\n<table class=\"m-listTable\" summary=\"Price, Spec., etc.\">\n<tbody>\n<tr>\n<th>Type<\/th>\n<td>Straight<\/td>\n<th>Cutting Service Usage<\/th>\n<td>No<\/td>\n<\/tr>\n<tr>\n<th>Outer Dia. D(\u00d8)<\/th>\n<td>4<\/td>\n<th>O.D. [Distinction]<\/th>\n<td>~4<\/td>\n<\/tr>\n<tr>\n<th>Inner Dia. d(\u00d8)<\/th>\n<td>2.5<\/td>\n<th>Material<\/th>\n<td>Urethane<\/td>\n<\/tr>\n<tr>\n<th>I.D. [Distinction]<\/th>\n<td>~3<\/td>\n<th>Applicable Fluid<\/th>\n<td>Water \/ Air<\/td>\n<\/tr>\n<tr>\n<th>Operating Environment<\/th>\n<td>Standard<\/td>\n<th>Color<\/th>\n<td>[Transparent (including non-white colors)] Blue (Translucent)<\/td>\n<\/tr>\n<tr>\n<th>Number of Cables(Core)<\/th>\n<td>&#8211;<\/td>\n<th>Material, Urethane<\/th>\n<td>[Polyurethane] Polyurethane<\/td>\n<\/tr>\n<tr class=\"VN_table-row\">\n<th>Minimum Bending Radius(mm)<\/th>\n<td>10<\/td>\n<th>Bundle winding length(m)<\/th>\n<td>100<\/td>\n<\/tr>\n<tr class=\"VN_table-row\">\n<th>Reel winding length(m)<\/th>\n<td>&#8211;<\/td>\n<th>Applicable Tube Size<\/th>\n<td>Metric Size<\/td>\n<\/tr>\n<tr class=\"VN_table-row\">\n<th>Specifications<\/th>\n<td>Standard Product<\/td>\n<th>Maximum operating pressure(MPa)<\/th>\n<td>0.8 (at 20\u00b0C)<\/td>\n<\/tr>\n<tr class=\"VN_table-row\">\n<th>Operating temperature(\u00b0C)<\/th>\n<td>-20 to +60, With Water: 0 to +40 (Do Not Freeze)<\/td>\n<th>RoHS<\/th>\n<td>&#8211;<\/td>\n<\/tr>\n<\/tbody>\n<\/table>\n<p>C\u00e1c m\u00e3 h\u00e0ng t\u01b0\u01a1ng t\u1ef1:<\/p>\n<p>TU0425C-100, TU0604C-100, TU0805C-100, TU1065C-100, TU1208C-100, TU1610C-100<\/p>\n<p>TU0425B-100, TU0604B-100, TU0805B-100, TU1065B-100, TU1208B-100, TU1610B-100<\/p>\n<p>TU0425BU-100, TU0604BU-100, TU0805BU-100, TU1065BU-100, TU1208BU-100, TU1610BU-100<\/p>\n<p>\u0110\u1ea1i l\u00fd SMC vietnam, SMC viet nam, SMC vietnam distributor, Ph\u00e2n ph\u1ed1i SMC t\u1ea1i vi\u1ec7t nam<\/p>\n<p>\u0110\u1ea1i l\u00fd SMC vietnam, SMC viet nam, SMC vietnam distributor, Ph\u00e2n ph\u1ed1i SMC t\u1ea1i vi\u1ec7t nam<\/p>\n<p>\u0110\u1ea1i l\u00fd SMC vietnam, SMC viet nam, SMC vietnam distributor, Ph\u00e2n ph\u1ed1i SMC t\u1ea1i vi\u1ec7t nam<\/p>\n<p>\u0110\u1ea1i l\u00fd SMC vietnam, SMC viet nam, SMC vietnam distributor, Ph\u00e2n ph\u1ed1i SMC t\u1ea1i vi\u1ec7t nam<\/p>\n<p>\u0110\u1ea1i l\u00fd SMC vietnam, SMC viet nam, SMC vietnam distributor, Ph\u00e2n ph\u1ed1i SMC t\u1ea1i vi\u1ec7t nam<\/p>\n","protected":false},"excerpt":{"rendered":"<p>SMC TU0425BU-100 Polyurethane Tubing TIUB\/ TU Series (TU0425BU-100) Product Description Polyurethane Tubing TIUB\/ TU Series Polyurethane Tubes are used in various industries especially in penumatic system. They offer a wide variety of sizes to choose from. [Feature] \u25cf Outer Diameter Minimum\/Maximum (mm.) : 3.18 to 16 \u25cf Inner Diameter (mm.)&hellip; <\/p>\n","protected":false},"featured_media":1856,"comment_status":"open","ping_status":"closed","template":"","meta":[],"product_cat":[283],"product_tag":[93,366,92],"class_list":{"0":"post-1855","1":"product","2":"type-product","3":"status-publish","4":"has-post-thumbnail","6":"product_cat-smc","7":"product_tag-dai-ly-smc-viet-nam","8":"product_tag-ong-dan-khi","9":"product_tag-smc-viet-nam","11":"first","12":"instock","13":"shipping-taxable","14":"product-type-simple"},"yoast_head":"<!-- This site is optimized with the Yoast SEO plugin v22.8 - https:\/\/yoast.com\/wordpress\/plugins\/seo\/ -->\n<title>SMC TU0425BU-100 - OMANI VI\u1ec6T NAM<\/title>\n<meta name=\"description\" content=\"SMC TU0425BU-100 | Polyurethane Tubing\" \/>\n<meta name=\"robots\" content=\"index, follow, max-snippet:-1, max-image-preview:large, max-video-preview:-1\" \/>\n<link rel=\"canonical\" href=\"https:\/\/omanivietnam.com\/index.php\/san-pham\/smc-tu0425\/\" \/>\n<meta property=\"og:locale\" content=\"vi_VN\" \/>\n<meta property=\"og:type\" content=\"article\" \/>\n<meta property=\"og:title\" content=\"SMC TU0425BU-100 - OMANI VI\u1ec6T NAM\" \/>\n<meta property=\"og:description\" content=\"SMC TU0425BU-100 | Polyurethane Tubing\" \/>\n<meta property=\"og:url\" content=\"https:\/\/omanivietnam.com\/index.php\/san-pham\/smc-tu0425\/\" \/>\n<meta property=\"og:site_name\" content=\"OMANI VI\u1ec6T NAM\" \/>\n<meta property=\"article:modified_time\" content=\"2025-04-23T10:49:17+00:00\" \/>\n<meta property=\"og:image\" content=\"https:\/\/omanivietnam.com\/wp-content\/uploads\/2024\/09\/TU0425.png\" \/>\n\t<meta property=\"og:image:width\" content=\"616\" \/>\n\t<meta property=\"og:image:height\" content=\"450\" \/>\n\t<meta property=\"og:image:type\" content=\"image\/png\" \/>\n<meta name=\"twitter:card\" content=\"summary_large_image\" \/>\n<meta name=\"twitter:label1\" content=\"\u01af\u1edbc t\u00ednh th\u1eddi gian \u0111\u1ecdc\" \/>\n\t<meta name=\"twitter:data1\" content=\"2 ph\u00fat\" \/>\n<script type=\"application\/ld+json\" class=\"yoast-schema-graph\">{\"@context\":\"https:\/\/schema.org\",\"@graph\":[{\"@type\":\"WebPage\",\"@id\":\"https:\/\/omanivietnam.com\/index.php\/san-pham\/smc-tu0425\/\",\"url\":\"https:\/\/omanivietnam.com\/index.php\/san-pham\/smc-tu0425\/\",\"name\":\"SMC TU0425BU-100 - OMANI VI\u1ec6T NAM\",\"isPartOf\":{\"@id\":\"https:\/\/omanivietnam.com\/#website\"},\"primaryImageOfPage\":{\"@id\":\"https:\/\/omanivietnam.com\/index.php\/san-pham\/smc-tu0425\/#primaryimage\"},\"image\":{\"@id\":\"https:\/\/omanivietnam.com\/index.php\/san-pham\/smc-tu0425\/#primaryimage\"},\"thumbnailUrl\":\"https:\/\/omanivietnam.com\/wp-content\/uploads\/2024\/09\/TU0425.png\",\"datePublished\":\"2024-09-24T22:49:18+00:00\",\"dateModified\":\"2025-04-23T10:49:17+00:00\",\"description\":\"SMC TU0425BU-100 | Polyurethane Tubing\",\"breadcrumb\":{\"@id\":\"https:\/\/omanivietnam.com\/index.php\/san-pham\/smc-tu0425\/#breadcrumb\"},\"inLanguage\":\"vi\",\"potentialAction\":[{\"@type\":\"ReadAction\",\"target\":[\"https:\/\/omanivietnam.com\/index.php\/san-pham\/smc-tu0425\/\"]}]},{\"@type\":\"ImageObject\",\"inLanguage\":\"vi\",\"@id\":\"https:\/\/omanivietnam.com\/index.php\/san-pham\/smc-tu0425\/#primaryimage\",\"url\":\"https:\/\/omanivietnam.com\/wp-content\/uploads\/2024\/09\/TU0425.png\",\"contentUrl\":\"https:\/\/omanivietnam.com\/wp-content\/uploads\/2024\/09\/TU0425.png\",\"width\":616,\"height\":450},{\"@type\":\"BreadcrumbList\",\"@id\":\"https:\/\/omanivietnam.com\/index.php\/san-pham\/smc-tu0425\/#breadcrumb\",\"itemListElement\":[{\"@type\":\"ListItem\",\"position\":1,\"name\":\"Home\",\"item\":\"https:\/\/omanivietnam.com\/\"},{\"@type\":\"ListItem\",\"position\":2,\"name\":\"S\u1ea2N PH\u1ea8M\",\"item\":\"https:\/\/omanivietnam.com\/index.php\/cua-hang\/\"},{\"@type\":\"ListItem\",\"position\":3,\"name\":\"SMC TU0425BU-100\"}]},{\"@type\":\"WebSite\",\"@id\":\"https:\/\/omanivietnam.com\/#website\",\"url\":\"https:\/\/omanivietnam.com\/\",\"name\":\"OMANI VI\u1ec6T NAM\",\"description\":\"Nh\u00e0 ph\u00e2n ph\u1ed1i thi\u1ebft b\u1ecb kh\u00ed n\u00e9n v\u00e0 thi\u1ebft b\u1ecb t\u1ef1 \u0111\u1ed9ng h\u00f3a trong c\u00f4ng nghi\u1ec7p\",\"publisher\":{\"@id\":\"https:\/\/omanivietnam.com\/#\/schema\/person\/0ad398a980dc3fd696111c2c5c8fa897\"},\"potentialAction\":[{\"@type\":\"SearchAction\",\"target\":{\"@type\":\"EntryPoint\",\"urlTemplate\":\"https:\/\/omanivietnam.com\/?s={search_term_string}\"},\"query-input\":\"required name=search_term_string\"}],\"inLanguage\":\"vi\"},{\"@type\":[\"Person\",\"Organization\"],\"@id\":\"https:\/\/omanivietnam.com\/#\/schema\/person\/0ad398a980dc3fd696111c2c5c8fa897\",\"name\":\"Nguy\u1ec5n V\u0103n Kh\u00e1nh\",\"image\":{\"@type\":\"ImageObject\",\"inLanguage\":\"vi\",\"@id\":\"https:\/\/omanivietnam.com\/#\/schema\/person\/image\/\",\"url\":\"https:\/\/omanivietnam.com\/wp-content\/uploads\/2024\/06\/logo-1024x1024.png\",\"contentUrl\":\"https:\/\/omanivietnam.com\/wp-content\/uploads\/2024\/06\/logo-1024x1024.png\",\"width\":1024,\"height\":1024,\"caption\":\"Nguy\u1ec5n V\u0103n Kh\u00e1nh\"},\"logo\":{\"@id\":\"https:\/\/omanivietnam.com\/#\/schema\/person\/image\/\"},\"sameAs\":[\"https:\/\/omanivietnam.com\"]}]}<\/script>\n<!-- \/ Yoast SEO plugin. -->","yoast_head_json":{"title":"SMC TU0425BU-100 - OMANI VI\u1ec6T NAM","description":"SMC TU0425BU-100 | Polyurethane Tubing","robots":{"index":"index","follow":"follow","max-snippet":"max-snippet:-1","max-image-preview":"max-image-preview:large","max-video-preview":"max-video-preview:-1"},"canonical":"https:\/\/omanivietnam.com\/index.php\/san-pham\/smc-tu0425\/","og_locale":"vi_VN","og_type":"article","og_title":"SMC TU0425BU-100 - OMANI VI\u1ec6T NAM","og_description":"SMC TU0425BU-100 | Polyurethane Tubing","og_url":"https:\/\/omanivietnam.com\/index.php\/san-pham\/smc-tu0425\/","og_site_name":"OMANI VI\u1ec6T NAM","article_modified_time":"2025-04-23T10:49:17+00:00","og_image":[{"width":616,"height":450,"url":"https:\/\/omanivietnam.com\/wp-content\/uploads\/2024\/09\/TU0425.png","type":"image\/png"}],"twitter_card":"summary_large_image","twitter_misc":{"\u01af\u1edbc t\u00ednh th\u1eddi gian \u0111\u1ecdc":"2 ph\u00fat"},"schema":{"@context":"https:\/\/schema.org","@graph":[{"@type":"WebPage","@id":"https:\/\/omanivietnam.com\/index.php\/san-pham\/smc-tu0425\/","url":"https:\/\/omanivietnam.com\/index.php\/san-pham\/smc-tu0425\/","name":"SMC TU0425BU-100 - OMANI VI\u1ec6T NAM","isPartOf":{"@id":"https:\/\/omanivietnam.com\/#website"},"primaryImageOfPage":{"@id":"https:\/\/omanivietnam.com\/index.php\/san-pham\/smc-tu0425\/#primaryimage"},"image":{"@id":"https:\/\/omanivietnam.com\/index.php\/san-pham\/smc-tu0425\/#primaryimage"},"thumbnailUrl":"https:\/\/omanivietnam.com\/wp-content\/uploads\/2024\/09\/TU0425.png","datePublished":"2024-09-24T22:49:18+00:00","dateModified":"2025-04-23T10:49:17+00:00","description":"SMC TU0425BU-100 | Polyurethane Tubing","breadcrumb":{"@id":"https:\/\/omanivietnam.com\/index.php\/san-pham\/smc-tu0425\/#breadcrumb"},"inLanguage":"vi","potentialAction":[{"@type":"ReadAction","target":["https:\/\/omanivietnam.com\/index.php\/san-pham\/smc-tu0425\/"]}]},{"@type":"ImageObject","inLanguage":"vi","@id":"https:\/\/omanivietnam.com\/index.php\/san-pham\/smc-tu0425\/#primaryimage","url":"https:\/\/omanivietnam.com\/wp-content\/uploads\/2024\/09\/TU0425.png","contentUrl":"https:\/\/omanivietnam.com\/wp-content\/uploads\/2024\/09\/TU0425.png","width":616,"height":450},{"@type":"BreadcrumbList","@id":"https:\/\/omanivietnam.com\/index.php\/san-pham\/smc-tu0425\/#breadcrumb","itemListElement":[{"@type":"ListItem","position":1,"name":"Home","item":"https:\/\/omanivietnam.com\/"},{"@type":"ListItem","position":2,"name":"S\u1ea2N PH\u1ea8M","item":"https:\/\/omanivietnam.com\/index.php\/cua-hang\/"},{"@type":"ListItem","position":3,"name":"SMC TU0425BU-100"}]},{"@type":"WebSite","@id":"https:\/\/omanivietnam.com\/#website","url":"https:\/\/omanivietnam.com\/","name":"OMANI VI\u1ec6T NAM","description":"Nh\u00e0 ph\u00e2n ph\u1ed1i thi\u1ebft b\u1ecb kh\u00ed n\u00e9n v\u00e0 thi\u1ebft b\u1ecb t\u1ef1 \u0111\u1ed9ng h\u00f3a trong c\u00f4ng nghi\u1ec7p","publisher":{"@id":"https:\/\/omanivietnam.com\/#\/schema\/person\/0ad398a980dc3fd696111c2c5c8fa897"},"potentialAction":[{"@type":"SearchAction","target":{"@type":"EntryPoint","urlTemplate":"https:\/\/omanivietnam.com\/?s={search_term_string}"},"query-input":"required name=search_term_string"}],"inLanguage":"vi"},{"@type":["Person","Organization"],"@id":"https:\/\/omanivietnam.com\/#\/schema\/person\/0ad398a980dc3fd696111c2c5c8fa897","name":"Nguy\u1ec5n V\u0103n Kh\u00e1nh","image":{"@type":"ImageObject","inLanguage":"vi","@id":"https:\/\/omanivietnam.com\/#\/schema\/person\/image\/","url":"https:\/\/omanivietnam.com\/wp-content\/uploads\/2024\/06\/logo-1024x1024.png","contentUrl":"https:\/\/omanivietnam.com\/wp-content\/uploads\/2024\/06\/logo-1024x1024.png","width":1024,"height":1024,"caption":"Nguy\u1ec5n V\u0103n Kh\u00e1nh"},"logo":{"@id":"https:\/\/omanivietnam.com\/#\/schema\/person\/image\/"},"sameAs":["https:\/\/omanivietnam.com"]}]}},"_links":{"self":[{"href":"https:\/\/omanivietnam.com\/index.php\/wp-json\/wp\/v2\/product\/1855","targetHints":{"allow":["GET"]}}],"collection":[{"href":"https:\/\/omanivietnam.com\/index.php\/wp-json\/wp\/v2\/product"}],"about":[{"href":"https:\/\/omanivietnam.com\/index.php\/wp-json\/wp\/v2\/types\/product"}],"replies":[{"embeddable":true,"href":"https:\/\/omanivietnam.com\/index.php\/wp-json\/wp\/v2\/comments?post=1855"}],"wp:featuredmedia":[{"embeddable":true,"href":"https:\/\/omanivietnam.com\/index.php\/wp-json\/wp\/v2\/media\/1856"}],"wp:attachment":[{"href":"https:\/\/omanivietnam.com\/index.php\/wp-json\/wp\/v2\/media?parent=1855"}],"wp:term":[{"taxonomy":"product_cat","embeddable":true,"href":"https:\/\/omanivietnam.com\/index.php\/wp-json\/wp\/v2\/product_cat?post=1855"},{"taxonomy":"product_tag","embeddable":true,"href":"https:\/\/omanivietnam.com\/index.php\/wp-json\/wp\/v2\/product_tag?post=1855"}],"curies":[{"name":"wp","href":"https:\/\/api.w.org\/{rel}","templated":true}]}}