{"id":1885,"date":"2024-09-27T11:28:15","date_gmt":"2024-09-27T04:28:15","guid":{"rendered":"https:\/\/omanivietnam.com\/?post_type=product&#038;p=1885"},"modified":"2024-09-27T11:29:05","modified_gmt":"2024-09-27T04:29:05","slug":"wenglor-zd600pct3","status":"publish","type":"product","link":"https:\/\/omanivietnam.com\/index.php\/san-pham\/wenglor-zd600pct3\/","title":{"rendered":"WENGLOR ZD600PCT3"},"content":{"rendered":"<p>WENGLOR ZD600PCT3<\/p>\n<div class=\"visible-lg\">\n<p class=\"benefits-feature-title\">Features at a Glance<\/p>\n<\/div>\n<ul>\n<li>Smallest recognizable part: 0,05 mm<\/li>\n<li>Range: 60 m<\/li>\n<li>Teach-in, external teach-in<\/li>\n<\/ul>\n<p>These through-beam sensors are best suited for use in industrial environments. Thanks to their large\u00a0<span id=\"lexItem0\" class=\"ws-parse-lexicon\" data-parse-type=\"lexicon\" data-href=\"\/en\/Working-Range\/l\/cxmCID89475\" data-target=\"_blank\">working range<\/span>, the devices demonstrate excellent functional reliability in highly contaminated environments. The sensors can be checked for correct functioning via the\u00a0<span id=\"lexItem1\" class=\"ws-parse-lexicon\" data-parse-type=\"lexicon\" data-href=\"\/en\/Test-Input\/l\/cxmCID73324\" data-target=\"_blank\">test input<\/span>.<\/p>\n<div class=\"product-classifications\">\n<table class=\"product-classification--accordion classification-style--cxmAID17417 ui-accordion ui-widget ui-helper-reset\" role=\"tablist\">\n<thead id=\"ui-id-2\" class=\"product-classification--accordion-head ui-accordion-header ui-corner-top ui-state-default ui-accordion-header-active ui-state-active ui-state-focus\" role=\"tab\" aria-controls=\"ui-id-3\" aria-expanded=\"true\">\n<tr>\n<th colspan=\"100%\">\n<h3>Optical Data<\/h3>\n<\/th>\n<\/tr>\n<\/thead>\n<tbody id=\"ui-id-3\" class=\"product-classification--accordion-body ui-accordion-content ui-corner-bottom ui-helper-reset ui-widget-content ui-accordion-content-active\" role=\"tabpanel\" aria-labelledby=\"ui-id-2\" aria-hidden=\"false\">\n<tr>\n<td class=\"attrib\"><span id=\"lexItem2\" class=\"ws-parse-lexicon\" data-parse-type=\"lexicon\" data-href=\"\/en\/Range\/l\/cxmCID89481\" data-target=\"_blank\">Range<\/span><\/td>\n<td>60,000\u00a0mm<\/td>\n<\/tr>\n<tr>\n<td class=\"attrib\"><span id=\"lexItem3\" class=\"ws-parse-lexicon\" data-parse-type=\"lexicon\" data-href=\"\/en\/Smallest-Recognizable-Part\/l\/cxmCID73096\" data-target=\"_blank\">Smallest Recognizable Part<\/span><\/td>\n<td>50\u00a0\u00b5m<\/td>\n<\/tr>\n<tr>\n<td class=\"attrib\"><span id=\"lexItem4\" class=\"ws-parse-lexicon\" data-parse-type=\"lexicon\" data-href=\"\/en\/Switching-Hysteresis\/l\/cxmCID73259\" data-target=\"_blank\">Switching Hysteresis<\/span><\/td>\n<td>\u00a0&lt;\u00a015\u00a0%<\/td>\n<\/tr>\n<tr>\n<td class=\"attrib\">Light Source<\/td>\n<td>Laser (red)<\/td>\n<\/tr>\n<tr>\n<td class=\"attrib\"><span id=\"lexItem5\" class=\"ws-parse-lexicon\" data-parse-type=\"lexicon\" data-href=\"\/en\/Service-Life\/l\/cxmCID73110\" data-target=\"_blank\">Service Life<\/span>\u00a0(T = +25 \u00b0C)<\/td>\n<td>100,000\u00a0h<\/td>\n<\/tr>\n<tr>\n<td class=\"attrib\"><span id=\"lexItem6\" class=\"ws-parse-lexicon\" data-parse-type=\"lexicon\" data-href=\"\/en\/Laser-Class\/l\/cxmCID192586\" data-target=\"_blank\">Laser Class<\/span>\u00a0(EN 60825-1)<\/td>\n<td>2<\/td>\n<\/tr>\n<tr>\n<td class=\"attrib\">Max.\u00a0<span id=\"lexItem7\" class=\"ws-parse-lexicon\" data-parse-type=\"lexicon\" data-href=\"\/en\/Ambient-Light\/l\/cxmCID73047\" data-target=\"_blank\">Ambient Light<\/span><\/td>\n<td>10,000\u00a0Lux<\/td>\n<\/tr>\n<tr>\n<td class=\"attrib\">Opening Angle<\/td>\n<td>12\u00a0\u00b0<\/td>\n<\/tr>\n<\/tbody>\n<\/table>\n<\/div>\n<div class=\"product-classifications\"><\/div>\n<div class=\"product-classifications\">\n<table class=\"product-classification--accordion classification-style--cxmAID17430 ui-accordion ui-widget ui-helper-reset\" role=\"tablist\">\n<thead id=\"ui-id-4\" class=\"product-classification--accordion-head ui-accordion-header ui-corner-top ui-state-default ui-accordion-header-active ui-state-active\" role=\"tab\" aria-controls=\"ui-id-5\" aria-expanded=\"true\">\n<tr>\n<th colspan=\"100%\">\n<h3>Electrical Data<\/h3>\n<\/th>\n<\/tr>\n<\/thead>\n<tbody id=\"ui-id-5\" class=\"product-classification--accordion-body ui-accordion-content ui-corner-bottom ui-helper-reset ui-widget-content ui-accordion-content-active\" role=\"tabpanel\" aria-labelledby=\"ui-id-4\" aria-hidden=\"false\">\n<tr>\n<td class=\"attrib\">Sensor Type<\/td>\n<td>Receiver<\/td>\n<\/tr>\n<tr>\n<td class=\"attrib\"><span id=\"lexItem8\" class=\"ws-parse-lexicon\" data-parse-type=\"lexicon\" data-href=\"\/en\/Supply-Voltage\/l\/cxmCID73346\" data-target=\"_blank\">Supply Voltage<\/span><\/td>\n<td>10\u00a0&#8230;\u00a030\u00a0V DC<\/td>\n<\/tr>\n<tr>\n<td class=\"attrib\"><span id=\"lexItem9\" class=\"ws-parse-lexicon\" data-parse-type=\"lexicon\" data-href=\"\/en\/Current-Consumption\/l\/cxmCID73279\" data-target=\"_blank\">Current Consumption<\/span>\u00a0(Ub = 24 V)<\/td>\n<td>&lt;\u00a015\u00a0mA<\/td>\n<\/tr>\n<tr>\n<td class=\"attrib\"><span id=\"lexItem10\" class=\"ws-parse-lexicon\" data-parse-type=\"lexicon\" data-href=\"\/en\/Switching-Frequency\/l\/cxmCID73261\" data-target=\"_blank\">Switching Frequency<\/span><\/td>\n<td>5\u00a0kHz<\/td>\n<\/tr>\n<tr>\n<td class=\"attrib\"><span id=\"lexItem11\" class=\"ws-parse-lexicon\" data-parse-type=\"lexicon\" data-href=\"\/en\/Response-Time\/l\/cxmCID73252\" data-target=\"_blank\">Response Time<\/span><\/td>\n<td>100\u00a0\u00b5s<\/td>\n<\/tr>\n<tr>\n<td class=\"attrib\">On-\/<span id=\"lexItem12\" class=\"ws-parse-lexicon\" data-parse-type=\"lexicon\" data-href=\"\/en\/Off-Delay\/l\/cxmCID72920\" data-target=\"_blank\">Off-Delay<\/span>\u00a0(<span id=\"lexItem13\" class=\"ws-parse-lexicon\" data-parse-type=\"lexicon\" data-href=\"\/en\/RS-232\/l\/cxmCID73239\" data-target=\"_blank\">RS-232<\/span>)<\/td>\n<td>0\u00a0&#8230;\u00a05\u00a0s<\/td>\n<\/tr>\n<tr>\n<td class=\"attrib\"><span id=\"lexItem14\" class=\"ws-parse-lexicon\" data-parse-type=\"lexicon\" data-href=\"\/en\/Temperature-Drift\/l\/cxmCID73317\" data-target=\"_blank\">Temperature Drift<\/span><\/td>\n<td>&lt;\u00a010\u00a0%<\/td>\n<\/tr>\n<tr>\n<td class=\"attrib\"><span id=\"lexItem15\" class=\"ws-parse-lexicon\" data-parse-type=\"lexicon\" data-href=\"\/en\/Temperature-Range\/l\/cxmCID73316\" data-target=\"_blank\">Temperature Range<\/span><\/td>\n<td>-25\u00a0&#8230;\u00a060\u00a0\u00b0C<\/td>\n<\/tr>\n<tr>\n<td class=\"attrib\"><span id=\"lexItem16\" class=\"ws-parse-lexicon\" data-parse-type=\"lexicon\" data-href=\"\/en\/Switching-Output\/l\/cxmCID166487\" data-target=\"_blank\">Switching Output<\/span>\u00a0<span id=\"lexItem17\" class=\"ws-parse-lexicon\" data-parse-type=\"lexicon\" data-href=\"\/en\/Voltage-Drop\/l\/cxmCID73272\" data-target=\"_blank\">Voltage Drop<\/span><\/td>\n<td>&lt;\u00a02.5\u00a0V<\/td>\n<\/tr>\n<tr>\n<td class=\"attrib\"><span id=\"lexItem18\" class=\"ws-parse-lexicon\" data-parse-type=\"lexicon\" data-href=\"\/en\/Switching-Output\/l\/cxmCID166487\" data-target=\"_blank\">Switching Output<\/span>\/<span id=\"lexItem19\" class=\"ws-parse-lexicon\" data-parse-type=\"lexicon\" data-href=\"\/en\/Switching-Current\/l\/cxmCID192585\" data-target=\"_blank\">Switching Current<\/span><\/td>\n<td>200\u00a0mA<\/td>\n<\/tr>\n<tr>\n<td class=\"attrib\">Short Circuit Protection<\/td>\n<td>yes<\/td>\n<\/tr>\n<tr>\n<td class=\"attrib\">Reverse Polarity Protection<\/td>\n<td>yes<\/td>\n<\/tr>\n<tr>\n<td class=\"attrib\">Overload Protection<\/td>\n<td>yes<\/td>\n<\/tr>\n<tr>\n<td class=\"attrib\">Teach Mode<\/td>\n<td>NT, MT<\/td>\n<\/tr>\n<tr>\n<td class=\"attrib\"><span id=\"lexItem20\" class=\"ws-parse-lexicon\" data-parse-type=\"lexicon\" data-href=\"\/en\/Protection-Class\/l\/cxmCID98831\" data-target=\"_blank\">Protection Class<\/span><\/td>\n<td>III<\/td>\n<\/tr>\n<\/tbody>\n<\/table>\n<\/div>\n<div class=\"product-classifications\">\n<table class=\"product-classification--accordion classification-style--cxmAID17408 ui-accordion ui-widget ui-helper-reset\" role=\"tablist\">\n<thead id=\"ui-id-6\" class=\"product-classification--accordion-head ui-accordion-header ui-corner-top ui-state-default ui-accordion-header-active ui-state-active\" role=\"tab\" aria-controls=\"ui-id-7\" aria-expanded=\"true\">\n<tr>\n<th colspan=\"100%\">\n<h3>Mechanical Data<\/h3>\n<\/th>\n<\/tr>\n<\/thead>\n<tbody id=\"ui-id-7\" class=\"product-classification--accordion-body ui-accordion-content ui-corner-bottom ui-helper-reset ui-widget-content ui-accordion-content-active\" role=\"tabpanel\" aria-labelledby=\"ui-id-6\" aria-hidden=\"false\">\n<tr>\n<td class=\"attrib\"><span id=\"lexItem21\" class=\"ws-parse-lexicon\" data-parse-type=\"lexicon\" data-href=\"\/en\/Setting-Method\/l\/cxmCID166447\" data-target=\"_blank\">Setting Method<\/span><\/td>\n<td>Teach-In<\/td>\n<\/tr>\n<tr>\n<td class=\"attrib\"><span id=\"lexItem22\" class=\"ws-parse-lexicon\" data-parse-type=\"lexicon\" data-href=\"\/en\/Housing-material\/l\/cxmCID73069\" data-target=\"_blank\">Housing Material<\/span><\/td>\n<td>Stainless steel, V2A (1.4305 \/ 303)<\/td>\n<\/tr>\n<tr>\n<td class=\"attrib\"><span id=\"lexItem23\" class=\"ws-parse-lexicon\" data-parse-type=\"lexicon\" data-href=\"\/en\/Full-Encapsulation\/l\/cxmCID73347\" data-target=\"_blank\">Full Encapsulation<\/span><\/td>\n<td>yes<\/td>\n<\/tr>\n<tr>\n<td class=\"attrib\"><span id=\"lexItem24\" class=\"ws-parse-lexicon\" data-parse-type=\"lexicon\" data-href=\"\/en\/Degree-of-Protection\/l\/cxmCID73269\" data-target=\"_blank\">Degree of Protection<\/span><\/td>\n<td>IP67<\/td>\n<\/tr>\n<tr>\n<td class=\"attrib\">Connection<\/td>\n<td>M12 \u00d7 1; 4-pin<\/td>\n<\/tr>\n<tr>\n<td class=\"attrib\">Weight<\/td>\n<td>39\u00a0g<\/td>\n<\/tr>\n<\/tbody>\n<\/table>\n<\/div>\n<div class=\"product-classifications\">\n<table class=\"product-classification--accordion classification-style--cxmAID18023 ui-accordion ui-widget ui-helper-reset\" role=\"tablist\">\n<thead id=\"ui-id-8\" class=\"product-classification--accordion-head ui-accordion-header ui-corner-top ui-state-default ui-accordion-header-active ui-state-active\" role=\"tab\" aria-controls=\"ui-id-9\" aria-expanded=\"true\">\n<tr>\n<th colspan=\"100%\">\n<h3>Safety-relevant Data<\/h3>\n<\/th>\n<\/tr>\n<\/thead>\n<tbody id=\"ui-id-9\" class=\"product-classification--accordion-body ui-accordion-content ui-corner-bottom ui-helper-reset ui-widget-content ui-accordion-content-active\" role=\"tabpanel\" aria-labelledby=\"ui-id-8\" aria-hidden=\"false\">\n<tr>\n<td class=\"attrib\"><span id=\"lexItem25\" class=\"ws-parse-lexicon\" data-parse-type=\"lexicon\" data-href=\"\/en\/MTTFd\/l\/cxmCID123763\" data-target=\"_blank\">MTTFd<\/span>\u00a0(EN ISO 13849-1)<\/td>\n<td>2,612.16\u00a0a<\/td>\n<\/tr>\n<\/tbody>\n<\/table>\n<\/div>\n<div class=\"product-classifications\"><\/div>\n<div class=\"product-classifications\"><\/div>\n<div class=\"product-classifications\"><\/div>\n<div class=\"product-classifications\">\n<table class=\"product-classification--accordion classification-style--cxmAID17646 ui-accordion ui-widget ui-helper-reset\" role=\"tablist\">\n<thead id=\"ui-id-10\" class=\"product-classification--accordion-head ui-accordion-header ui-corner-top ui-state-default ui-accordion-header-active ui-state-active\" role=\"tab\" aria-controls=\"ui-id-11\" aria-expanded=\"true\">\n<tr>\n<th colspan=\"100%\">\n<h3>Output<\/h3>\n<\/th>\n<\/tr>\n<\/thead>\n<tbody id=\"ui-id-11\" class=\"product-classification--accordion-body ui-accordion-content ui-corner-bottom ui-helper-reset ui-widget-content ui-accordion-content-active\" role=\"tabpanel\" aria-labelledby=\"ui-id-10\" aria-hidden=\"false\">\n<tr>\n<td class=\"attrib\"><span id=\"lexItem26\" class=\"ws-parse-lexicon\" data-parse-type=\"lexicon\" data-href=\"\/en\/PNP-NC\/l\/cxmCID166476\" data-target=\"_blank\">PNP NC<\/span><\/td>\n<td>yes<\/td>\n<\/tr>\n<tr>\n<td class=\"attrib\"><span id=\"lexItem27\" class=\"ws-parse-lexicon\" data-parse-type=\"lexicon\" data-href=\"\/en\/RS-232\/l\/cxmCID73239\" data-target=\"_blank\">RS-232<\/span>\u00a0with Adapterbox<\/td>\n<td>yes<\/td>\n<\/tr>\n<\/tbody>\n<\/table>\n<\/div>\n<div class=\"product-classifications\">\n<table class=\"product-classification--accordion classification-style--cxmAID18726 ui-accordion ui-widget ui-helper-reset\" role=\"tablist\">\n<thead id=\"ui-id-12\" class=\"product-classification--accordion-head ui-accordion-header ui-corner-top ui-state-default ui-accordion-header-active ui-state-active\" role=\"tab\" aria-controls=\"ui-id-13\" aria-expanded=\"true\">\n<tr>\n<th colspan=\"100%\">\n<h3>Adjustable parameters<\/h3>\n<\/th>\n<\/tr>\n<\/thead>\n<tbody id=\"ui-id-13\" class=\"product-classification--accordion-body ui-accordion-content ui-corner-bottom ui-helper-reset ui-widget-content ui-accordion-content-active\" role=\"tabpanel\" aria-labelledby=\"ui-id-12\" aria-hidden=\"false\">\n<tr>\n<td class=\"attrib\">Circuit<\/td>\n<td>NC<br \/>\nNC\/NO<br \/>\nNO<\/td>\n<\/tr>\n<\/tbody>\n<\/table>\n<table class=\"product-classification--accordion classification-style--cxmAID17418 ui-accordion ui-widget ui-helper-reset\" role=\"tablist\">\n<thead id=\"ui-id-24\" class=\"product-classification--accordion-head ui-accordion-header ui-corner-top ui-state-default ui-accordion-header-active ui-state-active ui-state-focus\" role=\"tab\" aria-controls=\"ui-id-25\" aria-expanded=\"true\">\n<tr>\n<th colspan=\"100%\">\n<h3>Complementary Products<\/h3>\n<\/th>\n<\/tr>\n<\/thead>\n<tbody id=\"ui-id-25\" class=\"product-classification--accordion-body ui-accordion-content ui-corner-bottom ui-helper-reset ui-widget-content ui-accordion-content-active\" role=\"tabpanel\" aria-labelledby=\"ui-id-24\" aria-hidden=\"false\">\n<tr>\n<td class=\"feature-style--cxmaid16996\">\n<ul>\n<li>Adapterbox A232<\/li>\n<li>Lens LA7<\/li>\n<li>Dust Extraction Tube STAUBTUBUS-01<\/li>\n<li>PNP-NPN Converter BG2V1P-N-2M<\/li>\n<li>Software<\/li>\n<\/ul>\n<\/td>\n<\/tr>\n<\/tbody>\n<\/table>\n<\/div>\n<p>\u0110\u1ea1i l\u00fd WENGLOR vietnam, WENGLOR viet nam, WENGLOR vietnam distributor, Ph\u00e2n ph\u1ed1i WENGLOR t\u1ea1i vi\u1ec7t nam<\/p>\n<p>\u0110\u1ea1i l\u00fd WENGLOR vietnam, WENGLOR viet nam, WENGLOR vietnam distributor, Ph\u00e2n ph\u1ed1i WENGLOR t\u1ea1i vi\u1ec7t nam<\/p>\n<p>\u0110\u1ea1i l\u00fd WENGLOR vietnam, WENGLOR viet nam, WENGLOR vietnam distributor, Ph\u00e2n ph\u1ed1i WENGLOR t\u1ea1i vi\u1ec7t nam<\/p>\n<p>\u0110\u1ea1i l\u00fd WENGLOR vietnam, WENGLOR viet nam, WENGLOR vietnam distributor, Ph\u00e2n ph\u1ed1i WENGLOR t\u1ea1i vi\u1ec7t nam<\/p>\n<p>\u0110\u1ea1i l\u00fd WENGLOR vietnam, WENGLOR viet nam, WENGLOR vietnam distributor, Ph\u00e2n ph\u1ed1i WENGLOR t\u1ea1i vi\u1ec7t nam<\/p>\n","protected":false},"excerpt":{"rendered":"<p>WENGLOR ZD600PCT3 Features at a Glance Smallest recognizable part: 0,05 mm Range: 60 m Teach-in, external teach-in These through-beam sensors are best suited for use in industrial environments. Thanks to their large\u00a0working range, the devices demonstrate excellent functional reliability in highly contaminated environments. The sensors can be checked for correct&hellip; <\/p>\n","protected":false},"featured_media":1886,"comment_status":"open","ping_status":"closed","template":"","meta":[],"product_cat":[476],"product_tag":[88,478,477],"class_list":{"0":"post-1885","1":"product","2":"type-product","3":"status-publish","4":"has-post-thumbnail","6":"product_cat-wenglor","7":"product_tag-cam-bien","8":"product_tag-dai-ly-wenglor-viet-nam","9":"product_tag-wenglor-viet-nam","11":"first","12":"instock","13":"shipping-taxable","14":"product-type-simple"},"yoast_head":"<!-- This site is optimized with the Yoast SEO plugin v22.8 - https:\/\/yoast.com\/wordpress\/plugins\/seo\/ -->\n<title>WENGLOR ZD600PCT3 - OMANI VI\u1ec6T NAM<\/title>\n<meta name=\"robots\" content=\"index, follow, max-snippet:-1, max-image-preview:large, max-video-preview:-1\" \/>\n<link rel=\"canonical\" href=\"https:\/\/omanivietnam.com\/index.php\/san-pham\/wenglor-zd600pct3\/\" \/>\n<meta property=\"og:locale\" content=\"vi_VN\" \/>\n<meta property=\"og:type\" content=\"article\" \/>\n<meta property=\"og:title\" content=\"WENGLOR ZD600PCT3 - OMANI VI\u1ec6T NAM\" \/>\n<meta property=\"og:description\" content=\"WENGLOR ZD600PCT3 Features at a Glance Smallest recognizable part: 0,05 mm Range: 60 m Teach-in, external teach-in These through-beam sensors are best suited for use in industrial environments. Thanks to their large\u00a0working range, the devices demonstrate excellent functional reliability in highly contaminated environments. The sensors can be checked for correct&hellip;\" \/>\n<meta property=\"og:url\" content=\"https:\/\/omanivietnam.com\/index.php\/san-pham\/wenglor-zd600pct3\/\" \/>\n<meta property=\"og:site_name\" content=\"OMANI VI\u1ec6T NAM\" \/>\n<meta property=\"article:modified_time\" content=\"2024-09-27T04:29:05+00:00\" \/>\n<meta property=\"og:image\" content=\"https:\/\/omanivietnam.com\/wp-content\/uploads\/2024\/09\/ZD600PCT3.png\" \/>\n\t<meta property=\"og:image:width\" content=\"564\" \/>\n\t<meta property=\"og:image:height\" content=\"467\" \/>\n\t<meta property=\"og:image:type\" content=\"image\/png\" \/>\n<meta name=\"twitter:card\" content=\"summary_large_image\" \/>\n<meta name=\"twitter:label1\" content=\"\u01af\u1edbc t\u00ednh th\u1eddi gian \u0111\u1ecdc\" \/>\n\t<meta name=\"twitter:data1\" content=\"2 ph\u00fat\" \/>\n<script type=\"application\/ld+json\" class=\"yoast-schema-graph\">{\"@context\":\"https:\/\/schema.org\",\"@graph\":[{\"@type\":\"WebPage\",\"@id\":\"https:\/\/omanivietnam.com\/index.php\/san-pham\/wenglor-zd600pct3\/\",\"url\":\"https:\/\/omanivietnam.com\/index.php\/san-pham\/wenglor-zd600pct3\/\",\"name\":\"WENGLOR ZD600PCT3 - OMANI VI\u1ec6T NAM\",\"isPartOf\":{\"@id\":\"https:\/\/omanivietnam.com\/#website\"},\"primaryImageOfPage\":{\"@id\":\"https:\/\/omanivietnam.com\/index.php\/san-pham\/wenglor-zd600pct3\/#primaryimage\"},\"image\":{\"@id\":\"https:\/\/omanivietnam.com\/index.php\/san-pham\/wenglor-zd600pct3\/#primaryimage\"},\"thumbnailUrl\":\"https:\/\/omanivietnam.com\/wp-content\/uploads\/2024\/09\/ZD600PCT3.png\",\"datePublished\":\"2024-09-27T04:28:15+00:00\",\"dateModified\":\"2024-09-27T04:29:05+00:00\",\"breadcrumb\":{\"@id\":\"https:\/\/omanivietnam.com\/index.php\/san-pham\/wenglor-zd600pct3\/#breadcrumb\"},\"inLanguage\":\"vi\",\"potentialAction\":[{\"@type\":\"ReadAction\",\"target\":[\"https:\/\/omanivietnam.com\/index.php\/san-pham\/wenglor-zd600pct3\/\"]}]},{\"@type\":\"ImageObject\",\"inLanguage\":\"vi\",\"@id\":\"https:\/\/omanivietnam.com\/index.php\/san-pham\/wenglor-zd600pct3\/#primaryimage\",\"url\":\"https:\/\/omanivietnam.com\/wp-content\/uploads\/2024\/09\/ZD600PCT3.png\",\"contentUrl\":\"https:\/\/omanivietnam.com\/wp-content\/uploads\/2024\/09\/ZD600PCT3.png\",\"width\":564,\"height\":467},{\"@type\":\"BreadcrumbList\",\"@id\":\"https:\/\/omanivietnam.com\/index.php\/san-pham\/wenglor-zd600pct3\/#breadcrumb\",\"itemListElement\":[{\"@type\":\"ListItem\",\"position\":1,\"name\":\"Home\",\"item\":\"https:\/\/omanivietnam.com\/\"},{\"@type\":\"ListItem\",\"position\":2,\"name\":\"S\u1ea2N PH\u1ea8M\",\"item\":\"https:\/\/omanivietnam.com\/index.php\/cua-hang\/\"},{\"@type\":\"ListItem\",\"position\":3,\"name\":\"WENGLOR ZD600PCT3\"}]},{\"@type\":\"WebSite\",\"@id\":\"https:\/\/omanivietnam.com\/#website\",\"url\":\"https:\/\/omanivietnam.com\/\",\"name\":\"OMANI VI\u1ec6T NAM\",\"description\":\"Nh\u00e0 ph\u00e2n ph\u1ed1i thi\u1ebft b\u1ecb kh\u00ed n\u00e9n v\u00e0 thi\u1ebft b\u1ecb t\u1ef1 \u0111\u1ed9ng h\u00f3a trong c\u00f4ng nghi\u1ec7p\",\"publisher\":{\"@id\":\"https:\/\/omanivietnam.com\/#\/schema\/person\/0ad398a980dc3fd696111c2c5c8fa897\"},\"potentialAction\":[{\"@type\":\"SearchAction\",\"target\":{\"@type\":\"EntryPoint\",\"urlTemplate\":\"https:\/\/omanivietnam.com\/?s={search_term_string}\"},\"query-input\":\"required name=search_term_string\"}],\"inLanguage\":\"vi\"},{\"@type\":[\"Person\",\"Organization\"],\"@id\":\"https:\/\/omanivietnam.com\/#\/schema\/person\/0ad398a980dc3fd696111c2c5c8fa897\",\"name\":\"Nguy\u1ec5n V\u0103n Kh\u00e1nh\",\"image\":{\"@type\":\"ImageObject\",\"inLanguage\":\"vi\",\"@id\":\"https:\/\/omanivietnam.com\/#\/schema\/person\/image\/\",\"url\":\"https:\/\/omanivietnam.com\/wp-content\/uploads\/2024\/06\/logo-1024x1024.png\",\"contentUrl\":\"https:\/\/omanivietnam.com\/wp-content\/uploads\/2024\/06\/logo-1024x1024.png\",\"width\":1024,\"height\":1024,\"caption\":\"Nguy\u1ec5n V\u0103n Kh\u00e1nh\"},\"logo\":{\"@id\":\"https:\/\/omanivietnam.com\/#\/schema\/person\/image\/\"},\"sameAs\":[\"https:\/\/omanivietnam.com\"]}]}<\/script>\n<!-- \/ Yoast SEO plugin. -->","yoast_head_json":{"title":"WENGLOR ZD600PCT3 - OMANI VI\u1ec6T NAM","robots":{"index":"index","follow":"follow","max-snippet":"max-snippet:-1","max-image-preview":"max-image-preview:large","max-video-preview":"max-video-preview:-1"},"canonical":"https:\/\/omanivietnam.com\/index.php\/san-pham\/wenglor-zd600pct3\/","og_locale":"vi_VN","og_type":"article","og_title":"WENGLOR ZD600PCT3 - OMANI VI\u1ec6T NAM","og_description":"WENGLOR ZD600PCT3 Features at a Glance Smallest recognizable part: 0,05 mm Range: 60 m Teach-in, external teach-in These through-beam sensors are best suited for use in industrial environments. Thanks to their large\u00a0working range, the devices demonstrate excellent functional reliability in highly contaminated environments. The sensors can be checked for correct&hellip;","og_url":"https:\/\/omanivietnam.com\/index.php\/san-pham\/wenglor-zd600pct3\/","og_site_name":"OMANI VI\u1ec6T NAM","article_modified_time":"2024-09-27T04:29:05+00:00","og_image":[{"width":564,"height":467,"url":"https:\/\/omanivietnam.com\/wp-content\/uploads\/2024\/09\/ZD600PCT3.png","type":"image\/png"}],"twitter_card":"summary_large_image","twitter_misc":{"\u01af\u1edbc t\u00ednh th\u1eddi gian \u0111\u1ecdc":"2 ph\u00fat"},"schema":{"@context":"https:\/\/schema.org","@graph":[{"@type":"WebPage","@id":"https:\/\/omanivietnam.com\/index.php\/san-pham\/wenglor-zd600pct3\/","url":"https:\/\/omanivietnam.com\/index.php\/san-pham\/wenglor-zd600pct3\/","name":"WENGLOR ZD600PCT3 - OMANI VI\u1ec6T NAM","isPartOf":{"@id":"https:\/\/omanivietnam.com\/#website"},"primaryImageOfPage":{"@id":"https:\/\/omanivietnam.com\/index.php\/san-pham\/wenglor-zd600pct3\/#primaryimage"},"image":{"@id":"https:\/\/omanivietnam.com\/index.php\/san-pham\/wenglor-zd600pct3\/#primaryimage"},"thumbnailUrl":"https:\/\/omanivietnam.com\/wp-content\/uploads\/2024\/09\/ZD600PCT3.png","datePublished":"2024-09-27T04:28:15+00:00","dateModified":"2024-09-27T04:29:05+00:00","breadcrumb":{"@id":"https:\/\/omanivietnam.com\/index.php\/san-pham\/wenglor-zd600pct3\/#breadcrumb"},"inLanguage":"vi","potentialAction":[{"@type":"ReadAction","target":["https:\/\/omanivietnam.com\/index.php\/san-pham\/wenglor-zd600pct3\/"]}]},{"@type":"ImageObject","inLanguage":"vi","@id":"https:\/\/omanivietnam.com\/index.php\/san-pham\/wenglor-zd600pct3\/#primaryimage","url":"https:\/\/omanivietnam.com\/wp-content\/uploads\/2024\/09\/ZD600PCT3.png","contentUrl":"https:\/\/omanivietnam.com\/wp-content\/uploads\/2024\/09\/ZD600PCT3.png","width":564,"height":467},{"@type":"BreadcrumbList","@id":"https:\/\/omanivietnam.com\/index.php\/san-pham\/wenglor-zd600pct3\/#breadcrumb","itemListElement":[{"@type":"ListItem","position":1,"name":"Home","item":"https:\/\/omanivietnam.com\/"},{"@type":"ListItem","position":2,"name":"S\u1ea2N PH\u1ea8M","item":"https:\/\/omanivietnam.com\/index.php\/cua-hang\/"},{"@type":"ListItem","position":3,"name":"WENGLOR ZD600PCT3"}]},{"@type":"WebSite","@id":"https:\/\/omanivietnam.com\/#website","url":"https:\/\/omanivietnam.com\/","name":"OMANI VI\u1ec6T NAM","description":"Nh\u00e0 ph\u00e2n ph\u1ed1i thi\u1ebft b\u1ecb kh\u00ed n\u00e9n v\u00e0 thi\u1ebft b\u1ecb t\u1ef1 \u0111\u1ed9ng h\u00f3a trong c\u00f4ng nghi\u1ec7p","publisher":{"@id":"https:\/\/omanivietnam.com\/#\/schema\/person\/0ad398a980dc3fd696111c2c5c8fa897"},"potentialAction":[{"@type":"SearchAction","target":{"@type":"EntryPoint","urlTemplate":"https:\/\/omanivietnam.com\/?s={search_term_string}"},"query-input":"required name=search_term_string"}],"inLanguage":"vi"},{"@type":["Person","Organization"],"@id":"https:\/\/omanivietnam.com\/#\/schema\/person\/0ad398a980dc3fd696111c2c5c8fa897","name":"Nguy\u1ec5n V\u0103n Kh\u00e1nh","image":{"@type":"ImageObject","inLanguage":"vi","@id":"https:\/\/omanivietnam.com\/#\/schema\/person\/image\/","url":"https:\/\/omanivietnam.com\/wp-content\/uploads\/2024\/06\/logo-1024x1024.png","contentUrl":"https:\/\/omanivietnam.com\/wp-content\/uploads\/2024\/06\/logo-1024x1024.png","width":1024,"height":1024,"caption":"Nguy\u1ec5n V\u0103n Kh\u00e1nh"},"logo":{"@id":"https:\/\/omanivietnam.com\/#\/schema\/person\/image\/"},"sameAs":["https:\/\/omanivietnam.com"]}]}},"_links":{"self":[{"href":"https:\/\/omanivietnam.com\/index.php\/wp-json\/wp\/v2\/product\/1885","targetHints":{"allow":["GET"]}}],"collection":[{"href":"https:\/\/omanivietnam.com\/index.php\/wp-json\/wp\/v2\/product"}],"about":[{"href":"https:\/\/omanivietnam.com\/index.php\/wp-json\/wp\/v2\/types\/product"}],"replies":[{"embeddable":true,"href":"https:\/\/omanivietnam.com\/index.php\/wp-json\/wp\/v2\/comments?post=1885"}],"wp:featuredmedia":[{"embeddable":true,"href":"https:\/\/omanivietnam.com\/index.php\/wp-json\/wp\/v2\/media\/1886"}],"wp:attachment":[{"href":"https:\/\/omanivietnam.com\/index.php\/wp-json\/wp\/v2\/media?parent=1885"}],"wp:term":[{"taxonomy":"product_cat","embeddable":true,"href":"https:\/\/omanivietnam.com\/index.php\/wp-json\/wp\/v2\/product_cat?post=1885"},{"taxonomy":"product_tag","embeddable":true,"href":"https:\/\/omanivietnam.com\/index.php\/wp-json\/wp\/v2\/product_tag?post=1885"}],"curies":[{"name":"wp","href":"https:\/\/api.w.org\/{rel}","templated":true}]}}