{"id":1903,"date":"2024-09-28T20:45:51","date_gmt":"2024-09-28T13:45:51","guid":{"rendered":"https:\/\/omanivietnam.com\/?post_type=product&#038;p=1903"},"modified":"2024-09-28T20:46:43","modified_gmt":"2024-09-28T13:46:43","slug":"allen-bradley-1783-us16t","status":"publish","type":"product","link":"https:\/\/omanivietnam.com\/index.php\/san-pham\/allen-bradley-1783-us16t\/","title":{"rendered":"ALLEN BRADLEY 1783-US16T"},"content":{"rendered":"<p>ALLEN BRADLEY 1783-US16T<\/p>\n<p>l\u00e0 s\u1ea3n ph\u1ea9m k\u1ebft n\u1ed1i c\u1ee7a b\u1ed9 \u0111i\u1ec1u khi\u1ec3n v\u1edbi c\u00e1c thi\u1ebft b\u1ecb b\u00ean ngo\u00e0i, gi\u00fap thi\u1ebft b\u1ecb th\u1ef1c hi\u1ec7n qu\u00e1 tr\u00ecnh \u0111i\u1ec1u khi\u1ec3n, \u0111\u01b0\u1ee3c \u1ee9ng d\u1ee5ng ph\u1ed5 bi\u1ebfn trong c\u00e1c thi\u1ebft b\u1ecb m\u00e1y m\u00f3c c\u00f4ng nghi\u1ec7p, tr\u1edf th\u00e0nh s\u1ea3n ph\u1ea9m \u01b0a chu\u1ed9ng tr\u00ean th\u1ecb tr\u01b0\u1eddng hi\u1ec7n nay.<\/p>\n<p>SUNLY t\u1ef1 h\u00e0o l\u00e0 \u0111\u01a1n v\u1ecb cung c\u1ea5p c\u00e1c s\u1ea3n ph\u1ea9m th\u01b0\u01a1ng hi\u1ec7u Allen Bradley l\u00e2u \u0111\u1eddi, ph\u00e2n ph\u1ed1i c\u00e1c thi\u1ebft b\u1ecb c\u00f4ng nghi\u1ec7p ch\u1ea5t l\u01b0\u1ee3ng cao, gi\u00e1 th\u00e0nh r\u1ebb, d\u1ecbch v\u1ee5 chuy\u00ean nghi\u1ec7p, \u0111\u00e1p \u1ee9ng \u0111\u1ea7y \u0111\u1ee7 y\u00eau c\u1ea7u c\u1ee7a kh\u00e1ch h\u00e0ng t\u1eeb ch\u1ea5t l\u01b0\u1ee3ng \u0111\u1ebfn m\u1eabu m\u00e3 t\u1ed1t nh\u1ea5t!<\/p>\n<p>Th\u00f4ng tin v\u1ec1 thi\u1ebft b\u1ecb Allen Bradley PLC Stratix 2000 1783 US16T<\/p>\n<p>Ti\u00eau th\u1ee5 \u0111i\u1ec7n t\u1ed1i \u0111a: 8.0 Watts<br \/>\nD\u00f2ng \u0111i\u1ec7n t\u1ed1i \u0111a: 900mA m\u1ed9t chi\u1ec1u; 1800mA \u0111i\u1ec7n xoay chi\u1ec1u<br \/>\nD\u00f2ng kh\u1edfi \u0111\u1ed9ng t\u1ed1i \u0111a: 0,47 A<br \/>\n\u0110\u1ea7u v\u00e0o ngu\u1ed3n: 12 \u0111\u1ebfn 48 V\u00f4n DC, 18 \u0111\u1ebfn 30 V\u00f4n AC<\/p>\n<p class=\"title-product item_name\">M\u00f4 \u0111un Allen-Bradley 1783-US16T<\/p>\n<p>1. M\u00f4 \u0111un 1783-US16T:<\/p>\n<div>Nh\u00e0 ch\u1ebf t\u1ea1o: T\u1ef1 \u0111\u1ed9ng h\u00f3a Rockwell<br \/>\nNh\u00e3n hi\u1ec7u: Allen-Bradley<br \/>\nS\u1ed1 b\u1ed9 ph\u1eadn \/ S\u1ed1 danh m\u1ee5c : 1783-US16T<br \/>\nLo\u1ea1t: Stratix 2000<br \/>\nTi\u00eau th\u1ee5 \u0111i\u1ec7n t\u1ed1i \u0111a : 8,0 Watts<br \/>\nD\u00f2ng \u0111i\u1ec7n t\u1ed1i \u0111a: 900 mA DC; 1800 mAAC<br \/>\nM\u00f4-men xo\u1eafn v\u00edt \u0111\u1ea7u cu\u1ed1i ngu\u1ed3n: 8,05 inch m\u1ed7i pound<br \/>\nM\u00f4-men xo\u1eafn v\u00edt \u0111\u1ea7u cu\u1ed1i m\u1eb7t \u0111\u1ea5t t\u1ed1i \u0111a: Ki\u1ec3u m\u1edf \/ Kh\u00f4ng c\u00f3<br \/>\nK\u00edch th\u01b0\u1edbc: 5,27 x 4,52 x 3,13 inch<br \/>\nC\u1ed5ng RJ-45: 16 Fast Ethernet<br \/>\nT\u1ed5ng s\u1ed1 c\u1ed5ng : 16<br \/>\nD\u00f2ng \u0111i\u1ec7n danh \u0111\u1ecbnh: 430 mA DC; 860 mAAC<br \/>\nD\u00f2ng \u0111i\u1ec7n t\u1ed1i \u0111a: 0,47 A<br \/>\nNgu\u1ed3n \u0111i\u1ec7n \u0111\u1ea7u v\u00e0o: 12 \u0111\u1ebfn 48 V\u00f4n DC, 18 \u0111\u1ebfn 30 V\u00f4n AC<br \/>\nK\u00edch th\u01b0\u1edbc d\u00e2y n\u1ed1i \u0111\u1ea5t : D\u00e2y \u0111\u1ed3ng 14 AWG<\/div>\n<div><\/div>\n<div>\n<table class=\"specificationsTable\">\n<tbody>\n<tr>\n<td>Ethernet<\/td>\n<td>yes<\/td>\n<\/tr>\n<tr>\n<td>IP-rating<\/td>\n<td>IP20<\/td>\n<\/tr>\n<tr>\n<td>Manageable<\/td>\n<td>no<\/td>\n<\/tr>\n<tr>\n<td>Mounting method<\/td>\n<td>DIN rail (top hat rail)<\/td>\n<\/tr>\n<tr>\n<td>Number of combination-Ports RJ45\/SFP<\/td>\n<td>0<\/td>\n<\/tr>\n<tr>\n<td>Number of ports 10\/100 Mbps RJ45<\/td>\n<td>16<\/td>\n<\/tr>\n<tr>\n<td>Number of ports 10\/100\/1000 Mbps RJ45<\/td>\n<td>0<\/td>\n<\/tr>\n<\/tbody>\n<\/table>\n<\/div>\n<p>\u0110\u1ea1i l\u00fd ALLEN BRADLEY vietnam, ALLEN BRADLEY viet nam, ALLEN BRADLEY vietnam distributor, Ph\u00e2n ph\u1ed1i ALLEN BRADLEY t\u1ea1i vi\u1ec7t nam<\/p>\n<p>\u0110\u1ea1i l\u00fd ALLEN BRADLEY vietnam, ALLEN BRADLEY viet nam, ALLEN BRADLEY vietnam distributor, Ph\u00e2n ph\u1ed1i ALLEN BRADLEY t\u1ea1i vi\u1ec7t nam<\/p>\n<p>\u0110\u1ea1i l\u00fd ALLEN BRADLEY vietnam, ALLEN BRADLEY viet nam, ALLEN BRADLEY vietnam distributor, Ph\u00e2n ph\u1ed1i ALLEN BRADLEY t\u1ea1i vi\u1ec7t nam<\/p>\n<p>\u0110\u1ea1i l\u00fd ALLEN BRADLEY vietnam, ALLEN BRADLEY viet nam, ALLEN BRADLEY vietnam distributor, Ph\u00e2n ph\u1ed1i ALLEN BRADLEY t\u1ea1i vi\u1ec7t nam<\/p>\n<p>\u0110\u1ea1i l\u00fd ALLEN BRADLEY vietnam, ALLEN BRADLEY viet nam, ALLEN BRADLEY vietnam distributor, Ph\u00e2n ph\u1ed1i ALLEN BRADLEY t\u1ea1i vi\u1ec7t nam<\/p>\n","protected":false},"excerpt":{"rendered":"<p>ALLEN BRADLEY 1783-US16T l\u00e0 s\u1ea3n ph\u1ea9m k\u1ebft n\u1ed1i c\u1ee7a b\u1ed9 \u0111i\u1ec1u khi\u1ec3n v\u1edbi c\u00e1c thi\u1ebft b\u1ecb b\u00ean ngo\u00e0i, gi\u00fap thi\u1ebft b\u1ecb th\u1ef1c hi\u1ec7n qu\u00e1 tr\u00ecnh \u0111i\u1ec1u khi\u1ec3n, \u0111\u01b0\u1ee3c \u1ee9ng d\u1ee5ng ph\u1ed5 bi\u1ebfn trong c\u00e1c thi\u1ebft b\u1ecb m\u00e1y m\u00f3c c\u00f4ng nghi\u1ec7p, tr\u1edf th\u00e0nh s\u1ea3n ph\u1ea9m \u01b0a chu\u1ed9ng tr\u00ean th\u1ecb tr\u01b0\u1eddng hi\u1ec7n&hellip; <\/p>\n","protected":false},"featured_media":1904,"comment_status":"open","ping_status":"closed","template":"","meta":[],"product_cat":[295],"product_tag":[178,179,159],"class_list":{"0":"post-1903","1":"product","2":"type-product","3":"status-publish","4":"has-post-thumbnail","6":"product_cat-allen-bradley","7":"product_tag-allen-bradley-viet-nam","8":"product_tag-dai-ly-allen-bradley-viet-nam","9":"product_tag-mo-dun","11":"first","12":"instock","13":"shipping-taxable","14":"product-type-simple"},"yoast_head":"<!-- This site is optimized with the Yoast SEO plugin v22.8 - https:\/\/yoast.com\/wordpress\/plugins\/seo\/ -->\n<title>ALLEN BRADLEY 1783-US16T - OMANI VI\u1ec6T NAM<\/title>\n<meta name=\"robots\" content=\"index, follow, max-snippet:-1, max-image-preview:large, max-video-preview:-1\" \/>\n<link rel=\"canonical\" href=\"https:\/\/omanivietnam.com\/index.php\/san-pham\/allen-bradley-1783-us16t\/\" \/>\n<meta property=\"og:locale\" content=\"vi_VN\" \/>\n<meta property=\"og:type\" content=\"article\" \/>\n<meta property=\"og:title\" content=\"ALLEN BRADLEY 1783-US16T - OMANI VI\u1ec6T NAM\" \/>\n<meta property=\"og:description\" content=\"ALLEN BRADLEY 1783-US16T l\u00e0 s\u1ea3n ph\u1ea9m k\u1ebft n\u1ed1i c\u1ee7a b\u1ed9 \u0111i\u1ec1u khi\u1ec3n v\u1edbi c\u00e1c thi\u1ebft b\u1ecb b\u00ean ngo\u00e0i, gi\u00fap thi\u1ebft b\u1ecb th\u1ef1c hi\u1ec7n qu\u00e1 tr\u00ecnh \u0111i\u1ec1u khi\u1ec3n, \u0111\u01b0\u1ee3c \u1ee9ng d\u1ee5ng ph\u1ed5 bi\u1ebfn trong c\u00e1c thi\u1ebft b\u1ecb m\u00e1y m\u00f3c c\u00f4ng nghi\u1ec7p, tr\u1edf th\u00e0nh s\u1ea3n ph\u1ea9m \u01b0a chu\u1ed9ng tr\u00ean th\u1ecb tr\u01b0\u1eddng hi\u1ec7n&hellip;\" \/>\n<meta property=\"og:url\" content=\"https:\/\/omanivietnam.com\/index.php\/san-pham\/allen-bradley-1783-us16t\/\" \/>\n<meta property=\"og:site_name\" content=\"OMANI VI\u1ec6T NAM\" \/>\n<meta property=\"article:modified_time\" content=\"2024-09-28T13:46:43+00:00\" \/>\n<meta property=\"og:image\" content=\"https:\/\/omanivietnam.com\/wp-content\/uploads\/2024\/09\/1783-US16T.png\" \/>\n\t<meta property=\"og:image:width\" content=\"588\" \/>\n\t<meta property=\"og:image:height\" content=\"581\" \/>\n\t<meta property=\"og:image:type\" content=\"image\/png\" \/>\n<meta name=\"twitter:card\" content=\"summary_large_image\" \/>\n<meta name=\"twitter:label1\" content=\"\u01af\u1edbc t\u00ednh th\u1eddi gian \u0111\u1ecdc\" \/>\n\t<meta name=\"twitter:data1\" content=\"3 ph\u00fat\" \/>\n<script type=\"application\/ld+json\" class=\"yoast-schema-graph\">{\"@context\":\"https:\/\/schema.org\",\"@graph\":[{\"@type\":\"WebPage\",\"@id\":\"https:\/\/omanivietnam.com\/index.php\/san-pham\/allen-bradley-1783-us16t\/\",\"url\":\"https:\/\/omanivietnam.com\/index.php\/san-pham\/allen-bradley-1783-us16t\/\",\"name\":\"ALLEN BRADLEY 1783-US16T - OMANI VI\u1ec6T NAM\",\"isPartOf\":{\"@id\":\"https:\/\/omanivietnam.com\/#website\"},\"primaryImageOfPage\":{\"@id\":\"https:\/\/omanivietnam.com\/index.php\/san-pham\/allen-bradley-1783-us16t\/#primaryimage\"},\"image\":{\"@id\":\"https:\/\/omanivietnam.com\/index.php\/san-pham\/allen-bradley-1783-us16t\/#primaryimage\"},\"thumbnailUrl\":\"https:\/\/omanivietnam.com\/wp-content\/uploads\/2024\/09\/1783-US16T.png\",\"datePublished\":\"2024-09-28T13:45:51+00:00\",\"dateModified\":\"2024-09-28T13:46:43+00:00\",\"breadcrumb\":{\"@id\":\"https:\/\/omanivietnam.com\/index.php\/san-pham\/allen-bradley-1783-us16t\/#breadcrumb\"},\"inLanguage\":\"vi\",\"potentialAction\":[{\"@type\":\"ReadAction\",\"target\":[\"https:\/\/omanivietnam.com\/index.php\/san-pham\/allen-bradley-1783-us16t\/\"]}]},{\"@type\":\"ImageObject\",\"inLanguage\":\"vi\",\"@id\":\"https:\/\/omanivietnam.com\/index.php\/san-pham\/allen-bradley-1783-us16t\/#primaryimage\",\"url\":\"https:\/\/omanivietnam.com\/wp-content\/uploads\/2024\/09\/1783-US16T.png\",\"contentUrl\":\"https:\/\/omanivietnam.com\/wp-content\/uploads\/2024\/09\/1783-US16T.png\",\"width\":588,\"height\":581},{\"@type\":\"BreadcrumbList\",\"@id\":\"https:\/\/omanivietnam.com\/index.php\/san-pham\/allen-bradley-1783-us16t\/#breadcrumb\",\"itemListElement\":[{\"@type\":\"ListItem\",\"position\":1,\"name\":\"Home\",\"item\":\"https:\/\/omanivietnam.com\/\"},{\"@type\":\"ListItem\",\"position\":2,\"name\":\"S\u1ea2N PH\u1ea8M\",\"item\":\"https:\/\/omanivietnam.com\/index.php\/cua-hang\/\"},{\"@type\":\"ListItem\",\"position\":3,\"name\":\"ALLEN BRADLEY 1783-US16T\"}]},{\"@type\":\"WebSite\",\"@id\":\"https:\/\/omanivietnam.com\/#website\",\"url\":\"https:\/\/omanivietnam.com\/\",\"name\":\"OMANI VI\u1ec6T NAM\",\"description\":\"Nh\u00e0 ph\u00e2n ph\u1ed1i thi\u1ebft b\u1ecb kh\u00ed n\u00e9n v\u00e0 thi\u1ebft b\u1ecb t\u1ef1 \u0111\u1ed9ng h\u00f3a trong c\u00f4ng nghi\u1ec7p\",\"publisher\":{\"@id\":\"https:\/\/omanivietnam.com\/#\/schema\/person\/0ad398a980dc3fd696111c2c5c8fa897\"},\"potentialAction\":[{\"@type\":\"SearchAction\",\"target\":{\"@type\":\"EntryPoint\",\"urlTemplate\":\"https:\/\/omanivietnam.com\/?s={search_term_string}\"},\"query-input\":\"required name=search_term_string\"}],\"inLanguage\":\"vi\"},{\"@type\":[\"Person\",\"Organization\"],\"@id\":\"https:\/\/omanivietnam.com\/#\/schema\/person\/0ad398a980dc3fd696111c2c5c8fa897\",\"name\":\"Nguy\u1ec5n V\u0103n Kh\u00e1nh\",\"image\":{\"@type\":\"ImageObject\",\"inLanguage\":\"vi\",\"@id\":\"https:\/\/omanivietnam.com\/#\/schema\/person\/image\/\",\"url\":\"https:\/\/omanivietnam.com\/wp-content\/uploads\/2024\/06\/logo-1024x1024.png\",\"contentUrl\":\"https:\/\/omanivietnam.com\/wp-content\/uploads\/2024\/06\/logo-1024x1024.png\",\"width\":1024,\"height\":1024,\"caption\":\"Nguy\u1ec5n V\u0103n Kh\u00e1nh\"},\"logo\":{\"@id\":\"https:\/\/omanivietnam.com\/#\/schema\/person\/image\/\"},\"sameAs\":[\"https:\/\/omanivietnam.com\"]}]}<\/script>\n<!-- \/ Yoast SEO plugin. -->","yoast_head_json":{"title":"ALLEN BRADLEY 1783-US16T - OMANI VI\u1ec6T NAM","robots":{"index":"index","follow":"follow","max-snippet":"max-snippet:-1","max-image-preview":"max-image-preview:large","max-video-preview":"max-video-preview:-1"},"canonical":"https:\/\/omanivietnam.com\/index.php\/san-pham\/allen-bradley-1783-us16t\/","og_locale":"vi_VN","og_type":"article","og_title":"ALLEN BRADLEY 1783-US16T - OMANI VI\u1ec6T NAM","og_description":"ALLEN BRADLEY 1783-US16T l\u00e0 s\u1ea3n ph\u1ea9m k\u1ebft n\u1ed1i c\u1ee7a b\u1ed9 \u0111i\u1ec1u khi\u1ec3n v\u1edbi c\u00e1c thi\u1ebft b\u1ecb b\u00ean ngo\u00e0i, gi\u00fap thi\u1ebft b\u1ecb th\u1ef1c hi\u1ec7n qu\u00e1 tr\u00ecnh \u0111i\u1ec1u khi\u1ec3n, \u0111\u01b0\u1ee3c \u1ee9ng d\u1ee5ng ph\u1ed5 bi\u1ebfn trong c\u00e1c thi\u1ebft b\u1ecb m\u00e1y m\u00f3c c\u00f4ng nghi\u1ec7p, tr\u1edf th\u00e0nh s\u1ea3n ph\u1ea9m \u01b0a chu\u1ed9ng tr\u00ean th\u1ecb tr\u01b0\u1eddng hi\u1ec7n&hellip;","og_url":"https:\/\/omanivietnam.com\/index.php\/san-pham\/allen-bradley-1783-us16t\/","og_site_name":"OMANI VI\u1ec6T NAM","article_modified_time":"2024-09-28T13:46:43+00:00","og_image":[{"width":588,"height":581,"url":"https:\/\/omanivietnam.com\/wp-content\/uploads\/2024\/09\/1783-US16T.png","type":"image\/png"}],"twitter_card":"summary_large_image","twitter_misc":{"\u01af\u1edbc t\u00ednh th\u1eddi gian \u0111\u1ecdc":"3 ph\u00fat"},"schema":{"@context":"https:\/\/schema.org","@graph":[{"@type":"WebPage","@id":"https:\/\/omanivietnam.com\/index.php\/san-pham\/allen-bradley-1783-us16t\/","url":"https:\/\/omanivietnam.com\/index.php\/san-pham\/allen-bradley-1783-us16t\/","name":"ALLEN BRADLEY 1783-US16T - OMANI VI\u1ec6T NAM","isPartOf":{"@id":"https:\/\/omanivietnam.com\/#website"},"primaryImageOfPage":{"@id":"https:\/\/omanivietnam.com\/index.php\/san-pham\/allen-bradley-1783-us16t\/#primaryimage"},"image":{"@id":"https:\/\/omanivietnam.com\/index.php\/san-pham\/allen-bradley-1783-us16t\/#primaryimage"},"thumbnailUrl":"https:\/\/omanivietnam.com\/wp-content\/uploads\/2024\/09\/1783-US16T.png","datePublished":"2024-09-28T13:45:51+00:00","dateModified":"2024-09-28T13:46:43+00:00","breadcrumb":{"@id":"https:\/\/omanivietnam.com\/index.php\/san-pham\/allen-bradley-1783-us16t\/#breadcrumb"},"inLanguage":"vi","potentialAction":[{"@type":"ReadAction","target":["https:\/\/omanivietnam.com\/index.php\/san-pham\/allen-bradley-1783-us16t\/"]}]},{"@type":"ImageObject","inLanguage":"vi","@id":"https:\/\/omanivietnam.com\/index.php\/san-pham\/allen-bradley-1783-us16t\/#primaryimage","url":"https:\/\/omanivietnam.com\/wp-content\/uploads\/2024\/09\/1783-US16T.png","contentUrl":"https:\/\/omanivietnam.com\/wp-content\/uploads\/2024\/09\/1783-US16T.png","width":588,"height":581},{"@type":"BreadcrumbList","@id":"https:\/\/omanivietnam.com\/index.php\/san-pham\/allen-bradley-1783-us16t\/#breadcrumb","itemListElement":[{"@type":"ListItem","position":1,"name":"Home","item":"https:\/\/omanivietnam.com\/"},{"@type":"ListItem","position":2,"name":"S\u1ea2N PH\u1ea8M","item":"https:\/\/omanivietnam.com\/index.php\/cua-hang\/"},{"@type":"ListItem","position":3,"name":"ALLEN BRADLEY 1783-US16T"}]},{"@type":"WebSite","@id":"https:\/\/omanivietnam.com\/#website","url":"https:\/\/omanivietnam.com\/","name":"OMANI VI\u1ec6T NAM","description":"Nh\u00e0 ph\u00e2n ph\u1ed1i thi\u1ebft b\u1ecb kh\u00ed n\u00e9n v\u00e0 thi\u1ebft b\u1ecb t\u1ef1 \u0111\u1ed9ng h\u00f3a trong c\u00f4ng nghi\u1ec7p","publisher":{"@id":"https:\/\/omanivietnam.com\/#\/schema\/person\/0ad398a980dc3fd696111c2c5c8fa897"},"potentialAction":[{"@type":"SearchAction","target":{"@type":"EntryPoint","urlTemplate":"https:\/\/omanivietnam.com\/?s={search_term_string}"},"query-input":"required name=search_term_string"}],"inLanguage":"vi"},{"@type":["Person","Organization"],"@id":"https:\/\/omanivietnam.com\/#\/schema\/person\/0ad398a980dc3fd696111c2c5c8fa897","name":"Nguy\u1ec5n V\u0103n Kh\u00e1nh","image":{"@type":"ImageObject","inLanguage":"vi","@id":"https:\/\/omanivietnam.com\/#\/schema\/person\/image\/","url":"https:\/\/omanivietnam.com\/wp-content\/uploads\/2024\/06\/logo-1024x1024.png","contentUrl":"https:\/\/omanivietnam.com\/wp-content\/uploads\/2024\/06\/logo-1024x1024.png","width":1024,"height":1024,"caption":"Nguy\u1ec5n V\u0103n Kh\u00e1nh"},"logo":{"@id":"https:\/\/omanivietnam.com\/#\/schema\/person\/image\/"},"sameAs":["https:\/\/omanivietnam.com"]}]}},"_links":{"self":[{"href":"https:\/\/omanivietnam.com\/index.php\/wp-json\/wp\/v2\/product\/1903","targetHints":{"allow":["GET"]}}],"collection":[{"href":"https:\/\/omanivietnam.com\/index.php\/wp-json\/wp\/v2\/product"}],"about":[{"href":"https:\/\/omanivietnam.com\/index.php\/wp-json\/wp\/v2\/types\/product"}],"replies":[{"embeddable":true,"href":"https:\/\/omanivietnam.com\/index.php\/wp-json\/wp\/v2\/comments?post=1903"}],"wp:featuredmedia":[{"embeddable":true,"href":"https:\/\/omanivietnam.com\/index.php\/wp-json\/wp\/v2\/media\/1904"}],"wp:attachment":[{"href":"https:\/\/omanivietnam.com\/index.php\/wp-json\/wp\/v2\/media?parent=1903"}],"wp:term":[{"taxonomy":"product_cat","embeddable":true,"href":"https:\/\/omanivietnam.com\/index.php\/wp-json\/wp\/v2\/product_cat?post=1903"},{"taxonomy":"product_tag","embeddable":true,"href":"https:\/\/omanivietnam.com\/index.php\/wp-json\/wp\/v2\/product_tag?post=1903"}],"curies":[{"name":"wp","href":"https:\/\/api.w.org\/{rel}","templated":true}]}}