{"id":1905,"date":"2024-09-28T20:52:36","date_gmt":"2024-09-28T13:52:36","guid":{"rendered":"https:\/\/omanivietnam.com\/?post_type=product&#038;p=1905"},"modified":"2024-09-28T20:53:50","modified_gmt":"2024-09-28T13:53:50","slug":"omron-e6b2-cwz1x-1000p-r","status":"publish","type":"product","link":"https:\/\/omanivietnam.com\/index.php\/san-pham\/omron-e6b2-cwz1x-1000p-r\/","title":{"rendered":"OMRON E6B2-CWZ1X 1000P\/R"},"content":{"rendered":"<p>OMRON E6B2-CWZ1X 1000P\/R<\/p>\n<p class=\"m-h1\">Rotary Encoder, Incremental Type, General-Purpose Type [E6B2-C] (E6B2-CWZ1X 1000P\/R 2M)<\/p>\n<p class=\"m-h2\">Product Description<\/p>\n<p>Outer diameter \u00f840 general-purpose type.<br \/>\n[Features]<br \/>\n\u30fb Incremental type<br \/>\n\u00b7Resolution (maximum): 1,000P\/R<\/p>\n<p class=\"m-h3\"><span data-lang=\"ENG\">Configured Specifications<\/span><\/p>\n<table class=\"m-listTable\" summary=\"Price, Spec., etc.\">\n<colgroup>\n<col width=\"20%\" \/>\n<col width=\"30%\" \/>\n<col width=\"20%\" \/>\n<col width=\"30%\" \/><\/colgroup>\n<tbody>\n<tr>\n<th>Classification<\/th>\n<td>Incremental model<\/td>\n<th>Resolution(P\/R)<\/th>\n<td>1000<\/td>\n<\/tr>\n<tr>\n<th>O.D.(\u03c6)<\/th>\n<td>40<\/td>\n<th>Shaft diameter(\u03c6)<\/th>\n<td>6<\/td>\n<\/tr>\n<tr>\n<th>Power Supply Voltage(V)<\/th>\n<td>5 VDC<\/td>\n<th>Consumption Current(mA)<\/th>\n<td>160 maximum<\/td>\n<\/tr>\n<tr>\n<th>Output Phase(phase)<\/th>\n<td>A, -A, B, -B, Z, -Z<\/td>\n<th>Output Mode<\/th>\n<td>Line-driver output<\/td>\n<\/tr>\n<tr>\n<th>Frequency Response(kHz)<\/th>\n<td>100<\/td>\n<th>Connection Method<\/th>\n<td>Pre-wired model<\/td>\n<\/tr>\n<tr>\n<th>Height(mm)<\/th>\n<td>39<\/td>\n<th>Output cable<\/th>\n<td>5-dia. vinyl-insulated round cable with 8 conductors<\/td>\n<\/tr>\n<tr class=\"VN_table-row\">\n<th>Cable length(mm)<\/th>\n<td>2,000<\/td>\n<th>&#8211;<\/th>\n<td>&#8211;<\/td>\n<\/tr>\n<\/tbody>\n<\/table>\n<p>&nbsp;<\/p>\n<p>Incremental, Resolution 1000 P\/R, 40 mm-dia., Shaft model, Line driver output, Pre-wired models (2 m)<\/p>\n<table class=\"woocommerce-product-attributes shop_attributes\">\n<tbody>\n<tr>\n<td>Ngu\u1ed3n c\u1ea5p<\/td>\n<td>5VDC<\/td>\n<\/tr>\n<tr>\n<td>H\u00ecnh d\u1ea1ng<\/td>\n<td>Lo\u1ea1i tr\u1ee5c<\/td>\n<\/tr>\n<tr>\n<td>\u0110\u1ed9 ph\u00e2n gi\u1ea3i<\/td>\n<td>1000 pulses\/rotation<\/td>\n<\/tr>\n<tr>\n<td>S\u1ed1 pha \u0111\u1ea7u ra<\/td>\n<td>A, A-, B, B-, Z, Z- phase, A,B,Z phase<\/td>\n<\/tr>\n<tr>\n<td>Lo\u1ea1i \u0111\u1ea7u ra<\/td>\n<td>Line-driver output (TTL)<\/td>\n<\/tr>\n<tr>\n<td>Ph\u1ee5 ki\u1ec7n \u0111i k\u00e8m<\/td>\n<td>Coupling, Hexagonal wrench<\/td>\n<\/tr>\n<tr>\n<td>Ph\u1ee5 ki\u1ec7n mua r\u1eddi<\/td>\n<td>Bracket: E69-2, Coupling: E69-C06B, Coupling: E69-C06M, Coupling: E69-C610B, Coupling: E69-C68B, Flanges: E69-FBA, Flanges: E69-FBA02<\/td>\n<\/tr>\n<tr>\n<td>Lo\u1ea1i<\/td>\n<td>Ph\u00e1t xung t\u01b0\u01a1ng \u0111\u1ed1i<\/td>\n<\/tr>\n<tr>\n<td>\u0110\u01b0\u1eddng k\u00ednh tr\u1ee5c<\/td>\n<td>6mm<\/td>\n<\/tr>\n<tr>\n<td>\u0110\u01b0\u1eddng k\u00ednh th\u00e2n<\/td>\n<td>40mm<\/td>\n<\/tr>\n<tr>\n<td>T\u1ea7n s\u1ed1 \u0111\u00e1p \u1ee9ng l\u1edbn nh\u1ea5t<\/td>\n<td>100kHz<\/td>\n<\/tr>\n<tr>\n<td>T\u1ed1c \u0111\u1ed9 cho ph\u00e9p l\u1edbn nh\u1ea5t<\/td>\n<td>6000rpm<\/td>\n<\/tr>\n<tr>\n<td>Chi\u1ec1u quay<\/td>\n<td>Clockwise, Counterclockwise<\/td>\n<\/tr>\n<tr>\n<td>Giao di\u1ec7n truy\u1ec1n th\u00f4ng<\/td>\n<td>No<\/td>\n<\/tr>\n<tr>\n<td>Ki\u1ec3u k\u1ebft n\u1ed1i<\/td>\n<td>D\u00e2y li\u1ec1n<\/td>\n<\/tr>\n<tr>\n<td>Chi\u1ec1u d\u00e0i c\u00e1p Ch\u1ee9c n\u0103ng<\/td>\n<td>2m<\/td>\n<\/tr>\n<tr>\n<td>M\u00f4i tr\u01b0\u1eddng ho\u1ea1t \u0111\u1ed9ng<\/td>\n<td>Ti\u00eau chu\u1ea9n<\/td>\n<\/tr>\n<tr>\n<td>Nhi\u1ec7t \u0111\u1ed9 m\u00f4i tr\u01b0\u1eddng<\/td>\n<td>-10\u202670\u00b0C<\/td>\n<\/tr>\n<tr>\n<td>\u0110\u1ed9 \u1ea9m m\u00f4i tr\u01b0\u1eddng<\/td>\n<td>35\u202685%<\/td>\n<\/tr>\n<tr>\n<td>Kh\u1ed1i l\u01b0\u1ee3ng t\u01b0\u01a1ng \u0111\u1ed1i<\/td>\n<td>100g<\/td>\n<\/tr>\n<tr>\n<td>\u0110\u01b0\u1eddng k\u00ednh t\u1ed5ng th\u1ec3<\/td>\n<td>40mm<\/td>\n<\/tr>\n<tr>\n<td>Chi\u1ec1u d\u00e0i t\u1ed5ng th\u1ec3 (tr\u1eeb ph\u1ea7n c\u00e1p)<\/td>\n<td>59mm<\/td>\n<\/tr>\n<tr>\n<td>C\u1ea5p b\u1ea3o v\u1ec7<\/td>\n<td>IP50<\/td>\n<\/tr>\n<tr>\n<td>Ti\u00eau chu\u1ea9n<\/td>\n<td>CE<\/td>\n<\/tr>\n<\/tbody>\n<\/table>\n<h2 id=\"tablepress-182-name\" class=\"tablepress-table-name tablepress-table-name-id-182\">Omron E6B2-CWZ1X<\/h2>\n<p><span id=\"tablepress-182-description\" class=\"tablepress-table-description tablepress-table-description-id-182\">B\u1ea3ng h\u01b0\u1edbng d\u1eabn l\u1ef1a ch\u1ecdn Encoder Omron E6B2-CWZ1X Series<\/span><\/p>\n<div id=\"tablepress-182_wrapper\" class=\"dataTables_wrapper no-footer\">\n<div id=\"tablepress-182_filter\" class=\"dataTables_filter\"><\/div>\n<table id=\"tablepress-182\" class=\"tablepress tablepress-id-182 dataTable no-footer\" aria-labelledby=\"tablepress-182-name\" aria-describedby=\"tablepress-182_info\">\n<thead>\n<tr class=\"row-1 odd\">\n<th class=\"column-1 sorting\" colspan=\"1\" rowspan=\"1\" aria-controls=\"tablepress-182\" aria-label=\"SKU: activate to sort column ascending\">SKU<\/th>\n<th class=\"column-2 sorting\" colspan=\"1\" rowspan=\"1\" aria-controls=\"tablepress-182\" aria-label=\"M\u00f4 t\u1ea3: activate to sort column ascending\">M\u00f4 t\u1ea3<\/th>\n<\/tr>\n<\/thead>\n<tbody class=\"row-hover\">\n<tr class=\"row-2 even\">\n<td class=\"column-1\">E6B2-CWZ1X 1000P\/R 0.5M<\/td>\n<td class=\"column-2\">Incremental, Resolution 1000 P\/R, 40 mm-dia., Shaft model, Line driver output, Pre-wired models (0.5 m)<\/td>\n<\/tr>\n<tr class=\"row-3 odd\">\n<td class=\"column-1\">E6B2-CWZ1X 1000P\/R 2M<\/td>\n<td class=\"column-2\">Incremental, Resolution 1000 P\/R, 40 mm-dia., Shaft model, Line driver output, Pre-wired models (2 m)<\/td>\n<\/tr>\n<tr class=\"row-4 even\">\n<td class=\"column-1\">E6B2-CWZ1X 100P\/R 0.5M<\/td>\n<td class=\"column-2\">Incremental, Resolution 100 P\/R, 40 mm-dia., Shaft model, Line driver output, Pre-wired models (0.5 m)<\/td>\n<\/tr>\n<tr class=\"row-5 odd\">\n<td class=\"column-1\">E6B2-CWZ1X 1024P\/R 0.5M<\/td>\n<td class=\"column-2\">Incremental, Resolution 1024 P\/R, 40 mm-dia., Shaft model, Line driver output, Pre-wired models (0.5 m)<\/td>\n<\/tr>\n<tr class=\"row-6 even\">\n<td class=\"column-1\">E6B2-CWZ1X 10P\/R 0.5M<\/td>\n<td class=\"column-2\">Incremental, Resolution 10 P\/R, 40 mm-dia., Shaft model, Line driver output, Pre-wired models (0.5 m)<\/td>\n<\/tr>\n<tr class=\"row-7 odd\">\n<td class=\"column-1\">E6B2-CWZ1X 1200P\/R 0.5M<\/td>\n<td class=\"column-2\">Incremental, Resolution 1200 P\/R, 40 mm-dia., Shaft model, Line driver output, Pre-wired models (0.5 m)<\/td>\n<\/tr>\n<tr class=\"row-8 even\">\n<td class=\"column-1\">E6B2-CWZ1X 1500P\/R 0.5M<\/td>\n<td class=\"column-2\">Incremental, Resolution 1500 P\/R, 40 mm-dia., Shaft model, Line driver output, Pre-wired models (0.5 m)<\/td>\n<\/tr>\n<tr class=\"row-9 odd\">\n<td class=\"column-1\">E6B2-CWZ1X 1800P\/R 0.5M<\/td>\n<td class=\"column-2\">Incremental, Resolution 1800 P\/R, 40 mm-dia., Shaft model, Line driver output, Pre-wired models (0.5 m)<\/td>\n<\/tr>\n<tr class=\"row-10 even\">\n<td class=\"column-1\">E6B2-CWZ1X 1800P\/R 2M<\/td>\n<td class=\"column-2\">Incremental, Resolution 1800 P\/R, 40 mm-dia., Shaft model, Line driver output, Pre-wired models (2 m)<\/td>\n<\/tr>\n<tr class=\"row-11 odd\">\n<td class=\"column-1\">E6B2-CWZ1X 2000P\/R 2M<\/td>\n<td class=\"column-2\">Incremental, Resolution 2000 P\/R, 40 mm-dia., Shaft model, Line driver output, Pre-wired models (2 m)<\/td>\n<\/tr>\n<\/tbody>\n<\/table>\n<\/div>\n<p>&nbsp;<\/p>\n<table id=\"tablepress-182\" class=\"tablepress tablepress-id-182 dataTable no-footer\" aria-labelledby=\"tablepress-182-name\" aria-describedby=\"tablepress-182_info\">\n<tbody class=\"row-hover\">\n<tr class=\"row-12 even\">\n<td class=\"column-1\">E6B2-CWZ1X 200P\/R 0.5M<\/td>\n<td class=\"column-2\">Incremental, Resolution 200 P\/R, 40 mm-dia., Shaft model, Line driver output, Pre-wired models (0.5 m)<\/td>\n<\/tr>\n<tr class=\"row-13 odd\">\n<td class=\"column-1\">E6B2-CWZ1X 20P\/R 0.5M<\/td>\n<td class=\"column-2\">Incremental, Resolution 20 P\/R, 40 mm-dia., Shaft model, Line driver output, Pre-wired models (0.5 m)<\/td>\n<\/tr>\n<tr class=\"row-14 even\">\n<td class=\"column-1\">E6B2-CWZ1X 300P\/R 0.5M<\/td>\n<td class=\"column-2\">Incremental, Resolution 300 P\/R, 40 mm-dia., Shaft model, Line driver output, Pre-wired models (0.5 m)<\/td>\n<\/tr>\n<tr class=\"row-15 odd\">\n<td class=\"column-1\">E6B2-CWZ1X 30P\/R 0.5M<\/td>\n<td class=\"column-2\">Incremental, Resolution 30 P\/R, 40 mm-dia., Shaft model, Line driver output, Pre-wired models (0.5 m)<\/td>\n<\/tr>\n<tr class=\"row-16 even\">\n<td class=\"column-1\">E6B2-CWZ1X 360P\/R 0.5M<\/td>\n<td class=\"column-2\">Incremental, Resolution 360 P\/R, 40 mm-dia., Shaft model, Line driver output, Pre-wired models (0.5 m)<\/td>\n<\/tr>\n<tr class=\"row-17 odd\">\n<td class=\"column-1\">E6B2-CWZ1X 400P\/R 0.5M<\/td>\n<td class=\"column-2\">Incremental, Resolution 400 P\/R, 40 mm-dia., Shaft model, Line driver output, Pre-wired models (0.5 m)<\/td>\n<\/tr>\n<tr class=\"row-18 even\">\n<td class=\"column-1\">E6B2-CWZ1X 40P\/R 0.5M<\/td>\n<td class=\"column-2\">Incremental, Resolution 40 P\/R, 40 mm-dia., Shaft model, Line driver output, Pre-wired models (0.5 m)<\/td>\n<\/tr>\n<tr class=\"row-19 odd\">\n<td class=\"column-1\">E6B2-CWZ1X 500P\/R 0.5M<\/td>\n<td class=\"column-2\">Incremental, Resolution 500 P\/R, 40 mm-dia., Shaft model, Line driver output, Pre-wired models (0.5 m)<\/td>\n<\/tr>\n<tr class=\"row-20 even\">\n<td class=\"column-1\">E6B2-CWZ1X 50P\/R 0.5M<\/td>\n<td class=\"column-2\">Incremental, Resolution 50 P\/R, 40 mm-dia., Shaft model, Line driver output, Pre-wired models (0.5 m)<\/td>\n<\/tr>\n<tr class=\"row-21 odd\">\n<td class=\"column-1\">E6B2-CWZ1X 600P\/R 0.5M<\/td>\n<td class=\"column-2\">Incremental, Resolution 600 P\/R, 40 mm-dia., Shaft model, Line driver output, Pre-wired models (0.5 m)<\/td>\n<\/tr>\n<\/tbody>\n<\/table>\n<table id=\"tablepress-182\" class=\"tablepress tablepress-id-182 dataTable no-footer\" aria-labelledby=\"tablepress-182-name\" aria-describedby=\"tablepress-182_info\">\n<tbody class=\"row-hover\">\n<tr class=\"row-22 even\">\n<td class=\"column-1\">E6B2-CWZ1X 600P\/R 2M<\/td>\n<td class=\"column-2\">Incremental, Resolution 600 P\/R, 40 mm-dia., Shaft model, Line driver output, Pre-wired models (2 m)<\/td>\n<\/tr>\n<tr class=\"row-23 odd\">\n<td class=\"column-1\">E6B2-CWZ1X 60P\/R 0.5M<\/td>\n<td class=\"column-2\">Incremental, Resolution 60 P\/R, 40 mm-dia., Shaft model, Line driver output, Pre-wired models (0.5 m)<\/td>\n<\/tr>\n<\/tbody>\n<\/table>\n<p>&nbsp;<\/p>\n<p>\u0110\u1ea1i l\u00fd OMRON vietnam, OMRON viet nam, OMRON vietnam distributor, Ph\u00e2n ph\u1ed1i OMRON t\u1ea1i vi\u1ec7t nam<\/p>\n<p>\u0110\u1ea1i l\u00fd OMRON vietnam, OMRON viet nam, OMRON vietnam distributor, Ph\u00e2n ph\u1ed1i OMRON t\u1ea1i vi\u1ec7t nam<\/p>\n<p>\u0110\u1ea1i l\u00fd OMRON vietnam, OMRON viet nam, OMRON vietnam distributor, Ph\u00e2n ph\u1ed1i OMRON t\u1ea1i vi\u1ec7t nam<\/p>\n<p>\u0110\u1ea1i l\u00fd OMRON vietnam, OMRON viet nam, OMRON vietnam distributor, Ph\u00e2n ph\u1ed1i OMRON t\u1ea1i vi\u1ec7t nam<\/p>\n<p>\u0110\u1ea1i l\u00fd OMRON vietnam, OMRON viet nam, OMRON vietnam distributor, Ph\u00e2n ph\u1ed1i OMRON t\u1ea1i vi\u1ec7t nam<\/p>\n","protected":false},"excerpt":{"rendered":"<p>OMRON E6B2-CWZ1X 1000P\/R Rotary Encoder, Incremental Type, General-Purpose Type [E6B2-C] (E6B2-CWZ1X 1000P\/R 2M) Product Description Outer diameter \u00f840 general-purpose type. [Features] \u30fb Incremental type \u00b7Resolution (maximum): 1,000P\/R Configured Specifications Classification Incremental model Resolution(P\/R) 1000 O.D.(\u03c6) 40 Shaft diameter(\u03c6) 6 Power Supply Voltage(V) 5 VDC Consumption Current(mA) 160 maximum Output Phase(phase)&hellip; <\/p>\n","protected":false},"featured_media":1906,"comment_status":"open","ping_status":"closed","template":"","meta":[],"product_cat":[311],"product_tag":[174,105,104],"class_list":{"0":"post-1905","1":"product","2":"type-product","3":"status-publish","4":"has-post-thumbnail","6":"product_cat-omron","7":"product_tag-bo-ma-hoa","8":"product_tag-dai-ly-omron-viet-nam","9":"product_tag-omron-viet-nam","11":"first","12":"instock","13":"shipping-taxable","14":"product-type-simple"},"yoast_head":"<!-- This site is optimized with the Yoast SEO plugin v22.8 - https:\/\/yoast.com\/wordpress\/plugins\/seo\/ -->\n<title>OMRON E6B2-CWZ1X 1000P\/R - OMANI VI\u1ec6T NAM<\/title>\n<meta name=\"robots\" content=\"index, follow, max-snippet:-1, max-image-preview:large, max-video-preview:-1\" \/>\n<link rel=\"canonical\" href=\"https:\/\/omanivietnam.com\/index.php\/san-pham\/omron-e6b2-cwz1x-1000p-r\/\" \/>\n<meta property=\"og:locale\" content=\"vi_VN\" \/>\n<meta property=\"og:type\" content=\"article\" \/>\n<meta property=\"og:title\" content=\"OMRON E6B2-CWZ1X 1000P\/R - OMANI VI\u1ec6T NAM\" \/>\n<meta property=\"og:description\" content=\"OMRON E6B2-CWZ1X 1000P\/R Rotary Encoder, Incremental Type, General-Purpose Type [E6B2-C] (E6B2-CWZ1X 1000P\/R 2M) Product Description Outer diameter \u00f840 general-purpose type. [Features] \u30fb Incremental type \u00b7Resolution (maximum): 1,000P\/R Configured Specifications Classification Incremental model Resolution(P\/R) 1000 O.D.(\u03c6) 40 Shaft diameter(\u03c6) 6 Power Supply Voltage(V) 5 VDC Consumption Current(mA) 160 maximum Output Phase(phase)&hellip;\" \/>\n<meta property=\"og:url\" content=\"https:\/\/omanivietnam.com\/index.php\/san-pham\/omron-e6b2-cwz1x-1000p-r\/\" \/>\n<meta property=\"og:site_name\" content=\"OMANI VI\u1ec6T NAM\" \/>\n<meta property=\"article:modified_time\" content=\"2024-09-28T13:53:50+00:00\" \/>\n<meta property=\"og:image\" content=\"https:\/\/omanivietnam.com\/wp-content\/uploads\/2024\/09\/E6B2-CWZ1X-1000-P-R.png\" \/>\n\t<meta property=\"og:image:width\" content=\"438\" \/>\n\t<meta property=\"og:image:height\" content=\"376\" \/>\n\t<meta property=\"og:image:type\" content=\"image\/png\" \/>\n<meta name=\"twitter:card\" content=\"summary_large_image\" \/>\n<meta name=\"twitter:label1\" content=\"\u01af\u1edbc t\u00ednh th\u1eddi gian \u0111\u1ecdc\" \/>\n\t<meta name=\"twitter:data1\" content=\"5 ph\u00fat\" \/>\n<script type=\"application\/ld+json\" class=\"yoast-schema-graph\">{\"@context\":\"https:\/\/schema.org\",\"@graph\":[{\"@type\":\"WebPage\",\"@id\":\"https:\/\/omanivietnam.com\/index.php\/san-pham\/omron-e6b2-cwz1x-1000p-r\/\",\"url\":\"https:\/\/omanivietnam.com\/index.php\/san-pham\/omron-e6b2-cwz1x-1000p-r\/\",\"name\":\"OMRON E6B2-CWZ1X 1000P\/R - OMANI VI\u1ec6T NAM\",\"isPartOf\":{\"@id\":\"https:\/\/omanivietnam.com\/#website\"},\"primaryImageOfPage\":{\"@id\":\"https:\/\/omanivietnam.com\/index.php\/san-pham\/omron-e6b2-cwz1x-1000p-r\/#primaryimage\"},\"image\":{\"@id\":\"https:\/\/omanivietnam.com\/index.php\/san-pham\/omron-e6b2-cwz1x-1000p-r\/#primaryimage\"},\"thumbnailUrl\":\"https:\/\/omanivietnam.com\/wp-content\/uploads\/2024\/09\/E6B2-CWZ1X-1000-P-R.png\",\"datePublished\":\"2024-09-28T13:52:36+00:00\",\"dateModified\":\"2024-09-28T13:53:50+00:00\",\"breadcrumb\":{\"@id\":\"https:\/\/omanivietnam.com\/index.php\/san-pham\/omron-e6b2-cwz1x-1000p-r\/#breadcrumb\"},\"inLanguage\":\"vi\",\"potentialAction\":[{\"@type\":\"ReadAction\",\"target\":[\"https:\/\/omanivietnam.com\/index.php\/san-pham\/omron-e6b2-cwz1x-1000p-r\/\"]}]},{\"@type\":\"ImageObject\",\"inLanguage\":\"vi\",\"@id\":\"https:\/\/omanivietnam.com\/index.php\/san-pham\/omron-e6b2-cwz1x-1000p-r\/#primaryimage\",\"url\":\"https:\/\/omanivietnam.com\/wp-content\/uploads\/2024\/09\/E6B2-CWZ1X-1000-P-R.png\",\"contentUrl\":\"https:\/\/omanivietnam.com\/wp-content\/uploads\/2024\/09\/E6B2-CWZ1X-1000-P-R.png\",\"width\":438,\"height\":376},{\"@type\":\"BreadcrumbList\",\"@id\":\"https:\/\/omanivietnam.com\/index.php\/san-pham\/omron-e6b2-cwz1x-1000p-r\/#breadcrumb\",\"itemListElement\":[{\"@type\":\"ListItem\",\"position\":1,\"name\":\"Home\",\"item\":\"https:\/\/omanivietnam.com\/\"},{\"@type\":\"ListItem\",\"position\":2,\"name\":\"S\u1ea2N PH\u1ea8M\",\"item\":\"https:\/\/omanivietnam.com\/index.php\/cua-hang\/\"},{\"@type\":\"ListItem\",\"position\":3,\"name\":\"OMRON E6B2-CWZ1X 1000P\/R\"}]},{\"@type\":\"WebSite\",\"@id\":\"https:\/\/omanivietnam.com\/#website\",\"url\":\"https:\/\/omanivietnam.com\/\",\"name\":\"OMANI VI\u1ec6T NAM\",\"description\":\"Nh\u00e0 ph\u00e2n ph\u1ed1i thi\u1ebft b\u1ecb kh\u00ed n\u00e9n v\u00e0 thi\u1ebft b\u1ecb t\u1ef1 \u0111\u1ed9ng h\u00f3a trong c\u00f4ng nghi\u1ec7p\",\"publisher\":{\"@id\":\"https:\/\/omanivietnam.com\/#\/schema\/person\/0ad398a980dc3fd696111c2c5c8fa897\"},\"potentialAction\":[{\"@type\":\"SearchAction\",\"target\":{\"@type\":\"EntryPoint\",\"urlTemplate\":\"https:\/\/omanivietnam.com\/?s={search_term_string}\"},\"query-input\":\"required name=search_term_string\"}],\"inLanguage\":\"vi\"},{\"@type\":[\"Person\",\"Organization\"],\"@id\":\"https:\/\/omanivietnam.com\/#\/schema\/person\/0ad398a980dc3fd696111c2c5c8fa897\",\"name\":\"Nguy\u1ec5n V\u0103n Kh\u00e1nh\",\"image\":{\"@type\":\"ImageObject\",\"inLanguage\":\"vi\",\"@id\":\"https:\/\/omanivietnam.com\/#\/schema\/person\/image\/\",\"url\":\"https:\/\/omanivietnam.com\/wp-content\/uploads\/2024\/06\/logo-1024x1024.png\",\"contentUrl\":\"https:\/\/omanivietnam.com\/wp-content\/uploads\/2024\/06\/logo-1024x1024.png\",\"width\":1024,\"height\":1024,\"caption\":\"Nguy\u1ec5n V\u0103n Kh\u00e1nh\"},\"logo\":{\"@id\":\"https:\/\/omanivietnam.com\/#\/schema\/person\/image\/\"},\"sameAs\":[\"https:\/\/omanivietnam.com\"]}]}<\/script>\n<!-- \/ Yoast SEO plugin. -->","yoast_head_json":{"title":"OMRON E6B2-CWZ1X 1000P\/R - OMANI VI\u1ec6T NAM","robots":{"index":"index","follow":"follow","max-snippet":"max-snippet:-1","max-image-preview":"max-image-preview:large","max-video-preview":"max-video-preview:-1"},"canonical":"https:\/\/omanivietnam.com\/index.php\/san-pham\/omron-e6b2-cwz1x-1000p-r\/","og_locale":"vi_VN","og_type":"article","og_title":"OMRON E6B2-CWZ1X 1000P\/R - OMANI VI\u1ec6T NAM","og_description":"OMRON E6B2-CWZ1X 1000P\/R Rotary Encoder, Incremental Type, General-Purpose Type [E6B2-C] (E6B2-CWZ1X 1000P\/R 2M) Product Description Outer diameter \u00f840 general-purpose type. [Features] \u30fb Incremental type \u00b7Resolution (maximum): 1,000P\/R Configured Specifications Classification Incremental model Resolution(P\/R) 1000 O.D.(\u03c6) 40 Shaft diameter(\u03c6) 6 Power Supply Voltage(V) 5 VDC Consumption Current(mA) 160 maximum Output Phase(phase)&hellip;","og_url":"https:\/\/omanivietnam.com\/index.php\/san-pham\/omron-e6b2-cwz1x-1000p-r\/","og_site_name":"OMANI VI\u1ec6T NAM","article_modified_time":"2024-09-28T13:53:50+00:00","og_image":[{"width":438,"height":376,"url":"https:\/\/omanivietnam.com\/wp-content\/uploads\/2024\/09\/E6B2-CWZ1X-1000-P-R.png","type":"image\/png"}],"twitter_card":"summary_large_image","twitter_misc":{"\u01af\u1edbc t\u00ednh th\u1eddi gian \u0111\u1ecdc":"5 ph\u00fat"},"schema":{"@context":"https:\/\/schema.org","@graph":[{"@type":"WebPage","@id":"https:\/\/omanivietnam.com\/index.php\/san-pham\/omron-e6b2-cwz1x-1000p-r\/","url":"https:\/\/omanivietnam.com\/index.php\/san-pham\/omron-e6b2-cwz1x-1000p-r\/","name":"OMRON E6B2-CWZ1X 1000P\/R - OMANI VI\u1ec6T NAM","isPartOf":{"@id":"https:\/\/omanivietnam.com\/#website"},"primaryImageOfPage":{"@id":"https:\/\/omanivietnam.com\/index.php\/san-pham\/omron-e6b2-cwz1x-1000p-r\/#primaryimage"},"image":{"@id":"https:\/\/omanivietnam.com\/index.php\/san-pham\/omron-e6b2-cwz1x-1000p-r\/#primaryimage"},"thumbnailUrl":"https:\/\/omanivietnam.com\/wp-content\/uploads\/2024\/09\/E6B2-CWZ1X-1000-P-R.png","datePublished":"2024-09-28T13:52:36+00:00","dateModified":"2024-09-28T13:53:50+00:00","breadcrumb":{"@id":"https:\/\/omanivietnam.com\/index.php\/san-pham\/omron-e6b2-cwz1x-1000p-r\/#breadcrumb"},"inLanguage":"vi","potentialAction":[{"@type":"ReadAction","target":["https:\/\/omanivietnam.com\/index.php\/san-pham\/omron-e6b2-cwz1x-1000p-r\/"]}]},{"@type":"ImageObject","inLanguage":"vi","@id":"https:\/\/omanivietnam.com\/index.php\/san-pham\/omron-e6b2-cwz1x-1000p-r\/#primaryimage","url":"https:\/\/omanivietnam.com\/wp-content\/uploads\/2024\/09\/E6B2-CWZ1X-1000-P-R.png","contentUrl":"https:\/\/omanivietnam.com\/wp-content\/uploads\/2024\/09\/E6B2-CWZ1X-1000-P-R.png","width":438,"height":376},{"@type":"BreadcrumbList","@id":"https:\/\/omanivietnam.com\/index.php\/san-pham\/omron-e6b2-cwz1x-1000p-r\/#breadcrumb","itemListElement":[{"@type":"ListItem","position":1,"name":"Home","item":"https:\/\/omanivietnam.com\/"},{"@type":"ListItem","position":2,"name":"S\u1ea2N PH\u1ea8M","item":"https:\/\/omanivietnam.com\/index.php\/cua-hang\/"},{"@type":"ListItem","position":3,"name":"OMRON E6B2-CWZ1X 1000P\/R"}]},{"@type":"WebSite","@id":"https:\/\/omanivietnam.com\/#website","url":"https:\/\/omanivietnam.com\/","name":"OMANI VI\u1ec6T NAM","description":"Nh\u00e0 ph\u00e2n ph\u1ed1i thi\u1ebft b\u1ecb kh\u00ed n\u00e9n v\u00e0 thi\u1ebft b\u1ecb t\u1ef1 \u0111\u1ed9ng h\u00f3a trong c\u00f4ng nghi\u1ec7p","publisher":{"@id":"https:\/\/omanivietnam.com\/#\/schema\/person\/0ad398a980dc3fd696111c2c5c8fa897"},"potentialAction":[{"@type":"SearchAction","target":{"@type":"EntryPoint","urlTemplate":"https:\/\/omanivietnam.com\/?s={search_term_string}"},"query-input":"required name=search_term_string"}],"inLanguage":"vi"},{"@type":["Person","Organization"],"@id":"https:\/\/omanivietnam.com\/#\/schema\/person\/0ad398a980dc3fd696111c2c5c8fa897","name":"Nguy\u1ec5n V\u0103n Kh\u00e1nh","image":{"@type":"ImageObject","inLanguage":"vi","@id":"https:\/\/omanivietnam.com\/#\/schema\/person\/image\/","url":"https:\/\/omanivietnam.com\/wp-content\/uploads\/2024\/06\/logo-1024x1024.png","contentUrl":"https:\/\/omanivietnam.com\/wp-content\/uploads\/2024\/06\/logo-1024x1024.png","width":1024,"height":1024,"caption":"Nguy\u1ec5n V\u0103n Kh\u00e1nh"},"logo":{"@id":"https:\/\/omanivietnam.com\/#\/schema\/person\/image\/"},"sameAs":["https:\/\/omanivietnam.com"]}]}},"_links":{"self":[{"href":"https:\/\/omanivietnam.com\/index.php\/wp-json\/wp\/v2\/product\/1905","targetHints":{"allow":["GET"]}}],"collection":[{"href":"https:\/\/omanivietnam.com\/index.php\/wp-json\/wp\/v2\/product"}],"about":[{"href":"https:\/\/omanivietnam.com\/index.php\/wp-json\/wp\/v2\/types\/product"}],"replies":[{"embeddable":true,"href":"https:\/\/omanivietnam.com\/index.php\/wp-json\/wp\/v2\/comments?post=1905"}],"wp:featuredmedia":[{"embeddable":true,"href":"https:\/\/omanivietnam.com\/index.php\/wp-json\/wp\/v2\/media\/1906"}],"wp:attachment":[{"href":"https:\/\/omanivietnam.com\/index.php\/wp-json\/wp\/v2\/media?parent=1905"}],"wp:term":[{"taxonomy":"product_cat","embeddable":true,"href":"https:\/\/omanivietnam.com\/index.php\/wp-json\/wp\/v2\/product_cat?post=1905"},{"taxonomy":"product_tag","embeddable":true,"href":"https:\/\/omanivietnam.com\/index.php\/wp-json\/wp\/v2\/product_tag?post=1905"}],"curies":[{"name":"wp","href":"https:\/\/api.w.org\/{rel}","templated":true}]}}