{"id":1929,"date":"2024-10-01T00:38:17","date_gmt":"2024-09-30T17:38:17","guid":{"rendered":"https:\/\/omanivietnam.com\/?post_type=product&#038;p=1929"},"modified":"2024-10-01T00:39:30","modified_gmt":"2024-09-30T17:39:30","slug":"sick-wf2-40b410","status":"publish","type":"product","link":"https:\/\/omanivietnam.com\/index.php\/san-pham\/sick-wf2-40b410\/","title":{"rendered":"SICK WF2-40B410"},"content":{"rendered":"<p>SICK WF2-40B410<\/p>\n<p>SICK YF8U14-050VA3XLEAX<\/p>\n<p>C\u1ea3m bi\u1ebfn\u00a0<strong>SICK WF2-40B410<\/strong>\u00a0gi\u00fap ph\u00e1t hi\u1ec7n s\u1ef1 hi\u1ec7n di\u1ec7n c\u1ee7a c\u00e1c \u0111\u1ed1i t\u01b0\u1ee3ng ch\u00ednh x\u00e1c trong quy tr\u00ecnh s\u1ea3n xu\u1ea5t \u0111\u1ec3 \u0111\u1ea3m b\u1ea3o m\u1ecdi th\u1ee9 ho\u1ea1t \u0111\u1ed9ng tr\u01a1n tru v\u00e0 c\u00f3 k\u1ebf ho\u1ea1ch<\/p>\n<ul>\n<li>C\u00f3 th\u1ec3 ph\u00e1t hi\u1ec7n c\u00e1c v\u1eadt th\u1ec3 nh\u1ecf hay nh\u1eefng v\u1eadt th\u1ec3 di chuy\u1ec3n \u1edf t\u1ed1c \u0111\u1ed9 cao<\/li>\n<li>D\u1ec5 d\u00e0ng truy c\u1eadp d\u1eef li\u1ec7u t\u1eeb PLC qua IO-Link<\/li>\n<li>Kh\u1ea3 n\u0103ng mi\u1ec5n nhi\u1ec5m \u00e1nh s\u00e1ng xung quanh tuy\u1ec7t v\u1eddi nh\u1edd ngu\u1ed3n s\u00e1ng h\u1ed3ng ngo\u1ea1i<\/li>\n<li>V\u1ecf nh\u00f4m ch\u1eafc ch\u1eafn, l\u00fd t\u01b0\u1edfng \u0111\u1ec3 s\u1eed d\u1ee5ng trong m\u00f4i tr\u01b0\u1eddng kh\u1eafc nghi\u1ec7t<\/li>\n<\/ul>\n<p><strong>\u1ee8ng d\u1ee5ng<\/strong><\/p>\n<ul>\n<li>Ph\u00e1t hi\u1ec7n nh\u00e3n m\u1edd<\/li>\n<li>Ph\u00e1t hi\u1ec7n c\u00e1c c\u1ea1nh, l\u1ed7 v\u00e0 v\u1eadt th\u1ec3 trong quy tr\u00ecnh s\u1ea3n xu\u1ea5t \u1edf t\u1ed1c \u0111\u1ed9 cao<\/li>\n<\/ul>\n<p><strong>Chi ti\u1ebft k\u1ef9 thu\u1eadt s\u1ea3n ph\u1ea9m<\/strong><\/p>\n<div class=\"table-responsive\">\n<table width=\"676\">\n<tbody>\n<tr>\n<td width=\"235\">Chi\u1ec1u r\u1ed9ng<\/td>\n<td>2 mm<\/td>\n<\/tr>\n<tr>\n<td width=\"235\">\u0110\u1ed9 s\u00e2u<\/td>\n<td>42 mm<\/td>\n<\/tr>\n<tr>\n<td width=\"235\">\u0110\u1ed1i t\u01b0\u1ee3ng c\u00f3 th\u1ec3 ph\u00e1t hi\u1ec7n t\u1ed1i thi\u1ec3u (MDO)<\/td>\n<td>0,2 mm<\/td>\n<\/tr>\n<tr>\n<td width=\"235\">Ngu\u1ed3n s\u00e1ng<\/td>\n<td>LED, h\u1ed3ng ngo\u1ea1i<\/td>\n<\/tr>\n<tr>\n<td width=\"235\">Chi\u1ec1u d\u00e0i s\u00f3ng<\/td>\n<td>850 nm<\/td>\n<\/tr>\n<tr>\n<td width=\"235\">\u0110i\u1ec1u ch\u1ec9nh<\/td>\n<td>N\u00fat c\u1ed9ng \/ tr\u1eeb<\/td>\n<\/tr>\n<tr>\n<td width=\"235\">Hi\u00ea\u0323u \u0111i\u00ea\u0323n th\u1ebf<\/td>\n<td>10 V DC \u2026 30 V DC<\/td>\n<\/tr>\n<tr>\n<td width=\"235\">Chuy\u1ec3n \u0111\u1ed5i \u0111\u1ea7u ra<\/td>\n<td>PNP \/ NPN<\/td>\n<\/tr>\n<tr>\n<td width=\"235\">Chuy\u1ec3n ch\u1ebf \u0111\u1ed9<\/td>\n<td>Chuy\u1ec3n \u0111\u1ed5i s\u00e1ng \/ t\u1ed1i<\/td>\n<\/tr>\n<tr>\n<td width=\"235\">Ki\u1ec3u k\u1ebft n\u1ed1i<\/td>\n<td>\u0110\u1ea7u n\u1ed1i nam M8, 4 ch\u00e2n<\/td>\n<\/tr>\n<tr>\n<td width=\"235\">C\u1ea5p b\u1ea3o v\u1ec7<\/td>\n<td>IP65<\/td>\n<\/tr>\n<\/tbody>\n<\/table>\n<\/div>\n<p class=\"title-product item_name\">C\u1ea3m bi\u1ebfn Sick WF2-40B410 6028428<\/p>\n<p>1. C\u1ea3m bi\u1ebfn WF2-40B410 6028428:<\/p>\n<div>\n<div>\u0110i\u1ec7n \u00c1p M\u1ed9t Chi\u1ec1u T\u1ed1i \u0110a : 30V<\/div>\n<div>T\u1ed1i \u0110a Hi\u1ec7n T\u1ea1i : 100 mA<\/div>\n<div>Ki\u1ec3u L\u1eafp : B\u1ea3ng \u0111i\u1ec1u khi\u1ec3n<\/div>\n<div>\u0110\u00e1nh Gi\u00e1 IP : IP65<\/div>\n<div>Lo\u1ea1t : WF<\/div>\n<div>K\u1ebft N\u1ed1i \u0110i\u1ec7n : \u0110\u1ea7u n\u1ed1i 4 ch\u00e2n M8<\/div>\n<div>Lo\u1ea1i Ph\u00e1t Hi\u1ec7n : Qua ch\u00f9m (Ng\u00e3 ba)<\/div>\n<div>Lo\u1ea1i \u0110\u1ea7u Ra : NPN \/ PNP<\/div>\n<div>V\u1eadt Li\u1ec7u Nh\u00e0 \u1ede : Nh\u00f4m<\/div>\n<div>Ph\u1ea1m Vi Ph\u00e1t Hi\u1ec7n : 2 mm<\/div>\n<div>Nhi\u1ec7t \u0110\u1ed9 Ho\u1ea1t \u0110\u1ed9ng T\u1ed1i Thi\u1ec3u : -20 \u00b0 C<\/div>\n<div>Ki\u1ec3u C\u1ea3m Bi\u1ebfn : C\u00e1i n\u0129a<\/div>\n<div>Th\u1eddi Gian \u0110\u00e1p \u1ee8ng : 100 gi\u00e2y<\/div>\n<div>Nhi\u1ec7t \u0110\u1ed9 Ho\u1ea1t \u0110\u1ed9ng T\u1ed1i \u0110a : + 60 \u00b0 C<\/div>\n<div>Ngu\u1ed3n S\u00e1ng : H\u1ed3ng ngo\u1ea1i<\/div>\n<\/div>\n<div><\/div>\n<div>\n<p><em><strong>Th\u00f4ng s\u1ed1 k\u1ef9 thu\u1eadt c\u1ea3m bi\u1ebfn Sick WF2-40B410<\/strong><\/em><\/p>\n<ul>\n<li class=\"js_slide_container js_accordion_element slide_container toggle_active\">\n<div class=\"js_toggle_content toggle_content product_classifications js_toggle_opened\">\n<table>\n<tbody>\n<tr>\n<td>Functional principle<\/td>\n<td>Optical detection principle<\/td>\n<\/tr>\n<tr>\n<td>Dimensions (W x H x D)<\/td>\n<td>10 mm x 32 mm x 57 mm<\/td>\n<\/tr>\n<tr>\n<td>Housing design<\/td>\n<td>Fork shaped<\/td>\n<\/tr>\n<tr>\n<td>Fork width<\/td>\n<td>2 mm<\/td>\n<\/tr>\n<tr>\n<td>Fork depth<\/td>\n<td>42 mm<\/td>\n<\/tr>\n<tr>\n<td>Minimum detectable object (MDO)<\/td>\n<td>0.2 mm<\/td>\n<\/tr>\n<tr>\n<td>Label detection<\/td>\n<td>\u2714<\/td>\n<\/tr>\n<tr>\n<td>Light source<\/td>\n<td>LED, infrared, Infrared light<\/td>\n<\/tr>\n<tr>\n<td>Wave length<\/td>\n<td>850 nm<\/td>\n<\/tr>\n<tr>\n<td>Adjustment<\/td>\n<td>Plus\/minus button (Sensitivity, light\/dark switching, key lock)<\/td>\n<\/tr>\n<tr>\n<td>Teach-in mode<\/td>\n<td>\u2014<\/td>\n<\/tr>\n<tr>\n<td>Output function<\/td>\n<td>Light\/darkswitching, selectable via button<\/td>\n<\/tr>\n<\/tbody>\n<\/table>\n<\/div>\n<\/li>\n<\/ul>\n<ul>\n<li class=\"js_slide_container js_accordion_element slide_container toggle_active\">\n<div class=\"js_toggle_activator sprite toggle_close\">Mechanics\/electronics<\/div>\n<div class=\"js_toggle_content toggle_content product_classifications js_toggle_opened\">\n<table>\n<tbody>\n<tr>\n<td>Supply voltage<\/td>\n<td>10 V DC \u2026 30 V DC<\/td>\n<\/tr>\n<tr>\n<td>Ripple<\/td>\n<td>&lt; 10 %\u00a0<sup>2)<\/sup><\/td>\n<\/tr>\n<tr>\n<td>Current consumption<\/td>\n<td>40 mA<\/td>\n<\/tr>\n<tr>\n<td>Switching frequency<\/td>\n<td>10 kHz\u00a0<sup>3)<\/sup><\/td>\n<\/tr>\n<tr>\n<td>Response time<\/td>\n<td>100 \u00b5s<\/td>\n<\/tr>\n<tr>\n<td>Stability of response time<\/td>\n<td>\u00b1 20 \u00b5s<\/td>\n<\/tr>\n<tr>\n<td>Jitter<\/td>\n<td>40 \u00b5s<\/td>\n<\/tr>\n<tr>\n<td>Switching output<\/td>\n<td>PNP\/NPN<\/td>\n<\/tr>\n<tr>\n<td>Switching output (voltage)<\/td>\n<td>PNP: HIGH = U<sub>V<\/sub>\u00a0\u2264 2 V \/ LOW approx. 0 VNPN: HIGH = approx. U<sub>V\u00a0<\/sub>\/ LOW \u2264 2 V<\/td>\n<\/tr>\n<tr>\n<td>Switching mode<\/td>\n<td>Light\/dark switching<\/td>\n<\/tr>\n<tr>\n<td>Output current I<sub>max.<\/sub><\/td>\n<td>100 mA<\/td>\n<\/tr>\n<tr>\n<td>Initialization time<\/td>\n<td>100 ms<\/td>\n<\/tr>\n<tr>\n<td>Connection type<\/td>\n<td>Male connector M8, 4-pin<\/td>\n<\/tr>\n<tr>\n<td>Protection class<\/td>\n<td>III\u00a0<sup>4)<\/sup><\/td>\n<\/tr>\n<tr>\n<td>Circuit protection<\/td>\n<td>U<sub>V<\/sub>\u00a0connections, reverse polarity protectedOutput Q short-circuit protected<\/p>\n<p>Interference pulse suppression<\/td>\n<\/tr>\n<tr>\n<td>Enclosure rating<\/td>\n<td>IP65<\/td>\n<\/tr>\n<tr>\n<td>Weight<\/td>\n<td>Approx. 36 g \u2026 160 g<\/td>\n<\/tr>\n<tr>\n<td>Housing material<\/td>\n<td>Metal, Aluminum<\/td>\n<\/tr>\n<\/tbody>\n<\/table>\n<\/div>\n<p>\u0110\u1ea1i l\u00fd SICK vietnam, SICK viet nam, SICK vietnam distributor, Ph\u00e2n ph\u1ed1i SICK t\u1ea1i vi\u1ec7t nam<\/p>\n<p>\u0110\u1ea1i l\u00fd SICK vietnam, SICK viet nam, SICK vietnam distributor, Ph\u00e2n ph\u1ed1i SICK t\u1ea1i vi\u1ec7t nam<\/p>\n<p>\u0110\u1ea1i l\u00fd SICK vietnam, SICK viet nam, SICK vietnam distributor, Ph\u00e2n ph\u1ed1i SICK t\u1ea1i vi\u1ec7t nam<\/p>\n<p>\u0110\u1ea1i l\u00fd SICK vietnam, SICK viet nam, SICK vietnam distributor, Ph\u00e2n ph\u1ed1i SICK t\u1ea1i vi\u1ec7t nam<\/p>\n<p>\u0110\u1ea1i l\u00fd SICK vietnam, SICK viet nam, SICK vietnam distributor, Ph\u00e2n ph\u1ed1i SICK t\u1ea1i vi\u1ec7t nam<\/p>\n<p>&nbsp;<\/li>\n<\/ul>\n<\/div>\n","protected":false},"excerpt":{"rendered":"<p>SICK WF2-40B410 SICK YF8U14-050VA3XLEAX C\u1ea3m bi\u1ebfn\u00a0SICK WF2-40B410\u00a0gi\u00fap ph\u00e1t hi\u1ec7n s\u1ef1 hi\u1ec7n di\u1ec7n c\u1ee7a c\u00e1c \u0111\u1ed1i t\u01b0\u1ee3ng ch\u00ednh x\u00e1c trong quy tr\u00ecnh s\u1ea3n xu\u1ea5t \u0111\u1ec3 \u0111\u1ea3m b\u1ea3o m\u1ecdi th\u1ee9 ho\u1ea1t \u0111\u1ed9ng tr\u01a1n tru v\u00e0 c\u00f3 k\u1ebf ho\u1ea1ch C\u00f3 th\u1ec3 ph\u00e1t hi\u1ec7n c\u00e1c v\u1eadt th\u1ec3 nh\u1ecf hay nh\u1eefng v\u1eadt th\u1ec3 di chuy\u1ec3n&hellip; <\/p>\n","protected":false},"featured_media":1930,"comment_status":"open","ping_status":"closed","template":"","meta":[],"product_cat":[297],"product_tag":[88,89,90],"class_list":{"0":"post-1929","1":"product","2":"type-product","3":"status-publish","4":"has-post-thumbnail","6":"product_cat-sick","7":"product_tag-cam-bien","8":"product_tag-dai-ly-sick-viet-nam","9":"product_tag-sick-viet-nam","11":"first","12":"instock","13":"shipping-taxable","14":"product-type-simple"},"yoast_head":"<!-- This site is optimized with the Yoast SEO plugin v22.8 - https:\/\/yoast.com\/wordpress\/plugins\/seo\/ -->\n<title>SICK WF2-40B410 - OMANI VI\u1ec6T NAM<\/title>\n<meta name=\"robots\" content=\"index, follow, max-snippet:-1, max-image-preview:large, max-video-preview:-1\" \/>\n<link rel=\"canonical\" href=\"https:\/\/omanivietnam.com\/index.php\/san-pham\/sick-wf2-40b410\/\" \/>\n<meta property=\"og:locale\" content=\"vi_VN\" \/>\n<meta property=\"og:type\" content=\"article\" \/>\n<meta property=\"og:title\" content=\"SICK WF2-40B410 - OMANI VI\u1ec6T NAM\" \/>\n<meta property=\"og:description\" content=\"SICK WF2-40B410 SICK YF8U14-050VA3XLEAX C\u1ea3m bi\u1ebfn\u00a0SICK WF2-40B410\u00a0gi\u00fap ph\u00e1t hi\u1ec7n s\u1ef1 hi\u1ec7n di\u1ec7n c\u1ee7a c\u00e1c \u0111\u1ed1i t\u01b0\u1ee3ng ch\u00ednh x\u00e1c trong quy tr\u00ecnh s\u1ea3n xu\u1ea5t \u0111\u1ec3 \u0111\u1ea3m b\u1ea3o m\u1ecdi th\u1ee9 ho\u1ea1t \u0111\u1ed9ng tr\u01a1n tru v\u00e0 c\u00f3 k\u1ebf ho\u1ea1ch C\u00f3 th\u1ec3 ph\u00e1t hi\u1ec7n c\u00e1c v\u1eadt th\u1ec3 nh\u1ecf hay nh\u1eefng v\u1eadt th\u1ec3 di chuy\u1ec3n&hellip;\" \/>\n<meta property=\"og:url\" content=\"https:\/\/omanivietnam.com\/index.php\/san-pham\/sick-wf2-40b410\/\" \/>\n<meta property=\"og:site_name\" content=\"OMANI VI\u1ec6T NAM\" \/>\n<meta property=\"article:modified_time\" content=\"2024-09-30T17:39:30+00:00\" \/>\n<meta property=\"og:image\" content=\"https:\/\/omanivietnam.com\/wp-content\/uploads\/2024\/10\/WF2-40B410.png\" \/>\n\t<meta property=\"og:image:width\" content=\"431\" \/>\n\t<meta property=\"og:image:height\" content=\"442\" \/>\n\t<meta property=\"og:image:type\" content=\"image\/png\" \/>\n<meta name=\"twitter:card\" content=\"summary_large_image\" \/>\n<meta name=\"twitter:label1\" content=\"\u01af\u1edbc t\u00ednh th\u1eddi gian \u0111\u1ecdc\" \/>\n\t<meta name=\"twitter:data1\" content=\"4 ph\u00fat\" \/>\n<script type=\"application\/ld+json\" class=\"yoast-schema-graph\">{\"@context\":\"https:\/\/schema.org\",\"@graph\":[{\"@type\":\"WebPage\",\"@id\":\"https:\/\/omanivietnam.com\/index.php\/san-pham\/sick-wf2-40b410\/\",\"url\":\"https:\/\/omanivietnam.com\/index.php\/san-pham\/sick-wf2-40b410\/\",\"name\":\"SICK WF2-40B410 - OMANI VI\u1ec6T NAM\",\"isPartOf\":{\"@id\":\"https:\/\/omanivietnam.com\/#website\"},\"primaryImageOfPage\":{\"@id\":\"https:\/\/omanivietnam.com\/index.php\/san-pham\/sick-wf2-40b410\/#primaryimage\"},\"image\":{\"@id\":\"https:\/\/omanivietnam.com\/index.php\/san-pham\/sick-wf2-40b410\/#primaryimage\"},\"thumbnailUrl\":\"https:\/\/omanivietnam.com\/wp-content\/uploads\/2024\/10\/WF2-40B410.png\",\"datePublished\":\"2024-09-30T17:38:17+00:00\",\"dateModified\":\"2024-09-30T17:39:30+00:00\",\"breadcrumb\":{\"@id\":\"https:\/\/omanivietnam.com\/index.php\/san-pham\/sick-wf2-40b410\/#breadcrumb\"},\"inLanguage\":\"vi\",\"potentialAction\":[{\"@type\":\"ReadAction\",\"target\":[\"https:\/\/omanivietnam.com\/index.php\/san-pham\/sick-wf2-40b410\/\"]}]},{\"@type\":\"ImageObject\",\"inLanguage\":\"vi\",\"@id\":\"https:\/\/omanivietnam.com\/index.php\/san-pham\/sick-wf2-40b410\/#primaryimage\",\"url\":\"https:\/\/omanivietnam.com\/wp-content\/uploads\/2024\/10\/WF2-40B410.png\",\"contentUrl\":\"https:\/\/omanivietnam.com\/wp-content\/uploads\/2024\/10\/WF2-40B410.png\",\"width\":431,\"height\":442},{\"@type\":\"BreadcrumbList\",\"@id\":\"https:\/\/omanivietnam.com\/index.php\/san-pham\/sick-wf2-40b410\/#breadcrumb\",\"itemListElement\":[{\"@type\":\"ListItem\",\"position\":1,\"name\":\"Home\",\"item\":\"https:\/\/omanivietnam.com\/\"},{\"@type\":\"ListItem\",\"position\":2,\"name\":\"S\u1ea2N PH\u1ea8M\",\"item\":\"https:\/\/omanivietnam.com\/index.php\/cua-hang\/\"},{\"@type\":\"ListItem\",\"position\":3,\"name\":\"SICK WF2-40B410\"}]},{\"@type\":\"WebSite\",\"@id\":\"https:\/\/omanivietnam.com\/#website\",\"url\":\"https:\/\/omanivietnam.com\/\",\"name\":\"OMANI VI\u1ec6T NAM\",\"description\":\"Nh\u00e0 ph\u00e2n ph\u1ed1i thi\u1ebft b\u1ecb kh\u00ed n\u00e9n v\u00e0 thi\u1ebft b\u1ecb t\u1ef1 \u0111\u1ed9ng h\u00f3a trong c\u00f4ng nghi\u1ec7p\",\"publisher\":{\"@id\":\"https:\/\/omanivietnam.com\/#\/schema\/person\/0ad398a980dc3fd696111c2c5c8fa897\"},\"potentialAction\":[{\"@type\":\"SearchAction\",\"target\":{\"@type\":\"EntryPoint\",\"urlTemplate\":\"https:\/\/omanivietnam.com\/?s={search_term_string}\"},\"query-input\":\"required name=search_term_string\"}],\"inLanguage\":\"vi\"},{\"@type\":[\"Person\",\"Organization\"],\"@id\":\"https:\/\/omanivietnam.com\/#\/schema\/person\/0ad398a980dc3fd696111c2c5c8fa897\",\"name\":\"Nguy\u1ec5n V\u0103n Kh\u00e1nh\",\"image\":{\"@type\":\"ImageObject\",\"inLanguage\":\"vi\",\"@id\":\"https:\/\/omanivietnam.com\/#\/schema\/person\/image\/\",\"url\":\"https:\/\/omanivietnam.com\/wp-content\/uploads\/2024\/06\/logo-1024x1024.png\",\"contentUrl\":\"https:\/\/omanivietnam.com\/wp-content\/uploads\/2024\/06\/logo-1024x1024.png\",\"width\":1024,\"height\":1024,\"caption\":\"Nguy\u1ec5n V\u0103n Kh\u00e1nh\"},\"logo\":{\"@id\":\"https:\/\/omanivietnam.com\/#\/schema\/person\/image\/\"},\"sameAs\":[\"https:\/\/omanivietnam.com\"]}]}<\/script>\n<!-- \/ Yoast SEO plugin. -->","yoast_head_json":{"title":"SICK WF2-40B410 - OMANI VI\u1ec6T NAM","robots":{"index":"index","follow":"follow","max-snippet":"max-snippet:-1","max-image-preview":"max-image-preview:large","max-video-preview":"max-video-preview:-1"},"canonical":"https:\/\/omanivietnam.com\/index.php\/san-pham\/sick-wf2-40b410\/","og_locale":"vi_VN","og_type":"article","og_title":"SICK WF2-40B410 - OMANI VI\u1ec6T NAM","og_description":"SICK WF2-40B410 SICK YF8U14-050VA3XLEAX C\u1ea3m bi\u1ebfn\u00a0SICK WF2-40B410\u00a0gi\u00fap ph\u00e1t hi\u1ec7n s\u1ef1 hi\u1ec7n di\u1ec7n c\u1ee7a c\u00e1c \u0111\u1ed1i t\u01b0\u1ee3ng ch\u00ednh x\u00e1c trong quy tr\u00ecnh s\u1ea3n xu\u1ea5t \u0111\u1ec3 \u0111\u1ea3m b\u1ea3o m\u1ecdi th\u1ee9 ho\u1ea1t \u0111\u1ed9ng tr\u01a1n tru v\u00e0 c\u00f3 k\u1ebf ho\u1ea1ch C\u00f3 th\u1ec3 ph\u00e1t hi\u1ec7n c\u00e1c v\u1eadt th\u1ec3 nh\u1ecf hay nh\u1eefng v\u1eadt th\u1ec3 di chuy\u1ec3n&hellip;","og_url":"https:\/\/omanivietnam.com\/index.php\/san-pham\/sick-wf2-40b410\/","og_site_name":"OMANI VI\u1ec6T NAM","article_modified_time":"2024-09-30T17:39:30+00:00","og_image":[{"width":431,"height":442,"url":"https:\/\/omanivietnam.com\/wp-content\/uploads\/2024\/10\/WF2-40B410.png","type":"image\/png"}],"twitter_card":"summary_large_image","twitter_misc":{"\u01af\u1edbc t\u00ednh th\u1eddi gian \u0111\u1ecdc":"4 ph\u00fat"},"schema":{"@context":"https:\/\/schema.org","@graph":[{"@type":"WebPage","@id":"https:\/\/omanivietnam.com\/index.php\/san-pham\/sick-wf2-40b410\/","url":"https:\/\/omanivietnam.com\/index.php\/san-pham\/sick-wf2-40b410\/","name":"SICK WF2-40B410 - OMANI VI\u1ec6T NAM","isPartOf":{"@id":"https:\/\/omanivietnam.com\/#website"},"primaryImageOfPage":{"@id":"https:\/\/omanivietnam.com\/index.php\/san-pham\/sick-wf2-40b410\/#primaryimage"},"image":{"@id":"https:\/\/omanivietnam.com\/index.php\/san-pham\/sick-wf2-40b410\/#primaryimage"},"thumbnailUrl":"https:\/\/omanivietnam.com\/wp-content\/uploads\/2024\/10\/WF2-40B410.png","datePublished":"2024-09-30T17:38:17+00:00","dateModified":"2024-09-30T17:39:30+00:00","breadcrumb":{"@id":"https:\/\/omanivietnam.com\/index.php\/san-pham\/sick-wf2-40b410\/#breadcrumb"},"inLanguage":"vi","potentialAction":[{"@type":"ReadAction","target":["https:\/\/omanivietnam.com\/index.php\/san-pham\/sick-wf2-40b410\/"]}]},{"@type":"ImageObject","inLanguage":"vi","@id":"https:\/\/omanivietnam.com\/index.php\/san-pham\/sick-wf2-40b410\/#primaryimage","url":"https:\/\/omanivietnam.com\/wp-content\/uploads\/2024\/10\/WF2-40B410.png","contentUrl":"https:\/\/omanivietnam.com\/wp-content\/uploads\/2024\/10\/WF2-40B410.png","width":431,"height":442},{"@type":"BreadcrumbList","@id":"https:\/\/omanivietnam.com\/index.php\/san-pham\/sick-wf2-40b410\/#breadcrumb","itemListElement":[{"@type":"ListItem","position":1,"name":"Home","item":"https:\/\/omanivietnam.com\/"},{"@type":"ListItem","position":2,"name":"S\u1ea2N PH\u1ea8M","item":"https:\/\/omanivietnam.com\/index.php\/cua-hang\/"},{"@type":"ListItem","position":3,"name":"SICK WF2-40B410"}]},{"@type":"WebSite","@id":"https:\/\/omanivietnam.com\/#website","url":"https:\/\/omanivietnam.com\/","name":"OMANI VI\u1ec6T NAM","description":"Nh\u00e0 ph\u00e2n ph\u1ed1i thi\u1ebft b\u1ecb kh\u00ed n\u00e9n v\u00e0 thi\u1ebft b\u1ecb t\u1ef1 \u0111\u1ed9ng h\u00f3a trong c\u00f4ng nghi\u1ec7p","publisher":{"@id":"https:\/\/omanivietnam.com\/#\/schema\/person\/0ad398a980dc3fd696111c2c5c8fa897"},"potentialAction":[{"@type":"SearchAction","target":{"@type":"EntryPoint","urlTemplate":"https:\/\/omanivietnam.com\/?s={search_term_string}"},"query-input":"required name=search_term_string"}],"inLanguage":"vi"},{"@type":["Person","Organization"],"@id":"https:\/\/omanivietnam.com\/#\/schema\/person\/0ad398a980dc3fd696111c2c5c8fa897","name":"Nguy\u1ec5n V\u0103n Kh\u00e1nh","image":{"@type":"ImageObject","inLanguage":"vi","@id":"https:\/\/omanivietnam.com\/#\/schema\/person\/image\/","url":"https:\/\/omanivietnam.com\/wp-content\/uploads\/2024\/06\/logo-1024x1024.png","contentUrl":"https:\/\/omanivietnam.com\/wp-content\/uploads\/2024\/06\/logo-1024x1024.png","width":1024,"height":1024,"caption":"Nguy\u1ec5n V\u0103n Kh\u00e1nh"},"logo":{"@id":"https:\/\/omanivietnam.com\/#\/schema\/person\/image\/"},"sameAs":["https:\/\/omanivietnam.com"]}]}},"_links":{"self":[{"href":"https:\/\/omanivietnam.com\/index.php\/wp-json\/wp\/v2\/product\/1929","targetHints":{"allow":["GET"]}}],"collection":[{"href":"https:\/\/omanivietnam.com\/index.php\/wp-json\/wp\/v2\/product"}],"about":[{"href":"https:\/\/omanivietnam.com\/index.php\/wp-json\/wp\/v2\/types\/product"}],"replies":[{"embeddable":true,"href":"https:\/\/omanivietnam.com\/index.php\/wp-json\/wp\/v2\/comments?post=1929"}],"wp:featuredmedia":[{"embeddable":true,"href":"https:\/\/omanivietnam.com\/index.php\/wp-json\/wp\/v2\/media\/1930"}],"wp:attachment":[{"href":"https:\/\/omanivietnam.com\/index.php\/wp-json\/wp\/v2\/media?parent=1929"}],"wp:term":[{"taxonomy":"product_cat","embeddable":true,"href":"https:\/\/omanivietnam.com\/index.php\/wp-json\/wp\/v2\/product_cat?post=1929"},{"taxonomy":"product_tag","embeddable":true,"href":"https:\/\/omanivietnam.com\/index.php\/wp-json\/wp\/v2\/product_tag?post=1929"}],"curies":[{"name":"wp","href":"https:\/\/api.w.org\/{rel}","templated":true}]}}