{"id":1937,"date":"2024-10-02T05:09:34","date_gmt":"2024-10-01T22:09:34","guid":{"rendered":"https:\/\/omanivietnam.com\/?post_type=product&#038;p=1937"},"modified":"2024-10-02T05:25:40","modified_gmt":"2024-10-01T22:25:40","slug":"mettler-toledo-le438","status":"publish","type":"product","link":"https:\/\/omanivietnam.com\/index.php\/san-pham\/mettler-toledo-le438\/","title":{"rendered":"METTLER TOLEDO LE438"},"content":{"rendered":"<p>METTLER TOLEDO LE438 <strong class=\"matNum\">51340242<\/strong><\/p>\n<header class=\"productmodel__description__header\">\n<p class=\"productmodel__title\">pH Sensor LE 438<\/p>\n<\/header>\n<p><main class=\"productmodel__description__text\">LE Sensor &#8211; Affordable and Reliable.<span class=\"extend\" data-swiftype-type=\"string\" data-swiftype-name=\"description\">3-in-1 plastic pH electrode with integrated temperature sensor for field use, samples with fluctuating temperatures; low-maintenance.<\/span><\/main><strong>Tried and trusted features<\/strong><\/p>\n<p>This robust plastic pH electrode is always ready to use and gives fast and precise results<\/p>\n<p><strong>Always the right temperature<\/strong><\/p>\n<p>The integrated temperature probe guarantees you always measure with the appropiate temperature compensation.<\/p>\n<p><strong>The right sensor for every application<\/strong><\/p>\n<p>METTLER TOLEDO offers pH and other sensors for all kinds of applications. Find the best-suited sensor for your needs here: www.mt.com\/electrode-guide<\/p>\n<div class=\"productmodel__matnum\">\n<p>Material No.:\u00a0<strong class=\"matNum\">51340242<\/strong><\/p>\n<\/div>\n<p>&nbsp;<\/p>\n<header class=\"productmodel__description__header\">\n<p class=\"productmodel__title\">LE pH Electrode LE438-IP67<\/p>\n<\/header>\n<p><main class=\"productmodel__description__text\">C\u1ea3m bi\u1ebfn LE &#8211; Gi\u00e1 c\u1ea3 ph\u1ea3i ch\u0103ng v\u00e0 \u0111\u00e1ng tin c\u1eady.<span class=\"extend\" data-swiftype-type=\"string\" data-swiftype-name=\"description\">\u0110i\u1ec7n c\u1ef1c pH b\u1eb1ng nh\u1ef1a 3-trong-1 t\u00edch h\u1ee3p c\u1ea3m bi\u1ebfn nhi\u1ec7t \u0111\u1ed9 \u0111\u1ec3 s\u1eed d\u1ee5ng \u0111o pH t\u1ea1i hi\u1ec7n tr\u01b0\u1eddng v\u00e0 cho c\u00e1c m\u1eabu th\u1eed c\u00f3 nhi\u1ec7t \u0111\u1ed9 thay \u0111\u1ed5i; B\u1ea3o tr\u00ec th\u1ea5p.<\/span><\/main><strong>IP67 \u2013 \u0110\u1ec3 \u0111o m\u00e0 kh\u00f4ng b\u1ecb th\u1ea5m n\u01b0\u1edbc<\/strong><\/p>\n<p>\u0110\u1ea3m b\u1ea3o to\u00e0n b\u1ed9 h\u1ec7 th\u1ed1ng \u0111o c\u1ea7m tay c\u1ee7a b\u1ea1n (\u0110\u1ed3ng h\u1ed3 \u0111o FiveGo v\u00e0 c\u1ea3m bi\u1ebfn LE) c\u00f3 kh\u1ea3 n\u0103ng ch\u1ecbu \u0111\u01b0\u1ee3c m\u00f4i tr\u01b0\u1eddng \u1ea9m v\u00e0 ph\u1ee9c t\u1ea1p.<\/p>\n<p><strong>Tried and trusted features<\/strong><\/p>\n<p>C\u1ea3m bi\u1ebfn pH ch\u1eafc ch\u1eafn n\u00e0y lu\u00f4n s\u1eb5n s\u00e0ng cho s\u1eed d\u1ee5ng v\u00e0 \u0111\u01b0a ra c\u00e1c k\u1ebft qu\u1ea3 nhanh, ch\u00ednh x\u00e1c<\/p>\n<p><strong>Nhi\u1ec7t \u0111\u1ed9 lu\u00f4n ch\u00ednh x\u00e1c<\/strong><\/p>\n<p>Que d\u00f2 nhi\u1ec7t \u0111\u1ed9 t\u00edch h\u1ee3p \u0111\u1ea3m b\u1ea3o gi\u00fap b\u1ea1n \u0111o v\u1edbi nhi\u1ec7t \u0111\u1ed9 lu\u00f4nn \u0111\u01b0\u1ee3c b\u00f9 ch\u00ednh x\u00e1c.<\/p>\n<h3>Ca\u0301c th\u00f4ng s\u00f4\u0301\u00a0&#8211;\u00a0LE pH Electrode LE438-IP67<\/h3>\n<table class=\"productSpecifications__table\">\n<tbody>\n<tr>\n<td>Ph\u1ea1m vi \u0111o<\/td>\n<td>pH 0 \u2013 14<\/td>\n<\/tr>\n<tr>\n<td>Gi\u1edbi h\u1ea1n nhi\u1ec7t \u0111\u1ed9<\/td>\n<td>0 \u00b0C \u2013 80 \u00b0C<\/td>\n<\/tr>\n<tr>\n<td>\u0110\u1ea7u n\u1ed1i<\/td>\n<td>BNC\/RCA (\u0110ai), IP67<\/td>\n<\/tr>\n<tr>\n<td>C\u00e1p v\u00e0 \u0111\u1ea7u n\u1ed1i<\/td>\n<td>2.0 m BNC\/RCA (\u0110ai), IP67<\/td>\n<\/tr>\n<tr>\n<td>Lo\u1ea1i kh\u1edbp junction<\/td>\n<td>Polyste<\/td>\n<\/tr>\n<tr>\n<td>V\u1eadt li\u1ec7u Tr\u1ee5c<\/td>\n<td>Nh\u1ef1a POM<\/td>\n<\/tr>\n<tr>\n<td>Ki\u1ec3u c\u1ea3m bi\u1ebfn<\/td>\n<td>\u0110i\u1ec7n c\u1ef1c k\u1ebft h\u1ee3p<\/td>\n<\/tr>\n<tr>\n<td>Chi\u1ec1u d\u00e0i tr\u1ee5c<\/td>\n<td>120 mm<\/td>\n<\/tr>\n<tr>\n<td>\u0110\u01b0\u1eddng k\u00ednh tr\u1ee5c<\/td>\n<td>12 mm<\/td>\n<\/tr>\n<tr>\n<td><\/td>\n<td>2 m<\/td>\n<\/tr>\n<tr>\n<td>Th\u00f4ng s\u1ed1<\/td>\n<td>pH<\/td>\n<\/tr>\n<tr>\n<td>H\u1ec7 th\u1ed1ng Tham chi\u1ebfu<\/td>\n<td>Ag\/AgCl<\/td>\n<\/tr>\n<tr>\n<td>Ch\u1ea5t \u0111i\u1ec7n ly tham chi\u1ebfu<\/td>\n<td>Gel<\/td>\n<\/tr>\n<tr>\n<td>M\u00e0ng th\u1ee7y tinh<\/td>\n<td>U<\/td>\n<\/tr>\n<tr>\n<td>\u0110i\u1ec7n tr\u1edf m\u00e0ng (25\u00b0C)<\/td>\n<td>&lt; 250 M\u03a9<\/td>\n<\/tr>\n<tr>\n<td>Qu\u1ea3n l\u00fd c\u1ea3m bi\u1ebfn th\u00f4ng minh (ISM\u00ae)<\/td>\n<td>Kh\u00f4ng<\/td>\n<\/tr>\n<tr>\n<td>\u0110\u1ea7u d\u00f2 nhi\u1ec7t \u0111\u1ed9<\/td>\n<td>NTC 30 k\u03a9<\/td>\n<\/tr>\n<tr>\n<td>V\u1edbi d\u1ee5ng c\u1ee5 \u0111o di \u0111\u1ed9ng<\/td>\n<td>C\u00f3<\/td>\n<\/tr>\n<tr>\n<td>H\u1ea1n ch\u1ebf B\u1ea3o d\u01b0\u1ee1ng<\/td>\n<td>C\u00f3<\/td>\n<\/tr>\n<tr>\n<td>Lo\u1ea1i t\u00edn hi\u1ec7u<\/td>\n<td>Analog<\/td>\n<\/tr>\n<tr>\n<td>M\u1eabu<\/td>\n<td>M\u1ee5c \u0111\u00edch chung<br \/>\nn\u01b0\u1edbc<\/td>\n<\/tr>\n<tr>\n<td>\u0110\u1eb7c \u0111i\u1ec3m c\u1ea3m bi\u1ebfn<\/td>\n<td>\u0110\u1ea7u d\u00f2 nhi\u1ec7t \u0111\u1ed9<br \/>\nIP67<br \/>\n\u0110\u00e1p \u1ee9ng cao v\u1ec1 m\u1eb7t c\u01a1 kh\u00ed<\/td>\n<\/tr>\n<tr>\n<td>Th\u1ec3 t\u00edch M\u1eabu<\/td>\n<td>&gt;= 20 mL<\/td>\n<\/tr>\n<tr>\n<td>C\u00e1p \u0110i k\u00e8m<\/td>\n<td>C\u00f3<\/td>\n<\/tr>\n<tr>\n<td>B\u1ed9 n\u1ed1i v\u1edbi D\u1ee5ng c\u1ee5 \u0111o<\/td>\n<td>BNC\/RCA (\u0110ai)<\/td>\n<\/tr>\n<tr>\n<td>C\u00e1c m\u1eabu \u0111i\u1ec3n h\u00ecnh:<\/td>\n<td>N\u01b0\u1edbc<br \/>\nBia, Ch\u1ea5t r\u1eafn l\u01a1 l\u1eedng<\/td>\n<\/tr>\n<tr>\n<td>B\u1ed9 n\u1ed1i tr\u00ean C\u1ea3m bi\u1ebfn<\/td>\n<td>C\u00e1p 2 m c\u1ed1 \u0111\u1ecbnh<\/td>\n<\/tr>\n<tr>\n<td>C\u1ea5u t\u1ea1o m\u1eabu<\/td>\n<td>C\u00f3 n\u01b0\u1edbc<\/td>\n<\/tr>\n<tr>\n<td>T\u00ednh th\u1ed1ng nh\u1ea5t c\u1ee7a m\u1eabu<\/td>\n<td>L\u1ecfng<br \/>\nCh\u1ea5t l\u1eafng \/ ch\u1ea5t s\u1ec7t \/ huy\u1ec1n ph\u00f9<\/td>\n<\/tr>\n<tr>\n<td>Nhi\u1ec7t \u0110\u1ed9 M\u1eabu<\/td>\n<td>0\u00b0-100\u00b0C<\/td>\n<\/tr>\n<tr>\n<td>Dung l\u01b0\u1ee3ng m\u1eabu t\u1ed1i thi\u1ec3u uL<\/td>\n<td>20 mL<\/td>\n<\/tr>\n<tr>\n<td>Kho\u1ea3ng Nhi\u1ec7t \u0111\u1ed9 Thi\u1ebft b\u1ecb C\u01a1 s\u1edf<\/td>\n<td>0 \u00b0C \u2013 80 \u00b0C<\/td>\n<\/tr>\n<tr>\n<td>Dung l\u01b0\u1ee3ng M\u1eabu T\u1ed1i thi\u1ec3u uL<\/td>\n<td>20 mL<\/td>\n<\/tr>\n<\/tbody>\n<\/table>\n<p>&nbsp;<\/p>\n<p>\u0110\u1ea1i l\u00fd METTLER TOLEDO vietnam, METTLER TOLEDO viet nam, METTLER TOLEDO vietnam distributor, Ph\u00e2n ph\u1ed1i METTLER TOLEDO t\u1ea1i vi\u1ec7t nam<\/p>\n<p>\u0110\u1ea1i l\u00fd METTLER TOLEDO vietnam, METTLER TOLEDO viet nam, METTLER TOLEDO vietnam distributor, Ph\u00e2n ph\u1ed1i METTLER TOLEDO t\u1ea1i vi\u1ec7t nam<\/p>\n<p>\u0110\u1ea1i l\u00fd METTLER TOLEDO vietnam, METTLER TOLEDO viet nam, METTLER TOLEDO vietnam distributor, Ph\u00e2n ph\u1ed1i METTLER TOLEDO t\u1ea1i vi\u1ec7t nam<\/p>\n<p>\u0110\u1ea1i l\u00fd METTLER TOLEDO vietnam, METTLER TOLEDO viet nam, METTLER TOLEDO vietnam distributor, Ph\u00e2n ph\u1ed1i METTLER TOLEDO t\u1ea1i vi\u1ec7t nam<\/p>\n<p>\u0110\u1ea1i l\u00fd METTLER TOLEDO vietnam, METTLER TOLEDO viet nam, METTLER TOLEDO vietnam distributor, Ph\u00e2n ph\u1ed1i METTLER TOLEDO t\u1ea1i vi\u1ec7t nam<\/p>\n","protected":false},"excerpt":{"rendered":"<p>METTLER TOLEDO LE438 51340242 pH Sensor LE 438 LE Sensor &#8211; Affordable and Reliable.3-in-1 plastic pH electrode with integrated temperature sensor for field use, samples with fluctuating temperatures; low-maintenance.Tried and trusted features This robust plastic pH electrode is always ready to use and gives fast and precise results Always the&hellip; <\/p>\n","protected":false},"featured_media":1938,"comment_status":"open","ping_status":"closed","template":"","meta":[],"product_cat":[489],"product_tag":[88,491,490],"class_list":{"0":"post-1937","1":"product","2":"type-product","3":"status-publish","4":"has-post-thumbnail","6":"product_cat-mettler-toledo","7":"product_tag-cam-bien","8":"product_tag-dai-ly-mettler-toledo-viet-nam","9":"product_tag-mettler-toledo-viet-nam","11":"first","12":"instock","13":"shipping-taxable","14":"product-type-simple"},"yoast_head":"<!-- This site is optimized with the Yoast SEO plugin v22.8 - https:\/\/yoast.com\/wordpress\/plugins\/seo\/ -->\n<title>METTLER TOLEDO LE438 - OMANI VI\u1ec6T NAM<\/title>\n<meta name=\"robots\" content=\"index, follow, max-snippet:-1, max-image-preview:large, max-video-preview:-1\" \/>\n<link rel=\"canonical\" href=\"https:\/\/omanivietnam.com\/index.php\/san-pham\/mettler-toledo-le438\/\" \/>\n<meta property=\"og:locale\" content=\"vi_VN\" \/>\n<meta property=\"og:type\" content=\"article\" \/>\n<meta property=\"og:title\" content=\"METTLER TOLEDO LE438 - OMANI VI\u1ec6T NAM\" \/>\n<meta property=\"og:description\" content=\"METTLER TOLEDO LE438 51340242 pH Sensor LE 438 LE Sensor &#8211; Affordable and Reliable.3-in-1 plastic pH electrode with integrated temperature sensor for field use, samples with fluctuating temperatures; low-maintenance.Tried and trusted features This robust plastic pH electrode is always ready to use and gives fast and precise results Always the&hellip;\" \/>\n<meta property=\"og:url\" content=\"https:\/\/omanivietnam.com\/index.php\/san-pham\/mettler-toledo-le438\/\" \/>\n<meta property=\"og:site_name\" content=\"OMANI VI\u1ec6T NAM\" \/>\n<meta property=\"article:modified_time\" content=\"2024-10-01T22:25:40+00:00\" \/>\n<meta property=\"og:image\" content=\"https:\/\/omanivietnam.com\/wp-content\/uploads\/2024\/10\/LE438.png\" \/>\n\t<meta property=\"og:image:width\" content=\"617\" \/>\n\t<meta property=\"og:image:height\" content=\"576\" \/>\n\t<meta property=\"og:image:type\" content=\"image\/png\" \/>\n<meta name=\"twitter:card\" content=\"summary_large_image\" \/>\n<meta name=\"twitter:label1\" content=\"\u01af\u1edbc t\u00ednh th\u1eddi gian \u0111\u1ecdc\" \/>\n\t<meta name=\"twitter:data1\" content=\"4 ph\u00fat\" \/>\n<script type=\"application\/ld+json\" class=\"yoast-schema-graph\">{\"@context\":\"https:\/\/schema.org\",\"@graph\":[{\"@type\":\"WebPage\",\"@id\":\"https:\/\/omanivietnam.com\/index.php\/san-pham\/mettler-toledo-le438\/\",\"url\":\"https:\/\/omanivietnam.com\/index.php\/san-pham\/mettler-toledo-le438\/\",\"name\":\"METTLER TOLEDO LE438 - OMANI VI\u1ec6T NAM\",\"isPartOf\":{\"@id\":\"https:\/\/omanivietnam.com\/#website\"},\"primaryImageOfPage\":{\"@id\":\"https:\/\/omanivietnam.com\/index.php\/san-pham\/mettler-toledo-le438\/#primaryimage\"},\"image\":{\"@id\":\"https:\/\/omanivietnam.com\/index.php\/san-pham\/mettler-toledo-le438\/#primaryimage\"},\"thumbnailUrl\":\"https:\/\/omanivietnam.com\/wp-content\/uploads\/2024\/10\/LE438.png\",\"datePublished\":\"2024-10-01T22:09:34+00:00\",\"dateModified\":\"2024-10-01T22:25:40+00:00\",\"breadcrumb\":{\"@id\":\"https:\/\/omanivietnam.com\/index.php\/san-pham\/mettler-toledo-le438\/#breadcrumb\"},\"inLanguage\":\"vi\",\"potentialAction\":[{\"@type\":\"ReadAction\",\"target\":[\"https:\/\/omanivietnam.com\/index.php\/san-pham\/mettler-toledo-le438\/\"]}]},{\"@type\":\"ImageObject\",\"inLanguage\":\"vi\",\"@id\":\"https:\/\/omanivietnam.com\/index.php\/san-pham\/mettler-toledo-le438\/#primaryimage\",\"url\":\"https:\/\/omanivietnam.com\/wp-content\/uploads\/2024\/10\/LE438.png\",\"contentUrl\":\"https:\/\/omanivietnam.com\/wp-content\/uploads\/2024\/10\/LE438.png\",\"width\":617,\"height\":576},{\"@type\":\"BreadcrumbList\",\"@id\":\"https:\/\/omanivietnam.com\/index.php\/san-pham\/mettler-toledo-le438\/#breadcrumb\",\"itemListElement\":[{\"@type\":\"ListItem\",\"position\":1,\"name\":\"Home\",\"item\":\"https:\/\/omanivietnam.com\/\"},{\"@type\":\"ListItem\",\"position\":2,\"name\":\"S\u1ea2N PH\u1ea8M\",\"item\":\"https:\/\/omanivietnam.com\/index.php\/cua-hang\/\"},{\"@type\":\"ListItem\",\"position\":3,\"name\":\"METTLER TOLEDO LE438\"}]},{\"@type\":\"WebSite\",\"@id\":\"https:\/\/omanivietnam.com\/#website\",\"url\":\"https:\/\/omanivietnam.com\/\",\"name\":\"OMANI VI\u1ec6T NAM\",\"description\":\"Nh\u00e0 ph\u00e2n ph\u1ed1i thi\u1ebft b\u1ecb kh\u00ed n\u00e9n v\u00e0 thi\u1ebft b\u1ecb t\u1ef1 \u0111\u1ed9ng h\u00f3a trong c\u00f4ng nghi\u1ec7p\",\"publisher\":{\"@id\":\"https:\/\/omanivietnam.com\/#\/schema\/person\/0ad398a980dc3fd696111c2c5c8fa897\"},\"potentialAction\":[{\"@type\":\"SearchAction\",\"target\":{\"@type\":\"EntryPoint\",\"urlTemplate\":\"https:\/\/omanivietnam.com\/?s={search_term_string}\"},\"query-input\":\"required name=search_term_string\"}],\"inLanguage\":\"vi\"},{\"@type\":[\"Person\",\"Organization\"],\"@id\":\"https:\/\/omanivietnam.com\/#\/schema\/person\/0ad398a980dc3fd696111c2c5c8fa897\",\"name\":\"Nguy\u1ec5n V\u0103n Kh\u00e1nh\",\"image\":{\"@type\":\"ImageObject\",\"inLanguage\":\"vi\",\"@id\":\"https:\/\/omanivietnam.com\/#\/schema\/person\/image\/\",\"url\":\"https:\/\/omanivietnam.com\/wp-content\/uploads\/2024\/06\/logo-1024x1024.png\",\"contentUrl\":\"https:\/\/omanivietnam.com\/wp-content\/uploads\/2024\/06\/logo-1024x1024.png\",\"width\":1024,\"height\":1024,\"caption\":\"Nguy\u1ec5n V\u0103n Kh\u00e1nh\"},\"logo\":{\"@id\":\"https:\/\/omanivietnam.com\/#\/schema\/person\/image\/\"},\"sameAs\":[\"https:\/\/omanivietnam.com\"]}]}<\/script>\n<!-- \/ Yoast SEO plugin. -->","yoast_head_json":{"title":"METTLER TOLEDO LE438 - OMANI VI\u1ec6T NAM","robots":{"index":"index","follow":"follow","max-snippet":"max-snippet:-1","max-image-preview":"max-image-preview:large","max-video-preview":"max-video-preview:-1"},"canonical":"https:\/\/omanivietnam.com\/index.php\/san-pham\/mettler-toledo-le438\/","og_locale":"vi_VN","og_type":"article","og_title":"METTLER TOLEDO LE438 - OMANI VI\u1ec6T NAM","og_description":"METTLER TOLEDO LE438 51340242 pH Sensor LE 438 LE Sensor &#8211; Affordable and Reliable.3-in-1 plastic pH electrode with integrated temperature sensor for field use, samples with fluctuating temperatures; low-maintenance.Tried and trusted features This robust plastic pH electrode is always ready to use and gives fast and precise results Always the&hellip;","og_url":"https:\/\/omanivietnam.com\/index.php\/san-pham\/mettler-toledo-le438\/","og_site_name":"OMANI VI\u1ec6T NAM","article_modified_time":"2024-10-01T22:25:40+00:00","og_image":[{"width":617,"height":576,"url":"https:\/\/omanivietnam.com\/wp-content\/uploads\/2024\/10\/LE438.png","type":"image\/png"}],"twitter_card":"summary_large_image","twitter_misc":{"\u01af\u1edbc t\u00ednh th\u1eddi gian \u0111\u1ecdc":"4 ph\u00fat"},"schema":{"@context":"https:\/\/schema.org","@graph":[{"@type":"WebPage","@id":"https:\/\/omanivietnam.com\/index.php\/san-pham\/mettler-toledo-le438\/","url":"https:\/\/omanivietnam.com\/index.php\/san-pham\/mettler-toledo-le438\/","name":"METTLER TOLEDO LE438 - OMANI VI\u1ec6T NAM","isPartOf":{"@id":"https:\/\/omanivietnam.com\/#website"},"primaryImageOfPage":{"@id":"https:\/\/omanivietnam.com\/index.php\/san-pham\/mettler-toledo-le438\/#primaryimage"},"image":{"@id":"https:\/\/omanivietnam.com\/index.php\/san-pham\/mettler-toledo-le438\/#primaryimage"},"thumbnailUrl":"https:\/\/omanivietnam.com\/wp-content\/uploads\/2024\/10\/LE438.png","datePublished":"2024-10-01T22:09:34+00:00","dateModified":"2024-10-01T22:25:40+00:00","breadcrumb":{"@id":"https:\/\/omanivietnam.com\/index.php\/san-pham\/mettler-toledo-le438\/#breadcrumb"},"inLanguage":"vi","potentialAction":[{"@type":"ReadAction","target":["https:\/\/omanivietnam.com\/index.php\/san-pham\/mettler-toledo-le438\/"]}]},{"@type":"ImageObject","inLanguage":"vi","@id":"https:\/\/omanivietnam.com\/index.php\/san-pham\/mettler-toledo-le438\/#primaryimage","url":"https:\/\/omanivietnam.com\/wp-content\/uploads\/2024\/10\/LE438.png","contentUrl":"https:\/\/omanivietnam.com\/wp-content\/uploads\/2024\/10\/LE438.png","width":617,"height":576},{"@type":"BreadcrumbList","@id":"https:\/\/omanivietnam.com\/index.php\/san-pham\/mettler-toledo-le438\/#breadcrumb","itemListElement":[{"@type":"ListItem","position":1,"name":"Home","item":"https:\/\/omanivietnam.com\/"},{"@type":"ListItem","position":2,"name":"S\u1ea2N PH\u1ea8M","item":"https:\/\/omanivietnam.com\/index.php\/cua-hang\/"},{"@type":"ListItem","position":3,"name":"METTLER TOLEDO LE438"}]},{"@type":"WebSite","@id":"https:\/\/omanivietnam.com\/#website","url":"https:\/\/omanivietnam.com\/","name":"OMANI VI\u1ec6T NAM","description":"Nh\u00e0 ph\u00e2n ph\u1ed1i thi\u1ebft b\u1ecb kh\u00ed n\u00e9n v\u00e0 thi\u1ebft b\u1ecb t\u1ef1 \u0111\u1ed9ng h\u00f3a trong c\u00f4ng nghi\u1ec7p","publisher":{"@id":"https:\/\/omanivietnam.com\/#\/schema\/person\/0ad398a980dc3fd696111c2c5c8fa897"},"potentialAction":[{"@type":"SearchAction","target":{"@type":"EntryPoint","urlTemplate":"https:\/\/omanivietnam.com\/?s={search_term_string}"},"query-input":"required name=search_term_string"}],"inLanguage":"vi"},{"@type":["Person","Organization"],"@id":"https:\/\/omanivietnam.com\/#\/schema\/person\/0ad398a980dc3fd696111c2c5c8fa897","name":"Nguy\u1ec5n V\u0103n Kh\u00e1nh","image":{"@type":"ImageObject","inLanguage":"vi","@id":"https:\/\/omanivietnam.com\/#\/schema\/person\/image\/","url":"https:\/\/omanivietnam.com\/wp-content\/uploads\/2024\/06\/logo-1024x1024.png","contentUrl":"https:\/\/omanivietnam.com\/wp-content\/uploads\/2024\/06\/logo-1024x1024.png","width":1024,"height":1024,"caption":"Nguy\u1ec5n V\u0103n Kh\u00e1nh"},"logo":{"@id":"https:\/\/omanivietnam.com\/#\/schema\/person\/image\/"},"sameAs":["https:\/\/omanivietnam.com"]}]}},"_links":{"self":[{"href":"https:\/\/omanivietnam.com\/index.php\/wp-json\/wp\/v2\/product\/1937","targetHints":{"allow":["GET"]}}],"collection":[{"href":"https:\/\/omanivietnam.com\/index.php\/wp-json\/wp\/v2\/product"}],"about":[{"href":"https:\/\/omanivietnam.com\/index.php\/wp-json\/wp\/v2\/types\/product"}],"replies":[{"embeddable":true,"href":"https:\/\/omanivietnam.com\/index.php\/wp-json\/wp\/v2\/comments?post=1937"}],"wp:featuredmedia":[{"embeddable":true,"href":"https:\/\/omanivietnam.com\/index.php\/wp-json\/wp\/v2\/media\/1938"}],"wp:attachment":[{"href":"https:\/\/omanivietnam.com\/index.php\/wp-json\/wp\/v2\/media?parent=1937"}],"wp:term":[{"taxonomy":"product_cat","embeddable":true,"href":"https:\/\/omanivietnam.com\/index.php\/wp-json\/wp\/v2\/product_cat?post=1937"},{"taxonomy":"product_tag","embeddable":true,"href":"https:\/\/omanivietnam.com\/index.php\/wp-json\/wp\/v2\/product_tag?post=1937"}],"curies":[{"name":"wp","href":"https:\/\/api.w.org\/{rel}","templated":true}]}}