{"id":1940,"date":"2024-10-02T05:22:21","date_gmt":"2024-10-01T22:22:21","guid":{"rendered":"https:\/\/omanivietnam.com\/?post_type=product&#038;p=1940"},"modified":"2024-10-02T05:24:05","modified_gmt":"2024-10-01T22:24:05","slug":"inpro4260-120-pt100-52002987","status":"publish","type":"product","link":"https:\/\/omanivietnam.com\/index.php\/san-pham\/inpro4260-120-pt100-52002987\/","title":{"rendered":"METTLER TOLEDO Inpro4260\/120\/Pt100 52002987"},"content":{"rendered":"<p>METTLER TOLEDO Inpro4260\/120\/Pt100 52002987<\/p>\n<p>Mettler Ph-Single Rod Chain Inpro4260\/120\/Pt100 52002987<\/p>\n<p class=\"productView-title\">Mettler Toledo Inpro 4260\/120\/Pt1000 Ph Electrode W\/ Temperature Sensor 52002987<\/p>\n<div class=\"attribute-item\">\n<div class=\"left\" data-spm-anchor-id=\"a2700.details.0.i37.52bf308fdc3Pre\">N\u01a1i xu\u1ea5t x\u1ee9 Swaziland<\/div>\n<\/div>\n<div class=\"attribute-item\">\n<div class=\"left\">Nh\u00e3n hi\u1ec7u Mettler Toledo<\/div>\n<\/div>\n<div class=\"attribute-item\">\n<div class=\"left\">Diameter 12 mm<\/div>\n<\/div>\n<div class=\"attribute-item\">\n<div class=\"left\">Fiber optic 2<\/div>\n<\/div>\n<div class=\"attribute-item\">\n<div class=\"left\">Temperature range -30&#8230;130 \u00b0C (14&#8230;266 \u00b0F)<\/div>\n<\/div>\n<div><\/div>\n<div>C\u00e1c m\u00e3 h\u00e0ng t\u01b0\u01a1ng t\u1ef1<\/div>\n<div><\/div>\n<div>\n<table border=\"0\" width=\"380\" cellspacing=\"0\" cellpadding=\"0\">\n<tbody>\n<tr>\n<td width=\"289\" height=\"21\" data-spm-anchor-id=\"a2700.details.0.i38.52bf308fdc3Pre\">INPRO4800\/120\/PT1000<\/td>\n<td width=\"91\"><\/td>\n<\/tr>\n<tr>\n<td height=\"21\">INPRO3250\/120\/PT1000<\/td>\n<td><\/td>\n<\/tr>\n<tr>\n<td height=\"21\">HA405-DXK-S8\/120<\/td>\n<td><\/td>\n<\/tr>\n<tr>\n<td height=\"21\">405-DPAS-SC-K8S\/120<\/td>\n<td><\/td>\n<\/tr>\n<tr>\n<td height=\"21\">HA405-DPA-SC-S8\/120<\/td>\n<td><\/td>\n<\/tr>\n<tr>\n<td height=\"21\">PRE-AMPLIFICATORE PH\/VP6- ST\/01 M<\/td>\n<td>58085011<\/td>\n<\/tr>\n<tr>\n<td height=\"21\">InPro2000i\/SG\/250\/9848<\/td>\n<td>52003528<\/td>\n<\/tr>\n<tr>\n<td height=\"21\">InPro4260i\/SG\/120<\/td>\n<td>52005381<\/td>\n<\/tr>\n<tr>\n<td height=\"21\">M800 4-CH THORNTON<\/td>\n<td>58000804<\/td>\n<\/tr>\n<tr>\n<td height=\"21\">M800 4-CH<\/td>\n<td>52121853<\/td>\n<\/tr>\n<tr>\n<td height=\"21\">CELLA M\u1ed8T DEFLUSSO ODO, AISI 2X1\/ 4NPT<\/td>\n<td>58084018<\/td>\n<\/tr>\n<tr>\n<td height=\"21\">INPRO4010\/120\/PT1000<\/td>\n<td>52000512<\/td>\n<\/tr>\n<tr>\n<td height=\"21\">Pt4805-DXK-S8\/120<\/td>\n<td>59904167<\/td>\n<\/tr>\n<tr>\n<td height=\"21\">HA405-DXK-S8\/120<\/td>\n<td>59903146<\/td>\n<\/tr>\n<tr>\n<td height=\"21\">SENSORE N\u01af\u1edaC TINH KHI\u1ebeT ISM QUANG L\u00c0M<\/td>\n<td>30041040<\/td>\n<\/tr>\n<tr>\n<td height=\"21\">CAVO RS485\/15M X INPRO68XOI\/69X OI<\/td>\n<td>52206422<\/td>\n<\/tr>\n<tr>\n<td height=\"21\">O2 C\u00e1p 82\/1 M\/BNC-30<\/td>\n<td>59906862<\/td>\n<\/tr>\n<tr>\n<td height=\"21\">J-H\u1ed9p BTLE<\/td>\n<td>30365368<\/td>\n<\/tr>\n<tr>\n<td height=\"21\">M300-FLOW 4 K\u00caNH 1\/4 DIN<\/td>\n<td>58001305<\/td>\n<\/tr>\n<tr>\n<td height=\"21\">S\u1ebd \u0111\u01b0\u1ee3c thay th\u1ebf b\u1edfi M200 L\u01b0u L\u01b0\u1ee3ng 4 CH trong 2018<\/td>\n<td>30280749<\/td>\n<\/tr>\n<tr>\n<td height=\"21\">M400 ISM Typ 1 (pH, CondInd) \u00bd DIN<\/td>\n<td>52121495<\/td>\n<\/tr>\n<tr>\n<td height=\"21\">InPro7250PFA\/Pt1000\/3m<\/td>\n<td>52005423<\/td>\n<\/tr>\n<tr>\n<td height=\"21\">DX223 (Ph\u00f2ng Th\u00ed Nghi\u1ec7m)<\/td>\n<td>51340263<\/td>\n<\/tr>\n<tr>\n<td height=\"9\"><\/td>\n<td><\/td>\n<\/tr>\n<tr>\n<td height=\"21\">INPRO4260\/120\/PT1000<\/td>\n<td>52002987<\/td>\n<\/tr>\n<tr>\n<td height=\"21\">OPTOCAP INPRO 6970I (BR01)<\/td>\n<td>52206403<\/td>\n<\/tr>\n<tr>\n<td height=\"21\">InPro4260i\/SG\/225<\/td>\n<td>52005382<\/td>\n<\/tr>\n<tr>\n<td height=\"21\">405-DPAS-SC-K8S\/120<\/td>\n<td>59903230<\/td>\n<\/tr>\n<tr>\n<td height=\"21\">InPro4801SG\/120\/Pt1000<\/td>\n<td>52002132<\/td>\n<\/tr>\n<tr>\n<td height=\"21\">InPro3253\/120\/Pt1000<\/td>\n<td>52002567<\/td>\n<\/tr>\n<tr>\n<td height=\"21\">InPro4800i\/SG\/120<\/td>\n<td>52005383<\/td>\n<\/tr>\n<tr>\n<td height=\"21\">InPro3250i\/SG\/120<\/td>\n<td>52005373<\/td>\n<\/tr>\n<tr>\n<td height=\"21\">InPro6800\/12\/120<\/td>\n<td>52200965<\/td>\n<\/tr>\n<tr>\n<td height=\"21\">InPro4260\/425\/PT100<\/td>\n<td>52002992<\/td>\n<\/tr>\n<tr>\n<td height=\"21\">InPro3250SG\/120\/PT1000<\/td>\n<td>52002559<\/td>\n<\/tr>\n<tr>\n<td height=\"21\">VP6-ST\/10m<\/td>\n<td>52300110<\/td>\n<\/tr>\n<tr>\n<td height=\"21\">VP6-HT\/10m<\/td>\n<td>52300114<\/td>\n<\/tr>\n<tr>\n<td height=\"21\">405-DPAS-SC-K8S\/325<\/td>\n<td>59903233<\/td>\n<\/tr>\n<tr>\n<td height=\"21\">InPro4262i\/SG\/120<\/td>\n<td>30018467<\/td>\n<\/tr>\n<tr>\n<td height=\"21\">UNICOND\/034\/TEFLON-AISI\/TI<\/td>\n<td>58031404<\/td>\n<\/tr>\n<tr>\n<td height=\"21\">M400 G2 TYPE1<\/td>\n<td>30374111<\/td>\n<\/tr>\n<tr>\n<td height=\"21\">M400 G2 TYPE2<\/td>\n<td>30374112<\/td>\n<\/tr>\n<tr>\n<td height=\"21\">INPRO3253I\/SG\/120<\/td>\n<td>52005377<\/td>\n<\/tr>\n<tr>\n<td height=\"21\">AK9\/5M (CAVO AK9-ST\/05M)<\/td>\n<td>59902213<\/td>\n<\/tr>\n<tr>\n<td height=\"21\">M300 QU\u00c1 TR\u00ccNH 1-CH, 1\/2 DIN<\/td>\n<td>30280771<\/td>\n<\/tr>\n<tr>\n<td height=\"21\">InPro6860i\/12\/120\/NA<\/td>\n<td>30014100<\/td>\n<\/tr>\n<tr>\n<td height=\"21\">VP8-ST\/5M (VP8-ST\/ISM\/05M)<\/td>\n<td>52300355<\/td>\n<\/tr>\n<tr>\n<td height=\"21\">405-60-SC-P-PA-K19\/120\/03M<\/td>\n<td>59904724<\/td>\n<\/tr>\n<tr>\n<td height=\"21\">HA405-90-PA-SC-88G-K19\/120\/03M<\/td>\n<td>52002760<\/td>\n<\/tr>\n<tr>\n<td height=\"21\">TRASMETTITORE M800 1-CH<\/td>\n<td>30026633<\/td>\n<\/tr>\n<tr>\n<td height=\"21\">SENSORE N\u01af\u1edaC TINH KHI\u1ebeT ISM QUANG L\u00c0M<\/td>\n<td>30041040<\/td>\n<\/tr>\n<tr>\n<td height=\"21\">RS485\/02M M\u1ed6I INPRO68X0I\/6970I<\/td>\n<td>52300379<\/td>\n<\/tr>\n<tr>\n<td height=\"21\">EASYSENSE PH 31<\/td>\n<td>52003771<\/td>\n<\/tr>\n<tr>\n<td height=\"21\">Pt4805-DPA-SC-S8\/120<\/td>\n<td>59904203<\/td>\n<\/tr>\n<tr>\n<td height=\"21\">INPRO3100UD\/120\/PT1000<\/td>\n<td>52002752<\/td>\n<\/tr>\n<tr>\n<td height=\"21\">INPRO3250\/120\/PT1000<\/td>\n<td>52002548<\/td>\n<\/tr>\n<tr>\n<td height=\"21\">M300 QU\u00c1 TR\u00ccNH 1-K\u00caNH 1\/4 DIN<\/td>\n<td>30280770<\/td>\n<\/tr>\n<tr>\n<td height=\"21\">PT4805-DPA-S8\/120<\/td>\n<td>59904147<\/td>\n<\/tr>\n<tr>\n<td height=\"21\">244\/025\/PEEK\/AISI 1-1\/2TC VP 3. 1<\/td>\n<td>58031242<\/td>\n<\/tr>\n<tr>\n<td height=\"21\">243\/085\/AISI\/AISI 1-1\/2TC VP 3. 1<\/td>\n<td>58031234<\/td>\n<\/tr>\n<tr>\n<td height=\"21\">PH meter 1140-X<\/td>\n<td>52120658<\/td>\n<\/tr>\n<tr>\n<td height=\"21\">PH METER 1120-X, X\u00c1CH TAY<\/td>\n<td>52120654<\/td>\n<\/tr>\n<tr>\n<td height=\"21\">TAMPONE PH 4.01, 250ML<\/td>\n<td>51340057<\/td>\n<\/tr>\n<tr>\n<td height=\"21\">TAMPONE PH 7.00, 250ML<\/td>\n<td>51340059<\/td>\n<\/tr>\n<tr>\n<td height=\"21\">TAMPONE PH 9.21, 250ML<\/td>\n<td>51300193<\/td>\n<\/tr>\n<tr>\n<td height=\"21\">PH DUNG D\u1ecaCH \u0110\u1ec6M PH = 4,01 C 20 ML<\/td>\n<td>51302069<\/td>\n<\/tr>\n<tr>\n<td height=\"21\">PH DUNG D\u1ecaCH \u0110\u1ec6M PH = 7,00 20ML<\/td>\n<td>51302047<\/td>\n<\/tr>\n<tr>\n<td height=\"21\">PH DUNG D\u1ecaCH \u0110\u1ec6M PH = 9,21 20ML<\/td>\n<td>51302070<\/td>\n<\/tr>\n<tr>\n<td height=\"21\">InPro4801i\/SG\/120<\/td>\n<td>52003581<\/td>\n<\/tr>\n<tr>\n<td height=\"21\">AK9\/10m<\/td>\n<td>59902230<\/td>\n<\/tr>\n<tr>\n<td height=\"21\">InPro3250\/225\/Pt100<\/td>\n<td>52002552<\/td>\n<\/tr>\n<tr>\n<td height=\"21\">VP6-ST\/3m<\/td>\n<td>52300108<\/td>\n<\/tr>\n<tr>\n<td height=\"21\">Inpro7250PFA\/PT1000\/5M<\/td>\n<td>52005424<\/td>\n<\/tr>\n<tr>\n<td height=\"21\">InPro7250PFA\/Pt1000\/10m<\/td>\n<td>52005425<\/td>\n<\/tr>\n<tr>\n<td height=\"21\">M300 COND 2-CH 1\/4DIN<\/td>\n<td>30280774<\/td>\n<\/tr>\n<tr>\n<td height=\"21\">Membrankit 6900<\/td>\n<td>52201003<\/td>\n<\/tr>\n<tr>\n<td height=\"21\">InPro4850i\/SG\/125<\/td>\n<td width=\"91\">52005464<\/td>\n<\/tr>\n<tr>\n<td height=\"21\">M300 N\u01af\u1edaC 2-CH 1\/2DIN<\/td>\n<td>30280779<\/td>\n<\/tr>\n<tr>\n<td height=\"21\">INPro4260i\/SG\/425<\/td>\n<td>52005407<\/td>\n<\/tr>\n<tr>\n<td height=\"21\">InPro4260\/120\/Pt100<\/td>\n<td>52002986<\/td>\n<\/tr>\n<tr>\n<td height=\"21\">InFlow751\/PVC\/D32\/DN25\/PG13,5<\/td>\n<td>52400250<\/td>\n<\/tr>\n<tr>\n<td height=\"21\">InTrac787\/100<\/td>\n<td>52402401<\/td>\n<\/tr>\n<tr>\n<td height=\"21\">InTrac787\/300<\/td>\n<td>52402402<\/td>\n<\/tr>\n<tr>\n<td height=\"21\">AK9\/3m<\/td>\n<td>59902193<\/td>\n<\/tr>\n<tr>\n<td height=\"21\">\u0110\u1ec7m, pH = 4.01\/3.9M NaCl<\/td>\n<td>52004103<\/td>\n<\/tr>\n<tr>\n<td height=\"21\">7000RMS Vi Khu\u1ea9n Ph\u00e1t Hi\u1ec7n Ph\u00e2n T\u00edch<\/td>\n<td><\/td>\n<\/tr>\n<tr>\n<td height=\"21\">243\/086\/AISI\/AISI 1-1\/2TC 3.1 (243E223 +)<\/td>\n<td>58031223<\/td>\n<\/tr>\n<tr>\n<td height=\"21\">Membrankit 6900R<\/td>\n<td>52201109<\/td>\n<\/tr>\n<tr>\n<td height=\"21\">INPRO3250I\/SG\/225<\/td>\n<td>52005374<\/td>\n<\/tr>\n<tr>\n<td height=\"21\">Intrac781R\/4404\/Vi\/225\/D00\/G18<\/td>\n<td><\/td>\n<\/tr>\n<tr>\n<td height=\"21\">INPRO4881I\/SG\/225<\/td>\n<td>30301406<\/td>\n<\/tr>\n<tr>\n<td height=\"21\">M800 4-CH<\/td>\n<td>58000804<\/td>\n<\/tr>\n<tr>\n<td height=\"21\">INPRO4800\/120\/PT1000<\/td>\n<td>52002125<\/td>\n<\/tr>\n<tr>\n<td height=\"21\">VP6-ST\/5M<\/td>\n<td>52300109<\/td>\n<\/tr>\n<tr>\n<td height=\"21\">HA405-DPA-SC-S8\/120<\/td>\n<td>59903227<\/td>\n<\/tr>\n<tr>\n<td height=\"21\">M400\/2H<\/td>\n<td>30025514<\/td>\n<\/tr>\n<tr>\n<td height=\"21\">M400\/2XH<\/td>\n<td>30025515<\/td>\n<\/tr>\n<tr>\n<td height=\"21\">INPRO6850I\/12\/120 , 26<\/td>\n<td>52206119<\/td>\n<\/tr>\n<tr>\n<td height=\"21\">INPRO4260I\/SG\/120 , 56<\/td>\n<td>52005381<\/td>\n<\/tr>\n<tr>\n<td height=\"21\">INPRO4260I\/SG\/225 , 22<\/td>\n<td>52005382<\/td>\n<\/tr>\n<tr>\n<td width=\"289\" height=\"21\">InPro2000i\/SG\/250\/9848<\/td>\n<td width=\"91\">52003528<\/td>\n<\/tr>\n<tr>\n<td height=\"21\">M400 ISM Typ 3 (pH, Cond, O2 ppb, CO2) \u00bd DIN<\/td>\n<td>52121350<\/td>\n<\/tr>\n<tr>\n<td height=\"21\">230-211<\/td>\n<td>58031004<\/td>\n<\/tr>\n<tr>\n<td height=\"21\">HA405-DXK-S8\/120<\/td>\n<td>59903146<\/td>\n<\/tr>\n<tr>\n<td height=\"21\">PT4805-DXK-S8\/120<\/td>\n<td>59904167<\/td>\n<\/tr>\n<tr>\n<td height=\"21\">INPRO3030\/225<\/td>\n<td>52001315<\/td>\n<\/tr>\n<\/tbody>\n<\/table>\n<\/div>\n<p>\u0110\u1ea1i l\u00fd METTLER TOLEDO vietnam, METTLER TOLEDO viet nam, METTLER TOLEDO vietnam distributor, Ph\u00e2n ph\u1ed1i METTLER TOLEDO t\u1ea1i vi\u1ec7t nam<\/p>\n<p>\u0110\u1ea1i l\u00fd METTLER TOLEDO vietnam, METTLER TOLEDO viet nam, METTLER TOLEDO vietnam distributor, Ph\u00e2n ph\u1ed1i METTLER TOLEDO t\u1ea1i vi\u1ec7t nam<\/p>\n<p>\u0110\u1ea1i l\u00fd METTLER TOLEDO vietnam, METTLER TOLEDO viet nam, METTLER TOLEDO vietnam distributor, Ph\u00e2n ph\u1ed1i METTLER TOLEDO t\u1ea1i vi\u1ec7t nam<\/p>\n<p>\u0110\u1ea1i l\u00fd METTLER TOLEDO vietnam, METTLER TOLEDO viet nam, METTLER TOLEDO vietnam distributor, Ph\u00e2n ph\u1ed1i METTLER TOLEDO t\u1ea1i vi\u1ec7t nam<\/p>\n<p>\u0110\u1ea1i l\u00fd METTLER TOLEDO vietnam, METTLER TOLEDO viet nam, METTLER TOLEDO vietnam distributor, Ph\u00e2n ph\u1ed1i METTLER TOLEDO t\u1ea1i vi\u1ec7t nam<\/p>\n","protected":false},"excerpt":{"rendered":"<p>METTLER TOLEDO Inpro4260\/120\/Pt100 52002987 Mettler Ph-Single Rod Chain Inpro4260\/120\/Pt100 52002987 Mettler Toledo Inpro 4260\/120\/Pt1000 Ph Electrode W\/ Temperature Sensor 52002987 N\u01a1i xu\u1ea5t x\u1ee9 Swaziland Nh\u00e3n hi\u1ec7u Mettler Toledo Diameter 12 mm Fiber optic 2 Temperature range -30&#8230;130 \u00b0C (14&#8230;266 \u00b0F) C\u00e1c m\u00e3 h\u00e0ng t\u01b0\u01a1ng t\u1ef1 INPRO4800\/120\/PT1000 INPRO3250\/120\/PT1000 HA405-DXK-S8\/120 405-DPAS-SC-K8S\/120 HA405-DPA-SC-S8\/120&hellip; <\/p>\n","protected":false},"featured_media":1941,"comment_status":"open","ping_status":"closed","template":"","meta":[],"product_cat":[489],"product_tag":[88,491,490],"class_list":{"0":"post-1940","1":"product","2":"type-product","3":"status-publish","4":"has-post-thumbnail","6":"product_cat-mettler-toledo","7":"product_tag-cam-bien","8":"product_tag-dai-ly-mettler-toledo-viet-nam","9":"product_tag-mettler-toledo-viet-nam","11":"first","12":"instock","13":"shipping-taxable","14":"product-type-simple"},"yoast_head":"<!-- This site is optimized with the Yoast SEO plugin v22.8 - https:\/\/yoast.com\/wordpress\/plugins\/seo\/ -->\n<title>METTLER TOLEDO Inpro4260\/120\/Pt100 52002987 - OMANI VI\u1ec6T NAM<\/title>\n<meta name=\"robots\" content=\"index, follow, max-snippet:-1, max-image-preview:large, max-video-preview:-1\" \/>\n<link rel=\"canonical\" href=\"https:\/\/omanivietnam.com\/index.php\/san-pham\/inpro4260-120-pt100-52002987\/\" \/>\n<meta property=\"og:locale\" content=\"vi_VN\" \/>\n<meta property=\"og:type\" content=\"article\" \/>\n<meta property=\"og:title\" content=\"METTLER TOLEDO Inpro4260\/120\/Pt100 52002987 - OMANI VI\u1ec6T NAM\" \/>\n<meta property=\"og:description\" content=\"METTLER TOLEDO Inpro4260\/120\/Pt100 52002987 Mettler Ph-Single Rod Chain Inpro4260\/120\/Pt100 52002987 Mettler Toledo Inpro 4260\/120\/Pt1000 Ph Electrode W\/ Temperature Sensor 52002987 N\u01a1i xu\u1ea5t x\u1ee9 Swaziland Nh\u00e3n hi\u1ec7u Mettler Toledo Diameter 12 mm Fiber optic 2 Temperature range -30&#8230;130 \u00b0C (14&#8230;266 \u00b0F) C\u00e1c m\u00e3 h\u00e0ng t\u01b0\u01a1ng t\u1ef1 INPRO4800\/120\/PT1000 INPRO3250\/120\/PT1000 HA405-DXK-S8\/120 405-DPAS-SC-K8S\/120 HA405-DPA-SC-S8\/120&hellip;\" \/>\n<meta property=\"og:url\" content=\"https:\/\/omanivietnam.com\/index.php\/san-pham\/inpro4260-120-pt100-52002987\/\" \/>\n<meta property=\"og:site_name\" content=\"OMANI VI\u1ec6T NAM\" \/>\n<meta property=\"article:modified_time\" content=\"2024-10-01T22:24:05+00:00\" \/>\n<meta property=\"og:image\" content=\"https:\/\/omanivietnam.com\/wp-content\/uploads\/2024\/10\/Inpro4260-120-Pt100-52002987.png\" \/>\n\t<meta property=\"og:image:width\" content=\"959\" \/>\n\t<meta property=\"og:image:height\" content=\"957\" \/>\n\t<meta property=\"og:image:type\" content=\"image\/png\" \/>\n<meta name=\"twitter:card\" content=\"summary_large_image\" \/>\n<meta name=\"twitter:label1\" content=\"\u01af\u1edbc t\u00ednh th\u1eddi gian \u0111\u1ecdc\" \/>\n\t<meta name=\"twitter:data1\" content=\"3 ph\u00fat\" \/>\n<script type=\"application\/ld+json\" class=\"yoast-schema-graph\">{\"@context\":\"https:\/\/schema.org\",\"@graph\":[{\"@type\":\"WebPage\",\"@id\":\"https:\/\/omanivietnam.com\/index.php\/san-pham\/inpro4260-120-pt100-52002987\/\",\"url\":\"https:\/\/omanivietnam.com\/index.php\/san-pham\/inpro4260-120-pt100-52002987\/\",\"name\":\"METTLER TOLEDO Inpro4260\/120\/Pt100 52002987 - OMANI VI\u1ec6T NAM\",\"isPartOf\":{\"@id\":\"https:\/\/omanivietnam.com\/#website\"},\"primaryImageOfPage\":{\"@id\":\"https:\/\/omanivietnam.com\/index.php\/san-pham\/inpro4260-120-pt100-52002987\/#primaryimage\"},\"image\":{\"@id\":\"https:\/\/omanivietnam.com\/index.php\/san-pham\/inpro4260-120-pt100-52002987\/#primaryimage\"},\"thumbnailUrl\":\"https:\/\/omanivietnam.com\/wp-content\/uploads\/2024\/10\/Inpro4260-120-Pt100-52002987.png\",\"datePublished\":\"2024-10-01T22:22:21+00:00\",\"dateModified\":\"2024-10-01T22:24:05+00:00\",\"breadcrumb\":{\"@id\":\"https:\/\/omanivietnam.com\/index.php\/san-pham\/inpro4260-120-pt100-52002987\/#breadcrumb\"},\"inLanguage\":\"vi\",\"potentialAction\":[{\"@type\":\"ReadAction\",\"target\":[\"https:\/\/omanivietnam.com\/index.php\/san-pham\/inpro4260-120-pt100-52002987\/\"]}]},{\"@type\":\"ImageObject\",\"inLanguage\":\"vi\",\"@id\":\"https:\/\/omanivietnam.com\/index.php\/san-pham\/inpro4260-120-pt100-52002987\/#primaryimage\",\"url\":\"https:\/\/omanivietnam.com\/wp-content\/uploads\/2024\/10\/Inpro4260-120-Pt100-52002987.png\",\"contentUrl\":\"https:\/\/omanivietnam.com\/wp-content\/uploads\/2024\/10\/Inpro4260-120-Pt100-52002987.png\",\"width\":959,\"height\":957},{\"@type\":\"BreadcrumbList\",\"@id\":\"https:\/\/omanivietnam.com\/index.php\/san-pham\/inpro4260-120-pt100-52002987\/#breadcrumb\",\"itemListElement\":[{\"@type\":\"ListItem\",\"position\":1,\"name\":\"Home\",\"item\":\"https:\/\/omanivietnam.com\/\"},{\"@type\":\"ListItem\",\"position\":2,\"name\":\"S\u1ea2N PH\u1ea8M\",\"item\":\"https:\/\/omanivietnam.com\/index.php\/cua-hang\/\"},{\"@type\":\"ListItem\",\"position\":3,\"name\":\"METTLER TOLEDO Inpro4260\/120\/Pt100 52002987\"}]},{\"@type\":\"WebSite\",\"@id\":\"https:\/\/omanivietnam.com\/#website\",\"url\":\"https:\/\/omanivietnam.com\/\",\"name\":\"OMANI VI\u1ec6T NAM\",\"description\":\"Nh\u00e0 ph\u00e2n ph\u1ed1i thi\u1ebft b\u1ecb kh\u00ed n\u00e9n v\u00e0 thi\u1ebft b\u1ecb t\u1ef1 \u0111\u1ed9ng h\u00f3a trong c\u00f4ng nghi\u1ec7p\",\"publisher\":{\"@id\":\"https:\/\/omanivietnam.com\/#\/schema\/person\/0ad398a980dc3fd696111c2c5c8fa897\"},\"potentialAction\":[{\"@type\":\"SearchAction\",\"target\":{\"@type\":\"EntryPoint\",\"urlTemplate\":\"https:\/\/omanivietnam.com\/?s={search_term_string}\"},\"query-input\":\"required name=search_term_string\"}],\"inLanguage\":\"vi\"},{\"@type\":[\"Person\",\"Organization\"],\"@id\":\"https:\/\/omanivietnam.com\/#\/schema\/person\/0ad398a980dc3fd696111c2c5c8fa897\",\"name\":\"Nguy\u1ec5n V\u0103n Kh\u00e1nh\",\"image\":{\"@type\":\"ImageObject\",\"inLanguage\":\"vi\",\"@id\":\"https:\/\/omanivietnam.com\/#\/schema\/person\/image\/\",\"url\":\"https:\/\/omanivietnam.com\/wp-content\/uploads\/2024\/06\/logo-1024x1024.png\",\"contentUrl\":\"https:\/\/omanivietnam.com\/wp-content\/uploads\/2024\/06\/logo-1024x1024.png\",\"width\":1024,\"height\":1024,\"caption\":\"Nguy\u1ec5n V\u0103n Kh\u00e1nh\"},\"logo\":{\"@id\":\"https:\/\/omanivietnam.com\/#\/schema\/person\/image\/\"},\"sameAs\":[\"https:\/\/omanivietnam.com\"]}]}<\/script>\n<!-- \/ Yoast SEO plugin. -->","yoast_head_json":{"title":"METTLER TOLEDO Inpro4260\/120\/Pt100 52002987 - OMANI VI\u1ec6T NAM","robots":{"index":"index","follow":"follow","max-snippet":"max-snippet:-1","max-image-preview":"max-image-preview:large","max-video-preview":"max-video-preview:-1"},"canonical":"https:\/\/omanivietnam.com\/index.php\/san-pham\/inpro4260-120-pt100-52002987\/","og_locale":"vi_VN","og_type":"article","og_title":"METTLER TOLEDO Inpro4260\/120\/Pt100 52002987 - OMANI VI\u1ec6T NAM","og_description":"METTLER TOLEDO Inpro4260\/120\/Pt100 52002987 Mettler Ph-Single Rod Chain Inpro4260\/120\/Pt100 52002987 Mettler Toledo Inpro 4260\/120\/Pt1000 Ph Electrode W\/ Temperature Sensor 52002987 N\u01a1i xu\u1ea5t x\u1ee9 Swaziland Nh\u00e3n hi\u1ec7u Mettler Toledo Diameter 12 mm Fiber optic 2 Temperature range -30&#8230;130 \u00b0C (14&#8230;266 \u00b0F) C\u00e1c m\u00e3 h\u00e0ng t\u01b0\u01a1ng t\u1ef1 INPRO4800\/120\/PT1000 INPRO3250\/120\/PT1000 HA405-DXK-S8\/120 405-DPAS-SC-K8S\/120 HA405-DPA-SC-S8\/120&hellip;","og_url":"https:\/\/omanivietnam.com\/index.php\/san-pham\/inpro4260-120-pt100-52002987\/","og_site_name":"OMANI VI\u1ec6T NAM","article_modified_time":"2024-10-01T22:24:05+00:00","og_image":[{"width":959,"height":957,"url":"https:\/\/omanivietnam.com\/wp-content\/uploads\/2024\/10\/Inpro4260-120-Pt100-52002987.png","type":"image\/png"}],"twitter_card":"summary_large_image","twitter_misc":{"\u01af\u1edbc t\u00ednh th\u1eddi gian \u0111\u1ecdc":"3 ph\u00fat"},"schema":{"@context":"https:\/\/schema.org","@graph":[{"@type":"WebPage","@id":"https:\/\/omanivietnam.com\/index.php\/san-pham\/inpro4260-120-pt100-52002987\/","url":"https:\/\/omanivietnam.com\/index.php\/san-pham\/inpro4260-120-pt100-52002987\/","name":"METTLER TOLEDO Inpro4260\/120\/Pt100 52002987 - OMANI VI\u1ec6T NAM","isPartOf":{"@id":"https:\/\/omanivietnam.com\/#website"},"primaryImageOfPage":{"@id":"https:\/\/omanivietnam.com\/index.php\/san-pham\/inpro4260-120-pt100-52002987\/#primaryimage"},"image":{"@id":"https:\/\/omanivietnam.com\/index.php\/san-pham\/inpro4260-120-pt100-52002987\/#primaryimage"},"thumbnailUrl":"https:\/\/omanivietnam.com\/wp-content\/uploads\/2024\/10\/Inpro4260-120-Pt100-52002987.png","datePublished":"2024-10-01T22:22:21+00:00","dateModified":"2024-10-01T22:24:05+00:00","breadcrumb":{"@id":"https:\/\/omanivietnam.com\/index.php\/san-pham\/inpro4260-120-pt100-52002987\/#breadcrumb"},"inLanguage":"vi","potentialAction":[{"@type":"ReadAction","target":["https:\/\/omanivietnam.com\/index.php\/san-pham\/inpro4260-120-pt100-52002987\/"]}]},{"@type":"ImageObject","inLanguage":"vi","@id":"https:\/\/omanivietnam.com\/index.php\/san-pham\/inpro4260-120-pt100-52002987\/#primaryimage","url":"https:\/\/omanivietnam.com\/wp-content\/uploads\/2024\/10\/Inpro4260-120-Pt100-52002987.png","contentUrl":"https:\/\/omanivietnam.com\/wp-content\/uploads\/2024\/10\/Inpro4260-120-Pt100-52002987.png","width":959,"height":957},{"@type":"BreadcrumbList","@id":"https:\/\/omanivietnam.com\/index.php\/san-pham\/inpro4260-120-pt100-52002987\/#breadcrumb","itemListElement":[{"@type":"ListItem","position":1,"name":"Home","item":"https:\/\/omanivietnam.com\/"},{"@type":"ListItem","position":2,"name":"S\u1ea2N PH\u1ea8M","item":"https:\/\/omanivietnam.com\/index.php\/cua-hang\/"},{"@type":"ListItem","position":3,"name":"METTLER TOLEDO Inpro4260\/120\/Pt100 52002987"}]},{"@type":"WebSite","@id":"https:\/\/omanivietnam.com\/#website","url":"https:\/\/omanivietnam.com\/","name":"OMANI VI\u1ec6T NAM","description":"Nh\u00e0 ph\u00e2n ph\u1ed1i thi\u1ebft b\u1ecb kh\u00ed n\u00e9n v\u00e0 thi\u1ebft b\u1ecb t\u1ef1 \u0111\u1ed9ng h\u00f3a trong c\u00f4ng nghi\u1ec7p","publisher":{"@id":"https:\/\/omanivietnam.com\/#\/schema\/person\/0ad398a980dc3fd696111c2c5c8fa897"},"potentialAction":[{"@type":"SearchAction","target":{"@type":"EntryPoint","urlTemplate":"https:\/\/omanivietnam.com\/?s={search_term_string}"},"query-input":"required name=search_term_string"}],"inLanguage":"vi"},{"@type":["Person","Organization"],"@id":"https:\/\/omanivietnam.com\/#\/schema\/person\/0ad398a980dc3fd696111c2c5c8fa897","name":"Nguy\u1ec5n V\u0103n Kh\u00e1nh","image":{"@type":"ImageObject","inLanguage":"vi","@id":"https:\/\/omanivietnam.com\/#\/schema\/person\/image\/","url":"https:\/\/omanivietnam.com\/wp-content\/uploads\/2024\/06\/logo-1024x1024.png","contentUrl":"https:\/\/omanivietnam.com\/wp-content\/uploads\/2024\/06\/logo-1024x1024.png","width":1024,"height":1024,"caption":"Nguy\u1ec5n V\u0103n Kh\u00e1nh"},"logo":{"@id":"https:\/\/omanivietnam.com\/#\/schema\/person\/image\/"},"sameAs":["https:\/\/omanivietnam.com"]}]}},"_links":{"self":[{"href":"https:\/\/omanivietnam.com\/index.php\/wp-json\/wp\/v2\/product\/1940","targetHints":{"allow":["GET"]}}],"collection":[{"href":"https:\/\/omanivietnam.com\/index.php\/wp-json\/wp\/v2\/product"}],"about":[{"href":"https:\/\/omanivietnam.com\/index.php\/wp-json\/wp\/v2\/types\/product"}],"replies":[{"embeddable":true,"href":"https:\/\/omanivietnam.com\/index.php\/wp-json\/wp\/v2\/comments?post=1940"}],"wp:featuredmedia":[{"embeddable":true,"href":"https:\/\/omanivietnam.com\/index.php\/wp-json\/wp\/v2\/media\/1941"}],"wp:attachment":[{"href":"https:\/\/omanivietnam.com\/index.php\/wp-json\/wp\/v2\/media?parent=1940"}],"wp:term":[{"taxonomy":"product_cat","embeddable":true,"href":"https:\/\/omanivietnam.com\/index.php\/wp-json\/wp\/v2\/product_cat?post=1940"},{"taxonomy":"product_tag","embeddable":true,"href":"https:\/\/omanivietnam.com\/index.php\/wp-json\/wp\/v2\/product_tag?post=1940"}],"curies":[{"name":"wp","href":"https:\/\/api.w.org\/{rel}","templated":true}]}}