{"id":1995,"date":"2024-10-05T21:37:58","date_gmt":"2024-10-05T14:37:58","guid":{"rendered":"https:\/\/omanivietnam.com\/?post_type=product&#038;p=1995"},"modified":"2024-10-05T21:50:52","modified_gmt":"2024-10-05T14:50:52","slug":"vega-vegapuls-62-ps62-ufbae2hdnax","status":"publish","type":"product","link":"https:\/\/omanivietnam.com\/index.php\/san-pham\/vega-vegapuls-62-ps62-ufbae2hdnax\/","title":{"rendered":"VEGA VEGAPULS 62 PS62.UFBAE2HDNAX"},"content":{"rendered":"<p>VEGA VEGAPULS 62 PS62.UFBAE2HDNAX<\/p>\n<p>Ca\u0309m bi\u00ea\u0301n \u0111o m\u01b0\u0301c VEGA VEGAPULS 62 PS62.UFBAE2HDNAX<\/p>\n<p><strong>VEGAPULS 62 Radar sensor | VEGAPULS 62 C\u1ea3m bi\u1ebfn m\u1ee9c\u00a0radar<\/strong><\/p>\n<p>&nbsp;<\/p>\n<p>1. M\u00f4 t\u1ea3\u00a0<strong>VEGAPULS 62 Radar sensor | VEGAPULS 62 C\u1ea3m bi\u1ebfn radar<\/strong><\/p>\n<p>The Vegapuls 62 is a universally implementable radar sensor for continuous level measurement of liquids. It is suitable for level measurement in storage containers, reactors and process vessels, even under difficult process conditions. With its various antenna versions and materials,\u00a0<strong>VEGAPULS 62<\/strong>\u00a0is the optimal solution for almost all applications and processes. Its wide temperature and pressure range makes project planning simple.<\/p>\n<p>&nbsp;<\/p>\n<p>2. Th\u00f4ng s\u1ed1 k\u1ef9 thu\u1eadt\u00a0<strong>VEGAPULS 62 Radar sensor | VEGAPULS 62 C\u1ea3m bi\u1ebfn radar<\/strong><\/p>\n<ul>\n<li>Measuring range up to 35 m (114.8 ft)<\/li>\n<li>Deviation \u00b12 mm<\/li>\n<li>Process fitting Thread from G1\u00bd; 1\u00bd NPT; flanges from DN 40, 1\u00bd\u201d<\/li>\n<li>Process pressure -1 \u2026 +160 bar\/-100 \u2026 +16000 kPa (-14.5 \u2026 +2320 psig)<\/li>\n<li>Process temperature -196 \u2026 +450 \u00b0C (-321 \u2026 +842 \u00b0F)<\/li>\n<li>Ambient, storage and transport temperature -40 \u2026 +80 \u00b0C (-40 \u2026 +176 \u00b0F)<\/li>\n<li>Operating voltage 9.6 \u2026 36 V DC<\/li>\n<li>SIL qualification Optionally up to SIL2<\/li>\n<\/ul>\n<p>&nbsp;<\/p>\n<p>3. \u1ee8ng d\u1ee5ng\u00a0<strong>VEGAPULS 62 Radar sensor | VEGAPULS 62 C\u1ea3m bi\u1ebfn radar<\/strong><\/p>\n<p>The universal genius for level measurement of liquids under difficult conditions<\/p>\n<p>The\u00a0<strong>level transmitter VEGAPULS 62<\/strong>\u00a0is used mainly in the chemical and petrochemical industry as well as in environmental engineering and recycling. Difficult process conditions such as extreme temperature or pressure or even vacuum are no problem at all for the level transmitter\u00a0<strong>VEGAPULS 62<\/strong>: The instrument reliably detects the level in storage tanks and process vessels. Thanks to radar technology, the level transmitter detects liquids contactlessly and delivers continuous, highly accurate readings.<\/p>\n<p><strong>Radar sensor for continuous level measurement of liquids<\/strong><\/p>\n<p><strong>In extreme temperatures and pressures<\/strong><\/p>\n<p id=\"product-name\" class=\"product-name\">VEGAPULS 62<\/p>\n<p class=\"product-title\">Radar sensor for continuous level measurement of liquids<\/p>\n<p class=\"subtitle\">In extreme temperatures and pressures<\/p>\n<div class=\"product-content-block\">\n<p>Application area<\/p>\n<div class=\"product-characteristic-text\">The extended selection of process fittings and materials allows use in extreme temperature and pressure ranges.<\/div>\n<div class=\"product-application-text\">The VEGAPULS 62 is a universally implementable radar sensor for continuous level measurement of liquids. It is suitable for level measurement in storage containers, reactors and process vessels, even under difficult process conditions. With its various antenna versions and materials, VEGAPULS 62 is the optimal solution for almost all applications and processes. Its wide temperature and pressure range makes project planning simple.<\/div>\n<\/div>\n<div class=\"divider-blank\"><\/div>\n<div class=\"product-content-block\">\n<h3>Your benefit<\/h3>\n<ul class=\"checklist\">\n<li>Exact measuring results independent of pressure, temperature, gas and steam<\/li>\n<li>High plant availability, because wear and maintenance-free<\/li>\n<li>Maintenance-free operation through non-contact measuring principle<\/li>\n<\/ul>\n<p><strong>Technical specifications<\/strong><\/p>\n<p>Measuring range \u2013 Distance :\u00a035 m<\/p>\n<p>Process temperature :\u00a0-196 \u2026 450 \u00b0C<\/p>\n<p>Process pressure :\u00a0-1 \u2026 160 bar<\/p>\n<p>Accuracy :\u00a0\u00b1 2 mm<\/p>\n<p>Version :<\/p>\n<ul>\n<li>for separate horn antenna<\/li>\n<li>with \u00bd\u201d standpipe<\/li>\n<li>with horn antenna \u00f8 40 mm<\/li>\n<li>with horn antenna \u00f8 48 mm<\/li>\n<li>with horn antenna \u00f8 75 mm<\/li>\n<li>with horn antenna \u00f8 95 mm<\/li>\n<li>with parabolic antenna \u00f8 245 mm<\/li>\n<\/ul>\n<p>Materials, wetted parts<\/p>\n<ul>\n<li>316L<\/li>\n<li>Alloy C22 (2.4602)<\/li>\n<li>1.4848<\/li>\n<li>Alloy 400 (2.4360)<\/li>\n<li>Tantalum<\/li>\n<\/ul>\n<p>Threaded connection :\u00a0G1\u00bd, 1\u00bd NPT<\/p>\n<p>Flange connection :\u00a0\u2265\u00a0DN50, \u2265\u00a02\u2033<\/p>\n<p>Seal material<\/p>\n<ul>\n<li>FKM<\/li>\n<li>FFKM<\/li>\n<li>graphit and ceramic<\/li>\n<\/ul>\n<p>Housing material<\/p>\n<ul>\n<li>Plastic<\/li>\n<li>Aluminium<\/li>\n<li>Stainless steel (precision casting)<\/li>\n<li>Stainless steel (electropolished)<\/li>\n<\/ul>\n<p>Protection rating<\/p>\n<ul>\n<li>IP\u00a066\/IP\u00a068 (0.2\u00a0bar)<\/li>\n<li>IP\u00a066\/IP\u00a067<\/li>\n<li>IP\u00a066\/IP\u00a068 (1\u00a0bar)<\/li>\n<\/ul>\n<p>Output<\/p>\n<ul>\n<li>Profibus PA<\/li>\n<li>Foundation Fieldbus<\/li>\n<li>4\u00a0\u2026\u00a020\u00a0mA\/HART \u2013 two-wire<\/li>\n<li>Modbus<\/li>\n<li>4\u00a0\u2026\u00a020\u00a0mA\/HART \u2013 four-wire<\/li>\n<\/ul>\n<p>Ambient temperature :\u00a0-40 \u2026 80 \u00b0C<\/p>\n<\/div>\n<div id=\"dnn_ctr1179_productdetail_descriptionDiv\">\n<div>\n<div>\n<div>Order Code:<\/div>\n<\/div>\n<\/div>\n<\/div>\n<p>VB61.XXAGDTKMX<\/p>\n<p>CAP62.GXAGSRAM<\/p>\n<p>SN62.XXAGHANAX<\/p>\n<p>WE62.XXHQFRKMX<\/p>\n<p>PS67.XXBFKBDMXX<\/p>\n<p>VB63.XXAGCRKJX<\/p>\n<p>VB63.XXAGCRKJX<\/p>\n<p>CP62.GXAGDRANX<\/p>\n<p>EL1.X1VTM<\/p>\n<p>TOR632.XXA<\/p>\n<p>PSSR68.RXE1H2HANAV<\/p>\n<p>PS61.XXBFKHANAX<\/p>\n<p>SN61.CXANHKMXX<\/p>\n<p>PS60EE.60KH<\/p>\n<p>PS63.CMNFDHVMXX<\/p>\n<p>PS61.XXAGPHRMAX<\/p>\n<p>SN61.XXAGHKMXX<\/p>\n<p>B82.AXAGSAGCSHXKIMAX<\/p>\n<p>PSWL61.XXBXXHKAX<\/p>\n<p>DIS82.AXHANMAAX<\/p>\n<p>PS69.AXCSAAHXAMAXX<\/p>\n<p>CP63.XXGGCZKMX<\/p>\n<p>PS54K.XBXXRCXVKX<\/p>\n<p>CP65. XAKGSRAMX<\/p>\n<p>PS68.XXEGD2HKMXX<\/p>\n<p>CP65. XAKGSRAMX<\/p>\n<p>CL65.XXKEFHAMXX<\/p>\n<p>MET381. XX<\/p>\n<p>PS68. XXE1H2VDMAK<\/p>\n<p>PS67.XXBXXHAMXX<\/p>\n<p>PS68.XXEGD2HAMXX<\/p>\n<p>PSSR68.XXDFCFHKNAX<\/p>\n<p>PS67.XXBFKBDMXX<\/p>\n<p>CAP62. XXAGDRKMX<\/p>\n<p>VB61.XXAGDRKMX<\/p>\n<p>PS68.XXD1O2HKMXX<\/p>\n<p>MET624.XXX SN62. XXANHKNA<\/p>\n<p>SWING61.XXGBVXPCX<\/p>\n<p>SN64.XXAEPVDMXX<\/p>\n<p>FX62.XXAGD1HKMXX<\/p>\n<p>PS66.XXDFC2HKMXX<\/p>\n<p>PS68.XXE1H2HANAK<\/p>\n<p>PS68.XXK1O4HAMXK<\/p>\n<p>WE62.XXHQFRKMX<\/p>\n<p>BAR52.CMGP1QZAMXS<\/p>\n<p>CP65.XXMGSRAMX<\/p>\n<p>CONNECT.CXA4<\/p>\n<p>&nbsp;<\/p>\n<p>\u0110\u1ea1i l\u00fd VEGA vietnam, VEGA viet nam, VEGA vietnam distributor, Ph\u00e2n ph\u1ed1i VEGA t\u1ea1i vi\u1ec7t nam<\/p>\n<p>\u0110\u1ea1i l\u00fd VEGA vietnam, VEGA viet nam, VEGA vietnam distributor, Ph\u00e2n ph\u1ed1i VEGA t\u1ea1i vi\u1ec7t nam<\/p>\n<p>\u0110\u1ea1i l\u00fd VEGA vietnam, VEGA viet nam, VEGA vietnam distributor, Ph\u00e2n ph\u1ed1i VEGA t\u1ea1i vi\u1ec7t nam<\/p>\n<p>\u0110\u1ea1i l\u00fd VEGA vietnam, VEGA viet nam, VEGA vietnam distributor, Ph\u00e2n ph\u1ed1i VEGA t\u1ea1i vi\u1ec7t nam<\/p>\n<p>\u0110\u1ea1i l\u00fd VEGA vietnam, VEGA viet nam, VEGA vietnam distributor, Ph\u00e2n ph\u1ed1i VEGA t\u1ea1i vi\u1ec7t nam<\/p>\n","protected":false},"excerpt":{"rendered":"<p>VEGA VEGAPULS 62 PS62.UFBAE2HDNAX Ca\u0309m bi\u00ea\u0301n \u0111o m\u01b0\u0301c VEGA VEGAPULS 62 PS62.UFBAE2HDNAX VEGAPULS 62 Radar sensor | VEGAPULS 62 C\u1ea3m bi\u1ebfn m\u1ee9c\u00a0radar &nbsp; 1. M\u00f4 t\u1ea3\u00a0VEGAPULS 62 Radar sensor | VEGAPULS 62 C\u1ea3m bi\u1ebfn radar The Vegapuls 62 is a universally implementable radar sensor for continuous level measurement of liquids.&hellip; <\/p>\n","protected":false},"featured_media":1996,"comment_status":"open","ping_status":"closed","template":"","meta":[],"product_cat":[499],"product_tag":[88,501,500],"class_list":{"0":"post-1995","1":"product","2":"type-product","3":"status-publish","4":"has-post-thumbnail","6":"product_cat-vega","7":"product_tag-cam-bien","8":"product_tag-dai-ly-vega-viet-nam","9":"product_tag-vega-viet-nam","11":"first","12":"instock","13":"shipping-taxable","14":"product-type-simple"},"yoast_head":"<!-- This site is optimized with the Yoast SEO plugin v22.8 - https:\/\/yoast.com\/wordpress\/plugins\/seo\/ -->\n<title>VEGA VEGAPULS 62 PS62.UFBAE2HDNAX - OMANI VI\u1ec6T NAM<\/title>\n<meta name=\"robots\" content=\"index, follow, max-snippet:-1, max-image-preview:large, max-video-preview:-1\" \/>\n<link rel=\"canonical\" href=\"https:\/\/omanivietnam.com\/index.php\/san-pham\/vega-vegapuls-62-ps62-ufbae2hdnax\/\" \/>\n<meta property=\"og:locale\" content=\"vi_VN\" \/>\n<meta property=\"og:type\" content=\"article\" \/>\n<meta property=\"og:title\" content=\"VEGA VEGAPULS 62 PS62.UFBAE2HDNAX - OMANI VI\u1ec6T NAM\" \/>\n<meta property=\"og:description\" content=\"VEGA VEGAPULS 62 PS62.UFBAE2HDNAX Ca\u0309m bi\u00ea\u0301n \u0111o m\u01b0\u0301c VEGA VEGAPULS 62 PS62.UFBAE2HDNAX VEGAPULS 62 Radar sensor | VEGAPULS 62 C\u1ea3m bi\u1ebfn m\u1ee9c\u00a0radar &nbsp; 1. M\u00f4 t\u1ea3\u00a0VEGAPULS 62 Radar sensor | VEGAPULS 62 C\u1ea3m bi\u1ebfn radar The Vegapuls 62 is a universally implementable radar sensor for continuous level measurement of liquids.&hellip;\" \/>\n<meta property=\"og:url\" content=\"https:\/\/omanivietnam.com\/index.php\/san-pham\/vega-vegapuls-62-ps62-ufbae2hdnax\/\" \/>\n<meta property=\"og:site_name\" content=\"OMANI VI\u1ec6T NAM\" \/>\n<meta property=\"article:modified_time\" content=\"2024-10-05T14:50:52+00:00\" \/>\n<meta property=\"og:image\" content=\"https:\/\/omanivietnam.com\/wp-content\/uploads\/2024\/10\/VEGAPULS-62-PS62.UFBAE2HDNAX.png\" \/>\n\t<meta property=\"og:image:width\" content=\"674\" \/>\n\t<meta property=\"og:image:height\" content=\"575\" \/>\n\t<meta property=\"og:image:type\" content=\"image\/png\" \/>\n<meta name=\"twitter:card\" content=\"summary_large_image\" \/>\n<meta name=\"twitter:label1\" content=\"\u01af\u1edbc t\u00ednh th\u1eddi gian \u0111\u1ecdc\" \/>\n\t<meta name=\"twitter:data1\" content=\"4 ph\u00fat\" \/>\n<script type=\"application\/ld+json\" class=\"yoast-schema-graph\">{\"@context\":\"https:\/\/schema.org\",\"@graph\":[{\"@type\":\"WebPage\",\"@id\":\"https:\/\/omanivietnam.com\/index.php\/san-pham\/vega-vegapuls-62-ps62-ufbae2hdnax\/\",\"url\":\"https:\/\/omanivietnam.com\/index.php\/san-pham\/vega-vegapuls-62-ps62-ufbae2hdnax\/\",\"name\":\"VEGA VEGAPULS 62 PS62.UFBAE2HDNAX - OMANI VI\u1ec6T NAM\",\"isPartOf\":{\"@id\":\"https:\/\/omanivietnam.com\/#website\"},\"primaryImageOfPage\":{\"@id\":\"https:\/\/omanivietnam.com\/index.php\/san-pham\/vega-vegapuls-62-ps62-ufbae2hdnax\/#primaryimage\"},\"image\":{\"@id\":\"https:\/\/omanivietnam.com\/index.php\/san-pham\/vega-vegapuls-62-ps62-ufbae2hdnax\/#primaryimage\"},\"thumbnailUrl\":\"https:\/\/omanivietnam.com\/wp-content\/uploads\/2024\/10\/VEGAPULS-62-PS62.UFBAE2HDNAX.png\",\"datePublished\":\"2024-10-05T14:37:58+00:00\",\"dateModified\":\"2024-10-05T14:50:52+00:00\",\"breadcrumb\":{\"@id\":\"https:\/\/omanivietnam.com\/index.php\/san-pham\/vega-vegapuls-62-ps62-ufbae2hdnax\/#breadcrumb\"},\"inLanguage\":\"vi\",\"potentialAction\":[{\"@type\":\"ReadAction\",\"target\":[\"https:\/\/omanivietnam.com\/index.php\/san-pham\/vega-vegapuls-62-ps62-ufbae2hdnax\/\"]}]},{\"@type\":\"ImageObject\",\"inLanguage\":\"vi\",\"@id\":\"https:\/\/omanivietnam.com\/index.php\/san-pham\/vega-vegapuls-62-ps62-ufbae2hdnax\/#primaryimage\",\"url\":\"https:\/\/omanivietnam.com\/wp-content\/uploads\/2024\/10\/VEGAPULS-62-PS62.UFBAE2HDNAX.png\",\"contentUrl\":\"https:\/\/omanivietnam.com\/wp-content\/uploads\/2024\/10\/VEGAPULS-62-PS62.UFBAE2HDNAX.png\",\"width\":674,\"height\":575},{\"@type\":\"BreadcrumbList\",\"@id\":\"https:\/\/omanivietnam.com\/index.php\/san-pham\/vega-vegapuls-62-ps62-ufbae2hdnax\/#breadcrumb\",\"itemListElement\":[{\"@type\":\"ListItem\",\"position\":1,\"name\":\"Home\",\"item\":\"https:\/\/omanivietnam.com\/\"},{\"@type\":\"ListItem\",\"position\":2,\"name\":\"S\u1ea2N PH\u1ea8M\",\"item\":\"https:\/\/omanivietnam.com\/index.php\/cua-hang\/\"},{\"@type\":\"ListItem\",\"position\":3,\"name\":\"VEGA VEGAPULS 62 PS62.UFBAE2HDNAX\"}]},{\"@type\":\"WebSite\",\"@id\":\"https:\/\/omanivietnam.com\/#website\",\"url\":\"https:\/\/omanivietnam.com\/\",\"name\":\"OMANI VI\u1ec6T NAM\",\"description\":\"Nh\u00e0 ph\u00e2n ph\u1ed1i thi\u1ebft b\u1ecb kh\u00ed n\u00e9n v\u00e0 thi\u1ebft b\u1ecb t\u1ef1 \u0111\u1ed9ng h\u00f3a trong c\u00f4ng nghi\u1ec7p\",\"publisher\":{\"@id\":\"https:\/\/omanivietnam.com\/#\/schema\/person\/0ad398a980dc3fd696111c2c5c8fa897\"},\"potentialAction\":[{\"@type\":\"SearchAction\",\"target\":{\"@type\":\"EntryPoint\",\"urlTemplate\":\"https:\/\/omanivietnam.com\/?s={search_term_string}\"},\"query-input\":\"required name=search_term_string\"}],\"inLanguage\":\"vi\"},{\"@type\":[\"Person\",\"Organization\"],\"@id\":\"https:\/\/omanivietnam.com\/#\/schema\/person\/0ad398a980dc3fd696111c2c5c8fa897\",\"name\":\"Nguy\u1ec5n V\u0103n Kh\u00e1nh\",\"image\":{\"@type\":\"ImageObject\",\"inLanguage\":\"vi\",\"@id\":\"https:\/\/omanivietnam.com\/#\/schema\/person\/image\/\",\"url\":\"https:\/\/omanivietnam.com\/wp-content\/uploads\/2024\/06\/logo-1024x1024.png\",\"contentUrl\":\"https:\/\/omanivietnam.com\/wp-content\/uploads\/2024\/06\/logo-1024x1024.png\",\"width\":1024,\"height\":1024,\"caption\":\"Nguy\u1ec5n V\u0103n Kh\u00e1nh\"},\"logo\":{\"@id\":\"https:\/\/omanivietnam.com\/#\/schema\/person\/image\/\"},\"sameAs\":[\"https:\/\/omanivietnam.com\"]}]}<\/script>\n<!-- \/ Yoast SEO plugin. -->","yoast_head_json":{"title":"VEGA VEGAPULS 62 PS62.UFBAE2HDNAX - OMANI VI\u1ec6T NAM","robots":{"index":"index","follow":"follow","max-snippet":"max-snippet:-1","max-image-preview":"max-image-preview:large","max-video-preview":"max-video-preview:-1"},"canonical":"https:\/\/omanivietnam.com\/index.php\/san-pham\/vega-vegapuls-62-ps62-ufbae2hdnax\/","og_locale":"vi_VN","og_type":"article","og_title":"VEGA VEGAPULS 62 PS62.UFBAE2HDNAX - OMANI VI\u1ec6T NAM","og_description":"VEGA VEGAPULS 62 PS62.UFBAE2HDNAX Ca\u0309m bi\u00ea\u0301n \u0111o m\u01b0\u0301c VEGA VEGAPULS 62 PS62.UFBAE2HDNAX VEGAPULS 62 Radar sensor | VEGAPULS 62 C\u1ea3m bi\u1ebfn m\u1ee9c\u00a0radar &nbsp; 1. M\u00f4 t\u1ea3\u00a0VEGAPULS 62 Radar sensor | VEGAPULS 62 C\u1ea3m bi\u1ebfn radar The Vegapuls 62 is a universally implementable radar sensor for continuous level measurement of liquids.&hellip;","og_url":"https:\/\/omanivietnam.com\/index.php\/san-pham\/vega-vegapuls-62-ps62-ufbae2hdnax\/","og_site_name":"OMANI VI\u1ec6T NAM","article_modified_time":"2024-10-05T14:50:52+00:00","og_image":[{"width":674,"height":575,"url":"https:\/\/omanivietnam.com\/wp-content\/uploads\/2024\/10\/VEGAPULS-62-PS62.UFBAE2HDNAX.png","type":"image\/png"}],"twitter_card":"summary_large_image","twitter_misc":{"\u01af\u1edbc t\u00ednh th\u1eddi gian \u0111\u1ecdc":"4 ph\u00fat"},"schema":{"@context":"https:\/\/schema.org","@graph":[{"@type":"WebPage","@id":"https:\/\/omanivietnam.com\/index.php\/san-pham\/vega-vegapuls-62-ps62-ufbae2hdnax\/","url":"https:\/\/omanivietnam.com\/index.php\/san-pham\/vega-vegapuls-62-ps62-ufbae2hdnax\/","name":"VEGA VEGAPULS 62 PS62.UFBAE2HDNAX - OMANI VI\u1ec6T NAM","isPartOf":{"@id":"https:\/\/omanivietnam.com\/#website"},"primaryImageOfPage":{"@id":"https:\/\/omanivietnam.com\/index.php\/san-pham\/vega-vegapuls-62-ps62-ufbae2hdnax\/#primaryimage"},"image":{"@id":"https:\/\/omanivietnam.com\/index.php\/san-pham\/vega-vegapuls-62-ps62-ufbae2hdnax\/#primaryimage"},"thumbnailUrl":"https:\/\/omanivietnam.com\/wp-content\/uploads\/2024\/10\/VEGAPULS-62-PS62.UFBAE2HDNAX.png","datePublished":"2024-10-05T14:37:58+00:00","dateModified":"2024-10-05T14:50:52+00:00","breadcrumb":{"@id":"https:\/\/omanivietnam.com\/index.php\/san-pham\/vega-vegapuls-62-ps62-ufbae2hdnax\/#breadcrumb"},"inLanguage":"vi","potentialAction":[{"@type":"ReadAction","target":["https:\/\/omanivietnam.com\/index.php\/san-pham\/vega-vegapuls-62-ps62-ufbae2hdnax\/"]}]},{"@type":"ImageObject","inLanguage":"vi","@id":"https:\/\/omanivietnam.com\/index.php\/san-pham\/vega-vegapuls-62-ps62-ufbae2hdnax\/#primaryimage","url":"https:\/\/omanivietnam.com\/wp-content\/uploads\/2024\/10\/VEGAPULS-62-PS62.UFBAE2HDNAX.png","contentUrl":"https:\/\/omanivietnam.com\/wp-content\/uploads\/2024\/10\/VEGAPULS-62-PS62.UFBAE2HDNAX.png","width":674,"height":575},{"@type":"BreadcrumbList","@id":"https:\/\/omanivietnam.com\/index.php\/san-pham\/vega-vegapuls-62-ps62-ufbae2hdnax\/#breadcrumb","itemListElement":[{"@type":"ListItem","position":1,"name":"Home","item":"https:\/\/omanivietnam.com\/"},{"@type":"ListItem","position":2,"name":"S\u1ea2N PH\u1ea8M","item":"https:\/\/omanivietnam.com\/index.php\/cua-hang\/"},{"@type":"ListItem","position":3,"name":"VEGA VEGAPULS 62 PS62.UFBAE2HDNAX"}]},{"@type":"WebSite","@id":"https:\/\/omanivietnam.com\/#website","url":"https:\/\/omanivietnam.com\/","name":"OMANI VI\u1ec6T NAM","description":"Nh\u00e0 ph\u00e2n ph\u1ed1i thi\u1ebft b\u1ecb kh\u00ed n\u00e9n v\u00e0 thi\u1ebft b\u1ecb t\u1ef1 \u0111\u1ed9ng h\u00f3a trong c\u00f4ng nghi\u1ec7p","publisher":{"@id":"https:\/\/omanivietnam.com\/#\/schema\/person\/0ad398a980dc3fd696111c2c5c8fa897"},"potentialAction":[{"@type":"SearchAction","target":{"@type":"EntryPoint","urlTemplate":"https:\/\/omanivietnam.com\/?s={search_term_string}"},"query-input":"required name=search_term_string"}],"inLanguage":"vi"},{"@type":["Person","Organization"],"@id":"https:\/\/omanivietnam.com\/#\/schema\/person\/0ad398a980dc3fd696111c2c5c8fa897","name":"Nguy\u1ec5n V\u0103n Kh\u00e1nh","image":{"@type":"ImageObject","inLanguage":"vi","@id":"https:\/\/omanivietnam.com\/#\/schema\/person\/image\/","url":"https:\/\/omanivietnam.com\/wp-content\/uploads\/2024\/06\/logo-1024x1024.png","contentUrl":"https:\/\/omanivietnam.com\/wp-content\/uploads\/2024\/06\/logo-1024x1024.png","width":1024,"height":1024,"caption":"Nguy\u1ec5n V\u0103n Kh\u00e1nh"},"logo":{"@id":"https:\/\/omanivietnam.com\/#\/schema\/person\/image\/"},"sameAs":["https:\/\/omanivietnam.com"]}]}},"_links":{"self":[{"href":"https:\/\/omanivietnam.com\/index.php\/wp-json\/wp\/v2\/product\/1995","targetHints":{"allow":["GET"]}}],"collection":[{"href":"https:\/\/omanivietnam.com\/index.php\/wp-json\/wp\/v2\/product"}],"about":[{"href":"https:\/\/omanivietnam.com\/index.php\/wp-json\/wp\/v2\/types\/product"}],"replies":[{"embeddable":true,"href":"https:\/\/omanivietnam.com\/index.php\/wp-json\/wp\/v2\/comments?post=1995"}],"wp:featuredmedia":[{"embeddable":true,"href":"https:\/\/omanivietnam.com\/index.php\/wp-json\/wp\/v2\/media\/1996"}],"wp:attachment":[{"href":"https:\/\/omanivietnam.com\/index.php\/wp-json\/wp\/v2\/media?parent=1995"}],"wp:term":[{"taxonomy":"product_cat","embeddable":true,"href":"https:\/\/omanivietnam.com\/index.php\/wp-json\/wp\/v2\/product_cat?post=1995"},{"taxonomy":"product_tag","embeddable":true,"href":"https:\/\/omanivietnam.com\/index.php\/wp-json\/wp\/v2\/product_tag?post=1995"}],"curies":[{"name":"wp","href":"https:\/\/api.w.org\/{rel}","templated":true}]}}