{"id":1999,"date":"2024-10-05T21:59:31","date_gmt":"2024-10-05T14:59:31","guid":{"rendered":"https:\/\/omanivietnam.com\/?post_type=product&#038;p=1999"},"modified":"2024-10-05T22:00:42","modified_gmt":"2024-10-05T15:00:42","slug":"autonics-byd50-ddt-u","status":"publish","type":"product","link":"https:\/\/omanivietnam.com\/index.php\/san-pham\/autonics-byd50-ddt-u\/","title":{"rendered":"AUTONICS BYD50-DDT-U"},"content":{"rendered":"<p>AUTONICS BYD50-DDT-U<\/p>\n<p><strong>C\u1ea3m bi\u1ebfn quang \u0111i\u1ec7n nh\u1ecf g\u1ecdn Autonics BYD50-DDT<\/strong><\/p>\n<p id=\"listto-0\"><strong>Gi\u1edbi thi\u1ec7u t\u1ed5ng quan:<\/strong><\/p>\n<p>V\u1edbi hi\u1ec7u su\u1ea5t ho\u1ea1t \u0111\u1ed9ng cao, k\u00edch th\u01b0\u1edbc nh\u1ecf g\u1ecdn v\u00e0 ph\u01b0\u01a1ng ph\u00e1p ph\u00e1t hi\u1ec7n \u0111a d\u1ea1ng, c\u1ea3m bi\u1ebfn quang \u0111i\u1ec7n series BYD l\u00e0 s\u1ef1 l\u1ef1a ch\u1ecdn l\u00fd t\u01b0\u1edfng cho nhi\u1ec1u \u1ee9ng d\u1ee5ng kh\u00e1c nhau. Series BYD g\u1ed3m lo\u1ea1i thu ph\u00e1t, lo\u1ea1i ph\u1ea3n x\u1ea1 khu\u1ebfch t\u00e1n v\u00e0 lo\u1ea1i ph\u1ea3n x\u1ea1 h\u1ed9i t\u1ee5. Ngo\u00e0i ra, model BYD30-DDT-U v\u00e0 BYD50-DDT-U c\u00f3 ch\u1ec9 th\u1ecb ho\u1ea1t \u0111\u1ed9ng \u0111\u01b0\u1ee3c thi\u1ebft k\u1ebf tr\u00ean \u0111\u1ec9nh thi\u1ebft b\u1ecb, gi\u00fap ng\u01b0\u1eddi d\u00f9ng x\u00e1c \u0111\u1ecbnh tr\u1ea1ng th\u00e1i ho\u1ea1t \u0111\u1ed9ng t\u1ed1t h\u01a1n.<\/p>\n<p id=\"listto-1\"><strong>T\u00ednh n\u0103ng ch\u00ednh:<\/strong><\/p>\n<p>K\u00edch th\u01b0\u1edbc nh\u1ecf g\u1ecdn: W 12 \u00d7 H 32 \u00d7 L 18 mm<br \/>\nKh\u1ea3 n\u0103ng ph\u00e1t hi\u1ec7n t\u1ed1t m\u00e0 kh\u00f4ng b\u1ecb \u1ea3nh h\u01b0\u1edfng b\u1edfi m\u00e0u s\u1eafc c\u1ee7a v\u1eadt (lo\u1ea1i ph\u1ea3n x\u1ea1 h\u1ed9i t\u1ee5)<br \/>\nCh\u1ec9 th\u1ecb ho\u1ea1t \u0111\u1ed9ng (LED \u0111\u1ecf) (Model BYD30-DDT-U, BYD50-DDT-U: ch\u1ec9 th\u1ecb \u0111\u01b0\u1ee3c thi\u1ebft k\u1ebf tr\u00ean \u0111\u1ec9nh thi\u1ebft b\u1ecb)<br \/>\nD\u1ec5 d\u00e0ng \u0111i\u1ec1u ch\u1ec9nh th\u1eddi gian \u0111\u00e1p \u1ee9ng b\u1eb1ng ch\u1ee9c n\u0103ng \u0111\u1ecbnh th\u1eddi (0.1 \u0111\u1ebfn 2 gi\u00e2y) (lo\u1ea1i ph\u1ea3n x\u1ea1 h\u1ed9i t\u1ee5)<br \/>\nTich h\u1ee3p m\u1ea1ch b\u1ea3o v\u1ec7 ch\u1ed1ng qu\u00e1 d\u00f2ng ng\u00f5 ra v\u00e0 \u0111\u1ea3o ng\u01b0\u1ee3c c\u1ef1c ngu\u1ed3n<\/p>\n<p id=\"listto-2\"><strong>Th\u00f4ng s\u1ed1 k\u1ef9 thu\u1eadt chung BYD50-DDT:<\/strong><\/p>\n<table border=\"1\" cellspacing=\"1\" cellpadding=\"1\">\n<tbody>\n<tr>\n<td>Lo\u1ea1i ph\u00e1t hi\u1ec7n<\/td>\n<td>Lo\u1ea1i ph\u1ea3n x\u1ea1 h\u1ed9i t\u1ee5<\/td>\n<\/tr>\n<tr>\n<td>Kho\u1ea3ng c\u00e1ch ph\u00e1t hi\u1ec7n<\/td>\n<td>10 \u0111\u1ebfn 50mm<\/td>\n<\/tr>\n<tr>\n<td>Kho\u1ea3ng c\u00e1ch ph\u00e1t hi\u1ec7n<\/td>\n<td>V\u1eadt li\u1ec7u m\u1edd, \u0111\u1ee5c<\/td>\n<\/tr>\n<tr>\n<td>Ngu\u1ed3n s\u00e1ng<\/td>\n<td>LED h\u1ed3ng ngo\u1ea1i<\/td>\n<\/tr>\n<tr>\n<td>Th\u1eddi gian \u0111\u00e1p \u1ee9ng<\/td>\n<td>Ho\u1ea1t \u0111\u1ed9ng: Max. 3ms,<br \/>\nQuay tr\u1edf l\u1ea1i: T\u1ed1i \u0111a 100ms<\/td>\n<\/tr>\n<tr>\n<td>Ngu\u1ed3n c\u1ea5p<\/td>\n<td>12-24VDC\u00a0 \u00b110%(s\u00f3ng P-P: max. 10%)<\/td>\n<\/tr>\n<tr>\n<td>D\u00f2ng ti\u00eau th\u1ee5<\/td>\n<td>Max. 35mA<\/td>\n<\/tr>\n<tr>\n<td>\u0110i\u1ec1u ch\u1ec9nh \u0111\u1ed9 nh\u1ea1y<\/td>\n<td>C\u1ed1 \u0111\u1ecbnh<\/td>\n<\/tr>\n<tr>\n<td>Ch\u1ebf \u0111\u1ed9 ho\u1ea1t \u0111\u1ed9ng<\/td>\n<td>Light ON<\/td>\n<\/tr>\n<tr>\n<td>Ng\u00f5 ra \u0111i\u1ec1u khi\u1ec3n<\/td>\n<td>NPN m\u1ea1ch thu h\u1edf<\/td>\n<\/tr>\n<tr>\n<td>Lo\u1ea1i k\u1ebft n\u1ed1i<\/td>\n<td>Lo\u1ea1i c\u00e1p(\u00d83.5, 2m)<\/td>\n<\/tr>\n<tr>\n<td>M\u00f4i tr\u01b0\u1eddng_\u00c1nh s\u00e1ng xung quanh<\/td>\n<td>\u00c1nh s\u00e1ng m\u1eb7t tr\u1eddi: Max. 11,000lx,<br \/>\n\u0110\u00e8n hu\u1ef3nh quang: Max. 3,000lx<br \/>\n(\u00e1nh s\u00e1ng nh\u1eadn)<\/td>\n<\/tr>\n<tr>\n<td>M\u00f4i tr\u01b0\u1eddng_Nhi\u1ec7t \u0111\u1ed9 xung quanh<\/td>\n<td>-20 \u0111\u1ebfn 65\u2103, b\u1ea3o qu\u1ea3n: -25 \u0111\u1ebfn 70\u2103<\/td>\n<\/tr>\n<tr>\n<td>C\u1ea5u tr\u00fac b\u1ea3o v\u1ec7<\/td>\n<td>IP64<\/td>\n<\/tr>\n<tr>\n<td>M\u00f4i tr\u01b0\u1eddng_\u0110\u1ed9 \u1ea9m xung quanh<\/td>\n<td>35 \u0111\u1ebfn 85%RH, b\u1ea3o qu\u1ea3n : 35 \u0111\u1ebfn 85%RH<\/td>\n<\/tr>\n<tr>\n<td>\u0110\u1ed9 tr\u1ec5<\/td>\n<td>Max. 10% t\u1ea1i kho\u1ea3ng c\u00e1ch ph\u00e1t hi\u1ec7n<\/td>\n<\/tr>\n<tr>\n<td>Ch\u1ea5t li\u1ec7u<\/td>\n<td>V\u1ecf: Acrylonitrile butadiene styrene, ph\u1ea7n ph\u00e1t hi\u1ec7n: Acrylic, gi\u00e1 \u0111\u1ee1: Steel Plate Cold Commercial,<br \/>\nbu-l\u00f4ng Steel Chromium molybdenum, \u0111ai \u1ed1c: Steel Chromium molybdenum, Sleeve: Brass, Ni-plate<\/td>\n<\/tr>\n<tr>\n<td>Ph\u1ee5 ki\u1ec7n<\/td>\n<td>Driver \u0111i\u1ec1u ch\u1ec9nh, Gi\u00e1 \u0111\u1ee1 c\u1ed1 \u0111\u1ecbnh A, \u1ed0c v\u00edt M3, \u0110ai \u1ed1c<\/td>\n<\/tr>\n<tr>\n<td>Tr\u1ecdng l\u01b0\u1ee3ng<\/td>\n<td>X\u1ea5p x\u1ec9 75g(X\u1ea5p x\u1ec9 38g)<\/td>\n<\/tr>\n<\/tbody>\n<\/table>\n<p>Kho\u1ea3ng c\u00e1ch ph\u00e1t hi\u1ec7n: Gi\u1ea5y tr\u1eafng kh\u00f4ng b\u00f3ng 50x50mm.<br \/>\nNhi\u1ec7t \u0111\u1ed9 ho\u1eb7c \u0111\u1ed9 \u1ea9m \u0111\u01b0\u1ee3c \u0111\u1ec1 c\u1eadp trong m\u1ee5c M\u00f4i tr\u01b0\u1eddng \u0111\u01b0\u1ee3c \u0111o \u1edf \u0111i\u1ec1u ki\u1ec7n kh\u00f4ng \u0111\u00f4ng \u0111\u1eb7c ho\u1eb7c ng\u01b0ng t\u1ee5.<br \/>\nTr\u1ecdng l\u01b0\u1ee3ng bao g\u1ed3m bao b\u00ec. Tr\u1ecdng l\u01b0\u1ee3ng trong ngo\u1eb7c l\u00e0 tr\u1ecdng l\u01b0\u1ee3ng thi\u1ebft b\u1ecb.<br \/>\nB\u00e1n ri\u00eang: Slit (BYD3M-ST: \u00d81, \u00d81.5, \u00d82, \u00d82.5)<\/p>\n<p>&nbsp;<\/p>\n<p>&nbsp;<\/p>\n<p><img decoding=\"async\" src=\"https:\/\/hanmyviet.vn\/images\/img\/images\/san%20pham\/Autonics\/BYD-bang-chon-ma.jpg\" alt=\"BYD-chon-ma\" \/><\/p>\n<p>&nbsp;<\/p>\n<table class=\"woocommerce-product-attributes shop_attributes\">\n<tbody>\n<tr>\n<td>Lo\u1ea1i ph\u00e1t hi\u1ec7n<\/td>\n<td>Lo\u1ea1i ph\u1ea3n x\u1ea1 h\u1ed9i t\u1ee5<\/td>\n<\/tr>\n<tr>\n<td>Kho\u1ea3ng c\u00e1ch ph\u00e1t hi\u1ec7n<\/td>\n<td>10 \u0111\u1ebfn 50mm<\/td>\n<\/tr>\n<tr>\n<td>Kho\u1ea3ng c\u00e1ch ph\u00e1t hi\u1ec7n<\/td>\n<td>V\u1eadt li\u1ec7u m\u1edd, \u0111\u1ee5c<\/td>\n<\/tr>\n<tr>\n<td>Ngu\u1ed3n s\u00e1ng<\/td>\n<td>LED h\u1ed3ng ngo\u1ea1i<\/td>\n<\/tr>\n<tr>\n<td>Th\u1eddi gian \u0111\u00e1p \u1ee9ng<\/td>\n<td>Ho\u1ea1t \u0111\u1ed9ng: Max. 3ms, Quay tr\u1edf l\u1ea1i: T\u1ed1i \u0111a 100ms<\/td>\n<\/tr>\n<tr>\n<td>Ngu\u1ed3n c\u1ea5p<\/td>\n<td>12-24VDC \u00b110%(s\u00f3ng P-P: max. 10%)<\/td>\n<\/tr>\n<tr>\n<td>D\u00f2ng ti\u00eau th\u1ee5<\/td>\n<td>Max. 35mA<\/td>\n<\/tr>\n<tr>\n<td>\u0110i\u1ec1u ch\u1ec9nh \u0111\u1ed9 nh\u1ea1y<\/td>\n<td>C\u1ed1 \u0111\u1ecbnh<\/td>\n<\/tr>\n<tr>\n<td>Ch\u1ebf \u0111\u1ed9 ho\u1ea1t \u0111\u1ed9ng<\/td>\n<td>Light ON<\/td>\n<\/tr>\n<tr>\n<td>Ng\u00f5 ra \u0111i\u1ec1u khi\u1ec3n<\/td>\n<td>NPN m\u1ea1ch thu h\u1edf<\/td>\n<\/tr>\n<tr>\n<td>Lo\u1ea1i k\u1ebft n\u1ed1i<\/td>\n<td>Lo\u1ea1i c\u00e1p(\u00d83.5, 2m)<\/td>\n<\/tr>\n<tr>\n<td>\u00c1nh s\u00e1ng xung quanh<\/td>\n<td>\u00c1nh s\u00e1ng m\u1eb7t tr\u1eddi: Max. 11,000lx,\u0110\u00e8n hu\u1ef3nh quang: Max. 3,000lx(\u00e1nh s\u00e1ng nh\u1eadn)<\/td>\n<\/tr>\n<tr>\n<td>Nhi\u1ec7t \u0111\u1ed9 xung quanh<\/td>\n<td>-20 \u0111\u1ebfn 65\u2103, b\u1ea3o qu\u1ea3n: -25 \u0111\u1ebfn 70\u2103<\/td>\n<\/tr>\n<tr>\n<td>C\u1ea5u tr\u00fac b\u1ea3o v\u1ec7<\/td>\n<td>IP64<\/td>\n<\/tr>\n<tr>\n<td>\u0110\u1ed9 \u1ea9m xung quanh<\/td>\n<td>35 \u0111\u1ebfn 85%RH, b\u1ea3o qu\u1ea3n : 35 \u0111\u1ebfn 85%RH<\/td>\n<\/tr>\n<tr>\n<td>\u0110\u1ed9 tr\u1ec5<\/td>\n<td>Max. 10% t\u1ea1i kho\u1ea3ng c\u00e1ch ph\u00e1t hi\u1ec7n<\/td>\n<\/tr>\n<tr>\n<td>Ch\u1ea5t li\u1ec7u<\/td>\n<td>V\u1ecf: Acrylonitrile butadiene styrene, ph\u1ea7n ph\u00e1t hi\u1ec7n: Acrylic, gi\u00e1 \u0111\u1ee1: Steel Plate Cold Commercial,bu-l\u00f4ng Steel Chromium molybdenum, \u0111ai \u1ed1c: Steel Chromium molybdenum, Sleeve: Brass, Ni-plate<\/td>\n<\/tr>\n<tr>\n<td>Ph\u1ee5 ki\u1ec7n<\/td>\n<td>Driver \u0111i\u1ec1u ch\u1ec9nh, Gi\u00e1 \u0111\u1ee1 c\u1ed1 \u0111\u1ecbnh A, \u1ed0c v\u00edt M3, \u0110ai \u1ed1c<\/td>\n<\/tr>\n<tr>\n<td>Tr\u1ecdng l\u01b0\u1ee3ng<\/td>\n<td>X\u1ea5p x\u1ec9 75g(X\u1ea5p x\u1ec9 38g)<\/td>\n<\/tr>\n<\/tbody>\n<\/table>\n<table id=\"tablepress-694\" class=\"tablepress tablepress-id-694\" aria-labelledby=\"tablepress-694-name\" aria-describedby=\"tablepress-694-description\">\n<thead>\n<tr class=\"row-1 odd\">\n<th class=\"column-1\">Model<\/th>\n<th class=\"column-2\">Kho\u1ea3ng c\u00e1ch ph\u00e1t hi\u1ec7n<\/th>\n<th class=\"column-3\">Ng\u00f5 ra \u0111i\u1ec1u khi\u1ec3n<\/th>\n<th class=\"column-4\">\u0110i\u1ec7n \u00e1p ho\u1ea1t \u0111\u1ed9ng<\/th>\n<\/tr>\n<\/thead>\n<tbody class=\"row-hover\">\n<tr class=\"row-2 even\">\n<td class=\"column-1\">BYD100-DDT<\/td>\n<td class=\"column-2\">100mm<\/td>\n<td class=\"column-3\">NO NPN<\/td>\n<td class=\"column-4\">12-24VDC<\/td>\n<\/tr>\n<tr class=\"row-3 odd\">\n<td class=\"column-1\">BYD30-DDT<\/td>\n<td class=\"column-2\">30mm<\/td>\n<td class=\"column-3\">NO NPN<\/td>\n<td class=\"column-4\">12-24VDC<\/td>\n<\/tr>\n<tr class=\"row-4 even\">\n<td class=\"column-1\">BYD30-DDT-T<\/td>\n<td class=\"column-2\">30mm<\/td>\n<td class=\"column-3\">NO NPN<\/td>\n<td class=\"column-4\">12-24VDC<\/td>\n<\/tr>\n<tr class=\"row-5 odd\">\n<td class=\"column-1\">BYD30-DDT-U<\/td>\n<td class=\"column-2\">30mm<\/td>\n<td class=\"column-3\">NO NPN<\/td>\n<td class=\"column-4\">12-24VDC<\/td>\n<\/tr>\n<tr class=\"row-6 even\">\n<td class=\"column-1\">BYD3M-TDT<\/td>\n<td class=\"column-2\">3mm<\/td>\n<td class=\"column-3\">NO NPN<\/td>\n<td class=\"column-4\">12-24VDC<\/td>\n<\/tr>\n<tr class=\"row-7 odd\">\n<td class=\"column-1\">BYD3M-TDT-P<\/td>\n<td class=\"column-2\">3mm<\/td>\n<td class=\"column-3\">NO PNP<\/td>\n<td class=\"column-4\">12-24VDC<\/td>\n<\/tr>\n<tr class=\"row-8 even\">\n<td class=\"column-1\">BYD50-DDT<\/td>\n<td class=\"column-2\">50mm<\/td>\n<td class=\"column-3\">NO NPN<\/td>\n<td class=\"column-4\">12-24VDC<\/td>\n<\/tr>\n<tr class=\"row-9 odd\">\n<td class=\"column-1\">BYD50-DDT-T<\/td>\n<td class=\"column-2\">50mm<\/td>\n<td class=\"column-3\">NO NPN<\/td>\n<td class=\"column-4\">12-24VDC<\/td>\n<\/tr>\n<tr class=\"row-10 even\">\n<td class=\"column-1\">BYD50-DDT-U<\/td>\n<td class=\"column-2\">50mm<\/td>\n<td class=\"column-3\">NO NPN<\/td>\n<td class=\"column-4\">12-24VDC<\/td>\n<\/tr>\n<tr class=\"row-11 odd\">\n<td class=\"column-1\">BYS500-TDT1,2<\/td>\n<td class=\"column-2\">500mm<\/td>\n<td class=\"column-3\">NO NPN<\/td>\n<td class=\"column-4\">12-24VDC<\/td>\n<\/tr>\n<tr class=\"row-12 even\">\n<td class=\"column-1\">BY500-TDT<\/td>\n<td class=\"column-2\">500mm<\/td>\n<td class=\"column-3\">NO NPN<\/td>\n<td class=\"column-4\">12-24VDC<\/td>\n<\/tr>\n<\/tbody>\n<\/table>\n<p>&nbsp;<\/p>\n<p>\u0110\u1ea1i l\u00fd AUTONICS vietnam, AUTONICS viet nam, AUTONICS vietnam distributor, Ph\u00e2n ph\u1ed1i AUTONICS t\u1ea1i vi\u1ec7t nam<\/p>\n<p>\u0110\u1ea1i l\u00fd AUTONICS vietnam, AUTONICS viet nam, AUTONICS vietnam distributor, Ph\u00e2n ph\u1ed1i AUTONICS t\u1ea1i vi\u1ec7t nam<\/p>\n<p>\u0110\u1ea1i l\u00fd AUTONICS vietnam, AUTONICS viet nam, AUTONICS vietnam distributor, Ph\u00e2n ph\u1ed1i AUTONICS t\u1ea1i vi\u1ec7t nam<\/p>\n<p>\u0110\u1ea1i l\u00fd AUTONICS vietnam, AUTONICS viet nam, AUTONICS vietnam distributor, Ph\u00e2n ph\u1ed1i AUTONICS t\u1ea1i vi\u1ec7t nam<\/p>\n<p>\u0110\u1ea1i l\u00fd AUTONICS vietnam, AUTONICS viet nam, AUTONICS vietnam distributor, Ph\u00e2n ph\u1ed1i AUTONICS t\u1ea1i vi\u1ec7t nam<\/p>\n","protected":false},"excerpt":{"rendered":"<p>AUTONICS BYD50-DDT-U C\u1ea3m bi\u1ebfn quang \u0111i\u1ec7n nh\u1ecf g\u1ecdn Autonics BYD50-DDT Gi\u1edbi thi\u1ec7u t\u1ed5ng quan: V\u1edbi hi\u1ec7u su\u1ea5t ho\u1ea1t \u0111\u1ed9ng cao, k\u00edch th\u01b0\u1edbc nh\u1ecf g\u1ecdn v\u00e0 ph\u01b0\u01a1ng ph\u00e1p ph\u00e1t hi\u1ec7n \u0111a d\u1ea1ng, c\u1ea3m bi\u1ebfn quang \u0111i\u1ec7n series BYD l\u00e0 s\u1ef1 l\u1ef1a ch\u1ecdn l\u00fd t\u01b0\u1edfng cho nhi\u1ec1u \u1ee9ng d\u1ee5ng kh\u00e1c nhau. Series&hellip; <\/p>\n","protected":false},"featured_media":2000,"comment_status":"open","ping_status":"closed","template":"","meta":[],"product_cat":[304],"product_tag":[275,88,276],"class_list":{"0":"post-1999","1":"product","2":"type-product","3":"status-publish","4":"has-post-thumbnail","6":"product_cat-autonics","7":"product_tag-autonics-viet-nam","8":"product_tag-cam-bien","9":"product_tag-dai-ly-autonics-viet-nam","11":"first","12":"instock","13":"shipping-taxable","14":"product-type-simple"},"yoast_head":"<!-- This site is optimized with the Yoast SEO plugin v22.8 - https:\/\/yoast.com\/wordpress\/plugins\/seo\/ -->\n<title>AUTONICS BYD50-DDT-U - OMANI VI\u1ec6T NAM<\/title>\n<meta name=\"robots\" content=\"index, follow, max-snippet:-1, max-image-preview:large, max-video-preview:-1\" \/>\n<link rel=\"canonical\" href=\"https:\/\/omanivietnam.com\/index.php\/san-pham\/autonics-byd50-ddt-u\/\" \/>\n<meta property=\"og:locale\" content=\"vi_VN\" \/>\n<meta property=\"og:type\" content=\"article\" \/>\n<meta property=\"og:title\" content=\"AUTONICS BYD50-DDT-U - OMANI VI\u1ec6T NAM\" \/>\n<meta property=\"og:description\" content=\"AUTONICS BYD50-DDT-U C\u1ea3m bi\u1ebfn quang \u0111i\u1ec7n nh\u1ecf g\u1ecdn Autonics BYD50-DDT Gi\u1edbi thi\u1ec7u t\u1ed5ng quan: V\u1edbi hi\u1ec7u su\u1ea5t ho\u1ea1t \u0111\u1ed9ng cao, k\u00edch th\u01b0\u1edbc nh\u1ecf g\u1ecdn v\u00e0 ph\u01b0\u01a1ng ph\u00e1p ph\u00e1t hi\u1ec7n \u0111a d\u1ea1ng, c\u1ea3m bi\u1ebfn quang \u0111i\u1ec7n series BYD l\u00e0 s\u1ef1 l\u1ef1a ch\u1ecdn l\u00fd t\u01b0\u1edfng cho nhi\u1ec1u \u1ee9ng d\u1ee5ng kh\u00e1c nhau. Series&hellip;\" \/>\n<meta property=\"og:url\" content=\"https:\/\/omanivietnam.com\/index.php\/san-pham\/autonics-byd50-ddt-u\/\" \/>\n<meta property=\"og:site_name\" content=\"OMANI VI\u1ec6T NAM\" \/>\n<meta property=\"article:modified_time\" content=\"2024-10-05T15:00:42+00:00\" \/>\n<meta property=\"og:image\" content=\"https:\/\/omanivietnam.com\/wp-content\/uploads\/2024\/10\/BYD50-DDT-U.png\" \/>\n\t<meta property=\"og:image:width\" content=\"592\" \/>\n\t<meta property=\"og:image:height\" content=\"626\" \/>\n\t<meta property=\"og:image:type\" content=\"image\/png\" \/>\n<meta name=\"twitter:card\" content=\"summary_large_image\" \/>\n<meta name=\"twitter:label1\" content=\"\u01af\u1edbc t\u00ednh th\u1eddi gian \u0111\u1ecdc\" \/>\n\t<meta name=\"twitter:data1\" content=\"5 ph\u00fat\" \/>\n<script type=\"application\/ld+json\" class=\"yoast-schema-graph\">{\"@context\":\"https:\/\/schema.org\",\"@graph\":[{\"@type\":\"WebPage\",\"@id\":\"https:\/\/omanivietnam.com\/index.php\/san-pham\/autonics-byd50-ddt-u\/\",\"url\":\"https:\/\/omanivietnam.com\/index.php\/san-pham\/autonics-byd50-ddt-u\/\",\"name\":\"AUTONICS BYD50-DDT-U - OMANI VI\u1ec6T NAM\",\"isPartOf\":{\"@id\":\"https:\/\/omanivietnam.com\/#website\"},\"primaryImageOfPage\":{\"@id\":\"https:\/\/omanivietnam.com\/index.php\/san-pham\/autonics-byd50-ddt-u\/#primaryimage\"},\"image\":{\"@id\":\"https:\/\/omanivietnam.com\/index.php\/san-pham\/autonics-byd50-ddt-u\/#primaryimage\"},\"thumbnailUrl\":\"https:\/\/omanivietnam.com\/wp-content\/uploads\/2024\/10\/BYD50-DDT-U.png\",\"datePublished\":\"2024-10-05T14:59:31+00:00\",\"dateModified\":\"2024-10-05T15:00:42+00:00\",\"breadcrumb\":{\"@id\":\"https:\/\/omanivietnam.com\/index.php\/san-pham\/autonics-byd50-ddt-u\/#breadcrumb\"},\"inLanguage\":\"vi\",\"potentialAction\":[{\"@type\":\"ReadAction\",\"target\":[\"https:\/\/omanivietnam.com\/index.php\/san-pham\/autonics-byd50-ddt-u\/\"]}]},{\"@type\":\"ImageObject\",\"inLanguage\":\"vi\",\"@id\":\"https:\/\/omanivietnam.com\/index.php\/san-pham\/autonics-byd50-ddt-u\/#primaryimage\",\"url\":\"https:\/\/omanivietnam.com\/wp-content\/uploads\/2024\/10\/BYD50-DDT-U.png\",\"contentUrl\":\"https:\/\/omanivietnam.com\/wp-content\/uploads\/2024\/10\/BYD50-DDT-U.png\",\"width\":592,\"height\":626},{\"@type\":\"BreadcrumbList\",\"@id\":\"https:\/\/omanivietnam.com\/index.php\/san-pham\/autonics-byd50-ddt-u\/#breadcrumb\",\"itemListElement\":[{\"@type\":\"ListItem\",\"position\":1,\"name\":\"Home\",\"item\":\"https:\/\/omanivietnam.com\/\"},{\"@type\":\"ListItem\",\"position\":2,\"name\":\"S\u1ea2N PH\u1ea8M\",\"item\":\"https:\/\/omanivietnam.com\/index.php\/cua-hang\/\"},{\"@type\":\"ListItem\",\"position\":3,\"name\":\"AUTONICS BYD50-DDT-U\"}]},{\"@type\":\"WebSite\",\"@id\":\"https:\/\/omanivietnam.com\/#website\",\"url\":\"https:\/\/omanivietnam.com\/\",\"name\":\"OMANI VI\u1ec6T NAM\",\"description\":\"Nh\u00e0 ph\u00e2n ph\u1ed1i thi\u1ebft b\u1ecb kh\u00ed n\u00e9n v\u00e0 thi\u1ebft b\u1ecb t\u1ef1 \u0111\u1ed9ng h\u00f3a trong c\u00f4ng nghi\u1ec7p\",\"publisher\":{\"@id\":\"https:\/\/omanivietnam.com\/#\/schema\/person\/0ad398a980dc3fd696111c2c5c8fa897\"},\"potentialAction\":[{\"@type\":\"SearchAction\",\"target\":{\"@type\":\"EntryPoint\",\"urlTemplate\":\"https:\/\/omanivietnam.com\/?s={search_term_string}\"},\"query-input\":\"required name=search_term_string\"}],\"inLanguage\":\"vi\"},{\"@type\":[\"Person\",\"Organization\"],\"@id\":\"https:\/\/omanivietnam.com\/#\/schema\/person\/0ad398a980dc3fd696111c2c5c8fa897\",\"name\":\"Nguy\u1ec5n V\u0103n Kh\u00e1nh\",\"image\":{\"@type\":\"ImageObject\",\"inLanguage\":\"vi\",\"@id\":\"https:\/\/omanivietnam.com\/#\/schema\/person\/image\/\",\"url\":\"https:\/\/omanivietnam.com\/wp-content\/uploads\/2024\/06\/logo-1024x1024.png\",\"contentUrl\":\"https:\/\/omanivietnam.com\/wp-content\/uploads\/2024\/06\/logo-1024x1024.png\",\"width\":1024,\"height\":1024,\"caption\":\"Nguy\u1ec5n V\u0103n Kh\u00e1nh\"},\"logo\":{\"@id\":\"https:\/\/omanivietnam.com\/#\/schema\/person\/image\/\"},\"sameAs\":[\"https:\/\/omanivietnam.com\"]}]}<\/script>\n<!-- \/ Yoast SEO plugin. -->","yoast_head_json":{"title":"AUTONICS BYD50-DDT-U - OMANI VI\u1ec6T NAM","robots":{"index":"index","follow":"follow","max-snippet":"max-snippet:-1","max-image-preview":"max-image-preview:large","max-video-preview":"max-video-preview:-1"},"canonical":"https:\/\/omanivietnam.com\/index.php\/san-pham\/autonics-byd50-ddt-u\/","og_locale":"vi_VN","og_type":"article","og_title":"AUTONICS BYD50-DDT-U - OMANI VI\u1ec6T NAM","og_description":"AUTONICS BYD50-DDT-U C\u1ea3m bi\u1ebfn quang \u0111i\u1ec7n nh\u1ecf g\u1ecdn Autonics BYD50-DDT Gi\u1edbi thi\u1ec7u t\u1ed5ng quan: V\u1edbi hi\u1ec7u su\u1ea5t ho\u1ea1t \u0111\u1ed9ng cao, k\u00edch th\u01b0\u1edbc nh\u1ecf g\u1ecdn v\u00e0 ph\u01b0\u01a1ng ph\u00e1p ph\u00e1t hi\u1ec7n \u0111a d\u1ea1ng, c\u1ea3m bi\u1ebfn quang \u0111i\u1ec7n series BYD l\u00e0 s\u1ef1 l\u1ef1a ch\u1ecdn l\u00fd t\u01b0\u1edfng cho nhi\u1ec1u \u1ee9ng d\u1ee5ng kh\u00e1c nhau. Series&hellip;","og_url":"https:\/\/omanivietnam.com\/index.php\/san-pham\/autonics-byd50-ddt-u\/","og_site_name":"OMANI VI\u1ec6T NAM","article_modified_time":"2024-10-05T15:00:42+00:00","og_image":[{"width":592,"height":626,"url":"https:\/\/omanivietnam.com\/wp-content\/uploads\/2024\/10\/BYD50-DDT-U.png","type":"image\/png"}],"twitter_card":"summary_large_image","twitter_misc":{"\u01af\u1edbc t\u00ednh th\u1eddi gian \u0111\u1ecdc":"5 ph\u00fat"},"schema":{"@context":"https:\/\/schema.org","@graph":[{"@type":"WebPage","@id":"https:\/\/omanivietnam.com\/index.php\/san-pham\/autonics-byd50-ddt-u\/","url":"https:\/\/omanivietnam.com\/index.php\/san-pham\/autonics-byd50-ddt-u\/","name":"AUTONICS BYD50-DDT-U - OMANI VI\u1ec6T NAM","isPartOf":{"@id":"https:\/\/omanivietnam.com\/#website"},"primaryImageOfPage":{"@id":"https:\/\/omanivietnam.com\/index.php\/san-pham\/autonics-byd50-ddt-u\/#primaryimage"},"image":{"@id":"https:\/\/omanivietnam.com\/index.php\/san-pham\/autonics-byd50-ddt-u\/#primaryimage"},"thumbnailUrl":"https:\/\/omanivietnam.com\/wp-content\/uploads\/2024\/10\/BYD50-DDT-U.png","datePublished":"2024-10-05T14:59:31+00:00","dateModified":"2024-10-05T15:00:42+00:00","breadcrumb":{"@id":"https:\/\/omanivietnam.com\/index.php\/san-pham\/autonics-byd50-ddt-u\/#breadcrumb"},"inLanguage":"vi","potentialAction":[{"@type":"ReadAction","target":["https:\/\/omanivietnam.com\/index.php\/san-pham\/autonics-byd50-ddt-u\/"]}]},{"@type":"ImageObject","inLanguage":"vi","@id":"https:\/\/omanivietnam.com\/index.php\/san-pham\/autonics-byd50-ddt-u\/#primaryimage","url":"https:\/\/omanivietnam.com\/wp-content\/uploads\/2024\/10\/BYD50-DDT-U.png","contentUrl":"https:\/\/omanivietnam.com\/wp-content\/uploads\/2024\/10\/BYD50-DDT-U.png","width":592,"height":626},{"@type":"BreadcrumbList","@id":"https:\/\/omanivietnam.com\/index.php\/san-pham\/autonics-byd50-ddt-u\/#breadcrumb","itemListElement":[{"@type":"ListItem","position":1,"name":"Home","item":"https:\/\/omanivietnam.com\/"},{"@type":"ListItem","position":2,"name":"S\u1ea2N PH\u1ea8M","item":"https:\/\/omanivietnam.com\/index.php\/cua-hang\/"},{"@type":"ListItem","position":3,"name":"AUTONICS BYD50-DDT-U"}]},{"@type":"WebSite","@id":"https:\/\/omanivietnam.com\/#website","url":"https:\/\/omanivietnam.com\/","name":"OMANI VI\u1ec6T NAM","description":"Nh\u00e0 ph\u00e2n ph\u1ed1i thi\u1ebft b\u1ecb kh\u00ed n\u00e9n v\u00e0 thi\u1ebft b\u1ecb t\u1ef1 \u0111\u1ed9ng h\u00f3a trong c\u00f4ng nghi\u1ec7p","publisher":{"@id":"https:\/\/omanivietnam.com\/#\/schema\/person\/0ad398a980dc3fd696111c2c5c8fa897"},"potentialAction":[{"@type":"SearchAction","target":{"@type":"EntryPoint","urlTemplate":"https:\/\/omanivietnam.com\/?s={search_term_string}"},"query-input":"required name=search_term_string"}],"inLanguage":"vi"},{"@type":["Person","Organization"],"@id":"https:\/\/omanivietnam.com\/#\/schema\/person\/0ad398a980dc3fd696111c2c5c8fa897","name":"Nguy\u1ec5n V\u0103n Kh\u00e1nh","image":{"@type":"ImageObject","inLanguage":"vi","@id":"https:\/\/omanivietnam.com\/#\/schema\/person\/image\/","url":"https:\/\/omanivietnam.com\/wp-content\/uploads\/2024\/06\/logo-1024x1024.png","contentUrl":"https:\/\/omanivietnam.com\/wp-content\/uploads\/2024\/06\/logo-1024x1024.png","width":1024,"height":1024,"caption":"Nguy\u1ec5n V\u0103n Kh\u00e1nh"},"logo":{"@id":"https:\/\/omanivietnam.com\/#\/schema\/person\/image\/"},"sameAs":["https:\/\/omanivietnam.com"]}]}},"_links":{"self":[{"href":"https:\/\/omanivietnam.com\/index.php\/wp-json\/wp\/v2\/product\/1999","targetHints":{"allow":["GET"]}}],"collection":[{"href":"https:\/\/omanivietnam.com\/index.php\/wp-json\/wp\/v2\/product"}],"about":[{"href":"https:\/\/omanivietnam.com\/index.php\/wp-json\/wp\/v2\/types\/product"}],"replies":[{"embeddable":true,"href":"https:\/\/omanivietnam.com\/index.php\/wp-json\/wp\/v2\/comments?post=1999"}],"wp:featuredmedia":[{"embeddable":true,"href":"https:\/\/omanivietnam.com\/index.php\/wp-json\/wp\/v2\/media\/2000"}],"wp:attachment":[{"href":"https:\/\/omanivietnam.com\/index.php\/wp-json\/wp\/v2\/media?parent=1999"}],"wp:term":[{"taxonomy":"product_cat","embeddable":true,"href":"https:\/\/omanivietnam.com\/index.php\/wp-json\/wp\/v2\/product_cat?post=1999"},{"taxonomy":"product_tag","embeddable":true,"href":"https:\/\/omanivietnam.com\/index.php\/wp-json\/wp\/v2\/product_tag?post=1999"}],"curies":[{"name":"wp","href":"https:\/\/api.w.org\/{rel}","templated":true}]}}