{"id":2022,"date":"2024-10-06T16:49:40","date_gmt":"2024-10-06T09:49:40","guid":{"rendered":"https:\/\/omanivietnam.com\/?post_type=product&#038;p=2022"},"modified":"2024-10-06T17:00:35","modified_gmt":"2024-10-06T10:00:35","slug":"festo-dgo-20-150-ppv-a-b","status":"publish","type":"product","link":"https:\/\/omanivietnam.com\/index.php\/san-pham\/festo-dgo-20-150-ppv-a-b\/","title":{"rendered":"FESTO DGO-20-150-PPV-A-B"},"content":{"rendered":"<p>FESTO DGO-20-150-PPV-A-B<\/p>\n<div class=\"col-xs-12\">\n<p id=\"main-headline\" class=\"main-headline product-summary__headline\">Linear actuator DGO-20-150-PPV-A-B<\/p>\n<\/div>\n<div class=\"col-xs-12 col-md-8 copytext promo-text product-summary__promo-text\">\u00a0Positioning actuator with magnetic force transmission, without a mechanical connection. The piston chamber and rotor are\u00a0 \u00a0 \u00a0 \u00a0hermetically sealed.<\/div>\n<div><\/div>\n<div>\n<div class=\"product-summary__title\"><strong class=\"product-summary__order-code\">\u00a0 DGO-20- -PPV-A-B<\/strong>\u00a0<span class=\"no-wrap\">Part no.\u00a0\u00a0<strong class=\"product-summary__part-number product-summary__part-number--inline\">15223<\/strong><\/span><\/div>\n<ul class=\"text-list product-summary__list\">\n<li>Magnetic power transmission<\/li>\n<li>Pressure-tight and zero leakage<\/li>\n<li>Dirt-proof and dust-proof<\/li>\n<\/ul>\n<div class=\"link-list product-summary__link-list\">\n<div class=\"sub-headline link-list__sub-headline\">\u00a0 Product information<\/div>\n<\/div>\n<\/div>\n<div><\/div>\n<div><img decoding=\"async\" src=\"https:\/\/www.khinen-festo.com\/wp-content\/uploads\/2020\/03\/DGO-20-150-PPV-A-B-catalogue-1.jpg\" \/><\/div>\n<div><\/div>\n<div>\n<p>\u0110\u1ea1i l\u00fd FESTO vietnam, FESTO viet nam, FESTO vietnam distributor, Ph\u00e2n ph\u1ed1i FESTO t\u1ea1i vi\u1ec7t nam<\/p>\n<p>\u0110\u1ea1i l\u00fd FESTO vietnam, FESTO viet nam, FESTO vietnam distributor, Ph\u00e2n ph\u1ed1i FESTO t\u1ea1i vi\u1ec7t nam<\/p>\n<p>\u0110\u1ea1i l\u00fd FESTO vietnam, FESTO viet nam, FESTO vietnam distributor, Ph\u00e2n ph\u1ed1i FESTO t\u1ea1i vi\u1ec7t nam<\/p>\n<p>\u0110\u1ea1i l\u00fd FESTO vietnam, FESTO viet nam, FESTO vietnam distributor, Ph\u00e2n ph\u1ed1i FESTO t\u1ea1i vi\u1ec7t nam<\/p>\n<p>\u0110\u1ea1i l\u00fd FESTO vietnam, FESTO viet nam, FESTO vietnam distributor, Ph\u00e2n ph\u1ed1i FESTO t\u1ea1i vi\u1ec7t nam<\/p>\n<\/div>\n<div>\n<div class=\"link-list product-summary__link-list\">\n<div><\/div>\n<\/div>\n<\/div>\n","protected":false},"excerpt":{"rendered":"<p>FESTO DGO-20-150-PPV-A-B Linear actuator DGO-20-150-PPV-A-B \u00a0Positioning actuator with magnetic force transmission, without a mechanical connection. The piston chamber and rotor are\u00a0 \u00a0 \u00a0 \u00a0hermetically sealed. \u00a0 DGO-20- -PPV-A-B\u00a0Part no.\u00a0\u00a015223 Magnetic power transmission Pressure-tight and zero leakage Dirt-proof and dust-proof \u00a0 Product information \u0110\u1ea1i l\u00fd FESTO vietnam, FESTO viet nam, FESTO&hellip; <\/p>\n","protected":false},"featured_media":2023,"comment_status":"open","ping_status":"closed","template":"","meta":[],"product_cat":[284],"product_tag":[364,363,98],"class_list":{"0":"post-2022","1":"product","2":"type-product","3":"status-publish","4":"has-post-thumbnail","6":"product_cat-festo","7":"product_tag-dai-ly-festo-viet-nam","8":"product_tag-festo-viet-nam","9":"product_tag-xy-lanh-khi","11":"first","12":"instock","13":"shipping-taxable","14":"product-type-simple"},"yoast_head":"<!-- This site is optimized with the Yoast SEO plugin v22.8 - https:\/\/yoast.com\/wordpress\/plugins\/seo\/ -->\n<title>FESTO DGO-20-150-PPV-A-B - OMANI VI\u1ec6T NAM<\/title>\n<meta name=\"robots\" content=\"index, follow, max-snippet:-1, max-image-preview:large, max-video-preview:-1\" \/>\n<link rel=\"canonical\" href=\"https:\/\/omanivietnam.com\/index.php\/san-pham\/festo-dgo-20-150-ppv-a-b\/\" \/>\n<meta property=\"og:locale\" content=\"vi_VN\" \/>\n<meta property=\"og:type\" content=\"article\" \/>\n<meta property=\"og:title\" content=\"FESTO DGO-20-150-PPV-A-B - OMANI VI\u1ec6T NAM\" \/>\n<meta property=\"og:description\" content=\"FESTO DGO-20-150-PPV-A-B Linear actuator DGO-20-150-PPV-A-B \u00a0Positioning actuator with magnetic force transmission, without a mechanical connection. The piston chamber and rotor are\u00a0 \u00a0 \u00a0 \u00a0hermetically sealed. \u00a0 DGO-20- -PPV-A-B\u00a0Part no.\u00a0\u00a015223 Magnetic power transmission Pressure-tight and zero leakage Dirt-proof and dust-proof \u00a0 Product information \u0110\u1ea1i l\u00fd FESTO vietnam, FESTO viet nam, FESTO&hellip;\" \/>\n<meta property=\"og:url\" content=\"https:\/\/omanivietnam.com\/index.php\/san-pham\/festo-dgo-20-150-ppv-a-b\/\" \/>\n<meta property=\"og:site_name\" content=\"OMANI VI\u1ec6T NAM\" \/>\n<meta property=\"article:modified_time\" content=\"2024-10-06T10:00:35+00:00\" \/>\n<meta property=\"og:image\" content=\"https:\/\/omanivietnam.com\/wp-content\/uploads\/2024\/10\/DGO-20-150-PPV-A-B.png\" \/>\n\t<meta property=\"og:image:width\" content=\"451\" \/>\n\t<meta property=\"og:image:height\" content=\"318\" \/>\n\t<meta property=\"og:image:type\" content=\"image\/png\" \/>\n<meta name=\"twitter:card\" content=\"summary_large_image\" \/>\n<meta name=\"twitter:label1\" content=\"\u01af\u1edbc t\u00ednh th\u1eddi gian \u0111\u1ecdc\" \/>\n\t<meta name=\"twitter:data1\" content=\"2 ph\u00fat\" \/>\n<script type=\"application\/ld+json\" class=\"yoast-schema-graph\">{\"@context\":\"https:\/\/schema.org\",\"@graph\":[{\"@type\":\"WebPage\",\"@id\":\"https:\/\/omanivietnam.com\/index.php\/san-pham\/festo-dgo-20-150-ppv-a-b\/\",\"url\":\"https:\/\/omanivietnam.com\/index.php\/san-pham\/festo-dgo-20-150-ppv-a-b\/\",\"name\":\"FESTO DGO-20-150-PPV-A-B - OMANI VI\u1ec6T NAM\",\"isPartOf\":{\"@id\":\"https:\/\/omanivietnam.com\/#website\"},\"primaryImageOfPage\":{\"@id\":\"https:\/\/omanivietnam.com\/index.php\/san-pham\/festo-dgo-20-150-ppv-a-b\/#primaryimage\"},\"image\":{\"@id\":\"https:\/\/omanivietnam.com\/index.php\/san-pham\/festo-dgo-20-150-ppv-a-b\/#primaryimage\"},\"thumbnailUrl\":\"https:\/\/omanivietnam.com\/wp-content\/uploads\/2024\/10\/DGO-20-150-PPV-A-B.png\",\"datePublished\":\"2024-10-06T09:49:40+00:00\",\"dateModified\":\"2024-10-06T10:00:35+00:00\",\"breadcrumb\":{\"@id\":\"https:\/\/omanivietnam.com\/index.php\/san-pham\/festo-dgo-20-150-ppv-a-b\/#breadcrumb\"},\"inLanguage\":\"vi\",\"potentialAction\":[{\"@type\":\"ReadAction\",\"target\":[\"https:\/\/omanivietnam.com\/index.php\/san-pham\/festo-dgo-20-150-ppv-a-b\/\"]}]},{\"@type\":\"ImageObject\",\"inLanguage\":\"vi\",\"@id\":\"https:\/\/omanivietnam.com\/index.php\/san-pham\/festo-dgo-20-150-ppv-a-b\/#primaryimage\",\"url\":\"https:\/\/omanivietnam.com\/wp-content\/uploads\/2024\/10\/DGO-20-150-PPV-A-B.png\",\"contentUrl\":\"https:\/\/omanivietnam.com\/wp-content\/uploads\/2024\/10\/DGO-20-150-PPV-A-B.png\",\"width\":451,\"height\":318},{\"@type\":\"BreadcrumbList\",\"@id\":\"https:\/\/omanivietnam.com\/index.php\/san-pham\/festo-dgo-20-150-ppv-a-b\/#breadcrumb\",\"itemListElement\":[{\"@type\":\"ListItem\",\"position\":1,\"name\":\"Home\",\"item\":\"https:\/\/omanivietnam.com\/\"},{\"@type\":\"ListItem\",\"position\":2,\"name\":\"S\u1ea2N PH\u1ea8M\",\"item\":\"https:\/\/omanivietnam.com\/index.php\/cua-hang\/\"},{\"@type\":\"ListItem\",\"position\":3,\"name\":\"FESTO DGO-20-150-PPV-A-B\"}]},{\"@type\":\"WebSite\",\"@id\":\"https:\/\/omanivietnam.com\/#website\",\"url\":\"https:\/\/omanivietnam.com\/\",\"name\":\"OMANI VI\u1ec6T NAM\",\"description\":\"Nh\u00e0 ph\u00e2n ph\u1ed1i thi\u1ebft b\u1ecb kh\u00ed n\u00e9n v\u00e0 thi\u1ebft b\u1ecb t\u1ef1 \u0111\u1ed9ng h\u00f3a trong c\u00f4ng nghi\u1ec7p\",\"publisher\":{\"@id\":\"https:\/\/omanivietnam.com\/#\/schema\/person\/0ad398a980dc3fd696111c2c5c8fa897\"},\"potentialAction\":[{\"@type\":\"SearchAction\",\"target\":{\"@type\":\"EntryPoint\",\"urlTemplate\":\"https:\/\/omanivietnam.com\/?s={search_term_string}\"},\"query-input\":\"required name=search_term_string\"}],\"inLanguage\":\"vi\"},{\"@type\":[\"Person\",\"Organization\"],\"@id\":\"https:\/\/omanivietnam.com\/#\/schema\/person\/0ad398a980dc3fd696111c2c5c8fa897\",\"name\":\"Nguy\u1ec5n V\u0103n Kh\u00e1nh\",\"image\":{\"@type\":\"ImageObject\",\"inLanguage\":\"vi\",\"@id\":\"https:\/\/omanivietnam.com\/#\/schema\/person\/image\/\",\"url\":\"https:\/\/omanivietnam.com\/wp-content\/uploads\/2024\/06\/logo-1024x1024.png\",\"contentUrl\":\"https:\/\/omanivietnam.com\/wp-content\/uploads\/2024\/06\/logo-1024x1024.png\",\"width\":1024,\"height\":1024,\"caption\":\"Nguy\u1ec5n V\u0103n Kh\u00e1nh\"},\"logo\":{\"@id\":\"https:\/\/omanivietnam.com\/#\/schema\/person\/image\/\"},\"sameAs\":[\"https:\/\/omanivietnam.com\"]}]}<\/script>\n<!-- \/ Yoast SEO plugin. -->","yoast_head_json":{"title":"FESTO DGO-20-150-PPV-A-B - OMANI VI\u1ec6T NAM","robots":{"index":"index","follow":"follow","max-snippet":"max-snippet:-1","max-image-preview":"max-image-preview:large","max-video-preview":"max-video-preview:-1"},"canonical":"https:\/\/omanivietnam.com\/index.php\/san-pham\/festo-dgo-20-150-ppv-a-b\/","og_locale":"vi_VN","og_type":"article","og_title":"FESTO DGO-20-150-PPV-A-B - OMANI VI\u1ec6T NAM","og_description":"FESTO DGO-20-150-PPV-A-B Linear actuator DGO-20-150-PPV-A-B \u00a0Positioning actuator with magnetic force transmission, without a mechanical connection. The piston chamber and rotor are\u00a0 \u00a0 \u00a0 \u00a0hermetically sealed. \u00a0 DGO-20- -PPV-A-B\u00a0Part no.\u00a0\u00a015223 Magnetic power transmission Pressure-tight and zero leakage Dirt-proof and dust-proof \u00a0 Product information \u0110\u1ea1i l\u00fd FESTO vietnam, FESTO viet nam, FESTO&hellip;","og_url":"https:\/\/omanivietnam.com\/index.php\/san-pham\/festo-dgo-20-150-ppv-a-b\/","og_site_name":"OMANI VI\u1ec6T NAM","article_modified_time":"2024-10-06T10:00:35+00:00","og_image":[{"width":451,"height":318,"url":"https:\/\/omanivietnam.com\/wp-content\/uploads\/2024\/10\/DGO-20-150-PPV-A-B.png","type":"image\/png"}],"twitter_card":"summary_large_image","twitter_misc":{"\u01af\u1edbc t\u00ednh th\u1eddi gian \u0111\u1ecdc":"2 ph\u00fat"},"schema":{"@context":"https:\/\/schema.org","@graph":[{"@type":"WebPage","@id":"https:\/\/omanivietnam.com\/index.php\/san-pham\/festo-dgo-20-150-ppv-a-b\/","url":"https:\/\/omanivietnam.com\/index.php\/san-pham\/festo-dgo-20-150-ppv-a-b\/","name":"FESTO DGO-20-150-PPV-A-B - OMANI VI\u1ec6T NAM","isPartOf":{"@id":"https:\/\/omanivietnam.com\/#website"},"primaryImageOfPage":{"@id":"https:\/\/omanivietnam.com\/index.php\/san-pham\/festo-dgo-20-150-ppv-a-b\/#primaryimage"},"image":{"@id":"https:\/\/omanivietnam.com\/index.php\/san-pham\/festo-dgo-20-150-ppv-a-b\/#primaryimage"},"thumbnailUrl":"https:\/\/omanivietnam.com\/wp-content\/uploads\/2024\/10\/DGO-20-150-PPV-A-B.png","datePublished":"2024-10-06T09:49:40+00:00","dateModified":"2024-10-06T10:00:35+00:00","breadcrumb":{"@id":"https:\/\/omanivietnam.com\/index.php\/san-pham\/festo-dgo-20-150-ppv-a-b\/#breadcrumb"},"inLanguage":"vi","potentialAction":[{"@type":"ReadAction","target":["https:\/\/omanivietnam.com\/index.php\/san-pham\/festo-dgo-20-150-ppv-a-b\/"]}]},{"@type":"ImageObject","inLanguage":"vi","@id":"https:\/\/omanivietnam.com\/index.php\/san-pham\/festo-dgo-20-150-ppv-a-b\/#primaryimage","url":"https:\/\/omanivietnam.com\/wp-content\/uploads\/2024\/10\/DGO-20-150-PPV-A-B.png","contentUrl":"https:\/\/omanivietnam.com\/wp-content\/uploads\/2024\/10\/DGO-20-150-PPV-A-B.png","width":451,"height":318},{"@type":"BreadcrumbList","@id":"https:\/\/omanivietnam.com\/index.php\/san-pham\/festo-dgo-20-150-ppv-a-b\/#breadcrumb","itemListElement":[{"@type":"ListItem","position":1,"name":"Home","item":"https:\/\/omanivietnam.com\/"},{"@type":"ListItem","position":2,"name":"S\u1ea2N PH\u1ea8M","item":"https:\/\/omanivietnam.com\/index.php\/cua-hang\/"},{"@type":"ListItem","position":3,"name":"FESTO DGO-20-150-PPV-A-B"}]},{"@type":"WebSite","@id":"https:\/\/omanivietnam.com\/#website","url":"https:\/\/omanivietnam.com\/","name":"OMANI VI\u1ec6T NAM","description":"Nh\u00e0 ph\u00e2n ph\u1ed1i thi\u1ebft b\u1ecb kh\u00ed n\u00e9n v\u00e0 thi\u1ebft b\u1ecb t\u1ef1 \u0111\u1ed9ng h\u00f3a trong c\u00f4ng nghi\u1ec7p","publisher":{"@id":"https:\/\/omanivietnam.com\/#\/schema\/person\/0ad398a980dc3fd696111c2c5c8fa897"},"potentialAction":[{"@type":"SearchAction","target":{"@type":"EntryPoint","urlTemplate":"https:\/\/omanivietnam.com\/?s={search_term_string}"},"query-input":"required name=search_term_string"}],"inLanguage":"vi"},{"@type":["Person","Organization"],"@id":"https:\/\/omanivietnam.com\/#\/schema\/person\/0ad398a980dc3fd696111c2c5c8fa897","name":"Nguy\u1ec5n V\u0103n Kh\u00e1nh","image":{"@type":"ImageObject","inLanguage":"vi","@id":"https:\/\/omanivietnam.com\/#\/schema\/person\/image\/","url":"https:\/\/omanivietnam.com\/wp-content\/uploads\/2024\/06\/logo-1024x1024.png","contentUrl":"https:\/\/omanivietnam.com\/wp-content\/uploads\/2024\/06\/logo-1024x1024.png","width":1024,"height":1024,"caption":"Nguy\u1ec5n V\u0103n Kh\u00e1nh"},"logo":{"@id":"https:\/\/omanivietnam.com\/#\/schema\/person\/image\/"},"sameAs":["https:\/\/omanivietnam.com"]}]}},"_links":{"self":[{"href":"https:\/\/omanivietnam.com\/index.php\/wp-json\/wp\/v2\/product\/2022","targetHints":{"allow":["GET"]}}],"collection":[{"href":"https:\/\/omanivietnam.com\/index.php\/wp-json\/wp\/v2\/product"}],"about":[{"href":"https:\/\/omanivietnam.com\/index.php\/wp-json\/wp\/v2\/types\/product"}],"replies":[{"embeddable":true,"href":"https:\/\/omanivietnam.com\/index.php\/wp-json\/wp\/v2\/comments?post=2022"}],"wp:featuredmedia":[{"embeddable":true,"href":"https:\/\/omanivietnam.com\/index.php\/wp-json\/wp\/v2\/media\/2023"}],"wp:attachment":[{"href":"https:\/\/omanivietnam.com\/index.php\/wp-json\/wp\/v2\/media?parent=2022"}],"wp:term":[{"taxonomy":"product_cat","embeddable":true,"href":"https:\/\/omanivietnam.com\/index.php\/wp-json\/wp\/v2\/product_cat?post=2022"},{"taxonomy":"product_tag","embeddable":true,"href":"https:\/\/omanivietnam.com\/index.php\/wp-json\/wp\/v2\/product_tag?post=2022"}],"curies":[{"name":"wp","href":"https:\/\/api.w.org\/{rel}","templated":true}]}}