{"id":2042,"date":"2024-10-07T05:58:37","date_gmt":"2024-10-06T22:58:37","guid":{"rendered":"https:\/\/omanivietnam.com\/?post_type=product&#038;p=2042"},"modified":"2024-10-07T06:00:00","modified_gmt":"2024-10-06T23:00:00","slug":"smc-ac20a-02g-a","status":"publish","type":"product","link":"https:\/\/omanivietnam.com\/index.php\/san-pham\/smc-ac20a-02g-a\/","title":{"rendered":"SMC AC20A-02G-A"},"content":{"rendered":"<p>SMC AC20A-02G-A<\/p>\n<p>T\u00ean SP: B\u1ed9 l\u1ecdc kh\u00ed k\u1ebft h\u1ee3p F.R.L<\/p>\n<p>&#8211; M\u00e3 SP: AC20A-02G-A<\/p>\n<p>&#8211; \u00c1p su\u1ea5t t\u1ed1i \u0111a: 0-1.0 Mpa<\/p>\n<p>&#8211; D\u1ea3i \u00e1p ho\u1ea1t \u0111\u1ed9ng: 0.05~0.7 Mpa<\/p>\n<p>&#8211; Nhi\u1ec7t \u0111\u1ed9: -5~60 \u0111\u1ed9 C<\/p>\n<p>&#8211; Ch\u00e2n ren: G1\/4&#8221;<\/p>\n<p>&#8211; H\u00e3ng sx: SMC &#8211; japan<\/p>\n<p class=\"m-h1\">Air Combination, Filter Regulator + Lubricator, AC10A-A To AC40A-A (AC20A-02G-A)<\/p>\n<p class=\"m-h2\">Product Description<\/p>\n<p>Air Combination Filter Regulator + Lubricator with a bowl that is completely covered by transparent bowl guard.<br \/>\n[Features]<br \/>\n\u00b7 The inside can be seen from all angles (360\u00b0).<br \/>\n\u00b7 The bowl is protected from the external environment, ensuring high levels of safety.<\/p>\n<p>&nbsp;<\/p>\n<p class=\"m-h3\"><span data-lang=\"ENG\">Configured Specifications<\/span><\/p>\n<table class=\"m-listTable\" summary=\"Price, Spec., etc.\">\n<colgroup>\n<col width=\"20%\" \/>\n<col width=\"30%\" \/>\n<col width=\"20%\" \/>\n<col width=\"30%\" \/><\/colgroup>\n<tbody>\n<tr>\n<th>Regulator Unit Combination<\/th>\n<td>Filter Regulator + Lubricator<\/td>\n<th>Connection Dia.<\/th>\n<td>Rc1\/4<\/td>\n<\/tr>\n<tr>\n<th>Filter, Filtration Level<\/th>\n<td>5\u03bcm<\/td>\n<th>Compressed Air Quality<\/th>\n<td>General Dry Air<\/td>\n<\/tr>\n<tr>\n<th>Max. Operating Pressure(MPa)<\/th>\n<td>1<\/td>\n<th>Case Material<\/th>\n<td>[Plastic] Polycarbonate Case<\/td>\n<\/tr>\n<tr>\n<th>Case Guard<\/th>\n<td>No<\/td>\n<th>Exhaust Structure<\/th>\n<td>Relief type<\/td>\n<\/tr>\n<tr>\n<th>Flow Direction<\/th>\n<td>[Standard Flow (Left to Right)] Flow Direction<\/td>\n<th>Drain Cock<\/th>\n<td>[Manual] Manual<\/td>\n<\/tr>\n<tr>\n<th>Pressure Gauge<\/th>\n<td>[With Standard Pressure Gauge] Round-shaped pressure gauge (with limit indicator)<\/td>\n<th>Size of Body<\/th>\n<td>20<\/td>\n<\/tr>\n<tr class=\"VN_table-row\">\n<th>Check Valve<\/th>\n<td>None<\/td>\n<th>Pressure Switch<\/th>\n<td>None<\/td>\n<\/tr>\n<tr class=\"VN_table-row\">\n<th>Residual Pressure Relief 3-Port Connection Valve<\/th>\n<td>None<\/td>\n<th>Set Pressure<\/th>\n<td>0.05 to 0.7\u00a0MPa<\/td>\n<\/tr>\n<tr class=\"VN_table-row\">\n<th>Drain Outlet<\/th>\n<td>With drain cock<\/td>\n<th>Lubricator Oil Discharge Outlet<\/th>\n<td>Without drain cock<\/td>\n<\/tr>\n<tr class=\"VN_table-row\">\n<th>Pressure Unit<\/th>\n<td>Unit used on nameplate and pressure gauge: MPa<\/td>\n<th>Made to order specifications<\/th>\n<td>&#8211;<\/td>\n<\/tr>\n<tr class=\"VN_table-row\">\n<th>RoHS<\/th>\n<td>&#8211;<\/td>\n<th>&#8211;<\/th>\n<td>&#8211;<\/td>\n<\/tr>\n<\/tbody>\n<\/table>\n<p>&nbsp;<\/p>\n<p>\u0110\u1ea1i l\u00fd SMC vietnam, SMC viet nam, SMC vietnam distributor, Ph\u00e2n ph\u1ed1i SMC t\u1ea1i vi\u1ec7t nam<\/p>\n<p>\u0110\u1ea1i l\u00fd SMC vietnam, SMC viet nam, SMC vietnam distributor, Ph\u00e2n ph\u1ed1i SMC t\u1ea1i vi\u1ec7t nam<\/p>\n<p>\u0110\u1ea1i l\u00fd SMC vietnam, SMC viet nam, SMC vietnam distributor, Ph\u00e2n ph\u1ed1i SMC t\u1ea1i vi\u1ec7t nam<\/p>\n<p>\u0110\u1ea1i l\u00fd SMC vietnam, SMC viet nam, SMC vietnam distributor, Ph\u00e2n ph\u1ed1i SMC t\u1ea1i vi\u1ec7t nam<\/p>\n<p>\u0110\u1ea1i l\u00fd SMC vietnam, SMC viet nam, SMC vietnam distributor, Ph\u00e2n ph\u1ed1i SMC t\u1ea1i vi\u1ec7t nam<\/p>\n","protected":false},"excerpt":{"rendered":"<p>SMC AC20A-02G-A T\u00ean SP: B\u1ed9 l\u1ecdc kh\u00ed k\u1ebft h\u1ee3p F.R.L &#8211; M\u00e3 SP: AC20A-02G-A &#8211; \u00c1p su\u1ea5t t\u1ed1i \u0111a: 0-1.0 Mpa &#8211; D\u1ea3i \u00e1p ho\u1ea1t \u0111\u1ed9ng: 0.05~0.7 Mpa &#8211; Nhi\u1ec7t \u0111\u1ed9: -5~60 \u0111\u1ed9 C &#8211; Ch\u00e2n ren: G1\/4&#8221; &#8211; H\u00e3ng sx: SMC &#8211; japan Air Combination, Filter Regulator + Lubricator,&hellip; <\/p>\n","protected":false},"featured_media":2043,"comment_status":"open","ping_status":"closed","template":"","meta":[],"product_cat":[283],"product_tag":[93,92,350],"class_list":{"0":"post-2042","1":"product","2":"type-product","3":"status-publish","4":"has-post-thumbnail","6":"product_cat-smc","7":"product_tag-dai-ly-smc-viet-nam","8":"product_tag-smc-viet-nam","9":"product_tag-thiet-bi-loc-khi","11":"first","12":"instock","13":"shipping-taxable","14":"product-type-simple"},"yoast_head":"<!-- This site is optimized with the Yoast SEO plugin v22.8 - https:\/\/yoast.com\/wordpress\/plugins\/seo\/ -->\n<title>SMC AC20A-02G-A - OMANI VI\u1ec6T NAM<\/title>\n<meta name=\"robots\" content=\"index, follow, max-snippet:-1, max-image-preview:large, max-video-preview:-1\" \/>\n<link rel=\"canonical\" href=\"https:\/\/omanivietnam.com\/index.php\/san-pham\/smc-ac20a-02g-a\/\" \/>\n<meta property=\"og:locale\" content=\"vi_VN\" \/>\n<meta property=\"og:type\" content=\"article\" \/>\n<meta property=\"og:title\" content=\"SMC AC20A-02G-A - OMANI VI\u1ec6T NAM\" \/>\n<meta property=\"og:description\" content=\"SMC AC20A-02G-A T\u00ean SP: B\u1ed9 l\u1ecdc kh\u00ed k\u1ebft h\u1ee3p F.R.L &#8211; M\u00e3 SP: AC20A-02G-A &#8211; \u00c1p su\u1ea5t t\u1ed1i \u0111a: 0-1.0 Mpa &#8211; D\u1ea3i \u00e1p ho\u1ea1t \u0111\u1ed9ng: 0.05~0.7 Mpa &#8211; Nhi\u1ec7t \u0111\u1ed9: -5~60 \u0111\u1ed9 C &#8211; Ch\u00e2n ren: G1\/4&#8221; &#8211; H\u00e3ng sx: SMC &#8211; japan Air Combination, Filter Regulator + Lubricator,&hellip;\" \/>\n<meta property=\"og:url\" content=\"https:\/\/omanivietnam.com\/index.php\/san-pham\/smc-ac20a-02g-a\/\" \/>\n<meta property=\"og:site_name\" content=\"OMANI VI\u1ec6T NAM\" \/>\n<meta property=\"article:modified_time\" content=\"2024-10-06T23:00:00+00:00\" \/>\n<meta property=\"og:image\" content=\"https:\/\/omanivietnam.com\/wp-content\/uploads\/2024\/10\/AC20A-02G-A.png\" \/>\n\t<meta property=\"og:image:width\" content=\"683\" \/>\n\t<meta property=\"og:image:height\" content=\"550\" \/>\n\t<meta property=\"og:image:type\" content=\"image\/png\" \/>\n<meta name=\"twitter:card\" content=\"summary_large_image\" \/>\n<meta name=\"twitter:label1\" content=\"\u01af\u1edbc t\u00ednh th\u1eddi gian \u0111\u1ecdc\" \/>\n\t<meta name=\"twitter:data1\" content=\"2 ph\u00fat\" \/>\n<script type=\"application\/ld+json\" class=\"yoast-schema-graph\">{\"@context\":\"https:\/\/schema.org\",\"@graph\":[{\"@type\":\"WebPage\",\"@id\":\"https:\/\/omanivietnam.com\/index.php\/san-pham\/smc-ac20a-02g-a\/\",\"url\":\"https:\/\/omanivietnam.com\/index.php\/san-pham\/smc-ac20a-02g-a\/\",\"name\":\"SMC AC20A-02G-A - OMANI VI\u1ec6T NAM\",\"isPartOf\":{\"@id\":\"https:\/\/omanivietnam.com\/#website\"},\"primaryImageOfPage\":{\"@id\":\"https:\/\/omanivietnam.com\/index.php\/san-pham\/smc-ac20a-02g-a\/#primaryimage\"},\"image\":{\"@id\":\"https:\/\/omanivietnam.com\/index.php\/san-pham\/smc-ac20a-02g-a\/#primaryimage\"},\"thumbnailUrl\":\"https:\/\/omanivietnam.com\/wp-content\/uploads\/2024\/10\/AC20A-02G-A.png\",\"datePublished\":\"2024-10-06T22:58:37+00:00\",\"dateModified\":\"2024-10-06T23:00:00+00:00\",\"breadcrumb\":{\"@id\":\"https:\/\/omanivietnam.com\/index.php\/san-pham\/smc-ac20a-02g-a\/#breadcrumb\"},\"inLanguage\":\"vi\",\"potentialAction\":[{\"@type\":\"ReadAction\",\"target\":[\"https:\/\/omanivietnam.com\/index.php\/san-pham\/smc-ac20a-02g-a\/\"]}]},{\"@type\":\"ImageObject\",\"inLanguage\":\"vi\",\"@id\":\"https:\/\/omanivietnam.com\/index.php\/san-pham\/smc-ac20a-02g-a\/#primaryimage\",\"url\":\"https:\/\/omanivietnam.com\/wp-content\/uploads\/2024\/10\/AC20A-02G-A.png\",\"contentUrl\":\"https:\/\/omanivietnam.com\/wp-content\/uploads\/2024\/10\/AC20A-02G-A.png\",\"width\":683,\"height\":550},{\"@type\":\"BreadcrumbList\",\"@id\":\"https:\/\/omanivietnam.com\/index.php\/san-pham\/smc-ac20a-02g-a\/#breadcrumb\",\"itemListElement\":[{\"@type\":\"ListItem\",\"position\":1,\"name\":\"Home\",\"item\":\"https:\/\/omanivietnam.com\/\"},{\"@type\":\"ListItem\",\"position\":2,\"name\":\"S\u1ea2N PH\u1ea8M\",\"item\":\"https:\/\/omanivietnam.com\/index.php\/cua-hang\/\"},{\"@type\":\"ListItem\",\"position\":3,\"name\":\"SMC AC20A-02G-A\"}]},{\"@type\":\"WebSite\",\"@id\":\"https:\/\/omanivietnam.com\/#website\",\"url\":\"https:\/\/omanivietnam.com\/\",\"name\":\"OMANI VI\u1ec6T NAM\",\"description\":\"Nh\u00e0 ph\u00e2n ph\u1ed1i thi\u1ebft b\u1ecb kh\u00ed n\u00e9n v\u00e0 thi\u1ebft b\u1ecb t\u1ef1 \u0111\u1ed9ng h\u00f3a trong c\u00f4ng nghi\u1ec7p\",\"publisher\":{\"@id\":\"https:\/\/omanivietnam.com\/#\/schema\/person\/0ad398a980dc3fd696111c2c5c8fa897\"},\"potentialAction\":[{\"@type\":\"SearchAction\",\"target\":{\"@type\":\"EntryPoint\",\"urlTemplate\":\"https:\/\/omanivietnam.com\/?s={search_term_string}\"},\"query-input\":\"required name=search_term_string\"}],\"inLanguage\":\"vi\"},{\"@type\":[\"Person\",\"Organization\"],\"@id\":\"https:\/\/omanivietnam.com\/#\/schema\/person\/0ad398a980dc3fd696111c2c5c8fa897\",\"name\":\"Nguy\u1ec5n V\u0103n Kh\u00e1nh\",\"image\":{\"@type\":\"ImageObject\",\"inLanguage\":\"vi\",\"@id\":\"https:\/\/omanivietnam.com\/#\/schema\/person\/image\/\",\"url\":\"https:\/\/omanivietnam.com\/wp-content\/uploads\/2024\/06\/logo-1024x1024.png\",\"contentUrl\":\"https:\/\/omanivietnam.com\/wp-content\/uploads\/2024\/06\/logo-1024x1024.png\",\"width\":1024,\"height\":1024,\"caption\":\"Nguy\u1ec5n V\u0103n Kh\u00e1nh\"},\"logo\":{\"@id\":\"https:\/\/omanivietnam.com\/#\/schema\/person\/image\/\"},\"sameAs\":[\"https:\/\/omanivietnam.com\"]}]}<\/script>\n<!-- \/ Yoast SEO plugin. -->","yoast_head_json":{"title":"SMC AC20A-02G-A - OMANI VI\u1ec6T NAM","robots":{"index":"index","follow":"follow","max-snippet":"max-snippet:-1","max-image-preview":"max-image-preview:large","max-video-preview":"max-video-preview:-1"},"canonical":"https:\/\/omanivietnam.com\/index.php\/san-pham\/smc-ac20a-02g-a\/","og_locale":"vi_VN","og_type":"article","og_title":"SMC AC20A-02G-A - OMANI VI\u1ec6T NAM","og_description":"SMC AC20A-02G-A T\u00ean SP: B\u1ed9 l\u1ecdc kh\u00ed k\u1ebft h\u1ee3p F.R.L &#8211; M\u00e3 SP: AC20A-02G-A &#8211; \u00c1p su\u1ea5t t\u1ed1i \u0111a: 0-1.0 Mpa &#8211; D\u1ea3i \u00e1p ho\u1ea1t \u0111\u1ed9ng: 0.05~0.7 Mpa &#8211; Nhi\u1ec7t \u0111\u1ed9: -5~60 \u0111\u1ed9 C &#8211; Ch\u00e2n ren: G1\/4&#8221; &#8211; H\u00e3ng sx: SMC &#8211; japan Air Combination, Filter Regulator + Lubricator,&hellip;","og_url":"https:\/\/omanivietnam.com\/index.php\/san-pham\/smc-ac20a-02g-a\/","og_site_name":"OMANI VI\u1ec6T NAM","article_modified_time":"2024-10-06T23:00:00+00:00","og_image":[{"width":683,"height":550,"url":"https:\/\/omanivietnam.com\/wp-content\/uploads\/2024\/10\/AC20A-02G-A.png","type":"image\/png"}],"twitter_card":"summary_large_image","twitter_misc":{"\u01af\u1edbc t\u00ednh th\u1eddi gian \u0111\u1ecdc":"2 ph\u00fat"},"schema":{"@context":"https:\/\/schema.org","@graph":[{"@type":"WebPage","@id":"https:\/\/omanivietnam.com\/index.php\/san-pham\/smc-ac20a-02g-a\/","url":"https:\/\/omanivietnam.com\/index.php\/san-pham\/smc-ac20a-02g-a\/","name":"SMC AC20A-02G-A - OMANI VI\u1ec6T NAM","isPartOf":{"@id":"https:\/\/omanivietnam.com\/#website"},"primaryImageOfPage":{"@id":"https:\/\/omanivietnam.com\/index.php\/san-pham\/smc-ac20a-02g-a\/#primaryimage"},"image":{"@id":"https:\/\/omanivietnam.com\/index.php\/san-pham\/smc-ac20a-02g-a\/#primaryimage"},"thumbnailUrl":"https:\/\/omanivietnam.com\/wp-content\/uploads\/2024\/10\/AC20A-02G-A.png","datePublished":"2024-10-06T22:58:37+00:00","dateModified":"2024-10-06T23:00:00+00:00","breadcrumb":{"@id":"https:\/\/omanivietnam.com\/index.php\/san-pham\/smc-ac20a-02g-a\/#breadcrumb"},"inLanguage":"vi","potentialAction":[{"@type":"ReadAction","target":["https:\/\/omanivietnam.com\/index.php\/san-pham\/smc-ac20a-02g-a\/"]}]},{"@type":"ImageObject","inLanguage":"vi","@id":"https:\/\/omanivietnam.com\/index.php\/san-pham\/smc-ac20a-02g-a\/#primaryimage","url":"https:\/\/omanivietnam.com\/wp-content\/uploads\/2024\/10\/AC20A-02G-A.png","contentUrl":"https:\/\/omanivietnam.com\/wp-content\/uploads\/2024\/10\/AC20A-02G-A.png","width":683,"height":550},{"@type":"BreadcrumbList","@id":"https:\/\/omanivietnam.com\/index.php\/san-pham\/smc-ac20a-02g-a\/#breadcrumb","itemListElement":[{"@type":"ListItem","position":1,"name":"Home","item":"https:\/\/omanivietnam.com\/"},{"@type":"ListItem","position":2,"name":"S\u1ea2N PH\u1ea8M","item":"https:\/\/omanivietnam.com\/index.php\/cua-hang\/"},{"@type":"ListItem","position":3,"name":"SMC AC20A-02G-A"}]},{"@type":"WebSite","@id":"https:\/\/omanivietnam.com\/#website","url":"https:\/\/omanivietnam.com\/","name":"OMANI VI\u1ec6T NAM","description":"Nh\u00e0 ph\u00e2n ph\u1ed1i thi\u1ebft b\u1ecb kh\u00ed n\u00e9n v\u00e0 thi\u1ebft b\u1ecb t\u1ef1 \u0111\u1ed9ng h\u00f3a trong c\u00f4ng nghi\u1ec7p","publisher":{"@id":"https:\/\/omanivietnam.com\/#\/schema\/person\/0ad398a980dc3fd696111c2c5c8fa897"},"potentialAction":[{"@type":"SearchAction","target":{"@type":"EntryPoint","urlTemplate":"https:\/\/omanivietnam.com\/?s={search_term_string}"},"query-input":"required name=search_term_string"}],"inLanguage":"vi"},{"@type":["Person","Organization"],"@id":"https:\/\/omanivietnam.com\/#\/schema\/person\/0ad398a980dc3fd696111c2c5c8fa897","name":"Nguy\u1ec5n V\u0103n Kh\u00e1nh","image":{"@type":"ImageObject","inLanguage":"vi","@id":"https:\/\/omanivietnam.com\/#\/schema\/person\/image\/","url":"https:\/\/omanivietnam.com\/wp-content\/uploads\/2024\/06\/logo-1024x1024.png","contentUrl":"https:\/\/omanivietnam.com\/wp-content\/uploads\/2024\/06\/logo-1024x1024.png","width":1024,"height":1024,"caption":"Nguy\u1ec5n V\u0103n Kh\u00e1nh"},"logo":{"@id":"https:\/\/omanivietnam.com\/#\/schema\/person\/image\/"},"sameAs":["https:\/\/omanivietnam.com"]}]}},"_links":{"self":[{"href":"https:\/\/omanivietnam.com\/index.php\/wp-json\/wp\/v2\/product\/2042","targetHints":{"allow":["GET"]}}],"collection":[{"href":"https:\/\/omanivietnam.com\/index.php\/wp-json\/wp\/v2\/product"}],"about":[{"href":"https:\/\/omanivietnam.com\/index.php\/wp-json\/wp\/v2\/types\/product"}],"replies":[{"embeddable":true,"href":"https:\/\/omanivietnam.com\/index.php\/wp-json\/wp\/v2\/comments?post=2042"}],"wp:featuredmedia":[{"embeddable":true,"href":"https:\/\/omanivietnam.com\/index.php\/wp-json\/wp\/v2\/media\/2043"}],"wp:attachment":[{"href":"https:\/\/omanivietnam.com\/index.php\/wp-json\/wp\/v2\/media?parent=2042"}],"wp:term":[{"taxonomy":"product_cat","embeddable":true,"href":"https:\/\/omanivietnam.com\/index.php\/wp-json\/wp\/v2\/product_cat?post=2042"},{"taxonomy":"product_tag","embeddable":true,"href":"https:\/\/omanivietnam.com\/index.php\/wp-json\/wp\/v2\/product_tag?post=2042"}],"curies":[{"name":"wp","href":"https:\/\/api.w.org\/{rel}","templated":true}]}}