{"id":2058,"date":"2024-10-09T06:00:23","date_gmt":"2024-10-08T23:00:23","guid":{"rendered":"https:\/\/omanivietnam.com\/?post_type=product&#038;p=2058"},"modified":"2024-10-09T06:02:22","modified_gmt":"2024-10-08T23:02:22","slug":"honeywell-ml7420a8088-e","status":"publish","type":"product","link":"https:\/\/omanivietnam.com\/index.php\/san-pham\/honeywell-ml7420a8088-e\/","title":{"rendered":"HONEYWELL ML7420A8088-E"},"content":{"rendered":"<p>HONEYWELL ML7420A8088-E<\/p>\n<p class=\"title-product item_name\">B\u1ed9 \u0111i\u1ec1u khi\u1ec3n Honeywell ML7420A8088-E<\/p>\n<p><strong>B\u1ed9 \u0111i\u1ec1u khi\u1ec3n Van Honeywell ML7420A8088-E (24 VAC, 0-10VDC)<\/strong><\/p>\n<p>B\u1ed9 \u0111i\u1ec1u khi\u1ec3n ML7420A \u0111\u01b0\u1ee3c thi\u1ebft k\u1ebf \u0111\u1ec3 \u0111i\u1ec1u khi\u1ec3n \u0111i\u1ec1u bi\u1ebfn v\u1edbi c\u00e1c b\u1ed9 \u0111i\u1ec1u khi\u1ec3n cung c\u1ea5p \u0111\u1ea7u ra t\u01b0\u01a1ng t\u1ef1 2&#8230;10 Vdc. H\u1ecd v\u1eadn h\u00e0nh c\u00e1c van ti\u00eau chu\u1ea9n c\u1ee7a Honeywell trong h\u1ec7 th\u1ed1ng s\u01b0\u1edfi, \u1ee9ng d\u1ee5ng th\u00f4ng gi\u00f3 v\u00e0 \u0111i\u1ec1u h\u00f2a kh\u00f4ng kh\u00ed (HVAC).<\/p>\n<p>1. B\u1ed9 truy\u1ec1n \u0111\u1ed9ng van ML7420A8088-E:<\/p>\n<div>\n<p>\u2022 C\u00e0i \u0111\u1eb7t d\u1ec5 d\u00e0ng v\u00e0 nhanh ch\u00f3ng<br \/>\n\u2022 Kh\u00f4ng y\u00eau c\u1ea7u li\u00ean k\u1ebft v\u00e0 \u0111i\u1ec1u ch\u1ec9nh ri\u00eang<br \/>\n\u2022 Ti\u00eau th\u1ee5 \u0111i\u1ec7n n\u0103ng th\u1ea5p v\u00e0 kh\u00f4ng c\u1ea7n b\u1ea3o tr\u00ec<br \/>\n\u2022 Ch\u1ee9c n\u0103ng t\u1ef1 \u0111i\u1ec1u ch\u1ec9nh \u2022 C\u00e1c<br \/>\n\u0111i\u1ec3m d\u1eebng cu\u1ed1i gi\u1edbi h\u1ea1n l\u1ef1c<br \/>\n\u2022 N\u00fam \u0111i\u1ec1u khi\u1ec3n b\u1eb1ng tay<br \/>\n\u2022 \u0110\u1ea7u v\u00e0o 0 (2) ~ 10 Vdc v\u00e0 v\u1ecb tr\u00ed 2 ~ 10 Vdc ph\u1ea3n h\u1ed3i t\u00edn hi\u1ec7u \u2022 C\u00f3<br \/>\nth\u1ec3 \u0111i\u1ec1u ch\u1ec9nh h\u00e0nh \u0111\u1ed9ng tr\u1ef1c ti\u1ebfp \/ ng\u01b0\u1ee3c l\u1ea1i<br \/>\n\u2022 C\u00f3 th\u1ec3 ch\u1ecdn v\u1ecb tr\u00ed \u0111\u1ed9t qu\u1ef5 khi l\u1ed7i t\u00edn hi\u1ec7u<br \/>\n\u2022 Thi\u1ebft k\u1ebf ch\u1ed1ng \u0103n m\u00f2n<\/p>\n<div class=\"card-header\">\n<p class=\"mb-0\">Th\u00f4ng s\u1ed1 k\u1ef9 thu\u1eadt<\/p>\n<\/div>\n<div class=\"card-body main-spec\">\n<div class=\"table-responsive\">\n<table id=\"product-attributes\" class=\"table table-bordered table-striped\">\n<tbody>\n<tr>\n<td class=\"fw600\">H\u00e3ng<\/td>\n<td>Honeywell<\/td>\n<\/tr>\n<tr>\n<td class=\"fw600\">\u0110i\u1ec7n \u00e1p ngu\u1ed3n<\/td>\n<td>24 Vac \u00b115%; 50\/60Hz<\/td>\n<\/tr>\n<tr>\n<td class=\"fw600\">\u0110i\u1ec7n n\u0103ng ti\u00eau th\u1ee5<\/td>\n<td>5VA<\/td>\n<\/tr>\n<tr>\n<td class=\"fw600\">\u0110\u1ea7u v\u00e0o t\u00edn hi\u1ec7u 0(2) Vdc<\/td>\n<td>Th\u00e2n b\u1ed9 truy\u1ec1n \u0111\u1ed9ng \u0111\u01b0\u1ee3c r\u00fat l\u1ea1i. Van hai chi\u1ec1u:\u201dm\u1edf\u201d, c\u1ed5ng van ba chi\u1ec1u A-AB:\u201d\u0111\u00f3ng\u201d \u2460<\/td>\n<\/tr>\n<tr>\n<td class=\"fw600\">\u0110\u1ea7u v\u00e0o t\u00edn hi\u1ec7u 10 Vdc<\/td>\n<td>Th\u00e2n thi\u1ebft b\u1ecb truy\u1ec1n \u0111\u1ed9ng \u0111\u01b0\u1ee3c m\u1edf r\u1ed9ng. Van hai chi\u1ec1u:\u201d\u0111\u00f3ng\u201d, c\u1ed5ng van ba chi\u1ec1u A-AB:\u201dm\u1edf\u201d \u2460<\/td>\n<\/tr>\n<tr>\n<td class=\"fw600\">T\u1ec9 s\u1ed1 truy\u1ec1n<\/td>\n<td>20 mm<\/td>\n<\/tr>\n<tr>\n<td class=\"fw600\">Th\u1eddi gian ch\u1ea1y \u1edf 50 Hz<\/td>\n<td>1 ph\u00fat<\/td>\n<\/tr>\n<tr>\n<td class=\"fw600\">L\u1ef1c \u0111\u00f3ng<\/td>\n<td>\u2265 600 N<\/td>\n<\/tr>\n<tr>\n<td class=\"fw600\">Th\u1eddi gian tr\u1edf l\u1ea1i c\u1ee7a l\u00f2 xo<\/td>\n<td>Kh\u00f4ng<\/td>\n<\/tr>\n<tr>\n<td class=\"fw600\">H\u01b0\u1edbng h\u1ed3i l\u1ea1i c\u1ee7a l\u00f2 xo<\/td>\n<td>Kh\u00f4ng<\/td>\n<\/tr>\n<tr>\n<td class=\"fw600\">Tr\u1ecdng l\u01b0\u1ee3ng<\/td>\n<td>1.3kg<\/td>\n<\/tr>\n<tr>\n<td class=\"fw600\">Th\u00e2n Van (mua th\u00eam)<\/td>\n<td>V5011P<\/td>\n<\/tr>\n<tr>\n<td class=\"fw600\">Th\u00e2n Van (mua th\u00eam)<\/td>\n<td>V5211F<\/td>\n<\/tr>\n<tr>\n<td class=\"fw600\">Th\u00e2n Van (mua th\u00eam)<\/td>\n<td>V5328A<\/td>\n<\/tr>\n<tr>\n<td class=\"fw600\">Th\u00e2n Van (mua th\u00eam)<\/td>\n<td>V5013P<\/td>\n<\/tr>\n<tr>\n<td class=\"fw600\">Th\u00e2n Van (mua th\u00eam)<\/td>\n<td>V5329A<\/td>\n<\/tr>\n<tr>\n<td class=\"fw600\">Datasheet<\/td>\n<td>ML7420A8088-E<\/td>\n<\/tr>\n<\/tbody>\n<\/table>\n<\/div>\n<\/div>\n<p class=\"product-name\">B\u1ed9 \u0111i\u1ec1u khi\u1ec3n \u0111\u00f3ng m\u1edf van Honeywell ML7420A8088-E | Actuator Honeywell M<\/p>\n<p class=\"fs18 mt30 mb10 color\">Product Specification<\/p>\n<table>\n<tbody>\n<tr>\n<td class=\"tdwdt\">Actuator Type<\/td>\n<td class=\"tdwdt1 color6\">Electric Actuator<\/td>\n<\/tr>\n<tr>\n<td class=\"tdwdt\">Brand<\/td>\n<td class=\"tdwdt1 color6\">Honeywell<\/td>\n<\/tr>\n<tr>\n<td class=\"tdwdt\">Voltage<\/td>\n<td class=\"tdwdt1 color6\">24VAC<\/td>\n<\/tr>\n<tr>\n<td class=\"tdwdt\">Model<\/td>\n<td class=\"tdwdt1 color6\">ML7420A8088-E<\/td>\n<\/tr>\n<tr>\n<td class=\"tdwdt\">Usage\/Application<\/td>\n<td class=\"tdwdt1 color6\">Control Valve<\/td>\n<\/tr>\n<tr>\n<td class=\"tdwdt\">Structure<\/td>\n<td class=\"tdwdt1 color6\">Control<\/td>\n<\/tr>\n<tr>\n<td class=\"tdwdt\">Pressure<\/td>\n<td class=\"tdwdt1 color6\">Medium Pressure<\/td>\n<\/tr>\n<tr>\n<td class=\"tdwdt\">Minimum Order Quantity<\/td>\n<td class=\"tdwdt1 color6\">1 Piece<\/td>\n<\/tr>\n<\/tbody>\n<\/table>\n<\/div>\n<p>\u0110\u1ea1i l\u00fd HONEYWELL vietnam, HONEYWELL viet nam, HONEYWELL vietnam distributor, Ph\u00e2n ph\u1ed1i HONEYWELL t\u1ea1i vi\u1ec7t nam<\/p>\n<p>\u0110\u1ea1i l\u00fd HONEYWELL vietnam, HONEYWELL viet nam, HONEYWELL vietnam distributor, Ph\u00e2n ph\u1ed1i HONEYWELL t\u1ea1i vi\u1ec7t nam<\/p>\n<p>\u0110\u1ea1i l\u00fd HONEYWELL vietnam, HONEYWELL viet nam, HONEYWELL vietnam distributor, Ph\u00e2n ph\u1ed1i HONEYWELL t\u1ea1i vi\u1ec7t nam<\/p>\n<p>\u0110\u1ea1i l\u00fd HONEYWELL vietnam, HONEYWELL viet nam, HONEYWELL vietnam distributor, Ph\u00e2n ph\u1ed1i HONEYWELL t\u1ea1i vi\u1ec7t nam<\/p>\n<p>\u0110\u1ea1i l\u00fd HONEYWELL vietnam, HONEYWELL viet nam, HONEYWELL vietnam distributor, Ph\u00e2n ph\u1ed1i HONEYWELL t\u1ea1i vi\u1ec7t nam<\/p>\n","protected":false},"excerpt":{"rendered":"<p>HONEYWELL ML7420A8088-E B\u1ed9 \u0111i\u1ec1u khi\u1ec3n Honeywell ML7420A8088-E B\u1ed9 \u0111i\u1ec1u khi\u1ec3n Van Honeywell ML7420A8088-E (24 VAC, 0-10VDC) B\u1ed9 \u0111i\u1ec1u khi\u1ec3n ML7420A \u0111\u01b0\u1ee3c thi\u1ebft k\u1ebf \u0111\u1ec3 \u0111i\u1ec1u khi\u1ec3n \u0111i\u1ec1u bi\u1ebfn v\u1edbi c\u00e1c b\u1ed9 \u0111i\u1ec1u khi\u1ec3n cung c\u1ea5p \u0111\u1ea7u ra t\u01b0\u01a1ng t\u1ef1 2&#8230;10 Vdc. H\u1ecd v\u1eadn h\u00e0nh c\u00e1c van ti\u00eau chu\u1ea9n c\u1ee7a Honeywell&hellip; <\/p>\n","protected":false},"featured_media":2059,"comment_status":"open","ping_status":"closed","template":"","meta":[],"product_cat":[485],"product_tag":[167,196,195],"class_list":{"0":"post-2058","1":"product","2":"type-product","3":"status-publish","4":"has-post-thumbnail","6":"product_cat-honeywell","7":"product_tag-bo-dieu-khien","8":"product_tag-dai-ly-honeywell-viet-nam","9":"product_tag-honeywell-viet-nam","11":"first","12":"instock","13":"shipping-taxable","14":"product-type-simple"},"yoast_head":"<!-- This site is optimized with the Yoast SEO plugin v22.8 - https:\/\/yoast.com\/wordpress\/plugins\/seo\/ -->\n<title>HONEYWELL ML7420A8088-E - OMANI VI\u1ec6T NAM<\/title>\n<meta name=\"robots\" content=\"index, follow, max-snippet:-1, max-image-preview:large, max-video-preview:-1\" \/>\n<link rel=\"canonical\" href=\"https:\/\/omanivietnam.com\/index.php\/san-pham\/honeywell-ml7420a8088-e\/\" \/>\n<meta property=\"og:locale\" content=\"vi_VN\" \/>\n<meta property=\"og:type\" content=\"article\" \/>\n<meta property=\"og:title\" content=\"HONEYWELL ML7420A8088-E - OMANI VI\u1ec6T NAM\" \/>\n<meta property=\"og:description\" content=\"HONEYWELL ML7420A8088-E B\u1ed9 \u0111i\u1ec1u khi\u1ec3n Honeywell ML7420A8088-E B\u1ed9 \u0111i\u1ec1u khi\u1ec3n Van Honeywell ML7420A8088-E (24 VAC, 0-10VDC) B\u1ed9 \u0111i\u1ec1u khi\u1ec3n ML7420A \u0111\u01b0\u1ee3c thi\u1ebft k\u1ebf \u0111\u1ec3 \u0111i\u1ec1u khi\u1ec3n \u0111i\u1ec1u bi\u1ebfn v\u1edbi c\u00e1c b\u1ed9 \u0111i\u1ec1u khi\u1ec3n cung c\u1ea5p \u0111\u1ea7u ra t\u01b0\u01a1ng t\u1ef1 2&#8230;10 Vdc. H\u1ecd v\u1eadn h\u00e0nh c\u00e1c van ti\u00eau chu\u1ea9n c\u1ee7a Honeywell&hellip;\" \/>\n<meta property=\"og:url\" content=\"https:\/\/omanivietnam.com\/index.php\/san-pham\/honeywell-ml7420a8088-e\/\" \/>\n<meta property=\"og:site_name\" content=\"OMANI VI\u1ec6T NAM\" \/>\n<meta property=\"article:modified_time\" content=\"2024-10-08T23:02:22+00:00\" \/>\n<meta property=\"og:image\" content=\"https:\/\/omanivietnam.com\/wp-content\/uploads\/2024\/10\/ML7420A8088-E.png\" \/>\n\t<meta property=\"og:image:width\" content=\"529\" \/>\n\t<meta property=\"og:image:height\" content=\"339\" \/>\n\t<meta property=\"og:image:type\" content=\"image\/png\" \/>\n<meta name=\"twitter:card\" content=\"summary_large_image\" \/>\n<meta name=\"twitter:label1\" content=\"\u01af\u1edbc t\u00ednh th\u1eddi gian \u0111\u1ecdc\" \/>\n\t<meta name=\"twitter:data1\" content=\"3 ph\u00fat\" \/>\n<script type=\"application\/ld+json\" class=\"yoast-schema-graph\">{\"@context\":\"https:\/\/schema.org\",\"@graph\":[{\"@type\":\"WebPage\",\"@id\":\"https:\/\/omanivietnam.com\/index.php\/san-pham\/honeywell-ml7420a8088-e\/\",\"url\":\"https:\/\/omanivietnam.com\/index.php\/san-pham\/honeywell-ml7420a8088-e\/\",\"name\":\"HONEYWELL ML7420A8088-E - OMANI VI\u1ec6T NAM\",\"isPartOf\":{\"@id\":\"https:\/\/omanivietnam.com\/#website\"},\"primaryImageOfPage\":{\"@id\":\"https:\/\/omanivietnam.com\/index.php\/san-pham\/honeywell-ml7420a8088-e\/#primaryimage\"},\"image\":{\"@id\":\"https:\/\/omanivietnam.com\/index.php\/san-pham\/honeywell-ml7420a8088-e\/#primaryimage\"},\"thumbnailUrl\":\"https:\/\/omanivietnam.com\/wp-content\/uploads\/2024\/10\/ML7420A8088-E.png\",\"datePublished\":\"2024-10-08T23:00:23+00:00\",\"dateModified\":\"2024-10-08T23:02:22+00:00\",\"breadcrumb\":{\"@id\":\"https:\/\/omanivietnam.com\/index.php\/san-pham\/honeywell-ml7420a8088-e\/#breadcrumb\"},\"inLanguage\":\"vi\",\"potentialAction\":[{\"@type\":\"ReadAction\",\"target\":[\"https:\/\/omanivietnam.com\/index.php\/san-pham\/honeywell-ml7420a8088-e\/\"]}]},{\"@type\":\"ImageObject\",\"inLanguage\":\"vi\",\"@id\":\"https:\/\/omanivietnam.com\/index.php\/san-pham\/honeywell-ml7420a8088-e\/#primaryimage\",\"url\":\"https:\/\/omanivietnam.com\/wp-content\/uploads\/2024\/10\/ML7420A8088-E.png\",\"contentUrl\":\"https:\/\/omanivietnam.com\/wp-content\/uploads\/2024\/10\/ML7420A8088-E.png\",\"width\":529,\"height\":339},{\"@type\":\"BreadcrumbList\",\"@id\":\"https:\/\/omanivietnam.com\/index.php\/san-pham\/honeywell-ml7420a8088-e\/#breadcrumb\",\"itemListElement\":[{\"@type\":\"ListItem\",\"position\":1,\"name\":\"Home\",\"item\":\"https:\/\/omanivietnam.com\/\"},{\"@type\":\"ListItem\",\"position\":2,\"name\":\"S\u1ea2N PH\u1ea8M\",\"item\":\"https:\/\/omanivietnam.com\/index.php\/cua-hang\/\"},{\"@type\":\"ListItem\",\"position\":3,\"name\":\"HONEYWELL ML7420A8088-E\"}]},{\"@type\":\"WebSite\",\"@id\":\"https:\/\/omanivietnam.com\/#website\",\"url\":\"https:\/\/omanivietnam.com\/\",\"name\":\"OMANI VI\u1ec6T NAM\",\"description\":\"Nh\u00e0 ph\u00e2n ph\u1ed1i thi\u1ebft b\u1ecb kh\u00ed n\u00e9n v\u00e0 thi\u1ebft b\u1ecb t\u1ef1 \u0111\u1ed9ng h\u00f3a trong c\u00f4ng nghi\u1ec7p\",\"publisher\":{\"@id\":\"https:\/\/omanivietnam.com\/#\/schema\/person\/0ad398a980dc3fd696111c2c5c8fa897\"},\"potentialAction\":[{\"@type\":\"SearchAction\",\"target\":{\"@type\":\"EntryPoint\",\"urlTemplate\":\"https:\/\/omanivietnam.com\/?s={search_term_string}\"},\"query-input\":\"required name=search_term_string\"}],\"inLanguage\":\"vi\"},{\"@type\":[\"Person\",\"Organization\"],\"@id\":\"https:\/\/omanivietnam.com\/#\/schema\/person\/0ad398a980dc3fd696111c2c5c8fa897\",\"name\":\"Nguy\u1ec5n V\u0103n Kh\u00e1nh\",\"image\":{\"@type\":\"ImageObject\",\"inLanguage\":\"vi\",\"@id\":\"https:\/\/omanivietnam.com\/#\/schema\/person\/image\/\",\"url\":\"https:\/\/omanivietnam.com\/wp-content\/uploads\/2024\/06\/logo-1024x1024.png\",\"contentUrl\":\"https:\/\/omanivietnam.com\/wp-content\/uploads\/2024\/06\/logo-1024x1024.png\",\"width\":1024,\"height\":1024,\"caption\":\"Nguy\u1ec5n V\u0103n Kh\u00e1nh\"},\"logo\":{\"@id\":\"https:\/\/omanivietnam.com\/#\/schema\/person\/image\/\"},\"sameAs\":[\"https:\/\/omanivietnam.com\"]}]}<\/script>\n<!-- \/ Yoast SEO plugin. -->","yoast_head_json":{"title":"HONEYWELL ML7420A8088-E - OMANI VI\u1ec6T NAM","robots":{"index":"index","follow":"follow","max-snippet":"max-snippet:-1","max-image-preview":"max-image-preview:large","max-video-preview":"max-video-preview:-1"},"canonical":"https:\/\/omanivietnam.com\/index.php\/san-pham\/honeywell-ml7420a8088-e\/","og_locale":"vi_VN","og_type":"article","og_title":"HONEYWELL ML7420A8088-E - OMANI VI\u1ec6T NAM","og_description":"HONEYWELL ML7420A8088-E B\u1ed9 \u0111i\u1ec1u khi\u1ec3n Honeywell ML7420A8088-E B\u1ed9 \u0111i\u1ec1u khi\u1ec3n Van Honeywell ML7420A8088-E (24 VAC, 0-10VDC) B\u1ed9 \u0111i\u1ec1u khi\u1ec3n ML7420A \u0111\u01b0\u1ee3c thi\u1ebft k\u1ebf \u0111\u1ec3 \u0111i\u1ec1u khi\u1ec3n \u0111i\u1ec1u bi\u1ebfn v\u1edbi c\u00e1c b\u1ed9 \u0111i\u1ec1u khi\u1ec3n cung c\u1ea5p \u0111\u1ea7u ra t\u01b0\u01a1ng t\u1ef1 2&#8230;10 Vdc. H\u1ecd v\u1eadn h\u00e0nh c\u00e1c van ti\u00eau chu\u1ea9n c\u1ee7a Honeywell&hellip;","og_url":"https:\/\/omanivietnam.com\/index.php\/san-pham\/honeywell-ml7420a8088-e\/","og_site_name":"OMANI VI\u1ec6T NAM","article_modified_time":"2024-10-08T23:02:22+00:00","og_image":[{"width":529,"height":339,"url":"https:\/\/omanivietnam.com\/wp-content\/uploads\/2024\/10\/ML7420A8088-E.png","type":"image\/png"}],"twitter_card":"summary_large_image","twitter_misc":{"\u01af\u1edbc t\u00ednh th\u1eddi gian \u0111\u1ecdc":"3 ph\u00fat"},"schema":{"@context":"https:\/\/schema.org","@graph":[{"@type":"WebPage","@id":"https:\/\/omanivietnam.com\/index.php\/san-pham\/honeywell-ml7420a8088-e\/","url":"https:\/\/omanivietnam.com\/index.php\/san-pham\/honeywell-ml7420a8088-e\/","name":"HONEYWELL ML7420A8088-E - OMANI VI\u1ec6T NAM","isPartOf":{"@id":"https:\/\/omanivietnam.com\/#website"},"primaryImageOfPage":{"@id":"https:\/\/omanivietnam.com\/index.php\/san-pham\/honeywell-ml7420a8088-e\/#primaryimage"},"image":{"@id":"https:\/\/omanivietnam.com\/index.php\/san-pham\/honeywell-ml7420a8088-e\/#primaryimage"},"thumbnailUrl":"https:\/\/omanivietnam.com\/wp-content\/uploads\/2024\/10\/ML7420A8088-E.png","datePublished":"2024-10-08T23:00:23+00:00","dateModified":"2024-10-08T23:02:22+00:00","breadcrumb":{"@id":"https:\/\/omanivietnam.com\/index.php\/san-pham\/honeywell-ml7420a8088-e\/#breadcrumb"},"inLanguage":"vi","potentialAction":[{"@type":"ReadAction","target":["https:\/\/omanivietnam.com\/index.php\/san-pham\/honeywell-ml7420a8088-e\/"]}]},{"@type":"ImageObject","inLanguage":"vi","@id":"https:\/\/omanivietnam.com\/index.php\/san-pham\/honeywell-ml7420a8088-e\/#primaryimage","url":"https:\/\/omanivietnam.com\/wp-content\/uploads\/2024\/10\/ML7420A8088-E.png","contentUrl":"https:\/\/omanivietnam.com\/wp-content\/uploads\/2024\/10\/ML7420A8088-E.png","width":529,"height":339},{"@type":"BreadcrumbList","@id":"https:\/\/omanivietnam.com\/index.php\/san-pham\/honeywell-ml7420a8088-e\/#breadcrumb","itemListElement":[{"@type":"ListItem","position":1,"name":"Home","item":"https:\/\/omanivietnam.com\/"},{"@type":"ListItem","position":2,"name":"S\u1ea2N PH\u1ea8M","item":"https:\/\/omanivietnam.com\/index.php\/cua-hang\/"},{"@type":"ListItem","position":3,"name":"HONEYWELL ML7420A8088-E"}]},{"@type":"WebSite","@id":"https:\/\/omanivietnam.com\/#website","url":"https:\/\/omanivietnam.com\/","name":"OMANI VI\u1ec6T NAM","description":"Nh\u00e0 ph\u00e2n ph\u1ed1i thi\u1ebft b\u1ecb kh\u00ed n\u00e9n v\u00e0 thi\u1ebft b\u1ecb t\u1ef1 \u0111\u1ed9ng h\u00f3a trong c\u00f4ng nghi\u1ec7p","publisher":{"@id":"https:\/\/omanivietnam.com\/#\/schema\/person\/0ad398a980dc3fd696111c2c5c8fa897"},"potentialAction":[{"@type":"SearchAction","target":{"@type":"EntryPoint","urlTemplate":"https:\/\/omanivietnam.com\/?s={search_term_string}"},"query-input":"required name=search_term_string"}],"inLanguage":"vi"},{"@type":["Person","Organization"],"@id":"https:\/\/omanivietnam.com\/#\/schema\/person\/0ad398a980dc3fd696111c2c5c8fa897","name":"Nguy\u1ec5n V\u0103n Kh\u00e1nh","image":{"@type":"ImageObject","inLanguage":"vi","@id":"https:\/\/omanivietnam.com\/#\/schema\/person\/image\/","url":"https:\/\/omanivietnam.com\/wp-content\/uploads\/2024\/06\/logo-1024x1024.png","contentUrl":"https:\/\/omanivietnam.com\/wp-content\/uploads\/2024\/06\/logo-1024x1024.png","width":1024,"height":1024,"caption":"Nguy\u1ec5n V\u0103n Kh\u00e1nh"},"logo":{"@id":"https:\/\/omanivietnam.com\/#\/schema\/person\/image\/"},"sameAs":["https:\/\/omanivietnam.com"]}]}},"_links":{"self":[{"href":"https:\/\/omanivietnam.com\/index.php\/wp-json\/wp\/v2\/product\/2058","targetHints":{"allow":["GET"]}}],"collection":[{"href":"https:\/\/omanivietnam.com\/index.php\/wp-json\/wp\/v2\/product"}],"about":[{"href":"https:\/\/omanivietnam.com\/index.php\/wp-json\/wp\/v2\/types\/product"}],"replies":[{"embeddable":true,"href":"https:\/\/omanivietnam.com\/index.php\/wp-json\/wp\/v2\/comments?post=2058"}],"wp:featuredmedia":[{"embeddable":true,"href":"https:\/\/omanivietnam.com\/index.php\/wp-json\/wp\/v2\/media\/2059"}],"wp:attachment":[{"href":"https:\/\/omanivietnam.com\/index.php\/wp-json\/wp\/v2\/media?parent=2058"}],"wp:term":[{"taxonomy":"product_cat","embeddable":true,"href":"https:\/\/omanivietnam.com\/index.php\/wp-json\/wp\/v2\/product_cat?post=2058"},{"taxonomy":"product_tag","embeddable":true,"href":"https:\/\/omanivietnam.com\/index.php\/wp-json\/wp\/v2\/product_tag?post=2058"}],"curies":[{"name":"wp","href":"https:\/\/api.w.org\/{rel}","templated":true}]}}