{"id":2067,"date":"2024-10-10T11:27:21","date_gmt":"2024-10-10T04:27:21","guid":{"rendered":"https:\/\/omanivietnam.com\/?post_type=product&#038;p=2067"},"modified":"2024-10-10T11:27:21","modified_gmt":"2024-10-10T04:27:21","slug":"keyence-lr-zh500cp","status":"publish","type":"product","link":"https:\/\/omanivietnam.com\/index.php\/san-pham\/keyence-lr-zh500cp\/","title":{"rendered":"KEYENCE LR-ZH500CP"},"content":{"rendered":"<p>KEYENCE LR-ZH500CP<\/p>\n<p class=\"prd-utility-heading-3 prd-utility-marginBottom-7\">Th\u00f4ng s\u1ed1 k\u1ef9 thu\u1eadt<\/p>\n<div class=\"prd-specsTable prd-utility-focusRing\" style=\"padding: 0px;margin: 0px;color: #484b4c;font-family: myriad-pro, helvetica, Arial, meiryo, sans-serif;font-size: 17px;font-style: normal;font-weight: 400;letter-spacing: normal;text-align: left;text-indent: 0px;text-transform: none;background-color: #fafafa\" data-controller=\"horizontal-scroll-state scroll-to-coord\" data-action=\"resize@window-&gt;horizontal-scroll-state#setOverflowing scroll-&gt;horizontal-scroll-state#setScrolled\" data-horizontal-scroll-state-target=\"container\" data-horizontal-scroll-state-overflowing-class=\"is-overflowing\" data-horizontal-scroll-state-has-scrolled-class=\"is-hasScrolled\" data-scroll-to-coord-target=\"container\">\n<div class=\"prd-utility-body-small\">\n<div class=\"specTable-block\">\n<table class=\"specTable-stibo-3282397\">\n<tbody>\n<tr class=\"specTable-row\">\n<td class=\"specTable-clm-0\" colspan=\"4\">M\u1eabu<\/td>\n<td class=\"specTable-clm-4\">LR-ZH500CP<sup>*1<\/sup><\/td>\n<\/tr>\n<tr class=\"specTable-row\">\n<td class=\"specTable-clm-0\" colspan=\"4\">Lo\u1ea1i<\/td>\n<td class=\"specTable-clm-4\">Ch\u1ee9c n\u0103ng U.C.D.<br \/>\nB\u1ed9 c\u1ea3m bi\u1ebfn laser d\u1ef1a tr\u00ean kho\u1ea3ng c\u00e1ch<\/td>\n<\/tr>\n<tr class=\"specTable-row\">\n<td class=\"specTable-clm-0\" colspan=\"4\">H\u00ecnh d\u1ea1ng ngo\u00e0i<\/td>\n<td class=\"specTable-clm-4\">H\u00ecnh ch\u1eef nh\u1eadt<\/td>\n<\/tr>\n<tr class=\"specTable-row\">\n<td class=\"specTable-clm-0\" colspan=\"4\">Ng\u00f5 ra<\/td>\n<td class=\"specTable-clm-4\">PNP<\/td>\n<\/tr>\n<tr class=\"specTable-row\">\n<td class=\"specTable-clm-0\" colspan=\"4\">Ph\u01b0\u01a1ng th\u1ee9c k\u1ebft n\u1ed1i<\/td>\n<td class=\"specTable-clm-4\">\u0110\u1ea7u n\u1ed1i M8 4 ch\u1ed1t<\/td>\n<\/tr>\n<tr class=\"specTable-row\">\n<td class=\"specTable-clm-0\" colspan=\"4\">Kho\u1ea3ng c\u00e1ch c\u00f3 th\u1ec3 ph\u00e1t hi\u1ec7n \u0111\u01b0\u1ee3c<\/td>\n<td class=\"specTable-clm-4\">35 \u0111\u1ebfn 500 mm (465 \u0111\u1ebfn 0)<sup>*2<\/sup><\/td>\n<\/tr>\n<tr class=\"specTable-row\">\n<td class=\"specTable-clm-0\" colspan=\"4\">\u0110\u1ed9 l\u1ec7ch ph\u00e1t hi\u1ec7n chu\u1ea9n<\/td>\n<td class=\"specTable-clm-4\">35 \u0111\u1ebfn 180 mm : 9 mm<br \/>\n180 \u0111\u1ebfn 300 mm: 25 mm<br \/>\n300 \u0111\u1ebfn 400 mm: 40 mm<br \/>\n400 \u0111\u1ebfn 500 mm: 50 mm<\/td>\n<\/tr>\n<tr class=\"specTable-row\">\n<td class=\"specTable-clm-0\" colspan=\"4\">\u0110\u1ed9 ph\u00e2n gi\u1ea3i hi\u1ec3n th\u1ecb<\/td>\n<td class=\"specTable-clm-4\">1 \u0111\u1ebfn 5 (1 \u0111\u1ebfn 5 mm)<\/td>\n<\/tr>\n<tr class=\"specTable-row\">\n<td class=\"specTable-clm-0\" colspan=\"4\">K\u00edch th\u01b0\u1edbc \u0111i\u1ec3m<\/td>\n<td class=\"specTable-clm-4\">Kho\u1ea3ng \u00f83 mm<\/td>\n<\/tr>\n<tr class=\"specTable-row\">\n<td class=\"specTable-clm-0\" colspan=\"4\">Th\u1eddi gian \u0111\u00e1p \u1ee9ng<\/td>\n<td class=\"specTable-clm-4\">C\u00f3 th\u1ec3 ch\u1ecdn 1,5 ms \/ 10 ms \/ 50 ms<\/td>\n<\/tr>\n<tr class=\"specTable-row\">\n<td class=\"specTable-clm-0\" rowspan=\"2\">Ngu\u1ed3n s\u00e1ng<\/td>\n<td class=\"specTable-clm-1\" colspan=\"3\">Lo\u1ea1i<\/td>\n<td class=\"specTable-clm-4\">Laser m\u00e0u \u0111\u1ecf (660 nm)<\/td>\n<\/tr>\n<tr class=\"specTable-row\">\n<td class=\"specTable-clm-1\" colspan=\"3\">Lo\u1ea1i laser<\/td>\n<td class=\"specTable-clm-4\">S\u1ea3n ph\u1ea9m laser Lo\u1ea1i 2 (IEC60825-1)<br \/>\nS\u1ea3n ph\u1ea9m Laser Lo\u1ea1i II (FDA(CDRH)Part1040.10)<\/td>\n<\/tr>\n<tr class=\"specTable-row\">\n<td class=\"specTable-clm-0\" rowspan=\"2\">Ch\u1ee9c n\u0103ng<\/td>\n<td class=\"specTable-clm-1\" colspan=\"3\">\u0110\u00e8n b\u00e1o<\/td>\n<td class=\"specTable-clm-4\">M\u00e0n h\u00ecnh hi\u1ec3n th\u1ecb 7 \u0111o\u1ea1n 3 ch\u1eef s\u1ed1 (m\u00e0u tr\u1eafng),<br \/>\n\u0111\u00e8n b\u00e1o \u0111\u1ea7u ra (m\u00e0u v\u00e0ng),<br \/>\n\u0111\u00e8n b\u00e1o DATUM (m\u00e0u cam),<br \/>\n\u0111\u00e8n b\u00e1o 1 \u0111i\u1ec3m (m\u00e0u xanh lam)<\/td>\n<\/tr>\n<tr class=\"specTable-row\">\n<td class=\"specTable-clm-1\" colspan=\"3\">B\u1ed9 h\u1eb9n gi\u1edd<\/td>\n<td class=\"specTable-clm-4\">T\u1eaeT\/Ho\u00e3n B\u1eacT\/Ho\u00e3n T\u1eaeT\/M\u1ed9t l\u1ea7n b\u1ea5m<\/td>\n<\/tr>\n<tr class=\"specTable-row\">\n<td class=\"specTable-clm-0\" rowspan=\"6\">Th\u00f4ng s\u1ed1 k\u1ef9 thu\u1eadt<\/td>\n<td class=\"specTable-clm-1\" colspan=\"3\">\u0110i\u1ec7n \u00e1p ngu\u1ed3n<\/td>\n<td class=\"specTable-clm-4\">10 \u0111\u1ebfn 30 VDC, bao g\u1ed3m \u0111\u1ed9 g\u1ee3n \u00b110% (P-P), Lo\u1ea1i 2 ho\u1eb7c LPS<\/td>\n<\/tr>\n<tr class=\"specTable-row\">\n<td class=\"specTable-clm-1\" colspan=\"3\">C\u00f4ng su\u1ea5t ti\u00eau th\u1ee5<\/td>\n<td class=\"specTable-clm-4\">T\u1eeb 450 mW tr\u1edf xu\u1ed1ng (T\u1eeb 18 mA tr\u1edf xu\u1ed1ng v\u1edbi 24 V, t\u1eeb 34 mA tr\u1edf xu\u1ed1ng v\u1edbi 12 V)<\/td>\n<\/tr>\n<tr class=\"specTable-row\">\n<td class=\"specTable-clm-1\" colspan=\"3\">Ng\u00f5 ra \u0111i\u1ec1u khi\u1ec3n<\/td>\n<td class=\"specTable-clm-4\">C\u1ef1c g\u00f3p h\u1edf PNP<br \/>\n\u0110i\u1ec7n \u00e1p \u00e1p d\u1ee5ng t\u1eeb 30 VDC tr\u1edf xu\u1ed1ng, d\u00f2ng \u0111i\u1ec7n \u0111i\u1ec1u khi\u1ec3n t\u1eeb 100 mA tr\u1edf xu\u1ed1ng, \u0111i\u1ec7n \u00e1p d\u01b0 t\u1eeb 1,2 V tr\u1edf xu\u1ed1ng v\u1edbi 10 mA tr\u1edf xu\u1ed1ng, 2 V tr\u1edf xu\u1ed1ng v\u1edbi 10 \u0111\u1ebfn 100 mA<\/td>\n<\/tr>\n<tr class=\"specTable-row\">\n<td class=\"specTable-clm-1\" colspan=\"3\">M\u1ea1ch b\u1ea3o v\u1ec7<\/td>\n<td class=\"specTable-clm-4\">B\u1ea3o v\u1ec7 kh\u1ecfi k\u1ebft n\u1ed1i \u0111i\u1ec7n \u0111\u1ea3o ng\u01b0\u1ee3c, qu\u00e1 d\u00f2ng \u0111\u1ea7u ra, \u0111\u1ed9t bi\u1ebfn \u0111\u1ea7u ra, k\u1ebft n\u1ed1i \u0111\u1ea7u ra \u0111\u1ea3o ng\u01b0\u1ee3c<\/td>\n<\/tr>\n<tr class=\"specTable-row\">\n<td class=\"specTable-clm-1\" colspan=\"3\">Ho\u1ea1t \u0111\u1ed9ng \u0111\u1ea7u ra<\/td>\n<td class=\"specTable-clm-4\">C\u00f3 th\u1ec3 ch\u1ecdn B\u1eacT \u0111\u00e8n \/ B\u1eacT m\u00e0u t\u1ed1i<\/td>\n<\/tr>\n<tr class=\"specTable-row\">\n<td class=\"specTable-clm-1\" colspan=\"3\">\u0110\u1ea7u v\u00e0o b\u00ean ngo\u00e0i<\/td>\n<td class=\"specTable-clm-4\">Hi\u1ec7u ch\u1ec9nh th\u1eddi gian \u0111\u1ea7u v\u00e0o: B\u1eacT 35 ms tr\u1edf l\u00ean, T\u1eaeT 35 ms tr\u1edf l\u00ean<br \/>\nD\u1eebng ph\u00e1t laser: B\u1eacT 2 ms tr\u1edf l\u00ean, T\u1eaeT 20 ms tr\u1edf l\u00ean<br \/>\nNPN d\u00f2ng \u0111o\u1ea3n m\u1ea1ch: T\u1eeb 1 mA tr\u1edf xu\u1ed1ng\/PNP: T\u1eeb 2 mA tr\u1edf xu\u1ed1ng<\/td>\n<\/tr>\n<tr class=\"specTable-row\">\n<td class=\"specTable-clm-0\" rowspan=\"9\">Kh\u1ea3 n\u0103ng ch\u1ed1ng ch\u1ecbu v\u1edbi m\u00f4i tr\u01b0\u1eddng<\/td>\n<td class=\"specTable-clm-1\" colspan=\"3\">Ch\u1ec9 s\u1ed1 ch\u1ed1ng ch\u1ecbu th\u1eddi ti\u1ebft cho v\u1ecf b\u1ecdc<\/td>\n<td class=\"specTable-clm-4\">IP68 (IEC60529), IP69K (DIN40050-9), NEMA 4X, 6P, 13 (NEMA250), ECOLAB<sup>*3<\/sup>, Diversey<sup>*3<\/sup><\/td>\n<\/tr>\n<tr class=\"specTable-row\">\n<td class=\"specTable-clm-1\" colspan=\"3\">C\u00e1ch \u0111i\u1ec7n<\/td>\n<td class=\"specTable-clm-4\">T\u1eeb 20 M\u2126 tr\u1edf l\u00ean (500 VDC)<\/td>\n<\/tr>\n<tr class=\"specTable-row\">\n<td class=\"specTable-clm-1\" colspan=\"3\">\u00c1nh s\u00e1ng m\u00f4i tr\u01b0\u1eddng xung quanh<\/td>\n<td class=\"specTable-clm-4\">\u0110\u00e8n b\u00f3ng tr\u00f2n: \u00c1nh s\u00e1ng m\u1eb7t tr\u1eddi t\u1eeb 10,000 lux tr\u1edf<br \/>\nxu\u1ed1ng: T\u1eeb 20,000 lux tr\u1edf xu\u1ed1ng t\u1ea1i kho\u1ea3ng c\u00e1ch 250 mm<sup>*4<\/sup><br \/>\n\u0110\u00e8n b\u00f3ng tr\u00f2n: \u00c1nh s\u00e1ng m\u1eb7t tr\u1eddi t\u1eeb 2,000 lux tr\u1edf<br \/>\nxu\u1ed1ng: T\u1eeb 4,000 lux tr\u1edf xu\u1ed1ng t\u1ea1i kho\u1ea3ng c\u00e1ch 500 mm<sup>*4<\/sup><\/td>\n<\/tr>\n<tr class=\"specTable-row\">\n<td class=\"specTable-clm-1\" colspan=\"3\">Nhi\u1ec7t \u0111\u1ed9 m\u00f4i tr\u01b0\u1eddng xung quanh<\/td>\n<td class=\"specTable-clm-4\">-10 \u0111\u1ebfn +50 \u00b0C (Kh\u00f4ng \u0111\u00f3ng b\u0103ng)<\/td>\n<\/tr>\n<tr class=\"specTable-row\">\n<td class=\"specTable-clm-1\" colspan=\"3\">Nhi\u1ec7t \u0111\u1ed9 l\u01b0u tr\u1eef<\/td>\n<td class=\"specTable-clm-4\">-25 \u0111\u1ebfn +75 \u00b0C (Kh\u00f4ng \u0111\u00f3ng b\u0103ng)<\/td>\n<\/tr>\n<tr class=\"specTable-row\">\n<td class=\"specTable-clm-1\" colspan=\"3\">\u0110\u1ed9 \u1ea9m m\u00f4i tr\u01b0\u1eddng xung quanh<\/td>\n<td class=\"specTable-clm-4\">35 \u0111\u1ebfn 85 % RH (Kh\u00f4ng ng\u01b0ng t\u1ee5)<\/td>\n<\/tr>\n<tr class=\"specTable-row\">\n<td class=\"specTable-clm-1\" colspan=\"3\">\u0110i\u1ec7n \u00e1p ch\u1ed1ng ch\u1ecbu<\/td>\n<td class=\"specTable-clm-4\">1,000 VAC, 50\/60 Hz, 1 ph\u00fat<\/td>\n<\/tr>\n<tr class=\"specTable-row\">\n<td class=\"specTable-clm-1\" colspan=\"3\">Ch\u1ed1ng ch\u1ecbu rung<\/td>\n<td class=\"specTable-clm-4\">10 \u0111\u1ebfn 55 Hz, 1,5 mm Bi\u00ean \u0111\u1ed9 k\u00e9p theo c\u00e1c h\u01b0\u1edbng X, Y, Z t\u01b0\u01a1ng \u1ee9ng, 2 gi\u1edd<\/td>\n<\/tr>\n<tr class=\"specTable-row\">\n<td class=\"specTable-clm-1\" colspan=\"3\">Ch\u1ed1ng ch\u1ecbu va \u0111\u1eadp<\/td>\n<td class=\"specTable-clm-4\">1,000 m\/s<sup>2<\/sup>, 6 l\u1ea7n theo c\u00e1c h\u01b0\u1edbng X, Y, v\u00e0 Z<\/td>\n<\/tr>\n<tr class=\"specTable-row\">\n<td class=\"specTable-clm-0\" colspan=\"4\">V\u1eadt li\u1ec7u<\/td>\n<td class=\"specTable-clm-4\">V\u1ecf: SUS316L, M\u00e0n h\u00ecnh hi\u1ec3n th\u1ecb: PES, N\u1eafp \u1ed1ng k\u00ednh: PMMA c\u00f3 l\u1edbp ph\u1ee7 ch\u1ed1ng x\u01b0\u1edbc,<br \/>\nV\u00f2ng \u0111\u1ec7m k\u00edn\/\u0111\u1ea7u n\u1ed1i: FKM<\/td>\n<\/tr>\n<tr class=\"specTable-row\">\n<td class=\"specTable-clm-0\" colspan=\"4\">C\u00e1c ph\u1ee5 ki\u1ec7n \u0111i k\u00e8m<\/td>\n<td class=\"specTable-clm-4\">H\u01b0\u1edbng d\u1eabn s\u1eed d\u1ee5ng,<br \/>\nNh\u00e3n c\u1ea3nh b\u00e1o\/ch\u1ee9ng nh\u1eadn\/nh\u1eadn d\u1ea1ng FDA,<br \/>\nNh\u00e3n c\u1ea3nh b\u00e1o\/gi\u1ea3i th\u00edch laser<\/td>\n<\/tr>\n<tr class=\"specTable-row\">\n<td class=\"specTable-clm-0\" colspan=\"4\">Kh\u1ed1i l\u01b0\u1ee3ng<\/td>\n<td class=\"specTable-clm-4\">X\u1ea5p x\u1ec9 55 g<\/td>\n<\/tr>\n<tr class=\"specTable-foot\">\n<td class=\"specTable-clm-0\" colspan=\"5\"><sup>*1<\/sup>\u00a0H\u1ed7 tr\u1ee3 th\u00f4ng s\u1ed1 k\u1ef9 thu\u1eadt IO-Link V.1.1 \/ COM2 (38,4 kbps). (LR-ZH490CB : Ch\u1ec9 khi ch\u1ecdn \u0111\u1ea7u ra PNP.) B\u1ea1n c\u00f3 th\u1ec3 t\u1ea3i xu\u1ed1ng t\u1ec7p c\u00e0i \u0111\u1eb7t t\u1ea1i trang web c\u1ee7a KEYENCE (http:\/\/www.keyence.com). N\u1ebfu b\u1ea1n s\u1eed d\u1ee5ng s\u1ea3n ph\u1ea9m n\u00e0y \u1edf m\u00f4i tr\u01b0\u1eddng kh\u00f4ng th\u1ec3 t\u1ea3i xu\u1ed1ng c\u00e1c t\u1ec7p t\u1eeb internet, h\u00e3y li\u00ean h\u1ec7 v\u1edbi v\u0103n ph\u00f2ng KEYENCE g\u1ea7n nh\u1ea5t.<br \/>\n<sup>*2<\/sup>\u00a0C\u00f3 th\u1ec3 s\u1eed d\u1ee5ng ch\u1ec9 s\u1ed1 hi\u1ec3n th\u1ecb l\u00e0m h\u01b0\u1edbng d\u1eabn cho kho\u1ea3ng c\u00e1ch ph\u00e1t hi\u1ec7n. Khi gi\u00e1 tr\u1ecb thi\u1ebft l\u1eadp \u0111\u01b0\u1ee3c \u0111i\u1ec1u ch\u1ec9nh, m\u00e0n h\u00ecnh thay \u0111\u1ed5i. Khi gi\u00e1 tr\u1ecb v\u01b0\u1ee3t qu\u00e1 &#8220;-99&#8221;, &#8220;-FF&#8221; s\u1ebd hi\u1ec3n th\u1ecb.<br \/>\n<sup>*3<\/sup>\u00a0\u0110\u00e3 tr\u1ea3i qua c\u00e1c x\u00e9t nghi\u1ec7m ch\u1ed1ng ch\u1ecbu v\u1edbi ch\u1ea5t l\u00e0m s\u1ea1ch t\u1eeb nhi\u1ec1u nh\u00e0 s\u1ea3n xu\u1ea5t.<br \/>\n<sup>*4<\/sup>\u00a0Khi th\u1eddi gian ph\u1ea3n h\u1ed3i l\u00e0 10 ms<\/td>\n<\/tr>\n<\/tbody>\n<\/table>\n<div>LR-ZH500CP\u00a0| Series LR-Z | Self-contained CMOS Laser Sensor | Keyence<\/div>\n<p>Rectangular w\/ M8 connector type, 500 mm<\/p>\n<div>\n<div>Features<\/div>\n<div>\n<p>&nbsp;<\/p>\n<ul>\n<li>Detection is often difficult with reflective sensors for a variety of reasons, including target colour, material, surface finish, and environment. In order to solve these issues, the stability of a CMOS laser has been combined with the versatility of a self-contained sensor in a heavy duty metal body to create a more stable and user friendly general purpose sensor.<\/li>\n<\/ul>\n<p>&nbsp;<\/p>\n<p>Best Detection Ability in its Class<\/p>\n<p>&nbsp;<\/p>\n<ul>\n<li>The LR-Z Series provides highly stable detection and a wide array of uses. By using CMOS technology and a Light Power Control Function, the LR-Z&#8217;s detection ability is not affected by target color, surface finish, or shape the way a conventional sensor can be.<\/li>\n<\/ul>\n<p>&nbsp;<\/p>\n<p>Durable &amp; Long Life<\/p>\n<p>&nbsp;<\/p>\n<ul>\n<li>The IP68\/69K rating means the LR-Z is ready for the roughest of factory environments. Wash-down, oil spray, and many corrosives are no match for the stainless steel body. Additionally, physical impact or even overtightening are not a concern because of the highly durable design.<\/li>\n<\/ul>\n<p>&nbsp;<\/p>\n<p>Simplified Operation<\/p>\n<p>&nbsp;<\/p>\n<ul>\n<li>Simple setup and easy operation are at the core of the LR-Z&#8217;s design. With a simple 1-touch teach, calibrating this sensor is straightforward and quick. A highly visible indicator and a 7-segment display make this sensor very easy to use.<\/li>\n<\/ul>\n<p>&nbsp;<\/p>\n<p>Product Applications<\/p>\n<p>&nbsp;<\/p>\n<ul>\n<li>The LR-Z has become a standard for both machine builders and product manufacturers. These applications are just a sample of where the LR-Z can be used.<\/li>\n<\/ul>\n<p>&nbsp;<\/p>\n<\/div>\n<\/div>\n<div>\n<div><\/div>\n<\/div>\n<div>\n<ul>\n<li>Availability : In Stock<\/li>\n<li>Estimated Lead Time: Usually Ships in\u00a01 &#8211; 7 Business Days<\/li>\n<li>Shipping Weight : 0.6 Kg<\/li>\n<\/ul>\n<\/div>\n<\/div>\n<\/div>\n<\/div>\n","protected":false},"excerpt":{"rendered":"<p>KEYENCE LR-ZH500CP Th\u00f4ng s\u1ed1 k\u1ef9 thu\u1eadt M\u1eabu LR-ZH500CP*1 Lo\u1ea1i Ch\u1ee9c n\u0103ng U.C.D. B\u1ed9 c\u1ea3m bi\u1ebfn laser d\u1ef1a tr\u00ean kho\u1ea3ng c\u00e1ch H\u00ecnh d\u1ea1ng ngo\u00e0i H\u00ecnh ch\u1eef nh\u1eadt Ng\u00f5 ra PNP Ph\u01b0\u01a1ng th\u1ee9c k\u1ebft n\u1ed1i \u0110\u1ea7u n\u1ed1i M8 4 ch\u1ed1t Kho\u1ea3ng c\u00e1ch c\u00f3 th\u1ec3 ph\u00e1t hi\u1ec7n \u0111\u01b0\u1ee3c 35 \u0111\u1ebfn 500 mm (465&hellip; <\/p>\n","protected":false},"featured_media":2068,"comment_status":"open","ping_status":"closed","template":"","meta":[],"product_cat":[292],"product_tag":[88,114,113],"class_list":{"0":"post-2067","1":"product","2":"type-product","3":"status-publish","4":"has-post-thumbnail","6":"product_cat-keyence","7":"product_tag-cam-bien","8":"product_tag-dai-ly-keyence-viet-nam","9":"product_tag-keyence-viet-nam","11":"first","12":"instock","13":"shipping-taxable","14":"product-type-simple"},"yoast_head":"<!-- This site is optimized with the Yoast SEO plugin v22.8 - https:\/\/yoast.com\/wordpress\/plugins\/seo\/ -->\n<title>KEYENCE LR-ZH500CP - OMANI VI\u1ec6T NAM<\/title>\n<meta name=\"robots\" content=\"index, follow, max-snippet:-1, max-image-preview:large, max-video-preview:-1\" \/>\n<link rel=\"canonical\" href=\"https:\/\/omanivietnam.com\/index.php\/san-pham\/keyence-lr-zh500cp\/\" \/>\n<meta property=\"og:locale\" content=\"vi_VN\" \/>\n<meta property=\"og:type\" content=\"article\" \/>\n<meta property=\"og:title\" content=\"KEYENCE LR-ZH500CP - OMANI VI\u1ec6T NAM\" \/>\n<meta property=\"og:description\" content=\"KEYENCE LR-ZH500CP Th\u00f4ng s\u1ed1 k\u1ef9 thu\u1eadt M\u1eabu LR-ZH500CP*1 Lo\u1ea1i Ch\u1ee9c n\u0103ng U.C.D. B\u1ed9 c\u1ea3m bi\u1ebfn laser d\u1ef1a tr\u00ean kho\u1ea3ng c\u00e1ch H\u00ecnh d\u1ea1ng ngo\u00e0i H\u00ecnh ch\u1eef nh\u1eadt Ng\u00f5 ra PNP Ph\u01b0\u01a1ng th\u1ee9c k\u1ebft n\u1ed1i \u0110\u1ea7u n\u1ed1i M8 4 ch\u1ed1t Kho\u1ea3ng c\u00e1ch c\u00f3 th\u1ec3 ph\u00e1t hi\u1ec7n \u0111\u01b0\u1ee3c 35 \u0111\u1ebfn 500 mm (465&hellip;\" \/>\n<meta property=\"og:url\" content=\"https:\/\/omanivietnam.com\/index.php\/san-pham\/keyence-lr-zh500cp\/\" \/>\n<meta property=\"og:site_name\" content=\"OMANI VI\u1ec6T NAM\" \/>\n<meta property=\"og:image\" content=\"https:\/\/omanivietnam.com\/wp-content\/uploads\/2024\/10\/LR-ZH500CP.png\" \/>\n\t<meta property=\"og:image:width\" content=\"430\" \/>\n\t<meta property=\"og:image:height\" content=\"632\" \/>\n\t<meta property=\"og:image:type\" content=\"image\/png\" \/>\n<meta name=\"twitter:card\" content=\"summary_large_image\" \/>\n<meta name=\"twitter:label1\" content=\"\u01af\u1edbc t\u00ednh th\u1eddi gian \u0111\u1ecdc\" \/>\n\t<meta name=\"twitter:data1\" content=\"6 ph\u00fat\" \/>\n<script type=\"application\/ld+json\" class=\"yoast-schema-graph\">{\"@context\":\"https:\/\/schema.org\",\"@graph\":[{\"@type\":\"WebPage\",\"@id\":\"https:\/\/omanivietnam.com\/index.php\/san-pham\/keyence-lr-zh500cp\/\",\"url\":\"https:\/\/omanivietnam.com\/index.php\/san-pham\/keyence-lr-zh500cp\/\",\"name\":\"KEYENCE LR-ZH500CP - OMANI VI\u1ec6T NAM\",\"isPartOf\":{\"@id\":\"https:\/\/omanivietnam.com\/#website\"},\"primaryImageOfPage\":{\"@id\":\"https:\/\/omanivietnam.com\/index.php\/san-pham\/keyence-lr-zh500cp\/#primaryimage\"},\"image\":{\"@id\":\"https:\/\/omanivietnam.com\/index.php\/san-pham\/keyence-lr-zh500cp\/#primaryimage\"},\"thumbnailUrl\":\"https:\/\/omanivietnam.com\/wp-content\/uploads\/2024\/10\/LR-ZH500CP.png\",\"datePublished\":\"2024-10-10T04:27:21+00:00\",\"dateModified\":\"2024-10-10T04:27:21+00:00\",\"breadcrumb\":{\"@id\":\"https:\/\/omanivietnam.com\/index.php\/san-pham\/keyence-lr-zh500cp\/#breadcrumb\"},\"inLanguage\":\"vi\",\"potentialAction\":[{\"@type\":\"ReadAction\",\"target\":[\"https:\/\/omanivietnam.com\/index.php\/san-pham\/keyence-lr-zh500cp\/\"]}]},{\"@type\":\"ImageObject\",\"inLanguage\":\"vi\",\"@id\":\"https:\/\/omanivietnam.com\/index.php\/san-pham\/keyence-lr-zh500cp\/#primaryimage\",\"url\":\"https:\/\/omanivietnam.com\/wp-content\/uploads\/2024\/10\/LR-ZH500CP.png\",\"contentUrl\":\"https:\/\/omanivietnam.com\/wp-content\/uploads\/2024\/10\/LR-ZH500CP.png\",\"width\":430,\"height\":632},{\"@type\":\"BreadcrumbList\",\"@id\":\"https:\/\/omanivietnam.com\/index.php\/san-pham\/keyence-lr-zh500cp\/#breadcrumb\",\"itemListElement\":[{\"@type\":\"ListItem\",\"position\":1,\"name\":\"Home\",\"item\":\"https:\/\/omanivietnam.com\/\"},{\"@type\":\"ListItem\",\"position\":2,\"name\":\"S\u1ea2N PH\u1ea8M\",\"item\":\"https:\/\/omanivietnam.com\/index.php\/cua-hang\/\"},{\"@type\":\"ListItem\",\"position\":3,\"name\":\"KEYENCE LR-ZH500CP\"}]},{\"@type\":\"WebSite\",\"@id\":\"https:\/\/omanivietnam.com\/#website\",\"url\":\"https:\/\/omanivietnam.com\/\",\"name\":\"OMANI VI\u1ec6T NAM\",\"description\":\"Nh\u00e0 ph\u00e2n ph\u1ed1i thi\u1ebft b\u1ecb kh\u00ed n\u00e9n v\u00e0 thi\u1ebft b\u1ecb t\u1ef1 \u0111\u1ed9ng h\u00f3a trong c\u00f4ng nghi\u1ec7p\",\"publisher\":{\"@id\":\"https:\/\/omanivietnam.com\/#\/schema\/person\/0ad398a980dc3fd696111c2c5c8fa897\"},\"potentialAction\":[{\"@type\":\"SearchAction\",\"target\":{\"@type\":\"EntryPoint\",\"urlTemplate\":\"https:\/\/omanivietnam.com\/?s={search_term_string}\"},\"query-input\":\"required name=search_term_string\"}],\"inLanguage\":\"vi\"},{\"@type\":[\"Person\",\"Organization\"],\"@id\":\"https:\/\/omanivietnam.com\/#\/schema\/person\/0ad398a980dc3fd696111c2c5c8fa897\",\"name\":\"Nguy\u1ec5n V\u0103n Kh\u00e1nh\",\"image\":{\"@type\":\"ImageObject\",\"inLanguage\":\"vi\",\"@id\":\"https:\/\/omanivietnam.com\/#\/schema\/person\/image\/\",\"url\":\"https:\/\/omanivietnam.com\/wp-content\/uploads\/2024\/06\/logo-1024x1024.png\",\"contentUrl\":\"https:\/\/omanivietnam.com\/wp-content\/uploads\/2024\/06\/logo-1024x1024.png\",\"width\":1024,\"height\":1024,\"caption\":\"Nguy\u1ec5n V\u0103n Kh\u00e1nh\"},\"logo\":{\"@id\":\"https:\/\/omanivietnam.com\/#\/schema\/person\/image\/\"},\"sameAs\":[\"https:\/\/omanivietnam.com\"]}]}<\/script>\n<!-- \/ Yoast SEO plugin. -->","yoast_head_json":{"title":"KEYENCE LR-ZH500CP - OMANI VI\u1ec6T NAM","robots":{"index":"index","follow":"follow","max-snippet":"max-snippet:-1","max-image-preview":"max-image-preview:large","max-video-preview":"max-video-preview:-1"},"canonical":"https:\/\/omanivietnam.com\/index.php\/san-pham\/keyence-lr-zh500cp\/","og_locale":"vi_VN","og_type":"article","og_title":"KEYENCE LR-ZH500CP - OMANI VI\u1ec6T NAM","og_description":"KEYENCE LR-ZH500CP Th\u00f4ng s\u1ed1 k\u1ef9 thu\u1eadt M\u1eabu LR-ZH500CP*1 Lo\u1ea1i Ch\u1ee9c n\u0103ng U.C.D. B\u1ed9 c\u1ea3m bi\u1ebfn laser d\u1ef1a tr\u00ean kho\u1ea3ng c\u00e1ch H\u00ecnh d\u1ea1ng ngo\u00e0i H\u00ecnh ch\u1eef nh\u1eadt Ng\u00f5 ra PNP Ph\u01b0\u01a1ng th\u1ee9c k\u1ebft n\u1ed1i \u0110\u1ea7u n\u1ed1i M8 4 ch\u1ed1t Kho\u1ea3ng c\u00e1ch c\u00f3 th\u1ec3 ph\u00e1t hi\u1ec7n \u0111\u01b0\u1ee3c 35 \u0111\u1ebfn 500 mm (465&hellip;","og_url":"https:\/\/omanivietnam.com\/index.php\/san-pham\/keyence-lr-zh500cp\/","og_site_name":"OMANI VI\u1ec6T NAM","og_image":[{"width":430,"height":632,"url":"https:\/\/omanivietnam.com\/wp-content\/uploads\/2024\/10\/LR-ZH500CP.png","type":"image\/png"}],"twitter_card":"summary_large_image","twitter_misc":{"\u01af\u1edbc t\u00ednh th\u1eddi gian \u0111\u1ecdc":"6 ph\u00fat"},"schema":{"@context":"https:\/\/schema.org","@graph":[{"@type":"WebPage","@id":"https:\/\/omanivietnam.com\/index.php\/san-pham\/keyence-lr-zh500cp\/","url":"https:\/\/omanivietnam.com\/index.php\/san-pham\/keyence-lr-zh500cp\/","name":"KEYENCE LR-ZH500CP - OMANI VI\u1ec6T NAM","isPartOf":{"@id":"https:\/\/omanivietnam.com\/#website"},"primaryImageOfPage":{"@id":"https:\/\/omanivietnam.com\/index.php\/san-pham\/keyence-lr-zh500cp\/#primaryimage"},"image":{"@id":"https:\/\/omanivietnam.com\/index.php\/san-pham\/keyence-lr-zh500cp\/#primaryimage"},"thumbnailUrl":"https:\/\/omanivietnam.com\/wp-content\/uploads\/2024\/10\/LR-ZH500CP.png","datePublished":"2024-10-10T04:27:21+00:00","dateModified":"2024-10-10T04:27:21+00:00","breadcrumb":{"@id":"https:\/\/omanivietnam.com\/index.php\/san-pham\/keyence-lr-zh500cp\/#breadcrumb"},"inLanguage":"vi","potentialAction":[{"@type":"ReadAction","target":["https:\/\/omanivietnam.com\/index.php\/san-pham\/keyence-lr-zh500cp\/"]}]},{"@type":"ImageObject","inLanguage":"vi","@id":"https:\/\/omanivietnam.com\/index.php\/san-pham\/keyence-lr-zh500cp\/#primaryimage","url":"https:\/\/omanivietnam.com\/wp-content\/uploads\/2024\/10\/LR-ZH500CP.png","contentUrl":"https:\/\/omanivietnam.com\/wp-content\/uploads\/2024\/10\/LR-ZH500CP.png","width":430,"height":632},{"@type":"BreadcrumbList","@id":"https:\/\/omanivietnam.com\/index.php\/san-pham\/keyence-lr-zh500cp\/#breadcrumb","itemListElement":[{"@type":"ListItem","position":1,"name":"Home","item":"https:\/\/omanivietnam.com\/"},{"@type":"ListItem","position":2,"name":"S\u1ea2N PH\u1ea8M","item":"https:\/\/omanivietnam.com\/index.php\/cua-hang\/"},{"@type":"ListItem","position":3,"name":"KEYENCE LR-ZH500CP"}]},{"@type":"WebSite","@id":"https:\/\/omanivietnam.com\/#website","url":"https:\/\/omanivietnam.com\/","name":"OMANI VI\u1ec6T NAM","description":"Nh\u00e0 ph\u00e2n ph\u1ed1i thi\u1ebft b\u1ecb kh\u00ed n\u00e9n v\u00e0 thi\u1ebft b\u1ecb t\u1ef1 \u0111\u1ed9ng h\u00f3a trong c\u00f4ng nghi\u1ec7p","publisher":{"@id":"https:\/\/omanivietnam.com\/#\/schema\/person\/0ad398a980dc3fd696111c2c5c8fa897"},"potentialAction":[{"@type":"SearchAction","target":{"@type":"EntryPoint","urlTemplate":"https:\/\/omanivietnam.com\/?s={search_term_string}"},"query-input":"required name=search_term_string"}],"inLanguage":"vi"},{"@type":["Person","Organization"],"@id":"https:\/\/omanivietnam.com\/#\/schema\/person\/0ad398a980dc3fd696111c2c5c8fa897","name":"Nguy\u1ec5n V\u0103n Kh\u00e1nh","image":{"@type":"ImageObject","inLanguage":"vi","@id":"https:\/\/omanivietnam.com\/#\/schema\/person\/image\/","url":"https:\/\/omanivietnam.com\/wp-content\/uploads\/2024\/06\/logo-1024x1024.png","contentUrl":"https:\/\/omanivietnam.com\/wp-content\/uploads\/2024\/06\/logo-1024x1024.png","width":1024,"height":1024,"caption":"Nguy\u1ec5n V\u0103n Kh\u00e1nh"},"logo":{"@id":"https:\/\/omanivietnam.com\/#\/schema\/person\/image\/"},"sameAs":["https:\/\/omanivietnam.com"]}]}},"_links":{"self":[{"href":"https:\/\/omanivietnam.com\/index.php\/wp-json\/wp\/v2\/product\/2067","targetHints":{"allow":["GET"]}}],"collection":[{"href":"https:\/\/omanivietnam.com\/index.php\/wp-json\/wp\/v2\/product"}],"about":[{"href":"https:\/\/omanivietnam.com\/index.php\/wp-json\/wp\/v2\/types\/product"}],"replies":[{"embeddable":true,"href":"https:\/\/omanivietnam.com\/index.php\/wp-json\/wp\/v2\/comments?post=2067"}],"wp:featuredmedia":[{"embeddable":true,"href":"https:\/\/omanivietnam.com\/index.php\/wp-json\/wp\/v2\/media\/2068"}],"wp:attachment":[{"href":"https:\/\/omanivietnam.com\/index.php\/wp-json\/wp\/v2\/media?parent=2067"}],"wp:term":[{"taxonomy":"product_cat","embeddable":true,"href":"https:\/\/omanivietnam.com\/index.php\/wp-json\/wp\/v2\/product_cat?post=2067"},{"taxonomy":"product_tag","embeddable":true,"href":"https:\/\/omanivietnam.com\/index.php\/wp-json\/wp\/v2\/product_tag?post=2067"}],"curies":[{"name":"wp","href":"https:\/\/api.w.org\/{rel}","templated":true}]}}