{"id":2077,"date":"2024-10-11T05:52:43","date_gmt":"2024-10-10T22:52:43","guid":{"rendered":"https:\/\/omanivietnam.com\/?post_type=product&#038;p=2077"},"modified":"2024-10-11T05:54:11","modified_gmt":"2024-10-10T22:54:11","slug":"omron-cp1w-ad041","status":"publish","type":"product","link":"https:\/\/omanivietnam.com\/index.php\/san-pham\/omron-cp1w-ad041\/","title":{"rendered":"OMRON CP1W-AD041"},"content":{"rendered":"<p>OMRON CP1W-AD041<\/p>\n<header class=\"page-width\">CP1W-AD041<\/header>\n<div class=\"article-layout page-width\">\n<div class=\"content\">\n<p>I\/O expansion unit, 4 x analog inputs 1 to 5 V, 0 to 5 V, 0 to 10 V, -10 to 10 V, 0 to 20 mA, 4 to 20 mA, resolution 1:6000<\/p>\n<p>Specifications<\/p>\n<\/div>\n<\/div>\n<table class=\"woocommerce-product-attributes shop_attributes\">\n<tbody>\n<tr>\n<td>Number of analog inputs<\/td>\n<td>4<\/td>\n<\/tr>\n<tr>\n<td>Resolution of the analog inputs<\/td>\n<td>13 Bit<\/td>\n<\/tr>\n<tr>\n<td>Number of analog outputs<\/td>\n<td>0<\/td>\n<\/tr>\n<tr>\n<td>Height<\/td>\n<td>90 mm<\/td>\n<\/tr>\n<tr>\n<td>Width<\/td>\n<td>86 mm<\/td>\n<\/tr>\n<tr>\n<td>Depth<\/td>\n<td>50 mm<\/td>\n<\/tr>\n<tr>\n<td>Type of module<\/td>\n<td>Analog I\/O<\/td>\n<\/tr>\n<tr>\n<td>Linear analog input type<\/td>\n<td>-10 to 10 V, 0 to 10 V, 0 to 20 mA, 0 to 5 V, 1 to 5 V, 4 to 20 mA<\/td>\n<\/tr>\n<tr>\n<td>Temperature input type<\/td>\n<td>None<\/td>\n<\/tr>\n<tr>\n<td>Linear analog output type<\/td>\n<td>None<\/td>\n<\/tr>\n<tr>\n<td>Weight<\/td>\n<td>200 g<\/td>\n<\/tr>\n<\/tbody>\n<\/table>\n<p id=\"tablepress-720-name\" class=\"tablepress-table-name tablepress-table-name-id-720\">Module Omron CP1W<\/p>\n<p><span id=\"tablepress-720-description\" class=\"tablepress-table-description tablepress-table-description-id-720\">Expansion I\/O Units and Expansion Units<\/span><\/p>\n<table id=\"tablepress-720\" class=\"tablepress tablepress-id-720\" aria-labelledby=\"tablepress-720-name\" aria-describedby=\"tablepress-720-description\">\n<thead>\n<tr class=\"row-1 odd\">\n<th class=\"column-1\">SKU<\/th>\n<th class=\"column-2\">M\u00f4 t\u1ea3<\/th>\n<\/tr>\n<\/thead>\n<tbody class=\"row-hover\">\n<tr class=\"row-2 even\">\n<td class=\"column-1\">Module m\u1edf r\u1ed9ng IO<\/td>\n<td class=\"column-2\"><\/td>\n<\/tr>\n<tr class=\"row-3 odd\">\n<td class=\"column-1\">CP1W-8ED<\/td>\n<td class=\"column-2\">Module m\u1edf r\u1ed9ng 08 Input DC<\/td>\n<\/tr>\n<tr class=\"row-4 even\">\n<td class=\"column-1\">CP1W-8ER<\/td>\n<td class=\"column-2\">Module m\u1edf r\u1ed9ng 08 Output Relay<\/td>\n<\/tr>\n<tr class=\"row-5 odd\">\n<td class=\"column-1\">CP1W-16ER<\/td>\n<td class=\"column-2\">Module m\u1edf r\u1ed9ng 16 Output Relay<\/td>\n<\/tr>\n<tr class=\"row-6 even\">\n<td class=\"column-1\">CP1W-32ER<\/td>\n<td class=\"column-2\">Module m\u1edf r\u1ed9ng 32 Output Relay<\/td>\n<\/tr>\n<tr class=\"row-7 odd\">\n<td class=\"column-1\">CP1W-8ET<\/td>\n<td class=\"column-2\">Module m\u1edf r\u1ed9ng 08 Output transistor ki\u1ec3u Sink<\/td>\n<\/tr>\n<tr class=\"row-8 even\">\n<td class=\"column-1\">CP1W-8ET1<\/td>\n<td class=\"column-2\">Module m\u1edf r\u1ed9ng 08 Output transistor ki\u1ec3u Source<\/td>\n<\/tr>\n<tr class=\"row-9 odd\">\n<td class=\"column-1\">CP1W-16ET<\/td>\n<td class=\"column-2\">Module m\u1edf r\u1ed9ng 16 Output transistor ki\u1ec3u Sink<\/td>\n<\/tr>\n<tr class=\"row-10 even\">\n<td class=\"column-1\">CP1W-16ET1<\/td>\n<td class=\"column-2\">Module m\u1edf r\u1ed9ng 16 Output transistor ki\u1ec3u Source<\/td>\n<\/tr>\n<tr class=\"row-11 odd\">\n<td class=\"column-1\">CP1W-32ET<\/td>\n<td class=\"column-2\">Module m\u1edf r\u1ed9ng 32 Output transistor ki\u1ec3u Sink<\/td>\n<\/tr>\n<tr class=\"row-12 even\">\n<td class=\"column-1\">CP1W-32ET1<\/td>\n<td class=\"column-2\">Module m\u1edf r\u1ed9ng 32 Output transistor ki\u1ec3u Source<\/td>\n<\/tr>\n<tr class=\"row-13 odd\">\n<td class=\"column-1\">CP1W-20EDR1<\/td>\n<td class=\"column-2\">Module m\u1edf r\u1ed9ng 12 Input DC, 08 Output Relay<\/td>\n<\/tr>\n<tr class=\"row-14 even\">\n<td class=\"column-1\">CP1W-40EDR<\/td>\n<td class=\"column-2\">Module m\u1edf r\u1ed9ng 24 Input DC, 16 Output Relay<\/td>\n<\/tr>\n<tr class=\"row-15 odd\">\n<td class=\"column-1\">CP1W-20EDT<\/td>\n<td class=\"column-2\">Module m\u1edf r\u1ed9ng 12 Input DC, 08 Output transistor ki\u1ec3u Sink<\/td>\n<\/tr>\n<tr class=\"row-16 even\">\n<td class=\"column-1\">CP1W-40EDT<\/td>\n<td class=\"column-2\">Module m\u1edf r\u1ed9ng 24 Input DC, 16 Output transistor ki\u1ec3u Sink<\/td>\n<\/tr>\n<tr class=\"row-17 odd\">\n<td class=\"column-1\">CP1W-20EDT1<\/td>\n<td class=\"column-2\">Module m\u1edf r\u1ed9ng 12 Input DC, 08 Output transistor ki\u1ec3u Source<\/td>\n<\/tr>\n<tr class=\"row-18 even\">\n<td class=\"column-1\">CP1W-40EDT1<\/td>\n<td class=\"column-2\">Module m\u1edf r\u1ed9ng 24 Input DC, 16 Output transistor ki\u1ec3u Source<\/td>\n<\/tr>\n<tr class=\"row-19 odd\">\n<td class=\"column-1\">Module m\u1edf r\u1ed9ng Analog<\/td>\n<td class=\"column-2\"><\/td>\n<\/tr>\n<tr class=\"row-20 even\">\n<td class=\"column-1\">CP1W-AD041<\/td>\n<td class=\"column-2\">Module Analog Input 4 k\u00eanh 0~5V, 0~10V, -10~10V or 4~20mA ( ph\u00e2n d\u1ea3i 1\/6000)<\/td>\n<\/tr>\n<tr class=\"row-21 odd\">\n<td class=\"column-1\">CP1W-AD042<\/td>\n<td class=\"column-2\">Module Analog Input 4 k\u00eanh 0~5V, 0~10V, -10~10V or 4~20mA ( ph\u00e2n d\u1ea3i 1\/12000)<\/td>\n<\/tr>\n<tr class=\"row-22 even\">\n<td class=\"column-1\">CP1W-DA021<\/td>\n<td class=\"column-2\">Module Analog Output 2 k\u00eanh 0~5V, 0~10V, -10~10V or 4~20mA ( ph\u00e2n d\u1ea3i 1\/6000)<\/td>\n<\/tr>\n<tr class=\"row-23 odd\">\n<td class=\"column-1\">CP1W-DA041<\/td>\n<td class=\"column-2\">Module Analog Output 4 k\u00eanh 0~5V, 0~10V, -10~10V or 4~20mA ( ph\u00e2n d\u1ea3i 1\/6000)<\/td>\n<\/tr>\n<tr class=\"row-24 even\">\n<td class=\"column-1\">CP1W-DA042<\/td>\n<td class=\"column-2\">Module Analog Output 4 k\u00eanh 0~5V, 0~10V, -10~10V or 4~20mA ( ph\u00e2n d\u1ea3i 1\/12000)<\/td>\n<\/tr>\n<tr class=\"row-25 odd\">\n<td class=\"column-1\">CP1W-MAD44<\/td>\n<td class=\"column-2\">Module Analog 4 k\u00eanh Input, 4 k\u00eanh Output ( ph\u00e2n d\u1ea3i 1\/12000)<\/td>\n<\/tr>\n<tr class=\"row-26 even\">\n<td class=\"column-1\">CP1W-MAD42<\/td>\n<td class=\"column-2\">Module Analog 4 k\u00eanh Input, 2 k\u00eanh Output ( ph\u00e2n d\u1ea3i 1\/12000)<\/td>\n<\/tr>\n<tr class=\"row-27 odd\">\n<td class=\"column-1\">CP1W-MAD11<\/td>\n<td class=\"column-2\">Module Analog 2 k\u00eanh Input, 1 k\u00eanh Output ( ph\u00e2n d\u1ea3i 1\/6000)<\/td>\n<\/tr>\n<tr class=\"row-28 even\">\n<td class=\"column-1\">Module c\u1ea3m bi\u1ebfn nhi\u1ec7t \u0111\u1ed9<\/td>\n<td class=\"column-2\"><\/td>\n<\/tr>\n<tr class=\"row-29 odd\">\n<td class=\"column-1\">CP1W-TS001<\/td>\n<td class=\"column-2\">Module nhi\u1ec7t \u0111\u1ed9 2 k\u00eanh lo\u1ea1i Thermocouple ki\u1ec3u J ho\u1eb7c K<\/td>\n<\/tr>\n<tr class=\"row-30 even\">\n<td class=\"column-1\">CP1W-TS002<\/td>\n<td class=\"column-2\">Module nhi\u1ec7t \u0111\u1ed9 4 k\u00eanh lo\u1ea1i Thermocouple ki\u1ec3u J ho\u1eb7c K<\/td>\n<\/tr>\n<tr class=\"row-31 odd\">\n<td class=\"column-1\">CP1W-TS101<\/td>\n<td class=\"column-2\">Module nhi\u1ec7t \u0111\u1ed9 2 k\u00eanh lo\u1ea1i nhi\u1ec7t \u0111i\u1ec7n tr\u1edf (Pt100 ho\u1eb7c JPt100)<\/td>\n<\/tr>\n<tr class=\"row-32 even\">\n<td class=\"column-1\">CP1W-TS102<\/td>\n<td class=\"column-2\">Module nhi\u1ec7t \u0111\u1ed9 4 k\u00eanh lo\u1ea1i nhi\u1ec7t \u0111i\u1ec7n tr\u1edf (Pt100 ho\u1eb7c JPt100)<\/td>\n<\/tr>\n<tr class=\"row-33 odd\">\n<td class=\"column-1\">CP1W-TS103<\/td>\n<td class=\"column-2\">Module nhi\u1ec7t \u0111\u1ed9 4 k\u00eanh ki\u1ec3u J ho\u1eb7c K ( option 2 \u0111\u1ea7u v\u00e0o Analog)<\/td>\n<\/tr>\n<tr class=\"row-34 even\">\n<td class=\"column-1\">CP1W-TS104<\/td>\n<td class=\"column-2\">Module nhi\u1ec7t \u0111\u1ed9 12 k\u00eanh c\u1ea3m bi\u1ebfn ki\u1ec3u J ho\u1eb7c K<\/td>\n<\/tr>\n<\/tbody>\n<\/table>\n<p>&nbsp;<\/p>\n<p>\u0110\u1ea1i l\u00fd OMRON vietnam, OMRON viet nam, OMRON vietnam distributor, Ph\u00e2n ph\u1ed1i OMRON t\u1ea1i vi\u1ec7t nam<\/p>\n<p>\u0110\u1ea1i l\u00fd OMRON vietnam, OMRON viet nam, OMRON vietnam distributor, Ph\u00e2n ph\u1ed1i OMRON t\u1ea1i vi\u1ec7t nam<\/p>\n<p>\u0110\u1ea1i l\u00fd OMRON vietnam, OMRON viet nam, OMRON vietnam distributor, Ph\u00e2n ph\u1ed1i OMRON t\u1ea1i vi\u1ec7t nam<\/p>\n<p>\u0110\u1ea1i l\u00fd OMRON vietnam, OMRON viet nam, OMRON vietnam distributor, Ph\u00e2n ph\u1ed1i OMRON t\u1ea1i vi\u1ec7t nam<\/p>\n<p>\u0110\u1ea1i l\u00fd OMRON vietnam, OMRON viet nam, OMRON vietnam distributor, Ph\u00e2n ph\u1ed1i OMRON t\u1ea1i vi\u1ec7t nam<\/p>\n","protected":false},"excerpt":{"rendered":"<p>OMRON CP1W-AD041 CP1W-AD041 I\/O expansion unit, 4 x analog inputs 1 to 5 V, 0 to 5 V, 0 to 10 V, -10 to 10 V, 0 to 20 mA, 4 to 20 mA, resolution 1:6000 Specifications Number of analog inputs 4 Resolution of the analog inputs 13 Bit Number&hellip; <\/p>\n","protected":false},"featured_media":2078,"comment_status":"open","ping_status":"closed","template":"","meta":[],"product_cat":[311],"product_tag":[105,159,104],"class_list":{"0":"post-2077","1":"product","2":"type-product","3":"status-publish","4":"has-post-thumbnail","6":"product_cat-omron","7":"product_tag-dai-ly-omron-viet-nam","8":"product_tag-mo-dun","9":"product_tag-omron-viet-nam","11":"first","12":"instock","13":"shipping-taxable","14":"product-type-simple"},"yoast_head":"<!-- This site is optimized with the Yoast SEO plugin v22.8 - https:\/\/yoast.com\/wordpress\/plugins\/seo\/ -->\n<title>OMRON CP1W-AD041 - OMANI VI\u1ec6T NAM<\/title>\n<meta name=\"robots\" content=\"index, follow, max-snippet:-1, max-image-preview:large, max-video-preview:-1\" \/>\n<link rel=\"canonical\" href=\"https:\/\/omanivietnam.com\/index.php\/san-pham\/omron-cp1w-ad041\/\" \/>\n<meta property=\"og:locale\" content=\"vi_VN\" \/>\n<meta property=\"og:type\" content=\"article\" \/>\n<meta property=\"og:title\" content=\"OMRON CP1W-AD041 - OMANI VI\u1ec6T NAM\" \/>\n<meta property=\"og:description\" content=\"OMRON CP1W-AD041 CP1W-AD041 I\/O expansion unit, 4 x analog inputs 1 to 5 V, 0 to 5 V, 0 to 10 V, -10 to 10 V, 0 to 20 mA, 4 to 20 mA, resolution 1:6000 Specifications Number of analog inputs 4 Resolution of the analog inputs 13 Bit Number&hellip;\" \/>\n<meta property=\"og:url\" content=\"https:\/\/omanivietnam.com\/index.php\/san-pham\/omron-cp1w-ad041\/\" \/>\n<meta property=\"og:site_name\" content=\"OMANI VI\u1ec6T NAM\" \/>\n<meta property=\"article:modified_time\" content=\"2024-10-10T22:54:11+00:00\" \/>\n<meta property=\"og:image\" content=\"https:\/\/omanivietnam.com\/wp-content\/uploads\/2024\/10\/CP1W-AD041.png\" \/>\n\t<meta property=\"og:image:width\" content=\"482\" \/>\n\t<meta property=\"og:image:height\" content=\"644\" \/>\n\t<meta property=\"og:image:type\" content=\"image\/png\" \/>\n<meta name=\"twitter:card\" content=\"summary_large_image\" \/>\n<meta name=\"twitter:label1\" content=\"\u01af\u1edbc t\u00ednh th\u1eddi gian \u0111\u1ecdc\" \/>\n\t<meta name=\"twitter:data1\" content=\"4 ph\u00fat\" \/>\n<script type=\"application\/ld+json\" class=\"yoast-schema-graph\">{\"@context\":\"https:\/\/schema.org\",\"@graph\":[{\"@type\":\"WebPage\",\"@id\":\"https:\/\/omanivietnam.com\/index.php\/san-pham\/omron-cp1w-ad041\/\",\"url\":\"https:\/\/omanivietnam.com\/index.php\/san-pham\/omron-cp1w-ad041\/\",\"name\":\"OMRON CP1W-AD041 - OMANI VI\u1ec6T NAM\",\"isPartOf\":{\"@id\":\"https:\/\/omanivietnam.com\/#website\"},\"primaryImageOfPage\":{\"@id\":\"https:\/\/omanivietnam.com\/index.php\/san-pham\/omron-cp1w-ad041\/#primaryimage\"},\"image\":{\"@id\":\"https:\/\/omanivietnam.com\/index.php\/san-pham\/omron-cp1w-ad041\/#primaryimage\"},\"thumbnailUrl\":\"https:\/\/omanivietnam.com\/wp-content\/uploads\/2024\/10\/CP1W-AD041.png\",\"datePublished\":\"2024-10-10T22:52:43+00:00\",\"dateModified\":\"2024-10-10T22:54:11+00:00\",\"breadcrumb\":{\"@id\":\"https:\/\/omanivietnam.com\/index.php\/san-pham\/omron-cp1w-ad041\/#breadcrumb\"},\"inLanguage\":\"vi\",\"potentialAction\":[{\"@type\":\"ReadAction\",\"target\":[\"https:\/\/omanivietnam.com\/index.php\/san-pham\/omron-cp1w-ad041\/\"]}]},{\"@type\":\"ImageObject\",\"inLanguage\":\"vi\",\"@id\":\"https:\/\/omanivietnam.com\/index.php\/san-pham\/omron-cp1w-ad041\/#primaryimage\",\"url\":\"https:\/\/omanivietnam.com\/wp-content\/uploads\/2024\/10\/CP1W-AD041.png\",\"contentUrl\":\"https:\/\/omanivietnam.com\/wp-content\/uploads\/2024\/10\/CP1W-AD041.png\",\"width\":482,\"height\":644},{\"@type\":\"BreadcrumbList\",\"@id\":\"https:\/\/omanivietnam.com\/index.php\/san-pham\/omron-cp1w-ad041\/#breadcrumb\",\"itemListElement\":[{\"@type\":\"ListItem\",\"position\":1,\"name\":\"Home\",\"item\":\"https:\/\/omanivietnam.com\/\"},{\"@type\":\"ListItem\",\"position\":2,\"name\":\"S\u1ea2N PH\u1ea8M\",\"item\":\"https:\/\/omanivietnam.com\/index.php\/cua-hang\/\"},{\"@type\":\"ListItem\",\"position\":3,\"name\":\"OMRON CP1W-AD041\"}]},{\"@type\":\"WebSite\",\"@id\":\"https:\/\/omanivietnam.com\/#website\",\"url\":\"https:\/\/omanivietnam.com\/\",\"name\":\"OMANI VI\u1ec6T NAM\",\"description\":\"Nh\u00e0 ph\u00e2n ph\u1ed1i thi\u1ebft b\u1ecb kh\u00ed n\u00e9n v\u00e0 thi\u1ebft b\u1ecb t\u1ef1 \u0111\u1ed9ng h\u00f3a trong c\u00f4ng nghi\u1ec7p\",\"publisher\":{\"@id\":\"https:\/\/omanivietnam.com\/#\/schema\/person\/0ad398a980dc3fd696111c2c5c8fa897\"},\"potentialAction\":[{\"@type\":\"SearchAction\",\"target\":{\"@type\":\"EntryPoint\",\"urlTemplate\":\"https:\/\/omanivietnam.com\/?s={search_term_string}\"},\"query-input\":\"required name=search_term_string\"}],\"inLanguage\":\"vi\"},{\"@type\":[\"Person\",\"Organization\"],\"@id\":\"https:\/\/omanivietnam.com\/#\/schema\/person\/0ad398a980dc3fd696111c2c5c8fa897\",\"name\":\"Nguy\u1ec5n V\u0103n Kh\u00e1nh\",\"image\":{\"@type\":\"ImageObject\",\"inLanguage\":\"vi\",\"@id\":\"https:\/\/omanivietnam.com\/#\/schema\/person\/image\/\",\"url\":\"https:\/\/omanivietnam.com\/wp-content\/uploads\/2024\/06\/logo-1024x1024.png\",\"contentUrl\":\"https:\/\/omanivietnam.com\/wp-content\/uploads\/2024\/06\/logo-1024x1024.png\",\"width\":1024,\"height\":1024,\"caption\":\"Nguy\u1ec5n V\u0103n Kh\u00e1nh\"},\"logo\":{\"@id\":\"https:\/\/omanivietnam.com\/#\/schema\/person\/image\/\"},\"sameAs\":[\"https:\/\/omanivietnam.com\"]}]}<\/script>\n<!-- \/ Yoast SEO plugin. -->","yoast_head_json":{"title":"OMRON CP1W-AD041 - OMANI VI\u1ec6T NAM","robots":{"index":"index","follow":"follow","max-snippet":"max-snippet:-1","max-image-preview":"max-image-preview:large","max-video-preview":"max-video-preview:-1"},"canonical":"https:\/\/omanivietnam.com\/index.php\/san-pham\/omron-cp1w-ad041\/","og_locale":"vi_VN","og_type":"article","og_title":"OMRON CP1W-AD041 - OMANI VI\u1ec6T NAM","og_description":"OMRON CP1W-AD041 CP1W-AD041 I\/O expansion unit, 4 x analog inputs 1 to 5 V, 0 to 5 V, 0 to 10 V, -10 to 10 V, 0 to 20 mA, 4 to 20 mA, resolution 1:6000 Specifications Number of analog inputs 4 Resolution of the analog inputs 13 Bit Number&hellip;","og_url":"https:\/\/omanivietnam.com\/index.php\/san-pham\/omron-cp1w-ad041\/","og_site_name":"OMANI VI\u1ec6T NAM","article_modified_time":"2024-10-10T22:54:11+00:00","og_image":[{"width":482,"height":644,"url":"https:\/\/omanivietnam.com\/wp-content\/uploads\/2024\/10\/CP1W-AD041.png","type":"image\/png"}],"twitter_card":"summary_large_image","twitter_misc":{"\u01af\u1edbc t\u00ednh th\u1eddi gian \u0111\u1ecdc":"4 ph\u00fat"},"schema":{"@context":"https:\/\/schema.org","@graph":[{"@type":"WebPage","@id":"https:\/\/omanivietnam.com\/index.php\/san-pham\/omron-cp1w-ad041\/","url":"https:\/\/omanivietnam.com\/index.php\/san-pham\/omron-cp1w-ad041\/","name":"OMRON CP1W-AD041 - OMANI VI\u1ec6T NAM","isPartOf":{"@id":"https:\/\/omanivietnam.com\/#website"},"primaryImageOfPage":{"@id":"https:\/\/omanivietnam.com\/index.php\/san-pham\/omron-cp1w-ad041\/#primaryimage"},"image":{"@id":"https:\/\/omanivietnam.com\/index.php\/san-pham\/omron-cp1w-ad041\/#primaryimage"},"thumbnailUrl":"https:\/\/omanivietnam.com\/wp-content\/uploads\/2024\/10\/CP1W-AD041.png","datePublished":"2024-10-10T22:52:43+00:00","dateModified":"2024-10-10T22:54:11+00:00","breadcrumb":{"@id":"https:\/\/omanivietnam.com\/index.php\/san-pham\/omron-cp1w-ad041\/#breadcrumb"},"inLanguage":"vi","potentialAction":[{"@type":"ReadAction","target":["https:\/\/omanivietnam.com\/index.php\/san-pham\/omron-cp1w-ad041\/"]}]},{"@type":"ImageObject","inLanguage":"vi","@id":"https:\/\/omanivietnam.com\/index.php\/san-pham\/omron-cp1w-ad041\/#primaryimage","url":"https:\/\/omanivietnam.com\/wp-content\/uploads\/2024\/10\/CP1W-AD041.png","contentUrl":"https:\/\/omanivietnam.com\/wp-content\/uploads\/2024\/10\/CP1W-AD041.png","width":482,"height":644},{"@type":"BreadcrumbList","@id":"https:\/\/omanivietnam.com\/index.php\/san-pham\/omron-cp1w-ad041\/#breadcrumb","itemListElement":[{"@type":"ListItem","position":1,"name":"Home","item":"https:\/\/omanivietnam.com\/"},{"@type":"ListItem","position":2,"name":"S\u1ea2N PH\u1ea8M","item":"https:\/\/omanivietnam.com\/index.php\/cua-hang\/"},{"@type":"ListItem","position":3,"name":"OMRON CP1W-AD041"}]},{"@type":"WebSite","@id":"https:\/\/omanivietnam.com\/#website","url":"https:\/\/omanivietnam.com\/","name":"OMANI VI\u1ec6T NAM","description":"Nh\u00e0 ph\u00e2n ph\u1ed1i thi\u1ebft b\u1ecb kh\u00ed n\u00e9n v\u00e0 thi\u1ebft b\u1ecb t\u1ef1 \u0111\u1ed9ng h\u00f3a trong c\u00f4ng nghi\u1ec7p","publisher":{"@id":"https:\/\/omanivietnam.com\/#\/schema\/person\/0ad398a980dc3fd696111c2c5c8fa897"},"potentialAction":[{"@type":"SearchAction","target":{"@type":"EntryPoint","urlTemplate":"https:\/\/omanivietnam.com\/?s={search_term_string}"},"query-input":"required name=search_term_string"}],"inLanguage":"vi"},{"@type":["Person","Organization"],"@id":"https:\/\/omanivietnam.com\/#\/schema\/person\/0ad398a980dc3fd696111c2c5c8fa897","name":"Nguy\u1ec5n V\u0103n Kh\u00e1nh","image":{"@type":"ImageObject","inLanguage":"vi","@id":"https:\/\/omanivietnam.com\/#\/schema\/person\/image\/","url":"https:\/\/omanivietnam.com\/wp-content\/uploads\/2024\/06\/logo-1024x1024.png","contentUrl":"https:\/\/omanivietnam.com\/wp-content\/uploads\/2024\/06\/logo-1024x1024.png","width":1024,"height":1024,"caption":"Nguy\u1ec5n V\u0103n Kh\u00e1nh"},"logo":{"@id":"https:\/\/omanivietnam.com\/#\/schema\/person\/image\/"},"sameAs":["https:\/\/omanivietnam.com"]}]}},"_links":{"self":[{"href":"https:\/\/omanivietnam.com\/index.php\/wp-json\/wp\/v2\/product\/2077","targetHints":{"allow":["GET"]}}],"collection":[{"href":"https:\/\/omanivietnam.com\/index.php\/wp-json\/wp\/v2\/product"}],"about":[{"href":"https:\/\/omanivietnam.com\/index.php\/wp-json\/wp\/v2\/types\/product"}],"replies":[{"embeddable":true,"href":"https:\/\/omanivietnam.com\/index.php\/wp-json\/wp\/v2\/comments?post=2077"}],"wp:featuredmedia":[{"embeddable":true,"href":"https:\/\/omanivietnam.com\/index.php\/wp-json\/wp\/v2\/media\/2078"}],"wp:attachment":[{"href":"https:\/\/omanivietnam.com\/index.php\/wp-json\/wp\/v2\/media?parent=2077"}],"wp:term":[{"taxonomy":"product_cat","embeddable":true,"href":"https:\/\/omanivietnam.com\/index.php\/wp-json\/wp\/v2\/product_cat?post=2077"},{"taxonomy":"product_tag","embeddable":true,"href":"https:\/\/omanivietnam.com\/index.php\/wp-json\/wp\/v2\/product_tag?post=2077"}],"curies":[{"name":"wp","href":"https:\/\/api.w.org\/{rel}","templated":true}]}}