{"id":2090,"date":"2024-10-11T21:50:23","date_gmt":"2024-10-11T14:50:23","guid":{"rendered":"https:\/\/omanivietnam.com\/?post_type=product&#038;p=2090"},"modified":"2024-10-11T21:50:23","modified_gmt":"2024-10-11T14:50:23","slug":"banner-q26pxlpq7","status":"publish","type":"product","link":"https:\/\/omanivietnam.com\/index.php\/san-pham\/banner-q26pxlpq7\/","title":{"rendered":"BANNER Q26PXLPQ7"},"content":{"rendered":"<p>BANNER Q26PXLPQ7<\/p>\n<div>Spec:<\/div>\n<div>IP RatingIP67<\/div>\n<div>Sensing BeamVisible Red LED<\/div>\n<div>NEMA \/ UL Type RatingNEMA 4X<\/div>\n<div>PowerDC<\/div>\n<div>Sensing Mode (General)Retroreflective<\/div>\n<div>Sensing Mode (Detailed)Polarized (Coaxial)<\/div>\n<div>Housing StyleRectangular<\/div>\n<div>Primary Housing MaterialThermoplastic<\/div>\n<div>Input OutputDiscrete<\/div>\n<div>Max Sensing Distance (mm)800<\/div>\n<div>OutputsPNP<\/div>\n<div>Power Supply\/Supply Voltage12-30 V dc<\/div>\n<div>ConnectionIntegral QD<\/div>\n<div>Quick Disconnect TypeM8<\/div>\n<div>Min Op. Temp. (\u00b0C)-10<\/div>\n<div>OperationLight\/Dark Operate<\/div>\n<div>Max Op. Temp. (\u00b0C)55<\/div>\n<div>Output response time (ms)0.25<\/div>\n<div>Special Feature: Intrinsically SafeNo<\/div>\n<div>Special Feature: Remote TeachNo<\/div>\n<div>Special Feature: Water DetectionNo<\/div>\n<div>Sensing Beam Wavelength660<\/div>\n<div>Delay at Power-up (ms)N\/A<\/div>\n<div>Repeatability (\u00b5s)50<\/div>\n<div>Number of Pins4<\/div>\n<div>Max Op. Relative Humidity [%]90% @ 50\u00b0C<\/div>\n<div>Lens MaterialGlass<\/div>\n<div>AdjustmentsPotentiometer<\/div>\n<div>IndicatorLEDs<\/div>\n<div>Feature: Clear Object DetectionYes<\/div>\n<div>Feature: AudibleNo<\/div>\n<div>Feature: Quick DisconnectYes<\/div>\n<div>Feature: Health\/Marginal Signal OutputYes<\/div>\n<div><\/div>\n<div><\/div>\n<div>C\u00e1c s\u1ea3n ph\u1ea9m t\u01b0\u01a1ng t\u1ef1:<\/div>\n<div>C\u1ea3m bi\u1ebfn IAT23SM900<br \/>\nC\u1ea3m bi\u1ebfn T30UXUAQ8<br \/>\nC\u1ea3m bi\u1ebfn Q45BB6LLPQ6<br \/>\nC\u1ea3m bi\u1ebfn T30UUNA<br \/>\nC\u1ea3m bi\u1ebfn DS18AP6LPQ8-79909<br \/>\nC\u1ea3m bi\u1ebfn T30UUNA<br \/>\nC\u1ea3m bi\u1ebfn T30UXUAQ8<br \/>\nC\u1ea3m bi\u1ebfn SLSE30-1200Q8<br \/>\nC\u1ea3m bi\u1ebfn R58ECRGB1<br \/>\nC\u1ea3m bi\u1ebfn PKG4M-2<br \/>\nC\u1ea3m bi\u1ebfn SM91RFQD<br \/>\nC\u1ea3m bi\u1ebfn SLSR30-1200Q8<br \/>\nC\u1ea3m bi\u1ebfn ITA23S<br \/>\nC\u1ea3m bi\u1ebfn PIT43TMB5<br \/>\nC\u1ea3m bi\u1ebfn SLSCR30-1200Q8<br \/>\nC\u1ea3m bi\u1ebfn SMA91EFQD<br \/>\nC\u1ea3m bi\u1ebfn R58ECRGB1<br \/>\nC\u1ea3m bi\u1ebfn STBVP6<br \/>\nC\u1ea3m bi\u1ebfn QS18VN6AF100<br \/>\nC\u1ea3m bi\u1ebfn LE550UQ<br \/>\nC\u1ea3m bi\u1ebfn QS18VN6AF100<br \/>\nC\u1ea3m bi\u1ebfn STBVP6<br \/>\nC\u1ea3m bi\u1ebfn LE550UQ<br \/>\nC\u1ea3m bi\u1ebfn STBVP6<\/div>\n","protected":false},"excerpt":{"rendered":"<p>BANNER Q26PXLPQ7 Spec: IP RatingIP67 Sensing BeamVisible Red LED NEMA \/ UL Type RatingNEMA 4X PowerDC Sensing Mode (General)Retroreflective Sensing Mode (Detailed)Polarized (Coaxial) Housing StyleRectangular Primary Housing MaterialThermoplastic Input OutputDiscrete Max Sensing Distance (mm)800 OutputsPNP Power Supply\/Supply Voltage12-30 V dc ConnectionIntegral QD Quick Disconnect TypeM8 Min Op. Temp. (\u00b0C)-10 OperationLight\/Dark&hellip; <\/p>\n","protected":false},"featured_media":2091,"comment_status":"open","ping_status":"closed","template":"","meta":[],"product_cat":[509],"product_tag":[510,88,511],"class_list":{"0":"post-2090","1":"product","2":"type-product","3":"status-publish","4":"has-post-thumbnail","6":"product_cat-banner","7":"product_tag-banner-viet-nam","8":"product_tag-cam-bien","9":"product_tag-dai-ly-banner-viet-nam","11":"first","12":"instock","13":"shipping-taxable","14":"product-type-simple"},"yoast_head":"<!-- This site is optimized with the Yoast SEO plugin v22.8 - https:\/\/yoast.com\/wordpress\/plugins\/seo\/ -->\n<title>BANNER Q26PXLPQ7 - OMANI VI\u1ec6T NAM<\/title>\n<meta name=\"robots\" content=\"index, follow, max-snippet:-1, max-image-preview:large, max-video-preview:-1\" \/>\n<link rel=\"canonical\" href=\"https:\/\/omanivietnam.com\/index.php\/san-pham\/banner-q26pxlpq7\/\" \/>\n<meta property=\"og:locale\" content=\"vi_VN\" \/>\n<meta property=\"og:type\" content=\"article\" \/>\n<meta property=\"og:title\" content=\"BANNER Q26PXLPQ7 - OMANI VI\u1ec6T NAM\" \/>\n<meta property=\"og:description\" content=\"BANNER Q26PXLPQ7 Spec: IP RatingIP67 Sensing BeamVisible Red LED NEMA \/ UL Type RatingNEMA 4X PowerDC Sensing Mode (General)Retroreflective Sensing Mode (Detailed)Polarized (Coaxial) Housing StyleRectangular Primary Housing MaterialThermoplastic Input OutputDiscrete Max Sensing Distance (mm)800 OutputsPNP Power Supply\/Supply Voltage12-30 V dc ConnectionIntegral QD Quick Disconnect TypeM8 Min Op. Temp. (\u00b0C)-10 OperationLight\/Dark&hellip;\" \/>\n<meta property=\"og:url\" content=\"https:\/\/omanivietnam.com\/index.php\/san-pham\/banner-q26pxlpq7\/\" \/>\n<meta property=\"og:site_name\" content=\"OMANI VI\u1ec6T NAM\" \/>\n<meta property=\"og:image\" content=\"https:\/\/omanivietnam.com\/wp-content\/uploads\/2024\/10\/Q26PXLPQ7.png\" \/>\n\t<meta property=\"og:image:width\" content=\"478\" \/>\n\t<meta property=\"og:image:height\" content=\"378\" \/>\n\t<meta property=\"og:image:type\" content=\"image\/png\" \/>\n<meta name=\"twitter:card\" content=\"summary_large_image\" \/>\n<meta name=\"twitter:label1\" content=\"\u01af\u1edbc t\u00ednh th\u1eddi gian \u0111\u1ecdc\" \/>\n\t<meta name=\"twitter:data1\" content=\"2 ph\u00fat\" \/>\n<script type=\"application\/ld+json\" class=\"yoast-schema-graph\">{\"@context\":\"https:\/\/schema.org\",\"@graph\":[{\"@type\":\"WebPage\",\"@id\":\"https:\/\/omanivietnam.com\/index.php\/san-pham\/banner-q26pxlpq7\/\",\"url\":\"https:\/\/omanivietnam.com\/index.php\/san-pham\/banner-q26pxlpq7\/\",\"name\":\"BANNER Q26PXLPQ7 - OMANI VI\u1ec6T NAM\",\"isPartOf\":{\"@id\":\"https:\/\/omanivietnam.com\/#website\"},\"primaryImageOfPage\":{\"@id\":\"https:\/\/omanivietnam.com\/index.php\/san-pham\/banner-q26pxlpq7\/#primaryimage\"},\"image\":{\"@id\":\"https:\/\/omanivietnam.com\/index.php\/san-pham\/banner-q26pxlpq7\/#primaryimage\"},\"thumbnailUrl\":\"https:\/\/omanivietnam.com\/wp-content\/uploads\/2024\/10\/Q26PXLPQ7.png\",\"datePublished\":\"2024-10-11T14:50:23+00:00\",\"dateModified\":\"2024-10-11T14:50:23+00:00\",\"breadcrumb\":{\"@id\":\"https:\/\/omanivietnam.com\/index.php\/san-pham\/banner-q26pxlpq7\/#breadcrumb\"},\"inLanguage\":\"vi\",\"potentialAction\":[{\"@type\":\"ReadAction\",\"target\":[\"https:\/\/omanivietnam.com\/index.php\/san-pham\/banner-q26pxlpq7\/\"]}]},{\"@type\":\"ImageObject\",\"inLanguage\":\"vi\",\"@id\":\"https:\/\/omanivietnam.com\/index.php\/san-pham\/banner-q26pxlpq7\/#primaryimage\",\"url\":\"https:\/\/omanivietnam.com\/wp-content\/uploads\/2024\/10\/Q26PXLPQ7.png\",\"contentUrl\":\"https:\/\/omanivietnam.com\/wp-content\/uploads\/2024\/10\/Q26PXLPQ7.png\",\"width\":478,\"height\":378},{\"@type\":\"BreadcrumbList\",\"@id\":\"https:\/\/omanivietnam.com\/index.php\/san-pham\/banner-q26pxlpq7\/#breadcrumb\",\"itemListElement\":[{\"@type\":\"ListItem\",\"position\":1,\"name\":\"Home\",\"item\":\"https:\/\/omanivietnam.com\/\"},{\"@type\":\"ListItem\",\"position\":2,\"name\":\"S\u1ea2N PH\u1ea8M\",\"item\":\"https:\/\/omanivietnam.com\/index.php\/cua-hang\/\"},{\"@type\":\"ListItem\",\"position\":3,\"name\":\"BANNER Q26PXLPQ7\"}]},{\"@type\":\"WebSite\",\"@id\":\"https:\/\/omanivietnam.com\/#website\",\"url\":\"https:\/\/omanivietnam.com\/\",\"name\":\"OMANI VI\u1ec6T NAM\",\"description\":\"Nh\u00e0 ph\u00e2n ph\u1ed1i thi\u1ebft b\u1ecb kh\u00ed n\u00e9n v\u00e0 thi\u1ebft b\u1ecb t\u1ef1 \u0111\u1ed9ng h\u00f3a trong c\u00f4ng nghi\u1ec7p\",\"publisher\":{\"@id\":\"https:\/\/omanivietnam.com\/#\/schema\/person\/0ad398a980dc3fd696111c2c5c8fa897\"},\"potentialAction\":[{\"@type\":\"SearchAction\",\"target\":{\"@type\":\"EntryPoint\",\"urlTemplate\":\"https:\/\/omanivietnam.com\/?s={search_term_string}\"},\"query-input\":\"required name=search_term_string\"}],\"inLanguage\":\"vi\"},{\"@type\":[\"Person\",\"Organization\"],\"@id\":\"https:\/\/omanivietnam.com\/#\/schema\/person\/0ad398a980dc3fd696111c2c5c8fa897\",\"name\":\"Nguy\u1ec5n V\u0103n Kh\u00e1nh\",\"image\":{\"@type\":\"ImageObject\",\"inLanguage\":\"vi\",\"@id\":\"https:\/\/omanivietnam.com\/#\/schema\/person\/image\/\",\"url\":\"https:\/\/omanivietnam.com\/wp-content\/uploads\/2024\/06\/logo-1024x1024.png\",\"contentUrl\":\"https:\/\/omanivietnam.com\/wp-content\/uploads\/2024\/06\/logo-1024x1024.png\",\"width\":1024,\"height\":1024,\"caption\":\"Nguy\u1ec5n V\u0103n Kh\u00e1nh\"},\"logo\":{\"@id\":\"https:\/\/omanivietnam.com\/#\/schema\/person\/image\/\"},\"sameAs\":[\"https:\/\/omanivietnam.com\"]}]}<\/script>\n<!-- \/ Yoast SEO plugin. -->","yoast_head_json":{"title":"BANNER Q26PXLPQ7 - OMANI VI\u1ec6T NAM","robots":{"index":"index","follow":"follow","max-snippet":"max-snippet:-1","max-image-preview":"max-image-preview:large","max-video-preview":"max-video-preview:-1"},"canonical":"https:\/\/omanivietnam.com\/index.php\/san-pham\/banner-q26pxlpq7\/","og_locale":"vi_VN","og_type":"article","og_title":"BANNER Q26PXLPQ7 - OMANI VI\u1ec6T NAM","og_description":"BANNER Q26PXLPQ7 Spec: IP RatingIP67 Sensing BeamVisible Red LED NEMA \/ UL Type RatingNEMA 4X PowerDC Sensing Mode (General)Retroreflective Sensing Mode (Detailed)Polarized (Coaxial) Housing StyleRectangular Primary Housing MaterialThermoplastic Input OutputDiscrete Max Sensing Distance (mm)800 OutputsPNP Power Supply\/Supply Voltage12-30 V dc ConnectionIntegral QD Quick Disconnect TypeM8 Min Op. Temp. (\u00b0C)-10 OperationLight\/Dark&hellip;","og_url":"https:\/\/omanivietnam.com\/index.php\/san-pham\/banner-q26pxlpq7\/","og_site_name":"OMANI VI\u1ec6T NAM","og_image":[{"width":478,"height":378,"url":"https:\/\/omanivietnam.com\/wp-content\/uploads\/2024\/10\/Q26PXLPQ7.png","type":"image\/png"}],"twitter_card":"summary_large_image","twitter_misc":{"\u01af\u1edbc t\u00ednh th\u1eddi gian \u0111\u1ecdc":"2 ph\u00fat"},"schema":{"@context":"https:\/\/schema.org","@graph":[{"@type":"WebPage","@id":"https:\/\/omanivietnam.com\/index.php\/san-pham\/banner-q26pxlpq7\/","url":"https:\/\/omanivietnam.com\/index.php\/san-pham\/banner-q26pxlpq7\/","name":"BANNER Q26PXLPQ7 - OMANI VI\u1ec6T NAM","isPartOf":{"@id":"https:\/\/omanivietnam.com\/#website"},"primaryImageOfPage":{"@id":"https:\/\/omanivietnam.com\/index.php\/san-pham\/banner-q26pxlpq7\/#primaryimage"},"image":{"@id":"https:\/\/omanivietnam.com\/index.php\/san-pham\/banner-q26pxlpq7\/#primaryimage"},"thumbnailUrl":"https:\/\/omanivietnam.com\/wp-content\/uploads\/2024\/10\/Q26PXLPQ7.png","datePublished":"2024-10-11T14:50:23+00:00","dateModified":"2024-10-11T14:50:23+00:00","breadcrumb":{"@id":"https:\/\/omanivietnam.com\/index.php\/san-pham\/banner-q26pxlpq7\/#breadcrumb"},"inLanguage":"vi","potentialAction":[{"@type":"ReadAction","target":["https:\/\/omanivietnam.com\/index.php\/san-pham\/banner-q26pxlpq7\/"]}]},{"@type":"ImageObject","inLanguage":"vi","@id":"https:\/\/omanivietnam.com\/index.php\/san-pham\/banner-q26pxlpq7\/#primaryimage","url":"https:\/\/omanivietnam.com\/wp-content\/uploads\/2024\/10\/Q26PXLPQ7.png","contentUrl":"https:\/\/omanivietnam.com\/wp-content\/uploads\/2024\/10\/Q26PXLPQ7.png","width":478,"height":378},{"@type":"BreadcrumbList","@id":"https:\/\/omanivietnam.com\/index.php\/san-pham\/banner-q26pxlpq7\/#breadcrumb","itemListElement":[{"@type":"ListItem","position":1,"name":"Home","item":"https:\/\/omanivietnam.com\/"},{"@type":"ListItem","position":2,"name":"S\u1ea2N PH\u1ea8M","item":"https:\/\/omanivietnam.com\/index.php\/cua-hang\/"},{"@type":"ListItem","position":3,"name":"BANNER Q26PXLPQ7"}]},{"@type":"WebSite","@id":"https:\/\/omanivietnam.com\/#website","url":"https:\/\/omanivietnam.com\/","name":"OMANI VI\u1ec6T NAM","description":"Nh\u00e0 ph\u00e2n ph\u1ed1i thi\u1ebft b\u1ecb kh\u00ed n\u00e9n v\u00e0 thi\u1ebft b\u1ecb t\u1ef1 \u0111\u1ed9ng h\u00f3a trong c\u00f4ng nghi\u1ec7p","publisher":{"@id":"https:\/\/omanivietnam.com\/#\/schema\/person\/0ad398a980dc3fd696111c2c5c8fa897"},"potentialAction":[{"@type":"SearchAction","target":{"@type":"EntryPoint","urlTemplate":"https:\/\/omanivietnam.com\/?s={search_term_string}"},"query-input":"required name=search_term_string"}],"inLanguage":"vi"},{"@type":["Person","Organization"],"@id":"https:\/\/omanivietnam.com\/#\/schema\/person\/0ad398a980dc3fd696111c2c5c8fa897","name":"Nguy\u1ec5n V\u0103n Kh\u00e1nh","image":{"@type":"ImageObject","inLanguage":"vi","@id":"https:\/\/omanivietnam.com\/#\/schema\/person\/image\/","url":"https:\/\/omanivietnam.com\/wp-content\/uploads\/2024\/06\/logo-1024x1024.png","contentUrl":"https:\/\/omanivietnam.com\/wp-content\/uploads\/2024\/06\/logo-1024x1024.png","width":1024,"height":1024,"caption":"Nguy\u1ec5n V\u0103n Kh\u00e1nh"},"logo":{"@id":"https:\/\/omanivietnam.com\/#\/schema\/person\/image\/"},"sameAs":["https:\/\/omanivietnam.com"]}]}},"_links":{"self":[{"href":"https:\/\/omanivietnam.com\/index.php\/wp-json\/wp\/v2\/product\/2090","targetHints":{"allow":["GET"]}}],"collection":[{"href":"https:\/\/omanivietnam.com\/index.php\/wp-json\/wp\/v2\/product"}],"about":[{"href":"https:\/\/omanivietnam.com\/index.php\/wp-json\/wp\/v2\/types\/product"}],"replies":[{"embeddable":true,"href":"https:\/\/omanivietnam.com\/index.php\/wp-json\/wp\/v2\/comments?post=2090"}],"wp:featuredmedia":[{"embeddable":true,"href":"https:\/\/omanivietnam.com\/index.php\/wp-json\/wp\/v2\/media\/2091"}],"wp:attachment":[{"href":"https:\/\/omanivietnam.com\/index.php\/wp-json\/wp\/v2\/media?parent=2090"}],"wp:term":[{"taxonomy":"product_cat","embeddable":true,"href":"https:\/\/omanivietnam.com\/index.php\/wp-json\/wp\/v2\/product_cat?post=2090"},{"taxonomy":"product_tag","embeddable":true,"href":"https:\/\/omanivietnam.com\/index.php\/wp-json\/wp\/v2\/product_tag?post=2090"}],"curies":[{"name":"wp","href":"https:\/\/api.w.org\/{rel}","templated":true}]}}