{"id":2105,"date":"2024-10-12T11:10:34","date_gmt":"2024-10-12T04:10:34","guid":{"rendered":"https:\/\/omanivietnam.com\/?post_type=product&#038;p=2105"},"modified":"2025-03-06T22:50:28","modified_gmt":"2025-03-06T15:50:28","slug":"mitsubishi-hf-kp73","status":"publish","type":"product","link":"https:\/\/omanivietnam.com\/index.php\/san-pham\/mitsubishi-hf-kp73\/","title":{"rendered":"MITSUBISHI HF-KP73"},"content":{"rendered":"<p>MITSUBISHI HF-KP73<\/p>\n<h3><strong>\u01afng d\u1ee5ng c\u00e1c s\u1ea3n ph\u1ea9m<\/strong><\/h3>\n<p>Motor servo HF-KP73 ho\u1ea1t \u0111\u1ed9ng \u00eam \u00e1i v\u00e0 \u0111\u1ed9 ch\u00ednh x\u00e1c cao, \u1ee9ng d\u1ee5ng \u0111i\u1ec1u khi\u1ec3n nh\u01b0 b\u0103ng t\u1ea3i, Robotic, \u0111i\u1ec1u khi\u1ec3n tr\u1ee5c X-Y, m\u00e1y m\u00f3c c\u00f4ng ngh\u1ec7 th\u1ef1c ph\u1ea9m, x\u1eed l\u00fd v\u1eadt li\u1ec7u, m\u00e1y c\u1ea5p cu\u1ed9n, m\u00e1y b\u1ed1c x\u1ebfp, m\u00e1y \u00e9p phun, trong ch\u1ebf t\u1ea1o m\u00e1y, v\u00e0 c\u00e1c h\u1ec7 th\u1ed1ng t\u1ef1 \u0111\u1ed9ng h\u00f3a c\u00f4ng nghi\u1ec7p.<\/p>\n<p><strong>Motor servo HF-KP73<br \/>\n<\/strong><\/p>\n<p>Motor\u00a0HF-KP73 thu\u1ed9c d\u00f2ng MR-J3 d\u00f2ng servo c\u1ea3i thi\u1ec7n hi\u1ec7u su\u1ea5t m\u00e1y. MR-J3 v\u1edbi thi\u1ebft k\u1ebf nh\u1ecf g\u1ecdn h\u01a1n MR-J2S. Th\u1eddi gian \u0111\u00e1p \u1ee9ng nhanh h\u01a1n, \u0111\u00e1p \u1ee9ng t\u1ea7n s\u1ed1 t\u1ed1c \u0111\u1ed9 \u0111\u01b0\u1ee3c t\u0103ng l\u00ean 2.1kHz, t\u0103ng t\u1ed1c \u0111\u1ed9 motor v\u00e0 moment xo\u00e1n. Ho\u1ea1t \u0111\u1ed9ng ch\u00ednh x\u00e1c cao, \u0111\u1ed9 ph\u00e2n gi\u1ea3i encoder \u0111\u01b0\u1ee3c c\u1ea3i thi\u1ec7n, jack n\u1ed1i d\u00e2y motor linh ho\u1ea1t.<\/p>\n<p><strong>Th\u00f4ng s\u1ed1 k\u1ef9 thu\u1eadt c\u01a1 b\u1ea3n Motor servo HF-KP73<\/strong><\/p>\n<ul>\n<li>Model:<strong>\u00a0HF-KP73<\/strong><\/li>\n<li>C\u00f4ng su\u1ea5t: 0.75 kW<\/li>\n<li>T\u1ed1c \u0111\u1ed9 t\u1ed1i \u0111a: 3000 v\u00f2ng\/ph\u00fat<\/li>\n<li>C\u00f3 th\u1eafng: C\u00f3<\/li>\n<li>B\u1ed9 m\u00e3 h\u00f3a v\u00f2ng quay encoder \u0111\u01b0\u1ee3c c\u1ea3i thi\u1ec7n \u0111\u1ebfn 262144p\/rev (18bit)<\/li>\n<li>T\u1ea7n s\u1ed1 \u0111\u00e1p \u1ee9ng c\u00f3 th\u1ec3 l\u00ean \u0111\u1ebfn 2.1kHz, \u0111\u00e1p \u1ee9ng y\u00eau c\u1ea7u cao c\u1ea5p c\u1ee7a m\u00e1y m\u00f3c<\/li>\n<li>Moment xo\u00e1n c\u00f3 th\u1ec3 t\u0103ng l\u00ean \u0111\u00ean 350%, t\u1ed1c \u0111\u1ed9 \u0111\u00e1p \u1ee9ng l\u00ean \u0111\u1ebfn 6000V\/P<\/li>\n<li>Jack n\u1ed1i motor servo c\u00f3 th\u1ec3 thay \u0111\u1ed5i chi\u1ec1u c\u1eafm, gi\u00fap linh ho\u1ea1t h\u01a1n khi l\u1eafp m\u00e1y<\/li>\n<li>Truy\u1ec1n th\u00f4ng \u0111\u01b0\u1ee3c t\u0103ng t\u1ed1c \u0111\u1ed9 l\u00ean SSCNETIII, gi\u00fap c\u1ea3i thi\u1ec7n hi\u1ec7u su\u1ea5t m\u00e1y<\/li>\n<li>D\u1ec5 d\u00e0ng \u0111i\u1ec1u ch\u1ec9nh, t\u1ed1i \u01b0u h\u00f3a ch\u1ee9c n\u0103ng c\u1ee7a m\u00e1y<\/li>\n<li>D\u00f2ng MR-J3-T t\u00edch h\u1ee3p truy\u1ec1n th\u00f4ng CC-link<\/li>\n<\/ul>\n<p><img decoding=\"async\" src=\"https:\/\/sp-ao.shortpixel.ai\/client\/to_webp,q_lossy,ret_img,w_548,h_425\/https:\/\/phucthinhautomation.vn\/wp-content\/uploads\/2023\/03\/Bang-huong-dan-chon-motor-cho-servo-MR-J3.jpg\" alt=\"B\u1ea3ng h\u01b0\u1edbng d\u1eabn ch\u1ecdn motor cho servo MR-J3\" \/><\/p>\n<p class=\"product_title entry-title\">\u0110\u1ed9ng c\u01a1 Servo Mitsubishi HF-KP73 0.75kW 220V<\/p>\n<table class=\"woocommerce-product-attributes shop_attributes\">\n<tbody>\n<tr>\n<td>Primary brand<\/td>\n<td>Mitsubishi Electric<\/td>\n<\/tr>\n<tr>\n<td>Main function<\/td>\n<td>AC servo motor<\/td>\n<\/tr>\n<tr>\n<td>Product series \/ family name<\/td>\n<td>MELSERVO J3 series<\/td>\n<\/tr>\n<tr>\n<td>Sub-range name<\/td>\n<td>HF-KP series<\/td>\n<\/tr>\n<tr>\n<td>Functions<\/td>\n<td>AC brushless rotary servo motor<\/td>\n<\/tr>\n<tr>\n<td>Design<\/td>\n<td>straight shaftbuilt-in absolute feedback encod. (18-bit)low inertia \/ small power capacity<\/td>\n<\/tr>\n<tr>\n<td>Supply voltage (AC)<\/td>\n<td>200Vac class<\/td>\n<\/tr>\n<tr>\n<td>Rated current<\/td>\n<td>5.2A<\/td>\n<\/tr>\n<tr>\n<td>Rated active power (kW)<\/td>\n<td>750W \/ 0.75kW<\/td>\n<\/tr>\n<tr>\n<td>Rotational speed<\/td>\n<td>3000rpm6000rpm (maximum)<\/td>\n<\/tr>\n<tr>\n<td>Torque<\/td>\n<td>2.4Nm nominal<\/td>\n<\/tr>\n<tr>\n<td>Maximum torque<\/td>\n<td>7.2Nm<\/td>\n<\/tr>\n<tr>\n<td>Moment of inertia<\/td>\n<td>0.000143kg.m2 (1.43kg.cm2)<\/td>\n<\/tr>\n<tr>\n<td>Net Height (mm)<\/td>\n<td>96 mm<\/td>\n<\/tr>\n<tr>\n<td>Net Width (mm)<\/td>\n<td>80 mm<\/td>\n<\/tr>\n<tr>\n<td>Net Depth (mm)<\/td>\n<td>153.8 mm<\/td>\n<\/tr>\n<tr>\n<td>Mounting mode<\/td>\n<td>80x80mm flange mounting<\/td>\n<\/tr>\n<tr>\n<td>Degree of protection<\/td>\n<td>IP65<\/td>\n<\/tr>\n<tr>\n<td>Dimensions<\/td>\n<td>H96mm x W80mm x D153.8mm<\/td>\n<\/tr>\n<tr>\n<td>Ambient air temperature for operation<\/td>\n<td>0\u2026+40 \u00b0C<\/td>\n<\/tr>\n<tr>\n<td>Ambient air temperature for storage<\/td>\n<td>-15\u00b0C\u2026+70 \u00b0C<\/td>\n<\/tr>\n<tr>\n<td>Maximum current<\/td>\n<td>15.6 A<\/td>\n<\/tr>\n<tr>\n<td>Order code \/ Manufacturer SKU<\/td>\n<td>HF-KP73<\/td>\n<\/tr>\n<tr>\n<td>Benefits<\/td>\n<td>taking advantage of the characteristics of a servo motor such as smallness and high-outputthis motor serves as a compact and high-output spindle motor which is capable of high-speed rotation 6000rpm<\/td>\n<\/tr>\n<\/tbody>\n<\/table>\n<p>&nbsp;<\/p>\n<p>&nbsp;<\/p>\n<h3><strong>\u0110\u1eb7c \u0111i\u1ec3m chung v\u1ec1 d\u00f2ng Servo MR-J3<\/strong><\/h3>\n<ul>\n<li>C\u00f4ng su\u1ea5t t\u1eeb 0.05 kW \u0111\u1ebfn 55 kW<\/li>\n<li>C\u00e1c d\u00f2ng servo trong h\u1ecd MR-J3: MR-J3-A: MR-J3-BSafety, MR-J3-S, MR-J3-B-RJ006, MR-J3-B-RJ004, MR-J3-T, MR-J3W-B<\/li>\n<li>K\u00edch th\u01b0\u1edbc \u0111\u1ed9ng c\u01a1 \u0111\u01b0\u1ee3c t\u1ed1i \u01b0u h\u00f3a, k\u00edch th\u01b0\u1edbc nh\u1ecf h\u01a1n so v\u1edbi d\u00f2ng MR-J2S<\/li>\n<li>C\u00e1c d\u00f2ng \u0111\u1ed9ng c\u01a1 c\u1ee7a MR-J3: HF-KP HF-MP, HF-SP, HF-JP, HC-LP, HC-RP, HC-UP, HA-LP, LM-H2, LM-F, LM-K2, LM-U2, TM-RFM<\/li>\n<li>B\u1ed9 m\u00e3 h\u00f3a v\u00f2ng quay encoder \u0111\u01b0\u1ee3c c\u1ea3i thi\u1ec7n \u0111\u1ed9 ph\u00e2n gi\u1ea3i l\u00ean \u0111\u1ebfn 262144p\/rev (18bit)<\/li>\n<li>CPU \u0111\u01b0\u1ee3c c\u1ea3i thi\u1ec7n hi\u1ec7u su\u1ea5t, gi\u00fap gi\u1ea3m th\u1eddi gian ph\u1ea3n h\u1ed3i v\u00f2ng l\u1eb7p v\u00e0 t\u0103ng t\u1ed1c \u0111\u1ed9 x\u1eed l\u00fd<\/li>\n<li>B\u1ed9 m\u00e3 h\u00f3a v\u00f2ng quay ti\u00eau chu\u1ea9n<\/li>\n<li>Truy\u1ec1n th\u00f4ng\u00a0<span class=\"fontstyle0\">SSCNET III<\/span>\u00a0t\u1ed1c \u0111\u1ed9 cao h\u01a1n, t\u0103ng kh\u1ea3 n\u0103ng x\u1eed l\u00fd nhanh v\u00e0 ch\u00ednh x\u00e1c trong ki\u1ec3m so\u00e1t<\/li>\n<li>Moment xo\u00e1n \u0111\u01b0\u1ee3c t\u0103ng l\u00ean \u0111\u1ebfn 350% \u0111\u1ed1i v\u1edbi series HF-KP<\/li>\n<\/ul>\n<h4><strong>B\u1ea3ng th\u00f4ng s\u1ed1 motor servo MR-J3:<\/strong><\/h4>\n<p>&nbsp;<\/p>\n<p><img decoding=\"async\" src=\"https:\/\/sp-ao.shortpixel.ai\/client\/to_webp,q_lossy,ret_img,w_637,h_343\/https:\/\/phucthinhautomation.vn\/wp-content\/uploads\/2023\/01\/Bang-chon-motor-cho-servo-MR-J3.jpg\" alt=\"B\u1ea3ng ch\u1ecdn motor cho servo MR-J3\" \/><\/p>\n<p>&nbsp;<\/p>\n<h4><strong>T\u00ednh n\u0103ng k\u1ef9 thu\u1eadt c\u01a1 b\u1ea3n Servo MR-J3<\/strong><\/h4>\n<ul>\n<li>\u0110a d\u1ea1ng c\u00e1c d\u00f2ng motor t\u1ed1i \u01b0u h\u00f3a cho t\u1eebng lo\u1ea1i m\u00e1y kh\u00e1c nhau, \u0111\u00e1p \u1ee9ng nhu c\u1ea7u truy\u1ec1n \u0111\u1ed9ng m\u00e1y, g\u1ed3m \u0111\u1ed9ng c\u01a1 quay v\u00e0 \u0111\u1ed9ng c\u01a1 tuy\u1ebfn t\u00ednh<\/li>\n<li>Ch\u1ee9c n\u0103ng b\u1ea3o v\u1ec7: B\u1ea3o v\u1ec7 qu\u00e1 d\u00f2ng, qu\u00e1 \u00e1p t\u00e1i sinh, qu\u00e1 t\u1ea3i, qu\u00e1 nhi\u1ec7t \u0111\u1ed9ng c\u01a1, l\u1ed7i encoder, b\u1ea3o v\u1ec7 th\u1ea5p \u00e1p, qu\u00e1 t\u1ea3i t\u00e1i sinh, m\u1ea5t \u0111i\u1ec7n \u0111\u1ed9t ng\u1ed9t, qu\u00e1 t\u1ed1c \u0111\u1ed9, \u2026<\/li>\n<li>T\u1ea7n s\u1ed1 xung \u0111\u1ea7u v\u00e0o t\u1ed1i \u0111a \u0111\u1ebfn\u00a0<span class=\"fontstyle0\">1Mpps<\/span><\/li>\n<li>\u0110\u1ed9 ph\u00e2n gi\u1ea3i encoder t\u0103ng l\u00ean 262144 p\/rev<\/li>\n<li>Kho\u1ea3ng ki\u1ec3m so\u00e1t v\u1ecb tr\u00ed t\u1eeb: 0 to \u00b165535 pulses<\/li>\n<li>Analog \u0111\u1ea7u v\u00e0o t\u1eeb 0\u00b110VDV cho kho\u1ea3ng t\u1eeb 0 \u0111\u1ebfn t\u1ed1c \u0111\u1ed9 \u0111\u1ecbnh m\u1ee9c ho\u1eb7c Moment xo\u00e1n \u0111\u1ecbnh m\u1ee9c (Torque)<\/li>\n<li>Ch\u1ebf \u0111\u1ed9 l\u00e0m m\u00e1t: G\u1ed3m \u0111\u1ebf nh\u00f4m v\u00e0 c\u00f3 qu\u1ea1t t\u00f9y model v\u00e0 c\u00f4ng su\u1ea5t<\/li>\n<li>Nhi\u1ec7t \u0111\u1ed9 ho\u1ea1t \u0111\u1ed9ng t\u1eeb 0 \u0111\u1ebfn 55\u00b0C, \u0111\u1ed9 \u1ea9m \u0111\u1ebfn 90% ( Kh\u00f4ng ng\u01b0ng t\u1ee5 )<\/li>\n<\/ul>\n<p>S\u1ea3n ph\u1ea9m c\u00f9ng lo\u1ea1i<\/p>\n<p>&nbsp;<\/p>\n","protected":false},"excerpt":{"rendered":"<p>MITSUBISHI HF-KP73 \u01afng d\u1ee5ng c\u00e1c s\u1ea3n ph\u1ea9m Motor servo HF-KP73 ho\u1ea1t \u0111\u1ed9ng \u00eam \u00e1i v\u00e0 \u0111\u1ed9 ch\u00ednh x\u00e1c cao, \u1ee9ng d\u1ee5ng \u0111i\u1ec1u khi\u1ec3n nh\u01b0 b\u0103ng t\u1ea3i, Robotic, \u0111i\u1ec1u khi\u1ec3n tr\u1ee5c X-Y, m\u00e1y m\u00f3c c\u00f4ng ngh\u1ec7 th\u1ef1c ph\u1ea9m, x\u1eed l\u00fd v\u1eadt li\u1ec7u, m\u00e1y c\u1ea5p cu\u1ed9n, m\u00e1y b\u1ed1c x\u1ebfp, m\u00e1y \u00e9p phun,&hellip; <\/p>\n","protected":false},"featured_media":2106,"comment_status":"open","ping_status":"closed","template":"","meta":[],"product_cat":[305],"product_tag":[158,120,157],"class_list":{"0":"post-2105","1":"product","2":"type-product","3":"status-publish","4":"has-post-thumbnail","6":"product_cat-mitsubishi","7":"product_tag-dai-ly-mitsubishi-viet-nam","8":"product_tag-dong-co","9":"product_tag-mitsubishi-viet-nam","11":"first","12":"instock","13":"shipping-taxable","14":"product-type-simple"},"yoast_head":"<!-- This site is optimized with the Yoast SEO plugin v22.8 - https:\/\/yoast.com\/wordpress\/plugins\/seo\/ -->\n<title>MITSUBISHI HF-KP73 - OMANI VI\u1ec6T NAM<\/title>\n<meta name=\"description\" content=\"Mitsubishi Servo Motor HF-KP73\" \/>\n<meta name=\"robots\" content=\"index, follow, max-snippet:-1, max-image-preview:large, max-video-preview:-1\" \/>\n<link rel=\"canonical\" href=\"https:\/\/omanivietnam.com\/index.php\/san-pham\/mitsubishi-hf-kp73\/\" \/>\n<meta property=\"og:locale\" content=\"vi_VN\" \/>\n<meta property=\"og:type\" content=\"article\" \/>\n<meta property=\"og:title\" content=\"MITSUBISHI HF-KP73 - OMANI VI\u1ec6T NAM\" \/>\n<meta property=\"og:description\" content=\"Mitsubishi Servo Motor HF-KP73\" \/>\n<meta property=\"og:url\" content=\"https:\/\/omanivietnam.com\/index.php\/san-pham\/mitsubishi-hf-kp73\/\" \/>\n<meta property=\"og:site_name\" content=\"OMANI VI\u1ec6T NAM\" \/>\n<meta property=\"article:modified_time\" content=\"2025-03-06T15:50:28+00:00\" \/>\n<meta property=\"og:image\" content=\"https:\/\/omanivietnam.com\/wp-content\/uploads\/2024\/10\/HF-KP73.png\" \/>\n\t<meta property=\"og:image:width\" content=\"603\" \/>\n\t<meta property=\"og:image:height\" content=\"588\" \/>\n\t<meta property=\"og:image:type\" content=\"image\/png\" \/>\n<meta name=\"twitter:card\" content=\"summary_large_image\" \/>\n<meta name=\"twitter:label1\" content=\"\u01af\u1edbc t\u00ednh th\u1eddi gian \u0111\u1ecdc\" \/>\n\t<meta name=\"twitter:data1\" content=\"5 ph\u00fat\" \/>\n<script type=\"application\/ld+json\" class=\"yoast-schema-graph\">{\"@context\":\"https:\/\/schema.org\",\"@graph\":[{\"@type\":\"WebPage\",\"@id\":\"https:\/\/omanivietnam.com\/index.php\/san-pham\/mitsubishi-hf-kp73\/\",\"url\":\"https:\/\/omanivietnam.com\/index.php\/san-pham\/mitsubishi-hf-kp73\/\",\"name\":\"MITSUBISHI HF-KP73 - OMANI VI\u1ec6T NAM\",\"isPartOf\":{\"@id\":\"https:\/\/omanivietnam.com\/#website\"},\"primaryImageOfPage\":{\"@id\":\"https:\/\/omanivietnam.com\/index.php\/san-pham\/mitsubishi-hf-kp73\/#primaryimage\"},\"image\":{\"@id\":\"https:\/\/omanivietnam.com\/index.php\/san-pham\/mitsubishi-hf-kp73\/#primaryimage\"},\"thumbnailUrl\":\"https:\/\/omanivietnam.com\/wp-content\/uploads\/2024\/10\/HF-KP73.png\",\"datePublished\":\"2024-10-12T04:10:34+00:00\",\"dateModified\":\"2025-03-06T15:50:28+00:00\",\"description\":\"Mitsubishi Servo Motor HF-KP73\",\"breadcrumb\":{\"@id\":\"https:\/\/omanivietnam.com\/index.php\/san-pham\/mitsubishi-hf-kp73\/#breadcrumb\"},\"inLanguage\":\"vi\",\"potentialAction\":[{\"@type\":\"ReadAction\",\"target\":[\"https:\/\/omanivietnam.com\/index.php\/san-pham\/mitsubishi-hf-kp73\/\"]}]},{\"@type\":\"ImageObject\",\"inLanguage\":\"vi\",\"@id\":\"https:\/\/omanivietnam.com\/index.php\/san-pham\/mitsubishi-hf-kp73\/#primaryimage\",\"url\":\"https:\/\/omanivietnam.com\/wp-content\/uploads\/2024\/10\/HF-KP73.png\",\"contentUrl\":\"https:\/\/omanivietnam.com\/wp-content\/uploads\/2024\/10\/HF-KP73.png\",\"width\":603,\"height\":588},{\"@type\":\"BreadcrumbList\",\"@id\":\"https:\/\/omanivietnam.com\/index.php\/san-pham\/mitsubishi-hf-kp73\/#breadcrumb\",\"itemListElement\":[{\"@type\":\"ListItem\",\"position\":1,\"name\":\"Home\",\"item\":\"https:\/\/omanivietnam.com\/\"},{\"@type\":\"ListItem\",\"position\":2,\"name\":\"S\u1ea2N PH\u1ea8M\",\"item\":\"https:\/\/omanivietnam.com\/index.php\/cua-hang\/\"},{\"@type\":\"ListItem\",\"position\":3,\"name\":\"MITSUBISHI HF-KP73\"}]},{\"@type\":\"WebSite\",\"@id\":\"https:\/\/omanivietnam.com\/#website\",\"url\":\"https:\/\/omanivietnam.com\/\",\"name\":\"OMANI VI\u1ec6T NAM\",\"description\":\"Nh\u00e0 ph\u00e2n ph\u1ed1i thi\u1ebft b\u1ecb kh\u00ed n\u00e9n v\u00e0 thi\u1ebft b\u1ecb t\u1ef1 \u0111\u1ed9ng h\u00f3a trong c\u00f4ng nghi\u1ec7p\",\"publisher\":{\"@id\":\"https:\/\/omanivietnam.com\/#\/schema\/person\/0ad398a980dc3fd696111c2c5c8fa897\"},\"potentialAction\":[{\"@type\":\"SearchAction\",\"target\":{\"@type\":\"EntryPoint\",\"urlTemplate\":\"https:\/\/omanivietnam.com\/?s={search_term_string}\"},\"query-input\":\"required name=search_term_string\"}],\"inLanguage\":\"vi\"},{\"@type\":[\"Person\",\"Organization\"],\"@id\":\"https:\/\/omanivietnam.com\/#\/schema\/person\/0ad398a980dc3fd696111c2c5c8fa897\",\"name\":\"Nguy\u1ec5n V\u0103n Kh\u00e1nh\",\"image\":{\"@type\":\"ImageObject\",\"inLanguage\":\"vi\",\"@id\":\"https:\/\/omanivietnam.com\/#\/schema\/person\/image\/\",\"url\":\"https:\/\/omanivietnam.com\/wp-content\/uploads\/2024\/06\/logo-1024x1024.png\",\"contentUrl\":\"https:\/\/omanivietnam.com\/wp-content\/uploads\/2024\/06\/logo-1024x1024.png\",\"width\":1024,\"height\":1024,\"caption\":\"Nguy\u1ec5n V\u0103n Kh\u00e1nh\"},\"logo\":{\"@id\":\"https:\/\/omanivietnam.com\/#\/schema\/person\/image\/\"},\"sameAs\":[\"https:\/\/omanivietnam.com\"]}]}<\/script>\n<!-- \/ Yoast SEO plugin. -->","yoast_head_json":{"title":"MITSUBISHI HF-KP73 - OMANI VI\u1ec6T NAM","description":"Mitsubishi Servo Motor HF-KP73","robots":{"index":"index","follow":"follow","max-snippet":"max-snippet:-1","max-image-preview":"max-image-preview:large","max-video-preview":"max-video-preview:-1"},"canonical":"https:\/\/omanivietnam.com\/index.php\/san-pham\/mitsubishi-hf-kp73\/","og_locale":"vi_VN","og_type":"article","og_title":"MITSUBISHI HF-KP73 - OMANI VI\u1ec6T NAM","og_description":"Mitsubishi Servo Motor HF-KP73","og_url":"https:\/\/omanivietnam.com\/index.php\/san-pham\/mitsubishi-hf-kp73\/","og_site_name":"OMANI VI\u1ec6T NAM","article_modified_time":"2025-03-06T15:50:28+00:00","og_image":[{"width":603,"height":588,"url":"https:\/\/omanivietnam.com\/wp-content\/uploads\/2024\/10\/HF-KP73.png","type":"image\/png"}],"twitter_card":"summary_large_image","twitter_misc":{"\u01af\u1edbc t\u00ednh th\u1eddi gian \u0111\u1ecdc":"5 ph\u00fat"},"schema":{"@context":"https:\/\/schema.org","@graph":[{"@type":"WebPage","@id":"https:\/\/omanivietnam.com\/index.php\/san-pham\/mitsubishi-hf-kp73\/","url":"https:\/\/omanivietnam.com\/index.php\/san-pham\/mitsubishi-hf-kp73\/","name":"MITSUBISHI HF-KP73 - OMANI VI\u1ec6T NAM","isPartOf":{"@id":"https:\/\/omanivietnam.com\/#website"},"primaryImageOfPage":{"@id":"https:\/\/omanivietnam.com\/index.php\/san-pham\/mitsubishi-hf-kp73\/#primaryimage"},"image":{"@id":"https:\/\/omanivietnam.com\/index.php\/san-pham\/mitsubishi-hf-kp73\/#primaryimage"},"thumbnailUrl":"https:\/\/omanivietnam.com\/wp-content\/uploads\/2024\/10\/HF-KP73.png","datePublished":"2024-10-12T04:10:34+00:00","dateModified":"2025-03-06T15:50:28+00:00","description":"Mitsubishi Servo Motor HF-KP73","breadcrumb":{"@id":"https:\/\/omanivietnam.com\/index.php\/san-pham\/mitsubishi-hf-kp73\/#breadcrumb"},"inLanguage":"vi","potentialAction":[{"@type":"ReadAction","target":["https:\/\/omanivietnam.com\/index.php\/san-pham\/mitsubishi-hf-kp73\/"]}]},{"@type":"ImageObject","inLanguage":"vi","@id":"https:\/\/omanivietnam.com\/index.php\/san-pham\/mitsubishi-hf-kp73\/#primaryimage","url":"https:\/\/omanivietnam.com\/wp-content\/uploads\/2024\/10\/HF-KP73.png","contentUrl":"https:\/\/omanivietnam.com\/wp-content\/uploads\/2024\/10\/HF-KP73.png","width":603,"height":588},{"@type":"BreadcrumbList","@id":"https:\/\/omanivietnam.com\/index.php\/san-pham\/mitsubishi-hf-kp73\/#breadcrumb","itemListElement":[{"@type":"ListItem","position":1,"name":"Home","item":"https:\/\/omanivietnam.com\/"},{"@type":"ListItem","position":2,"name":"S\u1ea2N PH\u1ea8M","item":"https:\/\/omanivietnam.com\/index.php\/cua-hang\/"},{"@type":"ListItem","position":3,"name":"MITSUBISHI HF-KP73"}]},{"@type":"WebSite","@id":"https:\/\/omanivietnam.com\/#website","url":"https:\/\/omanivietnam.com\/","name":"OMANI VI\u1ec6T NAM","description":"Nh\u00e0 ph\u00e2n ph\u1ed1i thi\u1ebft b\u1ecb kh\u00ed n\u00e9n v\u00e0 thi\u1ebft b\u1ecb t\u1ef1 \u0111\u1ed9ng h\u00f3a trong c\u00f4ng nghi\u1ec7p","publisher":{"@id":"https:\/\/omanivietnam.com\/#\/schema\/person\/0ad398a980dc3fd696111c2c5c8fa897"},"potentialAction":[{"@type":"SearchAction","target":{"@type":"EntryPoint","urlTemplate":"https:\/\/omanivietnam.com\/?s={search_term_string}"},"query-input":"required name=search_term_string"}],"inLanguage":"vi"},{"@type":["Person","Organization"],"@id":"https:\/\/omanivietnam.com\/#\/schema\/person\/0ad398a980dc3fd696111c2c5c8fa897","name":"Nguy\u1ec5n V\u0103n Kh\u00e1nh","image":{"@type":"ImageObject","inLanguage":"vi","@id":"https:\/\/omanivietnam.com\/#\/schema\/person\/image\/","url":"https:\/\/omanivietnam.com\/wp-content\/uploads\/2024\/06\/logo-1024x1024.png","contentUrl":"https:\/\/omanivietnam.com\/wp-content\/uploads\/2024\/06\/logo-1024x1024.png","width":1024,"height":1024,"caption":"Nguy\u1ec5n V\u0103n Kh\u00e1nh"},"logo":{"@id":"https:\/\/omanivietnam.com\/#\/schema\/person\/image\/"},"sameAs":["https:\/\/omanivietnam.com"]}]}},"_links":{"self":[{"href":"https:\/\/omanivietnam.com\/index.php\/wp-json\/wp\/v2\/product\/2105","targetHints":{"allow":["GET"]}}],"collection":[{"href":"https:\/\/omanivietnam.com\/index.php\/wp-json\/wp\/v2\/product"}],"about":[{"href":"https:\/\/omanivietnam.com\/index.php\/wp-json\/wp\/v2\/types\/product"}],"replies":[{"embeddable":true,"href":"https:\/\/omanivietnam.com\/index.php\/wp-json\/wp\/v2\/comments?post=2105"}],"wp:featuredmedia":[{"embeddable":true,"href":"https:\/\/omanivietnam.com\/index.php\/wp-json\/wp\/v2\/media\/2106"}],"wp:attachment":[{"href":"https:\/\/omanivietnam.com\/index.php\/wp-json\/wp\/v2\/media?parent=2105"}],"wp:term":[{"taxonomy":"product_cat","embeddable":true,"href":"https:\/\/omanivietnam.com\/index.php\/wp-json\/wp\/v2\/product_cat?post=2105"},{"taxonomy":"product_tag","embeddable":true,"href":"https:\/\/omanivietnam.com\/index.php\/wp-json\/wp\/v2\/product_tag?post=2105"}],"curies":[{"name":"wp","href":"https:\/\/api.w.org\/{rel}","templated":true}]}}