{"id":2117,"date":"2024-10-13T06:08:25","date_gmt":"2024-10-12T23:08:25","guid":{"rendered":"https:\/\/omanivietnam.com\/?post_type=product&#038;p=2117"},"modified":"2024-10-13T06:09:26","modified_gmt":"2024-10-12T23:09:26","slug":"fuji-v808icd-024","status":"publish","type":"product","link":"https:\/\/omanivietnam.com\/index.php\/san-pham\/fuji-v808icd-024\/","title":{"rendered":"FUJI V808iCD-024"},"content":{"rendered":"<p>FUJI V808iCD-024<\/p>\n<p>Product specifications<\/p>\n<div id=\"product-specs\" class=\"col-md-6 col-sm-12\">\n<div class=\"product-specifications-wrapper product-truncate\">\n<div class=\"product-specification-table product-truncate-content truncate-description show-less\">\n<table class=\"table table-striped\">\n<caption class=\"sr-only\">Specifications<\/caption>\n<tbody>\n<tr>\n<th scope=\"row\">Product number<\/th>\n<td>V808ICD024<\/td>\n<\/tr>\n<tr class=\"product-specs-manufacturer\">\n<th scope=\"row\">Brand<\/th>\n<td>FUJI ELECTRIC<\/td>\n<\/tr>\n<tr>\n<th scope=\"row\">Category<\/th>\n<td>HMI<\/td>\n<\/tr>\n<tr>\n<th scope=\"row\">Description<\/th>\n<td>PANEL<\/td>\n<\/tr>\n<tr>\n<th scope=\"row\">Height<\/th>\n<td>70 mm<\/td>\n<\/tr>\n<tr>\n<th scope=\"row\">Length<\/th>\n<td>230 mm<\/td>\n<\/tr>\n<tr>\n<th scope=\"row\">Weight<\/th>\n<td>1,25 kg<\/td>\n<\/tr>\n<tr>\n<th scope=\"row\">Width<\/th>\n<td>180 mm<\/td>\n<\/tr>\n<\/tbody>\n<\/table>\n<\/div>\n<\/div>\n<\/div>\n<div class=\"title--wrap--NWOaiSp description--title--NMh4UiD\">\n<div class=\"title--text--Otu0bLr\">\n<p class=\"title--title--O6xcB1q\" data-spm-anchor-id=\"a2g0o.detail.0.i9.1a9a1P6A1P6AFl\">Description<\/p>\n<\/div>\n<\/div>\n<div>\n<div class=\"extend--content--VuIQZia\">\n<div id=\"product-description\" class=\"description--product-description--Mjtql28\" data-spm=\"1000023\" data-pl=\"product-description\">\n<div class=\"description--origin-part--rWy05pE\">\n<div class=\"detailmodule_html\">\n<div class=\"detail-desc-decorate-richtext\">\n<div align=\"center\">LCD Display for FUJI MONITOUCH V808CH V808iCH V808SD V808iSD V808CD V808iCD LCD Display Panel<\/div>\n<\/div>\n<div align=\"center\">\n<div class=\"title--wrap--NWOaiSp\">\n<div class=\"title--text--Otu0bLr\">\n<p class=\"title--title--O6xcB1q\" style=\"text-align: left\" data-spm-anchor-id=\"a2g0o.detail.0.i10.1a9a1P6A1P6AFl\">Specifications<\/p>\n<\/div>\n<\/div>\n<ul class=\"specification--list--GZuXzRX\" style=\"text-align: left\">\n<li class=\"specification--line--IXeRJI7\">\n<div class=\"specification--prop--Jh28bKu\">\n<div class=\"specification--title--SfH3sA8\">Color<\/div>\n<div class=\"specification--desc--Dxx6W0W\" title=\"black\">black<\/div>\n<\/div>\n<div class=\"specification--prop--Jh28bKu\">\n<div class=\"specification--title--SfH3sA8\">Package<\/div>\n<div class=\"specification--desc--Dxx6W0W\" title=\"Yes\">Yes<\/div>\n<\/div>\n<\/li>\n<li class=\"specification--line--IXeRJI7\">\n<div class=\"specification--prop--Jh28bKu\">\n<div class=\"specification--title--SfH3sA8\">Model Number<\/div>\n<div class=\"specification--desc--Dxx6W0W\" title=\"FUJI MONITOUCH V808CH V808iCH V808SD V808iSD V808CD V808iCD\">FUJI MONITOUCH V808CH V808iCH V808SD V808iSD V808CD V808iCD<\/div>\n<\/div>\n<div class=\"specification--prop--Jh28bKu\">\n<div class=\"specification--title--SfH3sA8\">Type<\/div>\n<div class=\"specification--desc--Dxx6W0W\" title=\"Industrial Computer Accessories\"><span data-spm-anchor-id=\"a2g0o.detail.0.i11.1a9a1P6A1P6AFl\">Industrial Computer Accessories<\/span><\/div>\n<\/div>\n<\/li>\n<li class=\"specification--line--IXeRJI7\">\n<div class=\"specification--prop--Jh28bKu\">\n<div class=\"specification--title--SfH3sA8\">Brand Name<\/div>\n<div class=\"specification--desc--Dxx6W0W\" title=\"ADATOUCH\">ADATOUCH<\/div>\n<\/div>\n<div class=\"specification--prop--Jh28bKu\">\n<div class=\"specification--title--SfH3sA8\">Origin<\/div>\n<div class=\"specification--desc--Dxx6W0W\" title=\"Mainland China\">Mainland China<\/div>\n<\/div>\n<\/li>\n<li class=\"specification--line--IXeRJI7\">\n<div class=\"specification--prop--Jh28bKu\">\n<div class=\"specification--title--SfH3sA8\">Certification<\/div>\n<div class=\"specification--desc--Dxx6W0W\" title=\"none\">none<\/div>\n<\/div>\n<div class=\"specification--prop--Jh28bKu\">\n<div class=\"specification--title--SfH3sA8\"><span data-spm-anchor-id=\"a2g0o.detail.0.i15.1a9a1P6A1P6AFl\">Condition<\/span><\/div>\n<div class=\"specification--desc--Dxx6W0W\" title=\"Used &amp; Original\">Used &amp; Original<\/div>\n<\/div>\n<\/li>\n<li class=\"specification--line--IXeRJI7\">\n<div class=\"specification--prop--Jh28bKu\">\n<div class=\"specification--title--SfH3sA8\">Warranty<\/div>\n<div class=\"specification--desc--Dxx6W0W\" title=\"6 months\">12 months<\/div>\n<\/div>\n<div class=\"specification--prop--Jh28bKu\">\n<div class=\"specification--title--SfH3sA8\">is_customized<\/div>\n<div class=\"specification--desc--Dxx6W0W\" title=\"Yes\">Yes<\/div>\n<\/div>\n<\/li>\n<li class=\"specification--line--IXeRJI7\">\n<div class=\"specification--prop--Jh28bKu\">\n<div class=\"specification--title--SfH3sA8\">Products Status<\/div>\n<div class=\"specification--desc--Dxx6W0W\" title=\"In Stock\">In Stock<\/div>\n<\/div>\n<div title=\"In Stock\"><\/div>\n<\/li>\n<\/ul>\n<\/div>\n<div class=\"col-md-6 col-sm-12\">C\u00e1c m\u00e3 h\u00e0ng t\u01b0\u01a1ng t\u1ef1<\/div>\n<div class=\"detail-desc-decorate-richtext\">\n<div style=\"text-align: left\" align=\"center\"><\/div>\n<\/div>\n<\/div>\n<\/div>\n<\/div>\n<\/div>\n<\/div>\n<p>M\u00e0n h\u00ecnh HMI Fuji UG Series:\u00a0UG630H-XH4, UG630H-XH, UG530H-VS1,UG530H-VS,\u00a0UG530H-VH1, UG530H-VS4, UG530H-VH4, UG430H-TS1, UG430H-TH1, UG430H-TH4, UG430H-TS4, UG430H-VS1, UG430H-TH1, UG430H-TS4, UG430H-TH4, UG430H-VS1, UG430H-VH1, UG430H-VS4, UG330H-VH4, UG330H-SS4, UG230H-SS4D, UG330H-VS; UG330H-SS; UG230H-TSUG230H-SS; UG230H-LS; UG221H-SR; UG221H-LR; UG221H-LE<\/p>\n<p>Monitouch HMI Hakko Fuji V8 Series:\u00a0V815iX, V815iXD, V812iS, V812S, V810iS, V810S, V810iT, V810T, V810C,V808Icd, V808S, V806iMD, V806MD; V808iCH ; V808CH ; V808iTD ; V808TD<\/p>\n<p>&nbsp;<\/p>\n<p>\u0110\u1ea1i l\u00fd FUJI vietnam,FUJI viet nam, FUJI vietnam distributor, Ph\u00e2n ph\u1ed1i FUJI t\u1ea1i vi\u1ec7t nam<\/p>\n<p>\u0110\u1ea1i l\u00fd FUJI vietnam,FUJI viet nam, FUJI vietnam distributor, Ph\u00e2n ph\u1ed1i FUJI t\u1ea1i vi\u1ec7t nam<\/p>\n<p>\u0110\u1ea1i l\u00fd FUJI vietnam,FUJI viet nam, FUJI vietnam distributor, Ph\u00e2n ph\u1ed1i FUJI t\u1ea1i vi\u1ec7t nam<\/p>\n<p>\u0110\u1ea1i l\u00fd FUJI vietnam,FUJI viet nam, FUJI vietnam distributor, Ph\u00e2n ph\u1ed1i FUJI t\u1ea1i vi\u1ec7t nam<\/p>\n<p>\u0110\u1ea1i l\u00fd FUJI vietnam,FUJI viet nam, FUJI vietnam distributor, Ph\u00e2n ph\u1ed1i FUJI t\u1ea1i vi\u1ec7t nam<\/p>\n","protected":false},"excerpt":{"rendered":"<p>FUJI V808iCD-024 Product specifications Specifications Product number V808ICD024 Brand FUJI ELECTRIC Category HMI Description PANEL Height 70 mm Length 230 mm Weight 1,25 kg Width 180 mm Description LCD Display for FUJI MONITOUCH V808CH V808iCH V808SD V808iSD V808CD V808iCD LCD Display Panel Specifications Color black Package Yes Model Number FUJI&hellip; <\/p>\n","protected":false},"featured_media":2118,"comment_status":"open","ping_status":"closed","template":"","meta":[],"product_cat":[457],"product_tag":[459,458,212],"class_list":{"0":"post-2117","1":"product","2":"type-product","3":"status-publish","4":"has-post-thumbnail","6":"product_cat-fuji","7":"product_tag-dai-ly-fuji-viet-nam","8":"product_tag-fuji-viet-nam","9":"product_tag-man-hinh","11":"first","12":"instock","13":"shipping-taxable","14":"product-type-simple"},"yoast_head":"<!-- This site is optimized with the Yoast SEO plugin v22.8 - https:\/\/yoast.com\/wordpress\/plugins\/seo\/ -->\n<title>FUJI V808iCD-024 - OMANI VI\u1ec6T NAM<\/title>\n<meta name=\"robots\" content=\"index, follow, max-snippet:-1, max-image-preview:large, max-video-preview:-1\" \/>\n<link rel=\"canonical\" href=\"https:\/\/omanivietnam.com\/index.php\/san-pham\/fuji-v808icd-024\/\" \/>\n<meta property=\"og:locale\" content=\"vi_VN\" \/>\n<meta property=\"og:type\" content=\"article\" \/>\n<meta property=\"og:title\" content=\"FUJI V808iCD-024 - OMANI VI\u1ec6T NAM\" \/>\n<meta property=\"og:description\" content=\"FUJI V808iCD-024 Product specifications Specifications Product number V808ICD024 Brand FUJI ELECTRIC Category HMI Description PANEL Height 70 mm Length 230 mm Weight 1,25 kg Width 180 mm Description LCD Display for FUJI MONITOUCH V808CH V808iCH V808SD V808iSD V808CD V808iCD LCD Display Panel Specifications Color black Package Yes Model Number FUJI&hellip;\" \/>\n<meta property=\"og:url\" content=\"https:\/\/omanivietnam.com\/index.php\/san-pham\/fuji-v808icd-024\/\" \/>\n<meta property=\"og:site_name\" content=\"OMANI VI\u1ec6T NAM\" \/>\n<meta property=\"article:modified_time\" content=\"2024-10-12T23:09:26+00:00\" \/>\n<meta property=\"og:image\" content=\"https:\/\/omanivietnam.com\/wp-content\/uploads\/2024\/10\/V808iCD-024.png\" \/>\n\t<meta property=\"og:image:width\" content=\"1371\" \/>\n\t<meta property=\"og:image:height\" content=\"927\" \/>\n\t<meta property=\"og:image:type\" content=\"image\/png\" \/>\n<meta name=\"twitter:card\" content=\"summary_large_image\" \/>\n<meta name=\"twitter:label1\" content=\"\u01af\u1edbc t\u00ednh th\u1eddi gian \u0111\u1ecdc\" \/>\n\t<meta name=\"twitter:data1\" content=\"2 ph\u00fat\" \/>\n<script type=\"application\/ld+json\" class=\"yoast-schema-graph\">{\"@context\":\"https:\/\/schema.org\",\"@graph\":[{\"@type\":\"WebPage\",\"@id\":\"https:\/\/omanivietnam.com\/index.php\/san-pham\/fuji-v808icd-024\/\",\"url\":\"https:\/\/omanivietnam.com\/index.php\/san-pham\/fuji-v808icd-024\/\",\"name\":\"FUJI V808iCD-024 - OMANI VI\u1ec6T NAM\",\"isPartOf\":{\"@id\":\"https:\/\/omanivietnam.com\/#website\"},\"primaryImageOfPage\":{\"@id\":\"https:\/\/omanivietnam.com\/index.php\/san-pham\/fuji-v808icd-024\/#primaryimage\"},\"image\":{\"@id\":\"https:\/\/omanivietnam.com\/index.php\/san-pham\/fuji-v808icd-024\/#primaryimage\"},\"thumbnailUrl\":\"https:\/\/omanivietnam.com\/wp-content\/uploads\/2024\/10\/V808iCD-024.png\",\"datePublished\":\"2024-10-12T23:08:25+00:00\",\"dateModified\":\"2024-10-12T23:09:26+00:00\",\"breadcrumb\":{\"@id\":\"https:\/\/omanivietnam.com\/index.php\/san-pham\/fuji-v808icd-024\/#breadcrumb\"},\"inLanguage\":\"vi\",\"potentialAction\":[{\"@type\":\"ReadAction\",\"target\":[\"https:\/\/omanivietnam.com\/index.php\/san-pham\/fuji-v808icd-024\/\"]}]},{\"@type\":\"ImageObject\",\"inLanguage\":\"vi\",\"@id\":\"https:\/\/omanivietnam.com\/index.php\/san-pham\/fuji-v808icd-024\/#primaryimage\",\"url\":\"https:\/\/omanivietnam.com\/wp-content\/uploads\/2024\/10\/V808iCD-024.png\",\"contentUrl\":\"https:\/\/omanivietnam.com\/wp-content\/uploads\/2024\/10\/V808iCD-024.png\",\"width\":1371,\"height\":927},{\"@type\":\"BreadcrumbList\",\"@id\":\"https:\/\/omanivietnam.com\/index.php\/san-pham\/fuji-v808icd-024\/#breadcrumb\",\"itemListElement\":[{\"@type\":\"ListItem\",\"position\":1,\"name\":\"Home\",\"item\":\"https:\/\/omanivietnam.com\/\"},{\"@type\":\"ListItem\",\"position\":2,\"name\":\"S\u1ea2N PH\u1ea8M\",\"item\":\"https:\/\/omanivietnam.com\/index.php\/cua-hang\/\"},{\"@type\":\"ListItem\",\"position\":3,\"name\":\"FUJI V808iCD-024\"}]},{\"@type\":\"WebSite\",\"@id\":\"https:\/\/omanivietnam.com\/#website\",\"url\":\"https:\/\/omanivietnam.com\/\",\"name\":\"OMANI VI\u1ec6T NAM\",\"description\":\"Nh\u00e0 ph\u00e2n ph\u1ed1i thi\u1ebft b\u1ecb kh\u00ed n\u00e9n v\u00e0 thi\u1ebft b\u1ecb t\u1ef1 \u0111\u1ed9ng h\u00f3a trong c\u00f4ng nghi\u1ec7p\",\"publisher\":{\"@id\":\"https:\/\/omanivietnam.com\/#\/schema\/person\/0ad398a980dc3fd696111c2c5c8fa897\"},\"potentialAction\":[{\"@type\":\"SearchAction\",\"target\":{\"@type\":\"EntryPoint\",\"urlTemplate\":\"https:\/\/omanivietnam.com\/?s={search_term_string}\"},\"query-input\":\"required name=search_term_string\"}],\"inLanguage\":\"vi\"},{\"@type\":[\"Person\",\"Organization\"],\"@id\":\"https:\/\/omanivietnam.com\/#\/schema\/person\/0ad398a980dc3fd696111c2c5c8fa897\",\"name\":\"Nguy\u1ec5n V\u0103n Kh\u00e1nh\",\"image\":{\"@type\":\"ImageObject\",\"inLanguage\":\"vi\",\"@id\":\"https:\/\/omanivietnam.com\/#\/schema\/person\/image\/\",\"url\":\"https:\/\/omanivietnam.com\/wp-content\/uploads\/2024\/06\/logo-1024x1024.png\",\"contentUrl\":\"https:\/\/omanivietnam.com\/wp-content\/uploads\/2024\/06\/logo-1024x1024.png\",\"width\":1024,\"height\":1024,\"caption\":\"Nguy\u1ec5n V\u0103n Kh\u00e1nh\"},\"logo\":{\"@id\":\"https:\/\/omanivietnam.com\/#\/schema\/person\/image\/\"},\"sameAs\":[\"https:\/\/omanivietnam.com\"]}]}<\/script>\n<!-- \/ Yoast SEO plugin. -->","yoast_head_json":{"title":"FUJI V808iCD-024 - OMANI VI\u1ec6T NAM","robots":{"index":"index","follow":"follow","max-snippet":"max-snippet:-1","max-image-preview":"max-image-preview:large","max-video-preview":"max-video-preview:-1"},"canonical":"https:\/\/omanivietnam.com\/index.php\/san-pham\/fuji-v808icd-024\/","og_locale":"vi_VN","og_type":"article","og_title":"FUJI V808iCD-024 - OMANI VI\u1ec6T NAM","og_description":"FUJI V808iCD-024 Product specifications Specifications Product number V808ICD024 Brand FUJI ELECTRIC Category HMI Description PANEL Height 70 mm Length 230 mm Weight 1,25 kg Width 180 mm Description LCD Display for FUJI MONITOUCH V808CH V808iCH V808SD V808iSD V808CD V808iCD LCD Display Panel Specifications Color black Package Yes Model Number FUJI&hellip;","og_url":"https:\/\/omanivietnam.com\/index.php\/san-pham\/fuji-v808icd-024\/","og_site_name":"OMANI VI\u1ec6T NAM","article_modified_time":"2024-10-12T23:09:26+00:00","og_image":[{"width":1371,"height":927,"url":"https:\/\/omanivietnam.com\/wp-content\/uploads\/2024\/10\/V808iCD-024.png","type":"image\/png"}],"twitter_card":"summary_large_image","twitter_misc":{"\u01af\u1edbc t\u00ednh th\u1eddi gian \u0111\u1ecdc":"2 ph\u00fat"},"schema":{"@context":"https:\/\/schema.org","@graph":[{"@type":"WebPage","@id":"https:\/\/omanivietnam.com\/index.php\/san-pham\/fuji-v808icd-024\/","url":"https:\/\/omanivietnam.com\/index.php\/san-pham\/fuji-v808icd-024\/","name":"FUJI V808iCD-024 - OMANI VI\u1ec6T NAM","isPartOf":{"@id":"https:\/\/omanivietnam.com\/#website"},"primaryImageOfPage":{"@id":"https:\/\/omanivietnam.com\/index.php\/san-pham\/fuji-v808icd-024\/#primaryimage"},"image":{"@id":"https:\/\/omanivietnam.com\/index.php\/san-pham\/fuji-v808icd-024\/#primaryimage"},"thumbnailUrl":"https:\/\/omanivietnam.com\/wp-content\/uploads\/2024\/10\/V808iCD-024.png","datePublished":"2024-10-12T23:08:25+00:00","dateModified":"2024-10-12T23:09:26+00:00","breadcrumb":{"@id":"https:\/\/omanivietnam.com\/index.php\/san-pham\/fuji-v808icd-024\/#breadcrumb"},"inLanguage":"vi","potentialAction":[{"@type":"ReadAction","target":["https:\/\/omanivietnam.com\/index.php\/san-pham\/fuji-v808icd-024\/"]}]},{"@type":"ImageObject","inLanguage":"vi","@id":"https:\/\/omanivietnam.com\/index.php\/san-pham\/fuji-v808icd-024\/#primaryimage","url":"https:\/\/omanivietnam.com\/wp-content\/uploads\/2024\/10\/V808iCD-024.png","contentUrl":"https:\/\/omanivietnam.com\/wp-content\/uploads\/2024\/10\/V808iCD-024.png","width":1371,"height":927},{"@type":"BreadcrumbList","@id":"https:\/\/omanivietnam.com\/index.php\/san-pham\/fuji-v808icd-024\/#breadcrumb","itemListElement":[{"@type":"ListItem","position":1,"name":"Home","item":"https:\/\/omanivietnam.com\/"},{"@type":"ListItem","position":2,"name":"S\u1ea2N PH\u1ea8M","item":"https:\/\/omanivietnam.com\/index.php\/cua-hang\/"},{"@type":"ListItem","position":3,"name":"FUJI V808iCD-024"}]},{"@type":"WebSite","@id":"https:\/\/omanivietnam.com\/#website","url":"https:\/\/omanivietnam.com\/","name":"OMANI VI\u1ec6T NAM","description":"Nh\u00e0 ph\u00e2n ph\u1ed1i thi\u1ebft b\u1ecb kh\u00ed n\u00e9n v\u00e0 thi\u1ebft b\u1ecb t\u1ef1 \u0111\u1ed9ng h\u00f3a trong c\u00f4ng nghi\u1ec7p","publisher":{"@id":"https:\/\/omanivietnam.com\/#\/schema\/person\/0ad398a980dc3fd696111c2c5c8fa897"},"potentialAction":[{"@type":"SearchAction","target":{"@type":"EntryPoint","urlTemplate":"https:\/\/omanivietnam.com\/?s={search_term_string}"},"query-input":"required name=search_term_string"}],"inLanguage":"vi"},{"@type":["Person","Organization"],"@id":"https:\/\/omanivietnam.com\/#\/schema\/person\/0ad398a980dc3fd696111c2c5c8fa897","name":"Nguy\u1ec5n V\u0103n Kh\u00e1nh","image":{"@type":"ImageObject","inLanguage":"vi","@id":"https:\/\/omanivietnam.com\/#\/schema\/person\/image\/","url":"https:\/\/omanivietnam.com\/wp-content\/uploads\/2024\/06\/logo-1024x1024.png","contentUrl":"https:\/\/omanivietnam.com\/wp-content\/uploads\/2024\/06\/logo-1024x1024.png","width":1024,"height":1024,"caption":"Nguy\u1ec5n V\u0103n Kh\u00e1nh"},"logo":{"@id":"https:\/\/omanivietnam.com\/#\/schema\/person\/image\/"},"sameAs":["https:\/\/omanivietnam.com"]}]}},"_links":{"self":[{"href":"https:\/\/omanivietnam.com\/index.php\/wp-json\/wp\/v2\/product\/2117","targetHints":{"allow":["GET"]}}],"collection":[{"href":"https:\/\/omanivietnam.com\/index.php\/wp-json\/wp\/v2\/product"}],"about":[{"href":"https:\/\/omanivietnam.com\/index.php\/wp-json\/wp\/v2\/types\/product"}],"replies":[{"embeddable":true,"href":"https:\/\/omanivietnam.com\/index.php\/wp-json\/wp\/v2\/comments?post=2117"}],"wp:featuredmedia":[{"embeddable":true,"href":"https:\/\/omanivietnam.com\/index.php\/wp-json\/wp\/v2\/media\/2118"}],"wp:attachment":[{"href":"https:\/\/omanivietnam.com\/index.php\/wp-json\/wp\/v2\/media?parent=2117"}],"wp:term":[{"taxonomy":"product_cat","embeddable":true,"href":"https:\/\/omanivietnam.com\/index.php\/wp-json\/wp\/v2\/product_cat?post=2117"},{"taxonomy":"product_tag","embeddable":true,"href":"https:\/\/omanivietnam.com\/index.php\/wp-json\/wp\/v2\/product_tag?post=2117"}],"curies":[{"name":"wp","href":"https:\/\/api.w.org\/{rel}","templated":true}]}}