{"id":2124,"date":"2024-10-13T09:34:56","date_gmt":"2024-10-13T02:34:56","guid":{"rendered":"https:\/\/omanivietnam.com\/?post_type=product&#038;p=2124"},"modified":"2025-04-22T21:22:39","modified_gmt":"2025-04-22T14:22:39","slug":"pilz-pnoz-mo1p-773500","status":"publish","type":"product","link":"https:\/\/omanivietnam.com\/index.php\/san-pham\/pilz-pnoz-mo1p-773500\/","title":{"rendered":"PILZ PNOZ Mo1P  773500"},"content":{"rendered":"<p>PILZ PNOZ Mo1P 773500<\/p>\n<p>Thi\u1ebft b\u1ecb hi\u1ec7n \u0111ang \u0111\u01b0\u1ee3c s\u1eed d\u1ee5ng trong c\u00e1c l\u0129nh v\u1ef1c: Th\u1ef1c ph\u1ea9m, \u0110i\u1ec7n l\u1ef1c, D\u1ea7u Kh\u00ed, N\u0103ng l\u01b0\u1ee3ng m\u1eb7t tr\u1eddi, D\u1ec7t May, S\u1ee3i, Nh\u1ef1a, Th\u1ee7y Tinh, Gi\u1ea5y, B\u00e0o B\u00ec,\u2026<\/p>\n<p><strong>T\u1ed5ng quan m\u00f4 \u0111un<\/strong><\/p>\n<p>M\u00f4 \u0111un m\u1edf r\u1ed9ng PILZ\u00a0<strong>PNOZ mo1p 4 so (773500)<\/strong>\u00a0v\u1edbi 4 \u0111\u1ea7u ra an to\u00e0n, \u0111\u01b0\u1ee3c s\u1eed d\u1ee5ng c\u00f9ng v\u1edbi thi\u1ebft b\u1ecb c\u01a1 s\u1edf \u0111\u1ec3 m\u1edf r\u1ed9ng h\u1ec7 th\u1ed1ng t\u1ef1 \u0111\u1ed9ng h\u00f3a. S\u1ea3n ph\u1ea9m n\u00e0y \u0111\u01b0\u1ee3c \u1ee9ng d\u1ee5ng nhi\u1ec1u trong<span class=\"Y2IQFc\" lang=\"vi\">\u00a0m\u1ea1ch an to\u00e0n v\u00e0 thi\u1ebft b\u1ecb E-STOP. V\u1edbi thi\u1ebft k\u1ebf b\u1ec1n ch\u1eafc c\u00f9ng c\u00f4ng ngh\u1ec7 hi\u1ec7n \u0111\u1ea1i t\u1eeb h\u00e3ng PILZ, n\u00f3 r\u1ea5t l<\/span>\u00fd t\u01b0\u1edfng \u0111\u1ec3 s\u1eed d\u1ee5ng trong m\u00f4i tr\u01b0\u1eddng c\u00f4ng nghi\u1ec7p kh\u1eafc nghi\u1ec7t<\/p>\n<ul>\n<li>L\u1eafp \u0111\u1eb7t v\u00e0 v\u1eadn h\u00e0nh nhanh ch\u00f3ng<\/li>\n<li>C\u1ea5u h\u00ecnh d\u1ec5 d\u00e0ng v\u1edbi c\u00f4ng c\u1ee5 ph\u1ea7n m\u1ec1m PNOZmulti Configurator<\/li>\n<li>Chuy\u1ec3n m\u1ea1ch d\u01b0\u01a1ng<\/li>\n<li>C\u00f3 th\u1ec3 \u0111\u01b0\u1ee3c c\u1ea5u h\u00ecnh trong B\u1ed9 c\u1ea5u h\u00ecnh PNOZmulti<\/li>\n<li>\u0110\u1ed9 b\u1ec1n v\u00e0 ch\u1ea5t l\u01b0\u1ee3ng \u1ed5n \u0111\u1ecbnh<\/li>\n<\/ul>\n<p><strong>Th\u00f4ng tin chi ti\u1ebft PILZ PNOZ mo1p 4 so (773500)<\/strong><\/p>\n<ul>\n<li>Lo\u1ea1i: PNOZ mo1p<\/li>\n<li>M\u00e3 h\u00e0ng: PNOZ mo1p 4 so<\/li>\n<li>Part no: 773500<\/li>\n<li>\u0110\u1ea7u ra: 4 \u0111\u1ea7u ra k\u1ef9 thu\u1eadt s\u1ed1<\/li>\n<li>K\u00edch th\u01b0\u1edbc (W x H x D): 22,5mm x 94mm x 121mm<\/li>\n<\/ul>\n<p><strong>Chi ti\u1ebft k\u1ef9 thu\u1eadt s\u1ea3n ph\u1ea9m<\/strong><\/p>\n<table width=\"584\">\n<tbody>\n<tr>\n<td width=\"319\">\u0110i\u1ec7n \u00e1p cung c\u1ea5p 2 (V)<\/td>\n<td width=\"265\">24<\/td>\n<\/tr>\n<tr>\n<td width=\"319\">Lo\u1ea1i \u0111i\u1ec7n \u00e1p ngu\u1ed3n U2<\/td>\n<td width=\"265\">DC<\/td>\n<\/tr>\n<tr>\n<td width=\"319\">Ngu\u1ed3n \u0111i\u1ec7n \u00e1p b\u00ean trong<\/td>\n<td width=\"265\">\u00fcber Basisger\u00e4t<\/td>\n<\/tr>\n<tr>\n<td width=\"319\">Lo\u1ea1i \u0111i\u1ec7n \u00e1p c\u1ee7a UINT1<\/td>\n<td width=\"265\">DC<\/td>\n<\/tr>\n<tr>\n<td width=\"319\">S\u1ed1\u00a0\u0111\u1ea7u ra<\/td>\n<td width=\"265\">4<\/td>\n<\/tr>\n<tr>\n<td width=\"319\">Nhi\u1ec7t \u0111\u1ed9 m\u00f4i tr\u01b0\u1eddng<\/td>\n<td width=\"265\">0\u2026 60\u00b0C<\/td>\n<\/tr>\n<tr>\n<td width=\"319\">C\u1ea5p b\u1ea3o v\u1ec7<\/td>\n<td width=\"265\">IP20<\/td>\n<\/tr>\n<tr>\n<td class=\"attrib\">V\u1ecb tr\u00ed l\u1eafp \u0111\u1eb7t<\/td>\n<td>N\u1eb1m ngang tr\u00ean \u0111\u01b0\u1eddng ray m\u0169 tr\u00ean c\u00f9ng<\/td>\n<\/tr>\n<tr>\n<td class=\"attrib\">K\u00edch th\u01b0\u1edbc \u0111\u01b0\u1eddng ray DIN<\/td>\n<td>35 x 7,5 EN 50022<\/td>\n<\/tr>\n<tr>\n<td class=\"attrib\">V\u1eadt li\u1ec7u ph\u1ea7n d\u01b0\u1edbi<\/td>\n<td>PPO UL 94 V0<\/td>\n<\/tr>\n<tr>\n<td class=\"attrib\">T\u1ea5m ph\u00eda tr\u01b0\u1edbc v\u1eadt li\u1ec7u<\/td>\n<td>ABS UL 94 V0<\/td>\n<\/tr>\n<tr>\n<td class=\"attrib\">Thi\u1ebft b\u1ecb \u0111\u1ea7u cu\u1ed1i k\u1ebft n\u1ed1i<\/td>\n<td>Thi\u1ebft b\u1ecb \u0111\u1ea7u cu\u1ed1i tr\u1ee5c v\u00edt<br \/>\nThi\u1ebft b\u1ecb \u0111\u1ea7u cu\u1ed1i l\u00f2 xo<\/td>\n<\/tr>\n<tr>\n<td width=\"319\">Kh\u1ed1i l\u01b0\u1ee3ng t\u1ecbnh<\/td>\n<td width=\"265\">154g<\/td>\n<\/tr>\n<\/tbody>\n<\/table>\n<h2 class=\"title-product item_name\">R\u01a1 le an to\u00e0n Pilz 773500 PNOZ mo1p 4 so<\/h2>\n<h3>1.R\u01a1 le an to\u00e0n\u00a0773500 PNOZ mo1p 4 so:<\/h3>\n<div>\n<p>Lo\u1ea1i m\u00f4-\u0111un: r\u01a1le an to\u00e0n<\/p>\n<p>S\u1ed1 l\u01b0\u1ee3ng \u0111\u1ea7u ra: 4<\/p>\n<p>G\u1eafn: \u0111\u1ec3 g\u1eafn \u0111\u01b0\u1eddng ray DIN<\/p>\n<p>Lo\u1ea1t nh\u00e0 s\u1ea3n xu\u1ea5t: PNOZ mo1p 4 v\u1eady<\/p>\n<p>Nhi\u1ec7t \u0111\u1ed9 ho\u1ea1t \u0111\u1ed9ng: 0\u202660\u00b0C<\/p>\n<p>K\u1ebft n\u1ed1i \u0111i\u1ec7n: \u0111\u1ea7u c\u1ef1c c\u00f3 l\u00f2 xo, \u0111\u1ea7u v\u00edt<\/p>\n<p>H\u1ea1ng m\u1ee5c an to\u00e0n: 3<\/p>\n<p>K\u00edch th\u01b0\u1edbc th\u00e2n: 22,5x94x121mm<\/p>\n<p>\u0110i\u1ec7n \u00e1p cung c\u1ea5p: 24V m\u1ed9t chi\u1ec1u<\/p>\n<p>T\u1ed5ng tr\u1ecdng l\u01b0\u1ee3ng: 160,1 gam<\/p>\n<\/div>\n<h3>2.\u00a0C\u00e1c model t\u01b0\u01a1ng \u0111\u01b0\u01a1ng:<\/h3>\n<p>750101 PNOZ s1 24VDC 2 n\/o<br \/>\n750103 PNOZ s3 24VDC 2 n\/o<br \/>\n751103 PNOZ s3 C 24VDC 2 n\/o<br \/>\n751105 PNOZ s5 C 24VDC 2 n\/o 2 n\/o t<br \/>\n751109 PNOZ s9 C 24VDC 3 n\/o 1 n\/c<br \/>\n773500 PNOZ MO1P<br \/>\n773731 PNOZ MC9P PROFINET IO<br \/>\n774059 PNOZ X7 24VACDC 2n\/o<br \/>\n774150 PZE 9 24VDC 8n\/o 1n\/c<br \/>\n774310 PNOZ X3<br \/>\n777305 PNOZ X2.7P<br \/>\n777538 PNOZ XV3.1P<br \/>\n777542 PNOZ XV2.1P<br \/>\n777602 PNOZ XV1P<\/p>\n<p>M\u00f4-\u0111un I\/O PILZ PNOZ ms1p (773800)<\/p>\n<p>M\u00f4 \u0111un I\/O PILZ PNOZ m EF 4DI4DOR (772143)<\/p>\n<p>M\u00f4 \u0111un PILZ PNOZ mc3p Profibus 2 (773732)<\/p>\n<p>M\u00f4 \u0111un m\u1edf r\u1ed9ng PILZ PNOZ s11 (751111)<\/p>\n<p>G\u01b0\u01a1ng ph\u1ea3n x\u1ea1 LEUZE MTKS 50\u00d750.1<\/p>\n<p>Safety light curtains SICK C4C-EA04530A10000<\/p>\n<p>C\u00f4ng t\u1eafc an to\u00e0n PILZ PSEN ma2.1p-10 (506400)<\/p>\n<p>Aptomat (MCCB) Fuji BW63SAG 3P, 7.5kA<\/p>\n<p>C\u1ea3m bi\u1ebfn LEUZE ET5I.3\/2N (50127901)<\/p>\n","protected":false},"excerpt":{"rendered":"<p>PILZ PNOZ Mo1P 773500 Thi\u1ebft b\u1ecb hi\u1ec7n \u0111ang \u0111\u01b0\u1ee3c s\u1eed d\u1ee5ng trong c\u00e1c l\u0129nh v\u1ef1c: Th\u1ef1c ph\u1ea9m, \u0110i\u1ec7n l\u1ef1c, D\u1ea7u Kh\u00ed, N\u0103ng l\u01b0\u1ee3ng m\u1eb7t tr\u1eddi, D\u1ec7t May, S\u1ee3i, Nh\u1ef1a, Th\u1ee7y Tinh, Gi\u1ea5y, B\u00e0o B\u00ec,\u2026 T\u1ed5ng quan m\u00f4 \u0111un M\u00f4 \u0111un m\u1edf r\u1ed9ng PILZ\u00a0PNOZ mo1p 4 so (773500)\u00a0v\u1edbi 4 \u0111\u1ea7u ra&hellip; <\/p>\n","protected":false},"featured_media":2125,"comment_status":"open","ping_status":"closed","template":"","meta":[],"product_cat":[513],"product_tag":[515,159,514,161],"class_list":{"0":"post-2124","1":"product","2":"type-product","3":"status-publish","4":"has-post-thumbnail","6":"product_cat-pilz","7":"product_tag-dai-ly-pilz-viet-nam","8":"product_tag-mo-dun","9":"product_tag-pilz-viet-nam","10":"product_tag-ro-le","12":"first","13":"instock","14":"shipping-taxable","15":"product-type-simple"},"yoast_head":"<!-- This site is optimized with the Yoast SEO plugin v22.8 - https:\/\/yoast.com\/wordpress\/plugins\/seo\/ -->\n<title>PILZ PNOZ Mo1P 773500 - OMANI VI\u1ec6T NAM<\/title>\n<meta name=\"description\" content=\"PILZ PNOZ Mo1P 773500 expansion module\" \/>\n<meta name=\"robots\" content=\"index, follow, max-snippet:-1, max-image-preview:large, max-video-preview:-1\" \/>\n<link rel=\"canonical\" href=\"https:\/\/omanivietnam.com\/index.php\/san-pham\/pilz-pnoz-mo1p-773500\/\" \/>\n<meta property=\"og:locale\" content=\"vi_VN\" \/>\n<meta property=\"og:type\" content=\"article\" \/>\n<meta property=\"og:title\" content=\"PILZ PNOZ Mo1P 773500 - OMANI VI\u1ec6T NAM\" \/>\n<meta property=\"og:description\" content=\"PILZ PNOZ Mo1P 773500 expansion module\" \/>\n<meta property=\"og:url\" content=\"https:\/\/omanivietnam.com\/index.php\/san-pham\/pilz-pnoz-mo1p-773500\/\" \/>\n<meta property=\"og:site_name\" content=\"OMANI VI\u1ec6T NAM\" \/>\n<meta property=\"article:modified_time\" content=\"2025-04-22T14:22:39+00:00\" \/>\n<meta property=\"og:image\" content=\"https:\/\/omanivietnam.com\/wp-content\/uploads\/2024\/10\/PNOZ-Mo1P-773500.png\" \/>\n\t<meta property=\"og:image:width\" content=\"426\" \/>\n\t<meta property=\"og:image:height\" content=\"567\" \/>\n\t<meta property=\"og:image:type\" content=\"image\/png\" \/>\n<meta name=\"twitter:card\" content=\"summary_large_image\" \/>\n<meta name=\"twitter:label1\" content=\"\u01af\u1edbc t\u00ednh th\u1eddi gian \u0111\u1ecdc\" \/>\n\t<meta name=\"twitter:data1\" content=\"4 ph\u00fat\" \/>\n<script type=\"application\/ld+json\" class=\"yoast-schema-graph\">{\"@context\":\"https:\/\/schema.org\",\"@graph\":[{\"@type\":\"WebPage\",\"@id\":\"https:\/\/omanivietnam.com\/index.php\/san-pham\/pilz-pnoz-mo1p-773500\/\",\"url\":\"https:\/\/omanivietnam.com\/index.php\/san-pham\/pilz-pnoz-mo1p-773500\/\",\"name\":\"PILZ PNOZ Mo1P 773500 - OMANI VI\u1ec6T NAM\",\"isPartOf\":{\"@id\":\"https:\/\/omanivietnam.com\/#website\"},\"primaryImageOfPage\":{\"@id\":\"https:\/\/omanivietnam.com\/index.php\/san-pham\/pilz-pnoz-mo1p-773500\/#primaryimage\"},\"image\":{\"@id\":\"https:\/\/omanivietnam.com\/index.php\/san-pham\/pilz-pnoz-mo1p-773500\/#primaryimage\"},\"thumbnailUrl\":\"https:\/\/omanivietnam.com\/wp-content\/uploads\/2024\/10\/PNOZ-Mo1P-773500.png\",\"datePublished\":\"2024-10-13T02:34:56+00:00\",\"dateModified\":\"2025-04-22T14:22:39+00:00\",\"description\":\"PILZ PNOZ Mo1P 773500 expansion module\",\"breadcrumb\":{\"@id\":\"https:\/\/omanivietnam.com\/index.php\/san-pham\/pilz-pnoz-mo1p-773500\/#breadcrumb\"},\"inLanguage\":\"vi\",\"potentialAction\":[{\"@type\":\"ReadAction\",\"target\":[\"https:\/\/omanivietnam.com\/index.php\/san-pham\/pilz-pnoz-mo1p-773500\/\"]}]},{\"@type\":\"ImageObject\",\"inLanguage\":\"vi\",\"@id\":\"https:\/\/omanivietnam.com\/index.php\/san-pham\/pilz-pnoz-mo1p-773500\/#primaryimage\",\"url\":\"https:\/\/omanivietnam.com\/wp-content\/uploads\/2024\/10\/PNOZ-Mo1P-773500.png\",\"contentUrl\":\"https:\/\/omanivietnam.com\/wp-content\/uploads\/2024\/10\/PNOZ-Mo1P-773500.png\",\"width\":426,\"height\":567},{\"@type\":\"BreadcrumbList\",\"@id\":\"https:\/\/omanivietnam.com\/index.php\/san-pham\/pilz-pnoz-mo1p-773500\/#breadcrumb\",\"itemListElement\":[{\"@type\":\"ListItem\",\"position\":1,\"name\":\"Home\",\"item\":\"https:\/\/omanivietnam.com\/\"},{\"@type\":\"ListItem\",\"position\":2,\"name\":\"S\u1ea2N PH\u1ea8M\",\"item\":\"https:\/\/omanivietnam.com\/index.php\/cua-hang\/\"},{\"@type\":\"ListItem\",\"position\":3,\"name\":\"PILZ PNOZ Mo1P 773500\"}]},{\"@type\":\"WebSite\",\"@id\":\"https:\/\/omanivietnam.com\/#website\",\"url\":\"https:\/\/omanivietnam.com\/\",\"name\":\"OMANI VI\u1ec6T NAM\",\"description\":\"Nh\u00e0 ph\u00e2n ph\u1ed1i thi\u1ebft b\u1ecb kh\u00ed n\u00e9n v\u00e0 thi\u1ebft b\u1ecb t\u1ef1 \u0111\u1ed9ng h\u00f3a trong c\u00f4ng nghi\u1ec7p\",\"publisher\":{\"@id\":\"https:\/\/omanivietnam.com\/#\/schema\/person\/0ad398a980dc3fd696111c2c5c8fa897\"},\"potentialAction\":[{\"@type\":\"SearchAction\",\"target\":{\"@type\":\"EntryPoint\",\"urlTemplate\":\"https:\/\/omanivietnam.com\/?s={search_term_string}\"},\"query-input\":\"required name=search_term_string\"}],\"inLanguage\":\"vi\"},{\"@type\":[\"Person\",\"Organization\"],\"@id\":\"https:\/\/omanivietnam.com\/#\/schema\/person\/0ad398a980dc3fd696111c2c5c8fa897\",\"name\":\"Nguy\u1ec5n V\u0103n Kh\u00e1nh\",\"image\":{\"@type\":\"ImageObject\",\"inLanguage\":\"vi\",\"@id\":\"https:\/\/omanivietnam.com\/#\/schema\/person\/image\/\",\"url\":\"https:\/\/omanivietnam.com\/wp-content\/uploads\/2024\/06\/logo-1024x1024.png\",\"contentUrl\":\"https:\/\/omanivietnam.com\/wp-content\/uploads\/2024\/06\/logo-1024x1024.png\",\"width\":1024,\"height\":1024,\"caption\":\"Nguy\u1ec5n V\u0103n Kh\u00e1nh\"},\"logo\":{\"@id\":\"https:\/\/omanivietnam.com\/#\/schema\/person\/image\/\"},\"sameAs\":[\"https:\/\/omanivietnam.com\"]}]}<\/script>\n<!-- \/ Yoast SEO plugin. -->","yoast_head_json":{"title":"PILZ PNOZ Mo1P 773500 - OMANI VI\u1ec6T NAM","description":"PILZ PNOZ Mo1P 773500 expansion module","robots":{"index":"index","follow":"follow","max-snippet":"max-snippet:-1","max-image-preview":"max-image-preview:large","max-video-preview":"max-video-preview:-1"},"canonical":"https:\/\/omanivietnam.com\/index.php\/san-pham\/pilz-pnoz-mo1p-773500\/","og_locale":"vi_VN","og_type":"article","og_title":"PILZ PNOZ Mo1P 773500 - OMANI VI\u1ec6T NAM","og_description":"PILZ PNOZ Mo1P 773500 expansion module","og_url":"https:\/\/omanivietnam.com\/index.php\/san-pham\/pilz-pnoz-mo1p-773500\/","og_site_name":"OMANI VI\u1ec6T NAM","article_modified_time":"2025-04-22T14:22:39+00:00","og_image":[{"width":426,"height":567,"url":"https:\/\/omanivietnam.com\/wp-content\/uploads\/2024\/10\/PNOZ-Mo1P-773500.png","type":"image\/png"}],"twitter_card":"summary_large_image","twitter_misc":{"\u01af\u1edbc t\u00ednh th\u1eddi gian \u0111\u1ecdc":"4 ph\u00fat"},"schema":{"@context":"https:\/\/schema.org","@graph":[{"@type":"WebPage","@id":"https:\/\/omanivietnam.com\/index.php\/san-pham\/pilz-pnoz-mo1p-773500\/","url":"https:\/\/omanivietnam.com\/index.php\/san-pham\/pilz-pnoz-mo1p-773500\/","name":"PILZ PNOZ Mo1P 773500 - OMANI VI\u1ec6T NAM","isPartOf":{"@id":"https:\/\/omanivietnam.com\/#website"},"primaryImageOfPage":{"@id":"https:\/\/omanivietnam.com\/index.php\/san-pham\/pilz-pnoz-mo1p-773500\/#primaryimage"},"image":{"@id":"https:\/\/omanivietnam.com\/index.php\/san-pham\/pilz-pnoz-mo1p-773500\/#primaryimage"},"thumbnailUrl":"https:\/\/omanivietnam.com\/wp-content\/uploads\/2024\/10\/PNOZ-Mo1P-773500.png","datePublished":"2024-10-13T02:34:56+00:00","dateModified":"2025-04-22T14:22:39+00:00","description":"PILZ PNOZ Mo1P 773500 expansion module","breadcrumb":{"@id":"https:\/\/omanivietnam.com\/index.php\/san-pham\/pilz-pnoz-mo1p-773500\/#breadcrumb"},"inLanguage":"vi","potentialAction":[{"@type":"ReadAction","target":["https:\/\/omanivietnam.com\/index.php\/san-pham\/pilz-pnoz-mo1p-773500\/"]}]},{"@type":"ImageObject","inLanguage":"vi","@id":"https:\/\/omanivietnam.com\/index.php\/san-pham\/pilz-pnoz-mo1p-773500\/#primaryimage","url":"https:\/\/omanivietnam.com\/wp-content\/uploads\/2024\/10\/PNOZ-Mo1P-773500.png","contentUrl":"https:\/\/omanivietnam.com\/wp-content\/uploads\/2024\/10\/PNOZ-Mo1P-773500.png","width":426,"height":567},{"@type":"BreadcrumbList","@id":"https:\/\/omanivietnam.com\/index.php\/san-pham\/pilz-pnoz-mo1p-773500\/#breadcrumb","itemListElement":[{"@type":"ListItem","position":1,"name":"Home","item":"https:\/\/omanivietnam.com\/"},{"@type":"ListItem","position":2,"name":"S\u1ea2N PH\u1ea8M","item":"https:\/\/omanivietnam.com\/index.php\/cua-hang\/"},{"@type":"ListItem","position":3,"name":"PILZ PNOZ Mo1P 773500"}]},{"@type":"WebSite","@id":"https:\/\/omanivietnam.com\/#website","url":"https:\/\/omanivietnam.com\/","name":"OMANI VI\u1ec6T NAM","description":"Nh\u00e0 ph\u00e2n ph\u1ed1i thi\u1ebft b\u1ecb kh\u00ed n\u00e9n v\u00e0 thi\u1ebft b\u1ecb t\u1ef1 \u0111\u1ed9ng h\u00f3a trong c\u00f4ng nghi\u1ec7p","publisher":{"@id":"https:\/\/omanivietnam.com\/#\/schema\/person\/0ad398a980dc3fd696111c2c5c8fa897"},"potentialAction":[{"@type":"SearchAction","target":{"@type":"EntryPoint","urlTemplate":"https:\/\/omanivietnam.com\/?s={search_term_string}"},"query-input":"required name=search_term_string"}],"inLanguage":"vi"},{"@type":["Person","Organization"],"@id":"https:\/\/omanivietnam.com\/#\/schema\/person\/0ad398a980dc3fd696111c2c5c8fa897","name":"Nguy\u1ec5n V\u0103n Kh\u00e1nh","image":{"@type":"ImageObject","inLanguage":"vi","@id":"https:\/\/omanivietnam.com\/#\/schema\/person\/image\/","url":"https:\/\/omanivietnam.com\/wp-content\/uploads\/2024\/06\/logo-1024x1024.png","contentUrl":"https:\/\/omanivietnam.com\/wp-content\/uploads\/2024\/06\/logo-1024x1024.png","width":1024,"height":1024,"caption":"Nguy\u1ec5n V\u0103n Kh\u00e1nh"},"logo":{"@id":"https:\/\/omanivietnam.com\/#\/schema\/person\/image\/"},"sameAs":["https:\/\/omanivietnam.com"]}]}},"_links":{"self":[{"href":"https:\/\/omanivietnam.com\/index.php\/wp-json\/wp\/v2\/product\/2124","targetHints":{"allow":["GET"]}}],"collection":[{"href":"https:\/\/omanivietnam.com\/index.php\/wp-json\/wp\/v2\/product"}],"about":[{"href":"https:\/\/omanivietnam.com\/index.php\/wp-json\/wp\/v2\/types\/product"}],"replies":[{"embeddable":true,"href":"https:\/\/omanivietnam.com\/index.php\/wp-json\/wp\/v2\/comments?post=2124"}],"wp:featuredmedia":[{"embeddable":true,"href":"https:\/\/omanivietnam.com\/index.php\/wp-json\/wp\/v2\/media\/2125"}],"wp:attachment":[{"href":"https:\/\/omanivietnam.com\/index.php\/wp-json\/wp\/v2\/media?parent=2124"}],"wp:term":[{"taxonomy":"product_cat","embeddable":true,"href":"https:\/\/omanivietnam.com\/index.php\/wp-json\/wp\/v2\/product_cat?post=2124"},{"taxonomy":"product_tag","embeddable":true,"href":"https:\/\/omanivietnam.com\/index.php\/wp-json\/wp\/v2\/product_tag?post=2124"}],"curies":[{"name":"wp","href":"https:\/\/api.w.org\/{rel}","templated":true}]}}