{"id":2126,"date":"2024-10-13T10:03:44","date_gmt":"2024-10-13T03:03:44","guid":{"rendered":"https:\/\/omanivietnam.com\/?post_type=product&#038;p=2126"},"modified":"2024-10-13T10:03:45","modified_gmt":"2024-10-13T03:03:45","slug":"barksdale-0111-751","status":"publish","type":"product","link":"https:\/\/omanivietnam.com\/index.php\/san-pham\/barksdale-0111-751\/","title":{"rendered":"BARKSDALE 0111-751"},"content":{"rendered":"<p>BARKSDALE 0111-751<\/p>\n<p>Barksdale &#8211;\u00a0<span class=\"partNumber\">0111-751<\/span>\u00a0FLOAT SWITCH, UNS-ABS-HORIZONTAL, SIDE MOUNTED, ABS\/PP\/ NO\/NC, 11\/4\u201d BSP ABS FLANGE<\/p>\n<p id=\"alternative-part-number\">0111751<\/p>\n<p>0111-751 , BARKSDALE FLOAT SWITCH, UNS-ABS-HORIZONTAL, SIDE MOUNTED, ABS\/PP\/ NO\/NC, 11\/4\u201d BSP ABS FLANGE<\/p>\n<p>&nbsp;<\/p>\n<div class=\"col-md-4 col-sm-8 col-xs-6 product_products\">\n<table class=\"table border_full\">\n<tbody>\n<tr class=\"bg_lightgrey\">\n<th>Article no.<\/th>\n<th>Name<\/th>\n<\/tr>\n<tr>\n<td><strong>0111-751<\/strong><\/td>\n<td><strong>float switch<\/strong><\/td>\n<\/tr>\n<tr>\n<td>0417-014<\/td>\n<td>Pressure switch<\/td>\n<\/tr>\n<tr>\n<td><\/td>\n<td>Pressure switch<\/td>\n<\/tr>\n<\/tbody>\n<\/table>\n<\/div>\n<div class=\"col-md-6 col-sm-12 col-xs-12 product_details\">\n<table class=\"table border_full\">\n<tbody>\n<tr>\n<td class=\"text-center\" colspan=\"2\"><strong>Article details<\/strong><\/td>\n<\/tr>\n<tr>\n<td class=\"bg_lightgrey\"><strong>Brand:<\/strong><\/td>\n<td>BARKSDALE<\/td>\n<\/tr>\n<tr>\n<td class=\"bg_lightgrey\"><strong>Article no.:<\/strong><\/td>\n<td>0111-751<\/td>\n<\/tr>\n<tr>\n<td class=\"bg_lightgrey\"><strong>Article name:<\/strong><\/td>\n<td>float switch<\/td>\n<\/tr>\n<tr>\n<td class=\"bg_lightgrey\"><strong>Description:<\/strong><\/td>\n<td class=\"text-right bg_lightgrey\"><\/td>\n<\/tr>\n<tr>\n<td colspan=\"2\">UNS-ABS-Horizontal ABS\/PP\/ NO\/NC<\/p>\n<p>weight: 0,18KG\/PC<br \/>\nHS: 80261089<\/td>\n<\/tr>\n<\/tbody>\n<\/table>\n<\/div>\n<p>&nbsp;<\/p>\n","protected":false},"excerpt":{"rendered":"<p>BARKSDALE 0111-751 Barksdale &#8211;\u00a00111-751\u00a0FLOAT SWITCH, UNS-ABS-HORIZONTAL, SIDE MOUNTED, ABS\/PP\/ NO\/NC, 11\/4\u201d BSP ABS FLANGE 0111751 0111-751 , BARKSDALE FLOAT SWITCH, UNS-ABS-HORIZONTAL, SIDE MOUNTED, ABS\/PP\/ NO\/NC, 11\/4\u201d BSP ABS FLANGE &nbsp; Article no. Name 0111-751 float switch 0417-014 Pressure switch Pressure switch Article details Brand: BARKSDALE Article no.: 0111-751 Article name:&hellip; <\/p>\n","protected":false},"featured_media":2127,"comment_status":"open","ping_status":"closed","template":"","meta":[],"product_cat":[516],"product_tag":[517,88,518],"class_list":{"0":"post-2126","1":"product","2":"type-product","3":"status-publish","4":"has-post-thumbnail","6":"product_cat-barksdale","7":"product_tag-barksdale-viet-nam","8":"product_tag-cam-bien","9":"product_tag-dai-ly-barksdale-viet-nam","11":"first","12":"instock","13":"shipping-taxable","14":"product-type-simple"},"yoast_head":"<!-- This site is optimized with the Yoast SEO plugin v22.8 - https:\/\/yoast.com\/wordpress\/plugins\/seo\/ -->\n<title>BARKSDALE 0111-751 - OMANI VI\u1ec6T NAM<\/title>\n<meta name=\"robots\" content=\"index, follow, max-snippet:-1, max-image-preview:large, max-video-preview:-1\" \/>\n<link rel=\"canonical\" href=\"https:\/\/omanivietnam.com\/index.php\/san-pham\/barksdale-0111-751\/\" \/>\n<meta property=\"og:locale\" content=\"vi_VN\" \/>\n<meta property=\"og:type\" content=\"article\" \/>\n<meta property=\"og:title\" content=\"BARKSDALE 0111-751 - OMANI VI\u1ec6T NAM\" \/>\n<meta property=\"og:description\" content=\"BARKSDALE 0111-751 Barksdale &#8211;\u00a00111-751\u00a0FLOAT SWITCH, UNS-ABS-HORIZONTAL, SIDE MOUNTED, ABS\/PP\/ NO\/NC, 11\/4\u201d BSP ABS FLANGE 0111751 0111-751 , BARKSDALE FLOAT SWITCH, UNS-ABS-HORIZONTAL, SIDE MOUNTED, ABS\/PP\/ NO\/NC, 11\/4\u201d BSP ABS FLANGE &nbsp; Article no. Name 0111-751 float switch 0417-014 Pressure switch Pressure switch Article details Brand: BARKSDALE Article no.: 0111-751 Article name:&hellip;\" \/>\n<meta property=\"og:url\" content=\"https:\/\/omanivietnam.com\/index.php\/san-pham\/barksdale-0111-751\/\" \/>\n<meta property=\"og:site_name\" content=\"OMANI VI\u1ec6T NAM\" \/>\n<meta property=\"article:modified_time\" content=\"2024-10-13T03:03:45+00:00\" \/>\n<meta property=\"og:image\" content=\"https:\/\/omanivietnam.com\/wp-content\/uploads\/2024\/10\/0111-751.png\" \/>\n\t<meta property=\"og:image:width\" content=\"712\" \/>\n\t<meta property=\"og:image:height\" content=\"656\" \/>\n\t<meta property=\"og:image:type\" content=\"image\/png\" \/>\n<meta name=\"twitter:card\" content=\"summary_large_image\" \/>\n<meta name=\"twitter:label1\" content=\"\u01af\u1edbc t\u00ednh th\u1eddi gian \u0111\u1ecdc\" \/>\n\t<meta name=\"twitter:data1\" content=\"1 ph\u00fat\" \/>\n<script type=\"application\/ld+json\" class=\"yoast-schema-graph\">{\"@context\":\"https:\/\/schema.org\",\"@graph\":[{\"@type\":\"WebPage\",\"@id\":\"https:\/\/omanivietnam.com\/index.php\/san-pham\/barksdale-0111-751\/\",\"url\":\"https:\/\/omanivietnam.com\/index.php\/san-pham\/barksdale-0111-751\/\",\"name\":\"BARKSDALE 0111-751 - OMANI VI\u1ec6T NAM\",\"isPartOf\":{\"@id\":\"https:\/\/omanivietnam.com\/#website\"},\"primaryImageOfPage\":{\"@id\":\"https:\/\/omanivietnam.com\/index.php\/san-pham\/barksdale-0111-751\/#primaryimage\"},\"image\":{\"@id\":\"https:\/\/omanivietnam.com\/index.php\/san-pham\/barksdale-0111-751\/#primaryimage\"},\"thumbnailUrl\":\"https:\/\/omanivietnam.com\/wp-content\/uploads\/2024\/10\/0111-751.png\",\"datePublished\":\"2024-10-13T03:03:44+00:00\",\"dateModified\":\"2024-10-13T03:03:45+00:00\",\"breadcrumb\":{\"@id\":\"https:\/\/omanivietnam.com\/index.php\/san-pham\/barksdale-0111-751\/#breadcrumb\"},\"inLanguage\":\"vi\",\"potentialAction\":[{\"@type\":\"ReadAction\",\"target\":[\"https:\/\/omanivietnam.com\/index.php\/san-pham\/barksdale-0111-751\/\"]}]},{\"@type\":\"ImageObject\",\"inLanguage\":\"vi\",\"@id\":\"https:\/\/omanivietnam.com\/index.php\/san-pham\/barksdale-0111-751\/#primaryimage\",\"url\":\"https:\/\/omanivietnam.com\/wp-content\/uploads\/2024\/10\/0111-751.png\",\"contentUrl\":\"https:\/\/omanivietnam.com\/wp-content\/uploads\/2024\/10\/0111-751.png\",\"width\":712,\"height\":656},{\"@type\":\"BreadcrumbList\",\"@id\":\"https:\/\/omanivietnam.com\/index.php\/san-pham\/barksdale-0111-751\/#breadcrumb\",\"itemListElement\":[{\"@type\":\"ListItem\",\"position\":1,\"name\":\"Home\",\"item\":\"https:\/\/omanivietnam.com\/\"},{\"@type\":\"ListItem\",\"position\":2,\"name\":\"S\u1ea2N PH\u1ea8M\",\"item\":\"https:\/\/omanivietnam.com\/index.php\/cua-hang\/\"},{\"@type\":\"ListItem\",\"position\":3,\"name\":\"BARKSDALE 0111-751\"}]},{\"@type\":\"WebSite\",\"@id\":\"https:\/\/omanivietnam.com\/#website\",\"url\":\"https:\/\/omanivietnam.com\/\",\"name\":\"OMANI VI\u1ec6T NAM\",\"description\":\"Nh\u00e0 ph\u00e2n ph\u1ed1i thi\u1ebft b\u1ecb kh\u00ed n\u00e9n v\u00e0 thi\u1ebft b\u1ecb t\u1ef1 \u0111\u1ed9ng h\u00f3a trong c\u00f4ng nghi\u1ec7p\",\"publisher\":{\"@id\":\"https:\/\/omanivietnam.com\/#\/schema\/person\/0ad398a980dc3fd696111c2c5c8fa897\"},\"potentialAction\":[{\"@type\":\"SearchAction\",\"target\":{\"@type\":\"EntryPoint\",\"urlTemplate\":\"https:\/\/omanivietnam.com\/?s={search_term_string}\"},\"query-input\":\"required name=search_term_string\"}],\"inLanguage\":\"vi\"},{\"@type\":[\"Person\",\"Organization\"],\"@id\":\"https:\/\/omanivietnam.com\/#\/schema\/person\/0ad398a980dc3fd696111c2c5c8fa897\",\"name\":\"Nguy\u1ec5n V\u0103n Kh\u00e1nh\",\"image\":{\"@type\":\"ImageObject\",\"inLanguage\":\"vi\",\"@id\":\"https:\/\/omanivietnam.com\/#\/schema\/person\/image\/\",\"url\":\"https:\/\/omanivietnam.com\/wp-content\/uploads\/2024\/06\/logo-1024x1024.png\",\"contentUrl\":\"https:\/\/omanivietnam.com\/wp-content\/uploads\/2024\/06\/logo-1024x1024.png\",\"width\":1024,\"height\":1024,\"caption\":\"Nguy\u1ec5n V\u0103n Kh\u00e1nh\"},\"logo\":{\"@id\":\"https:\/\/omanivietnam.com\/#\/schema\/person\/image\/\"},\"sameAs\":[\"https:\/\/omanivietnam.com\"]}]}<\/script>\n<!-- \/ Yoast SEO plugin. -->","yoast_head_json":{"title":"BARKSDALE 0111-751 - OMANI VI\u1ec6T NAM","robots":{"index":"index","follow":"follow","max-snippet":"max-snippet:-1","max-image-preview":"max-image-preview:large","max-video-preview":"max-video-preview:-1"},"canonical":"https:\/\/omanivietnam.com\/index.php\/san-pham\/barksdale-0111-751\/","og_locale":"vi_VN","og_type":"article","og_title":"BARKSDALE 0111-751 - OMANI VI\u1ec6T NAM","og_description":"BARKSDALE 0111-751 Barksdale &#8211;\u00a00111-751\u00a0FLOAT SWITCH, UNS-ABS-HORIZONTAL, SIDE MOUNTED, ABS\/PP\/ NO\/NC, 11\/4\u201d BSP ABS FLANGE 0111751 0111-751 , BARKSDALE FLOAT SWITCH, UNS-ABS-HORIZONTAL, SIDE MOUNTED, ABS\/PP\/ NO\/NC, 11\/4\u201d BSP ABS FLANGE &nbsp; Article no. Name 0111-751 float switch 0417-014 Pressure switch Pressure switch Article details Brand: BARKSDALE Article no.: 0111-751 Article name:&hellip;","og_url":"https:\/\/omanivietnam.com\/index.php\/san-pham\/barksdale-0111-751\/","og_site_name":"OMANI VI\u1ec6T NAM","article_modified_time":"2024-10-13T03:03:45+00:00","og_image":[{"width":712,"height":656,"url":"https:\/\/omanivietnam.com\/wp-content\/uploads\/2024\/10\/0111-751.png","type":"image\/png"}],"twitter_card":"summary_large_image","twitter_misc":{"\u01af\u1edbc t\u00ednh th\u1eddi gian \u0111\u1ecdc":"1 ph\u00fat"},"schema":{"@context":"https:\/\/schema.org","@graph":[{"@type":"WebPage","@id":"https:\/\/omanivietnam.com\/index.php\/san-pham\/barksdale-0111-751\/","url":"https:\/\/omanivietnam.com\/index.php\/san-pham\/barksdale-0111-751\/","name":"BARKSDALE 0111-751 - OMANI VI\u1ec6T NAM","isPartOf":{"@id":"https:\/\/omanivietnam.com\/#website"},"primaryImageOfPage":{"@id":"https:\/\/omanivietnam.com\/index.php\/san-pham\/barksdale-0111-751\/#primaryimage"},"image":{"@id":"https:\/\/omanivietnam.com\/index.php\/san-pham\/barksdale-0111-751\/#primaryimage"},"thumbnailUrl":"https:\/\/omanivietnam.com\/wp-content\/uploads\/2024\/10\/0111-751.png","datePublished":"2024-10-13T03:03:44+00:00","dateModified":"2024-10-13T03:03:45+00:00","breadcrumb":{"@id":"https:\/\/omanivietnam.com\/index.php\/san-pham\/barksdale-0111-751\/#breadcrumb"},"inLanguage":"vi","potentialAction":[{"@type":"ReadAction","target":["https:\/\/omanivietnam.com\/index.php\/san-pham\/barksdale-0111-751\/"]}]},{"@type":"ImageObject","inLanguage":"vi","@id":"https:\/\/omanivietnam.com\/index.php\/san-pham\/barksdale-0111-751\/#primaryimage","url":"https:\/\/omanivietnam.com\/wp-content\/uploads\/2024\/10\/0111-751.png","contentUrl":"https:\/\/omanivietnam.com\/wp-content\/uploads\/2024\/10\/0111-751.png","width":712,"height":656},{"@type":"BreadcrumbList","@id":"https:\/\/omanivietnam.com\/index.php\/san-pham\/barksdale-0111-751\/#breadcrumb","itemListElement":[{"@type":"ListItem","position":1,"name":"Home","item":"https:\/\/omanivietnam.com\/"},{"@type":"ListItem","position":2,"name":"S\u1ea2N PH\u1ea8M","item":"https:\/\/omanivietnam.com\/index.php\/cua-hang\/"},{"@type":"ListItem","position":3,"name":"BARKSDALE 0111-751"}]},{"@type":"WebSite","@id":"https:\/\/omanivietnam.com\/#website","url":"https:\/\/omanivietnam.com\/","name":"OMANI VI\u1ec6T NAM","description":"Nh\u00e0 ph\u00e2n ph\u1ed1i thi\u1ebft b\u1ecb kh\u00ed n\u00e9n v\u00e0 thi\u1ebft b\u1ecb t\u1ef1 \u0111\u1ed9ng h\u00f3a trong c\u00f4ng nghi\u1ec7p","publisher":{"@id":"https:\/\/omanivietnam.com\/#\/schema\/person\/0ad398a980dc3fd696111c2c5c8fa897"},"potentialAction":[{"@type":"SearchAction","target":{"@type":"EntryPoint","urlTemplate":"https:\/\/omanivietnam.com\/?s={search_term_string}"},"query-input":"required name=search_term_string"}],"inLanguage":"vi"},{"@type":["Person","Organization"],"@id":"https:\/\/omanivietnam.com\/#\/schema\/person\/0ad398a980dc3fd696111c2c5c8fa897","name":"Nguy\u1ec5n V\u0103n Kh\u00e1nh","image":{"@type":"ImageObject","inLanguage":"vi","@id":"https:\/\/omanivietnam.com\/#\/schema\/person\/image\/","url":"https:\/\/omanivietnam.com\/wp-content\/uploads\/2024\/06\/logo-1024x1024.png","contentUrl":"https:\/\/omanivietnam.com\/wp-content\/uploads\/2024\/06\/logo-1024x1024.png","width":1024,"height":1024,"caption":"Nguy\u1ec5n V\u0103n Kh\u00e1nh"},"logo":{"@id":"https:\/\/omanivietnam.com\/#\/schema\/person\/image\/"},"sameAs":["https:\/\/omanivietnam.com"]}]}},"_links":{"self":[{"href":"https:\/\/omanivietnam.com\/index.php\/wp-json\/wp\/v2\/product\/2126","targetHints":{"allow":["GET"]}}],"collection":[{"href":"https:\/\/omanivietnam.com\/index.php\/wp-json\/wp\/v2\/product"}],"about":[{"href":"https:\/\/omanivietnam.com\/index.php\/wp-json\/wp\/v2\/types\/product"}],"replies":[{"embeddable":true,"href":"https:\/\/omanivietnam.com\/index.php\/wp-json\/wp\/v2\/comments?post=2126"}],"wp:featuredmedia":[{"embeddable":true,"href":"https:\/\/omanivietnam.com\/index.php\/wp-json\/wp\/v2\/media\/2127"}],"wp:attachment":[{"href":"https:\/\/omanivietnam.com\/index.php\/wp-json\/wp\/v2\/media?parent=2126"}],"wp:term":[{"taxonomy":"product_cat","embeddable":true,"href":"https:\/\/omanivietnam.com\/index.php\/wp-json\/wp\/v2\/product_cat?post=2126"},{"taxonomy":"product_tag","embeddable":true,"href":"https:\/\/omanivietnam.com\/index.php\/wp-json\/wp\/v2\/product_tag?post=2126"}],"curies":[{"name":"wp","href":"https:\/\/api.w.org\/{rel}","templated":true}]}}