{"id":2139,"date":"2024-10-13T16:32:21","date_gmt":"2024-10-13T09:32:21","guid":{"rendered":"https:\/\/omanivietnam.com\/?post_type=product&#038;p=2139"},"modified":"2024-10-13T16:48:29","modified_gmt":"2024-10-13T09:48:29","slug":"banner-ea5r450pixmodq","status":"publish","type":"product","link":"https:\/\/omanivietnam.com\/index.php\/san-pham\/banner-ea5r450pixmodq\/","title":{"rendered":"BANNER EA5R450PIXMODQ"},"content":{"rendered":"<p>BANNER EA5R450PIXMODQ<\/p>\n<div>Housing Length (mm)529<\/div>\n<div>Quick Disconnect TypeM12<\/div>\n<div>Sensing Mode (Detailed)Receiver<\/div>\n<div>Device TypeTwo-Piece<\/div>\n<div>Primary Housing MaterialAluminum<\/div>\n<div>Beam Spacing5 mm<\/div>\n<div>Modbus RTUYes<\/div>\n<div>RS-485Yes<\/div>\n<div>Power Supply12-30 V dc<\/div>\n<div>Emitter\/Receiver Range (m)0.4 &#8211; 4<\/div>\n<div>Discrete OutputPNP<\/div>\n<div>Analog OutputCurrent (4-20 mA)<\/div>\n<div>Max Relative Humidity95%<\/div>\n<div>Minimum Object Sensitivity (mm)5-10<\/div>\n<div>Number of Beams90<\/div>\n<div>Min Temp (\u00b0C)-40<\/div>\n<div>Max Temp (\u00b0C)70<\/div>\n<div>Array Length (mm)450<\/div>\n<div><\/div>\n<div><\/div>\n<div>11-BG00-31-D-024 RELAY POSITIVELY GUIDED 10 AMP 11-BG00-31-D-024 &#8211; 3NO 1NC 24 V DC<\/div>\n<div>S15C-MEZ-KQ S15C Series: In-Line Converter Voltage: 18-30 V dc; IP67 Input: Modbus EZ-ARRAY ; Output: IO-Link Female-Male 4-pin M12 QD<\/div>\n<div>IM-T-11A Relay Module for Safety Light Curtain\/Control with EDM Supply Voltage: 24 V dc Safety Input: 1 Dual\/Single Channel Safety Output: 2 NO, 6 A; Aux Output: 1 NC, 6 A Terminal Block: Removable; Width: 22.5 mm<\/div>\n<div>IM-T-9A Relay Module for Safety Light Curtain\/Control with EDM Supply Voltage: 24 V dc Safety Input: 1 Dual\/Single Channel Safety Output: 3 NO, 6 A; Aux Output: None Terminal Block: Removable; Width: 22.5 mm<\/div>\n<div><\/div>\n<div>\n<p>\u0110\u1ea1i l\u00fd BANNER vietnam, BANNER viet nam, BANNER vietnam distributor, Ph\u00e2n ph\u1ed1i BANNER t\u1ea1i vi\u1ec7t nam<\/p>\n<p>\u0110\u1ea1i l\u00fd BANNER vietnam, BANNER viet nam, BANNER vietnam distributor, Ph\u00e2n ph\u1ed1i BANNER t\u1ea1i vi\u1ec7t nam<\/p>\n<p>\u0110\u1ea1i l\u00fd BANNER vietnam, BANNER viet nam, BANNER vietnam distributor, Ph\u00e2n ph\u1ed1i BANNER t\u1ea1i vi\u1ec7t nam<\/p>\n<p>\u0110\u1ea1i l\u00fd BANNER vietnam, BANNER viet nam, BANNER vietnam distributor, Ph\u00e2n ph\u1ed1i BANNER t\u1ea1i vi\u1ec7t nam<\/p>\n<p>\u0110\u1ea1i l\u00fd BANNER vietnam, BANNER viet nam, BANNER vietnam distributor, Ph\u00e2n ph\u1ed1i BANNER t\u1ea1i vi\u1ec7t nam<\/p>\n<\/div>\n","protected":false},"excerpt":{"rendered":"<p>BANNER EA5R450PIXMODQ Housing Length (mm)529 Quick Disconnect TypeM12 Sensing Mode (Detailed)Receiver Device TypeTwo-Piece Primary Housing MaterialAluminum Beam Spacing5 mm Modbus RTUYes RS-485Yes Power Supply12-30 V dc Emitter\/Receiver Range (m)0.4 &#8211; 4 Discrete OutputPNP Analog OutputCurrent (4-20 mA) Max Relative Humidity95% Minimum Object Sensitivity (mm)5-10 Number of Beams90 Min Temp (\u00b0C)-40&hellip; <\/p>\n","protected":false},"featured_media":2140,"comment_status":"open","ping_status":"closed","template":"","meta":[],"product_cat":[509],"product_tag":[510,88,511],"class_list":{"0":"post-2139","1":"product","2":"type-product","3":"status-publish","4":"has-post-thumbnail","6":"product_cat-banner","7":"product_tag-banner-viet-nam","8":"product_tag-cam-bien","9":"product_tag-dai-ly-banner-viet-nam","11":"first","12":"instock","13":"shipping-taxable","14":"product-type-simple"},"yoast_head":"<!-- This site is optimized with the Yoast SEO plugin v22.8 - https:\/\/yoast.com\/wordpress\/plugins\/seo\/ -->\n<title>BANNER EA5R450PIXMODQ - OMANI VI\u1ec6T NAM<\/title>\n<meta name=\"robots\" content=\"index, follow, max-snippet:-1, max-image-preview:large, max-video-preview:-1\" \/>\n<link rel=\"canonical\" href=\"https:\/\/omanivietnam.com\/index.php\/san-pham\/banner-ea5r450pixmodq\/\" \/>\n<meta property=\"og:locale\" content=\"vi_VN\" \/>\n<meta property=\"og:type\" content=\"article\" \/>\n<meta property=\"og:title\" content=\"BANNER EA5R450PIXMODQ - OMANI VI\u1ec6T NAM\" \/>\n<meta property=\"og:description\" content=\"BANNER EA5R450PIXMODQ Housing Length (mm)529 Quick Disconnect TypeM12 Sensing Mode (Detailed)Receiver Device TypeTwo-Piece Primary Housing MaterialAluminum Beam Spacing5 mm Modbus RTUYes RS-485Yes Power Supply12-30 V dc Emitter\/Receiver Range (m)0.4 &#8211; 4 Discrete OutputPNP Analog OutputCurrent (4-20 mA) Max Relative Humidity95% Minimum Object Sensitivity (mm)5-10 Number of Beams90 Min Temp (\u00b0C)-40&hellip;\" \/>\n<meta property=\"og:url\" content=\"https:\/\/omanivietnam.com\/index.php\/san-pham\/banner-ea5r450pixmodq\/\" \/>\n<meta property=\"og:site_name\" content=\"OMANI VI\u1ec6T NAM\" \/>\n<meta property=\"article:modified_time\" content=\"2024-10-13T09:48:29+00:00\" \/>\n<meta property=\"og:image\" content=\"https:\/\/omanivietnam.com\/wp-content\/uploads\/2024\/10\/EA5R450PIXMODQ.png\" \/>\n\t<meta property=\"og:image:width\" content=\"448\" \/>\n\t<meta property=\"og:image:height\" content=\"452\" \/>\n\t<meta property=\"og:image:type\" content=\"image\/png\" \/>\n<meta name=\"twitter:card\" content=\"summary_large_image\" \/>\n<meta name=\"twitter:label1\" content=\"\u01af\u1edbc t\u00ednh th\u1eddi gian \u0111\u1ecdc\" \/>\n\t<meta name=\"twitter:data1\" content=\"2 ph\u00fat\" \/>\n<script type=\"application\/ld+json\" class=\"yoast-schema-graph\">{\"@context\":\"https:\/\/schema.org\",\"@graph\":[{\"@type\":\"WebPage\",\"@id\":\"https:\/\/omanivietnam.com\/index.php\/san-pham\/banner-ea5r450pixmodq\/\",\"url\":\"https:\/\/omanivietnam.com\/index.php\/san-pham\/banner-ea5r450pixmodq\/\",\"name\":\"BANNER EA5R450PIXMODQ - OMANI VI\u1ec6T NAM\",\"isPartOf\":{\"@id\":\"https:\/\/omanivietnam.com\/#website\"},\"primaryImageOfPage\":{\"@id\":\"https:\/\/omanivietnam.com\/index.php\/san-pham\/banner-ea5r450pixmodq\/#primaryimage\"},\"image\":{\"@id\":\"https:\/\/omanivietnam.com\/index.php\/san-pham\/banner-ea5r450pixmodq\/#primaryimage\"},\"thumbnailUrl\":\"https:\/\/omanivietnam.com\/wp-content\/uploads\/2024\/10\/EA5R450PIXMODQ.png\",\"datePublished\":\"2024-10-13T09:32:21+00:00\",\"dateModified\":\"2024-10-13T09:48:29+00:00\",\"breadcrumb\":{\"@id\":\"https:\/\/omanivietnam.com\/index.php\/san-pham\/banner-ea5r450pixmodq\/#breadcrumb\"},\"inLanguage\":\"vi\",\"potentialAction\":[{\"@type\":\"ReadAction\",\"target\":[\"https:\/\/omanivietnam.com\/index.php\/san-pham\/banner-ea5r450pixmodq\/\"]}]},{\"@type\":\"ImageObject\",\"inLanguage\":\"vi\",\"@id\":\"https:\/\/omanivietnam.com\/index.php\/san-pham\/banner-ea5r450pixmodq\/#primaryimage\",\"url\":\"https:\/\/omanivietnam.com\/wp-content\/uploads\/2024\/10\/EA5R450PIXMODQ.png\",\"contentUrl\":\"https:\/\/omanivietnam.com\/wp-content\/uploads\/2024\/10\/EA5R450PIXMODQ.png\",\"width\":448,\"height\":452},{\"@type\":\"BreadcrumbList\",\"@id\":\"https:\/\/omanivietnam.com\/index.php\/san-pham\/banner-ea5r450pixmodq\/#breadcrumb\",\"itemListElement\":[{\"@type\":\"ListItem\",\"position\":1,\"name\":\"Home\",\"item\":\"https:\/\/omanivietnam.com\/\"},{\"@type\":\"ListItem\",\"position\":2,\"name\":\"S\u1ea2N PH\u1ea8M\",\"item\":\"https:\/\/omanivietnam.com\/index.php\/cua-hang\/\"},{\"@type\":\"ListItem\",\"position\":3,\"name\":\"BANNER EA5R450PIXMODQ\"}]},{\"@type\":\"WebSite\",\"@id\":\"https:\/\/omanivietnam.com\/#website\",\"url\":\"https:\/\/omanivietnam.com\/\",\"name\":\"OMANI VI\u1ec6T NAM\",\"description\":\"Nh\u00e0 ph\u00e2n ph\u1ed1i thi\u1ebft b\u1ecb kh\u00ed n\u00e9n v\u00e0 thi\u1ebft b\u1ecb t\u1ef1 \u0111\u1ed9ng h\u00f3a trong c\u00f4ng nghi\u1ec7p\",\"publisher\":{\"@id\":\"https:\/\/omanivietnam.com\/#\/schema\/person\/0ad398a980dc3fd696111c2c5c8fa897\"},\"potentialAction\":[{\"@type\":\"SearchAction\",\"target\":{\"@type\":\"EntryPoint\",\"urlTemplate\":\"https:\/\/omanivietnam.com\/?s={search_term_string}\"},\"query-input\":\"required name=search_term_string\"}],\"inLanguage\":\"vi\"},{\"@type\":[\"Person\",\"Organization\"],\"@id\":\"https:\/\/omanivietnam.com\/#\/schema\/person\/0ad398a980dc3fd696111c2c5c8fa897\",\"name\":\"Nguy\u1ec5n V\u0103n Kh\u00e1nh\",\"image\":{\"@type\":\"ImageObject\",\"inLanguage\":\"vi\",\"@id\":\"https:\/\/omanivietnam.com\/#\/schema\/person\/image\/\",\"url\":\"https:\/\/omanivietnam.com\/wp-content\/uploads\/2024\/06\/logo-1024x1024.png\",\"contentUrl\":\"https:\/\/omanivietnam.com\/wp-content\/uploads\/2024\/06\/logo-1024x1024.png\",\"width\":1024,\"height\":1024,\"caption\":\"Nguy\u1ec5n V\u0103n Kh\u00e1nh\"},\"logo\":{\"@id\":\"https:\/\/omanivietnam.com\/#\/schema\/person\/image\/\"},\"sameAs\":[\"https:\/\/omanivietnam.com\"]}]}<\/script>\n<!-- \/ Yoast SEO plugin. -->","yoast_head_json":{"title":"BANNER EA5R450PIXMODQ - OMANI VI\u1ec6T NAM","robots":{"index":"index","follow":"follow","max-snippet":"max-snippet:-1","max-image-preview":"max-image-preview:large","max-video-preview":"max-video-preview:-1"},"canonical":"https:\/\/omanivietnam.com\/index.php\/san-pham\/banner-ea5r450pixmodq\/","og_locale":"vi_VN","og_type":"article","og_title":"BANNER EA5R450PIXMODQ - OMANI VI\u1ec6T NAM","og_description":"BANNER EA5R450PIXMODQ Housing Length (mm)529 Quick Disconnect TypeM12 Sensing Mode (Detailed)Receiver Device TypeTwo-Piece Primary Housing MaterialAluminum Beam Spacing5 mm Modbus RTUYes RS-485Yes Power Supply12-30 V dc Emitter\/Receiver Range (m)0.4 &#8211; 4 Discrete OutputPNP Analog OutputCurrent (4-20 mA) Max Relative Humidity95% Minimum Object Sensitivity (mm)5-10 Number of Beams90 Min Temp (\u00b0C)-40&hellip;","og_url":"https:\/\/omanivietnam.com\/index.php\/san-pham\/banner-ea5r450pixmodq\/","og_site_name":"OMANI VI\u1ec6T NAM","article_modified_time":"2024-10-13T09:48:29+00:00","og_image":[{"width":448,"height":452,"url":"https:\/\/omanivietnam.com\/wp-content\/uploads\/2024\/10\/EA5R450PIXMODQ.png","type":"image\/png"}],"twitter_card":"summary_large_image","twitter_misc":{"\u01af\u1edbc t\u00ednh th\u1eddi gian \u0111\u1ecdc":"2 ph\u00fat"},"schema":{"@context":"https:\/\/schema.org","@graph":[{"@type":"WebPage","@id":"https:\/\/omanivietnam.com\/index.php\/san-pham\/banner-ea5r450pixmodq\/","url":"https:\/\/omanivietnam.com\/index.php\/san-pham\/banner-ea5r450pixmodq\/","name":"BANNER EA5R450PIXMODQ - OMANI VI\u1ec6T NAM","isPartOf":{"@id":"https:\/\/omanivietnam.com\/#website"},"primaryImageOfPage":{"@id":"https:\/\/omanivietnam.com\/index.php\/san-pham\/banner-ea5r450pixmodq\/#primaryimage"},"image":{"@id":"https:\/\/omanivietnam.com\/index.php\/san-pham\/banner-ea5r450pixmodq\/#primaryimage"},"thumbnailUrl":"https:\/\/omanivietnam.com\/wp-content\/uploads\/2024\/10\/EA5R450PIXMODQ.png","datePublished":"2024-10-13T09:32:21+00:00","dateModified":"2024-10-13T09:48:29+00:00","breadcrumb":{"@id":"https:\/\/omanivietnam.com\/index.php\/san-pham\/banner-ea5r450pixmodq\/#breadcrumb"},"inLanguage":"vi","potentialAction":[{"@type":"ReadAction","target":["https:\/\/omanivietnam.com\/index.php\/san-pham\/banner-ea5r450pixmodq\/"]}]},{"@type":"ImageObject","inLanguage":"vi","@id":"https:\/\/omanivietnam.com\/index.php\/san-pham\/banner-ea5r450pixmodq\/#primaryimage","url":"https:\/\/omanivietnam.com\/wp-content\/uploads\/2024\/10\/EA5R450PIXMODQ.png","contentUrl":"https:\/\/omanivietnam.com\/wp-content\/uploads\/2024\/10\/EA5R450PIXMODQ.png","width":448,"height":452},{"@type":"BreadcrumbList","@id":"https:\/\/omanivietnam.com\/index.php\/san-pham\/banner-ea5r450pixmodq\/#breadcrumb","itemListElement":[{"@type":"ListItem","position":1,"name":"Home","item":"https:\/\/omanivietnam.com\/"},{"@type":"ListItem","position":2,"name":"S\u1ea2N PH\u1ea8M","item":"https:\/\/omanivietnam.com\/index.php\/cua-hang\/"},{"@type":"ListItem","position":3,"name":"BANNER EA5R450PIXMODQ"}]},{"@type":"WebSite","@id":"https:\/\/omanivietnam.com\/#website","url":"https:\/\/omanivietnam.com\/","name":"OMANI VI\u1ec6T NAM","description":"Nh\u00e0 ph\u00e2n ph\u1ed1i thi\u1ebft b\u1ecb kh\u00ed n\u00e9n v\u00e0 thi\u1ebft b\u1ecb t\u1ef1 \u0111\u1ed9ng h\u00f3a trong c\u00f4ng nghi\u1ec7p","publisher":{"@id":"https:\/\/omanivietnam.com\/#\/schema\/person\/0ad398a980dc3fd696111c2c5c8fa897"},"potentialAction":[{"@type":"SearchAction","target":{"@type":"EntryPoint","urlTemplate":"https:\/\/omanivietnam.com\/?s={search_term_string}"},"query-input":"required name=search_term_string"}],"inLanguage":"vi"},{"@type":["Person","Organization"],"@id":"https:\/\/omanivietnam.com\/#\/schema\/person\/0ad398a980dc3fd696111c2c5c8fa897","name":"Nguy\u1ec5n V\u0103n Kh\u00e1nh","image":{"@type":"ImageObject","inLanguage":"vi","@id":"https:\/\/omanivietnam.com\/#\/schema\/person\/image\/","url":"https:\/\/omanivietnam.com\/wp-content\/uploads\/2024\/06\/logo-1024x1024.png","contentUrl":"https:\/\/omanivietnam.com\/wp-content\/uploads\/2024\/06\/logo-1024x1024.png","width":1024,"height":1024,"caption":"Nguy\u1ec5n V\u0103n Kh\u00e1nh"},"logo":{"@id":"https:\/\/omanivietnam.com\/#\/schema\/person\/image\/"},"sameAs":["https:\/\/omanivietnam.com"]}]}},"_links":{"self":[{"href":"https:\/\/omanivietnam.com\/index.php\/wp-json\/wp\/v2\/product\/2139","targetHints":{"allow":["GET"]}}],"collection":[{"href":"https:\/\/omanivietnam.com\/index.php\/wp-json\/wp\/v2\/product"}],"about":[{"href":"https:\/\/omanivietnam.com\/index.php\/wp-json\/wp\/v2\/types\/product"}],"replies":[{"embeddable":true,"href":"https:\/\/omanivietnam.com\/index.php\/wp-json\/wp\/v2\/comments?post=2139"}],"wp:featuredmedia":[{"embeddable":true,"href":"https:\/\/omanivietnam.com\/index.php\/wp-json\/wp\/v2\/media\/2140"}],"wp:attachment":[{"href":"https:\/\/omanivietnam.com\/index.php\/wp-json\/wp\/v2\/media?parent=2139"}],"wp:term":[{"taxonomy":"product_cat","embeddable":true,"href":"https:\/\/omanivietnam.com\/index.php\/wp-json\/wp\/v2\/product_cat?post=2139"},{"taxonomy":"product_tag","embeddable":true,"href":"https:\/\/omanivietnam.com\/index.php\/wp-json\/wp\/v2\/product_tag?post=2139"}],"curies":[{"name":"wp","href":"https:\/\/api.w.org\/{rel}","templated":true}]}}