{"id":2145,"date":"2024-10-14T06:00:45","date_gmt":"2024-10-13T23:00:45","guid":{"rendered":"https:\/\/omanivietnam.com\/?post_type=product&#038;p=2145"},"modified":"2024-10-14T06:07:07","modified_gmt":"2024-10-13T23:07:07","slug":"smc-vnh411b-25a","status":"publish","type":"product","link":"https:\/\/omanivietnam.com\/index.php\/san-pham\/smc-vnh411b-25a\/","title":{"rendered":"SMC VNH411B-25A"},"content":{"rendered":"<p>SMC VNH411B-25A<\/p>\n<p>Part Number : VNH411B-25A 3.5 MPa \/ 7.0 MPa High Pressure Coolant Valve VNH Series<\/p>\n<p class=\"m-h1\">3.5\u00a0MPa \/ 7.0\u00a0MPa High Pressure Coolant Valve VNH Series (VNH411B-25A)<\/p>\n<p class=\"m-h2\">Product Description<\/p>\n<p>A coolant valve for use in high speed grinding and long drill machining.<br \/>\n[Features]<br \/>\n\u00b7 Suitable for lubrication, blowing away dust and cooling via high pressure coolant (3.5\u00a0MPa \/ 7.0\u00a0MPa).<br \/>\n\u00b7 Thread type: Rc\/G\/NPT\/NPTF.<br \/>\n\u00b7 Connection port size: 3\/8, 1\/2, 3\/4, 1.<br \/>\n\u00b7 Number of ports: 2 ports, 3 ports.<br \/>\n\u00b7 Seal materials: FKM\/NBR.<\/p>\n<p>&nbsp;<\/p>\n<p class=\"m-h3\"><span data-lang=\"ENG\">Configured Specifications<\/span><\/p>\n<table class=\"m-listTable\" summary=\"Price, Spec., etc.\">\n<colgroup>\n<col width=\"20%\" \/>\n<col width=\"30%\" \/>\n<col width=\"20%\" \/>\n<col width=\"30%\" \/><\/colgroup>\n<tbody>\n<tr>\n<th>Type<\/th>\n<td>Air Operating Type<\/td>\n<th>Applicable Fluid<\/th>\n<td>Coolant<\/td>\n<\/tr>\n<tr>\n<th>Operating Environment<\/th>\n<td>Standard<\/td>\n<th>Switching Type<\/th>\n<td>Normally Closed<\/td>\n<\/tr>\n<tr>\n<th>Connection Type<\/th>\n<td>[Rc (R)] Rc<\/td>\n<th>Plumbing Thread Nominal<\/th>\n<td>1<\/td>\n<\/tr>\n<tr>\n<th>Driving Type<\/th>\n<td>Pilot Type<\/td>\n<th>Orifice Dia.(\u00d8)<\/th>\n<td>14.3<\/td>\n<\/tr>\n<tr>\n<th>Operating Temperature Range(\u00b0C)<\/th>\n<td>-5\uff5e50<\/td>\n<th>Number of Solenoids<\/th>\n<td>Single Solenoid<\/td>\n<\/tr>\n<tr>\n<th>Application<\/th>\n<td>Single Item<\/td>\n<th>Voltage<\/th>\n<td>&#8211;<\/td>\n<\/tr>\n<tr class=\"VN_table-row\">\n<th>Sealing materials<\/th>\n<td>FKM<\/td>\n<th>Option<\/th>\n<td>3 Port<\/td>\n<\/tr>\n<tr class=\"VN_table-row\">\n<th>Body material<\/th>\n<td>Cast iron<\/td>\n<th>Bracket<\/th>\n<td>None<\/td>\n<\/tr>\n<tr class=\"VN_table-row\">\n<th>Functions<\/th>\n<td>None<\/td>\n<th>CE compliant<\/th>\n<td>&#8211;<\/td>\n<\/tr>\n<tr class=\"VN_table-row\">\n<th>Lead wire electrical entry<\/th>\n<td>None<\/td>\n<th>Number of ports<\/th>\n<td>&#8211;<\/td>\n<\/tr>\n<tr class=\"VN_table-row\">\n<th>Types of Related components<\/th>\n<td>&#8211;<\/td>\n<th>RoHS<\/th>\n<td>&#8211;<\/td>\n<\/tr>\n<\/tbody>\n<\/table>\n<p>&nbsp;<\/p>\n<p>VNH111A-10A VNH111B-10A<\/p>\n<p>VNH211A-15A VNH211B-15A<\/p>\n<p>VNH311A-20A VNH311B-20A<\/p>\n<p>VNH411A-25A VNH411B-25A<\/p>\n<p>VNH113A-10A VNH113B-10A<\/p>\n<p>VNH213A-15A VNH213B-15A<\/p>\n<p>VNH313A-20A VNH313B-20A<\/p>\n<p>VNH413A-25A VNH413B-25A<\/p>\n<p>VNH113A-10A VNH113B-10A<\/p>\n<p>VNH223A-15A VNH223B-15A<\/p>\n<p>VNH333A-20A VNH333B-20A<\/p>\n<p>VNH433A-25A VNH433B-25A<\/p>\n<p>&nbsp;<\/p>\n<table class=\"m-table\" style=\"height: 1026px\" width=\"1287\">\n<thead>\n<tr>\n<th colspan=\"2\" rowspan=\"2\">Model<\/th>\n<th colspan=\"8\">3 Port Valve<\/th>\n<th colspan=\"4\">2-port valve<\/th>\n<\/tr>\n<tr>\n<th>VNH111A-10A VNH111B-10A<\/th>\n<th>VNH211A-15A VNH211B-15A<\/th>\n<th>VNH311A-20A VNH311B-20A<\/th>\n<th>VNH411A-25A VNH411B-25A<\/th>\n<th>VNH113A-10A VNH113B-10A<\/th>\n<th>VNH213A-15A VNH213B-15A<\/th>\n<th>VNH313A-20A VNH313B-20A<\/th>\n<th>VNH413A-25A VNH413B-25A<\/th>\n<th>VNH113A-10A VNH113B-10A<\/th>\n<th>VNH223A-15A VNH223B-15A<\/th>\n<th>VNH333A-20A VNH333B-20A<\/th>\n<th>VNH433A-25A VNH433B-25A<\/th>\n<\/tr>\n<\/thead>\n<tbody>\n<tr>\n<th colspan=\"2\">Applicable Fluid Pressure<\/th>\n<td colspan=\"4\">0 to 3.5\u00a0MPa<\/td>\n<td colspan=\"8\">0 to 7.0\u00a0MPa<\/td>\n<\/tr>\n<tr>\n<th colspan=\"2\">Fluid (Main Piping)<\/th>\n<td colspan=\"12\">Coolant\u00a0<sup>*2<\/sup><\/td>\n<\/tr>\n<tr>\n<th colspan=\"2\">Operating Method<\/th>\n<td colspan=\"12\">External pilot solenoid type \/ air operated type<\/td>\n<\/tr>\n<tr>\n<th rowspan=\"2\">Operating Fluid Temperature<\/th>\n<th>VNH\u25a1\u25a11A<br \/>\nVNH\u25a1\u25a13A<\/th>\n<td colspan=\"12\"><sup>*1<\/sup>-5 to +60\u00b0C \/\u00a0<sup>*1<\/sup>-5 to +60\u00b0C (NBR seal)<\/td>\n<\/tr>\n<tr>\n<th>VNH\u25a1\u25a11B<br \/>\nVNH\u25a1\u25a13B<\/th>\n<td colspan=\"12\"><sup>*1<\/sup>-5 to +60\u00b0C \/\u00a0<sup>*1<\/sup>-5 to +99\u00b0C (FKM seal)<\/td>\n<\/tr>\n<tr>\n<th rowspan=\"3\">Pilot Air<\/th>\n<th>Pressure<\/th>\n<td colspan=\"12\">0.25 to 0.7\u00a0MPa<\/td>\n<\/tr>\n<tr>\n<th>Temperature<\/th>\n<td colspan=\"12\"><sup>*1<\/sup>: -5 to +50\u2103<\/td>\n<\/tr>\n<tr>\n<th>Lubrication<\/th>\n<td colspan=\"12\">Not required (if lubricating, use turbine oil class 1 ISO VG32)<\/td>\n<\/tr>\n<tr>\n<th colspan=\"2\">Proof Pressure<\/th>\n<td colspan=\"4\">5.5\u00a0MPa<\/td>\n<td colspan=\"8\">10.5 MPa<\/td>\n<\/tr>\n<tr>\n<th colspan=\"2\">Ambient Temperature<\/th>\n<td colspan=\"12\"><sup>*1<\/sup>: -5 to +50\u2103<\/td>\n<\/tr>\n<tr>\n<th colspan=\"2\">Maximum Operating Frequency<\/th>\n<td colspan=\"12\">20 times\/min<\/td>\n<\/tr>\n<tr>\n<th colspan=\"2\">Mounting Orientation<\/th>\n<td colspan=\"12\">Vertical facing up<\/td>\n<\/tr>\n<tr>\n<th colspan=\"2\">Piping Connection Port Diameter<\/th>\n<td>3\/8<\/td>\n<td>1\/2<\/td>\n<td>3\/4<\/td>\n<td>1<\/td>\n<td>3\/8<\/td>\n<td>1\/2<\/td>\n<td>3\/4<\/td>\n<td>1<\/td>\n<td>3\/8<\/td>\n<td>1\/2<\/td>\n<td>3\/4<\/td>\n<td>1<\/td>\n<\/tr>\n<tr>\n<th colspan=\"2\">Orifice Diameter [mm]<\/th>\n<td>\u00f87.1\u00a0mm or equivalent<\/td>\n<td>\u00f88.7\u00a0mm or equivalent<\/td>\n<td>\u00f810.6\u00a0mm or equivalent<\/td>\n<td>\u00f814.3\u00a0mm or equivalent<\/td>\n<td>\u00f83.9\u00a0mm or equivalent<\/td>\n<td>\u00f85.2\u00a0mm or equivalent<\/td>\n<td>\u00f86.2\u00a0mm or equivalent<\/td>\n<td>\u00f87.3\u00a0mm or equivalent<\/td>\n<td>\u00f88\u00a0mm<\/td>\n<td>\u00f89.5\u00a0mm<\/td>\n<td>\u00f813\u00a0mm<\/td>\n<td>\u00f815.7\u00a0mm<\/td>\n<\/tr>\n<tr>\n<th rowspan=\"2\">Flow Rate Characteristics<\/th>\n<th>Kv<\/th>\n<td>1.6<\/td>\n<td>3.1<\/td>\n<td>3.9<\/td>\n<td>6.8<\/td>\n<td>0.5<\/td>\n<td>1.0<\/td>\n<td>1.4<\/td>\n<td>2.1<\/td>\n<td>1.9<\/td>\n<td>2.7<\/td>\n<td>5.0<\/td>\n<td>7.5<\/td>\n<\/tr>\n<tr>\n<th>Conversion Cv<\/th>\n<td>1.9<\/td>\n<td>3.6<\/td>\n<td>4.5<\/td>\n<td>7.8<\/td>\n<td>0.6<\/td>\n<td>1.2<\/td>\n<td>1.6<\/td>\n<td>2.4<\/td>\n<td>2.2<\/td>\n<td>3.1<\/td>\n<td>5.8<\/td>\n<td>8.7<\/td>\n<\/tr>\n<tr>\n<th colspan=\"2\">Pilot Connection Port Diameter<\/th>\n<td colspan=\"2\">1\/8<\/td>\n<td colspan=\"2\">1\/4<\/td>\n<td colspan=\"2\">1\/8<\/td>\n<td colspan=\"2\">1\/4<\/td>\n<td colspan=\"2\">1\/8<\/td>\n<td colspan=\"2\">1\/4<\/td>\n<\/tr>\n<tr>\n<th colspan=\"2\">Weight (kg)<\/th>\n<td>2<\/td>\n<td>3.1<\/td>\n<td>5.6<\/td>\n<td>8.2<\/td>\n<td>2<\/td>\n<td>3.1<\/td>\n<td>5.6<\/td>\n<td>8.2<\/td>\n<td>2<\/td>\n<td>3.1<\/td>\n<td>5.6<\/td>\n<td>8.2<\/td>\n<\/tr>\n<tr>\n<th colspan=\"2\">Face-to-Face Dimensions [mm]<\/th>\n<td>60<\/td>\n<td>80<\/td>\n<td>100<\/td>\n<td>115<\/td>\n<td>60<\/td>\n<td>80<\/td>\n<td>100<\/td>\n<td>11<\/p>\n<p>5<\/td>\n<td>60<\/td>\n<td>80<\/td>\n<td>100<\/td>\n<td>115<\/td>\n<\/tr>\n<\/tbody>\n<\/table>\n<p>&nbsp;<\/p>\n<p>\u0110\u1ea1i l\u00fd SMC vietnam, SMC viet nam, SMC vietnam distributor, Ph\u00e2n ph\u1ed1i SMC t\u1ea1i vi\u1ec7t nam<\/p>\n<p>\u0110\u1ea1i l\u00fd SMC vietnam, SMC viet nam, SMC vietnam distributor, Ph\u00e2n ph\u1ed1i SMC t\u1ea1i vi\u1ec7t nam<\/p>\n<p>\u0110\u1ea1i l\u00fd SMC vietnam, SMC viet nam, SMC vietnam distributor, Ph\u00e2n ph\u1ed1i SMC t\u1ea1i vi\u1ec7t nam<\/p>\n<p>\u0110\u1ea1i l\u00fd SMC vietnam, SMC viet nam, SMC vietnam distributor, Ph\u00e2n ph\u1ed1i SMC t\u1ea1i vi\u1ec7t nam<\/p>\n<p>\u0110\u1ea1i l\u00fd SMC vietnam, SMC viet nam, SMC vietnam distributor, Ph\u00e2n ph\u1ed1i SMC t\u1ea1i vi\u1ec7t nam<\/p>\n","protected":false},"excerpt":{"rendered":"<p>SMC VNH411B-25A Part Number : VNH411B-25A 3.5 MPa \/ 7.0 MPa High Pressure Coolant Valve VNH Series 3.5\u00a0MPa \/ 7.0\u00a0MPa High Pressure Coolant Valve VNH Series (VNH411B-25A) Product Description A coolant valve for use in high speed grinding and long drill machining. [Features] \u00b7 Suitable for lubrication, blowing away dust&hellip; <\/p>\n","protected":false},"featured_media":2146,"comment_status":"open","ping_status":"closed","template":"","meta":[],"product_cat":[283],"product_tag":[93,92,451],"class_list":{"0":"post-2145","1":"product","2":"type-product","3":"status-publish","4":"has-post-thumbnail","6":"product_cat-smc","7":"product_tag-dai-ly-smc-viet-nam","8":"product_tag-smc-viet-nam","9":"product_tag-van","11":"first","12":"instock","13":"shipping-taxable","14":"product-type-simple"},"yoast_head":"<!-- This site is optimized with the Yoast SEO plugin v22.8 - https:\/\/yoast.com\/wordpress\/plugins\/seo\/ -->\n<title>SMC VNH411B-25A - OMANI VI\u1ec6T NAM<\/title>\n<meta name=\"robots\" content=\"index, follow, max-snippet:-1, max-image-preview:large, max-video-preview:-1\" \/>\n<link rel=\"canonical\" href=\"https:\/\/omanivietnam.com\/index.php\/san-pham\/smc-vnh411b-25a\/\" \/>\n<meta property=\"og:locale\" content=\"vi_VN\" \/>\n<meta property=\"og:type\" content=\"article\" \/>\n<meta property=\"og:title\" content=\"SMC VNH411B-25A - OMANI VI\u1ec6T NAM\" \/>\n<meta property=\"og:description\" content=\"SMC VNH411B-25A Part Number : VNH411B-25A 3.5 MPa \/ 7.0 MPa High Pressure Coolant Valve VNH Series 3.5\u00a0MPa \/ 7.0\u00a0MPa High Pressure Coolant Valve VNH Series (VNH411B-25A) Product Description A coolant valve for use in high speed grinding and long drill machining. [Features] \u00b7 Suitable for lubrication, blowing away dust&hellip;\" \/>\n<meta property=\"og:url\" content=\"https:\/\/omanivietnam.com\/index.php\/san-pham\/smc-vnh411b-25a\/\" \/>\n<meta property=\"og:site_name\" content=\"OMANI VI\u1ec6T NAM\" \/>\n<meta property=\"article:modified_time\" content=\"2024-10-13T23:07:07+00:00\" \/>\n<meta property=\"og:image\" content=\"https:\/\/omanivietnam.com\/wp-content\/uploads\/2024\/10\/VNH411B-25A.png\" \/>\n\t<meta property=\"og:image:width\" content=\"435\" \/>\n\t<meta property=\"og:image:height\" content=\"408\" \/>\n\t<meta property=\"og:image:type\" content=\"image\/png\" \/>\n<meta name=\"twitter:card\" content=\"summary_large_image\" \/>\n<meta name=\"twitter:label1\" content=\"\u01af\u1edbc t\u00ednh th\u1eddi gian \u0111\u1ecdc\" \/>\n\t<meta name=\"twitter:data1\" content=\"4 ph\u00fat\" \/>\n<script type=\"application\/ld+json\" class=\"yoast-schema-graph\">{\"@context\":\"https:\/\/schema.org\",\"@graph\":[{\"@type\":\"WebPage\",\"@id\":\"https:\/\/omanivietnam.com\/index.php\/san-pham\/smc-vnh411b-25a\/\",\"url\":\"https:\/\/omanivietnam.com\/index.php\/san-pham\/smc-vnh411b-25a\/\",\"name\":\"SMC VNH411B-25A - OMANI VI\u1ec6T NAM\",\"isPartOf\":{\"@id\":\"https:\/\/omanivietnam.com\/#website\"},\"primaryImageOfPage\":{\"@id\":\"https:\/\/omanivietnam.com\/index.php\/san-pham\/smc-vnh411b-25a\/#primaryimage\"},\"image\":{\"@id\":\"https:\/\/omanivietnam.com\/index.php\/san-pham\/smc-vnh411b-25a\/#primaryimage\"},\"thumbnailUrl\":\"https:\/\/omanivietnam.com\/wp-content\/uploads\/2024\/10\/VNH411B-25A.png\",\"datePublished\":\"2024-10-13T23:00:45+00:00\",\"dateModified\":\"2024-10-13T23:07:07+00:00\",\"breadcrumb\":{\"@id\":\"https:\/\/omanivietnam.com\/index.php\/san-pham\/smc-vnh411b-25a\/#breadcrumb\"},\"inLanguage\":\"vi\",\"potentialAction\":[{\"@type\":\"ReadAction\",\"target\":[\"https:\/\/omanivietnam.com\/index.php\/san-pham\/smc-vnh411b-25a\/\"]}]},{\"@type\":\"ImageObject\",\"inLanguage\":\"vi\",\"@id\":\"https:\/\/omanivietnam.com\/index.php\/san-pham\/smc-vnh411b-25a\/#primaryimage\",\"url\":\"https:\/\/omanivietnam.com\/wp-content\/uploads\/2024\/10\/VNH411B-25A.png\",\"contentUrl\":\"https:\/\/omanivietnam.com\/wp-content\/uploads\/2024\/10\/VNH411B-25A.png\",\"width\":435,\"height\":408},{\"@type\":\"BreadcrumbList\",\"@id\":\"https:\/\/omanivietnam.com\/index.php\/san-pham\/smc-vnh411b-25a\/#breadcrumb\",\"itemListElement\":[{\"@type\":\"ListItem\",\"position\":1,\"name\":\"Home\",\"item\":\"https:\/\/omanivietnam.com\/\"},{\"@type\":\"ListItem\",\"position\":2,\"name\":\"S\u1ea2N PH\u1ea8M\",\"item\":\"https:\/\/omanivietnam.com\/index.php\/cua-hang\/\"},{\"@type\":\"ListItem\",\"position\":3,\"name\":\"SMC VNH411B-25A\"}]},{\"@type\":\"WebSite\",\"@id\":\"https:\/\/omanivietnam.com\/#website\",\"url\":\"https:\/\/omanivietnam.com\/\",\"name\":\"OMANI VI\u1ec6T NAM\",\"description\":\"Nh\u00e0 ph\u00e2n ph\u1ed1i thi\u1ebft b\u1ecb kh\u00ed n\u00e9n v\u00e0 thi\u1ebft b\u1ecb t\u1ef1 \u0111\u1ed9ng h\u00f3a trong c\u00f4ng nghi\u1ec7p\",\"publisher\":{\"@id\":\"https:\/\/omanivietnam.com\/#\/schema\/person\/0ad398a980dc3fd696111c2c5c8fa897\"},\"potentialAction\":[{\"@type\":\"SearchAction\",\"target\":{\"@type\":\"EntryPoint\",\"urlTemplate\":\"https:\/\/omanivietnam.com\/?s={search_term_string}\"},\"query-input\":\"required name=search_term_string\"}],\"inLanguage\":\"vi\"},{\"@type\":[\"Person\",\"Organization\"],\"@id\":\"https:\/\/omanivietnam.com\/#\/schema\/person\/0ad398a980dc3fd696111c2c5c8fa897\",\"name\":\"Nguy\u1ec5n V\u0103n Kh\u00e1nh\",\"image\":{\"@type\":\"ImageObject\",\"inLanguage\":\"vi\",\"@id\":\"https:\/\/omanivietnam.com\/#\/schema\/person\/image\/\",\"url\":\"https:\/\/omanivietnam.com\/wp-content\/uploads\/2024\/06\/logo-1024x1024.png\",\"contentUrl\":\"https:\/\/omanivietnam.com\/wp-content\/uploads\/2024\/06\/logo-1024x1024.png\",\"width\":1024,\"height\":1024,\"caption\":\"Nguy\u1ec5n V\u0103n Kh\u00e1nh\"},\"logo\":{\"@id\":\"https:\/\/omanivietnam.com\/#\/schema\/person\/image\/\"},\"sameAs\":[\"https:\/\/omanivietnam.com\"]}]}<\/script>\n<!-- \/ Yoast SEO plugin. -->","yoast_head_json":{"title":"SMC VNH411B-25A - OMANI VI\u1ec6T NAM","robots":{"index":"index","follow":"follow","max-snippet":"max-snippet:-1","max-image-preview":"max-image-preview:large","max-video-preview":"max-video-preview:-1"},"canonical":"https:\/\/omanivietnam.com\/index.php\/san-pham\/smc-vnh411b-25a\/","og_locale":"vi_VN","og_type":"article","og_title":"SMC VNH411B-25A - OMANI VI\u1ec6T NAM","og_description":"SMC VNH411B-25A Part Number : VNH411B-25A 3.5 MPa \/ 7.0 MPa High Pressure Coolant Valve VNH Series 3.5\u00a0MPa \/ 7.0\u00a0MPa High Pressure Coolant Valve VNH Series (VNH411B-25A) Product Description A coolant valve for use in high speed grinding and long drill machining. [Features] \u00b7 Suitable for lubrication, blowing away dust&hellip;","og_url":"https:\/\/omanivietnam.com\/index.php\/san-pham\/smc-vnh411b-25a\/","og_site_name":"OMANI VI\u1ec6T NAM","article_modified_time":"2024-10-13T23:07:07+00:00","og_image":[{"width":435,"height":408,"url":"https:\/\/omanivietnam.com\/wp-content\/uploads\/2024\/10\/VNH411B-25A.png","type":"image\/png"}],"twitter_card":"summary_large_image","twitter_misc":{"\u01af\u1edbc t\u00ednh th\u1eddi gian \u0111\u1ecdc":"4 ph\u00fat"},"schema":{"@context":"https:\/\/schema.org","@graph":[{"@type":"WebPage","@id":"https:\/\/omanivietnam.com\/index.php\/san-pham\/smc-vnh411b-25a\/","url":"https:\/\/omanivietnam.com\/index.php\/san-pham\/smc-vnh411b-25a\/","name":"SMC VNH411B-25A - OMANI VI\u1ec6T NAM","isPartOf":{"@id":"https:\/\/omanivietnam.com\/#website"},"primaryImageOfPage":{"@id":"https:\/\/omanivietnam.com\/index.php\/san-pham\/smc-vnh411b-25a\/#primaryimage"},"image":{"@id":"https:\/\/omanivietnam.com\/index.php\/san-pham\/smc-vnh411b-25a\/#primaryimage"},"thumbnailUrl":"https:\/\/omanivietnam.com\/wp-content\/uploads\/2024\/10\/VNH411B-25A.png","datePublished":"2024-10-13T23:00:45+00:00","dateModified":"2024-10-13T23:07:07+00:00","breadcrumb":{"@id":"https:\/\/omanivietnam.com\/index.php\/san-pham\/smc-vnh411b-25a\/#breadcrumb"},"inLanguage":"vi","potentialAction":[{"@type":"ReadAction","target":["https:\/\/omanivietnam.com\/index.php\/san-pham\/smc-vnh411b-25a\/"]}]},{"@type":"ImageObject","inLanguage":"vi","@id":"https:\/\/omanivietnam.com\/index.php\/san-pham\/smc-vnh411b-25a\/#primaryimage","url":"https:\/\/omanivietnam.com\/wp-content\/uploads\/2024\/10\/VNH411B-25A.png","contentUrl":"https:\/\/omanivietnam.com\/wp-content\/uploads\/2024\/10\/VNH411B-25A.png","width":435,"height":408},{"@type":"BreadcrumbList","@id":"https:\/\/omanivietnam.com\/index.php\/san-pham\/smc-vnh411b-25a\/#breadcrumb","itemListElement":[{"@type":"ListItem","position":1,"name":"Home","item":"https:\/\/omanivietnam.com\/"},{"@type":"ListItem","position":2,"name":"S\u1ea2N PH\u1ea8M","item":"https:\/\/omanivietnam.com\/index.php\/cua-hang\/"},{"@type":"ListItem","position":3,"name":"SMC VNH411B-25A"}]},{"@type":"WebSite","@id":"https:\/\/omanivietnam.com\/#website","url":"https:\/\/omanivietnam.com\/","name":"OMANI VI\u1ec6T NAM","description":"Nh\u00e0 ph\u00e2n ph\u1ed1i thi\u1ebft b\u1ecb kh\u00ed n\u00e9n v\u00e0 thi\u1ebft b\u1ecb t\u1ef1 \u0111\u1ed9ng h\u00f3a trong c\u00f4ng nghi\u1ec7p","publisher":{"@id":"https:\/\/omanivietnam.com\/#\/schema\/person\/0ad398a980dc3fd696111c2c5c8fa897"},"potentialAction":[{"@type":"SearchAction","target":{"@type":"EntryPoint","urlTemplate":"https:\/\/omanivietnam.com\/?s={search_term_string}"},"query-input":"required name=search_term_string"}],"inLanguage":"vi"},{"@type":["Person","Organization"],"@id":"https:\/\/omanivietnam.com\/#\/schema\/person\/0ad398a980dc3fd696111c2c5c8fa897","name":"Nguy\u1ec5n V\u0103n Kh\u00e1nh","image":{"@type":"ImageObject","inLanguage":"vi","@id":"https:\/\/omanivietnam.com\/#\/schema\/person\/image\/","url":"https:\/\/omanivietnam.com\/wp-content\/uploads\/2024\/06\/logo-1024x1024.png","contentUrl":"https:\/\/omanivietnam.com\/wp-content\/uploads\/2024\/06\/logo-1024x1024.png","width":1024,"height":1024,"caption":"Nguy\u1ec5n V\u0103n Kh\u00e1nh"},"logo":{"@id":"https:\/\/omanivietnam.com\/#\/schema\/person\/image\/"},"sameAs":["https:\/\/omanivietnam.com"]}]}},"_links":{"self":[{"href":"https:\/\/omanivietnam.com\/index.php\/wp-json\/wp\/v2\/product\/2145","targetHints":{"allow":["GET"]}}],"collection":[{"href":"https:\/\/omanivietnam.com\/index.php\/wp-json\/wp\/v2\/product"}],"about":[{"href":"https:\/\/omanivietnam.com\/index.php\/wp-json\/wp\/v2\/types\/product"}],"replies":[{"embeddable":true,"href":"https:\/\/omanivietnam.com\/index.php\/wp-json\/wp\/v2\/comments?post=2145"}],"wp:featuredmedia":[{"embeddable":true,"href":"https:\/\/omanivietnam.com\/index.php\/wp-json\/wp\/v2\/media\/2146"}],"wp:attachment":[{"href":"https:\/\/omanivietnam.com\/index.php\/wp-json\/wp\/v2\/media?parent=2145"}],"wp:term":[{"taxonomy":"product_cat","embeddable":true,"href":"https:\/\/omanivietnam.com\/index.php\/wp-json\/wp\/v2\/product_cat?post=2145"},{"taxonomy":"product_tag","embeddable":true,"href":"https:\/\/omanivietnam.com\/index.php\/wp-json\/wp\/v2\/product_tag?post=2145"}],"curies":[{"name":"wp","href":"https:\/\/api.w.org\/{rel}","templated":true}]}}