{"id":2156,"date":"2024-10-14T21:12:53","date_gmt":"2024-10-14T14:12:53","guid":{"rendered":"https:\/\/omanivietnam.com\/?post_type=product&#038;p=2156"},"modified":"2024-10-14T21:13:40","modified_gmt":"2024-10-14T14:13:40","slug":"smc-vp3145-045dza-f","status":"publish","type":"product","link":"https:\/\/omanivietnam.com\/index.php\/san-pham\/smc-vp3145-045dza-f\/","title":{"rendered":"SMC VP3145-045DZA-F"},"content":{"rendered":"<p>SMC VP3145-045DZA-F<\/p>\n<p>SMC VP3145-045DZA-N VP3145-045DZA-N-Q<\/p>\n<p class=\"m-h1\">Large Size, 3-Port Solenoid Valve, Rubber Seal, VP3145\/3165\/3185 Series (VP3145-045DZA-N)<\/p>\n<p class=\"m-h2\">Product Description<\/p>\n<p>[Features]<br \/>\n\u30fb Large valve capacity and small exhaust resistor<br \/>\n\u30fb Easy to switch between N.C. and N.O.<br \/>\n\u30fb With the switching plate, it can be used for both N.C. and N.O. without changing the port<br \/>\n\u30fb It can be used in vacuum or low pressure<br \/>\n\u30fb There is no limit to the mounting posture<\/p>\n<p>&nbsp;<\/p>\n<table class=\"m-listTable\" summary=\"Price, Spec., etc.\">\n<tbody>\n<tr>\n<th>Type<\/th>\n<td>Solenoid Valves<\/td>\n<th>Application<\/th>\n<td>Single Use<\/td>\n<\/tr>\n<tr>\n<th>Number of Ports<\/th>\n<td>3-Port Valve<\/td>\n<th>Mounting Orientation<\/th>\n<td>Direct<\/td>\n<\/tr>\n<tr>\n<th>Specifications<\/th>\n<td>Standard<\/td>\n<th>Number of Solenoids<\/th>\n<td>[Single] Single<\/td>\n<\/tr>\n<tr>\n<th>Switching Type<\/th>\n<td>2-Position Normally Closed<\/td>\n<th>Status at Power Off<\/th>\n<td>Self-Recovery (Spring Return)<\/td>\n<\/tr>\n<tr>\n<th>Voltage<\/th>\n<td>DC24V<\/td>\n<th>Pipe Port Type<\/th>\n<td>NPT<\/td>\n<\/tr>\n<tr>\n<th>Plumbing Thread Nominal<\/th>\n<td>1\/2<\/td>\n<th>Plumbing<\/th>\n<td>Direct Plumbing<\/td>\n<\/tr>\n<tr class=\"VN_table-row\">\n<th>Driving Type<\/th>\n<td>Pilot Type Spool<\/td>\n<th>CV Value<\/th>\n<td>6.2<\/td>\n<\/tr>\n<tr class=\"VN_table-row\">\n<th>Seal Type<\/th>\n<td>Soft Seal<\/td>\n<th>Pressure Rating(MPa)<\/th>\n<td>0.2 to 0.8<\/td>\n<\/tr>\n<tr class=\"VN_table-row\">\n<th>Pilot Air Supply<\/th>\n<td>Internal<\/td>\n<th>Lead wire electrical entry<\/th>\n<td>DIN terminal with light \/ surge voltage suppressor<\/td>\n<\/tr>\n<tr class=\"VN_table-row\">\n<th>Indicator light \/ Surge voltage suppressor<\/th>\n<td>Without indicator light \/ surge voltage suppressor<\/td>\n<th>Made to order specifications<\/th>\n<td>&#8211;<\/td>\n<\/tr>\n<tr class=\"VN_table-row\">\n<th>CE compliant<\/th>\n<td>Yes<\/td>\n<th>Body size<\/th>\n<td>1\/2<\/td>\n<\/tr>\n<tr class=\"VN_table-row\">\n<th>Related component type<\/th>\n<td>&#8211;<\/td>\n<th>RoHS<\/th>\n<td>&#8211;<\/td>\n<\/tr>\n<\/tbody>\n<\/table>\n<p>&nbsp;<\/p>\n<p>\u0110\u1ea1i l\u00fd SMC vietnam, SMC viet nam, SMC vietnam distributor, Ph\u00e2n ph\u1ed1i SMC t\u1ea1i vi\u1ec7t nam<\/p>\n<p>\u0110\u1ea1i l\u00fd SMC vietnam, SMC viet nam, SMC vietnam distributor, Ph\u00e2n ph\u1ed1i SMC t\u1ea1i vi\u1ec7t nam<\/p>\n<p>\u0110\u1ea1i l\u00fd SMC vietnam, SMC viet nam, SMC vietnam distributor, Ph\u00e2n ph\u1ed1i SMC t\u1ea1i vi\u1ec7t nam<\/p>\n<p>\u0110\u1ea1i l\u00fd SMC vietnam, SMC viet nam, SMC vietnam distributor, Ph\u00e2n ph\u1ed1i SMC t\u1ea1i vi\u1ec7t nam<\/p>\n<p>\u0110\u1ea1i l\u00fd SMC vietnam, SMC viet nam, SMC vietnam distributor, Ph\u00e2n ph\u1ed1i SMC t\u1ea1i vi\u1ec7t nam<\/p>\n","protected":false},"excerpt":{"rendered":"<p>SMC VP3145-045DZA-F SMC VP3145-045DZA-N VP3145-045DZA-N-Q Large Size, 3-Port Solenoid Valve, Rubber Seal, VP3145\/3165\/3185 Series (VP3145-045DZA-N) Product Description [Features] \u30fb Large valve capacity and small exhaust resistor \u30fb Easy to switch between N.C. and N.O. \u30fb With the switching plate, it can be used for both N.C. and N.O. without changing&hellip; <\/p>\n","protected":false},"featured_media":2157,"comment_status":"open","ping_status":"closed","template":"","meta":[],"product_cat":[283],"product_tag":[93,92,451],"class_list":{"0":"post-2156","1":"product","2":"type-product","3":"status-publish","4":"has-post-thumbnail","6":"product_cat-smc","7":"product_tag-dai-ly-smc-viet-nam","8":"product_tag-smc-viet-nam","9":"product_tag-van","11":"first","12":"instock","13":"shipping-taxable","14":"product-type-simple"},"yoast_head":"<!-- This site is optimized with the Yoast SEO plugin v22.8 - https:\/\/yoast.com\/wordpress\/plugins\/seo\/ -->\n<title>SMC VP3145-045DZA-F - OMANI VI\u1ec6T NAM<\/title>\n<meta name=\"robots\" content=\"index, follow, max-snippet:-1, max-image-preview:large, max-video-preview:-1\" \/>\n<link rel=\"canonical\" href=\"https:\/\/omanivietnam.com\/index.php\/san-pham\/smc-vp3145-045dza-f\/\" \/>\n<meta property=\"og:locale\" content=\"vi_VN\" \/>\n<meta property=\"og:type\" content=\"article\" \/>\n<meta property=\"og:title\" content=\"SMC VP3145-045DZA-F - OMANI VI\u1ec6T NAM\" \/>\n<meta property=\"og:description\" content=\"SMC VP3145-045DZA-F SMC VP3145-045DZA-N VP3145-045DZA-N-Q Large Size, 3-Port Solenoid Valve, Rubber Seal, VP3145\/3165\/3185 Series (VP3145-045DZA-N) Product Description [Features] \u30fb Large valve capacity and small exhaust resistor \u30fb Easy to switch between N.C. and N.O. \u30fb With the switching plate, it can be used for both N.C. and N.O. without changing&hellip;\" \/>\n<meta property=\"og:url\" content=\"https:\/\/omanivietnam.com\/index.php\/san-pham\/smc-vp3145-045dza-f\/\" \/>\n<meta property=\"og:site_name\" content=\"OMANI VI\u1ec6T NAM\" \/>\n<meta property=\"article:modified_time\" content=\"2024-10-14T14:13:40+00:00\" \/>\n<meta property=\"og:image\" content=\"https:\/\/omanivietnam.com\/wp-content\/uploads\/2024\/10\/VP3145-045DZA-F.png\" \/>\n\t<meta property=\"og:image:width\" content=\"872\" \/>\n\t<meta property=\"og:image:height\" content=\"726\" \/>\n\t<meta property=\"og:image:type\" content=\"image\/png\" \/>\n<meta name=\"twitter:card\" content=\"summary_large_image\" \/>\n<meta name=\"twitter:label1\" content=\"\u01af\u1edbc t\u00ednh th\u1eddi gian \u0111\u1ecdc\" \/>\n\t<meta name=\"twitter:data1\" content=\"2 ph\u00fat\" \/>\n<script type=\"application\/ld+json\" class=\"yoast-schema-graph\">{\"@context\":\"https:\/\/schema.org\",\"@graph\":[{\"@type\":\"WebPage\",\"@id\":\"https:\/\/omanivietnam.com\/index.php\/san-pham\/smc-vp3145-045dza-f\/\",\"url\":\"https:\/\/omanivietnam.com\/index.php\/san-pham\/smc-vp3145-045dza-f\/\",\"name\":\"SMC VP3145-045DZA-F - OMANI VI\u1ec6T NAM\",\"isPartOf\":{\"@id\":\"https:\/\/omanivietnam.com\/#website\"},\"primaryImageOfPage\":{\"@id\":\"https:\/\/omanivietnam.com\/index.php\/san-pham\/smc-vp3145-045dza-f\/#primaryimage\"},\"image\":{\"@id\":\"https:\/\/omanivietnam.com\/index.php\/san-pham\/smc-vp3145-045dza-f\/#primaryimage\"},\"thumbnailUrl\":\"https:\/\/omanivietnam.com\/wp-content\/uploads\/2024\/10\/VP3145-045DZA-F.png\",\"datePublished\":\"2024-10-14T14:12:53+00:00\",\"dateModified\":\"2024-10-14T14:13:40+00:00\",\"breadcrumb\":{\"@id\":\"https:\/\/omanivietnam.com\/index.php\/san-pham\/smc-vp3145-045dza-f\/#breadcrumb\"},\"inLanguage\":\"vi\",\"potentialAction\":[{\"@type\":\"ReadAction\",\"target\":[\"https:\/\/omanivietnam.com\/index.php\/san-pham\/smc-vp3145-045dza-f\/\"]}]},{\"@type\":\"ImageObject\",\"inLanguage\":\"vi\",\"@id\":\"https:\/\/omanivietnam.com\/index.php\/san-pham\/smc-vp3145-045dza-f\/#primaryimage\",\"url\":\"https:\/\/omanivietnam.com\/wp-content\/uploads\/2024\/10\/VP3145-045DZA-F.png\",\"contentUrl\":\"https:\/\/omanivietnam.com\/wp-content\/uploads\/2024\/10\/VP3145-045DZA-F.png\",\"width\":872,\"height\":726},{\"@type\":\"BreadcrumbList\",\"@id\":\"https:\/\/omanivietnam.com\/index.php\/san-pham\/smc-vp3145-045dza-f\/#breadcrumb\",\"itemListElement\":[{\"@type\":\"ListItem\",\"position\":1,\"name\":\"Home\",\"item\":\"https:\/\/omanivietnam.com\/\"},{\"@type\":\"ListItem\",\"position\":2,\"name\":\"S\u1ea2N PH\u1ea8M\",\"item\":\"https:\/\/omanivietnam.com\/index.php\/cua-hang\/\"},{\"@type\":\"ListItem\",\"position\":3,\"name\":\"SMC VP3145-045DZA-F\"}]},{\"@type\":\"WebSite\",\"@id\":\"https:\/\/omanivietnam.com\/#website\",\"url\":\"https:\/\/omanivietnam.com\/\",\"name\":\"OMANI VI\u1ec6T NAM\",\"description\":\"Nh\u00e0 ph\u00e2n ph\u1ed1i thi\u1ebft b\u1ecb kh\u00ed n\u00e9n v\u00e0 thi\u1ebft b\u1ecb t\u1ef1 \u0111\u1ed9ng h\u00f3a trong c\u00f4ng nghi\u1ec7p\",\"publisher\":{\"@id\":\"https:\/\/omanivietnam.com\/#\/schema\/person\/0ad398a980dc3fd696111c2c5c8fa897\"},\"potentialAction\":[{\"@type\":\"SearchAction\",\"target\":{\"@type\":\"EntryPoint\",\"urlTemplate\":\"https:\/\/omanivietnam.com\/?s={search_term_string}\"},\"query-input\":\"required name=search_term_string\"}],\"inLanguage\":\"vi\"},{\"@type\":[\"Person\",\"Organization\"],\"@id\":\"https:\/\/omanivietnam.com\/#\/schema\/person\/0ad398a980dc3fd696111c2c5c8fa897\",\"name\":\"Nguy\u1ec5n V\u0103n Kh\u00e1nh\",\"image\":{\"@type\":\"ImageObject\",\"inLanguage\":\"vi\",\"@id\":\"https:\/\/omanivietnam.com\/#\/schema\/person\/image\/\",\"url\":\"https:\/\/omanivietnam.com\/wp-content\/uploads\/2024\/06\/logo-1024x1024.png\",\"contentUrl\":\"https:\/\/omanivietnam.com\/wp-content\/uploads\/2024\/06\/logo-1024x1024.png\",\"width\":1024,\"height\":1024,\"caption\":\"Nguy\u1ec5n V\u0103n Kh\u00e1nh\"},\"logo\":{\"@id\":\"https:\/\/omanivietnam.com\/#\/schema\/person\/image\/\"},\"sameAs\":[\"https:\/\/omanivietnam.com\"]}]}<\/script>\n<!-- \/ Yoast SEO plugin. -->","yoast_head_json":{"title":"SMC VP3145-045DZA-F - OMANI VI\u1ec6T NAM","robots":{"index":"index","follow":"follow","max-snippet":"max-snippet:-1","max-image-preview":"max-image-preview:large","max-video-preview":"max-video-preview:-1"},"canonical":"https:\/\/omanivietnam.com\/index.php\/san-pham\/smc-vp3145-045dza-f\/","og_locale":"vi_VN","og_type":"article","og_title":"SMC VP3145-045DZA-F - OMANI VI\u1ec6T NAM","og_description":"SMC VP3145-045DZA-F SMC VP3145-045DZA-N VP3145-045DZA-N-Q Large Size, 3-Port Solenoid Valve, Rubber Seal, VP3145\/3165\/3185 Series (VP3145-045DZA-N) Product Description [Features] \u30fb Large valve capacity and small exhaust resistor \u30fb Easy to switch between N.C. and N.O. \u30fb With the switching plate, it can be used for both N.C. and N.O. without changing&hellip;","og_url":"https:\/\/omanivietnam.com\/index.php\/san-pham\/smc-vp3145-045dza-f\/","og_site_name":"OMANI VI\u1ec6T NAM","article_modified_time":"2024-10-14T14:13:40+00:00","og_image":[{"width":872,"height":726,"url":"https:\/\/omanivietnam.com\/wp-content\/uploads\/2024\/10\/VP3145-045DZA-F.png","type":"image\/png"}],"twitter_card":"summary_large_image","twitter_misc":{"\u01af\u1edbc t\u00ednh th\u1eddi gian \u0111\u1ecdc":"2 ph\u00fat"},"schema":{"@context":"https:\/\/schema.org","@graph":[{"@type":"WebPage","@id":"https:\/\/omanivietnam.com\/index.php\/san-pham\/smc-vp3145-045dza-f\/","url":"https:\/\/omanivietnam.com\/index.php\/san-pham\/smc-vp3145-045dza-f\/","name":"SMC VP3145-045DZA-F - OMANI VI\u1ec6T NAM","isPartOf":{"@id":"https:\/\/omanivietnam.com\/#website"},"primaryImageOfPage":{"@id":"https:\/\/omanivietnam.com\/index.php\/san-pham\/smc-vp3145-045dza-f\/#primaryimage"},"image":{"@id":"https:\/\/omanivietnam.com\/index.php\/san-pham\/smc-vp3145-045dza-f\/#primaryimage"},"thumbnailUrl":"https:\/\/omanivietnam.com\/wp-content\/uploads\/2024\/10\/VP3145-045DZA-F.png","datePublished":"2024-10-14T14:12:53+00:00","dateModified":"2024-10-14T14:13:40+00:00","breadcrumb":{"@id":"https:\/\/omanivietnam.com\/index.php\/san-pham\/smc-vp3145-045dza-f\/#breadcrumb"},"inLanguage":"vi","potentialAction":[{"@type":"ReadAction","target":["https:\/\/omanivietnam.com\/index.php\/san-pham\/smc-vp3145-045dza-f\/"]}]},{"@type":"ImageObject","inLanguage":"vi","@id":"https:\/\/omanivietnam.com\/index.php\/san-pham\/smc-vp3145-045dza-f\/#primaryimage","url":"https:\/\/omanivietnam.com\/wp-content\/uploads\/2024\/10\/VP3145-045DZA-F.png","contentUrl":"https:\/\/omanivietnam.com\/wp-content\/uploads\/2024\/10\/VP3145-045DZA-F.png","width":872,"height":726},{"@type":"BreadcrumbList","@id":"https:\/\/omanivietnam.com\/index.php\/san-pham\/smc-vp3145-045dza-f\/#breadcrumb","itemListElement":[{"@type":"ListItem","position":1,"name":"Home","item":"https:\/\/omanivietnam.com\/"},{"@type":"ListItem","position":2,"name":"S\u1ea2N PH\u1ea8M","item":"https:\/\/omanivietnam.com\/index.php\/cua-hang\/"},{"@type":"ListItem","position":3,"name":"SMC VP3145-045DZA-F"}]},{"@type":"WebSite","@id":"https:\/\/omanivietnam.com\/#website","url":"https:\/\/omanivietnam.com\/","name":"OMANI VI\u1ec6T NAM","description":"Nh\u00e0 ph\u00e2n ph\u1ed1i thi\u1ebft b\u1ecb kh\u00ed n\u00e9n v\u00e0 thi\u1ebft b\u1ecb t\u1ef1 \u0111\u1ed9ng h\u00f3a trong c\u00f4ng nghi\u1ec7p","publisher":{"@id":"https:\/\/omanivietnam.com\/#\/schema\/person\/0ad398a980dc3fd696111c2c5c8fa897"},"potentialAction":[{"@type":"SearchAction","target":{"@type":"EntryPoint","urlTemplate":"https:\/\/omanivietnam.com\/?s={search_term_string}"},"query-input":"required name=search_term_string"}],"inLanguage":"vi"},{"@type":["Person","Organization"],"@id":"https:\/\/omanivietnam.com\/#\/schema\/person\/0ad398a980dc3fd696111c2c5c8fa897","name":"Nguy\u1ec5n V\u0103n Kh\u00e1nh","image":{"@type":"ImageObject","inLanguage":"vi","@id":"https:\/\/omanivietnam.com\/#\/schema\/person\/image\/","url":"https:\/\/omanivietnam.com\/wp-content\/uploads\/2024\/06\/logo-1024x1024.png","contentUrl":"https:\/\/omanivietnam.com\/wp-content\/uploads\/2024\/06\/logo-1024x1024.png","width":1024,"height":1024,"caption":"Nguy\u1ec5n V\u0103n Kh\u00e1nh"},"logo":{"@id":"https:\/\/omanivietnam.com\/#\/schema\/person\/image\/"},"sameAs":["https:\/\/omanivietnam.com"]}]}},"_links":{"self":[{"href":"https:\/\/omanivietnam.com\/index.php\/wp-json\/wp\/v2\/product\/2156","targetHints":{"allow":["GET"]}}],"collection":[{"href":"https:\/\/omanivietnam.com\/index.php\/wp-json\/wp\/v2\/product"}],"about":[{"href":"https:\/\/omanivietnam.com\/index.php\/wp-json\/wp\/v2\/types\/product"}],"replies":[{"embeddable":true,"href":"https:\/\/omanivietnam.com\/index.php\/wp-json\/wp\/v2\/comments?post=2156"}],"wp:featuredmedia":[{"embeddable":true,"href":"https:\/\/omanivietnam.com\/index.php\/wp-json\/wp\/v2\/media\/2157"}],"wp:attachment":[{"href":"https:\/\/omanivietnam.com\/index.php\/wp-json\/wp\/v2\/media?parent=2156"}],"wp:term":[{"taxonomy":"product_cat","embeddable":true,"href":"https:\/\/omanivietnam.com\/index.php\/wp-json\/wp\/v2\/product_cat?post=2156"},{"taxonomy":"product_tag","embeddable":true,"href":"https:\/\/omanivietnam.com\/index.php\/wp-json\/wp\/v2\/product_tag?post=2156"}],"curies":[{"name":"wp","href":"https:\/\/api.w.org\/{rel}","templated":true}]}}